{"id":19683,"date":"2022-08-17T10:44:05","date_gmt":"2022-08-17T10:44:05","guid":{"rendered":"https:\/\/tthcompany.ma\/?post_type=product&#038;p=19683"},"modified":"2022-12-24T11:06:16","modified_gmt":"2022-12-24T11:06:16","slug":"hac-hfw1200cm-a-poc","status":"publish","type":"product","link":"https:\/\/tthcompany.ma\/index.php\/product\/hac-hfw1200cm-a-poc\/","title":{"rendered":"HAC-HFW1200CM-A-POC"},"content":{"rendered":"<table id=\"table001\" class=\"NEW-TABLE TableOverride-1 tab-drag\">\n<tbody>\n<tr>\n<td colspan=\"60\">Cam\u00e9ra<\/td>\n<\/tr>\n<tr>\n<td colspan=\"18\">Capteur d&#8217;image<\/td>\n<td colspan=\"42\">CMOS 2MP<\/td>\n<\/tr>\n<tr>\n<td colspan=\"18\">Max.\u00a0R\u00e9solution<\/td>\n<td colspan=\"42\">1920 (H) \u00d7 1080 (V)<\/td>\n<\/tr>\n<tr>\n<td colspan=\"18\">Pixels<\/td>\n<td colspan=\"42\">2MP<\/td>\n<\/tr>\n<tr>\n<td colspan=\"18\">Syst\u00e8me de num\u00e9risation<\/td>\n<td colspan=\"42\">Progressive<\/td>\n<\/tr>\n<tr>\n<td colspan=\"18\">Vitesse d&#8217;obturation \u00e9lectronique<\/td>\n<td colspan=\"42\">PAL\u00a0: 1\/25\u00a0s\u20131\/100\u00a0000\u00a0s<\/p>\n<p>NTSC : 1\/30 s-1\/100000 s<\/td>\n<\/tr>\n<tr>\n<td colspan=\"18\">Rapport S\/B<\/td>\n<td colspan=\"42\"><span lang=\"zh-CN\">&gt; 65 dB<\/span><\/td>\n<\/tr>\n<tr>\n<td colspan=\"18\">Min.\u00a0\u00c9clairage<\/td>\n<td colspan=\"42\">0.02Lux\/F1.9, 30IRE, 0Lux IR activ\u00e9<\/td>\n<\/tr>\n<tr>\n<td colspan=\"18\">Distance d&#8217;\u00e9clairage<\/td>\n<td colspan=\"42\">30 m (98,4 pi)<\/td>\n<\/tr>\n<tr>\n<td colspan=\"18\">Contr\u00f4le marche\/arr\u00eat de l&#8217;illuminateur<\/td>\n<td colspan=\"42\">Auto;\u00a0Manuel<\/td>\n<\/tr>\n<tr>\n<td colspan=\"18\">Num\u00e9ro de l&#8217;illuminateur<\/td>\n<td colspan=\"42\">2 (lumi\u00e8re infrarouge)<\/td>\n<\/tr>\n<tr>\n<td colspan=\"18\">Plage de panoramique\/inclinaison\/rotation<\/td>\n<td colspan=\"42\">Panoramique\u00a0: 0\u00b0\u2013360\u00b0<\/p>\n<p>Inclinaison : 0\u00b0\u201390\u00b0<\/p>\n<p>Rotation : 0\u00b0\u2013360\u00b0<\/td>\n<\/tr>\n<tr>\n<td colspan=\"60\">Lentille<\/td>\n<\/tr>\n<tr>\n<td colspan=\"18\">Type d&#8217;objectif<\/td>\n<td colspan=\"42\">Lentille fixe<\/td>\n<\/tr>\n<tr>\n<td colspan=\"18\">Type de monture<\/td>\n<td colspan=\"42\">M12<\/td>\n<\/tr>\n<tr>\n<td colspan=\"18\">Distance focale<\/td>\n<td colspan=\"42\">2,8\u00a0mm\u00a0;\u00a03,6 mm<\/td>\n<\/tr>\n<tr>\n<td colspan=\"18\">Max.\u00a0Ouverture<\/td>\n<td colspan=\"42\">F1.9<\/td>\n<\/tr>\n<tr>\n<td colspan=\"18\">Champ de vision<\/td>\n<td colspan=\"42\">2,8 mm\u00a0:\u00a0D\u00a0:\u00a0119\u00b0, H\u00a0: 101\u00b0, V\u00a0: 54\u00b0<\/p>\n<p>3,6\u00a0mm\u00a0:\u00a0D\u00a0:\u00a0100\u00a0\u00b0\u00a0;\u00a0H:84\u00b0;V:45\u00b0<\/td>\n<\/tr>\n<tr>\n<td colspan=\"18\">Type d&#8217;iris<\/td>\n<td colspan=\"42\">Iris fixe<\/td>\n<\/tr>\n<tr>\n<td colspan=\"18\">Distance de mise au point rapproch\u00e9e<\/td>\n<td colspan=\"42\">2,8\u00a0mm\u00a0:\u00a00,5\u00a0m (1,6\u00a0pied)<\/p>\n<p>3,6 mm\u00a0: 0,8 m (2,6 pieds)<\/td>\n<\/tr>\n<tr>\n<td colspan=\"18\">Distance de DORI<\/td>\n<td colspan=\"42\">2,8\u00a0mm\u00a0:\u00a0D\u00a0: 38,6\u00a0m (126,6 pi)\u00a0;\u00a0O\u00a0:\u00a015,4\u00a0m (50,5\u00a0pi);\u00a0R\u00a0: 7,7\u00a0m (25,3\u00a0pi)\u00a0;\u00a0I\u00a0: 3,9\u00a0m (12,8\u00a0pi)<\/p>\n<p>3,6\u00a0mm\u00a0:\u00a0D\u00a0: 49,7\u00a0m (163,1\u00a0pi)\u00a0;\u00a0O\u00a0:\u00a019,9\u00a0m (65,3\u00a0pi);\u00a0R\u00a0: 9,9\u00a0m (32,5\u00a0pi);\u00a0I\u00a0:\u00a05\u00a0m (16,4\u00a0pi)<\/td>\n<\/tr>\n<tr>\n<td colspan=\"60\">Vid\u00e9o<\/td>\n<\/tr>\n<tr>\n<td colspan=\"18\">Fr\u00e9quence d&#8217;images<\/td>\n<td colspan=\"42\">CVI\u00a0:<\/p>\n<p>1080P@25\/30fps\u00a0;<\/p>\n<p>720P@25\/30fps\u00a0;<\/p>\n<p>AHD\u00a0:<\/p>\n<p>1080P@25\/30fps\u00a0;<\/p>\n<p>720P@25\/30fps\u00a0;<\/p>\n<p>TVI\u00a0:<\/p>\n<p>1080P@25\/30fps\u00a0;<\/p>\n<p>720P@25\/30fps\u00a0;<\/p>\n<p>CVBS : 960H<\/td>\n<\/tr>\n<tr>\n<td colspan=\"18\">R\u00e9solution<\/td>\n<td colspan=\"42\">1080P (1920 \u00d7 1080);\u00a0720P (1280\u00d7720) ;\u00a0960H (960\u00d7576\/960\u00d7480)<\/td>\n<\/tr>\n<tr>\n<td colspan=\"18\">Jour Nuit<\/td>\n<td colspan=\"42\">Commutation automatique par ICR<\/td>\n<\/tr>\n<tr>\n<td colspan=\"18\">BLC<\/td>\n<td colspan=\"42\">BLC\/DWDR\/HLC<\/td>\n<\/tr>\n<tr>\n<td colspan=\"18\">Balance des blancs<\/td>\n<td colspan=\"42\">BM auto\/zone<\/td>\n<\/tr>\n<tr>\n<td colspan=\"18\">Prendre le contr\u00f4le<\/td>\n<td colspan=\"42\">Auto;\u00a0Manuel<\/td>\n<\/tr>\n<tr>\n<td colspan=\"18\">R\u00e9duction de bruit<\/td>\n<td colspan=\"42\">NR 2D<\/td>\n<\/tr>\n<tr>\n<td colspan=\"18\">IR intelligent<\/td>\n<td colspan=\"42\">Oui<\/td>\n<\/tr>\n<tr>\n<td colspan=\"18\">Miroir<\/td>\n<td colspan=\"42\">\u00c9teint allum\u00e9<\/td>\n<\/tr>\n<tr>\n<td colspan=\"18\">Masquage de confidentialit\u00e9<\/td>\n<td colspan=\"42\">Off\/On (8 zone, rectangle)<\/td>\n<\/tr>\n<tr>\n<td colspan=\"60\">Certifications<\/td>\n<\/tr>\n<tr>\n<td colspan=\"18\">Certifications<\/td>\n<td colspan=\"42\">CE (EN55032, EN55024, EN50130-4)<\/p>\n<p>FCC (CFR 47 FCC partie 15 sous-partie B, ANSI C63.4-2014)<\/p>\n<p>UL (UL60950-1+CAN\/CSA C22.2 No.60950-1)<\/td>\n<\/tr>\n<tr>\n<td colspan=\"60\">Port<\/td>\n<\/tr>\n<tr>\n<td colspan=\"18\">Sortie vid\u00e9o<\/td>\n<td colspan=\"42\">Choix de sortie vid\u00e9o de CVI\/TVI\/AHD\/CVBS par un port BNC<\/td>\n<\/tr>\n<tr>\n<td colspan=\"18\">Entr\u00e9e audio<\/td>\n<td colspan=\"42\">Micro int\u00e9gr\u00e9 \u00e0 un canal<\/td>\n<\/tr>\n<tr>\n<td colspan=\"60\">Puissance<\/td>\n<\/tr>\n<tr>\n<td colspan=\"18\">Source de courant<\/td>\n<td colspan=\"42\">POC (uniquement CVI)\/12V\u00b130% DC<\/td>\n<\/tr>\n<tr>\n<td colspan=\"18\">Consommation d&#8217;\u00e9nergie<\/td>\n<td colspan=\"42\">Max 2,8 W (12 V CC, IR activ\u00e9)\u00a0;\u00a0POC (FA)<\/td>\n<\/tr>\n<tr>\n<td colspan=\"60\">Environnement<\/td>\n<\/tr>\n<tr>\n<td colspan=\"18\">Temp\u00e9rature de fonctionnement<\/td>\n<td colspan=\"42\">\u201340\u00b0C \u00e0 +60\u00b0C (\u201340\u00b0F \u00e0 140\u00b0F) ;\ufe64 95%<\/p>\n<p>(sans condensation)<\/td>\n<\/tr>\n<tr>\n<td colspan=\"18\">Temp\u00e9rature de stockage<\/td>\n<td colspan=\"42\">\u201340\u00b0C \u00e0 +60\u00b0C (\u201340\u00b0F \u00e0 140\u00b0F) ;\ufe64 95%<\/p>\n<p>(sans condensation)<\/td>\n<\/tr>\n<tr>\n<td colspan=\"18\">Niveau de protection<\/td>\n<td colspan=\"42\">IP67<\/td>\n<\/tr>\n<tr>\n<td colspan=\"60\">Structure<\/td>\n<\/tr>\n<tr>\n<td colspan=\"18\">Enveloppe<\/td>\n<td colspan=\"42\">M\u00e9tal dans tout le bo\u00eetier<\/td>\n<\/tr>\n<tr>\n<td colspan=\"18\">Dimensions de la cam\u00e9ra<\/td>\n<td colspan=\"42\">161,3 mm \u00d7 69,7 mm \u00d7 70,0 mm (6,35&#8243; \u00d7 2,75&#8243; \u00d7 2,75&#8243;)<\/td>\n<\/tr>\n<tr>\n<td colspan=\"18\">Poids net<\/td>\n<td colspan=\"42\">0,35 kg (0,8 livre)<\/td>\n<\/tr>\n<tr>\n<td colspan=\"18\">Poids brut<\/td>\n<td colspan=\"42\">0,45 kg (1,0 livre<\/td>\n<\/tr>\n<\/tbody>\n<\/table>\n","protected":false},"excerpt":{"rendered":"<h1 class=\"text\" data-gtm-vis-has-fired-10552706_181=\"1\" data-gtm-vis-recent-on-screen-10552706_184=\"368\" data-gtm-vis-first-on-screen-10552706_184=\"368\" data-gtm-vis-total-visible-time-10552706_184=\"100\" data-gtm-vis-has-fired-10552706_184=\"1\" data-gtm-vis-recent-on-screen-10552706_192=\"368\" data-gtm-vis-first-on-screen-10552706_192=\"368\" data-gtm-vis-total-visible-time-10552706_192=\"100\" data-gtm-vis-has-fired-10552706_192=\"1\" data-gtm-vis-recent-on-screen-10552706_193=\"371\" data-gtm-vis-first-on-screen-10552706_193=\"371\" data-gtm-vis-total-visible-time-10552706_193=\"100\" data-gtm-vis-has-fired-10552706_193=\"1\" data-gtm-vis-recent-on-screen-10552706_194=\"373\" data-gtm-vis-first-on-screen-10552706_194=\"373\" data-gtm-vis-total-visible-time-10552706_194=\"100\" data-gtm-vis-has-fired-10552706_194=\"1\" data-gtm-vis-has-fired-10552706_195=\"1\" data-gtm-vis-recent-on-screen-10552706_196=\"375\" data-gtm-vis-first-on-screen-10552706_196=\"375\" data-gtm-vis-total-visible-time-10552706_196=\"100\" data-gtm-vis-has-fired-10552706_196=\"1\" data-gtm-vis-recent-on-screen-10552706_217=\"375\" data-gtm-vis-first-on-screen-10552706_217=\"375\" data-gtm-vis-total-visible-time-10552706_217=\"100\" data-gtm-vis-has-fired-10552706_217=\"1\"><span style=\"font-size: 12pt;\">Cam\u00e9ra Bullet IR Fixe HDCVI POC 2MP<img decoding=\"async\" class=\"alignnone size-medium wp-image-8618\" src=\"http:\/\/tthcompany.com\/wp-content\/uploads\/2021\/12\/20211018162745_69589-300x67.png\" alt=\"\" width=\"300\" height=\"67\" \/><\/span><\/h1>\n<ul>\n<li>Max 30 ips@1080P.<\/li>\n<li>Objectif fixe 3,6 mm (2,8 mm en option).<\/li>\n<li>Commutable CVI\/CVBS\/AHD\/TVI.<\/li>\n<li>Micro int\u00e9gr\u00e9.<\/li>\n<li>Max. Longueur IR 30m, Smart IR.<\/li>\n<li>IP67, PoC (uniquement CVI)\/12V\u00b130% DC.<\/li>\n<\/ul>\n","protected":false},"featured_media":19713,"comment_status":"closed","ping_status":"closed","template":"","meta":{"om_disable_all_campaigns":false,"_monsterinsights_skip_tracking":false,"_monsterinsights_sitenote_active":false,"_monsterinsights_sitenote_note":"","_monsterinsights_sitenote_category":0},"product_cat":[421,251,234,186],"product_tag":[],"class_list":{"0":"post-19683","1":"product","2":"type-product","3":"status-publish","4":"has-post-thumbnail","6":"product_cat-2mp","7":"product_cat-cameras-2mp","8":"product_cat-cameras-hdcvi","9":"product_cat-produits-hdcvi","11":"first","12":"instock","13":"shipping-taxable","14":"purchasable","15":"product-type-simple","16":"add-to-wishlist-after_add_to_cart"},"aioseo_notices":[],"_links":{"self":[{"href":"https:\/\/tthcompany.ma\/index.php\/wp-json\/wp\/v2\/product\/19683","targetHints":{"allow":["GET"]}}],"collection":[{"href":"https:\/\/tthcompany.ma\/index.php\/wp-json\/wp\/v2\/product"}],"about":[{"href":"https:\/\/tthcompany.ma\/index.php\/wp-json\/wp\/v2\/types\/product"}],"replies":[{"embeddable":true,"href":"https:\/\/tthcompany.ma\/index.php\/wp-json\/wp\/v2\/comments?post=19683"}],"wp:featuredmedia":[{"embeddable":true,"href":"https:\/\/tthcompany.ma\/index.php\/wp-json\/wp\/v2\/media\/19713"}],"wp:attachment":[{"href":"https:\/\/tthcompany.ma\/index.php\/wp-json\/wp\/v2\/media?parent=19683"}],"wp:term":[{"taxonomy":"product_cat","embeddable":true,"href":"https:\/\/tthcompany.ma\/index.php\/wp-json\/wp\/v2\/product_cat?post=19683"},{"taxonomy":"product_tag","embeddable":true,"href":"https:\/\/tthcompany.ma\/index.php\/wp-json\/wp\/v2\/product_tag?post=19683"}],"curies":[{"name":"wp","href":"https:\/\/api.w.org\/{rel}","templated":true}]}}