{"id":19682,"date":"2022-08-17T10:44:05","date_gmt":"2022-08-17T10:44:05","guid":{"rendered":"https:\/\/tthcompany.ma\/?post_type=product&#038;p=19682"},"modified":"2022-12-24T11:07:09","modified_gmt":"2022-12-24T11:07:09","slug":"pfs3006-4et-60","status":"publish","type":"product","link":"https:\/\/tthcompany.ma\/index.php\/product\/pfs3006-4et-60\/","title":{"rendered":"PFS3006-4ET-60"},"content":{"rendered":"<table id=\"table001\" class=\"NEW-TABLE TableOverride-1 tab-drag\">\n<tbody>\n<tr>\n<td colspan=\"60\">Mat\u00e9riel<\/td>\n<\/tr>\n<tr>\n<td colspan=\"18\">Port Ethernet<\/td>\n<td colspan=\"42\">4<\/td>\n<\/tr>\n<tr>\n<td colspan=\"18\">Port optique<\/td>\n<td colspan=\"42\">0<\/td>\n<\/tr>\n<tr>\n<td colspan=\"18\">D\u00e9bit du port Ethernet<\/td>\n<td colspan=\"42\">100 Mbps<\/td>\n<\/tr>\n<tr>\n<td colspan=\"18\">Nombre d&#8217;emplacements pour cartes de visite<\/td>\n<td colspan=\"42\">Ports 1\u20134\u00a0: 4 \u00d7 RJ-45 10\/100 M (PoE)<br \/>\nPorts 5\u20136\u00a0: 2 \u00d7 RJ-45 10\/100 M (liaison montante)<\/td>\n<\/tr>\n<tr>\n<td colspan=\"18\">Source de courant<\/td>\n<td colspan=\"42\">53V CC<\/td>\n<\/tr>\n<tr>\n<td colspan=\"18\">Temp\u00e9rature de fonctionnement<\/td>\n<td colspan=\"42\">\u201310\u00a0\u00b0C\u00a0\u00e0 +55\u00a0\u00b0C\u00a0(+14 \u00b0F \u00e0 +131 \u00b0F)<\/td>\n<\/tr>\n<tr>\n<td colspan=\"18\">humidit\u00e9 d&#8217;exploitation<\/td>\n<td colspan=\"42\">5%-95%<\/td>\n<\/tr>\n<tr>\n<td colspan=\"18\">Temp\u00e9rature de stockage<\/td>\n<td colspan=\"42\">\u201320\u00a0\u00b0C\u00a0\u00e0 +70\u00a0\u00b0C\u00a0(\u20134 \u00b0F \u00e0 +158 \u00b0F)<\/td>\n<\/tr>\n<tr>\n<td colspan=\"18\">Humidit\u00e9 de stockage<\/td>\n<td colspan=\"42\">5%-95%<\/td>\n<\/tr>\n<tr>\n<td colspan=\"18\">Consommation d&#8217;\u00e9nergie<\/td>\n<td colspan=\"42\">Ralenti : 1.5W<br \/>\nPleine charge : 60W<\/td>\n<\/tr>\n<tr>\n<td colspan=\"60\">Performance<\/td>\n<\/tr>\n<tr>\n<td colspan=\"18\">Capacit\u00e9 de commutation<\/td>\n<td colspan=\"42\">1,80 Gbit\/s<\/td>\n<\/tr>\n<tr>\n<td colspan=\"18\">Taux de transfert de paquets<\/td>\n<td colspan=\"42\">0,89 Mpp<\/td>\n<\/tr>\n<tr>\n<td colspan=\"18\">Taille du tampon de paquet<\/td>\n<td colspan=\"42\">1 Mbit<\/td>\n<\/tr>\n<tr>\n<td colspan=\"18\">Taille de la table MAC<\/td>\n<td colspan=\"42\">2K<\/td>\n<\/tr>\n<tr>\n<td colspan=\"18\">Norme de communication<\/td>\n<td colspan=\"42\">IEEE802.3, IEEE802.3u, IEEE802.3x<\/td>\n<\/tr>\n<tr>\n<td colspan=\"60\">PoE<\/td>\n<\/tr>\n<tr>\n<td colspan=\"18\">Norme PoE<\/td>\n<td colspan=\"42\">IEEE802.3af\/IEEE802.3at\/Hi-PoE<\/td>\n<\/tr>\n<tr>\n<td colspan=\"18\">Alimentation PoE<\/td>\n<td colspan=\"42\">60W<\/td>\n<\/tr>\n<tr>\n<td colspan=\"18\">Gestion de la consommation \u00e9lectrique PoE<\/td>\n<td colspan=\"42\">Oui<\/td>\n<\/tr>\n<tr>\n<td colspan=\"18\">Affectation des broches PoE<\/td>\n<td colspan=\"42\">PoE\/Hi-PoE\u00a0: 1, 2, 4, 5 (V+), 3, 6, 7, 8 (V-)<\/td>\n<\/tr>\n<tr>\n<td colspan=\"18\">Mode distance lointaine<\/td>\n<td colspan=\"42\">250\u00a0m \u00e0 10\u00a0Mbit\/s<\/td>\n<\/tr>\n<tr>\n<td colspan=\"60\">G\u00e9n\u00e9ral<\/td>\n<\/tr>\n<tr>\n<td colspan=\"18\">DES<\/td>\n<td colspan=\"42\">D\u00e9charge dans l&#8217;air : 8kV<br \/>\nD\u00e9charge au contact : 6kV<\/td>\n<\/tr>\n<tr>\n<td colspan=\"18\">\u00c0 l&#8217;\u00e9preuve du tonnerre<\/td>\n<td colspan=\"42\">Mode commun : 2kV<br \/>\nMode diff\u00e9rentiel : 1kV<\/td>\n<\/tr>\n<tr>\n<td colspan=\"18\">Poids net<\/td>\n<td colspan=\"42\">0,3 kg (0,66 livre)<\/td>\n<\/tr>\n<tr>\n<td colspan=\"18\">Poids brut<\/td>\n<td colspan=\"42\">0,9 kg (1,98 lb)<\/td>\n<\/tr>\n<tr>\n<td colspan=\"18\">dimensions du produit<\/td>\n<td colspan=\"42\">130 mm \u00d7 85 mm \u00d7 26 mm (5,12&#8243; \u00d7 3,35&#8243; \u00d7 1,02&#8243;)<\/td>\n<\/tr>\n<tr>\n<td colspan=\"18\">Dimensions de l&#8217;emballage<\/td>\n<td colspan=\"42\">267 mm \u00d7 239 mm \u00d7 77 mm (10,51&#8243; \u00d7 9,41&#8243; \u00d7 3,03&#8243;)<\/td>\n<\/tr>\n<\/tbody>\n<\/table>\n","protected":false},"excerpt":{"rendered":"<h1 class=\"text\" data-gtm-vis-has-fired-10552706_181=\"1\" data-gtm-vis-recent-on-screen-10552706_184=\"428\" data-gtm-vis-first-on-screen-10552706_184=\"428\" data-gtm-vis-total-visible-time-10552706_184=\"100\" data-gtm-vis-has-fired-10552706_184=\"1\" data-gtm-vis-recent-on-screen-10552706_192=\"429\" data-gtm-vis-first-on-screen-10552706_192=\"429\" data-gtm-vis-total-visible-time-10552706_192=\"100\" data-gtm-vis-has-fired-10552706_192=\"1\" data-gtm-vis-recent-on-screen-10552706_193=\"430\" data-gtm-vis-first-on-screen-10552706_193=\"430\" data-gtm-vis-total-visible-time-10552706_193=\"100\" data-gtm-vis-has-fired-10552706_193=\"1\" data-gtm-vis-recent-on-screen-10552706_194=\"431\" data-gtm-vis-first-on-screen-10552706_194=\"431\" data-gtm-vis-total-visible-time-10552706_194=\"100\" data-gtm-vis-has-fired-10552706_194=\"1\" data-gtm-vis-has-fired-10552706_195=\"1\" data-gtm-vis-recent-on-screen-10552706_196=\"432\" data-gtm-vis-first-on-screen-10552706_196=\"432\" data-gtm-vis-total-visible-time-10552706_196=\"100\" data-gtm-vis-has-fired-10552706_196=\"1\" data-gtm-vis-recent-on-screen-10552706_217=\"434\" data-gtm-vis-first-on-screen-10552706_217=\"434\" data-gtm-vis-total-visible-time-10552706_217=\"100\" data-gtm-vis-has-fired-10552706_217=\"1\"><span style=\"font-size: 12pt;\">Commutateur de bureau non g\u00e9r\u00e9 \u00e0 6 ports 10\/100 Mbps a<img decoding=\"async\" class=\"alignnone size-medium wp-image-8615\" src=\"http:\/\/tthcompany.com\/wp-content\/uploads\/2021\/12\/20210412100814_37578-300x33.png\" alt=\"\" width=\"300\" height=\"33\" \/>vec 4 ports PoE<\/span><\/h1>\n<div data-v-5fe8c490=\"\">\n<ul>\n<li>* Les param\u00e8tres et fiches techniques ci-dessous ne s&#8217;appliquent qu&#8217;\u00e0 la V2.0 (version 2.0)<\/li>\n<li>Commutateur commercial de couche deux<\/li>\n<li>Prend en charge les normes IEEE802.3, IEEE802.3u, IEEE802.3ab et IEEE802.3x<\/li>\n<li>Auto-adaptation MDI\/MDIX<\/li>\n<li>Le port RJ-45 prend en charge l&#8217;auto-adaptation 10\/100 Mbps et confirme l&#8217;alimentation 802.3at et 802.3af standards<\/li>\n<li>Le port 1 prend en charge l&#8217;alimentation Hi-PoE 60W<\/li>\n<li>Alimentation\u00a0PoE 250 m<\/li>\n<li>Montage mural et antivol m\u00e9canique<\/li>\n<li>Alimentation 53V DC<\/li>\n<li>Prend en charge le chien de garde PoE<\/li>\n<\/ul>\n<\/div>\n","protected":false},"featured_media":19712,"comment_status":"closed","ping_status":"closed","template":"","meta":{"om_disable_all_campaigns":false,"_monsterinsights_skip_tracking":false,"_monsterinsights_sitenote_active":false,"_monsterinsights_sitenote_note":"","_monsterinsights_sitenote_category":0},"product_cat":[330],"product_tag":[],"class_list":{"0":"post-19682","1":"product","2":"type-product","3":"status-publish","4":"has-post-thumbnail","6":"product_cat-switch-poe","8":"first","9":"instock","10":"shipping-taxable","11":"purchasable","12":"product-type-simple","13":"add-to-wishlist-after_add_to_cart"},"aioseo_notices":[],"_links":{"self":[{"href":"https:\/\/tthcompany.ma\/index.php\/wp-json\/wp\/v2\/product\/19682","targetHints":{"allow":["GET"]}}],"collection":[{"href":"https:\/\/tthcompany.ma\/index.php\/wp-json\/wp\/v2\/product"}],"about":[{"href":"https:\/\/tthcompany.ma\/index.php\/wp-json\/wp\/v2\/types\/product"}],"replies":[{"embeddable":true,"href":"https:\/\/tthcompany.ma\/index.php\/wp-json\/wp\/v2\/comments?post=19682"}],"wp:featuredmedia":[{"embeddable":true,"href":"https:\/\/tthcompany.ma\/index.php\/wp-json\/wp\/v2\/media\/19712"}],"wp:attachment":[{"href":"https:\/\/tthcompany.ma\/index.php\/wp-json\/wp\/v2\/media?parent=19682"}],"wp:term":[{"taxonomy":"product_cat","embeddable":true,"href":"https:\/\/tthcompany.ma\/index.php\/wp-json\/wp\/v2\/product_cat?post=19682"},{"taxonomy":"product_tag","embeddable":true,"href":"https:\/\/tthcompany.ma\/index.php\/wp-json\/wp\/v2\/product_tag?post=19682"}],"curies":[{"name":"wp","href":"https:\/\/api.w.org\/{rel}","templated":true}]}}