{"id":19650,"date":"2022-08-17T10:43:57","date_gmt":"2022-08-17T10:43:57","guid":{"rendered":"https:\/\/tthcompany.ma\/?post_type=product&#038;p=19650"},"modified":"2023-09-26T08:31:28","modified_gmt":"2023-09-26T08:31:28","slug":"asr1100b-asr1100b-d","status":"publish","type":"product","link":"https:\/\/tthcompany.ma\/index.php\/product\/asr1100b-asr1100b-d\/","title":{"rendered":"ASR1100B ASR1100B-D"},"content":{"rendered":"<table id=\"table001\" class=\"NEW-TABLE TableOverride-1 tab-drag\">\n<tbody>\n<tr>\n<td colspan=\"60\">\n<p data-gtm-vis-first-on-screen-10552706_217=\"84556\" data-gtm-vis-first-on-screen-10552706_184=\"84562\">Sp\u00e9cification technique<\/p>\n<\/td>\n<\/tr>\n<tr>\n<td colspan=\"18\">\n<p data-gtm-vis-first-on-screen-10552706_217=\"84558\" data-gtm-vis-first-on-screen-10552706_184=\"84563\">Mode<\/p>\n<\/td>\n<td colspan=\"21\">\n<p data-gtm-vis-first-on-screen-10552706_217=\"84559\" data-gtm-vis-first-on-screen-10552706_184=\"84564\">ASR1100B<\/p>\n<\/td>\n<td colspan=\"21\">\n<p data-gtm-vis-first-on-screen-10552706_217=\"84560\" data-gtm-vis-first-on-screen-10552706_184=\"84565\">ASR1100B-D<\/p>\n<\/td>\n<\/tr>\n<tr>\n<td colspan=\"60\">\n<p data-gtm-vis-first-on-screen-10552706_217=\"84561\" data-gtm-vis-first-on-screen-10552706_184=\"84566\">Syst\u00e8me<\/p>\n<\/td>\n<\/tr>\n<tr>\n<td colspan=\"18\">\n<p data-gtm-vis-first-on-screen-10552706_217=\"84594\" data-gtm-vis-first-on-screen-10552706_184=\"84598\">Processeur principal<\/p>\n<\/td>\n<td colspan=\"42\">\n<p data-gtm-vis-first-on-screen-10552706_217=\"84595\" data-gtm-vis-first-on-screen-10552706_184=\"84599\">8 bits<\/p>\n<\/td>\n<\/tr>\n<tr>\n<td colspan=\"60\">\n<p data-gtm-vis-first-on-screen-10552706_217=\"84595\" data-gtm-vis-first-on-screen-10552706_184=\"84599\">Lire<\/p>\n<\/td>\n<\/tr>\n<tr>\n<td colspan=\"18\">\n<p data-gtm-vis-first-on-screen-10552706_217=\"84595\" data-gtm-vis-first-on-screen-10552706_184=\"84599\">Format de lecture<\/p>\n<\/td>\n<td colspan=\"21\">\n<p data-gtm-vis-first-on-screen-10552706_217=\"84596\" data-gtm-vis-first-on-screen-10552706_184=\"84602\">13.56MHz<\/p>\n<\/td>\n<td colspan=\"21\">\n<p data-gtm-vis-first-on-screen-10552706_217=\"84596\" data-gtm-vis-first-on-screen-10552706_184=\"84602\">125KHz<\/p>\n<\/td>\n<\/tr>\n<tr>\n<td colspan=\"18\">\n<p data-gtm-vis-first-on-screen-10552706_217=\"84597\" data-gtm-vis-first-on-screen-10552706_184=\"84602\">Lire la plage<\/p>\n<\/td>\n<td colspan=\"42\">\n<p data-gtm-vis-first-on-screen-10552706_217=\"84597\" data-gtm-vis-first-on-screen-10552706_184=\"84603\">1cm-9cm (max.)<\/p>\n<\/td>\n<\/tr>\n<tr>\n<td colspan=\"18\">\n<p data-gtm-vis-first-on-screen-10552706_217=\"84642\" data-gtm-vis-first-on-screen-10552706_184=\"84646\">Temps de lecture<\/p>\n<\/td>\n<td colspan=\"42\">\n<p data-gtm-vis-first-on-screen-10552706_217=\"84643\" data-gtm-vis-first-on-screen-10552706_184=\"84646\">&lt;0.1s<\/p>\n<\/td>\n<\/tr>\n<tr>\n<td colspan=\"60\">\n<p data-gtm-vis-first-on-screen-10552706_217=\"84644\" data-gtm-vis-first-on-screen-10552706_184=\"84646\">Interface<\/p>\n<\/td>\n<\/tr>\n<tr>\n<td colspan=\"18\">\n<p data-gtm-vis-first-on-screen-10552706_217=\"84645\" data-gtm-vis-first-on-screen-10552706_184=\"84647\">Au contr\u00f4leur<\/p>\n<\/td>\n<td colspan=\"42\">\n<p data-gtm-vis-first-on-screen-10552706_217=\"84645\" data-gtm-vis-first-on-screen-10552706_184=\"84647\"><span lang=\"zh-CN\">RS485, Wiegand34 (Wiegand 26 en option)<\/span><\/p>\n<\/td>\n<\/tr>\n<tr>\n<td colspan=\"60\">\n<p data-gtm-vis-first-on-screen-10552706_217=\"112028\" data-gtm-vis-first-on-screen-10552706_184=\"112030\">G\u00e9n\u00e9ral<\/p>\n<\/td>\n<\/tr>\n<tr>\n<td colspan=\"18\">\n<p data-gtm-vis-first-on-screen-10552706_217=\"112029\" data-gtm-vis-first-on-screen-10552706_184=\"112031\">Affichage LED<\/p>\n<\/td>\n<td colspan=\"42\">\n<p data-gtm-vis-first-on-screen-10552706_217=\"112029\" data-gtm-vis-first-on-screen-10552706_184=\"112031\">R\u00e9tro-\u00e9clairage bleu<\/p>\n<\/td>\n<\/tr>\n<tr>\n<td colspan=\"18\">\n<p data-gtm-vis-first-on-screen-10552706_217=\"112053\" data-gtm-vis-first-on-screen-10552706_184=\"112056\">Bip sonore<\/p>\n<\/td>\n<td colspan=\"42\">\n<p data-gtm-vis-first-on-screen-10552706_217=\"112054\" data-gtm-vis-first-on-screen-10552706_184=\"112056\">Avertisseur sonore<\/p>\n<\/td>\n<\/tr>\n<tr>\n<td colspan=\"18\">\n<p data-gtm-vis-first-on-screen-10552706_217=\"112054\" data-gtm-vis-first-on-screen-10552706_184=\"112056\" data-gtm-vis-recent-on-screen-10552706_217=\"117320\" data-gtm-vis-total-visible-time-10552706_217=\"100\" data-gtm-vis-has-fired-10552706_217=\"1\" data-gtm-vis-recent-on-screen-10552706_184=\"117322\" data-gtm-vis-total-visible-time-10552706_184=\"100\" data-gtm-vis-has-fired-10552706_184=\"1\">Protection contre la p\u00e9n\u00e9tration<\/p>\n<\/td>\n<td colspan=\"42\">\n<p data-gtm-vis-first-on-screen-10552706_217=\"112055\" data-gtm-vis-first-on-screen-10552706_184=\"112057\" data-gtm-vis-recent-on-screen-10552706_217=\"117320\" data-gtm-vis-total-visible-time-10552706_217=\"100\" data-gtm-vis-has-fired-10552706_217=\"1\" data-gtm-vis-recent-on-screen-10552706_184=\"117322\" data-gtm-vis-total-visible-time-10552706_184=\"100\" data-gtm-vis-has-fired-10552706_184=\"1\">IP67, r\u00e9sistant \u00e0 l&#8217;eau<\/p>\n<\/td>\n<\/tr>\n<tr>\n<td colspan=\"18\">\n<p data-gtm-vis-first-on-screen-10552706_217=\"112055\" data-gtm-vis-first-on-screen-10552706_184=\"112057\" data-gtm-vis-recent-on-screen-10552706_217=\"117320\" data-gtm-vis-total-visible-time-10552706_217=\"100\" data-gtm-vis-has-fired-10552706_217=\"1\" data-gtm-vis-recent-on-screen-10552706_184=\"117322\" data-gtm-vis-total-visible-time-10552706_184=\"100\" data-gtm-vis-has-fired-10552706_184=\"1\">Source de courant<\/p>\n<\/td>\n<td colspan=\"42\">\n<p data-gtm-vis-first-on-screen-10552706_217=\"112055\" data-gtm-vis-first-on-screen-10552706_184=\"112057\" data-gtm-vis-recent-on-screen-10552706_217=\"117321\" data-gtm-vis-total-visible-time-10552706_217=\"100\" data-gtm-vis-has-fired-10552706_217=\"1\" data-gtm-vis-recent-on-screen-10552706_184=\"117322\" data-gtm-vis-total-visible-time-10552706_184=\"100\" data-gtm-vis-has-fired-10552706_184=\"1\">9V-15V CC\/100mA<\/p>\n<\/td>\n<\/tr>\n<tr>\n<td colspan=\"18\">\n<p data-gtm-vis-first-on-screen-10552706_217=\"112076\" data-gtm-vis-first-on-screen-10552706_184=\"112080\" data-gtm-vis-recent-on-screen-10552706_217=\"119156\" data-gtm-vis-total-visible-time-10552706_217=\"100\" data-gtm-vis-has-fired-10552706_217=\"1\" data-gtm-vis-recent-on-screen-10552706_184=\"119157\" data-gtm-vis-total-visible-time-10552706_184=\"100\" data-gtm-vis-has-fired-10552706_184=\"1\">Temp\u00e9rature de fonctionnement<\/p>\n<\/td>\n<td colspan=\"42\">\n<p data-gtm-vis-first-on-screen-10552706_217=\"112077\" data-gtm-vis-first-on-screen-10552706_184=\"112080\" data-gtm-vis-recent-on-screen-10552706_217=\"119156\" data-gtm-vis-total-visible-time-10552706_217=\"100\" data-gtm-vis-has-fired-10552706_217=\"1\" data-gtm-vis-recent-on-screen-10552706_184=\"119157\" data-gtm-vis-total-visible-time-10552706_184=\"100\" data-gtm-vis-has-fired-10552706_184=\"1\">-30\u00b0C \u00e0 +60\u00b0C<\/p>\n<\/td>\n<\/tr>\n<tr>\n<td colspan=\"18\">\n<p data-gtm-vis-first-on-screen-10552706_217=\"112078\" data-gtm-vis-first-on-screen-10552706_184=\"112080\" data-gtm-vis-recent-on-screen-10552706_217=\"119190\" data-gtm-vis-total-visible-time-10552706_217=\"100\" data-gtm-vis-has-fired-10552706_217=\"1\" data-gtm-vis-recent-on-screen-10552706_184=\"119190\" data-gtm-vis-total-visible-time-10552706_184=\"100\" data-gtm-vis-has-fired-10552706_184=\"1\">Humidit\u00e9 de travail<\/p>\n<\/td>\n<td colspan=\"42\">\n<p data-gtm-vis-first-on-screen-10552706_217=\"112078\" data-gtm-vis-first-on-screen-10552706_184=\"112080\" data-gtm-vis-recent-on-screen-10552706_217=\"119190\" data-gtm-vis-total-visible-time-10552706_217=\"100\" data-gtm-vis-has-fired-10552706_217=\"1\" data-gtm-vis-recent-on-screen-10552706_184=\"119191\" data-gtm-vis-total-visible-time-10552706_184=\"100\" data-gtm-vis-has-fired-10552706_184=\"1\">95%<\/p>\n<\/td>\n<\/tr>\n<tr>\n<td colspan=\"18\">\n<p data-gtm-vis-first-on-screen-10552706_217=\"112078\" data-gtm-vis-first-on-screen-10552706_184=\"112081\" data-gtm-vis-recent-on-screen-10552706_217=\"119222\" data-gtm-vis-total-visible-time-10552706_217=\"100\" data-gtm-vis-has-fired-10552706_217=\"1\" data-gtm-vis-recent-on-screen-10552706_184=\"119224\" data-gtm-vis-total-visible-time-10552706_184=\"100\" data-gtm-vis-has-fired-10552706_184=\"1\">Dimensions (L \u00d7 P \u00d7 H)<\/p>\n<\/td>\n<td colspan=\"42\">\n<p data-gtm-vis-first-on-screen-10552706_217=\"112079\" data-gtm-vis-first-on-screen-10552706_184=\"112081\" data-gtm-vis-recent-on-screen-10552706_217=\"119222\" data-gtm-vis-total-visible-time-10552706_217=\"100\" data-gtm-vis-has-fired-10552706_217=\"1\" data-gtm-vis-recent-on-screen-10552706_184=\"119227\" data-gtm-vis-total-visible-time-10552706_184=\"100\" data-gtm-vis-has-fired-10552706_184=\"1\">72 mm \u00d7 102 mm \u00d7 18 mm<\/p>\n<\/td>\n<\/tr>\n<tr>\n<td colspan=\"18\">\n<p data-gtm-vis-first-on-screen-10552706_217=\"112079\" data-gtm-vis-first-on-screen-10552706_184=\"112081\" data-gtm-vis-recent-on-screen-10552706_217=\"119223\" data-gtm-vis-total-visible-time-10552706_217=\"100\" data-gtm-vis-has-fired-10552706_217=\"1\" data-gtm-vis-recent-on-screen-10552706_184=\"119228\" data-gtm-vis-total-visible-time-10552706_184=\"100\" data-gtm-vis-has-fired-10552706_184=\"1\">Poids<\/p>\n<\/td>\n<td colspan=\"42\">\n<p data-gtm-vis-first-on-screen-10552706_217=\"112079\" data-gtm-vis-first-on-screen-10552706_184=\"112082\" data-gtm-vis-recent-on-screen-10552706_217=\"119223\" data-gtm-vis-total-visible-time-10552706_217=\"100\" data-gtm-vis-has-fired-10552706_217=\"1\" data-gtm-vis-recent-on-screen-10552706_184=\"119228\" data-gtm-vis-total-visible-time-10552706_184=\"100\" data-gtm-vis-has-fired-10552706_184=\"1\">0,2 kg<\/p>\n<\/td>\n<\/tr>\n<tr>\n<td colspan=\"18\">\n<p data-gtm-vis-first-on-screen-10552706_217=\"113903\" data-gtm-vis-first-on-screen-10552706_184=\"113905\" data-gtm-vis-recent-on-screen-10552706_217=\"119224\" data-gtm-vis-total-visible-time-10552706_217=\"100\" data-gtm-vis-has-fired-10552706_217=\"1\" data-gtm-vis-recent-on-screen-10552706_184=\"119228\" data-gtm-vis-total-visible-time-10552706_184=\"100\" data-gtm-vis-has-fired-10552706_184=\"1\">Environnement de travail<\/p>\n<\/td>\n<td colspan=\"42\">\n<p data-gtm-vis-first-on-screen-10552706_217=\"113904\" data-gtm-vis-first-on-screen-10552706_184=\"113905\" data-gtm-vis-recent-on-screen-10552706_217=\"119224\" data-gtm-vis-total-visible-time-10552706_217=\"100\" data-gtm-vis-has-fired-10552706_217=\"1\" data-gtm-vis-recent-on-screen-10552706_184=\"119228\" data-gtm-vis-total-visible-time-10552706_184=\"100\" data-gtm-vis-has-fired-10552706_184=\"1\">Ext\u00e9rieur<\/p>\n<\/td>\n<\/tr>\n<tr>\n<td colspan=\"60\">\n<p data-gtm-vis-first-on-screen-10552706_217=\"113904\" data-gtm-vis-first-on-screen-10552706_184=\"113906\" data-gtm-vis-recent-on-screen-10552706_217=\"119251\" data-gtm-vis-total-visible-time-10552706_217=\"100\" data-gtm-vis-has-fired-10552706_217=\"1\" data-gtm-vis-recent-on-screen-10552706_184=\"119251\" data-gtm-vis-total-visible-time-10552706_184=\"100\" data-gtm-vis-has-fired-10552706_184=\"1\">Certificats<\/p>\n<\/td>\n<\/tr>\n<tr>\n<td colspan=\"18\">\n<p data-gtm-vis-first-on-screen-10552706_217=\"113904\" data-gtm-vis-first-on-screen-10552706_184=\"113907\" data-gtm-vis-recent-on-screen-10552706_217=\"119271\" data-gtm-vis-total-visible-time-10552706_217=\"100\" data-gtm-vis-has-fired-10552706_217=\"1\" data-gtm-vis-recent-on-screen-10552706_184=\"119272\" data-gtm-vis-total-visible-time-10552706_184=\"100\" data-gtm-vis-has-fired-10552706_184=\"1\">CE<\/p>\n<\/td>\n<td colspan=\"42\">\n<p data-gtm-vis-first-on-screen-10552706_217=\"113905\" data-gtm-vis-first-on-screen-10552706_184=\"113907\" data-gtm-vis-recent-on-screen-10552706_217=\"119271\" data-gtm-vis-total-visible-time-10552706_217=\"100\" data-gtm-vis-has-fired-10552706_217=\"1\" data-gtm-vis-recent-on-screen-10552706_184=\"119272\" data-gtm-vis-total-visible-time-10552706_184=\"100\" data-gtm-vis-has-fired-10552706_184=\"1\">Oui<\/p>\n<\/td>\n<\/tr>\n<tr>\n<td colspan=\"18\">\n<p data-gtm-vis-first-on-screen-10552706_217=\"113936\" data-gtm-vis-first-on-screen-10552706_184=\"113937\" data-gtm-vis-recent-on-screen-10552706_217=\"119271\" data-gtm-vis-total-visible-time-10552706_217=\"100\" data-gtm-vis-has-fired-10552706_217=\"1\" data-gtm-vis-recent-on-screen-10552706_184=\"119273\" data-gtm-vis-total-visible-time-10552706_184=\"100\" data-gtm-vis-has-fired-10552706_184=\"1\">FAC<\/p>\n<\/td>\n<td colspan=\"42\">\n<p data-gtm-vis-first-on-screen-10552706_217=\"113937\" data-gtm-vis-first-on-screen-10552706_184=\"113938\" data-gtm-vis-recent-on-screen-10552706_217=\"119272\" data-gtm-vis-total-visible-time-10552706_217=\"100\" data-gtm-vis-has-fired-10552706_217=\"1\" data-gtm-vis-recent-on-screen-10552706_184=\"119273\" data-gtm-vis-total-visible-time-10552706_184=\"100\" data-gtm-vis-has-fired-10552706_184=\"1\">Oui<\/p>\n<\/td>\n<\/tr>\n<\/tbody>\n<\/table>\n","protected":false},"excerpt":{"rendered":"<h1 class=\"text\" data-gtm-vis-first-on-screen-10552706_184=\"413\" data-gtm-vis-first-on-screen-10552706_196=\"535\" data-gtm-vis-first-on-screen-10552706_194=\"559\" data-gtm-vis-first-on-screen-10552706_192=\"560\" data-gtm-vis-first-on-screen-10552706_217=\"562\" data-gtm-vis-recent-on-screen-10552706_181=\"564\" data-gtm-vis-first-on-screen-10552706_181=\"564\" data-gtm-vis-total-visible-time-10552706_181=\"100\" data-gtm-vis-has-fired-10552706_181=\"1\" data-gtm-vis-recent-on-screen-10552706_195=\"565\" data-gtm-vis-first-on-screen-10552706_195=\"565\" data-gtm-vis-total-visible-time-10552706_195=\"100\" data-gtm-vis-has-fired-10552706_195=\"1\" data-gtm-vis-first-on-screen-10552706_193=\"565\" data-gtm-vis-recent-on-screen-10552706_196=\"145448\" data-gtm-vis-total-visible-time-10552706_196=\"100\" data-gtm-vis-has-fired-10552706_196=\"1\" data-gtm-vis-recent-on-screen-10552706_193=\"145448\" data-gtm-vis-total-visible-time-10552706_193=\"100\" data-gtm-vis-has-fired-10552706_193=\"1\" data-gtm-vis-recent-on-screen-10552706_194=\"145449\" data-gtm-vis-total-visible-time-10552706_194=\"100\" data-gtm-vis-has-fired-10552706_194=\"1\" data-gtm-vis-recent-on-screen-10552706_217=\"145449\" data-gtm-vis-total-visible-time-10552706_217=\"100\" data-gtm-vis-has-fired-10552706_217=\"1\" data-gtm-vis-recent-on-screen-10552706_192=\"145452\" data-gtm-vis-total-visible-time-10552706_192=\"100\" data-gtm-vis-has-fired-10552706_192=\"1\" data-gtm-vis-recent-on-screen-10552706_184=\"145453\" data-gtm-vis-total-visible-time-10552706_184=\"100\" data-gtm-vis-has-fired-10552706_184=\"1\"><span style=\"font-size: 12pt;\"><strong>Lecteur RFID \u00e9tanche<\/strong><\/span><\/h1>\n<ul>\n<li>Prise en charge du protocole RS485, Wiegand34<\/li>\n<li>13,56 MHz (Mifare)<\/li>\n<li>125 KHz (EM-ID)<\/li>\n<li>Conception \u00e9tanche<\/li>\n<li>Un voyant lumineux rouge, vert et bleu<\/li>\n<li>La fonction chien de garde garantit que l&#8217;appareil ne s&#8217;arr\u00eate pas<\/li>\n<li>Installation mont\u00e9e en surface<\/li>\n<li>IP66 (Appliquez du gel de silice sur les espaces entre l&#8217;appareil et le mur. Du silicate de sodium liquide est recommand\u00e9. Pour plus de d\u00e9tails, consultez le guide de d\u00e9marrage rapide.)<\/li>\n<\/ul>\n<p><img decoding=\"async\" class=\"alignnone size-medium wp-image-8490\" src=\"http:\/\/tthcompany.com\/wp-content\/uploads\/2021\/11\/20191209173101_12219-300x32.png\" alt=\"\" width=\"300\" height=\"32\" \/><\/p>\n","protected":false},"featured_media":19665,"comment_status":"closed","ping_status":"closed","template":"","meta":{"om_disable_all_campaigns":false,"_monsterinsights_skip_tracking":false,"_monsterinsights_sitenote_active":false,"_monsterinsights_sitenote_note":"","_monsterinsights_sitenote_category":0},"product_cat":[720,598,638],"product_tag":[1093],"class_list":{"0":"post-19650","1":"product","2":"type-product","3":"status-publish","4":"has-post-thumbnail","6":"product_cat-accessoires-controle-dacces","7":"product_cat-controle-dacces","8":"product_cat-lecteurs","9":"product_tag-onstuck","11":"first","12":"instock","13":"shipping-taxable","14":"purchasable","15":"product-type-simple","16":"add-to-wishlist-after_add_to_cart"},"aioseo_notices":[],"_links":{"self":[{"href":"https:\/\/tthcompany.ma\/index.php\/wp-json\/wp\/v2\/product\/19650","targetHints":{"allow":["GET"]}}],"collection":[{"href":"https:\/\/tthcompany.ma\/index.php\/wp-json\/wp\/v2\/product"}],"about":[{"href":"https:\/\/tthcompany.ma\/index.php\/wp-json\/wp\/v2\/types\/product"}],"replies":[{"embeddable":true,"href":"https:\/\/tthcompany.ma\/index.php\/wp-json\/wp\/v2\/comments?post=19650"}],"wp:featuredmedia":[{"embeddable":true,"href":"https:\/\/tthcompany.ma\/index.php\/wp-json\/wp\/v2\/media\/19665"}],"wp:attachment":[{"href":"https:\/\/tthcompany.ma\/index.php\/wp-json\/wp\/v2\/media?parent=19650"}],"wp:term":[{"taxonomy":"product_cat","embeddable":true,"href":"https:\/\/tthcompany.ma\/index.php\/wp-json\/wp\/v2\/product_cat?post=19650"},{"taxonomy":"product_tag","embeddable":true,"href":"https:\/\/tthcompany.ma\/index.php\/wp-json\/wp\/v2\/product_tag?post=19650"}],"curies":[{"name":"wp","href":"https:\/\/api.w.org\/{rel}","templated":true}]}}