{"id":19646,"date":"2022-08-17T10:43:56","date_gmt":"2022-08-17T10:43:56","guid":{"rendered":"https:\/\/tthcompany.ma\/?post_type=product&#038;p=19646"},"modified":"2022-12-24T11:17:34","modified_gmt":"2022-12-24T11:17:34","slug":"xvr5104-08-16hs-s2","status":"publish","type":"product","link":"https:\/\/tthcompany.ma\/index.php\/product\/xvr5104-08-16hs-s2\/","title":{"rendered":"XVR5104\/08\/16HS-S2"},"content":{"rendered":"<div id=\"div_left\">\n<div class=\"div-drop\">\n<table id=\"table001\" class=\"NEW-TABLE TableOverride-1 tab-drag\">\n<tbody>\n<tr>\n<td colspan=\"60\">Syst\u00e8me<\/td>\n<\/tr>\n<tr>\n<td colspan=\"18\">Processeur principal<\/td>\n<td colspan=\"42\">Processeur int\u00e9gr\u00e9<\/td>\n<\/tr>\n<tr>\n<td colspan=\"18\">Syst\u00e8me op\u00e9rateur<\/td>\n<td colspan=\"42\">LINUX embarqu\u00e9<\/td>\n<\/tr>\n<tr>\n<td colspan=\"60\">Vid\u00e9o et audio<\/td>\n<\/tr>\n<tr>\n<td colspan=\"18\">Entr\u00e9e de cam\u00e9ra analogique<\/td>\n<td colspan=\"42\">4\/8\/16 canaux, BNC<\/td>\n<\/tr>\n<tr>\n<td colspan=\"18\">Cam\u00e9ra HDCVI<\/td>\n<td colspan=\"42\">4MP, 1080P@25\/30fps, 720P@50\/60fps, 720P@25\/30fps<\/td>\n<\/tr>\n<tr>\n<td colspan=\"18\">Cam\u00e9ra AHD<\/td>\n<td colspan=\"42\">4MP, 1080P@25\/30, 720P@25\/30fps<\/td>\n<\/tr>\n<tr>\n<td colspan=\"18\">Cam\u00e9ra TVI<\/td>\n<td colspan=\"42\">4MP, 1080P@25\/30, 720P@25\/30fps<\/td>\n<\/tr>\n<tr>\n<td colspan=\"18\">Cam\u00e9ra CVBS<\/td>\n<td colspan=\"42\">PAL\/NTSC<\/td>\n<\/tr>\n<tr>\n<td colspan=\"18\">Entr\u00e9e de cam\u00e9ra IP<\/td>\n<td colspan=\"42\">4+2\/8+4\/16+8 canaux, chaque canal jusqu&#8217;\u00e0 5MP<\/td>\n<\/tr>\n<tr>\n<td colspan=\"18\">Entr\u00e9e\/Sortie audio<\/td>\n<td colspan=\"42\">1\/1, RCA<\/td>\n<\/tr>\n<tr>\n<td colspan=\"18\">Conversation bidirectionnelle<\/td>\n<td colspan=\"42\">R\u00e9utiliser l&#8217;entr\u00e9e\/sortie audio, RCA<\/td>\n<\/tr>\n<tr>\n<td colspan=\"60\">Enregistrement<\/td>\n<\/tr>\n<tr>\n<td colspan=\"18\">Compression<\/td>\n<td colspan=\"42\">H.264+\/H.264<\/td>\n<\/tr>\n<tr>\n<td colspan=\"18\">R\u00e9solution<\/td>\n<td colspan=\"42\">4M-N, 1080P, 1080N, 720P, 960H, D1, HD1, BCIF, CIF, QCIF<\/td>\n<\/tr>\n<tr>\n<td colspan=\"18\">Taux d&#8217;enregistrement<\/td>\n<td colspan=\"42\">Flux principal : 4M-N\/1080P (1~15fps) ;\u00a01080N\u00a0<span lang=\"zh-CN\">\/\u00a0<\/span>720P\/960H\/D1\/HD1\/BCIF\/CIF\/QCIF (1~25\/30fps)<\/p>\n<p>Sous-cha\u00eene\u00a0: D1\/CIF\/QCIF (1~15fps)<\/td>\n<\/tr>\n<tr>\n<td colspan=\"18\">D\u00e9bit binaire<\/td>\n<td colspan=\"42\">1Kbps ~ 6144Kbps par canal<\/td>\n<\/tr>\n<tr>\n<td colspan=\"18\">Mode d&#8217;enregistrement<\/td>\n<td colspan=\"42\">Manuel, horaire (r\u00e9gulier, continu), MD (d\u00e9tection vid\u00e9o\u00a0: d\u00e9tection de mouvement, perte vid\u00e9o, alt\u00e9ration), alarme, arr\u00eat<\/td>\n<\/tr>\n<tr>\n<td colspan=\"18\">Intervalle d&#8217;enregistrement<\/td>\n<td colspan=\"42\">1 ~ 60 min (par d\u00e9faut : 60 min), Pr\u00e9-enregistrement : 1 ~ 30 sec, Post-enregistrement : 10 ~ 300 sec<\/td>\n<\/tr>\n<tr>\n<td colspan=\"60\">Affichage<\/td>\n<\/tr>\n<tr>\n<td colspan=\"18\">Interface<\/td>\n<td colspan=\"42\">1 HDMI, 1 VGA<\/td>\n<\/tr>\n<tr>\n<td colspan=\"18\">R\u00e9solution<\/td>\n<td colspan=\"42\">1920\u00d71080, 1280\u00d71024, 1280\u00d7720, 1024\u00d7768<\/td>\n<\/tr>\n<tr>\n<td colspan=\"18\">Affichage multi-\u00e9crans<\/td>\n<td colspan=\"42\">Lorsque le mode extension IP n&#8217;est pas activ\u00e9\u00a0<span lang=\"zh-CN\">:<\/span><\/p>\n<p>4 canaux : 1\/4<\/p>\n<p>8 canaux : 1\/4\/8\/9<\/p>\n<p>16 canaux : 1\/4\/8\/9\/16<\/p>\n<p>Lorsque le mode extension IP est activ\u00e9\u00a0<span lang=\"zh-CN\">:<\/span><\/p>\n<p>4 canaux : 1\/4\/6<\/p>\n<p>8 canaux : 1\/4\/8\/9\/16<\/p>\n<p>16 canaux : 1\/4\/8\/9\/16\/25<\/td>\n<\/tr>\n<tr>\n<td colspan=\"18\">OSD<\/td>\n<td colspan=\"42\">Titre de la cam\u00e9ra, Heure, Perte vid\u00e9o, Verrouillage de la cam\u00e9ra, D\u00e9tection de mouvement, Enregistrement<\/td>\n<\/tr>\n<tr>\n<td colspan=\"60\">R\u00e9seau<\/td>\n<\/tr>\n<tr>\n<td colspan=\"18\">Interface<\/td>\n<td colspan=\"42\">4\/8CH\u00a0:\u00a01 port RJ-45 (100\u00a0M)<\/p>\n<p>16CH\u00a0:\u00a01 port RJ-45 (1000\u00a0M)<\/td>\n<\/tr>\n<tr>\n<td colspan=\"18\">Fonction r\u00e9seau<\/td>\n<td colspan=\"42\">HTTP, TCP\/IP, IPv4\/IPv6, UPnP, RTSP, UDP, SMTP, NTP, DHCP, DNS, filtre IP, PPPoE, DDNS, FTP, serveur d&#8217;alarme, P2P, recherche IP (prise en charge de la cam\u00e9ra IP, DVR, NVS, etc. .)<\/td>\n<\/tr>\n<tr>\n<td colspan=\"18\">Max.\u00a0Acc\u00e8s utilisateur<\/td>\n<td colspan=\"42\">128 utilisateurs<\/td>\n<\/tr>\n<tr>\n<td colspan=\"18\">T\u00e9l\u00e9phone intelligent<\/td>\n<td colspan=\"42\">iPhone, iPad, Android<\/td>\n<\/tr>\n<tr>\n<td colspan=\"18\">Interop\u00e9rabilit\u00e9<\/td>\n<td colspan=\"42\">ONVIF 2.42, conforme CGI<\/td>\n<\/tr>\n<\/tbody>\n<\/table>\n<\/div>\n<\/div>\n<div id=\"div_left\">\n<div class=\"div-drop\">\n<table id=\"table002\" class=\"NEW-TABLE TableOverride-1 tab-drag\">\n<tbody>\n<tr>\n<td colspan=\"60\">D\u00e9tection vid\u00e9o et alarme<\/td>\n<\/tr>\n<tr>\n<td colspan=\"18\">\u00c9v\u00e9nements d\u00e9clencheurs<\/td>\n<td colspan=\"42\">Enregistrement, PTZ, Tour, Video Push, Email, FTP, Snapshot, Buzzer et Screen Tips<\/td>\n<\/tr>\n<tr>\n<td colspan=\"18\">D\u00e9tection vid\u00e9o<\/td>\n<td colspan=\"42\">D\u00e9tection de mouvement, zones MD : 396 (22 \u00d7 18), perte vid\u00e9o, alt\u00e9ration et diagnostic<\/td>\n<\/tr>\n<tr>\n<td colspan=\"18\">Entr\u00e9e d&#8217;alarme<\/td>\n<td colspan=\"42\">N \/ A<\/td>\n<\/tr>\n<tr>\n<td colspan=\"18\">Sortie relais<\/td>\n<td colspan=\"42\">N \/ A<\/td>\n<\/tr>\n<tr>\n<td colspan=\"60\">Lecture et sauvegarde<\/td>\n<\/tr>\n<tr>\n<td colspan=\"18\">Relecture<\/td>\n<td colspan=\"42\">4 canaux : 1\/4<\/p>\n<p>8 canaux : 1\/4\/9<\/p>\n<p>16CH\u00a0: 1\/4\/9\/16<\/td>\n<\/tr>\n<tr>\n<td colspan=\"18\">Mode de recherche<\/td>\n<td colspan=\"42\">Heure\/Date, Alarme, MD et Recherche exacte (pr\u00e9cision \u00e0 la seconde)<\/td>\n<\/tr>\n<tr>\n<td colspan=\"18\">Fonction de lecture<\/td>\n<td colspan=\"42\">Lecture, pause, arr\u00eat, retour rapide, lecture rapide, lecture lente, fichier suivant, fichier pr\u00e9c\u00e9dent, appareil photo suivant, appareil photo pr\u00e9c\u00e9dent, plein \u00e9cran, r\u00e9p\u00e9tition, lecture al\u00e9atoire, s\u00e9lection de sauvegarde, zoom num\u00e9rique<\/td>\n<\/tr>\n<tr>\n<td colspan=\"18\">Mode de sauvegarde<\/td>\n<td colspan=\"42\">P\u00e9riph\u00e9rique\/r\u00e9seau USB<\/td>\n<\/tr>\n<tr>\n<td colspan=\"60\">Espace de rangement<\/td>\n<\/tr>\n<tr>\n<td colspan=\"18\">Disque dur interne<\/td>\n<td colspan=\"42\">1 port SATA, jusqu&#8217;\u00e0 8 To de capacit\u00e9<\/td>\n<\/tr>\n<tr>\n<td colspan=\"18\">eSATA<\/td>\n<td colspan=\"42\">N \/ A<\/td>\n<\/tr>\n<tr>\n<td colspan=\"60\">Interface auxiliaire<\/td>\n<\/tr>\n<tr>\n<td colspan=\"18\">USB<\/td>\n<td colspan=\"42\">4\/8CH\u00a0:\u00a02\u00a0USB 2.0<\/p>\n<p>16 canaux\u00a0:\u00a01\u00a0USB 2.0, 1\u00a0USB 3.0<\/td>\n<\/tr>\n<tr>\n<td colspan=\"18\">RS232<\/td>\n<td colspan=\"42\">N \/ A<\/td>\n<\/tr>\n<tr>\n<td colspan=\"18\">RS485<\/td>\n<td colspan=\"42\">1 port, pour le contr\u00f4le PTZ<\/td>\n<\/tr>\n<tr>\n<td colspan=\"60\">\u00c9lectrique<\/td>\n<\/tr>\n<tr>\n<td colspan=\"18\">Source de courant<\/td>\n<td colspan=\"42\">DC12V\/2A<\/td>\n<\/tr>\n<tr>\n<td colspan=\"18\">Consommation d&#8217;\u00e9nergie<\/td>\n<td colspan=\"42\">&lt;10W (Sans disque dur)<\/td>\n<\/tr>\n<tr>\n<td colspan=\"60\">Construction<\/td>\n<\/tr>\n<tr>\n<td colspan=\"18\">Dimensions<\/td>\n<td colspan=\"42\">Compact 1U, 260 \u00d7 236 \u00d7 48 mm (10,2&#8243; \u00d7 9,3&#8243; \u00d7 1,9&#8243;)<\/td>\n<\/tr>\n<tr>\n<td colspan=\"18\">Poids net<\/td>\n<td colspan=\"42\">0,75 kg ( 1,7 lb) (sans disque dur)<\/td>\n<\/tr>\n<tr>\n<td colspan=\"18\">Poids brut<\/td>\n<td colspan=\"42\">1,5 kg (3,3 lb)<\/td>\n<\/tr>\n<tr>\n<td colspan=\"18\">Installation<\/td>\n<td colspan=\"42\">Installation de bureau<\/td>\n<\/tr>\n<tr>\n<td colspan=\"60\">Environnement<\/td>\n<\/tr>\n<tr>\n<td colspan=\"18\">Des conditions de fonctionnement<\/td>\n<td colspan=\"42\">-10\u00b0C ~ +55\u00b0C (+14\u00b0F ~ +131\u00b0F), 0~ 90% HR<\/td>\n<\/tr>\n<tr>\n<td colspan=\"18\">Conditions de stockage<\/td>\n<td colspan=\"42\">-20\u00b0C ~ +70\u00b0C (-4\u00b0F ~ +158\u00b0F) , 0~ 90% HR<\/td>\n<\/tr>\n<tr>\n<td colspan=\"60\">Assistance tierce<\/td>\n<\/tr>\n<tr>\n<td colspan=\"18\">Assistance tierce<\/td>\n<td colspan=\"42\">Arecont Vision, AXIS, Bosch, Brickcom, Canon, CP Plus, Dynacolor, Honeywell, Panasonic, Pelco, Samsung, Sanyo, Sony, Videotec, Vivotek, etc.<\/td>\n<\/tr>\n<tr>\n<td colspan=\"60\">Certifications<\/td>\n<\/tr>\n<tr>\n<td colspan=\"18\" rowspan=\"3\">Certifications<\/td>\n<td colspan=\"42\">FCC : Partie 15 Sous-partie B<\/td>\n<\/tr>\n<tr>\n<td colspan=\"42\">CE : CE-LVD : EN 60950-1\/CEI 60950-1<\/p>\n<p>CE-CEM : EN 61000-3-2, EN 61000-3-3, EN 55032, EN 50130, EN 55024<\/td>\n<\/tr>\n<tr>\n<td colspan=\"42\">UL : UL 60950-1<\/td>\n<\/tr>\n<\/tbody>\n<\/table>\n<\/div>\n<\/div>\n","protected":false},"excerpt":{"rendered":"<h1><span style=\"font-size: 12pt;\"><strong>Enregistreur vid\u00e9o num\u00e9rique 4\/8\/16 canaux Penta-brid 1080P compact 1U<\/strong><\/span><\/h1>\n<ul>\n<li>Processeur int\u00e9gr\u00e9<\/li>\n<li>Compression vid\u00e9o H.264+\/H.264<\/li>\n<li>Prise en charge des entr\u00e9es vid\u00e9o HDCVI\/AHD\/TVI\/CVBS\/IP<\/li>\n<li>Entr\u00e9es de cam\u00e9ra IP 6\/12\/24 canaux maximum, chaque canal vers le haut<\/li>\n<li>Recherche intelligente et syst\u00e8me vid\u00e9o intelligent<\/li>\n<\/ul>\n<p><img decoding=\"async\" class=\"alignnone size-medium wp-image-8403\" src=\"http:\/\/tthcompany.com\/wp-content\/uploads\/2021\/10\/20170930153718_63486-300x70.png\" alt=\"\" width=\"300\" height=\"70\" \/><\/p>\n","protected":false},"featured_media":19661,"comment_status":"closed","ping_status":"closed","template":"","meta":{"om_disable_all_campaigns":false,"_monsterinsights_skip_tracking":false,"_monsterinsights_sitenote_active":false,"_monsterinsights_sitenote_note":"","_monsterinsights_sitenote_category":0},"product_cat":[186,187,188],"product_tag":[],"class_list":{"0":"post-19646","1":"product","2":"type-product","3":"status-publish","4":"has-post-thumbnail","6":"product_cat-produits-hdcvi","7":"product_cat-xvr","8":"product_cat-xvr-2mp","10":"first","11":"instock","12":"shipping-taxable","13":"purchasable","14":"product-type-simple","15":"add-to-wishlist-after_add_to_cart"},"aioseo_notices":[],"_links":{"self":[{"href":"https:\/\/tthcompany.ma\/index.php\/wp-json\/wp\/v2\/product\/19646","targetHints":{"allow":["GET"]}}],"collection":[{"href":"https:\/\/tthcompany.ma\/index.php\/wp-json\/wp\/v2\/product"}],"about":[{"href":"https:\/\/tthcompany.ma\/index.php\/wp-json\/wp\/v2\/types\/product"}],"replies":[{"embeddable":true,"href":"https:\/\/tthcompany.ma\/index.php\/wp-json\/wp\/v2\/comments?post=19646"}],"wp:featuredmedia":[{"embeddable":true,"href":"https:\/\/tthcompany.ma\/index.php\/wp-json\/wp\/v2\/media\/19661"}],"wp:attachment":[{"href":"https:\/\/tthcompany.ma\/index.php\/wp-json\/wp\/v2\/media?parent=19646"}],"wp:term":[{"taxonomy":"product_cat","embeddable":true,"href":"https:\/\/tthcompany.ma\/index.php\/wp-json\/wp\/v2\/product_cat?post=19646"},{"taxonomy":"product_tag","embeddable":true,"href":"https:\/\/tthcompany.ma\/index.php\/wp-json\/wp\/v2\/product_tag?post=19646"}],"curies":[{"name":"wp","href":"https:\/\/api.w.org\/{rel}","templated":true}]}}