{"id":19645,"date":"2022-08-17T10:43:56","date_gmt":"2022-08-17T10:43:56","guid":{"rendered":"https:\/\/tthcompany.ma\/?post_type=product&#038;p=19645"},"modified":"2023-09-26T11:32:00","modified_gmt":"2023-09-26T11:32:00","slug":"ipc-hfw5442h-ze","status":"publish","type":"product","link":"https:\/\/tthcompany.ma\/index.php\/product\/ipc-hfw5442h-ze\/","title":{"rendered":"IPC-HFW5442HP-ZE"},"content":{"rendered":"<table id=\"table001\" class=\"NEW-TABLE TableOverride-1 tab-drag\">\n<tbody>\n<tr>\n<td colspan=\"60\">Cam\u00e9ra<\/td>\n<\/tr>\n<tr>\n<td colspan=\"18\">Capteur d&#8217;image<\/td>\n<td colspan=\"42\">CMOS 1\/1,8&#8243;<\/td>\n<\/tr>\n<tr>\n<td colspan=\"18\">Max.\u00a0R\u00e9solution<\/td>\n<td colspan=\"42\">2688 (H) \u00d7 1520 (V)<\/td>\n<\/tr>\n<tr>\n<td colspan=\"18\">ROM<\/td>\n<td colspan=\"42\">128 Mo<\/td>\n<\/tr>\n<tr>\n<td colspan=\"18\">RAM<\/td>\n<td colspan=\"42\">1 Go<\/td>\n<\/tr>\n<tr>\n<td colspan=\"18\">Syst\u00e8me de num\u00e9risation<\/td>\n<td colspan=\"42\">Progressive<\/td>\n<\/tr>\n<tr>\n<td colspan=\"18\">Vitesse d&#8217;obturation \u00e9lectronique<\/td>\n<td colspan=\"42\">Auto\/Manuel 1\/3 s\u20131\/100 000 s<\/td>\n<\/tr>\n<tr>\n<td colspan=\"18\">Min.\u00a0\u00c9clairage<\/td>\n<td colspan=\"42\">0,003 Lux@F1.8 (Couleur, 30IRE)<\/p>\n<p>0,0003 Lux@F1.8 (N\/B, 30IRE)<\/p>\n<p>0 Lux (Illuminateur allum\u00e9)<\/td>\n<\/tr>\n<tr>\n<td colspan=\"18\">Rapport S\/B<\/td>\n<td colspan=\"42\"><span lang=\"zh-CN\">&gt;\u00a0<\/span>56 dB<\/td>\n<\/tr>\n<tr>\n<td colspan=\"18\">Distance d&#8217;\u00e9clairage<\/td>\n<td colspan=\"42\">60 m (196,9 pi) (LED infrarouge)<\/td>\n<\/tr>\n<tr>\n<td colspan=\"18\">Contr\u00f4le marche\/arr\u00eat de l&#8217;illuminateur<\/td>\n<td colspan=\"42\">Auto\/Manuel<\/td>\n<\/tr>\n<tr>\n<td colspan=\"18\">Num\u00e9ro de l&#8217;illuminateur<\/td>\n<td colspan=\"42\">4 (LED infrarouge)<\/td>\n<\/tr>\n<tr>\n<td colspan=\"18\">Plage de panoramique\/inclinaison\/rotation<\/td>\n<td colspan=\"42\">Panoramique : 0\u00b0\u2013360\u00b0<br \/>\nInclinaison : 0\u00b0\u201390\u00b0<br \/>\nRotation : 0\u00b0\u2013360\u00b0<\/td>\n<\/tr>\n<tr>\n<td colspan=\"60\">Lentille<\/td>\n<\/tr>\n<tr>\n<td colspan=\"18\">Type d&#8217;objectif<\/td>\n<td colspan=\"42\">Vari-focale motoris\u00e9e<\/td>\n<\/tr>\n<tr>\n<td colspan=\"18\">Type de monture<\/td>\n<td colspan=\"42\">\u03c614<\/td>\n<\/tr>\n<tr>\n<td colspan=\"18\">Distance focale<\/td>\n<td colspan=\"42\">2,7\u00a0mm\u201312\u00a0mm<\/td>\n<\/tr>\n<tr>\n<td colspan=\"18\">Max.\u00a0Ouverture<\/td>\n<td colspan=\"42\">F1.8 (constante)<\/td>\n<\/tr>\n<tr>\n<td colspan=\"18\">Champ de vision<\/td>\n<td colspan=\"42\">Horizontale : 107\u00b0\u201344\u00b0<\/p>\n<p>Verticale : 69\u00b0\u201329\u00b0<\/p>\n<p>Diagonale : 134\u00b0\u201353\u00b0<\/td>\n<\/tr>\n<tr>\n<td colspan=\"18\">Type d&#8217;iris<\/td>\n<td colspan=\"42\">Auto<\/td>\n<\/tr>\n<tr>\n<td colspan=\"18\">Distance de mise au point rapproch\u00e9e<\/td>\n<td colspan=\"42\">W\/T\u00a0: 1,2\u00a0m (3,9\u00a0pi)<\/td>\n<\/tr>\n<tr>\n<td colspan=\"18\" rowspan=\"3\">Distance de DORI<\/td>\n<td colspan=\"8\">Lentille<\/td>\n<td colspan=\"8\">D\u00e9tecter<\/td>\n<td colspan=\"8\">Observer<\/td>\n<td colspan=\"8\">Reconna\u00eetre<\/td>\n<td colspan=\"10\">Identifier<\/td>\n<\/tr>\n<tr>\n<td colspan=\"8\">W<\/td>\n<td colspan=\"8\">57,0 m<\/p>\n<p>(187,0 pieds)<\/td>\n<td colspan=\"8\">23,0 m<\/p>\n<p>(75,5 pieds)<\/td>\n<td colspan=\"8\">11,0 m<\/p>\n<p>(36,1 pieds)<\/td>\n<td colspan=\"10\">5,7 m\u00e8tres<\/p>\n<p>(18,7 pieds)<\/td>\n<\/tr>\n<tr>\n<td colspan=\"8\">T<\/td>\n<td colspan=\"8\">130,7 m (428,8 pi)<\/td>\n<td colspan=\"8\">52,0 m<\/p>\n<p>(170,6 pieds)<\/td>\n<td colspan=\"8\">26,0 m<\/p>\n<p>(85,3 pieds)<\/td>\n<td colspan=\"10\">13,0 m\u00e8tres<\/p>\n<p>(42,7 pieds)<\/td>\n<\/tr>\n<tr>\n<td colspan=\"60\">\u00c9v\u00e9nement intelligent<\/td>\n<\/tr>\n<tr>\n<td colspan=\"18\">IVS<\/td>\n<td colspan=\"42\">Objet abandonn\u00e9 ;\u00a0objet manquant<\/td>\n<\/tr>\n<tr>\n<td colspan=\"18\">Carte de chaleur<\/td>\n<td colspan=\"42\">Oui<\/td>\n<\/tr>\n<tr>\n<td colspan=\"60\">Professionnel, intelligent<\/td>\n<\/tr>\n<tr>\n<td colspan=\"18\">IVS (protection p\u00e9rim\u00e9trique)<\/td>\n<td colspan=\"42\">fil de d\u00e9clenchement\u00a0;\u00a0intrusion;\u00a0mouvement rapide (les trois fonctions prennent en charge la classification et la d\u00e9tection pr\u00e9cise du v\u00e9hicule et de l&#8217;homme);\u00a0d\u00e9tection de vagabondage;\u00a0rassemblement de personnes;\u00a0d\u00e9tection de stationnement<\/td>\n<\/tr>\n<tr>\n<td colspan=\"18\">D\u00e9tection facial<\/td>\n<td colspan=\"42\">D\u00e9tection facial;\u00a0Piste;\u00a0optimisation;\u00a0instantan\u00e9;\u00a0signaler une image de haute qualit\u00e9\u00a0;\u00a0am\u00e9lioration du visage;\u00a0exposition du visage;\u00a0extrait d&#8217;attribut du visage, 6 attributs et 8 expressions : Sexe, \u00e2ge, lunettes, expressions (col\u00e8re, calme, bonheur, tristesse, d\u00e9go\u00fbt, surprise, confusion et peur), masque, barbe ;\u00a0r\u00e9glage du tapis de visage : visage, photo d&#8217;un pouce ;\u00a0trois m\u00e9thodes d&#8217;instantan\u00e9 : instantan\u00e9 en temps r\u00e9el, instantan\u00e9 d&#8217;optimisation, priorit\u00e9 de qualit\u00e9 ;\u00a0filtre d&#8217;angle de visage;\u00a0r\u00e9glage du temps d&#8217;optimisation<\/td>\n<\/tr>\n<tr>\n<td colspan=\"18\">Comptage de personnes<\/td>\n<td colspan=\"42\">Soutenir le comptage d&#8217;entrer le num\u00e9ro, laisser le num\u00e9ro<\/p>\n<p>et le num\u00e9ro de passe, et l&#8217;affichage et la sortie annuellement\/<\/p>\n<p>rapports mensuels\/quotidiens<\/p>\n<p>Prend en charge le comptage du nombre dans la zone et 4 r\u00e8gles<\/p>\n<p>configuration.\u00a0Comptez le nombre de personnes ou le temps de s\u00e9jour et<\/p>\n<p>alarme de lien<\/p>\n<p>Prise en charge de la gestion des files d&#8217;attente et de la configuration de 4 r\u00e8gles.\u00a0Comptez le nombre de personnes ou restez le temps et liez l&#8217;alarme<\/td>\n<\/tr>\n<tr>\n<td colspan=\"18\">Recherche intelligente<\/td>\n<td colspan=\"42\">Travaillez avec Smart NVR pour effectuer un raffinement<\/p>\n<p>recherche intelligente, extraction d&#8217;\u00e9v\u00e9nements et fusion avec l&#8217;\u00e9v\u00e9nement<\/p>\n<p>vid\u00e9os<\/td>\n<\/tr>\n<tr>\n<td colspan=\"60\">Vid\u00e9o<\/td>\n<\/tr>\n<tr>\n<td colspan=\"18\">Compression de vid\u00e9o<\/td>\n<td colspan=\"42\">H.265\u00a0;\u00a0H.264\u00a0;\u00a0H.264H ;\u00a0H.264B\u00a0;\u00a0MJPEG (uniquement pris en charge par le sous-flux)<\/td>\n<\/tr>\n<tr>\n<td colspan=\"18\">Codec intelligent<\/td>\n<td colspan=\"42\">H.265+\/H.264+ intelligent<\/td>\n<\/tr>\n<tr>\n<td colspan=\"18\">Frame rate vid\u00e9o<\/td>\n<td colspan=\"42\">Flux principal : 2688 \u00d7 1520 (1 ips\u201325\/30 ips)<br \/>\n1920 \u00d7 1080 (1 ips\u201350\/60 ips)<br \/>\nFlux secondaire : D1 (1 ips\u201350\/60 ips)<br \/>\nTroisi\u00e8me flux : 1080p (1 ips\u201325\/ 30 ips)*Les valeurs ci-dessus sont les valeurs max.\u00a0taux de trame de chaque flux\u00a0;\u00a0pour les flux multiples, les valeurs seront soumises \u00e0 la capacit\u00e9 de codage totale.<\/td>\n<\/tr>\n<tr>\n<td colspan=\"18\">Capacit\u00e9 de flux<\/td>\n<td colspan=\"42\">3 flux<\/td>\n<\/tr>\n<tr>\n<td colspan=\"18\">R\u00e9solution<\/td>\n<td colspan=\"42\">2688 \u00d7 1520\u00a0;\u00a02560 \u00d7 1440\u00a0;\u00a02304 \u00d7 1296\u00a0;\u00a01080p (1920 \u00d7 1080);\u00a01,3M (1280 \u00d7 960);\u00a0720p (1280 \u00d7 720) ;\u00a0D1 (704 \u00d7 576\/704 \u00d7 480) ;\u00a0VGA (640 \u00d7 480);\u00a0CAF (352 \u00d7 288\/352 \u00d7 240)<\/td>\n<\/tr>\n<tr>\n<td colspan=\"18\">Contr\u00f4le du d\u00e9bit binaire<\/td>\n<td colspan=\"42\">CBR\/VBR<\/td>\n<\/tr>\n<tr>\n<td colspan=\"18\">Bitrate vid\u00e9o<\/td>\n<td colspan=\"42\">H.264\u00a0: 32\u00a0kbit\/s \u00e0 8192\u00a0kbit\/s<br \/>\nH.265\u00a0: 19\u00a0kbit\/s \u00e0 8192\u00a0kbit\/s<\/td>\n<\/tr>\n<tr>\n<td colspan=\"18\">Jour Nuit<\/td>\n<td colspan=\"42\">Auto (ICR)\/Couleur\/N\/B<\/td>\n<\/tr>\n<tr>\n<td colspan=\"18\">BLC<\/td>\n<td colspan=\"42\">Oui<\/td>\n<\/tr>\n<tr>\n<td colspan=\"18\">HLC<\/td>\n<td colspan=\"42\">Oui<\/td>\n<\/tr>\n<tr>\n<td colspan=\"18\">WDR<\/td>\n<td colspan=\"42\">140 dB<\/td>\n<\/tr>\n<tr>\n<td colspan=\"18\">Balance des blancs<\/td>\n<td colspan=\"42\">Auto\/naturel\/r\u00e9verb\u00e8re\/ext\u00e9rieur\/manuel\/personnalis\u00e9 r\u00e9gional<\/td>\n<\/tr>\n<tr>\n<td colspan=\"18\">Prendre le contr\u00f4le<\/td>\n<td colspan=\"42\">Auto\/Manuel<\/td>\n<\/tr>\n<tr>\n<td colspan=\"18\">R\u00e9duction de bruit<\/td>\n<td colspan=\"42\">NR 3D<\/td>\n<\/tr>\n<tr>\n<td colspan=\"18\">D\u00e9tection de mouvement<\/td>\n<td colspan=\"42\">OFF\/ON (4 zones, rectangulaire)<\/td>\n<\/tr>\n<tr>\n<td colspan=\"18\">R\u00e9gion d&#8217;int\u00e9r\u00eat (RoI)<\/td>\n<td colspan=\"42\">Oui (4 domaines)<\/td>\n<\/tr>\n<tr>\n<td colspan=\"18\">Stabilisation d&#8217;image \u00e9lectronique (SIE)<\/td>\n<td colspan=\"42\">Oui<\/td>\n<\/tr>\n<tr>\n<td colspan=\"18\">\u00c9clairage intelligent<\/td>\n<td colspan=\"42\">Oui<\/td>\n<\/tr>\n<tr>\n<td colspan=\"18\">D\u00e9sembuage<\/td>\n<td colspan=\"42\">Oui<\/td>\n<\/tr>\n<tr>\n<td colspan=\"18\">Rotation de l&#8217;image<\/td>\n<td colspan=\"42\">0\u00b0\/90\u00b0\/180\u00b0\/270\u00b0<\/td>\n<\/tr>\n<tr>\n<td colspan=\"18\">Miroir<\/td>\n<td colspan=\"42\">Oui<\/td>\n<\/tr>\n<tr>\n<td colspan=\"18\">Masquage de confidentialit\u00e9<\/td>\n<td colspan=\"42\">4 zones<\/td>\n<\/tr>\n<tr>\n<td colspan=\"60\">l&#8217;audio<\/td>\n<\/tr>\n<tr>\n<td colspan=\"18\">Compression audio<\/td>\n<td colspan=\"42\">PCM\u00a0;\u00a0G.711a\u00a0;\u00a0G.711Mu ;\u00a0G.726\u00a0;\u00a0G.723<\/td>\n<\/tr>\n<tr>\n<td colspan=\"60\">Alarme<\/td>\n<\/tr>\n<tr>\n<td colspan=\"18\">\u00c9v\u00e9nement d&#8217;alarme<\/td>\n<td colspan=\"42\">Pas de carte SD\u00a0;\u00a0Carte SD pleine ;\u00a0erreur de carte SD\u00a0;\u00a0d\u00e9connexion du r\u00e9seau\u00a0;\u00a0conflit IP\u00a0;\u00a0acc\u00e8s ill\u00e9gal;\u00a0d\u00e9tection de mouvement;\u00a0falsification vid\u00e9o;\u00a0d\u00e9tection de d\u00e9focalisation;\u00a0changement de sc\u00e8ne;\u00a0intrusion;\u00a0fil-pi\u00e8ge;\u00a0objet abandonn\u00e9;\u00a0objet manquant;\u00a0mouvement rapide;\u00a0d\u00e9tection de stationnement;\u00a0d\u00e9tection de vagabondage;\u00a0rassemblement de personnes;\u00a0d\u00e9tection d&#8217;anomalie d&#8217;entr\u00e9e\u00a0;\u00a0d\u00e9tection de changement d&#8217;intensit\u00e9;\u00a0comptage de personnes;\u00a0d\u00e9tection facial;\u00a0d\u00e9tection de tension;\u00a0personnes comptant dans la zone;\u00a0rester alarme;\u00a0personnes D\u00e9tection d&#8217;exceptions, gestion des files d&#8217;attente<\/td>\n<\/tr>\n<tr>\n<td colspan=\"60\">R\u00e9seau<\/td>\n<\/tr>\n<tr>\n<td colspan=\"18\">R\u00e9seau<\/td>\n<td colspan=\"42\">RJ-45 (10\/100 Base-T)<\/td>\n<\/tr>\n<tr>\n<td colspan=\"18\">SDK et API<\/td>\n<td colspan=\"42\">Oui<\/td>\n<\/tr>\n<tr>\n<td colspan=\"18\">La cyber-s\u00e9curit\u00e9<\/td>\n<td colspan=\"42\">Cryptage vid\u00e9o\u00a0;\u00a0cryptage du micrologiciel\u00a0;\u00a0chiffrement de la configuration\u00a0;\u00a0Dig\u00e9rer;\u00a0WSSE\u00a0;\u00a0verrouillage de compte\u00a0;\u00a0journaux de s\u00e9curit\u00e9\u00a0;\u00a0Filtrage IP\/MAC\u00a0;\u00a0g\u00e9n\u00e9ration et importation de la certification X.509\u00a0;\u00a0journal syst\u00e8me\u00a0;\u00a0HTTPS\u00a0;\u00a0802.1x\u00a0;\u00a0d\u00e9marrage de confiance\u00a0;\u00a0ex\u00e9cution fiable\u00a0;\u00a0mise \u00e0 niveau de confiance<\/td>\n<\/tr>\n<tr>\n<td colspan=\"18\">Protocole<\/td>\n<td colspan=\"42\">IPv4\u00a0;\u00a0IPv6\u00a0;\u00a0HTTP\u00a0;\u00a0TCP\u00a0;\u00a0UDP\u00a0;\u00a0ARP;\u00a0RTP\u00a0;\u00a0RTSP\u00a0;\u00a0RTCP\u00a0;\u00a0RTMP\u00a0;\u00a0SMTP\u00a0;\u00a0FTP\u00a0;\u00a0SFTP\u00a0;\u00a0DHCP\u00a0;\u00a0DNS\u00a0;\u00a0DDNS\u00a0;\u00a0qualit\u00e9 de service\u00a0;\u00a0UPnP\u00a0;\u00a0NTP\u00a0;\u00a0Multidiffusion\u00a0;\u00a0ICMP;\u00a0IGMP\u00a0;\u00a0NFS\u00a0;\u00a0SAMBA;\u00a0PPPoE\u00a0;\u00a0SNMP<\/td>\n<\/tr>\n<tr>\n<td colspan=\"18\">Interop\u00e9rabilit\u00e9<\/td>\n<td colspan=\"42\">ONVIF (Profil S\/Profil G\/Profil T);\u00a0CGI\u00a0;\u00a0Jalon;\u00a0Genetec;\u00a0P2P<\/td>\n<\/tr>\n<tr>\n<td colspan=\"18\">Utilisateur\/H\u00f4te<\/td>\n<td colspan=\"42\">20 (bande passante totale\u00a0: 88\u00a0M)<\/td>\n<\/tr>\n<tr>\n<td colspan=\"18\">Espace de rangement<\/td>\n<td colspan=\"42\">FTP\u00a0;\u00a0SFTP\u00a0;\u00a0Carte Micro SD (prise en charge max. 256 G);\u00a0NAS<\/td>\n<\/tr>\n<tr>\n<td colspan=\"18\">Navigateur<\/td>\n<td colspan=\"42\">IE\u00a0: IE8 et versions ult\u00e9rieures<br \/>\nChrome<br \/>\nFirefox<br \/>\nSafari\u00a0: Safari 12 et versions ult\u00e9rieures<\/td>\n<\/tr>\n<tr>\n<td colspan=\"18\">Logiciel de gestion<\/td>\n<td colspan=\"42\">SPS intelligent\u00a0;\u00a0SSD ;\u00a0DMSS<\/td>\n<\/tr>\n<tr>\n<td colspan=\"18\">T\u00e9l\u00e9phone portable<\/td>\n<td colspan=\"42\">IOS\u00a0;\u00a0Android<\/td>\n<\/tr>\n<tr>\n<td colspan=\"60\">Attestation<\/td>\n<\/tr>\n<tr>\n<td colspan=\"18\">Attestation<\/td>\n<td colspan=\"42\">CE-LVD : EN62368-1, EN60950-22 (en option)<\/p>\n<p>CE-EMC : Directive de compatibilit\u00e9 \u00e9lectromagn\u00e9tique 2014\/30\/UE<br \/>\nFCC : 47 CFR FCC Partie 15, sous-partie B<br \/>\nUL\/CUL : UL60950-1 CAN\/CSA C22.2 No.60950-1-07, UL 50E NEMA Type 4X (en option )<\/td>\n<\/tr>\n<tr>\n<td colspan=\"60\">Port<\/td>\n<\/tr>\n<tr>\n<td colspan=\"18\">Entr\u00e9e audio<\/td>\n<td colspan=\"42\">1 canal (port JACK 3,5 mm)<\/td>\n<\/tr>\n<tr>\n<td colspan=\"18\">Sortie audio<\/td>\n<td colspan=\"42\">1 canal (port JACK 3,5 mm)<\/td>\n<\/tr>\n<tr>\n<td colspan=\"18\">Entr\u00e9e d&#8217;alarme<\/td>\n<td colspan=\"42\">Entr\u00e9e 3 canaux\u00a0: 5\u00a0mA 3\u00a0V\u20135\u00a0V CC<\/td>\n<\/tr>\n<tr>\n<td colspan=\"18\">Sortie d&#8217;alarme<\/td>\n<td colspan=\"42\">2 canaux de sortie : 300mA 12V DC<\/td>\n<\/tr>\n<tr>\n<td colspan=\"60\">Puissance<\/td>\n<\/tr>\n<tr>\n<td colspan=\"18\">Source de courant<\/td>\n<td colspan=\"42\">12 V CC (\u00b1 30 %)\/PoE (802.3af)\/ePoE<\/td>\n<\/tr>\n<tr>\n<td colspan=\"18\">Consommation d&#8217;\u00e9nergie<\/td>\n<td colspan=\"42\">Consommation \u00e9lectrique de base : 2,5 W (12 V CC) ;\u00a03,3 W (PoE)<\/p>\n<p>Max.\u00a0consommation \u00e9lectrique (flux max. + fonction intelligente + LED IR + focus) : 9,7 W (12 V DC) ;\u00a011,6 W (PoE)<\/td>\n<\/tr>\n<tr>\n<td colspan=\"60\">Environnement<\/td>\n<\/tr>\n<tr>\n<td colspan=\"18\">Des conditions de fonctionnement<\/td>\n<td colspan=\"42\">\u201330\u00b0C \u00e0 +60\u00b0C (\u201322\u00b0F \u00e0 +140\u00b0F)\/Moins de 95% RH<\/td>\n<\/tr>\n<tr>\n<td colspan=\"18\">Conditions de stockage<\/td>\n<td colspan=\"42\">\u201340\u00b0C \u00e0 +60\u00b0C (\u201340\u00b0F \u00e0 +140\u00b0F)<\/td>\n<\/tr>\n<tr>\n<td colspan=\"18\">Niveau de protection<\/td>\n<td colspan=\"42\">IP67, IK10, protection anticorrosion : NEMA 4X (en option)<\/td>\n<\/tr>\n<tr>\n<td colspan=\"60\">Structure<\/td>\n<\/tr>\n<tr>\n<td colspan=\"18\">Enveloppe<\/td>\n<td colspan=\"42\">M\u00e9tal + Plastique<\/td>\n<\/tr>\n<tr>\n<td colspan=\"18\">Dimensions<\/td>\n<td colspan=\"42\">340,1 mm \u00d7 108,5 mm \u00d7 92,9 mm (13,4&#8243; \u00d7 4,3&#8243; \u00d7 3,7&#8243;)<\/p>\n<p>(L \u00d7 l \u00d7 H)<\/td>\n<\/tr>\n<tr>\n<td colspan=\"18\">Poids net<\/td>\n<td colspan=\"42\">1,47 kg (3,2 livres)<\/td>\n<\/tr>\n<tr>\n<td colspan=\"18\">Poids brut<\/td>\n<td colspan=\"42\">2,34 kg (5,2 livres)<\/td>\n<\/tr>\n<\/tbody>\n<\/table>\n","protected":false},"excerpt":{"rendered":"<h1 class=\"text\" data-gtm-vis-has-fired-10552706_181=\"1\" data-gtm-vis-recent-on-screen-10552706_184=\"877\" data-gtm-vis-first-on-screen-10552706_184=\"877\" data-gtm-vis-total-visible-time-10552706_184=\"100\" data-gtm-vis-has-fired-10552706_184=\"1\" data-gtm-vis-recent-on-screen-10552706_192=\"880\" data-gtm-vis-first-on-screen-10552706_192=\"880\" data-gtm-vis-total-visible-time-10552706_192=\"100\" data-gtm-vis-has-fired-10552706_192=\"1\" data-gtm-vis-recent-on-screen-10552706_193=\"886\" data-gtm-vis-first-on-screen-10552706_193=\"886\" data-gtm-vis-total-visible-time-10552706_193=\"100\" data-gtm-vis-has-fired-10552706_193=\"1\" data-gtm-vis-recent-on-screen-10552706_194=\"890\" data-gtm-vis-first-on-screen-10552706_194=\"890\" data-gtm-vis-total-visible-time-10552706_194=\"100\" data-gtm-vis-has-fired-10552706_194=\"1\" data-gtm-vis-has-fired-10552706_195=\"1\" data-gtm-vis-recent-on-screen-10552706_196=\"895\" data-gtm-vis-first-on-screen-10552706_196=\"895\" data-gtm-vis-total-visible-time-10552706_196=\"100\" data-gtm-vis-has-fired-10552706_196=\"1\" data-gtm-vis-recent-on-screen-10552706_217=\"899\" data-gtm-vis-first-on-screen-10552706_217=\"899\" data-gtm-vis-total-visible-time-10552706_217=\"100\" data-gtm-vis-has-fired-10552706_217=\"1\"><span style=\"font-size: 12pt;\"><strong>Cam\u00e9ra r\u00e9seau WizMind Bullet \u00e0 focale variable 4MP<\/strong><\/span><\/h1>\n<div data-v-5fe8c490=\"\">\n<ul>\n<li>Capteur d&#8217;image CMOS 4MP, 1\/1,8&#8243;, faible \u00e9clairement, haute d\u00e9finition d&#8217;image<\/li>\n<li>Sorties max. 4MP (2688 \u00d7 1520) @30 ips<\/li>\n<li>Max. Distance infrarouge : 60 m<\/li>\n<li>ROI, SMART H.264+\/H.265+, codage flexible, applicable \u00e0 divers environnements de bande passante et de stockage<\/li>\n<li>Mode de rotation, WDR, 3D DNR, HLC, BLC, filigrane num\u00e9rique, applicable \u00e0 diverses sc\u00e8nes de surveillance<\/li>\n<li>Alarme : 3 entr\u00e9es, 2 sorties ; audio\u00a0: 1 entr\u00e9e, 1 sortie\u00a0;\u00a0prend en charge max.\u00a0Carte Micro SD 256 Go<\/li>\n<li>Alimentation 12V DC\/PoE<\/li>\n<li>protection ePoE, IP67, IK10<\/li>\n<li>Rev\u00eatement anti-corrosion (optionnel)<\/li>\n<li>Prend en charge le montage de la bo\u00eete de jonction<\/li>\n<li>CMS Plus<\/li>\n<\/ul>\n<\/div>\n","protected":false},"featured_media":19660,"comment_status":"closed","ping_status":"closed","template":"","meta":{"om_disable_all_campaigns":false,"_monsterinsights_skip_tracking":false,"_monsterinsights_sitenote_active":false,"_monsterinsights_sitenote_note":"","_monsterinsights_sitenote_category":0},"product_cat":[829,319,860,303,691,451,302,752,822],"product_tag":[261,229,193,197,198,241,275,1093],"class_list":{"0":"post-19645","1":"product","2":"type-product","3":"status-publish","4":"has-post-thumbnail","6":"product_cat-4mp-wizmind","7":"product_cat-cameras-4mp-camera-fixe","8":"product_cat-cameras-de-surveillance","9":"product_cat-cameras-ip","10":"product_cat-comptage-de-personnes","11":"product_cat-detection-facial","12":"product_cat-produits-ip","13":"product_cat-protection-perimetrique","14":"product_cat-wizmind","15":"product_tag-camera-ip-dahua","16":"product_tag-dahua-agadir","17":"product_tag-dahua-casablanca","18":"product_tag-dahua-maroc","19":"product_tag-dahua-marrakech","20":"product_tag-dahua-oujda","21":"product_tag-dahua-settat","22":"product_tag-onstuck","23":"ts_product_brand-dahua","25":"first","26":"instock","27":"shipping-taxable","28":"purchasable","29":"product-type-simple","30":"add-to-wishlist-after_add_to_cart"},"aioseo_notices":[],"_links":{"self":[{"href":"https:\/\/tthcompany.ma\/index.php\/wp-json\/wp\/v2\/product\/19645","targetHints":{"allow":["GET"]}}],"collection":[{"href":"https:\/\/tthcompany.ma\/index.php\/wp-json\/wp\/v2\/product"}],"about":[{"href":"https:\/\/tthcompany.ma\/index.php\/wp-json\/wp\/v2\/types\/product"}],"replies":[{"embeddable":true,"href":"https:\/\/tthcompany.ma\/index.php\/wp-json\/wp\/v2\/comments?post=19645"}],"wp:featuredmedia":[{"embeddable":true,"href":"https:\/\/tthcompany.ma\/index.php\/wp-json\/wp\/v2\/media\/19660"}],"wp:attachment":[{"href":"https:\/\/tthcompany.ma\/index.php\/wp-json\/wp\/v2\/media?parent=19645"}],"wp:term":[{"taxonomy":"product_cat","embeddable":true,"href":"https:\/\/tthcompany.ma\/index.php\/wp-json\/wp\/v2\/product_cat?post=19645"},{"taxonomy":"product_tag","embeddable":true,"href":"https:\/\/tthcompany.ma\/index.php\/wp-json\/wp\/v2\/product_tag?post=19645"}],"curies":[{"name":"wp","href":"https:\/\/api.w.org\/{rel}","templated":true}]}}