{"id":19613,"date":"2022-08-17T10:40:15","date_gmt":"2022-08-17T10:40:15","guid":{"rendered":"https:\/\/tthcompany.ma\/?post_type=product&#038;p=19613"},"modified":"2023-07-08T09:16:31","modified_gmt":"2023-07-08T09:16:31","slug":"itc352-au3f-lzf1640","status":"publish","type":"product","link":"https:\/\/tthcompany.ma\/index.php\/product\/itc352-au3f-lzf1640\/","title":{"rendered":"ITC352-AU3F-LZF1640"},"content":{"rendered":"<table id=\"table001\" class=\"NEW-TABLE TableOverride-1 tab-drag\">\n<tbody>\n<tr>\n<td colspan=\"60\">Traitement d&#8217;image<\/td>\n<\/tr>\n<tr>\n<td colspan=\"18\">Capteur d&#8217;image<\/td>\n<td colspan=\"42\">1\/1.8&#8221; GS-CMOS<\/td>\n<\/tr>\n<tr>\n<td colspan=\"18\">Mode d&#8217;obturation<\/td>\n<td colspan=\"42\">Obturateur simple \/ double obturateurs holographiques \/ trois obturateurs<\/td>\n<\/tr>\n<tr>\n<td colspan=\"18\">Vitesse d&#8217;obturation \u00e9lectronique<\/td>\n<td colspan=\"42\">1\/50 s-1\/100000 s (auto\/manuel)<\/td>\n<\/tr>\n<tr>\n<td colspan=\"18\">Mode d&#8217;exposition<\/td>\n<td colspan=\"42\">Gamme enti\u00e8rement automatique\/personnalis\u00e9e\/personnalis\u00e9e<\/td>\n<\/tr>\n<tr>\n<td colspan=\"18\">Contr\u00f4le de l&#8217;iris<\/td>\n<td colspan=\"42\">Iris fixe\/iris manuel\/iris automatique\/iris P<\/td>\n<\/tr>\n<tr>\n<td colspan=\"18\">Lentille<\/td>\n<td colspan=\"42\">16mm\u201340mm<\/td>\n<\/tr>\n<tr>\n<td colspan=\"18\">R\u00e9solution de l&#8217;image<\/td>\n<td colspan=\"42\">2048\u00d71536 (bande noire OSD exclue)<\/td>\n<\/tr>\n<tr>\n<td colspan=\"18\">R\u00e9solution vid\u00e9o<\/td>\n<td colspan=\"42\">3M (2048\u00d71536)\/UXGA (1600\u00d71200)\/1080P (1920\u00d71080)\/720P (1280\u00d7720)\/D1 (704\u00d7576)\/CIF (352\u00d7288)<\/td>\n<\/tr>\n<tr>\n<td colspan=\"18\">Frame rate vid\u00e9o<\/td>\n<td colspan=\"42\">50 ips maximum\u00a0;\u00a0flux principal (1536\u00d72048@25fps), flux secondaire (1600\u00d71200@25fps)<\/td>\n<\/tr>\n<tr>\n<td colspan=\"18\">Bitrate vid\u00e9o<\/td>\n<td colspan=\"42\">H.264\u00a0: 32\u00a0kbit\/s \u00e0 32767\u00a0kbit\/s<br \/>\nH.265\u00a0: 32\u00a0kbit\/s \u00e0 32767\u00a0kbit\/s<br \/>\nMJPEG\u00a0: 512\u00a0kbit\/s \u00e0 32767\u00a0kbit\/s<\/td>\n<\/tr>\n<tr>\n<td colspan=\"18\">Compression de vid\u00e9o<\/td>\n<td colspan=\"42\">H.265\/H.264M\/H.264H\/H.264B\/MJPEG<\/td>\n<\/tr>\n<tr>\n<td colspan=\"18\">Format de codage d&#8217;image<\/td>\n<td colspan=\"42\">JPEG<\/td>\n<\/tr>\n<tr>\n<td colspan=\"18\">WDR<\/td>\n<td colspan=\"42\">64dB<\/td>\n<\/tr>\n<tr>\n<td colspan=\"18\">Balance des blancs<\/td>\n<td colspan=\"42\">Auto\/ext\u00e9rieur\/manuel\/balance des blancs locale\/lumi\u00e8re naturelle\/\u00e9clairage public<\/td>\n<\/tr>\n<tr>\n<td colspan=\"18\">R\u00e9duction de bruit<\/td>\n<td colspan=\"42\">2DNR\/3DNR<\/td>\n<\/tr>\n<tr>\n<td colspan=\"18\">Jour Nuit<\/td>\n<td colspan=\"42\">D\u00e9tecteur automatique ICR\u00a0: le filtre de coupure IR (IRCF) avec filtre polarisant est utilis\u00e9 pendant la journ\u00e9e, et il passe \u00e0 l&#8217;IRCF commun pendant la nuit<\/td>\n<\/tr>\n<tr>\n<td colspan=\"18\">HLC (compensation des hautes lumi\u00e8res)<\/td>\n<td colspan=\"42\">Oui<\/td>\n<\/tr>\n<tr>\n<td colspan=\"18\">Mauvaise correction des pixels<\/td>\n<td colspan=\"42\">Oui<\/td>\n<\/tr>\n<tr>\n<td colspan=\"18\">Am\u00e9lioration des contours<\/td>\n<td colspan=\"42\">Oui<\/td>\n<\/tr>\n<tr>\n<td colspan=\"18\">Num\u00e9ro de l&#8217;illuminateur<\/td>\n<td colspan=\"42\">3 illuminateurs (lumi\u00e8re blanche \u00e0 LED stroboscopique, luminosit\u00e9 r\u00e9glable)<\/td>\n<\/tr>\n<tr>\n<td colspan=\"60\">Les fonctions<\/td>\n<\/tr>\n<tr>\n<td colspan=\"18\">Image composite<\/td>\n<td colspan=\"42\">Prend en charge la composition de 1, 2, 3 ou 4 images<\/td>\n<\/tr>\n<tr>\n<td colspan=\"18\">Mode de d\u00e9clenchement<\/td>\n<td colspan=\"42\">D\u00e9tection vid\u00e9o\/radar\/bobine<\/td>\n<\/tr>\n<tr>\n<td colspan=\"18\">Superposition OSD<\/td>\n<td colspan=\"42\">Heure, emplacement (emplacement du canal vid\u00e9o), voie (num\u00e9ro, direction) et num\u00e9ro de plaque<\/td>\n<\/tr>\n<tr>\n<td colspan=\"18\">Espace de rangement<\/td>\n<td colspan=\"42\">FTP, carte TF (maximum 256 Go@Class10)<\/td>\n<\/tr>\n<tr>\n<td colspan=\"18\">\u00c9v\u00e9nement d&#8217;alarme<\/td>\n<td colspan=\"42\">Stockage plein, erreur de stockage, alarme externe, pas de carte de stockage, liste noire des plaques d&#8217;immatriculation, attitude anormale de l&#8217;appareil, acc\u00e8s ill\u00e9gal, d\u00e9connexion du r\u00e9seau et conflit IP<\/td>\n<\/tr>\n<tr>\n<td colspan=\"18\">R\u00e9approvisionnement automatique du r\u00e9seau (ANR)<\/td>\n<td colspan=\"42\">Plateforme, FTP<\/td>\n<\/tr>\n<tr>\n<td colspan=\"18\">Pr\u00e9vention de la falsification des images<\/td>\n<td colspan=\"42\">Oui.\u00a0Le filigrane et la v\u00e9rification sont disponibles pour les vid\u00e9os et les images<\/td>\n<\/tr>\n<tr>\n<td colspan=\"18\">Fonction de positionnement<\/td>\n<td colspan=\"42\">GPS\/Beidou<\/td>\n<\/tr>\n<tr>\n<td colspan=\"18\">Synchronisation de l&#8217;heure<\/td>\n<td colspan=\"42\">NTP\/GPS\/Beidou<\/td>\n<\/tr>\n<tr>\n<td colspan=\"18\">S\u00e9curit\u00e9<\/td>\n<td colspan=\"42\">Nom d&#8217;utilisateur et mot de passe autoris\u00e9s, liaison d&#8217;adresse MAC, cryptage HTTPS et contr\u00f4le d&#8217;acc\u00e8s au r\u00e9seau<\/td>\n<\/tr>\n<tr>\n<td colspan=\"18\">Enregistrement automatique<\/td>\n<td colspan=\"42\">Oui<\/td>\n<\/tr>\n<tr>\n<td colspan=\"60\">Intelligence<\/td>\n<\/tr>\n<tr>\n<td colspan=\"18\">D\u00e9tection de cible<\/td>\n<td colspan=\"42\">V\u00e9hicule \u00e0 moteur, non \u00e0 moteur<\/td>\n<\/tr>\n<tr>\n<td colspan=\"18\">D\u00e9tection facial<\/td>\n<td colspan=\"42\">D\u00e9tecte le conducteur et le passager avant du v\u00e9hicule \u00e0 moteur, et le conducteur de v\u00e9hicule non motoris\u00e9\u00a0;\u00a0extrait l&#8217;image du visage<\/td>\n<\/tr>\n<tr>\n<td colspan=\"18\">Reconnaissance de plaque de v\u00e9hicule<\/td>\n<td colspan=\"42\">Reconna\u00eet les plaques d&#8217;immatriculation en russe<\/td>\n<\/tr>\n<tr>\n<td colspan=\"18\">Reconnaissance du type de v\u00e9hicule<\/td>\n<td colspan=\"42\">Mode t\u00eate du v\u00e9hicule : autocar, minibus, SUV, monospace, pick-up, camion lourd, camion moyen, voiture, fourgon, camion<br \/>\nl\u00e9ger Mode arri\u00e8re du v\u00e9hicule : SUV, voiture, fourgon, autocar, pick-up, camion cargo, mini-camion, camion-citerne , camion malaxeur<\/td>\n<\/tr>\n<tr>\n<td colspan=\"18\">Reconnaissance des couleurs du v\u00e9hicule<\/td>\n<td colspan=\"42\">Blanc, rose, noir, rouge, jaune, gris, bleu, vert, ambre, violet, marron, gris argent\u00e9<\/td>\n<\/tr>\n<tr>\n<td colspan=\"18\">Instantan\u00e9 de violation des v\u00e9hicules \u00e0 moteur<\/td>\n<td colspan=\"42\">Mode ANPR\u00a0: conduite \u00e0 contresens, survitesse, sous-vitesse, d\u00e9sob\u00e9issance au panneau de direction de voie, ligne continue blanche crois\u00e9e, ligne continue jaune crois\u00e9e, changement de voie ill\u00e9gal, mesure de la vitesse vid\u00e9o\u00a0;<\/td>\n<\/tr>\n<tr>\n<td colspan=\"18\">Instantan\u00e9 d&#8217;infraction \u00e0 un v\u00e9hicule non motoris\u00e9<\/td>\n<td colspan=\"42\">Capture les infractions au code de la route, y compris le transport de passagers, le non-port de casque, la conduite \u00e0 contresens et l&#8217;occupation d&#8217;une autoroute<\/td>\n<\/tr>\n<tr>\n<td colspan=\"18\">D\u00e9tection de flux de trafic<\/td>\n<td colspan=\"42\">Statistiques sur le flux de v\u00e9hicules, la longueur de la file d&#8217;attente, la vitesse moyenne, l&#8217;occupation des voies, etc.\u00a0les statistiques peuvent \u00eatre export\u00e9es dans Excel<\/td>\n<\/tr>\n<tr>\n<td colspan=\"18\">D\u00e9tection d&#8217;\u00e9v\u00e9nements de trafic<\/td>\n<td colspan=\"42\">D\u00e9tecte le stationnement ill\u00e9gal et la conduite \u00e0 contresens des v\u00e9hicules \u00e0 moteur et les embouteillages<\/td>\n<\/tr>\n<tr>\n<td colspan=\"18\">M\u00e9tadonn\u00e9es vid\u00e9o<\/td>\n<td colspan=\"42\">V\u00e9hicules \u00e0 moteur: plaque d&#8217;immatriculation, type de v\u00e9hicule, la\u00a0couleur du v\u00e9hicule, la\u00a0couleur de la\u00a0plaque d&#8217;immatriculation, logo du v\u00e9hicule, et plus<br \/>\nV\u00e9hicule non-moteur: Type (deux-roues, trois-roues), transportant des\u00a0passagers ou non, portant un casque ou non, et la\u00a0couleur<\/td>\n<\/tr>\n<tr>\n<td colspan=\"60\">Ports<\/td>\n<\/tr>\n<tr>\n<td colspan=\"18\">Monture de lentilles<\/td>\n<td colspan=\"42\">monture C<\/td>\n<\/tr>\n<tr>\n<td colspan=\"18\">Contr\u00f4le de l&#8217;iris<\/td>\n<td colspan=\"42\">1, se connecte \u00e0 l&#8217;iris automatique ou \u00e0 l&#8217;iris P<\/td>\n<\/tr>\n<tr>\n<td colspan=\"18\">Contr\u00f4le de la mise au point<\/td>\n<td colspan=\"42\">1, se connecte \u00e0 la lentille vari-focale motoris\u00e9e<\/td>\n<\/tr>\n<tr>\n<td colspan=\"18\">Synchronisation de la source de fr\u00e9quence<\/td>\n<td colspan=\"42\">1, prend en charge la synchronisation de la cam\u00e9ra avec l&#8217;\u00e9lectricit\u00e9 secteur<\/td>\n<\/tr>\n<tr>\n<td colspan=\"18\">Lumi\u00e8re p\u00e9riph\u00e9rique<\/td>\n<td colspan=\"42\">7, sortie de signal optocoupleur (peut \u00eatre configur\u00e9 comme une interface de sortie de lumi\u00e8re clignotante ou de synchronisation stroboscopique \u00e0 LED, fr\u00e9quence r\u00e9glable)<\/td>\n<\/tr>\n<tr>\n<td colspan=\"18\">R\u00e9seau<\/td>\n<td colspan=\"42\">2 ports Ethernet RJ-45, transmission r\u00e9seau 10\/100\/1000M<\/td>\n<\/tr>\n<tr>\n<td colspan=\"18\">USB<\/td>\n<td colspan=\"42\">2 ports USB 3.0<\/td>\n<\/tr>\n<tr>\n<td colspan=\"18\">GPS<\/td>\n<td colspan=\"42\">1 prise GPS\/Beidou<\/td>\n<\/tr>\n<tr>\n<td colspan=\"18\">Espace de rangement<\/td>\n<td colspan=\"42\">1, prend en charge le stockage local maximum de la carte TF de 256 Go<\/td>\n<\/tr>\n<tr>\n<td colspan=\"18\">RS-485<\/td>\n<td colspan=\"42\">2, se connecte au d\u00e9tecteur de signal, au d\u00e9tecteur de v\u00e9hicule, \u00e0 la lumi\u00e8re clignotante, \u00e0 la lumi\u00e8re continue, etc.<\/td>\n<\/tr>\n<tr>\n<td colspan=\"18\">RS-232<\/td>\n<td colspan=\"42\">4 ports RS-232.\u00a03 pour la connexion radar et 1 pour le d\u00e9bogage du port s\u00e9rie<\/td>\n<\/tr>\n<tr>\n<td colspan=\"18\">E\/S<\/td>\n<td colspan=\"42\">4, entr\u00e9e de signal de capture du d\u00e9clencheur d&#8217;E\/S, partage avec alarme dans le port<\/td>\n<\/tr>\n<tr>\n<td colspan=\"18\">Entr\u00e9e d&#8217;alarme<\/td>\n<td colspan=\"42\">4, partager avec le port d&#8217;E\/S<\/td>\n<\/tr>\n<tr>\n<td colspan=\"18\">Sortie d&#8217;alarme<\/td>\n<td colspan=\"42\">2, sortie relais AO1 et sortie optocoupleur AO2, peuvent \u00eatre configur\u00e9es comme sortie d&#8217;alarme ou sortie d&#8217;essuie-glace selon les besoins<\/td>\n<\/tr>\n<tr>\n<td colspan=\"60\">G\u00e9n\u00e9ral<\/td>\n<\/tr>\n<tr>\n<td colspan=\"18\">Source de courant<\/td>\n<td colspan=\"42\">100 V CA\u2013240 V CA (50 Hz\/60 Hz)<\/td>\n<\/tr>\n<tr>\n<td colspan=\"18\">Consommation d&#8217;\u00e9nergie<\/td>\n<td colspan=\"42\">20W<\/td>\n<\/tr>\n<tr>\n<td colspan=\"18\">Temp\u00e9rature de fonctionnement<\/td>\n<td colspan=\"42\">\u221240\u00b0C \u00e0 +65\u00b0C (\u221240\u00b0F \u00e0 +149\u00b0F)<\/td>\n<\/tr>\n<tr>\n<td colspan=\"18\">humidit\u00e9 d&#8217;exploitation<\/td>\n<td colspan=\"42\">10 % \u00e0 90 %<\/td>\n<\/tr>\n<tr>\n<td colspan=\"18\">Niveau de protection<\/td>\n<td colspan=\"42\">IP66<\/td>\n<\/tr>\n<tr>\n<td colspan=\"18\">Dimensions<\/td>\n<td colspan=\"42\">540,00 mm \u00d7 207,79 mm \u00d7 198,14 mm<\/p>\n<p>(21,26&#8221;\u00d78,18&#8221;\u00d77,80&#8221;) (L\u00d7l\u00d7H)<\/td>\n<\/tr>\n<tr>\n<td colspan=\"18\">Poids net<\/td>\n<td colspan=\"42\">4,6 kg (10,14 lb)<\/td>\n<\/tr>\n<tr>\n<td colspan=\"18\">Poids brut<\/td>\n<td colspan=\"42\">6,6 kg (14,55 livres)<\/td>\n<\/tr>\n<tr>\n<td colspan=\"18\">Installation<\/td>\n<td colspan=\"42\">Pose de joint universel<\/td>\n<\/tr>\n<tr>\n<td colspan=\"18\">Adaptateur secteur<\/td>\n<td colspan=\"42\">Standard<\/td>\n<\/tr>\n<\/tbody>\n<\/table>\n","protected":false},"excerpt":{"rendered":"<h1 class=\"text\" data-gtm-vis-has-fired-10552706_181=\"1\" data-gtm-vis-recent-on-screen-10552706_184=\"1176\" data-gtm-vis-first-on-screen-10552706_184=\"1177\" data-gtm-vis-total-visible-time-10552706_184=\"100\" data-gtm-vis-has-fired-10552706_184=\"1\" data-gtm-vis-recent-on-screen-10552706_192=\"1178\" data-gtm-vis-first-on-screen-10552706_192=\"1178\" data-gtm-vis-total-visible-time-10552706_192=\"100\" data-gtm-vis-has-fired-10552706_192=\"1\" data-gtm-vis-recent-on-screen-10552706_193=\"1179\" data-gtm-vis-first-on-screen-10552706_193=\"1179\" data-gtm-vis-total-visible-time-10552706_193=\"100\" data-gtm-vis-has-fired-10552706_193=\"1\" data-gtm-vis-recent-on-screen-10552706_194=\"1181\" data-gtm-vis-first-on-screen-10552706_194=\"1181\" data-gtm-vis-total-visible-time-10552706_194=\"100\" data-gtm-vis-has-fired-10552706_194=\"1\" data-gtm-vis-has-fired-10552706_195=\"1\" data-gtm-vis-recent-on-screen-10552706_196=\"1184\" data-gtm-vis-first-on-screen-10552706_196=\"1184\" data-gtm-vis-total-visible-time-10552706_196=\"100\" data-gtm-vis-has-fired-10552706_196=\"1\" data-gtm-vis-recent-on-screen-10552706_217=\"1307\" data-gtm-vis-first-on-screen-10552706_217=\"1307\" data-gtm-vis-total-visible-time-10552706_217=\"100\" data-gtm-vis-has-fired-10552706_217=\"1\"><span style=\"font-size: 12pt;\"><strong>Cam\u00e9ra d&#8217;application AI 3MP<\/strong><\/span><\/h1>\n<ul>\n<li>Capteur d&#8217;images GS-CMOS.<\/li>\n<li>2048\u00d71536@50fps.<\/li>\n<li>Normes de compression vid\u00e9o : H.265\/H.264M\/H.264H\/H.264B\/MJPEG.<\/li>\n<li>Conception int\u00e9gr\u00e9e, IP66.<\/li>\n<\/ul>\n","protected":false},"featured_media":24223,"comment_status":"closed","ping_status":"closed","template":"","meta":{"om_disable_all_campaigns":false,"_monsterinsights_skip_tracking":false,"_monsterinsights_sitenote_active":false,"_monsterinsights_sitenote_note":"","_monsterinsights_sitenote_category":0},"product_cat":[860,574],"product_tag":[],"class_list":{"0":"post-19613","1":"product","2":"type-product","3":"status-publish","4":"has-post-thumbnail","6":"product_cat-cameras-de-surveillance","7":"product_cat-cameras-mobiles","9":"first","10":"instock","11":"shipping-taxable","12":"purchasable","13":"product-type-simple","14":"add-to-wishlist-after_add_to_cart"},"aioseo_notices":[],"_links":{"self":[{"href":"https:\/\/tthcompany.ma\/index.php\/wp-json\/wp\/v2\/product\/19613","targetHints":{"allow":["GET"]}}],"collection":[{"href":"https:\/\/tthcompany.ma\/index.php\/wp-json\/wp\/v2\/product"}],"about":[{"href":"https:\/\/tthcompany.ma\/index.php\/wp-json\/wp\/v2\/types\/product"}],"replies":[{"embeddable":true,"href":"https:\/\/tthcompany.ma\/index.php\/wp-json\/wp\/v2\/comments?post=19613"}],"wp:featuredmedia":[{"embeddable":true,"href":"https:\/\/tthcompany.ma\/index.php\/wp-json\/wp\/v2\/media\/24223"}],"wp:attachment":[{"href":"https:\/\/tthcompany.ma\/index.php\/wp-json\/wp\/v2\/media?parent=19613"}],"wp:term":[{"taxonomy":"product_cat","embeddable":true,"href":"https:\/\/tthcompany.ma\/index.php\/wp-json\/wp\/v2\/product_cat?post=19613"},{"taxonomy":"product_tag","embeddable":true,"href":"https:\/\/tthcompany.ma\/index.php\/wp-json\/wp\/v2\/product_tag?post=19613"}],"curies":[{"name":"wp","href":"https:\/\/api.w.org\/{rel}","templated":true}]}}