{"id":19607,"date":"2022-08-17T10:40:14","date_gmt":"2022-08-17T10:40:14","guid":{"rendered":"https:\/\/tthcompany.ma\/?post_type=product&#038;p=19607"},"modified":"2023-09-26T08:40:46","modified_gmt":"2023-09-26T08:40:46","slug":"epc230u-ptz","status":"publish","type":"product","link":"https:\/\/tthcompany.ma\/index.php\/product\/epc230u-ptz\/","title":{"rendered":"EPC230U-PTZ"},"content":{"rendered":"<div id=\"div_left\">\n<div class=\"div-drop\">\n<table id=\"table001\" class=\"NEW-TABLE TableOverride-1 tab-drag\">\n<tbody>\n<tr>\n<td colspan=\"60\">Cam\u00e9ra<\/td>\n<\/tr>\n<tr>\n<td colspan=\"18\">Capteur d&#8217;image<\/td>\n<td colspan=\"42\">CMOS STARVIS\u2122 1\/2,8&#8243;<\/td>\n<\/tr>\n<tr>\n<td colspan=\"18\">Pixels efficaces<\/td>\n<td colspan=\"42\">1920(H) x 1080(V), 2 m\u00e9gapixels<\/td>\n<\/tr>\n<tr>\n<td colspan=\"18\">RAM\/ROM<\/td>\n<td colspan=\"42\">512M\/128M<\/td>\n<\/tr>\n<tr>\n<td colspan=\"18\">Syst\u00e8me de num\u00e9risation<\/td>\n<td colspan=\"42\">Progressive<\/td>\n<\/tr>\n<tr>\n<td colspan=\"18\">Vitesse d&#8217;obturation \u00e9lectronique<\/td>\n<td colspan=\"42\">1\/1s~1\/30 000s<\/td>\n<\/tr>\n<tr>\n<td colspan=\"18\">\u00c9clairage minimum<\/td>\n<td colspan=\"42\">Couleur\u00a0: 0,005\u00a0Lux@F1.6\u00a0;\u00a0N\/B\u00a0: 0,0005 Lux@F1.6<\/td>\n<\/tr>\n<tr>\n<td colspan=\"18\">Distance infrarouge<\/td>\n<td colspan=\"42\">N \/ A<\/td>\n<\/tr>\n<tr>\n<td colspan=\"18\">Commande IR marche\/arr\u00eat<\/td>\n<td colspan=\"42\">N \/ A<\/td>\n<\/tr>\n<tr>\n<td colspan=\"18\">LED infrarouges<\/td>\n<td colspan=\"42\">N \/ A<\/td>\n<\/tr>\n<tr>\n<td colspan=\"18\">Essuie-glace<\/td>\n<td colspan=\"42\">Soutien<\/td>\n<\/tr>\n<tr>\n<td colspan=\"60\">Lentille<\/td>\n<\/tr>\n<tr>\n<td colspan=\"18\">Distance focale<\/td>\n<td colspan=\"42\">4,5\u00a0mm ~ 135\u00a0mm<\/td>\n<\/tr>\n<tr>\n<td colspan=\"18\">Max.\u00a0Ouverture<\/td>\n<td colspan=\"42\">F1.6 ~ F4.4<\/td>\n<\/tr>\n<tr>\n<td colspan=\"18\">Angle de vue<\/td>\n<td colspan=\"42\">H : 67,8\u00b0 ~ 2,4\u00b0<\/td>\n<\/tr>\n<tr>\n<td colspan=\"18\">Zoom optique<\/td>\n<td colspan=\"42\">30x<\/td>\n<\/tr>\n<tr>\n<td colspan=\"18\">Contr\u00f4le de la mise au point<\/td>\n<td colspan=\"42\">Auto\/Manuel<\/td>\n<\/tr>\n<tr>\n<td colspan=\"18\">Distance de mise au point rapproch\u00e9e<\/td>\n<td colspan=\"42\">100mm~ 1000mm<\/td>\n<\/tr>\n<tr>\n<td colspan=\"60\">Distance de DORI<\/td>\n<\/tr>\n<tr>\n<td colspan=\"60\">Remarque\u00a0:\u00a0La distance DORI est une distance de \u00ab\u00a0proximit\u00e9 g\u00e9n\u00e9rale\u00a0\u00bb qui permet de localiser facilement la cam\u00e9ra adapt\u00e9e \u00e0 vos besoins.\u00a0La distance DORI est calcul\u00e9e sur la base des sp\u00e9cifications du capteur et des r\u00e9sultats des tests de laboratoire conform\u00e9ment \u00e0 la norme EN 62676-4 qui d\u00e9finit les crit\u00e8res de d\u00e9tection, d&#8217;observation, de reconnaissance et d&#8217;identification respectivement.<\/td>\n<\/tr>\n<tr>\n<td colspan=\"18\">D\u00e9tecter<\/td>\n<td colspan=\"14\">Observer<\/td>\n<td colspan=\"14\">Reconna\u00eetre<\/td>\n<td colspan=\"14\">Identifier<\/td>\n<\/tr>\n<tr>\n<td colspan=\"18\">1862m (6109ft)<\/td>\n<td colspan=\"14\">744m(2441ft)<\/td>\n<td colspan=\"14\">372m(1220ft)<\/td>\n<td colspan=\"14\">186m (610ft)<\/td>\n<\/tr>\n<tr>\n<td colspan=\"60\">PTZ<\/td>\n<\/tr>\n<tr>\n<td colspan=\"18\">Plage de panoramique\/inclinaison<\/td>\n<td colspan=\"42\">Panoramique\u00a0: 0\u00b0 ~ 360\u00b0 sans fin\u00a0;\u00a0Inclinaison : -90\u00b0 ~ 90\u00b0<\/td>\n<\/tr>\n<tr>\n<td colspan=\"18\">Vitesse de contr\u00f4le manuel<\/td>\n<td colspan=\"42\">Panoramique\u00a0: 0,1\u00b0 ~40\u00b0 \/s\u00a0;\u00a0Inclinaison : 0,1\u00b0 ~40\u00b0 \/s<\/td>\n<\/tr>\n<tr>\n<td colspan=\"18\">Vitesse pr\u00e9d\u00e9finie<\/td>\n<td colspan=\"42\">Panoramique : 40\u00b0 \/s ;\u00a0Inclinaison : 40\u00b0 \/s<\/td>\n<\/tr>\n<tr>\n<td colspan=\"18\">Pr\u00e9configurations<\/td>\n<td colspan=\"42\">256<\/td>\n<\/tr>\n<tr>\n<td colspan=\"18\">Mode PTZ<\/td>\n<td colspan=\"42\">5 num\u00e9risations, 8 visites<\/td>\n<\/tr>\n<tr>\n<td colspan=\"18\">Configuration de la vitesse<\/td>\n<td colspan=\"42\">Adaptation focale\/vitesse ax\u00e9e sur l&#8217;humain<\/td>\n<\/tr>\n<tr>\n<td colspan=\"18\">Action de mise sous tension<\/td>\n<td colspan=\"42\">Restauration automatique \u00e0 l&#8217;\u00e9tat pr\u00e9c\u00e9dent du PTZ et de l&#8217;objectif apr\u00e8s une panne de courant<\/td>\n<\/tr>\n<tr>\n<td colspan=\"18\">Mouvement au ralenti<\/td>\n<td colspan=\"42\">Activer Preset\/Scan\/Tour s&#8217;il n&#8217;y a pas de commande dans la p\u00e9riode sp\u00e9cifi\u00e9e<\/td>\n<\/tr>\n<tr>\n<td colspan=\"18\">Protocole<\/td>\n<td colspan=\"42\">DH-SD, Pelco-P\/D (reconnaissance automatique)<\/td>\n<\/tr>\n<\/tbody>\n<\/table>\n<\/div>\n<\/div>\n<p>&nbsp;<\/p>\n<table id=\"table002\" class=\"NEW-TABLE TableOverride-1 tab-drag\">\n<tbody>\n<tr>\n<td colspan=\"60\">Vid\u00e9o<\/td>\n<\/tr>\n<tr>\n<td colspan=\"18\">Compression<\/td>\n<td colspan=\"42\">H.265+\/H.265\/H.264+\/H.264<\/td>\n<\/tr>\n<tr>\n<td colspan=\"18\">Capacit\u00e9 de diffusion en continu<\/td>\n<td colspan=\"42\">3 flux<\/td>\n<\/tr>\n<tr>\n<td colspan=\"18\">R\u00e9solution<\/td>\n<td colspan=\"42\">1080P(1920\u00d71080)\/1,3M(1280&#215;960)\/720P(1280\u00d7720)\/D1(704\u00d7576\/704\u00d7480)\/CIF(352\u00d7288\/352\u00d7240)<\/td>\n<\/tr>\n<tr>\n<td colspan=\"18\" rowspan=\"3\">Fr\u00e9quence d&#8217;images<\/td>\n<td colspan=\"42\">Flux principal\u00a0: 1080P\/1.3M\/720P (1~50\/60fps)<\/td>\n<\/tr>\n<tr>\n<td colspan=\"42\">Sous-flux1\u00a0:\u00a0D1\/CIF(1 ~ 25\/30fps)<\/td>\n<\/tr>\n<tr>\n<td colspan=\"42\">Sous-flux2\u00a0: 1080P\/1.3M\/720P (1 ~ 25\/30fps)<\/td>\n<\/tr>\n<tr>\n<td colspan=\"18\">Contr\u00f4le du d\u00e9bit binaire<\/td>\n<td colspan=\"42\">CBR\/VBR<\/td>\n<\/tr>\n<tr>\n<td colspan=\"18\">D\u00e9bit binaire<\/td>\n<td colspan=\"42\">H.265\/H.264\u00a0: 448K ~ 8192Kbps<\/td>\n<\/tr>\n<tr>\n<td colspan=\"18\">Jour Nuit<\/td>\n<td colspan=\"42\">Auto (ICR) \/ Couleur \/ N\/B<\/td>\n<\/tr>\n<tr>\n<td colspan=\"18\">Compensation de contre-jour<\/td>\n<td colspan=\"42\">BLC\/HLC\/WDR (120dB)<\/td>\n<\/tr>\n<tr>\n<td colspan=\"18\">Balance des blancs<\/td>\n<td colspan=\"42\">Auto, ATW, Int\u00e9rieur, Ext\u00e9rieur, Manuel<\/td>\n<\/tr>\n<tr>\n<td colspan=\"18\">Prendre le contr\u00f4le<\/td>\n<td colspan=\"42\">Automatique \/ Manuel<\/td>\n<\/tr>\n<tr>\n<td colspan=\"18\">R\u00e9duction de bruit<\/td>\n<td colspan=\"42\">Ultra DNR (2D\/3D)<\/td>\n<\/tr>\n<tr>\n<td colspan=\"18\">D\u00e9tection de mouvement<\/td>\n<td colspan=\"42\">Soutien<\/td>\n<\/tr>\n<tr>\n<td colspan=\"18\">R\u00e9gion d&#8217;int\u00e9r\u00eat<\/td>\n<td colspan=\"42\">Soutien<\/td>\n<\/tr>\n<tr>\n<td colspan=\"18\">Stabilisation d&#8217;image \u00e9lectronique (SIE)<\/td>\n<td colspan=\"42\">Soutien<\/td>\n<\/tr>\n<tr>\n<td colspan=\"18\">D\u00e9sembuage<\/td>\n<td colspan=\"42\">Soutien<\/td>\n<\/tr>\n<tr>\n<td colspan=\"18\">Zoom num\u00e9rique<\/td>\n<td colspan=\"42\">16x<\/td>\n<\/tr>\n<tr>\n<td colspan=\"18\">Retourner<\/td>\n<td colspan=\"42\">180\u00b0<\/td>\n<\/tr>\n<tr>\n<td colspan=\"60\">l&#8217;audio<\/td>\n<\/tr>\n<tr>\n<td colspan=\"18\">Compression<\/td>\n<td colspan=\"42\">G.711a\/G.711Mu\/AAC\/G.722\/G.726\/MPEG2-L2<\/td>\n<\/tr>\n<tr>\n<td colspan=\"60\">R\u00e9seau<\/td>\n<\/tr>\n<tr>\n<td colspan=\"18\">Ethernet<\/td>\n<td colspan=\"42\">RJ-45 (10Base-T\/100Base-TX)<\/td>\n<\/tr>\n<tr>\n<td colspan=\"18\">Protocole<\/td>\n<td colspan=\"42\">IPv4\/IPv6, HTTP, HTTPS, SSL, TCP\/IP, UDP, UPnP,<\/p>\n<p>ICMP, IGMP, SNMP, RTSP, RTP, SMTP, NTP, DHCP,<\/p>\n<p>DNS, PPPOE, DDNS, FTP,\u00a0filtre IP, QoS, Bonjour, 802.1x<\/td>\n<\/tr>\n<tr>\n<td colspan=\"18\">Interop\u00e9rabilit\u00e9<\/td>\n<td colspan=\"42\">Profil ONVIF S&amp;G, API<\/td>\n<\/tr>\n<tr>\n<td colspan=\"18\">M\u00e9thode de diffusion en continu<\/td>\n<td colspan=\"42\">Unicast \/ Multicast<\/td>\n<\/tr>\n<tr>\n<td colspan=\"18\">Max.\u00a0Acc\u00e8s utilisateur<\/td>\n<td colspan=\"42\">20 utilisateurs<\/td>\n<\/tr>\n<tr>\n<td colspan=\"18\">Stockage Edge<\/td>\n<td colspan=\"42\">NAS (stockage en r\u00e9seau), PC local pour enregistrement instantan\u00e9, carte Micro SD 256 Go<\/td>\n<\/tr>\n<tr>\n<td colspan=\"18\">Visionneuse Web<\/td>\n<td colspan=\"42\">IE, Chrome, Firefox, Safari<\/td>\n<\/tr>\n<tr>\n<td colspan=\"18\">Logiciel de gestion<\/td>\n<td colspan=\"42\">Smart PSS, DSS\u00a0<span lang=\"zh-CN\">,\u00a0<\/span><span lang=\"zh-CN\">DMSS<\/span><\/td>\n<\/tr>\n<tr>\n<td colspan=\"18\">T\u00e9l\u00e9phone intelligent<\/td>\n<td colspan=\"42\">IOS, Andro\u00efd<\/td>\n<\/tr>\n<tr>\n<td colspan=\"60\">Interface<\/td>\n<\/tr>\n<tr>\n<td colspan=\"18\">Interface vid\u00e9o<\/td>\n<td colspan=\"42\">1 port (BNC, 1.0V[pp], 75\u03a9)<\/td>\n<\/tr>\n<tr>\n<td colspan=\"18\">RS485<\/td>\n<td colspan=\"42\">1<\/td>\n<\/tr>\n<tr>\n<td colspan=\"18\">E\/S audio<\/td>\n<td colspan=\"42\">1\/1<\/td>\n<\/tr>\n<tr>\n<td colspan=\"18\">E\/S d&#8217;alarme<\/td>\n<td colspan=\"42\">2\/1<\/td>\n<\/tr>\n<tr>\n<td colspan=\"60\">Certifications<\/td>\n<\/tr>\n<tr>\n<td colspan=\"18\"><span class=\"A1\">Certifications<\/span><\/td>\n<td colspan=\"42\">ATEX : EN 60079-0\/EN 60079-1\/EN 60079-28\/EN60079-31<\/p>\n<p><span class=\"A1\">IECEx : IEC 60079-0\/IEC 60079-1\/EN 60079-28\/IEC 60079-31<br \/>\n<\/span><\/td>\n<\/tr>\n<tr>\n<td colspan=\"18\">Marquage antid\u00e9flagrant<\/td>\n<td colspan=\"42\"><span class=\"A1\">ATEX : II 2 G Ex db IIC T6 Gb, II 2 D Ex tb IIICT80\u00a0<\/span><span class=\"A1\">\u00b0\u00a0<span lang=\"EN-US\">C Db<\/span><\/span><\/p>\n<p><span class=\"A1\"><span lang=\"EN-US\">IECEx :Ex db IIC T6 Gb, Ex tb IIIC T80\u00a0\u00b0\u00a0C Db<br \/>\n<\/span><\/span><\/td>\n<\/tr>\n<\/tbody>\n<\/table>\n<p>&nbsp;<\/p>\n<div id=\"div_left\">\n<div class=\"div-drop\">\n<table id=\"table003\" class=\"NEW-TABLE TableOverride-1 tab-drag\">\n<tbody>\n<tr>\n<td colspan=\"60\">\u00c9lectrique<\/td>\n<\/tr>\n<tr>\n<td colspan=\"18\">Source de courant<\/td>\n<td colspan=\"42\">AC220V (AC100V ~ 240V)<\/td>\n<\/tr>\n<tr>\n<td colspan=\"18\">Consommation d&#8217;\u00e9nergie<\/td>\n<td colspan=\"42\">35W, 60W (chauffage allum\u00e9)<\/td>\n<\/tr>\n<tr>\n<td colspan=\"60\">Environnement<\/td>\n<\/tr>\n<tr>\n<td colspan=\"18\">Des conditions de fonctionnement<\/td>\n<td colspan=\"42\">-40\u00b0C ~ 60\u00b0C (-40\u00b0F ~ +140\u00b0F) \/ Moins de 95% RH<\/td>\n<\/tr>\n<tr>\n<td colspan=\"18\">Temp\u00e9rature de stockage<\/td>\n<td colspan=\"42\">-40\u00b0C ~ 65\u00b0C (-40\u00b0F ~ +149\u00b0F)<\/td>\n<\/tr>\n<tr>\n<td colspan=\"18\">Protection contre la p\u00e9n\u00e9tration<\/td>\n<td colspan=\"42\">IP68<\/td>\n<\/tr>\n<tr>\n<td colspan=\"18\">R\u00e9sistance au vandalisme<\/td>\n<td colspan=\"42\">N \/ A<\/td>\n<\/tr>\n<tr>\n<td colspan=\"60\">Construction<\/td>\n<\/tr>\n<tr>\n<td colspan=\"18\">Enveloppe<\/td>\n<td colspan=\"42\">Acier inoxydable 316L<\/td>\n<\/tr>\n<tr>\n<td colspan=\"18\">Dimensions<\/td>\n<td colspan=\"42\">\u03a6334mm\u00d7402mm\u00d7301mm<\/td>\n<\/tr>\n<tr>\n<td colspan=\"18\">Poids net<\/td>\n<td colspan=\"42\">23,3 kg (51,37 lb)<\/td>\n<\/tr>\n<tr>\n<td colspan=\"18\">Poids brut<\/td>\n<td colspan=\"42\">27,5 kg (60,63 lb)<\/td>\n<\/tr>\n<\/tbody>\n<\/table>\n<\/div>\n<\/div>\n","protected":false},"excerpt":{"rendered":"<h1 class=\"text\" data-gtm-vis-has-fired-10552706_181=\"1\" data-gtm-vis-recent-on-screen-10552706_184=\"669\" data-gtm-vis-first-on-screen-10552706_184=\"669\" data-gtm-vis-total-visible-time-10552706_184=\"100\" data-gtm-vis-has-fired-10552706_184=\"1\" data-gtm-vis-recent-on-screen-10552706_192=\"670\" data-gtm-vis-first-on-screen-10552706_192=\"670\" data-gtm-vis-total-visible-time-10552706_192=\"100\" data-gtm-vis-has-fired-10552706_192=\"1\" data-gtm-vis-recent-on-screen-10552706_193=\"671\" data-gtm-vis-first-on-screen-10552706_193=\"671\" data-gtm-vis-total-visible-time-10552706_193=\"100\" data-gtm-vis-has-fired-10552706_193=\"1\" data-gtm-vis-recent-on-screen-10552706_194=\"672\" data-gtm-vis-first-on-screen-10552706_194=\"672\" data-gtm-vis-total-visible-time-10552706_194=\"100\" data-gtm-vis-has-fired-10552706_194=\"1\" data-gtm-vis-has-fired-10552706_195=\"1\" data-gtm-vis-recent-on-screen-10552706_196=\"673\" data-gtm-vis-first-on-screen-10552706_196=\"673\" data-gtm-vis-total-visible-time-10552706_196=\"100\" data-gtm-vis-has-fired-10552706_196=\"1\" data-gtm-vis-recent-on-screen-10552706_217=\"674\" data-gtm-vis-first-on-screen-10552706_217=\"674\" data-gtm-vis-total-visible-time-10552706_217=\"100\" data-gtm-vis-has-fired-10552706_217=\"1\"><span style=\"font-size: 12pt;\"><strong>Syst\u00e8me de positionnement r\u00e9seau antid\u00e9flagrant 2MP 30x<\/strong><\/span><\/h1>\n<ul>\n<li>CMOS STARVIS\u2122 1\/2,8&#8243; 2 m\u00e9gapixels<\/li>\n<li>Zoom optique puissant 30x<\/li>\n<li>Bo\u00eetier en acier inoxydable 316L<\/li>\n<li>Technologie Starlight<\/li>\n<li>Encodage triple flux H.265\/H.264<\/li>\n<li>Max. 50\/60fps@1080P<\/li>\n<li>IP68<\/li>\n<\/ul>\n<p><img decoding=\"async\" class=\"alignnone size-medium wp-image-8165\" src=\"http:\/\/tthcompany.com\/wp-content\/uploads\/2021\/10\/20171107153421_77126-300x32.png\" alt=\"\" width=\"300\" height=\"32\" \/><\/p>\n","protected":false},"featured_media":19637,"comment_status":"closed","ping_status":"closed","template":"","meta":{"om_disable_all_campaigns":false,"_monsterinsights_skip_tracking":false,"_monsterinsights_sitenote_active":false,"_monsterinsights_sitenote_note":"","_monsterinsights_sitenote_category":0},"product_cat":[784,783],"product_tag":[1093],"class_list":{"0":"post-19607","1":"product","2":"type-product","3":"status-publish","4":"has-post-thumbnail","6":"product_cat-2mp-speciale","7":"product_cat-ptz-serie-speciale","8":"product_tag-onstuck","10":"first","11":"instock","12":"shipping-taxable","13":"purchasable","14":"product-type-simple","15":"add-to-wishlist-after_add_to_cart"},"aioseo_notices":[],"_links":{"self":[{"href":"https:\/\/tthcompany.ma\/index.php\/wp-json\/wp\/v2\/product\/19607","targetHints":{"allow":["GET"]}}],"collection":[{"href":"https:\/\/tthcompany.ma\/index.php\/wp-json\/wp\/v2\/product"}],"about":[{"href":"https:\/\/tthcompany.ma\/index.php\/wp-json\/wp\/v2\/types\/product"}],"replies":[{"embeddable":true,"href":"https:\/\/tthcompany.ma\/index.php\/wp-json\/wp\/v2\/comments?post=19607"}],"wp:featuredmedia":[{"embeddable":true,"href":"https:\/\/tthcompany.ma\/index.php\/wp-json\/wp\/v2\/media\/19637"}],"wp:attachment":[{"href":"https:\/\/tthcompany.ma\/index.php\/wp-json\/wp\/v2\/media?parent=19607"}],"wp:term":[{"taxonomy":"product_cat","embeddable":true,"href":"https:\/\/tthcompany.ma\/index.php\/wp-json\/wp\/v2\/product_cat?post=19607"},{"taxonomy":"product_tag","embeddable":true,"href":"https:\/\/tthcompany.ma\/index.php\/wp-json\/wp\/v2\/product_tag?post=19607"}],"curies":[{"name":"wp","href":"https:\/\/api.w.org\/{rel}","templated":true}]}}