{"id":19585,"date":"2022-08-17T10:39:48","date_gmt":"2022-08-17T10:39:48","guid":{"rendered":"https:\/\/tthcompany.ma\/?post_type=product&#038;p=19585"},"modified":"2023-09-26T15:28:01","modified_gmt":"2023-09-26T15:28:01","slug":"xvr5104hs-4kl-i3","status":"publish","type":"product","link":"https:\/\/tthcompany.ma\/index.php\/product\/xvr5104hs-4kl-i3\/","title":{"rendered":"XVR5104HS-4KL-I3"},"content":{"rendered":"<div id=\"div_left\">\n<div class=\"div-drop\">\n<table id=\"table001\" class=\"NEW-TABLE TableOverride-1 tab-drag\">\n<tbody>\n<tr>\n<td colspan=\"60\">Syst\u00e8me<\/td>\n<\/tr>\n<tr>\n<td colspan=\"18\">Processeur principal<\/td>\n<td colspan=\"42\">Embarqu\u00e9\u00a0p\u00a0rocessor<\/td>\n<\/tr>\n<tr>\n<td colspan=\"18\">Syst\u00e8me op\u00e9rateur<\/td>\n<td colspan=\"42\">Linux embarqu\u00e9<\/td>\n<\/tr>\n<tr>\n<td colspan=\"60\">Protection p\u00e9rim\u00e9trique<\/td>\n<\/tr>\n<tr>\n<td colspan=\"18\">Performance<\/td>\n<td colspan=\"42\">1 canal, 10 IVS pour chaque canal<\/td>\n<\/tr>\n<tr>\n<td colspan=\"18\">Classement des objets<\/td>\n<td colspan=\"42\">Reconnaissance secondaire homme\/v\u00e9hicule pour fil-pi\u00e8ge et intrusion<\/td>\n<\/tr>\n<tr>\n<td colspan=\"18\">Recherche IA<\/td>\n<td colspan=\"42\">Recherche par classification cible (Humain, V\u00e9hicule)<\/td>\n<\/tr>\n<tr>\n<td colspan=\"60\">Reconnaissance de visage<\/td>\n<\/tr>\n<tr>\n<td colspan=\"18\" rowspan=\"2\">Performance<\/td>\n<td colspan=\"42\">Max 8 images de visage\/sec traitement<\/td>\n<\/tr>\n<tr>\n<td colspan=\"42\">Reconnaissance faciale de flux vid\u00e9o \u00e0 1 canal, ne prend en charge que la cam\u00e9ra analogique<\/td>\n<\/tr>\n<tr>\n<td colspan=\"18\">Mode \u00e9tranger<\/td>\n<td colspan=\"42\">D\u00e9tectez les visages des inconnus (pas dans la base de donn\u00e9es des visages de l&#8217;appareil).\u00a0Le seuil de similarit\u00e9 peut \u00eatre d\u00e9fini manuellement<\/td>\n<\/tr>\n<tr>\n<td colspan=\"18\">Recherche IA<\/td>\n<td colspan=\"42\">Jusqu&#8217;\u00e0 8 images de visage cible recherch\u00e9es en m\u00eame temps, un seuil de similarit\u00e9 peut \u00eatre d\u00e9fini pour chaque image de visage cible<\/td>\n<\/tr>\n<tr>\n<td colspan=\"18\">Gestion de base de donn\u00e9es<\/td>\n<td colspan=\"42\">Jusqu&#8217;\u00e0 10 bases de donn\u00e9es de visages avec 20 000 images de visages au total.\u00a0Le nom, le sexe, la date de naissance, l&#8217;adresse, le type de certificat, le num\u00e9ro de certificat, les pays\u00ae et l&#8217;\u00e9tat peuvent \u00eatre ajout\u00e9s \u00e0 chaque image de visage<\/td>\n<\/tr>\n<tr>\n<td colspan=\"18\">Application de base de donn\u00e9es<\/td>\n<td colspan=\"42\">Chaque base de donn\u00e9es peut \u00eatre appliqu\u00e9e aux canaux vid\u00e9o ind\u00e9pendamment<\/td>\n<\/tr>\n<tr>\n<td colspan=\"18\">\u00c9v\u00e9nements d\u00e9clencheurs<\/td>\n<td colspan=\"42\">Buzzer, invites vocales, e-mail, instantan\u00e9, enregistrement, sortie d&#8217;alarme, activation PTZ, etc.<\/td>\n<\/tr>\n<tr>\n<td colspan=\"60\">CMS Plus<\/td>\n<\/tr>\n<tr>\n<td colspan=\"18\">Performance<\/td>\n<td colspan=\"42\">4 canaux<\/td>\n<\/tr>\n<tr>\n<td colspan=\"18\">Recherche IA<\/td>\n<td colspan=\"42\">Recherche par classification cible (Humain, V\u00e9hicule)<\/td>\n<\/tr>\n<tr>\n<td colspan=\"60\">Vid\u00e9o et audio<\/td>\n<\/tr>\n<tr>\n<td colspan=\"18\">Entr\u00e9e de cam\u00e9ra analogique<\/td>\n<td colspan=\"42\">4 canaux, BNC<\/td>\n<\/tr>\n<tr>\n<td colspan=\"18\">Entr\u00e9e cam\u00e9ra HDCVI<\/td>\n<td colspan=\"42\">4K, 6MP, 5MP, 4MP, 1080p \u00e0 25\/30 ips, 720p \u00e0 50\/60 ips, 720p \u00e0 25\/30 ips<\/td>\n<\/tr>\n<tr>\n<td colspan=\"18\">Entr\u00e9e cam\u00e9ra AHD<\/td>\n<td colspan=\"42\">4K, 5MP, 4MP, 3MP, 1080p \u00e0 25\/30 ips, 720p \u00e0 25\/30 ips<\/td>\n<\/tr>\n<tr>\n<td colspan=\"18\">Entr\u00e9e de la cam\u00e9ra TVI<\/td>\n<td colspan=\"42\">4K, 5MP, 4MP, 3MP, 1080p \u00e0 25\/30 ips, 720p \u00e0 25\/30 ips<\/td>\n<\/tr>\n<tr>\n<td colspan=\"18\">Entr\u00e9e cam\u00e9ra CVBS<\/td>\n<td colspan=\"42\">PAL\/NTSC<\/td>\n<\/tr>\n<tr>\n<td colspan=\"18\">Entr\u00e9e de cam\u00e9ra IP<\/td>\n<td colspan=\"42\">4+4 canaux, chaque canal jusqu&#8217;\u00e0 8MP<\/td>\n<\/tr>\n<tr>\n<td colspan=\"18\">Entr\u00e9e\/Sortie audio<\/td>\n<td colspan=\"42\">1\/1, RCA<\/td>\n<\/tr>\n<tr>\n<td colspan=\"18\">Conversation bidirectionnelle<\/td>\n<td colspan=\"42\">R\u00e9utiliser l&#8217;entr\u00e9e\/sortie audio, RCA<\/td>\n<\/tr>\n<tr>\n<td colspan=\"60\">Enregistrement<\/td>\n<\/tr>\n<tr>\n<td colspan=\"18\">Compression<\/td>\n<td colspan=\"42\">Codage AI\/H.265+\/H.265\/H.264+\/H.264<\/td>\n<\/tr>\n<tr>\n<td colspan=\"18\">R\u00e9solution<\/td>\n<td colspan=\"42\">4K\u00a0;\u00a06 m\u00e9gapixels\u00a0;\u00a05MP;\u00a04MP;\u00a03MP;\u00a04M-N;\u00a01080P;\u00a0720P;\u00a0960H\u00a0;\u00a0D1\u00a0;\u00a0CAF<\/td>\n<\/tr>\n<tr>\n<td colspan=\"18\">Taux d&#8217;enregistrement<\/td>\n<td colspan=\"42\">Flux principal\u00a0: tous les canaux 4K (1\u00a0ips\u20137\u00a0ips);\u00a06MP (1 ips\u2013<\/p>\n<p>10 ips);\u00a05MP (1 ips-12 ips) ;\u00a04MP\/3MP (1 ips\u201315 ips) ;\u00a04M-N\/1080p\/720p\/960H\/D1\/CIF (1 ips\u201325\/30 ips) ;<\/p>\n<p>Sous-cha\u00eene\u00a0: 960H (1\u00a0ips\u201315\u00a0ips)\u00a0;\u00a0D1\/CIF (1 ips\u201325\/30 ips)<\/td>\n<\/tr>\n<tr>\n<td colspan=\"18\">D\u00e9bit binaire<\/td>\n<td colspan=\"42\">32 kbps\u20136144 kbps par canal<\/td>\n<\/tr>\n<tr>\n<td colspan=\"18\">Mode d&#8217;enregistrement<\/td>\n<td colspan=\"42\">Manuel;\u00a0Horaire (g\u00e9n\u00e9ral, continu);\u00a0MD (d\u00e9tection vid\u00e9o\u00a0: d\u00e9tection de mouvement, perte vid\u00e9o, alt\u00e9ration)\u00a0;\u00a0Alarme;\u00a0Arr\u00eater<\/td>\n<\/tr>\n<\/tbody>\n<\/table>\n<\/div>\n<\/div>\n<div id=\"div_left\">\n<div class=\"div-drop\">\n<table id=\"table002\" class=\"NEW-TABLE TableOverride-1 tab-drag\">\n<tbody>\n<tr>\n<td colspan=\"18\">Intervalle d&#8217;enregistrement<\/td>\n<td colspan=\"42\">1 min \u00e0 60 min (par d\u00e9faut : 60 min), Pr\u00e9-enregistrement : 1 s \u00e0 30 s, Post-enregistrement : 10 s \u00e0 300 s<\/td>\n<\/tr>\n<tr>\n<td colspan=\"18\">Compression audio<\/td>\n<td colspan=\"42\">G.711A\u00a0;\u00a0G.711U\u00a0;\u00a0PCM<\/td>\n<\/tr>\n<tr>\n<td colspan=\"18\">Taux d&#8217;\u00e9chantillonnage audio<\/td>\n<td colspan=\"42\">8 KHz, 16 bits par canal<\/td>\n<\/tr>\n<tr>\n<td colspan=\"18\">Bitrate audio<\/td>\n<td colspan=\"42\">64 kbps par canal<\/td>\n<\/tr>\n<tr>\n<td colspan=\"60\">Affichage<\/td>\n<\/tr>\n<tr>\n<td colspan=\"18\">Interface<\/td>\n<td colspan=\"42\">1 HDMI\u00a0;\u00a01 VGA<\/td>\n<\/tr>\n<tr>\n<td colspan=\"18\">R\u00e9solution<\/td>\n<td colspan=\"42\">HDMI\u00a0: 3840 \u00d7 2160, 1920 \u00d7 1080, 1280 \u00d7 1024, 1280 \u00d7 720<\/p>\n<p>VGA\u00a0: 1920 \u00d7 1080, 1280 \u00d7 1024, 1280 \u00d7 720<\/td>\n<\/tr>\n<tr>\n<td colspan=\"18\">Affichage multi-\u00e9crans<\/td>\n<td colspan=\"42\">Lorsque le mode d&#8217;extension IP n&#8217;est pas activ\u00e9\u00a0: 1\/4<\/p>\n<p>Lorsque le mode d&#8217;extension IP est activ\u00e9\u00a0: 1\/4\/8\/9<\/td>\n<\/tr>\n<tr>\n<td colspan=\"18\">OSD<\/td>\n<td colspan=\"42\">Titre de la cam\u00e9ra\u00a0;\u00a0Temps;\u00a0Perte vid\u00e9o\u00a0;\u00a0Verrouillage de la cam\u00e9ra\u00a0;\u00a0D\u00e9tection de mouvement;\u00a0Enregistrement<\/td>\n<\/tr>\n<tr>\n<td colspan=\"60\">R\u00e9seau<\/td>\n<\/tr>\n<tr>\n<td colspan=\"18\">Interface<\/td>\n<td colspan=\"42\">1 port RJ-45 (100 Mo)<\/td>\n<\/tr>\n<tr>\n<td colspan=\"18\">Fonction r\u00e9seau<\/td>\n<td colspan=\"42\">HTTP\u00a0;\u00a0HTTPS\u00a0;\u00a0TCP\/IP\u00a0;\u00a0IPv4\/IPv6\u00a0;\u00a0Wifi;\u00a03G\/4G\u00a0;\u00a0SNMP ;\u00a0UPnP\u00a0;\u00a0RTSP\u00a0;\u00a0UDP\u00a0;\u00a0SMTP\u00a0;\u00a0NTP\u00a0;\u00a0DHCP\u00a0;\u00a0DNS\u00a0;\u00a0Filtre IP\u00a0;\u00a0PPPoE\u00a0;\u00a0DDNS\u00a0;\u00a0FTP\u00a0;\u00a0Serveur d&#8217;alarme\u00a0;\u00a0P2P\u00a0;\u00a0Recherche IP (Prend en charge la cam\u00e9ra IP Dahua, DVR, NVS, etc.)<\/td>\n<\/tr>\n<tr>\n<td colspan=\"18\">Max.\u00a0Acc\u00e8s utilisateur<\/td>\n<td colspan=\"42\">128 utilisateurs<\/td>\n<\/tr>\n<tr>\n<td colspan=\"18\">T\u00e9l\u00e9phone intelligent<\/td>\n<td colspan=\"42\">iPhone ;\u00a0iPad\u00a0;\u00a0Android<\/td>\n<\/tr>\n<tr>\n<td colspan=\"18\">Interop\u00e9rabilit\u00e9<\/td>\n<td colspan=\"42\">ONVIF 16.12, conforme CGI<\/td>\n<\/tr>\n<tr>\n<td colspan=\"60\">D\u00e9tection vid\u00e9o et alarme<\/td>\n<\/tr>\n<tr>\n<td colspan=\"18\">\u00c9v\u00e9nements d\u00e9clencheurs<\/td>\n<td colspan=\"42\">Enregistrement, PTZ, Tour, Video Push, Email, FTP, Snapshot, Buzzer et Screen Tips<\/td>\n<\/tr>\n<tr>\n<td colspan=\"18\">D\u00e9tection vid\u00e9o<\/td>\n<td colspan=\"42\">D\u00e9tection de mouvement, zones MD : 396 (22 \u00d7 18), perte vid\u00e9o, alt\u00e9ration et diagnostic<\/td>\n<\/tr>\n<tr>\n<td colspan=\"18\">Entr\u00e9e d&#8217;alarme<\/td>\n<td colspan=\"42\">N \/ A<\/td>\n<\/tr>\n<tr>\n<td colspan=\"18\">Sortie relais<\/td>\n<td colspan=\"42\">N \/ A<\/td>\n<\/tr>\n<tr>\n<td colspan=\"60\">Lecture et sauvegarde<\/td>\n<\/tr>\n<tr>\n<td colspan=\"18\">Relecture<\/td>\n<td colspan=\"42\">1\/4<\/td>\n<\/tr>\n<tr>\n<td colspan=\"18\">Mode de recherche<\/td>\n<td colspan=\"42\">Heure\/Date, Alarme, MD et Recherche exacte (pr\u00e9cision \u00e0 la seconde)<\/td>\n<\/tr>\n<tr>\n<td colspan=\"18\">Fonction de lecture<\/td>\n<td colspan=\"42\">Jouer;\u00a0Pause;\u00a0Arr\u00eater;\u00a0Rembobiner;\u00a0Jeu rapide;\u00a0Lecture lente\u00a0;\u00a0Fichier suivant\u00a0;\u00a0Fichier pr\u00e9c\u00e9dent\u00a0;\u00a0Cam\u00e9ra suivante\u00a0;\u00a0Appareil photo pr\u00e9c\u00e9dent\u00a0;\u00a0Plein \u00e9cran;\u00a0R\u00e9p\u00e9ter;\u00a0M\u00e9langer;\u00a0S\u00e9lection de sauvegarde\u00a0;\u00a0Zoom num\u00e9rique<\/td>\n<\/tr>\n<tr>\n<td colspan=\"18\">Mode de sauvegarde<\/td>\n<td colspan=\"42\">P\u00e9riph\u00e9rique\/r\u00e9seau USB<\/td>\n<\/tr>\n<tr>\n<td colspan=\"60\">Espace de rangement<\/td>\n<\/tr>\n<tr>\n<td colspan=\"18\">Disque dur interne<\/td>\n<td colspan=\"42\">1 port SATA, jusqu&#8217;\u00e0 10 To de capacit\u00e9<\/td>\n<\/tr>\n<tr>\n<td colspan=\"18\">eSATA<\/td>\n<td colspan=\"42\">N \/ A<\/td>\n<\/tr>\n<tr>\n<td colspan=\"60\">Interface auxiliaire<\/td>\n<\/tr>\n<tr>\n<td colspan=\"18\">USB<\/td>\n<td colspan=\"42\">2 ports USB (USB 2.0)<\/td>\n<\/tr>\n<tr>\n<td colspan=\"18\">RS485<\/td>\n<td colspan=\"42\">1 port, pour le contr\u00f4le PTZ<\/td>\n<\/tr>\n<tr>\n<td colspan=\"18\">RS232<\/td>\n<td colspan=\"42\">N \/ A<\/td>\n<\/tr>\n<tr>\n<td colspan=\"60\">\u00c9lectrique<\/td>\n<\/tr>\n<tr>\n<td colspan=\"18\">Source de courant<\/td>\n<td colspan=\"42\">CC 12V\/2A<\/td>\n<\/tr>\n<tr>\n<td colspan=\"18\">Consommation d&#8217;\u00e9nergie<\/p>\n<p>(Sans disque dur)<\/td>\n<td colspan=\"42\">&lt; 7W<\/td>\n<\/tr>\n<\/tbody>\n<\/table>\n<\/div>\n<\/div>\n<div id=\"div_left\">\n<div class=\"div-drop\">\n<table id=\"table003\" class=\"NEW-TABLE TableOverride-1 tab-drag\">\n<tbody>\n<tr>\n<td colspan=\"60\">Dimensions (mm[pouce])<\/td>\n<\/tr>\n<\/tbody>\n<\/table>\n<\/div>\n<\/div>\n<div id=\"div_left\">\n<div class=\"div-drop\">\n<table id=\"table004\" class=\"NEW-TABLE TableOverride-1 tab-drag\">\n<tbody>\n<tr>\n<td colspan=\"60\">Construction<\/td>\n<\/tr>\n<tr>\n<td colspan=\"18\">Dimensions<\/td>\n<td colspan=\"42\">Compact 1U, 260,0 mm \u00d7 237,9 mm \u00d7 47,6 mm<\/p>\n<p>(10,24&#8221; \u00d7 9,37&#8221; \u00d7 1,87&#8221;)<\/td>\n<\/tr>\n<tr>\n<td colspan=\"18\">Poids net<\/p>\n<p>(sans disque dur)<\/td>\n<td colspan=\"42\">0,53 kg (1,17 lb)<\/td>\n<\/tr>\n<tr>\n<td colspan=\"18\">Poids brut<\/td>\n<td colspan=\"42\"><span lang=\"zh-CN\">1,07 kg (2,36 livres)<\/span><\/td>\n<\/tr>\n<tr>\n<td colspan=\"18\">Installation<\/td>\n<td colspan=\"42\">Installation de bureau<\/td>\n<\/tr>\n<tr>\n<td colspan=\"60\">Environnement<\/td>\n<\/tr>\n<tr>\n<td colspan=\"18\">Des conditions de fonctionnement<\/td>\n<td colspan=\"42\">-10\u00b0C \u00e0 +55\u00b0C (+14\u00b0F \u00e0 +131\u00b0F), 0%-90% (HR)<\/td>\n<\/tr>\n<tr>\n<td colspan=\"18\">Conditions de stockage<\/td>\n<td colspan=\"42\">-20\u00b0C \u00e0 +70\u00b0C (-4\u00b0F \u00e0 +158\u00b0F) , 0%-90% (HR)<\/td>\n<\/tr>\n<tr>\n<td colspan=\"60\">Assistance tierce<\/td>\n<\/tr>\n<tr>\n<td colspan=\"18\">Assistance tierce<\/td>\n<td colspan=\"42\">Dahua, Arecont Vision, AXIS, Bosch, Brickcom, Canon, CP Plus, Dynacolor, Honeywell, Panasonic, Pelco, Samsung, Sanyo, Sony, Videotec, Vivotek, etc.<\/td>\n<\/tr>\n<tr>\n<td colspan=\"60\">Certifications<\/td>\n<\/tr>\n<tr>\n<td colspan=\"18\" rowspan=\"2\">Certifications<\/td>\n<td colspan=\"42\">FCC : Partie 15 Sous-partie B<\/td>\n<\/tr>\n<tr>\n<td colspan=\"42\">CE : CE-LVD : EN 60950-1\/CEI 60950-1<\/p>\n<p>CE-CEM : EN 61000-3-2 ;\u00a0EN 61000-3-3 ;\u00a0EN 55032\u00a0;\u00a0EN 50130\u00a0;\u00a0EN 55024<\/td>\n<\/tr>\n<\/tbody>\n<\/table>\n<\/div>\n<\/div>\n","protected":false},"excerpt":{"rendered":"<h1 class=\"text\" data-gtm-vis-recent-on-screen-10552706_181=\"922\" data-gtm-vis-first-on-screen-10552706_181=\"922\" data-gtm-vis-total-visible-time-10552706_181=\"100\" data-gtm-vis-has-fired-10552706_181=\"1\" data-gtm-vis-recent-on-screen-10552706_184=\"923\" data-gtm-vis-first-on-screen-10552706_184=\"923\" data-gtm-vis-total-visible-time-10552706_184=\"100\" data-gtm-vis-has-fired-10552706_184=\"1\" data-gtm-vis-recent-on-screen-10552706_192=\"924\" data-gtm-vis-first-on-screen-10552706_192=\"924\" data-gtm-vis-total-visible-time-10552706_192=\"100\" data-gtm-vis-has-fired-10552706_192=\"1\" data-gtm-vis-recent-on-screen-10552706_193=\"925\" data-gtm-vis-first-on-screen-10552706_193=\"925\" data-gtm-vis-total-visible-time-10552706_193=\"100\" data-gtm-vis-has-fired-10552706_193=\"1\" data-gtm-vis-recent-on-screen-10552706_194=\"925\" data-gtm-vis-first-on-screen-10552706_194=\"925\" data-gtm-vis-total-visible-time-10552706_194=\"100\" data-gtm-vis-has-fired-10552706_194=\"1\" data-gtm-vis-recent-on-screen-10552706_195=\"926\" data-gtm-vis-first-on-screen-10552706_195=\"926\" data-gtm-vis-total-visible-time-10552706_195=\"100\" data-gtm-vis-has-fired-10552706_195=\"1\" data-gtm-vis-recent-on-screen-10552706_196=\"926\" data-gtm-vis-first-on-screen-10552706_196=\"926\" data-gtm-vis-total-visible-time-10552706_196=\"100\" data-gtm-vis-has-fired-10552706_196=\"1\" data-gtm-vis-recent-on-screen-10552706_217=\"927\" data-gtm-vis-first-on-screen-10552706_217=\"927\" data-gtm-vis-total-visible-time-10552706_217=\"100\" data-gtm-vis-has-fired-10552706_217=\"1\"><span style=\"font-size: 12pt;\"><strong>Enregistreur vid\u00e9o num\u00e9rique 4 canaux Penta-brid 5MP compact 1U 1HDD WizSense<\/strong><\/span><\/h1>\n<ul>\n<li>Compression vid\u00e9o double flux H.265+\/H.265<\/li>\n<li>Prend en charge le codage AI \u00e0 canal complet<\/li>\n<li>Prend en charge les entr\u00e9es vid\u00e9o HDCVI\/AHD\/TVI\/CVBS\/IP<\/li>\n<li>Max 8 canaux d&#8217;entr\u00e9es de cam\u00e9ra IP, chaque canal jusqu&#8217;\u00e0 8MP ; Bande passante entrante max 64 Mbps<\/li>\n<li>Flux vid\u00e9o jusqu&#8217;\u00e0 1 canal (canal analogique) Protection du p\u00e9rim\u00e8tre<\/li>\n<li>Flux vid\u00e9o jusqu&#8217;\u00e0 4 canaux (canal analogique) SMD Plus<\/li>\n<li>Flux vid\u00e9o jusqu&#8217;\u00e0 1 canal (canal analogique) reconnaissance de visage humain<\/li>\n<li>Fonctionnalit\u00e9s IoT et POS<\/li>\n<\/ul>\n<p><img decoding=\"async\" class=\"alignnone size-medium wp-image-8124\" src=\"http:\/\/tthcompany.com\/wp-content\/uploads\/2021\/09\/20210120171240_61342-300x71.png\" alt=\"\" width=\"300\" height=\"71\" \/><\/p>\n","protected":false},"featured_media":19630,"comment_status":"closed","ping_status":"closed","template":"","meta":{"om_disable_all_campaigns":false,"_monsterinsights_skip_tracking":false,"_monsterinsights_sitenote_active":false,"_monsterinsights_sitenote_note":"","_monsterinsights_sitenote_category":0},"product_cat":[186,187,397,861],"product_tag":[229,195,197,241,201,909,1093,258,880,879,952],"class_list":{"0":"post-19585","1":"product","2":"type-product","3":"status-publish","4":"has-post-thumbnail","6":"product_cat-produits-hdcvi","7":"product_cat-xvr","8":"product_cat-xvr-4mp-5mp","9":"product_cat-xvr-intelligent","10":"product_tag-dahua-agadir","11":"product_tag-dahua-fes","12":"product_tag-dahua-maroc","13":"product_tag-dahua-oujda","14":"product_tag-dahua-tanger","15":"product_tag-dahua-xvr","16":"product_tag-onstuck","17":"product_tag-xvr","18":"product_tag-xvr-casabalannca","19":"product_tag-xvr-maroc","20":"product_tag-xvr-tanger","21":"ts_product_brand-dahua","23":"first","24":"instock","25":"shipping-taxable","26":"purchasable","27":"product-type-simple","28":"add-to-wishlist-after_add_to_cart"},"aioseo_notices":[],"_links":{"self":[{"href":"https:\/\/tthcompany.ma\/index.php\/wp-json\/wp\/v2\/product\/19585","targetHints":{"allow":["GET"]}}],"collection":[{"href":"https:\/\/tthcompany.ma\/index.php\/wp-json\/wp\/v2\/product"}],"about":[{"href":"https:\/\/tthcompany.ma\/index.php\/wp-json\/wp\/v2\/types\/product"}],"replies":[{"embeddable":true,"href":"https:\/\/tthcompany.ma\/index.php\/wp-json\/wp\/v2\/comments?post=19585"}],"wp:featuredmedia":[{"embeddable":true,"href":"https:\/\/tthcompany.ma\/index.php\/wp-json\/wp\/v2\/media\/19630"}],"wp:attachment":[{"href":"https:\/\/tthcompany.ma\/index.php\/wp-json\/wp\/v2\/media?parent=19585"}],"wp:term":[{"taxonomy":"product_cat","embeddable":true,"href":"https:\/\/tthcompany.ma\/index.php\/wp-json\/wp\/v2\/product_cat?post=19585"},{"taxonomy":"product_tag","embeddable":true,"href":"https:\/\/tthcompany.ma\/index.php\/wp-json\/wp\/v2\/product_tag?post=19585"}],"curies":[{"name":"wp","href":"https:\/\/api.w.org\/{rel}","templated":true}]}}