{"id":19584,"date":"2022-08-17T10:39:48","date_gmt":"2022-08-17T10:39:48","guid":{"rendered":"https:\/\/tthcompany.ma\/?post_type=product&#038;p=19584"},"modified":"2022-12-24T11:44:27","modified_gmt":"2022-12-24T11:44:27","slug":"hac-hfw1200t-a","status":"publish","type":"product","link":"https:\/\/tthcompany.ma\/index.php\/product\/hac-hfw1200t-a\/","title":{"rendered":"HAC-HFW1200T(-A)"},"content":{"rendered":"<table id=\"table001\" class=\"NEW-TABLE TableOverride-1 tab-drag\">\n<tbody>\n<tr>\n<td colspan=\"60\">Cam\u00e9ra<\/td>\n<\/tr>\n<tr>\n<td colspan=\"18\">Capteur d&#8217;image<\/td>\n<td colspan=\"42\">CMOS 1\/2,7 pouces<\/td>\n<\/tr>\n<tr>\n<td colspan=\"18\">Pixels efficaces<\/td>\n<td colspan=\"42\">1920(H)\u00d71080(V), 2MP<\/td>\n<\/tr>\n<tr>\n<td colspan=\"18\">Syst\u00e8me de num\u00e9risation<\/td>\n<td colspan=\"42\">Progressive<\/td>\n<\/tr>\n<tr>\n<td colspan=\"18\">Vitesse d&#8217;obturation \u00e9lectronique<\/td>\n<td colspan=\"42\">PAL : 1\/25s\u20131\/100000s<br \/>\nNTSC : 1\/30s\u20131\/100000s<\/td>\n<\/tr>\n<tr>\n<td colspan=\"18\">Rapport S\/B<\/td>\n<td colspan=\"42\">&gt;65dB<\/td>\n<\/tr>\n<tr>\n<td colspan=\"18\">\u00c9clairage minimum<\/td>\n<td colspan=\"42\">0.02Lux\/F1.9, 30IRE, 0Lux IR activ\u00e9<\/td>\n<\/tr>\n<tr>\n<td colspan=\"18\">Distance de travail de la lumi\u00e8re de remplissage<\/td>\n<td colspan=\"42\">30 m (98,4 pi)<\/td>\n<\/tr>\n<tr>\n<td colspan=\"18\">Commande IR marche\/arr\u00eat<\/td>\n<td colspan=\"42\">Auto;\u00a0Manuel<\/td>\n<\/tr>\n<tr>\n<td colspan=\"18\">Num\u00e9ro de LED infrarouge<\/td>\n<td colspan=\"42\">1<\/td>\n<\/tr>\n<tr>\n<td colspan=\"18\">Plage de panoramique\/inclinaison\/rotation<\/td>\n<td colspan=\"42\">Panoramique : 0\u00b0\u2013360\u00b0<br \/>\nInclinaison : 0\u00b0\u201390\u00b0<br \/>\nRotation : 0\u00b0\u2013360\u00b0<\/td>\n<\/tr>\n<tr>\n<td colspan=\"60\">Lentille<\/td>\n<\/tr>\n<tr>\n<td colspan=\"18\">Type d&#8217;objectif<\/td>\n<td colspan=\"42\">Focale fixe<\/td>\n<\/tr>\n<tr>\n<td colspan=\"18\">Type de monture<\/td>\n<td colspan=\"42\">M12<\/td>\n<\/tr>\n<tr>\n<td colspan=\"18\">Distance focale<\/td>\n<td colspan=\"42\">2,8 mm\u00a0;\u00a03,6 millim\u00e8tres ;\u00a06 millim\u00e8tres<\/td>\n<\/tr>\n<tr>\n<td colspan=\"18\">Max.\u00a0Ouverture<\/td>\n<td colspan=\"42\">F1.9<\/td>\n<\/tr>\n<tr>\n<td colspan=\"18\">Champ de vision<\/td>\n<td colspan=\"42\">2,8 mm : 119\u00b0 x 101\u00b0 x 54\u00b0<\/p>\n<p>(diagonale x horizontale x verticale)<br \/>\n3,6 mm : 100\u00b0 x 84\u00b0 x 45\u00b0<\/p>\n<p>(diagonale x horizontale x verticale)<br \/>\n6 mm : 60\u00b0 x 56\u00b0 x 30\u00b0 (diagonale x horizontale x verticale)<\/td>\n<\/tr>\n<tr>\n<td colspan=\"18\">Type d&#8217;iris<\/td>\n<td colspan=\"42\">Iris fixe<\/td>\n<\/tr>\n<tr>\n<td colspan=\"18\">Distance de mise au point rapproch\u00e9e<\/td>\n<td colspan=\"42\">2,8 mm : 0,5 m (1,7 pi)<br \/>\n3,6 mm : 0,8 m (2,6 pi)<br \/>\n6 mm : 2 m (6,6 pi)<\/td>\n<\/tr>\n<tr>\n<td colspan=\"18\" rowspan=\"3\">Distance de DORI<\/td>\n<td colspan=\"8\">Lentille<\/td>\n<td colspan=\"8\">D\u00e9tecter<\/td>\n<td colspan=\"8\">Observer<\/td>\n<td colspan=\"8\">Reconna\u00eetre<\/td>\n<td colspan=\"10\">Identifier<\/td>\n<\/tr>\n<tr>\n<td colspan=\"8\">2,8 mm<\/td>\n<td colspan=\"8\">38,6 m (126,6 pi)<\/td>\n<td colspan=\"8\">15,4 m (50,5 pi)<\/td>\n<td colspan=\"8\">7,7 m\u00e8tres<\/p>\n<p>(25,3 pieds)<\/td>\n<td colspan=\"10\">3,9 m\u00e8tres<\/p>\n<p>(12,8 pieds)<\/td>\n<\/tr>\n<tr>\n<td colspan=\"8\">3,6 mm<\/td>\n<td colspan=\"8\">49,7 m (163,1 pi)<\/td>\n<td colspan=\"8\">19,9 m (65,3 pi)<\/td>\n<td colspan=\"8\">9,9 m\u00e8tres<\/p>\n<p>(32,5 pieds)<\/td>\n<td colspan=\"10\">5 m\u00e8tres<\/p>\n<p>(16,4 pieds)<\/td>\n<\/tr>\n<tr>\n<td colspan=\"18\"><\/td>\n<td colspan=\"8\">6 millim\u00e8tres<\/td>\n<td colspan=\"8\">82,8 m (271,7 pi)<\/td>\n<td colspan=\"8\">33,1 m (108,6 pi)<\/td>\n<td colspan=\"8\">16,6 m (54,5 pi)<\/td>\n<td colspan=\"10\">8,3 m<\/p>\n<p>(27,2 pieds)<\/td>\n<\/tr>\n<tr>\n<td colspan=\"60\">Vid\u00e9o<\/td>\n<\/tr>\n<tr>\n<td colspan=\"18\">Fr\u00e9quence d&#8217;images<\/td>\n<td colspan=\"42\">CVI\u00a0:\u00a01080P@25\/30\u00a0ips\u00a0;\u00a0720P@25\/30fps\u00a0;\u00a0720P@50\/60fps\u00a0;<br \/>\nAHD\u00a0:\u00a01080P@25\/30\u00a0ips\u00a0;\u00a0720P@25\/30fps\u00a0;<br \/>\nTVI : 1080P@25\/30fps ;\u00a0720P@25\/30fps\u00a0;\u00a0720P@50\/60fps\u00a0;<br \/>\nCVBS : 960H<\/td>\n<\/tr>\n<tr>\n<td colspan=\"18\">R\u00e9solution<\/td>\n<td colspan=\"42\">1080P (1920 \u00d7 1080);\u00a0720P (1280\u00d7720) ;\u00a0960H (960\u00d7576\/960\u00d7480)<\/td>\n<\/tr>\n<tr>\n<td colspan=\"18\">Jour Nuit<\/td>\n<td colspan=\"42\">Commutation automatique par ICR<\/td>\n<\/tr>\n<tr>\n<td colspan=\"18\">BLC<\/td>\n<td colspan=\"42\">BLC\/HLC\/DWDR<\/td>\n<\/tr>\n<tr>\n<td colspan=\"18\">WDR<\/td>\n<td colspan=\"42\">DWDR<\/td>\n<\/tr>\n<tr>\n<td colspan=\"18\">Balance des blancs<\/td>\n<td colspan=\"42\">Auto;\u00a0Manuel<\/td>\n<\/tr>\n<tr>\n<td colspan=\"18\">Prendre le contr\u00f4le<\/td>\n<td colspan=\"42\">Auto;\u00a0Manuel<\/td>\n<\/tr>\n<tr>\n<td colspan=\"18\">R\u00e9duction de bruit<\/td>\n<td colspan=\"42\">NR 2D<\/td>\n<\/tr>\n<tr>\n<td colspan=\"18\">IR intelligent<\/td>\n<td colspan=\"42\">Oui<\/td>\n<\/tr>\n<tr>\n<td colspan=\"18\">D\u00e9sembuage \u00e9lectronique<\/td>\n<td colspan=\"42\">Oui<\/td>\n<\/tr>\n<tr>\n<td colspan=\"18\">Miroir<\/td>\n<td colspan=\"42\">\u00c9teint allum\u00e9<\/td>\n<\/tr>\n<tr>\n<td colspan=\"18\">Masquage de confidentialit\u00e9<\/td>\n<td colspan=\"42\">Off\/On (8 zone, rectangle)<\/td>\n<\/tr>\n<tr>\n<td colspan=\"60\">Certifications<\/td>\n<\/tr>\n<tr>\n<td colspan=\"18\">Certifications<\/td>\n<td colspan=\"42\">CE (EN55032:2015, EN 61000-3-2:2014, EN 61000-3-3:2013, EN55024:2010+A1:2015, EN 55035:2017, EN50130-4:2011+A1:2014)<br \/>\nFCC (CFR 47 FCC Partie 15 sous-partie B, ANSI C63.4-2014)<br \/>\nUL (UL60950-1+CAN\/CSA C22.2 No.60950-1)<\/td>\n<\/tr>\n<tr>\n<td colspan=\"60\">Port<\/td>\n<\/tr>\n<tr>\n<td colspan=\"18\">Sortie audio<\/td>\n<td colspan=\"42\">Micro int\u00e9gr\u00e9 \u00e0 un canal (-A)<\/td>\n<\/tr>\n<tr>\n<td colspan=\"18\">Sortie vid\u00e9o<\/td>\n<td colspan=\"42\">Choix de sortie vid\u00e9o de CVI\/TVI\/AHD\/CVBS par un port BNC<\/td>\n<\/tr>\n<tr>\n<td colspan=\"60\">Puissance<\/td>\n<\/tr>\n<tr>\n<td colspan=\"18\">Source de courant<\/td>\n<td colspan=\"42\">12V \u00b130% CC<\/td>\n<\/tr>\n<tr>\n<td colspan=\"18\">Consommation d&#8217;\u00e9nergie<\/td>\n<td colspan=\"42\">3,3 W maximum (12 V CC, IR activ\u00e9)<\/td>\n<\/tr>\n<tr>\n<td colspan=\"60\">Environnement<\/td>\n<\/tr>\n<tr>\n<td colspan=\"18\">Temp\u00e9rature de fonctionnement<\/td>\n<td colspan=\"42\">-40\u00b0C \u00e0 +60\u00b0C (-40\u00b0F \u00e0 140\u00b0F) ;\u00a0&lt;95\u00a0% (sans condensation)<\/td>\n<\/tr>\n<tr>\n<td colspan=\"18\">Temp\u00e9rature de stockage<\/td>\n<td colspan=\"42\">-40\u00b0C \u00e0 +60\u00b0C (-40\u00b0F \u00e0 140\u00b0F) ;\u00a0&lt;95\u00a0% (sans condensation)<\/td>\n<\/tr>\n<tr>\n<td colspan=\"18\">Niveau de protection<\/td>\n<td colspan=\"42\">IP67<\/td>\n<\/tr>\n<tr>\n<td colspan=\"60\">Structure<\/td>\n<\/tr>\n<tr>\n<td colspan=\"18\">Enveloppe<\/td>\n<td colspan=\"42\">Mental tout au long du bo\u00eetier<\/td>\n<\/tr>\n<tr>\n<td colspan=\"18\">Dimensions de la cam\u00e9ra<\/td>\n<td colspan=\"42\">174,5 mm \u00d7 72,3 mm \u00d7 70,6 mm (6,87&#8243; \u00d7 2,85&#8243; \u00d7 2,78&#8243;)<\/td>\n<\/tr>\n<tr>\n<td colspan=\"18\">Poids net<\/td>\n<td colspan=\"42\">0,36 kg (0,79 livre)<\/td>\n<\/tr>\n<tr>\n<td colspan=\"18\">Poids brut<\/td>\n<td colspan=\"42\">0,46 kg (1,01 lb)<\/td>\n<\/tr>\n<\/tbody>\n<\/table>\n","protected":false},"excerpt":{"rendered":"<h1 class=\"text\" data-gtm-vis-recent-on-screen-10552706_181=\"241\" data-gtm-vis-first-on-screen-10552706_181=\"241\" data-gtm-vis-total-visible-time-10552706_181=\"100\" data-gtm-vis-has-fired-10552706_181=\"1\" data-gtm-vis-recent-on-screen-10552706_184=\"242\" data-gtm-vis-first-on-screen-10552706_184=\"242\" data-gtm-vis-total-visible-time-10552706_184=\"100\" data-gtm-vis-has-fired-10552706_184=\"1\" data-gtm-vis-recent-on-screen-10552706_192=\"246\" data-gtm-vis-first-on-screen-10552706_192=\"246\" data-gtm-vis-total-visible-time-10552706_192=\"100\" data-gtm-vis-has-fired-10552706_192=\"1\" data-gtm-vis-recent-on-screen-10552706_193=\"250\" data-gtm-vis-first-on-screen-10552706_193=\"250\" data-gtm-vis-total-visible-time-10552706_193=\"100\" data-gtm-vis-has-fired-10552706_193=\"1\" data-gtm-vis-recent-on-screen-10552706_194=\"254\" data-gtm-vis-first-on-screen-10552706_194=\"254\" data-gtm-vis-total-visible-time-10552706_194=\"100\" data-gtm-vis-has-fired-10552706_194=\"1\" data-gtm-vis-recent-on-screen-10552706_195=\"258\" data-gtm-vis-first-on-screen-10552706_195=\"258\" data-gtm-vis-total-visible-time-10552706_195=\"100\" data-gtm-vis-has-fired-10552706_195=\"1\" data-gtm-vis-recent-on-screen-10552706_196=\"263\" data-gtm-vis-first-on-screen-10552706_196=\"263\" data-gtm-vis-total-visible-time-10552706_196=\"100\" data-gtm-vis-has-fired-10552706_196=\"1\" data-gtm-vis-recent-on-screen-10552706_217=\"346\" data-gtm-vis-first-on-screen-10552706_217=\"346\" data-gtm-vis-total-visible-time-10552706_217=\"100\" data-gtm-vis-has-fired-10552706_217=\"1\"><span style=\"font-size: 12pt;\"><strong>Cam\u00e9ra Bullet IR HDCVI 2MP<\/strong><\/span><\/h1>\n<div data-v-5fe8c490=\"\">\n<p>* Les param\u00e8tres et fiches techniques ci-dessous ne peuvent \u00eatre appliqu\u00e9s qu&#8217;\u00e0 la s\u00e9rie 1200-S5<\/p>\n<ul>\n<li>Max 30fps@1080P<\/li>\n<li>Sortie HD et SD commutable<\/li>\n<li>Objectif fixe 3,6 mm (2,8 mm, 6 mm en option)<\/li>\n<li>Micro int\u00e9gr\u00e9 (-A)<\/li>\n<li>Max. Longueur IR 30 m, IR intelligent<\/li>\n<li>IP67, DC12V<\/li>\n<\/ul>\n<p><img decoding=\"async\" class=\"alignnone size-medium wp-image-8096\" src=\"http:\/\/tthcompany.com\/wp-content\/uploads\/2021\/09\/20181116143259_28671-300x32.png\" alt=\"\" width=\"300\" height=\"32\" \/><\/p>\n<\/div>\n","protected":false},"featured_media":19629,"comment_status":"closed","ping_status":"closed","template":"","meta":{"om_disable_all_campaigns":false,"_monsterinsights_skip_tracking":false,"_monsterinsights_sitenote_active":false,"_monsterinsights_sitenote_note":"","_monsterinsights_sitenote_category":0},"product_cat":[421,251,860,186],"product_tag":[],"class_list":{"0":"post-19584","1":"product","2":"type-product","3":"status-publish","4":"has-post-thumbnail","6":"product_cat-2mp","7":"product_cat-cameras-2mp","8":"product_cat-cameras-de-surveillance","9":"product_cat-produits-hdcvi","11":"first","12":"instock","13":"shipping-taxable","14":"purchasable","15":"product-type-simple","16":"add-to-wishlist-after_add_to_cart"},"aioseo_notices":[],"_links":{"self":[{"href":"https:\/\/tthcompany.ma\/index.php\/wp-json\/wp\/v2\/product\/19584","targetHints":{"allow":["GET"]}}],"collection":[{"href":"https:\/\/tthcompany.ma\/index.php\/wp-json\/wp\/v2\/product"}],"about":[{"href":"https:\/\/tthcompany.ma\/index.php\/wp-json\/wp\/v2\/types\/product"}],"replies":[{"embeddable":true,"href":"https:\/\/tthcompany.ma\/index.php\/wp-json\/wp\/v2\/comments?post=19584"}],"wp:featuredmedia":[{"embeddable":true,"href":"https:\/\/tthcompany.ma\/index.php\/wp-json\/wp\/v2\/media\/19629"}],"wp:attachment":[{"href":"https:\/\/tthcompany.ma\/index.php\/wp-json\/wp\/v2\/media?parent=19584"}],"wp:term":[{"taxonomy":"product_cat","embeddable":true,"href":"https:\/\/tthcompany.ma\/index.php\/wp-json\/wp\/v2\/product_cat?post=19584"},{"taxonomy":"product_tag","embeddable":true,"href":"https:\/\/tthcompany.ma\/index.php\/wp-json\/wp\/v2\/product_tag?post=19584"}],"curies":[{"name":"wp","href":"https:\/\/api.w.org\/{rel}","templated":true}]}}