{"id":19560,"date":"2022-08-17T10:39:24","date_gmt":"2022-08-17T10:39:24","guid":{"rendered":"https:\/\/tthcompany.ma\/?post_type=product&#038;p=19560"},"modified":"2023-01-05T14:11:03","modified_gmt":"2023-01-05T14:11:03","slug":"ipc-hfw5541e-ze","status":"publish","type":"product","link":"https:\/\/tthcompany.ma\/index.php\/product\/ipc-hfw5541e-ze\/","title":{"rendered":"IPC-HFW5541E-ZE"},"content":{"rendered":"<div id=\"div_left\">\n<div class=\"div-drop\">\n<table id=\"table001\" class=\"NEW-TABLE TableOverride-1 tab-drag\">\n<tbody>\n<tr>\n<td colspan=\"60\"><strong><span style=\"font-size: 14pt;\">Cam\u00e9ra<\/span><\/strong><\/td>\n<\/tr>\n<tr>\n<td colspan=\"18\">Capteur d&#8217;image<\/td>\n<td colspan=\"42\">CMOS \u00e0 balayage progressif 1\/2,7&#8243; 5 m\u00e9gapixels<\/td>\n<\/tr>\n<tr>\n<td colspan=\"18\">Max.\u00a0R\u00e9solution<\/td>\n<td colspan=\"42\">2592 (H) \u00d7 1944 (V)<\/td>\n<\/tr>\n<tr>\n<td colspan=\"18\">RAM\/ROM<\/td>\n<td colspan=\"42\">1 Go\/128 Mo<\/td>\n<\/tr>\n<tr>\n<td colspan=\"18\">Syst\u00e8me de num\u00e9risation<\/td>\n<td colspan=\"42\">Progressive<\/td>\n<\/tr>\n<tr>\n<td colspan=\"18\">Vitesse d&#8217;obturation \u00e9lectronique<\/td>\n<td colspan=\"42\">Auto\/Manuel, 1\/3 s\u20131\/100000 s<\/td>\n<\/tr>\n<tr>\n<td colspan=\"18\">Rapport S\/B<\/td>\n<td colspan=\"42\">&gt; 56 dB<\/td>\n<\/tr>\n<tr>\n<td colspan=\"18\">\u00c9clairage minimum<\/td>\n<td colspan=\"42\">0,005 Lux@F1.5<\/td>\n<\/tr>\n<tr>\n<td colspan=\"18\">Distance d&#8217;\u00e9clairage<\/td>\n<td colspan=\"42\">Distance jusqu&#8217;\u00e0 50 m (164 pi)<\/td>\n<\/tr>\n<tr>\n<td colspan=\"18\">Contr\u00f4le marche\/arr\u00eat de l&#8217;illuminateur<\/td>\n<td colspan=\"42\">Auto\/Manuel<\/td>\n<\/tr>\n<tr>\n<td colspan=\"18\">Num\u00e9ro de l&#8217;illuminateur<\/td>\n<td colspan=\"42\">4 (LED infrarouge)<\/td>\n<\/tr>\n<tr>\n<td colspan=\"60\"><span style=\"font-size: 14pt;\"><strong>Lentille<\/strong><\/span><\/td>\n<\/tr>\n<tr>\n<td colspan=\"18\">Type d&#8217;objectif<\/td>\n<td colspan=\"42\">Vari-focale motoris\u00e9e<\/td>\n<\/tr>\n<tr>\n<td colspan=\"18\">Type de monture<\/td>\n<td colspan=\"42\">Embarquement<\/td>\n<\/tr>\n<tr>\n<td colspan=\"18\">Distance focale<\/td>\n<td colspan=\"42\">2,7 mm\u201313,5 mm<\/td>\n<\/tr>\n<tr>\n<td colspan=\"18\">Max.\u00a0Ouverture<\/td>\n<td colspan=\"42\">F1.5<\/td>\n<\/tr>\n<tr>\n<td colspan=\"18\">Angle de vue<\/td>\n<td colspan=\"42\">H : 100\u00b0\u201328\u00b0, V : 72\u00b0\u201321\u00b0 (2592 \u00d7 1944)<\/p>\n<p>H : 104\u00b0\u201329\u00b0, V : 55\u00b0\u201316\u00b0 (2688 \u00d7 1520)<\/td>\n<\/tr>\n<tr>\n<td colspan=\"18\">Type d&#8217;ouverture<\/td>\n<td colspan=\"42\">Auto<\/td>\n<\/tr>\n<tr>\n<td colspan=\"18\">Distance de mise au point rapproch\u00e9e<\/td>\n<td colspan=\"42\">0,8 m (2,62 pi)<\/td>\n<\/tr>\n<tr>\n<td colspan=\"18\" rowspan=\"3\">Distance de DORI<\/td>\n<td colspan=\"8\">Lentille<\/td>\n<td colspan=\"8\">D\u00e9tecter<\/td>\n<td colspan=\"8\">Observer<\/td>\n<td colspan=\"8\">Reconna\u00eetre<\/td>\n<td colspan=\"10\">Identifier<\/td>\n<\/tr>\n<tr>\n<td colspan=\"8\">W<\/td>\n<td colspan=\"8\">64 m (210 pi)<\/td>\n<td colspan=\"8\">26 m (85 pi)<\/td>\n<td colspan=\"8\">13 m (43 pi)<\/td>\n<td colspan=\"10\">6 m (20 pieds)<\/td>\n<\/tr>\n<tr>\n<td colspan=\"8\">T<\/td>\n<td colspan=\"8\">212 m (696 pieds)<\/td>\n<td colspan=\"8\">85 m (279 pi)<\/td>\n<td colspan=\"8\">42 m (138 pi)<\/td>\n<td colspan=\"10\">21 m (69 pi)<\/td>\n<\/tr>\n<tr>\n<td colspan=\"60\"><span style=\"font-size: 14pt;\"><strong>Panoramique\/Inclinaison\/Rotation<\/strong><\/span><\/td>\n<\/tr>\n<tr>\n<td colspan=\"18\">Plage de panoramique\/inclinaison\/rotation<\/td>\n<td colspan=\"42\">Panoramique\u00a0: 0\u02da\u2013360\u02da\u00a0;\u00a0Inclinaison\u00a0: 0\u02da\u201390\u02da\u00a0;\u00a0Rotation : 0\u02da\u2013360\u02da<\/td>\n<\/tr>\n<tr>\n<td colspan=\"60\"><span style=\"font-size: 14pt;\"><strong>Intelligence artificielle<\/strong><\/span><\/td>\n<\/tr>\n<tr>\n<td colspan=\"18\">D\u00e9tection facial<\/td>\n<td colspan=\"42\">D\u00e9tection facial;\u00a0Piste;\u00a0optimisation;\u00a0instantan\u00e9;\u00a0signaler une image de haute qualit\u00e9\u00a0;\u00a0am\u00e9lioration du visage;\u00a0exposition du visage;\u00a0extrait d&#8217;attribut du visage, 6 attributs et 8 expressions : Sexe, \u00e2ge, lunettes, expressions (col\u00e8re, calme, bonheur, tristesse, d\u00e9go\u00fbt, surprise, confusion et peur), masque, barbe ;\u00a0r\u00e9glage du tapis de visage : visage, photo d&#8217;un pouce ; trois m\u00e9thodes d&#8217;instantan\u00e9 : instantan\u00e9 en temps r\u00e9el, instantan\u00e9 d&#8217;optimisation, priorit\u00e9 de qualit\u00e9 ;\u00a0filtre d&#8217;angle de visage;\u00a0r\u00e9glage du temps d&#8217;optimisation<\/td>\n<\/tr>\n<tr>\n<td colspan=\"18\">Protection p\u00e9rim\u00e9trique<\/td>\n<td colspan=\"42\">fil de d\u00e9clenchement\u00a0;\u00a0intrusion;\u00a0mouvement rapide (les trois fonctions<\/p>\n<p>Soutenir la classification et la d\u00e9tection pr\u00e9cise<\/p>\n<p>du v\u00e9hicule et de l&#8217;homme);\u00a0d\u00e9tection de vagabondage;\u00a0gens<\/p>\n<p>la cueillette;\u00a0d\u00e9tection de stationnement<\/td>\n<\/tr>\n<tr>\n<td colspan=\"18\">Comptage de personnes<\/td>\n<td colspan=\"42\">Soutenir le comptage du nombre d&#8217;entr\u00e9e, laisser<\/p>\n<p>num\u00e9ro, et le num\u00e9ro de passe, et l&#8217;affichage et<\/p>\n<p>production de rapports annuels\/mensuels\/journaliers.<\/p>\n<p>Prend en charge le comptage du nombre dans la zone et 4 r\u00e8gles<\/p>\n<p>configuration.\u00a0Compter le nombre de personnes ou le temps de s\u00e9jour<\/p>\n<p>et lien d&#8217;alarme.<\/p>\n<p>Prise en charge de la gestion des files d&#8217;attente et 4 r\u00e8gles<\/p>\n<p>configuration.\u00a0Compter le nombre de personnes ou le temps de s\u00e9jour<\/p>\n<p>et lien alarme<\/td>\n<\/tr>\n<\/tbody>\n<\/table>\n<\/div>\n<\/div>\n<div id=\"div_left\">\n<div class=\"div-drop\">\n<table id=\"table002\" class=\"NEW-TABLE TableOverride-1 tab-drag\" style=\"width: 94.2071%; height: 2258px;\">\n<tbody>\n<tr style=\"height: 28px;\">\n<td style=\"width: 19.4907%; height: 28px;\" colspan=\"60\"><span style=\"font-size: 14pt;\"><strong>Intelligence g\u00e9n\u00e9rale<\/strong><\/span><\/td>\n<\/tr>\n<tr style=\"height: 48px;\">\n<td style=\"width: 9.45571%; height: 48px;\" colspan=\"18\">D\u00e9clencheur d&#8217;\u00e9v\u00e9nement<\/td>\n<td style=\"width: 10.035%; height: 48px;\" colspan=\"42\">D\u00e9tection de mouvement, falsification vid\u00e9o, changement de sc\u00e8ne, d\u00e9connexion r\u00e9seau, conflit d&#8217;adresse IP, acc\u00e8s ill\u00e9gal, anomalie de stockage<\/td>\n<\/tr>\n<tr style=\"height: 24px;\">\n<td style=\"width: 9.45571%; height: 24px;\" colspan=\"18\">Intelligence g\u00e9n\u00e9rale<\/td>\n<td style=\"width: 10.035%; height: 24px;\" colspan=\"42\">Objet abandonn\u00e9\/manquant<\/td>\n<\/tr>\n<tr style=\"height: 24px;\">\n<td style=\"width: 9.45571%; height: 24px;\" colspan=\"18\">Carte de chaleur<\/td>\n<td style=\"width: 10.035%; height: 24px;\" colspan=\"42\">Oui<\/td>\n<\/tr>\n<tr style=\"height: 24px;\">\n<td style=\"width: 19.4907%; height: 24px;\" colspan=\"60\"><span style=\"font-size: 14pt;\"><strong>Vid\u00e9o<\/strong><\/span><\/td>\n<\/tr>\n<tr style=\"height: 96px;\">\n<td style=\"width: 9.45571%; height: 96px;\" colspan=\"18\">Compression<\/td>\n<td style=\"width: 10.035%; height: 96px;\" colspan=\"42\">H.265, H.264, H.264B, H.264H,<\/p>\n<p>MJPEG (uniquement pris en charge par le sous-flux)<\/td>\n<\/tr>\n<tr style=\"height: 24px;\">\n<td style=\"width: 9.45571%; height: 24px;\" colspan=\"18\">Codec intelligent<\/td>\n<td style=\"width: 10.035%; height: 24px;\" colspan=\"42\">Intelligent H.265+\/ Intelligent H.264+<\/td>\n<\/tr>\n<tr style=\"height: 48px;\">\n<td style=\"width: 9.45571%; height: 48px;\" colspan=\"18\">Capacit\u00e9 de diffusion en continu<\/td>\n<td style=\"width: 10.035%; height: 48px;\" colspan=\"42\">3 flux<\/td>\n<\/tr>\n<tr style=\"height: 48px;\">\n<td style=\"width: 9.45571%; height: 48px;\" colspan=\"18\">R\u00e9solution<\/td>\n<td style=\"width: 10.035%; height: 48px;\" colspan=\"42\">2592 \u00d7 1944\u00a0<span lang=\"zh-CN\">\/<\/span>\u00a02688 \u00d7 1520\/2560 \u00d7 1440\/2304 \u00d7 1296\/1080P (1920 \u00d7 1080)\/1,3M (1280 \u00d7 960)\/720P (1280 \u00d7 720)\/D1 (704 \u00d7 576\/704 \u00d7 480)\/VGA (640 \u00d7 480)\/CIF (352 \u00d7 288\/352 \u00d7 240)<\/td>\n<\/tr>\n<tr style=\"height: 136px;\">\n<td style=\"width: 9.45571%; height: 256px;\" colspan=\"18\" rowspan=\"3\">Fr\u00e9quence d&#8217;images<\/td>\n<td style=\"width: 10.035%; height: 136px;\" colspan=\"42\">Flux principal : 2592 \u00d7 1944 (1 ips-20 ips)<\/p>\n<p>2560 \u00d7 1440 (1 ips\u201325\/30 ips)<\/p>\n<p>1920 \u00d7 1080 (1 ips\u201350\/60 ips)<\/td>\n<\/tr>\n<tr style=\"height: 96px;\">\n<td style=\"width: 10.035%; height: 96px;\" colspan=\"42\">Sous-flux\u00a0: D1 (1\u00a0ips\u201320\/30\u00a0ips)<\/p>\n<p>D1 (1 ips\u201350 ips)<\/td>\n<\/tr>\n<tr style=\"height: 24px;\">\n<td style=\"width: 10.035%; height: 24px;\" colspan=\"42\">Troisi\u00e8me flux\u00a0: 1080P (1\u00a0ips\u201317\u00a0ips)<\/td>\n<\/tr>\n<tr style=\"height: 48px;\">\n<td style=\"width: 9.45571%; height: 48px;\" colspan=\"18\">Contr\u00f4le du d\u00e9bit binaire<\/td>\n<td style=\"width: 10.035%; height: 48px;\" colspan=\"42\">CBR\/VBR<\/td>\n<\/tr>\n<tr style=\"height: 96px;\">\n<td style=\"width: 9.45571%; height: 96px;\" colspan=\"18\">D\u00e9bit binaire<\/td>\n<td style=\"width: 10.035%; height: 96px;\" colspan=\"42\">H.264\u00a0: 32\u00a0Kbit\/s \u00e0 8192\u00a0Kbit\/s<\/p>\n<p>H.265\u00a0: 19\u00a0Kbit\/s\u20138192\u00a0Kbit\/s<\/td>\n<\/tr>\n<tr style=\"height: 24px;\">\n<td style=\"width: 9.45571%; height: 24px;\" colspan=\"18\">Jour Nuit<\/td>\n<td style=\"width: 10.035%; height: 24px;\" colspan=\"42\">Auto(ICR)\/Couleur\/N\/B<\/td>\n<\/tr>\n<tr style=\"height: 24px;\">\n<td style=\"width: 9.45571%; height: 24px;\" colspan=\"18\">Mode BLC<\/td>\n<td style=\"width: 10.035%; height: 24px;\" colspan=\"42\">BLC\/HLC\/WDR (120 dB)<\/td>\n<\/tr>\n<tr style=\"height: 24px;\">\n<td style=\"width: 9.45571%; height: 24px;\" colspan=\"18\">Balance des blancs<\/td>\n<td style=\"width: 10.035%; height: 24px;\" colspan=\"42\">Auto\/Naturel\/R\u00e9verb\u00e8re\/Ext\u00e9rieur\/Manuel<\/td>\n<\/tr>\n<tr style=\"height: 24px;\">\n<td style=\"width: 9.45571%; height: 24px;\" colspan=\"18\">Prendre le contr\u00f4le<\/td>\n<td style=\"width: 10.035%; height: 24px;\" colspan=\"42\">Auto\/Manuel<\/td>\n<\/tr>\n<tr style=\"height: 24px;\">\n<td style=\"width: 9.45571%; height: 24px;\" colspan=\"18\">R\u00e9duction de bruit<\/td>\n<td style=\"width: 10.035%; height: 24px;\" colspan=\"42\">DNR 3D<\/td>\n<\/tr>\n<tr style=\"height: 48px;\">\n<td style=\"width: 9.45571%; height: 48px;\" colspan=\"18\">D\u00e9tection de mouvement<\/td>\n<td style=\"width: 10.035%; height: 48px;\" colspan=\"42\">Arr\u00eat\/Marche (4 zones, rectangle)<\/td>\n<\/tr>\n<tr style=\"height: 24px;\">\n<td style=\"width: 9.45571%; height: 24px;\" colspan=\"18\">R\u00e9gion d&#8217;int\u00e9r\u00eat<\/td>\n<td style=\"width: 10.035%; height: 24px;\" colspan=\"42\">Arr\u00eat\/Marche (4 zones)<\/td>\n<\/tr>\n<tr style=\"height: 48px;\">\n<td style=\"width: 9.45571%; height: 48px;\" colspan=\"18\">Stabilisation d&#8217;image \u00e9lectronique (SIE)<\/td>\n<td style=\"width: 10.035%; height: 48px;\" colspan=\"42\">Oui<\/td>\n<\/tr>\n<tr style=\"height: 24px;\">\n<td style=\"width: 9.45571%; height: 24px;\" colspan=\"18\">\u00c9clairage intelligent<\/td>\n<td style=\"width: 10.035%; height: 24px;\" colspan=\"42\">Oui<\/td>\n<\/tr>\n<tr style=\"height: 24px;\">\n<td style=\"width: 9.45571%; height: 24px;\" colspan=\"18\">D\u00e9sembuage<\/td>\n<td style=\"width: 10.035%; height: 24px;\" colspan=\"42\">Oui<\/td>\n<\/tr>\n<tr style=\"height: 24px;\">\n<td style=\"width: 9.45571%; height: 24px;\" colspan=\"18\">Retourner<\/td>\n<td style=\"width: 10.035%; height: 24px;\" colspan=\"42\">0\u00b0\/90\u00b0\/180\u00b0\/270\u00b0<\/td>\n<\/tr>\n<tr style=\"height: 24px;\">\n<td style=\"width: 9.45571%; height: 24px;\" colspan=\"18\">Miroir<\/td>\n<td style=\"width: 10.035%; height: 24px;\" colspan=\"42\">\u00c9teint allum\u00e9<\/td>\n<\/tr>\n<tr style=\"height: 48px;\">\n<td style=\"width: 9.45571%; height: 48px;\" colspan=\"18\">Masquage de confidentialit\u00e9<\/td>\n<td style=\"width: 10.035%; height: 48px;\" colspan=\"42\">Arr\u00eat\/Marche (4 zones, rectangle)<\/td>\n<\/tr>\n<tr style=\"height: 24px;\">\n<td style=\"width: 19.4907%; height: 24px;\" colspan=\"60\">l&#8217;audio<\/td>\n<\/tr>\n<tr style=\"height: 24px;\">\n<td style=\"width: 9.45571%; height: 24px;\" colspan=\"18\">Compression audio<\/td>\n<td style=\"width: 10.035%; height: 24px;\" colspan=\"42\">G.711a\u00a0,\u00a0G.711Mu\u00a0,\u00a0AAC\u00a0,\u00a0G.726\u00a0,\u00a0G.723<\/td>\n<\/tr>\n<tr style=\"height: 24px;\">\n<td style=\"width: 19.4907%; height: 24px;\" colspan=\"60\"><strong><span style=\"font-size: 14pt;\">Alarme<\/span><\/strong><\/td>\n<\/tr>\n<tr style=\"height: 96px;\">\n<td style=\"width: 9.45571%; height: 96px;\" colspan=\"18\">\u00c9v\u00e9nement d&#8217;alarme<\/td>\n<td style=\"width: 10.035%; height: 96px;\" colspan=\"42\">Aucune carte SD\u00a0; carte SD pleine\u00a0; erreur de carte SD\u00a0; d\u00e9connexion du r\u00e9seau\u00a0; conflit IP\u00a0; acc\u00e8s ill\u00e9gal\u00a0; d\u00e9tection de mouvement\u00a0; falsification vid\u00e9o\u00a0; d\u00e9tection de d\u00e9focalisation\u00a0; changement de sc\u00e8ne\u00a0; intrusion\u00a0; fil de d\u00e9clenchement\u00a0; objet abandonn\u00e9\u00a0; objet manquant\u00a0; d\u00e9placement rapide\u00a0; d\u00e9tection de stationnement; vagabondage d\u00e9tection;rassemblement de personnes;d\u00e9tection audio;comptage de personnes;d\u00e9tection de visage;d\u00e9tection de tension;Comptage de personnes dans la zone;Restez l&#8217;alarme;D\u00e9tection d&#8217;exception de num\u00e9ro de personne;Gestion de file d&#8217;attente<\/td>\n<\/tr>\n<tr style=\"height: 24px;\">\n<td style=\"width: 19.4907%; height: 24px;\" colspan=\"60\"><span style=\"font-size: 14pt;\"><strong>R\u00e9seau<\/strong><\/span><\/td>\n<\/tr>\n<tr style=\"height: 24px;\">\n<td style=\"width: 9.45571%; height: 24px;\" colspan=\"18\">R\u00e9seau<\/td>\n<td style=\"width: 10.035%; height: 24px;\" colspan=\"42\">RJ-45 (10\/100 Base-T)<\/td>\n<\/tr>\n<tr style=\"height: 24px;\">\n<td style=\"width: 9.45571%; height: 24px;\" colspan=\"18\">SDK et API<\/td>\n<td style=\"width: 10.035%; height: 24px;\" colspan=\"42\">Oui<\/td>\n<\/tr>\n<tr style=\"height: 48px;\">\n<td style=\"width: 9.45571%; height: 48px;\" colspan=\"18\">Protocole<\/td>\n<td style=\"width: 10.035%; height: 48px;\" colspan=\"42\">IPv4;IPv6;HTTP;HTTPS;TCP;UDP;ARP;RTP;RTSP;RTCP;RTMP;SMTP;FTP;SFTP;DHCP;DNS;DDNS;QoS;UPnP;NTP;Multidiffusion;ICMP;IGMP;NFS;PPPoE; 802.1x;SNMP<\/td>\n<\/tr>\n<tr style=\"height: 24px;\">\n<td style=\"width: 9.45571%; height: 24px;\" colspan=\"18\">Interop\u00e9rabilit\u00e9<\/td>\n<td style=\"width: 10.035%; height: 24px;\" colspan=\"42\">ONVIF\u00a0<span lang=\"zh-CN\">(<\/span>\u00a0Profil S\/Profil G\/Profil T\u00a0<span lang=\"zh-CN\">)<\/span>\u00a0, CGI, Milstone, Genetec, P2P<\/td>\n<\/tr>\n<tr style=\"height: 24px;\">\n<td style=\"width: 9.45571%; height: 24px;\" colspan=\"18\">Utilisateur\/H\u00f4te<\/td>\n<td style=\"width: 10.035%; height: 24px;\" colspan=\"42\">20 utilisateurs<\/td>\n<\/tr>\n<tr style=\"height: 96px;\">\n<td style=\"width: 9.45571%; height: 96px;\" colspan=\"18\">Stockage<\/td>\n<td style=\"width: 10.035%; height: 96px;\" colspan=\"42\">NAS;FTP;SFTP;Dahua Cloud<\/p>\n<p>Carte Micro SD 256 Go<\/td>\n<\/tr>\n<tr style=\"height: 96px;\">\n<td style=\"width: 9.45571%; height: 96px;\" colspan=\"18\">Le navigateur<\/td>\n<td style=\"width: 10.035%; height: 96px;\" colspan=\"42\">IE (versions plus r\u00e9centes que IE8), Chrome,<\/p>\n<p>Firefox, Safari (versions plus r\u00e9centes que Safari 12)<\/td>\n<\/tr>\n<tr style=\"height: 24px;\">\n<td style=\"width: 9.45571%; height: 24px;\" colspan=\"18\">Logiciel de gestion<\/td>\n<td style=\"width: 10.035%; height: 24px;\" colspan=\"42\">PSS, DSS, DMSS intelligents<\/td>\n<\/tr>\n<tr style=\"height: 24px;\">\n<td style=\"width: 9.45571%; height: 24px;\" colspan=\"18\">T\u00e9l\u00e9phone mobile<\/td>\n<td style=\"width: 10.035%; height: 24px;\" colspan=\"42\">iOS, Andro\u00efd<\/td>\n<\/tr>\n<tr style=\"height: 24px;\">\n<td style=\"width: 19.4907%; height: 24px;\" colspan=\"60\">Certifications<\/td>\n<\/tr>\n<tr style=\"height: 176px;\">\n<td style=\"width: 9.45571%; height: 176px;\" colspan=\"18\">Certifications<\/td>\n<td style=\"width: 10.035%; height: 176px;\" colspan=\"42\">CE-LVD : EN62368-1<\/p>\n<p>CE-EMC : Directive de compatibilit\u00e9 \u00e9lectromagn\u00e9tique 2014\/30\/UE<\/p>\n<p>FCC\u00a0: 47 CFR FCC partie 15, sous-partie B<\/p>\n<p>UL\/CUL : UL60950-1 CAN\/CSA C22.2 n\u00b060950-1-07<\/td>\n<\/tr>\n<tr style=\"height: 28px;\">\n<td style=\"width: 19.4907%; height: 28px;\" colspan=\"60\"><span style=\"font-size: 14pt;\"><strong>Interface<\/strong><\/span><\/td>\n<\/tr>\n<tr style=\"height: 24px;\">\n<td style=\"width: 9.45571%; height: 24px;\" colspan=\"18\">Interface audio<\/td>\n<td style=\"width: 10.035%; height: 24px;\" colspan=\"42\">Entr\u00e9e\/Sortie 1\/1 canal<\/td>\n<\/tr>\n<\/tbody>\n<\/table>\n<\/div>\n<\/div>\n<div id=\"div_left\">\n<div class=\"div-drop\">\n<table id=\"table003\" class=\"NEW-TABLE TableOverride-1 tab-drag\">\n<tbody>\n<tr>\n<td colspan=\"18\">Alarme<\/td>\n<td colspan=\"42\">Entr\u00e9e 2 canaux\u00a0: 5\u00a0mA 5\u00a0V CC<\/p>\n<p>Sortie 1 canal\u00a0: 300\u00a0mA 12\u00a0V CC<\/td>\n<\/tr>\n<tr>\n<td colspan=\"60\">\u00c9lectrique<\/td>\n<\/tr>\n<tr>\n<td colspan=\"18\">Source de courant<\/td>\n<td colspan=\"42\">DC 12V (\u00a0<span lang=\"zh-CN\">\u00b130%<\/span>\u00a0), PoE (802.3af)<\/td>\n<\/tr>\n<tr>\n<td colspan=\"18\">Consommation d&#8217;\u00e9nergie<\/td>\n<td colspan=\"42\">&lt;10.9W<\/td>\n<\/tr>\n<tr>\n<td colspan=\"60\">Environnement<\/td>\n<\/tr>\n<tr>\n<td colspan=\"18\">Des conditions de fonctionnement<\/td>\n<td colspan=\"42\">-30\u00b0 C \u00e0 +60\u00b0 C (-22\u00b0 F \u00e0 +140\u00b0 F) \/ Moins de 95% RH<\/td>\n<\/tr>\n<tr>\n<td colspan=\"18\">Conditions de stockage<\/td>\n<td colspan=\"42\">-40\u00b0 C \u00e0 +60\u00b0 C (-40\u00b0 F \u00e0 +140\u00b0 F)<\/td>\n<\/tr>\n<tr>\n<td colspan=\"18\">Niveau de protection<\/td>\n<td colspan=\"42\">IP67,IK10<\/td>\n<\/tr>\n<tr>\n<td colspan=\"60\">Construction<\/td>\n<\/tr>\n<tr>\n<td colspan=\"18\">Enveloppe<\/td>\n<td colspan=\"42\">M\u00e9tal, plastique<\/td>\n<\/tr>\n<tr>\n<td colspan=\"18\">Dimensions<\/td>\n<td colspan=\"42\">273,2 mm \u00d7 95,0 mm \u00d7 95,0 mm (10,76&#8243; \u00d7 3,74&#8243; \u00d7 3,74&#8243;)<\/td>\n<\/tr>\n<tr>\n<td colspan=\"18\">Poids net<\/td>\n<td colspan=\"42\">1,11 kg (2,44 livres)<\/td>\n<\/tr>\n<tr>\n<td colspan=\"18\">Poids brut<\/td>\n<td colspan=\"42\">1,51 kg (3,33 livres)<\/td>\n<\/tr>\n<\/tbody>\n<\/table>\n<\/div>\n<\/div>\n","protected":false},"excerpt":{"rendered":"<h1 class=\"text\" data-gtm-vis-first-on-screen-10552706_184=\"2599\" data-gtm-vis-first-on-screen-10552706_196=\"2600\" data-gtm-vis-first-on-screen-10552706_193=\"2601\" data-gtm-vis-recent-on-screen-10552706_181=\"2602\" data-gtm-vis-first-on-screen-10552706_181=\"2602\" data-gtm-vis-total-visible-time-10552706_181=\"100\" data-gtm-vis-has-fired-10552706_181=\"1\" data-gtm-vis-first-on-screen-10552706_217=\"2602\" data-gtm-vis-first-on-screen-10552706_192=\"2603\" data-gtm-vis-recent-on-screen-10552706_195=\"2603\" data-gtm-vis-first-on-screen-10552706_195=\"2603\" data-gtm-vis-total-visible-time-10552706_195=\"100\" data-gtm-vis-has-fired-10552706_195=\"1\" data-gtm-vis-first-on-screen-10552706_194=\"2604\" data-gtm-vis-recent-on-screen-10552706_184=\"79031\" data-gtm-vis-total-visible-time-10552706_184=\"100\" data-gtm-vis-has-fired-10552706_184=\"1\" data-gtm-vis-recent-on-screen-10552706_217=\"79036\" data-gtm-vis-total-visible-time-10552706_217=\"100\" data-gtm-vis-has-fired-10552706_217=\"1\" data-gtm-vis-recent-on-screen-10552706_192=\"79036\" data-gtm-vis-total-visible-time-10552706_192=\"100\" data-gtm-vis-has-fired-10552706_192=\"1\" data-gtm-vis-recent-on-screen-10552706_196=\"79037\" data-gtm-vis-total-visible-time-10552706_196=\"100\" data-gtm-vis-has-fired-10552706_196=\"1\" data-gtm-vis-recent-on-screen-10552706_194=\"79037\" data-gtm-vis-total-visible-time-10552706_194=\"100\" data-gtm-vis-has-fired-10552706_194=\"1\" data-gtm-vis-recent-on-screen-10552706_193=\"79064\" data-gtm-vis-total-visible-time-10552706_193=\"100\" data-gtm-vis-has-fired-10552706_193=\"1\"><strong><span style=\"font-size: 10pt;\">Cam\u00e9ra r\u00e9seau WizMind Bullet IR \u00e0 focale variable 5MP<\/span><\/strong><\/h1>\n<div data-v-5fe8c490=\"\">\n<ul>\n<li>CMOS \u00e0 balayage progressif 1\/2,7&#8243; 5 m\u00e9gapixels<\/li>\n<li>ROI, SMART H.264+\/H.265+, codage flexible, applicable \u00e0 divers environnements de bande passante et de stockage<\/li>\n<li>20 ips@2592 \u00d7 1944, 50\/60 ips@1080P (1920 \u00d7 1080)<\/li>\n<li>WDR (120 dB), Jour\/Nuit (ICR), 3D DNR, AWB, AGC, BLC<\/li>\n<li>Surveillance de plusieurs r\u00e9seaux : Web viewer, CMS (DSS\/PSS) &amp; DMSS<\/li>\n<li>Objectif motoris\u00e9 de 2,7 mm \u00e0 13,5 mm<\/li>\n<li>Entr\u00e9e\/sortie alarme 2\/1, entr\u00e9e\/sortie audio 1\/1<\/li>\n<li>Max. LED IR Longueur 50 m<\/li>\n<li>M\u00e9moire Micro SD, IP67, IK10<\/li>\n<\/ul>\n<p><img decoding=\"async\" class=\"alignnone wp-image-6874\" src=\"http:\/\/tthcompany.com\/wp-content\/uploads\/2021\/06\/20200729094743_35301-300x32.png\" alt=\"\" width=\"487\" height=\"52\" \/><\/p>\n<\/div>\n","protected":false},"featured_media":19601,"comment_status":"closed","ping_status":"closed","template":"","meta":{"om_disable_all_campaigns":false,"_monsterinsights_skip_tracking":false,"_monsterinsights_sitenote_active":false,"_monsterinsights_sitenote_note":"","_monsterinsights_sitenote_category":0},"product_cat":[657,516,303,691,302,752],"product_tag":[],"class_list":{"0":"post-19560","1":"product","2":"type-product","3":"status-publish","4":"has-post-thumbnail","6":"product_cat-5mp","7":"product_cat-cameras-5mp-cameras-hdcvi","8":"product_cat-cameras-ip","9":"product_cat-comptage-de-personnes","10":"product_cat-produits-ip","11":"product_cat-protection-perimetrique","13":"first","14":"instock","15":"shipping-taxable","16":"purchasable","17":"product-type-simple","18":"add-to-wishlist-after_add_to_cart"},"aioseo_notices":[],"_links":{"self":[{"href":"https:\/\/tthcompany.ma\/index.php\/wp-json\/wp\/v2\/product\/19560","targetHints":{"allow":["GET"]}}],"collection":[{"href":"https:\/\/tthcompany.ma\/index.php\/wp-json\/wp\/v2\/product"}],"about":[{"href":"https:\/\/tthcompany.ma\/index.php\/wp-json\/wp\/v2\/types\/product"}],"replies":[{"embeddable":true,"href":"https:\/\/tthcompany.ma\/index.php\/wp-json\/wp\/v2\/comments?post=19560"}],"wp:featuredmedia":[{"embeddable":true,"href":"https:\/\/tthcompany.ma\/index.php\/wp-json\/wp\/v2\/media\/19601"}],"wp:attachment":[{"href":"https:\/\/tthcompany.ma\/index.php\/wp-json\/wp\/v2\/media?parent=19560"}],"wp:term":[{"taxonomy":"product_cat","embeddable":true,"href":"https:\/\/tthcompany.ma\/index.php\/wp-json\/wp\/v2\/product_cat?post=19560"},{"taxonomy":"product_tag","embeddable":true,"href":"https:\/\/tthcompany.ma\/index.php\/wp-json\/wp\/v2\/product_tag?post=19560"}],"curies":[{"name":"wp","href":"https:\/\/api.w.org\/{rel}","templated":true}]}}