{"id":19558,"date":"2022-08-17T10:39:24","date_gmt":"2022-08-17T10:39:24","guid":{"rendered":"https:\/\/tthcompany.ma\/?post_type=product&#038;p=19558"},"modified":"2023-09-26T10:58:00","modified_gmt":"2023-09-26T10:58:00","slug":"ipc-hdbw5442e-ze","status":"publish","type":"product","link":"https:\/\/tthcompany.ma\/index.php\/product\/ipc-hdbw5442e-ze\/","title":{"rendered":"IPC-HDBW5442E-ZE"},"content":{"rendered":"<div id=\"div_left\">\n<div class=\"div-drop\">\n<table id=\"table001\" class=\"NEW-TABLE TableOverride-1 tab-drag\">\n<tbody>\n<tr>\n<td colspan=\"60\">\n<h2><span style=\"font-size: 14pt;\">Cam\u00e9ra<\/span><\/h2>\n<\/td>\n<\/tr>\n<tr>\n<td colspan=\"18\">Capteur d&#8217;image<\/td>\n<td colspan=\"42\">CMOS \u00e0 balayage progressif 1 \/ 1,8 &#8220;4 m\u00e9gapixels<\/td>\n<\/tr>\n<tr>\n<td colspan=\"18\">Pixels efficaces<\/td>\n<td colspan=\"42\">2688 (H) \u00d7 1520 (V)<\/td>\n<\/tr>\n<tr>\n<td colspan=\"18\">RAM \/ ROM<\/td>\n<td colspan=\"42\">1 Go \/ 128 Mo<\/td>\n<\/tr>\n<tr>\n<td colspan=\"18\">Syst\u00e8me de num\u00e9risation<\/td>\n<td colspan=\"42\">Progressive<\/td>\n<\/tr>\n<tr>\n<td colspan=\"18\">Vitesse d&#8217;obturation \u00e9lectronique<\/td>\n<td colspan=\"42\">Auto \/ Manuel, 1\/3 s \u2013 1\/100000 s<\/td>\n<\/tr>\n<tr>\n<td colspan=\"18\">Rapport S \/ N<\/td>\n<td colspan=\"42\">&gt; 56 dB<\/td>\n<\/tr>\n<tr>\n<td colspan=\"18\">Illumination minimum<\/td>\n<td colspan=\"42\">0,003 Lux@F1.8<\/td>\n<\/tr>\n<tr>\n<td colspan=\"18\">Distance d&#8217;\u00e9clairage<\/td>\n<td colspan=\"42\">Distance jusqu&#8217;\u00e0 40 m (131 ft)<\/td>\n<\/tr>\n<tr>\n<td colspan=\"18\">Contr\u00f4le marche \/ arr\u00eat de l&#8217;illuminateur<\/td>\n<td colspan=\"42\">Auto \/ Manuel<\/td>\n<\/tr>\n<tr>\n<td colspan=\"18\">Num\u00e9ro de l&#8217;illuminateur<\/td>\n<td colspan=\"42\">3 (LED IR)<\/td>\n<\/tr>\n<tr>\n<td colspan=\"60\">\n<h2><span style=\"font-size: 14pt;\">Lentille<\/span><\/h2>\n<\/td>\n<\/tr>\n<tr>\n<td colspan=\"18\">Type de lentille<\/td>\n<td colspan=\"42\">Vari-focale motoris\u00e9e<\/td>\n<\/tr>\n<tr>\n<td colspan=\"18\">Type de monture<\/td>\n<td colspan=\"42\">Embarquement<\/td>\n<\/tr>\n<tr>\n<td colspan=\"18\">Distance focale<\/td>\n<td colspan=\"42\">2,7 mm \u2013 12,0 mm<\/td>\n<\/tr>\n<tr>\n<td colspan=\"18\">Max.\u00a0Ouverture<\/td>\n<td colspan=\"42\">F1.8<\/td>\n<\/tr>\n<tr>\n<td colspan=\"18\">Angle de vue<\/td>\n<td colspan=\"42\">H: 114 \u00b0 \u201347 \u00b0, V: 62 \u00b0 \u201326 \u00b0<\/td>\n<\/tr>\n<tr>\n<td colspan=\"18\">Type d&#8217;ouverture<\/td>\n<td colspan=\"42\">Auto<\/td>\n<\/tr>\n<tr>\n<td colspan=\"18\">Distance de mise au point rapproch\u00e9e<\/td>\n<td colspan=\"42\">1,2 m (3,94 pieds)<\/td>\n<\/tr>\n<tr>\n<td colspan=\"18\" rowspan=\"3\">Distance DORI<\/td>\n<td colspan=\"8\">Lentille<\/td>\n<td colspan=\"8\">D\u00e9tecter<\/td>\n<td colspan=\"8\">Observer<\/td>\n<td colspan=\"8\">Reconna\u00eetre<\/td>\n<td colspan=\"10\">Identifier<\/td>\n<\/tr>\n<tr>\n<td colspan=\"8\">W<\/td>\n<td colspan=\"8\">58 m (190 pieds)<\/td>\n<td colspan=\"8\">23 m (75 pieds)<\/td>\n<td colspan=\"8\">12 m (39 pieds)<\/td>\n<td colspan=\"10\">6 m (20 pieds)<\/td>\n<\/tr>\n<tr>\n<td colspan=\"8\">T<\/td>\n<td colspan=\"8\">131m (430 pieds)<\/td>\n<td colspan=\"8\">52 m (171 pieds)<\/td>\n<td colspan=\"8\">26m (85 pieds)<\/td>\n<td colspan=\"10\">13 m (43 pieds)<\/td>\n<\/tr>\n<tr>\n<td colspan=\"60\">Panoramique \/ inclinaison \/ rotation<\/td>\n<\/tr>\n<tr>\n<td colspan=\"18\">Plage de panoramique \/ inclinaison \/ rotation<\/td>\n<td colspan=\"42\">Pan: 0\u02da \u2013 355\u02da;\u00a0Inclinaison: 0\u02da \u2013 65\u02da;\u00a0Rotation: 0\u02da \u2013 355\u02da<\/td>\n<\/tr>\n<tr>\n<td colspan=\"60\">Intelligence artificielle<\/td>\n<\/tr>\n<tr>\n<td colspan=\"18\">D\u00e9tection facial<\/td>\n<td colspan=\"42\">D\u00e9tection facial;\u00a0Piste;\u00a0optimisation;\u00a0instantan\u00e9;\u00a0rapporter une image de haute qualit\u00e9;\u00a0am\u00e9lioration du visage;\u00a0exposition du visage;\u00a0extrait d&#8217;attribut de visage, 6 attributs et 8 expressions: sexe, \u00e2ge, lunettes, expressions (col\u00e8re, calme, bonheur, tristesse, d\u00e9go\u00fbt, surprise, confusion et peur), masque, barbe;\u00a0r\u00e9glage du tapis de visage: visage, photo d&#8217;un seul pouce; trois m\u00e9thodes d&#8217;instantan\u00e9: instantan\u00e9 en temps r\u00e9el, instantan\u00e9 d&#8217;optimisation, priorit\u00e9 de qualit\u00e9;\u00a0filtre d&#8217;angle du visage;\u00a0r\u00e9glage du temps d&#8217;optimisation<\/td>\n<\/tr>\n<tr>\n<td colspan=\"18\">Protection p\u00e9rim\u00e9trique<\/td>\n<td colspan=\"42\">Tripwire;\u00a0intrusion;\u00a0mouvement rapide (les trois fonctions<\/p>\n<p>soutenir la classification et la d\u00e9tection pr\u00e9cise<\/p>\n<p>de v\u00e9hicule et humain);\u00a0d\u00e9tection de fl\u00e2nerie;\u00a0gens<\/p>\n<p>la cueillette;\u00a0d\u00e9tection de stationnement<\/td>\n<\/tr>\n<tr>\n<td colspan=\"18\">Comptage de personnes<\/td>\n<td colspan=\"42\">Soutenir le comptage du nombre d&#8217;entr\u00e9e, quitter<\/p>\n<p>num\u00e9ro, num\u00e9ro de passe et affichage et<\/p>\n<p>production de rapports annuels \/ mensuels \/ quotidiens.<\/p>\n<p>Prend en charge le comptage du nombre dans la zone et 4 r\u00e8gles<\/p>\n<p>configuration.\u00a0Compter le nombre de personnes ou le temps de s\u00e9jour<\/p>\n<p>et lier l&#8217;alarme.<\/p>\n<p>Prise en charge de la gestion des files d&#8217;attente et 4 r\u00e8gles<\/p>\n<p>configuration.\u00a0Compter le nombre de personnes ou le temps de s\u00e9jour<\/p>\n<p>et lier l&#8217;alarme<\/td>\n<\/tr>\n<tr>\n<td colspan=\"60\">Intelligence g\u00e9n\u00e9rale<\/td>\n<\/tr>\n<tr>\n<td colspan=\"18\">D\u00e9clencheur d&#8217;\u00e9v\u00e9nement<\/td>\n<td colspan=\"42\">D\u00e9tection de mouvement, sabotage vid\u00e9o, changement de sc\u00e8ne, d\u00e9connexion du r\u00e9seau, conflit d&#8217;adresse IP, acc\u00e8s ill\u00e9gal, anomalie de stockage<\/td>\n<\/tr>\n<tr>\n<td colspan=\"18\">Intelligence g\u00e9n\u00e9rale<\/td>\n<td colspan=\"42\">Objet abandonn\u00e9 \/ manquant<\/td>\n<\/tr>\n<tr>\n<td colspan=\"18\">Carte de chaleur<\/td>\n<td colspan=\"42\">Oui<\/td>\n<\/tr>\n<tr>\n<td colspan=\"60\">Vid\u00e9o<\/td>\n<\/tr>\n<\/tbody>\n<\/table>\n<\/div>\n<\/div>\n<div id=\"div_left\">\n<div class=\"div-drop\">\n<table id=\"table002\" class=\"NEW-TABLE TableOverride-1 tab-drag\">\n<tbody>\n<tr>\n<td colspan=\"18\">Compression<\/td>\n<td colspan=\"42\">H.265, H.264, H.264B, H.264H,<\/p>\n<p>MJPEG (uniquement pris en charge par le sous-flux)<\/td>\n<\/tr>\n<tr>\n<td colspan=\"18\">Codec intelligent<\/td>\n<td colspan=\"42\">Smart H.265 + \/ Smart H.264 +<\/td>\n<\/tr>\n<tr>\n<td colspan=\"18\">Capacit\u00e9 de streaming<\/td>\n<td colspan=\"42\">3 flux<\/td>\n<\/tr>\n<tr>\n<td colspan=\"18\">R\u00e9solution<\/td>\n<td colspan=\"42\">2688 \u00d7 1520\/2560 \u00d7 1440\/2304 \u00d7 1296 \/ 1080P (1920 \u00d7 1080) \/ 1,3 M (1280 \u00d7 960) \/ 720P (1280 \u00d7 720) \/ D1 (704 \u00d7 576\/704 \u00d7 480) \/ VGA (640 \u00d7 480 ) \/ CIF (352 \u00d7 288\/352 \u00d7 240)<\/td>\n<\/tr>\n<tr>\n<td colspan=\"18\" rowspan=\"3\">Fr\u00e9quence d&#8217;images<\/td>\n<td colspan=\"42\">Flux principal: 2688 \u00d7 1520 (1 ips \u2013 25\/30 ips)<\/p>\n<p>2560 \u00d7 1440 (1 ips \u2013 25\/30 ips)<\/p>\n<p>1 920 \u00d7 1 080 (1 ips \u00e0 50\/60 ips)<\/td>\n<\/tr>\n<tr>\n<td colspan=\"42\">Flux secondaire: D1 (1 ips \u2013 25\/30 ips)<\/p>\n<p>D1 (1 ips \u2013 50\/60 ips)<\/td>\n<\/tr>\n<tr>\n<td colspan=\"42\">Troisi\u00e8me flux: 1080P (1 ips \u2013 16 ips)<\/td>\n<\/tr>\n<tr>\n<td colspan=\"18\">Contr\u00f4le du d\u00e9bit binaire<\/td>\n<td colspan=\"42\">CBR \/ VBR<\/td>\n<\/tr>\n<tr>\n<td colspan=\"18\">D\u00e9bit binaire<\/td>\n<td colspan=\"42\">H.264: 32 Kbps \u00e0 8192 Kbps<\/p>\n<p>H.265: 19 Kbps \u00e0 8192 Kbps<\/td>\n<\/tr>\n<tr>\n<td colspan=\"18\">Jour Nuit<\/td>\n<td colspan=\"42\">Auto (ICR) \/ Couleur \/ N \/ B<\/td>\n<\/tr>\n<tr>\n<td colspan=\"18\">Mode BLC<\/td>\n<td colspan=\"42\">BLC \/ HLC \/ WDR (140 dB)<\/td>\n<\/tr>\n<tr>\n<td colspan=\"18\">Balance des blancs<\/td>\n<td colspan=\"42\">Auto \/ Naturel \/ Lampadaire \/ Ext\u00e9rieur \/ Manuel<\/td>\n<\/tr>\n<tr>\n<td colspan=\"18\">Prendre le contr\u00f4le<\/td>\n<td colspan=\"42\">Auto \/ Manuel<\/td>\n<\/tr>\n<tr>\n<td colspan=\"18\">R\u00e9duction de bruit<\/td>\n<td colspan=\"42\">DNR 3D<\/td>\n<\/tr>\n<tr>\n<td colspan=\"18\">D\u00e9tection de mouvement<\/td>\n<td colspan=\"42\">Arr\u00eat \/ Marche (4 zones, rectangle)<\/td>\n<\/tr>\n<tr>\n<td colspan=\"18\">R\u00e9gion d&#8217;int\u00e9r\u00eat<\/td>\n<td colspan=\"42\">Arr\u00eat \/ Marche (4 zones)<\/td>\n<\/tr>\n<tr>\n<td colspan=\"18\">Stabilisation \u00e9lectronique de l&#8217;image (EIS)<\/td>\n<td colspan=\"42\">Oui<\/td>\n<\/tr>\n<tr>\n<td colspan=\"18\">\u00c9clairage intelligent<\/td>\n<td colspan=\"42\">Oui<\/td>\n<\/tr>\n<tr>\n<td colspan=\"18\">D\u00e9sembuer<\/td>\n<td colspan=\"42\">Oui<\/td>\n<\/tr>\n<tr>\n<td colspan=\"18\">Retourner<\/td>\n<td colspan=\"42\">0 \u00b0 \/ 90 \u00b0 \/ 180 \u00b0 \/ 270 \u00b0<\/td>\n<\/tr>\n<tr>\n<td colspan=\"18\">Miroir<\/td>\n<td colspan=\"42\">\u00c9teint allum\u00e9<\/td>\n<\/tr>\n<tr>\n<td colspan=\"18\">Masquage de confidentialit\u00e9<\/td>\n<td colspan=\"42\">Arr\u00eat \/ Marche (4 zones, rectangle)<\/td>\n<\/tr>\n<tr>\n<td colspan=\"60\">l&#8217;audio<\/td>\n<\/tr>\n<tr>\n<td colspan=\"18\">Compression audio<\/td>\n<td colspan=\"42\">G.711a\u00a0,\u00a0G.711Mu\u00a0,\u00a0G.726\u00a0,\u00a0AAC\u00a0,\u00a0G.723<\/td>\n<\/tr>\n<tr>\n<td colspan=\"60\">Alarme<\/td>\n<\/tr>\n<tr>\n<td colspan=\"18\">\u00c9v\u00e9nement d&#8217;alarme<\/td>\n<td colspan=\"42\">Pas de carte SD; carte SD pleine; erreur de carte SD; d\u00e9connexion du r\u00e9seau; conflit IP; acc\u00e8s ill\u00e9gal; d\u00e9tection de mouvement; sabotage vid\u00e9o; d\u00e9tection de d\u00e9focalisation; changement de sc\u00e8ne; intrusion; fil de d\u00e9clenchement; objet abandonn\u00e9; objet manquant; d\u00e9placement rapide; d\u00e9tection de stationnement; fl\u00e2nage d\u00e9tection; rassemblement de personnes; d\u00e9tection audio; comptage de personnes; d\u00e9tection de visage; comptage de personnes dans la zone; alarme de s\u00e9jour; d\u00e9tection d&#8217;exception de num\u00e9ro de personne; gestion de la file d&#8217;attente<\/td>\n<\/tr>\n<tr>\n<td colspan=\"60\">R\u00e9seau<\/td>\n<\/tr>\n<tr>\n<td colspan=\"18\">R\u00e9seau<\/td>\n<td colspan=\"42\">RJ-45 (10\/100 Base-T)<\/td>\n<\/tr>\n<tr>\n<td colspan=\"18\">SDK et API<\/td>\n<td colspan=\"42\">Oui<\/td>\n<\/tr>\n<tr>\n<td colspan=\"18\">Protocole<\/td>\n<td colspan=\"42\">IPv4; IPv6; HTTP; HTTPS; TCP; UDP; ARP; RTP; RTSP; RTCP; RTMP; SMTP; FTP; SFTP; DHCP; DNS; DDNS; QoS; UPnP; NTP; Multidiffusion; ICMP; IGMP; NFS; PPPoE; 802.1x; SNMP<\/td>\n<\/tr>\n<tr>\n<td colspan=\"18\">Interop\u00e9rabilit\u00e9<\/td>\n<td colspan=\"42\">ONVIF\u00a0<span lang=\"zh-CN\">(<\/span>\u00a0Profil S \/ Profil G \/ Profil T\u00a0<span lang=\"zh-CN\">)<\/span>\u00a0, CGI, Milstone, Genetec, P2P<\/td>\n<\/tr>\n<tr>\n<td colspan=\"18\">Utilisateur \/ h\u00f4te<\/td>\n<td colspan=\"42\">20 utilisateurs<\/td>\n<\/tr>\n<tr>\n<td colspan=\"18\">Stockage<\/td>\n<td colspan=\"42\">NAS; FTP; SFTP; Dahua Cloud; Carte Micro SD 256 Go<\/td>\n<\/tr>\n<tr>\n<td colspan=\"18\">Le navigateur<\/td>\n<td colspan=\"42\">IE (versions plus r\u00e9centes que IE8), Chrome,<\/p>\n<p>Firefox, Safari (versions plus r\u00e9centes que Safari 12)<\/td>\n<\/tr>\n<tr>\n<td colspan=\"18\">Logiciel de gestion<\/td>\n<td colspan=\"42\">Smart PSS, DSS, DMSS<\/td>\n<\/tr>\n<tr>\n<td colspan=\"18\">T\u00e9l\u00e9phone mobile<\/td>\n<td colspan=\"42\">iOS, Android<\/td>\n<\/tr>\n<tr>\n<td colspan=\"60\">Certifications<\/td>\n<\/tr>\n<tr>\n<td colspan=\"18\">Certifications<\/td>\n<td colspan=\"42\">CE-LVD: EN62368-1<\/p>\n<p>CE-EMC: Directive sur la compatibilit\u00e9 \u00e9lectromagn\u00e9tique 2014\/30 \/ UE<\/p>\n<p>FCC: 47 CFR FCC partie 15, sous-partie B<\/p>\n<p>UL \/ CUL: UL60950-1 CAN \/ CSA C22.2 n \u00b0 60950-1-07<\/td>\n<\/tr>\n<tr>\n<td colspan=\"60\">Interface<\/td>\n<\/tr>\n<tr>\n<td colspan=\"18\">Interface audio<\/td>\n<td colspan=\"42\">Entr\u00e9e \/ sortie 1\/1 canal<\/td>\n<\/tr>\n<\/tbody>\n<\/table>\n<\/div>\n<\/div>\n<div id=\"div_left\">\n<div class=\"div-drop\">\n<table id=\"table004\" class=\"NEW-TABLE TableOverride-1 tab-drag\">\n<tbody>\n<tr>\n<td colspan=\"18\">Alarme<\/td>\n<td colspan=\"42\">Entr\u00e9e 1 canal: 5mA 5V DC<\/p>\n<p>Sortie 1 canal: 300mA 12V DC<\/td>\n<\/tr>\n<tr>\n<td colspan=\"60\">\u00c9lectrique<\/td>\n<\/tr>\n<tr>\n<td colspan=\"18\">Source de courant<\/td>\n<td colspan=\"42\">12 V CC (\u00a0<span lang=\"zh-CN\">\u00b1 30%<\/span>\u00a0), 24 V CA (\u00a0<span lang=\"zh-CN\">\u00b1 30%<\/span>\u00a0), PoE (802.3af)<\/td>\n<\/tr>\n<tr>\n<td colspan=\"18\">Consommation d&#8217;\u00e9nergie<\/td>\n<td colspan=\"42\"><span lang=\"zh-CN\">&lt;<\/span>\u00a012,4 W<\/td>\n<\/tr>\n<tr>\n<td colspan=\"60\">Environnement<\/td>\n<\/tr>\n<tr>\n<td colspan=\"18\">Des conditions de fonctionnement<\/td>\n<td colspan=\"42\">-30 \u00b0 C \u00e0 + 60 \u00b0 C (-22 \u00b0 F \u00e0 + 140 \u00b0 F) \/ Moins de 95% HR<\/td>\n<\/tr>\n<tr>\n<td colspan=\"18\">Conditions de stockage<\/td>\n<td colspan=\"42\">-40 \u00b0 C \u00e0 + 60 \u00b0 C (-40 \u00b0 F \u00e0 + 140 \u00b0 F)<\/td>\n<\/tr>\n<tr>\n<td colspan=\"18\">Classe de protection<\/td>\n<td colspan=\"42\">IP67, IK10<\/td>\n<\/tr>\n<tr>\n<td colspan=\"60\">Construction<\/td>\n<\/tr>\n<tr>\n<td colspan=\"18\">Enveloppe<\/td>\n<td colspan=\"42\">M\u00e9tal<\/td>\n<\/tr>\n<tr>\n<td colspan=\"18\">Dimensions<\/td>\n<td colspan=\"42\">\u03a6159,0 mm \u00d7 117,9 mm (6,26 &#8220;\u00d7 4,64&#8221;)<\/td>\n<\/tr>\n<tr>\n<td colspan=\"18\">Poids net<\/td>\n<td colspan=\"42\">0,95 kg (2,09 livres)<\/td>\n<\/tr>\n<tr>\n<td colspan=\"18\">Poids brut<\/td>\n<td colspan=\"42\">1,20 kg (2,65 livres)<\/td>\n<\/tr>\n<\/tbody>\n<\/table>\n<\/div>\n<\/div>\n","protected":false},"excerpt":{"rendered":"<h1><span style=\"color: #000000; font-family: georgia, palatino, serif;\"><strong><span style=\"font-size: 10pt;\">Cam\u00e9ra r\u00e9seau WizMind \u00e0 d\u00f4me variable infrarouge 4MP<\/span><\/strong><\/span><\/h1>\n<ul>\n<li>CMOS \u00e0 balayage progressif 1 \/ 1,8 &#8220;4 m\u00e9gapixels<\/li>\n<li>\u00a0ROI, SMART H.264 + \/ H.265 +, codage flexible, applicable \u00e0 divers environnements de bande passante et de stockage<\/li>\n<li>25\/30 ips \u00e0 2688 \u00d7 1520, 50\/60 ips \u00e0 1080P (1920 \u00d7 1080<\/li>\n<li>WDR (140 dB), Jour \/ Nuit (ICR), 3D DNR, AWB, AGC, BLC<\/li>\n<li>Surveillance r\u00e9seau multiple: visionneuse Web, CMS (DSS \/ PSS) et DMSS<\/li>\n<li>Objectif motoris\u00e9 2,7 mm \u2013 12,0 mm<\/li>\n<li>1\/1 entr\u00e9e \/ sortie d&#8217;alarme, 1\/1 entr\u00e9e \/ sortie audio<\/li>\n<li>Max. LED IR Longueur 40 m<\/li>\n<li>M\u00e9moire Micro SD, IP67, IK10<\/li>\n<\/ul>\n<p><img decoding=\"async\" class=\"alignnone size-medium wp-image-6866\" src=\"http:\/\/tthcompany.com\/wp-content\/uploads\/2021\/05\/20200729134718_87574-300x32.png\" alt=\"\" width=\"300\" height=\"32\" \/><\/p>\n","protected":false},"featured_media":19599,"comment_status":"closed","ping_status":"closed","template":"","meta":{"om_disable_all_campaigns":false,"_monsterinsights_skip_tracking":false,"_monsterinsights_sitenote_active":false,"_monsterinsights_sitenote_note":"","_monsterinsights_sitenote_category":0},"product_cat":[304,319,303,691,451,302,752,452,822],"product_tag":[1093],"class_list":{"0":"post-19558","1":"product","2":"type-product","3":"status-publish","4":"has-post-thumbnail","6":"product_cat-camera-fixe","7":"product_cat-cameras-4mp-camera-fixe","8":"product_cat-cameras-ip","9":"product_cat-comptage-de-personnes","10":"product_cat-detection-facial","11":"product_cat-produits-ip","12":"product_cat-protection-perimetrique","13":"product_cat-serie-pro-cameras-2mp-camera-fixe","14":"product_cat-wizmind","15":"product_tag-onstuck","16":"ts_product_brand-dahua","18":"first","19":"instock","20":"shipping-taxable","21":"purchasable","22":"product-type-simple","23":"add-to-wishlist-after_add_to_cart"},"aioseo_notices":[],"_links":{"self":[{"href":"https:\/\/tthcompany.ma\/index.php\/wp-json\/wp\/v2\/product\/19558","targetHints":{"allow":["GET"]}}],"collection":[{"href":"https:\/\/tthcompany.ma\/index.php\/wp-json\/wp\/v2\/product"}],"about":[{"href":"https:\/\/tthcompany.ma\/index.php\/wp-json\/wp\/v2\/types\/product"}],"replies":[{"embeddable":true,"href":"https:\/\/tthcompany.ma\/index.php\/wp-json\/wp\/v2\/comments?post=19558"}],"wp:featuredmedia":[{"embeddable":true,"href":"https:\/\/tthcompany.ma\/index.php\/wp-json\/wp\/v2\/media\/19599"}],"wp:attachment":[{"href":"https:\/\/tthcompany.ma\/index.php\/wp-json\/wp\/v2\/media?parent=19558"}],"wp:term":[{"taxonomy":"product_cat","embeddable":true,"href":"https:\/\/tthcompany.ma\/index.php\/wp-json\/wp\/v2\/product_cat?post=19558"},{"taxonomy":"product_tag","embeddable":true,"href":"https:\/\/tthcompany.ma\/index.php\/wp-json\/wp\/v2\/product_tag?post=19558"}],"curies":[{"name":"wp","href":"https:\/\/api.w.org\/{rel}","templated":true}]}}