{"id":19555,"date":"2022-08-17T10:39:24","date_gmt":"2022-08-17T10:39:24","guid":{"rendered":"https:\/\/tthcompany.ma\/?post_type=product&#038;p=19555"},"modified":"2023-09-26T14:57:39","modified_gmt":"2023-09-26T14:57:39","slug":"solution-de-surveillance-thermique","status":"publish","type":"product","link":"https:\/\/tthcompany.ma\/index.php\/product\/solution-de-surveillance-thermique\/","title":{"rendered":"Solution de surveillance thermique"},"content":{"rendered":"<p style=\"text-align: justify;\">La solution de surveillance thermique de la temp\u00e9rature Dahua offre la derni\u00e8re cam\u00e9ra hybride r\u00e9seau thermique qui combine un capteur d\u2019oxyde de vanadium (VOx) avec un capteur de lumi\u00e8re visible de 2 MP. La solution fournit \u00e9galement un dispositif d\u2019\u00e9talonnage blackbody qui maintient une temp\u00e9rature constante personnalisable comme point de r\u00e9f\u00e9rence pour la cam\u00e9ra thermique. La cam\u00e9ra thermique coupl\u00e9e avec le dispositif d\u2019\u00e9talonnage blackbody et un enregistreur vid\u00e9o r\u00e9seau 4 Tb riche en fonctionnalit\u00e9s offre une solution sans contact pour la comparaison continue et non invasive de la temp\u00e9rature de la peau humaine par rapport \u00e0 l\u2019appareil blackbody. La technologie de surveillance thermique de la temp\u00e9rature permet de d\u00e9tecter rapidement les temp\u00e9ratures \u00e9lev\u00e9es de la peau par rapport au dispositif d\u2019\u00e9talonnage du corps noir personnalisable. L\u2019\u00e9quipement d\u2019imagerie thermique peut facilement \u00eatre install\u00e9 et mis en \u0153uvre pour d\u00e9tecter la temp\u00e9rature \u00e9lev\u00e9e de la peau dans des environnements tels que les a\u00e9roports, les h\u00f4pitaux, les cliniques, les immeubles de bureaux, les navires de croisi\u00e8re et tout grand lieu de rassemblement public.<\/p>\n<p style=\"text-align: justify;\"><em>La solution de surveillance thermique de la temp\u00e9rature Dahua n\u2019est pas approuv\u00e9e par la FDA. La solution ne doit pas \u00eatre utilis\u00e9e uniquement ou principalement pour diagnostiquer ou exclure un diagnostic de COVID-19 ou de toute autre maladie. La temp\u00e9rature \u00e9lev\u00e9e de la peau dans le contexte de l\u2019utilisation doit \u00eatre confirm\u00e9e par des m\u00e9thodes d\u2019\u00e9valuation secondaires (p. ex., un NCIT ou un thermom\u00e8tre de contact de qualit\u00e9 clinique). Les utilisateurs, gr\u00e2ce \u00e0 leur exp\u00e9rience avec la solution dans l\u2019environnement particulier de l\u2019utilisation, devraient d\u00e9terminer l\u2019importance de toute fi\u00e8vre ou temp\u00e9rature \u00e9lev\u00e9e bas\u00e9e sur la mesure de la temp\u00e9rature t\u00e9l\u00e9thermographic de la peau. La solution doit \u00eatre utilis\u00e9e pour mesurer la temp\u00e9rature d\u2019un seul sujet \u00e0 la fois. Les mod\u00e8les thermiques visibles ne sont destin\u00e9s qu\u2019\u00e0 localiser les points \u00e0 partir duquel extraire la mesure thermique.<\/em><\/p>\n","protected":false},"excerpt":{"rendered":"<h1><span style=\"color: #000000; font-family: georgia, palatino, serif;\"><strong><span style=\"font-size: 10pt;\">Solution de surveillance de la temp\u00e9rature<\/span><\/strong><\/span><br \/>\n<span style=\"font-size: 12pt;\"><strong>Composants requis<\/strong><\/span><\/h1>\n<ul>\n<li>Cam\u00e9ra r\u00e9seau hybride thermique : DH-TPC-BF5421-T ou DH-TPC-BF3221-T<\/li>\n<li>JQ-D70Z Blackbody<\/li>\n<li>DHI-NVR5216-16P-I 16 canaux NVR<\/li>\n<\/ul>\n<p><strong>Accessoires recommand\u00e9s<\/strong><\/p>\n<ul>\n<li>Tr\u00e9pied VCT-999 (x2)<\/li>\n<li>Supports RQW026-00 (x2)<\/li>\n<li>Moniteur Full HD DHI-LM43-F200<\/li>\n<\/ul>\n<p><strong>Fonctionnalit\u00e9s de solution<\/strong><\/p>\n<ul>\n<li>Surveillance s\u00e9curitaire, efficace et pr\u00e9cise de la temp\u00e9rature<\/li>\n<li>\u00b10,3 \u00b0 C (\u00b10,54 \u00b0 F) Mesure de la temp\u00e9rature (avec corps noir)<\/li>\n<li>D\u00e9pistage longue distance jusqu\u2019\u00e0 4,50 m (15,0 pi)<\/li>\n<li>Distances accrues de puissance et de transmission de donn\u00e9es (ePoE)<\/li>\n<li>Utilisation recommand\u00e9e dans les b\u00e2timents commerciaux, les \u00e9tablissements de soins de sant\u00e9, les a\u00e9roports, les stations de m\u00e9tro et les lieux de rassemblement publics<\/li>\n<\/ul>\n","protected":false},"featured_media":19595,"comment_status":"closed","ping_status":"closed","template":"","meta":{"om_disable_all_campaigns":false,"_monsterinsights_skip_tracking":false,"_monsterinsights_sitenote_active":false,"_monsterinsights_sitenote_note":"","_monsterinsights_sitenote_category":0},"product_cat":[303,302,759],"product_tag":[1093],"class_list":{"0":"post-19555","1":"product","2":"type-product","3":"status-publish","4":"has-post-thumbnail","6":"product_cat-cameras-ip","7":"product_cat-produits-ip","8":"product_cat-thermique","9":"product_tag-onstuck","10":"ts_product_brand-dahua","12":"first","13":"instock","14":"shipping-taxable","15":"purchasable","16":"product-type-simple","17":"add-to-wishlist-after_add_to_cart"},"aioseo_notices":[],"_links":{"self":[{"href":"https:\/\/tthcompany.ma\/index.php\/wp-json\/wp\/v2\/product\/19555","targetHints":{"allow":["GET"]}}],"collection":[{"href":"https:\/\/tthcompany.ma\/index.php\/wp-json\/wp\/v2\/product"}],"about":[{"href":"https:\/\/tthcompany.ma\/index.php\/wp-json\/wp\/v2\/types\/product"}],"replies":[{"embeddable":true,"href":"https:\/\/tthcompany.ma\/index.php\/wp-json\/wp\/v2\/comments?post=19555"}],"wp:featuredmedia":[{"embeddable":true,"href":"https:\/\/tthcompany.ma\/index.php\/wp-json\/wp\/v2\/media\/19595"}],"wp:attachment":[{"href":"https:\/\/tthcompany.ma\/index.php\/wp-json\/wp\/v2\/media?parent=19555"}],"wp:term":[{"taxonomy":"product_cat","embeddable":true,"href":"https:\/\/tthcompany.ma\/index.php\/wp-json\/wp\/v2\/product_cat?post=19555"},{"taxonomy":"product_tag","embeddable":true,"href":"https:\/\/tthcompany.ma\/index.php\/wp-json\/wp\/v2\/product_tag?post=19555"}],"curies":[{"name":"wp","href":"https:\/\/api.w.org\/{rel}","templated":true}]}}