{"id":19512,"date":"2022-08-17T10:39:00","date_gmt":"2022-08-17T10:39:00","guid":{"rendered":"https:\/\/tthcompany.ma\/?post_type=product&#038;p=19512"},"modified":"2023-07-08T09:04:09","modified_gmt":"2023-07-08T09:04:09","slug":"pfm371-150","status":"publish","type":"product","link":"https:\/\/tthcompany.ma\/index.php\/product\/pfm371-150\/","title":{"rendered":"PFM371-150"},"content":{"rendered":"<table class=\"ke-zeroborder\" border=\"0\" width=\"100%\" cellspacing=\"1\" cellpadding=\"0\" bgcolor=\"#dcdcdc\">\n<tbody>\n<tr>\n<td valign=\"top\" width=\"226.8px\">\n<h2><span style=\"font-size: 14pt;\"><b>Mod\u00e8le<\/b><\/span><\/h2>\n<\/td>\n<td valign=\"top\" width=\"276.45px\">\n<h2><span style=\"font-size: 14pt;\"><b>DH-PFM371-150<\/b><\/span><\/h2>\n<\/td>\n<\/tr>\n<tr>\n<td colspan=\"2\" valign=\"top\" width=\"503.25px\">\n<h2><span style=\"font-size: 14pt;\"><b>Param\u00e8tre \u00e9lectrique<\/b><\/span><\/h2>\n<\/td>\n<\/tr>\n<tr>\n<td valign=\"top\" width=\"226.8px\">Max.\u00a0puissance (Pmax)<\/td>\n<td valign=\"top\" width=\"276.45px\">150 Wc<\/td>\n<\/tr>\n<tr>\n<td valign=\"top\" width=\"226.8px\">Max.\u00a0tension du point d&#8217;alimentation (Vmp)<\/td>\n<td valign=\"top\" width=\"276.45px\">36,58 V<\/td>\n<\/tr>\n<tr>\n<td valign=\"top\" width=\"226.8px\">Max.\u00a0courant de point d&#8217;alimentation (Imp)<\/td>\n<td valign=\"top\" width=\"276.45px\">4.10A<\/td>\n<\/tr>\n<tr>\n<td valign=\"top\" width=\"226.8px\">Tension en circuit ouvert (Voc)<\/td>\n<td valign=\"top\" width=\"276.45px\">44,19 V<\/td>\n<\/tr>\n<tr>\n<td valign=\"top\" width=\"226.8px\">Courant de court-circuit (Isc)<\/td>\n<td valign=\"top\" width=\"276.45px\">4.62A<\/td>\n<\/tr>\n<tr>\n<td valign=\"top\" width=\"226.8px\">Efficacit\u00e9 de la pi\u00e8ce de batterie<\/td>\n<td valign=\"top\" width=\"276.45px\">17,2%<\/td>\n<\/tr>\n<tr>\n<td valign=\"top\" width=\"226.8px\">Max.\u00a0coefficient de temp\u00e9rature de puissance<\/td>\n<td valign=\"top\" width=\"276.45px\">-0,47% \/ \u00baC<\/td>\n<\/tr>\n<tr>\n<td valign=\"top\" width=\"226.8px\">Coefficient de temp\u00e9rature de la tension en circuit ouvert<\/td>\n<td valign=\"top\" width=\"276.45px\">-0,38% \/ \u00baC<\/td>\n<\/tr>\n<tr>\n<td valign=\"top\" width=\"226.8px\">Coefficient de temp\u00e9rature du courant de court-circuit<\/td>\n<td valign=\"top\" width=\"276.45px\">0,04% \/ \u00baC<\/td>\n<\/tr>\n<tr>\n<td valign=\"top\" width=\"226.8px\">Temp\u00e9rature de fonctionnement<\/td>\n<td valign=\"top\" width=\"276.45px\">-40 \u00b0 C ~ + 85 \u00b0 C (-40 \u2109 ~ + 140 \u2109)<\/td>\n<\/tr>\n<tr>\n<td colspan=\"2\" valign=\"top\" width=\"503.25px\">\n<h2><span style=\"font-size: 14pt;\"><b>Param\u00e8tre structurel<\/b><\/span><\/h2>\n<\/td>\n<\/tr>\n<tr>\n<td valign=\"top\" width=\"226.8px\">Dimension des cellules de batterie<\/td>\n<td valign=\"top\" width=\"276.45px\">Silicium polycristallin, 156 mm x 72 mm (6,14 &#8220;x2,83&#8221;)<\/td>\n<\/tr>\n<tr>\n<td valign=\"top\" width=\"226.8px\">Quantit\u00e9 de cellules de batterie<\/td>\n<td valign=\"top\" width=\"276.45px\">72 pi\u00e8ces (6 * 12)<\/td>\n<\/tr>\n<tr>\n<td valign=\"top\" width=\"226.8px\">Verre<\/td>\n<td valign=\"top\" width=\"276.45px\">3,2 mm (0,13 &#8220;).\u00a0Haute perm\u00e9abilit\u00e9, faible teneur en fer, verre tremp\u00e9<\/td>\n<\/tr>\n<tr>\n<td valign=\"top\" width=\"226.8px\">Feuille de fond<\/td>\n<td valign=\"top\" width=\"276.45px\">Feuille de fond triple couche, blanc<\/td>\n<\/tr>\n<tr>\n<td valign=\"top\" width=\"226.8px\">Mat\u00e9riel d&#8217;emballage<\/td>\n<td valign=\"top\" width=\"276.45px\">Haute perm\u00e9abilit\u00e9, EVA<\/td>\n<\/tr>\n<tr>\n<td valign=\"top\" width=\"226.8px\">Cadre<\/td>\n<td valign=\"top\" width=\"276.45px\">Alumine anodique<\/td>\n<\/tr>\n<tr>\n<td valign=\"top\" width=\"226.8px\">Bo\u00eete de d\u00e9rivation<\/td>\n<td valign=\"top\" width=\"276.45px\">IP65, avec diode<\/td>\n<\/tr>\n<tr>\n<td valign=\"top\" width=\"226.8px\">Connecteur<\/td>\n<td valign=\"top\" width=\"276.45px\">Connecteur compatible MC4<\/td>\n<\/tr>\n<tr>\n<td valign=\"top\" width=\"226.8px\">Lester<\/td>\n<td valign=\"top\" width=\"276.45px\">12,0 kg (26,46 livres)<\/td>\n<\/tr>\n<tr>\n<td valign=\"top\" width=\"226.8px\">Dimension<\/td>\n<td valign=\"top\" width=\"276.45px\">1010 mm x 990 mm x 35 mm (39,76 &#8220;x38,98&#8221; x1,38 &#8220;)<\/td>\n<\/tr>\n<tr>\n<td valign=\"top\" width=\"226.8px\">Longueur de c\u00e2ble<\/td>\n<td valign=\"top\" width=\"276.45px\">900 mm \/ 4,0 mm2<\/td>\n<\/tr>\n<tr>\n<td valign=\"top\" width=\"226.8px\">Max.\u00a0charge m\u00e9canique<\/td>\n<td valign=\"top\" width=\"276.45px\">Pression du vent: 2400 Pa;\u00a0Pression de neige: 5400 Pa<\/td>\n<\/tr>\n<\/tbody>\n<\/table>\n","protected":false},"excerpt":{"rendered":"<h1><span style=\"color: #000000; font-family: georgia, palatino, serif;\"><strong><span style=\"font-size: 12pt;\">Panneau Solaire 150W<\/span><\/strong><\/span><\/h1>\n<ul>\n<li>Quatre pi\u00e8ces de batterie de grille principale: ont une capacit\u00e9 de collecte de courant plus uniforme, r\u00e9duisent la perte de courant de la carte de batterie interne et ont une plus belle apparence;<\/li>\n<li>Efficace: l&#8217;efficacit\u00e9 de conversion de la batterie peut atteindre 17,2%;<\/li>\n<li>Bonne faible performance lumineuse: utilisez une excellente technologie de texturation de surface du verre et de la batterie;<\/li>\n<li>Forte capacit\u00e9 de charge: gr\u00e2ce \u00e0 une charge de vent de 2400 Pa et une certification de charge de neige de 5400 Pa.<\/li>\n<li>Adaptabilit\u00e9 aux environnements difficiles: convient \u00e0 une vari\u00e9t\u00e9 d&#8217;environnements difficiles, tels que la haute altitude, le brouillard salin \u00e9lev\u00e9, le froid \u00e9lev\u00e9, etc.<\/li>\n<\/ul>\n","protected":false},"featured_media":24218,"comment_status":"closed","ping_status":"closed","template":"","meta":{"om_disable_all_campaigns":false,"_monsterinsights_skip_tracking":false,"_monsterinsights_sitenote_active":false,"_monsterinsights_sitenote_note":"","_monsterinsights_sitenote_category":0},"product_cat":[845,847],"product_tag":[],"class_list":{"0":"post-19512","1":"product","2":"type-product","3":"status-publish","4":"has-post-thumbnail","6":"product_cat-energie-solaire","7":"product_cat-panneau-solaire","8":"ts_product_brand-dahua","10":"first","11":"instock","12":"shipping-taxable","13":"purchasable","14":"product-type-simple","15":"add-to-wishlist-after_add_to_cart"},"aioseo_notices":[],"_links":{"self":[{"href":"https:\/\/tthcompany.ma\/index.php\/wp-json\/wp\/v2\/product\/19512","targetHints":{"allow":["GET"]}}],"collection":[{"href":"https:\/\/tthcompany.ma\/index.php\/wp-json\/wp\/v2\/product"}],"about":[{"href":"https:\/\/tthcompany.ma\/index.php\/wp-json\/wp\/v2\/types\/product"}],"replies":[{"embeddable":true,"href":"https:\/\/tthcompany.ma\/index.php\/wp-json\/wp\/v2\/comments?post=19512"}],"wp:featuredmedia":[{"embeddable":true,"href":"https:\/\/tthcompany.ma\/index.php\/wp-json\/wp\/v2\/media\/24218"}],"wp:attachment":[{"href":"https:\/\/tthcompany.ma\/index.php\/wp-json\/wp\/v2\/media?parent=19512"}],"wp:term":[{"taxonomy":"product_cat","embeddable":true,"href":"https:\/\/tthcompany.ma\/index.php\/wp-json\/wp\/v2\/product_cat?post=19512"},{"taxonomy":"product_tag","embeddable":true,"href":"https:\/\/tthcompany.ma\/index.php\/wp-json\/wp\/v2\/product_tag?post=19512"}],"curies":[{"name":"wp","href":"https:\/\/api.w.org\/{rel}","templated":true}]}}