{"id":19510,"date":"2022-08-17T10:38:59","date_gmt":"2022-08-17T10:38:59","guid":{"rendered":"https:\/\/tthcompany.ma\/?post_type=product&#038;p=19510"},"modified":"2023-07-08T09:05:16","modified_gmt":"2023-07-08T09:05:16","slug":"pfm371-m275","status":"publish","type":"product","link":"https:\/\/tthcompany.ma\/index.php\/product\/pfm371-m275\/","title":{"rendered":"PFM371-M275"},"content":{"rendered":"<div id=\"div_left\">\n<div class=\"div-drop\">\n<table id=\"table001\" class=\"NEW-TABLE TableOverride-1 tab-drag\">\n<tbody>\n<tr>\n<td colspan=\"60\">\n<h2 data-gtm-vis-first-on-screen-10552706_217=\"236585\" data-gtm-vis-first-on-screen-10552706_184=\"236587\"><span style=\"font-size: 14pt;\">Une fonction<\/span><\/h2>\n<\/td>\n<\/tr>\n<tr>\n<td colspan=\"18\">\n<p data-gtm-vis-first-on-screen-10552706_217=\"236633\" data-gtm-vis-first-on-screen-10552706_184=\"236643\">Max.\u00a0Pouvoir<\/p>\n<\/td>\n<td colspan=\"42\">\n<p data-gtm-vis-first-on-screen-10552706_217=\"236633\" data-gtm-vis-first-on-screen-10552706_184=\"236644\">275Wc<\/p>\n<\/td>\n<\/tr>\n<tr>\n<td colspan=\"18\">\n<p data-gtm-vis-first-on-screen-10552706_217=\"236679\" data-gtm-vis-first-on-screen-10552706_184=\"236686\">Max.\u00a0Tension du point d&#8217;alimentation<\/p>\n<\/td>\n<td colspan=\"42\">\n<p data-gtm-vis-first-on-screen-10552706_217=\"236680\" data-gtm-vis-first-on-screen-10552706_184=\"236686\">31,99 Vdc<\/p>\n<\/td>\n<\/tr>\n<tr>\n<td colspan=\"18\">\n<p data-gtm-vis-first-on-screen-10552706_217=\"236681\" data-gtm-vis-first-on-screen-10552706_184=\"236687\">Max.\u00a0Courant Power Point<\/p>\n<\/td>\n<td colspan=\"42\">\n<p data-gtm-vis-first-on-screen-10552706_217=\"236681\" data-gtm-vis-first-on-screen-10552706_184=\"236687\">8,60 A<\/p>\n<\/td>\n<\/tr>\n<tr>\n<td colspan=\"18\">\n<p data-gtm-vis-first-on-screen-10552706_217=\"236682\" data-gtm-vis-first-on-screen-10552706_184=\"236688\">Tension en circuit ouvert<\/p>\n<\/td>\n<td colspan=\"42\">\n<p data-gtm-vis-first-on-screen-10552706_217=\"236685\" data-gtm-vis-first-on-screen-10552706_184=\"236688\">37,53 Vdc<\/p>\n<\/td>\n<\/tr>\n<tr>\n<td colspan=\"18\">\n<p data-gtm-vis-first-on-screen-10552706_217=\"236689\" data-gtm-vis-first-on-screen-10552706_184=\"236690\">Courant de court-circuit<\/p>\n<\/td>\n<td colspan=\"42\">\n<p data-gtm-vis-first-on-screen-10552706_217=\"236690\" data-gtm-vis-first-on-screen-10552706_184=\"236691\">8.92A<\/p>\n<\/td>\n<\/tr>\n<tr>\n<td colspan=\"18\">\n<p data-gtm-vis-first-on-screen-10552706_184=\"236728\" data-gtm-vis-first-on-screen-10552706_217=\"236731\">Efficacit\u00e9 des cellules solaires<\/p>\n<\/td>\n<td colspan=\"42\">\n<p data-gtm-vis-first-on-screen-10552706_184=\"236730\" data-gtm-vis-first-on-screen-10552706_217=\"236731\">19,20%<\/p>\n<\/td>\n<\/tr>\n<tr>\n<td colspan=\"18\">\n<p data-gtm-vis-first-on-screen-10552706_184=\"237262\" data-gtm-vis-first-on-screen-10552706_217=\"237267\">Coefficient de temp\u00e9rature de max.\u00a0Pouvoir<\/p>\n<\/td>\n<td colspan=\"42\">\n<p data-gtm-vis-first-on-screen-10552706_184=\"237266\" data-gtm-vis-first-on-screen-10552706_217=\"237269\">\u20130,45% \/ \u00b0 C<\/p>\n<\/td>\n<\/tr>\n<tr>\n<td colspan=\"18\">\n<p data-gtm-vis-first-on-screen-10552706_184=\"237339\" data-gtm-vis-first-on-screen-10552706_217=\"237341\">Coefficient de temp\u00e9rature de la tension de circuit ouvert<\/p>\n<\/td>\n<td colspan=\"42\">\n<p data-gtm-vis-first-on-screen-10552706_184=\"237340\" data-gtm-vis-first-on-screen-10552706_217=\"237341\">\u20130,35% \/ \u00b0 C<\/p>\n<\/td>\n<\/tr>\n<tr>\n<td colspan=\"18\">\n<p data-gtm-vis-first-on-screen-10552706_184=\"237371\" data-gtm-vis-first-on-screen-10552706_217=\"237372\">Coefficient de temp\u00e9rature du courant de court-circuit<\/p>\n<\/td>\n<td colspan=\"42\">\n<p data-gtm-vis-first-on-screen-10552706_184=\"237418\" data-gtm-vis-first-on-screen-10552706_217=\"237418\">0,053% \/ \u00b0 C<\/p>\n<\/td>\n<\/tr>\n<tr>\n<td colspan=\"60\">\n<h2 data-gtm-vis-first-on-screen-10552706_184=\"237481\" data-gtm-vis-first-on-screen-10552706_217=\"237489\"><span style=\"font-size: 14pt;\">G\u00e9n\u00e9ral<\/span><\/h2>\n<\/td>\n<\/tr>\n<tr>\n<td colspan=\"18\">\n<p data-gtm-vis-first-on-screen-10552706_184=\"237487\" data-gtm-vis-first-on-screen-10552706_217=\"237491\">Verre<\/p>\n<\/td>\n<td colspan=\"42\">\n<p data-gtm-vis-first-on-screen-10552706_184=\"237488\" data-gtm-vis-first-on-screen-10552706_217=\"237492\">3,2 mm, verre tremp\u00e9 \u00e0 haute transparence et faible teneur en fer<\/p>\n<\/td>\n<\/tr>\n<tr>\n<td colspan=\"18\">\n<p data-gtm-vis-first-on-screen-10552706_184=\"237548\" data-gtm-vis-first-on-screen-10552706_217=\"237556\">Feuille de fond<\/p>\n<\/td>\n<td colspan=\"42\">\n<p data-gtm-vis-first-on-screen-10552706_184=\"237549\" data-gtm-vis-first-on-screen-10552706_217=\"237557\">Feuille de fond blanche r\u00e9sistante aux intemp\u00e9ries<\/p>\n<\/td>\n<\/tr>\n<tr>\n<td colspan=\"18\">\n<p data-gtm-vis-first-on-screen-10552706_184=\"237550\" data-gtm-vis-first-on-screen-10552706_217=\"237558\">Mat\u00e9riau d&#8217;\u00e9tanch\u00e9it\u00e9<\/p>\n<\/td>\n<td colspan=\"42\">\n<p data-gtm-vis-first-on-screen-10552706_184=\"237550\" data-gtm-vis-first-on-screen-10552706_217=\"237559\">\u00c9thyl\u00e8ne-ac\u00e9tate de vinyle (EVA) \u00e0 haute transparence<\/p>\n<\/td>\n<\/tr>\n<tr>\n<td colspan=\"18\">\n<p data-gtm-vis-first-on-screen-10552706_184=\"237551\" data-gtm-vis-first-on-screen-10552706_217=\"237560\">Cadre<\/p>\n<\/td>\n<td colspan=\"42\">\n<p data-gtm-vis-first-on-screen-10552706_184=\"237552\" data-gtm-vis-first-on-screen-10552706_217=\"237561\">Alliage d&#8217;aluminium anodis\u00e9<\/p>\n<\/td>\n<\/tr>\n<tr>\n<td colspan=\"18\">\n<p data-gtm-vis-first-on-screen-10552706_217=\"237615\" data-gtm-vis-first-on-screen-10552706_184=\"237619\">Bo\u00eete de d\u00e9rivation<\/p>\n<\/td>\n<td colspan=\"42\">\n<p data-gtm-vis-first-on-screen-10552706_217=\"237616\" data-gtm-vis-first-on-screen-10552706_184=\"237620\">IP67, avec diode<\/p>\n<\/td>\n<\/tr>\n<tr>\n<td colspan=\"18\">\n<p data-gtm-vis-first-on-screen-10552706_217=\"237616\" data-gtm-vis-first-on-screen-10552706_184=\"237624\">Connecteur<\/p>\n<\/td>\n<td colspan=\"42\">\n<p data-gtm-vis-first-on-screen-10552706_217=\"237618\" data-gtm-vis-first-on-screen-10552706_184=\"237625\">Connecteur compatible MC4<\/p>\n<\/td>\n<\/tr>\n<tr>\n<td colspan=\"18\">\n<p data-gtm-vis-first-on-screen-10552706_184=\"264909\" data-gtm-vis-first-on-screen-10552706_217=\"264917\">Dimensions des cellules solaires<\/p>\n<\/td>\n<td colspan=\"42\">\n<p data-gtm-vis-first-on-screen-10552706_184=\"264910\" data-gtm-vis-first-on-screen-10552706_217=\"264918\">Silicium monocristallin,<\/p>\n<p data-gtm-vis-first-on-screen-10552706_184=\"264920\" data-gtm-vis-first-on-screen-10552706_217=\"264927\">156,8 mm \u00d7 156,8 mm (6,17 &#8220;\u00d7 6,17&#8221;)<\/p>\n<\/td>\n<\/tr>\n<tr>\n<td colspan=\"18\">\n<p data-gtm-vis-first-on-screen-10552706_184=\"264920\" data-gtm-vis-first-on-screen-10552706_217=\"264931\">Quantit\u00e9 de cellules solaires<\/p>\n<\/td>\n<td colspan=\"42\">\n<p data-gtm-vis-first-on-screen-10552706_184=\"264921\" data-gtm-vis-first-on-screen-10552706_217=\"264932\">60 pi\u00e8ces<\/p>\n<\/td>\n<\/tr>\n<tr>\n<td colspan=\"18\">\n<p data-gtm-vis-first-on-screen-10552706_184=\"264921\" data-gtm-vis-first-on-screen-10552706_217=\"264933\">Longueur de c\u00e2ble<\/p>\n<\/td>\n<td colspan=\"42\">\n<p data-gtm-vis-first-on-screen-10552706_184=\"264922\" data-gtm-vis-first-on-screen-10552706_217=\"264933\">900,0 mm (35,43 &#8220;)<\/p>\n<\/td>\n<\/tr>\n<tr>\n<td colspan=\"18\">\n<p data-gtm-vis-first-on-screen-10552706_184=\"264922\" data-gtm-vis-first-on-screen-10552706_217=\"264934\">Section transversale du c\u00e2ble<\/p>\n<\/td>\n<td colspan=\"42\">\n<p data-gtm-vis-first-on-screen-10552706_184=\"264923\" data-gtm-vis-first-on-screen-10552706_217=\"264934\">4 mm\u00b2<\/p>\n<\/td>\n<\/tr>\n<tr>\n<td colspan=\"18\">\n<p data-gtm-vis-first-on-screen-10552706_184=\"264923\" data-gtm-vis-first-on-screen-10552706_217=\"264935\">Max.\u00a0Charge m\u00e9canique<\/p>\n<\/td>\n<td colspan=\"42\">\n<p data-gtm-vis-first-on-screen-10552706_184=\"264924\" data-gtm-vis-first-on-screen-10552706_217=\"264935\">Pression du vent: 2400Pa<\/p>\n<p data-gtm-vis-first-on-screen-10552706_184=\"264925\" data-gtm-vis-first-on-screen-10552706_217=\"264936\">Pression de neige: 5400 Pa<\/p>\n<\/td>\n<\/tr>\n<tr>\n<td colspan=\"18\">\n<p data-gtm-vis-first-on-screen-10552706_184=\"264971\" data-gtm-vis-first-on-screen-10552706_217=\"264984\">dimensions du produit<\/p>\n<\/td>\n<td colspan=\"42\">\n<p data-gtm-vis-first-on-screen-10552706_184=\"264926\" data-gtm-vis-first-on-screen-10552706_217=\"264937\">1640,0 mm \u00d7 992,0 mm \u00d7 35,0 mm<\/p>\n<p data-gtm-vis-first-on-screen-10552706_184=\"264971\" data-gtm-vis-first-on-screen-10552706_217=\"264984\">(64,57 &#8220;x 39,06&#8221; x 1,38 &#8220;)<\/p>\n<\/td>\n<\/tr>\n<tr>\n<td colspan=\"18\">\n<p data-gtm-vis-recent-on-screen-10552706_184=\"265011\" data-gtm-vis-first-on-screen-10552706_184=\"265011\" data-gtm-vis-total-visible-time-10552706_184=\"100\" data-gtm-vis-has-fired-10552706_184=\"1\" data-gtm-vis-recent-on-screen-10552706_217=\"265015\" data-gtm-vis-first-on-screen-10552706_217=\"265015\" data-gtm-vis-total-visible-time-10552706_217=\"100\" data-gtm-vis-has-fired-10552706_217=\"1\">Dimensions de l&#8217;emballage<\/p>\n<\/td>\n<td colspan=\"42\">\n<p data-gtm-vis-recent-on-screen-10552706_184=\"264972\" data-gtm-vis-first-on-screen-10552706_184=\"264972\" data-gtm-vis-total-visible-time-10552706_184=\"100\" data-gtm-vis-has-fired-10552706_184=\"1\" data-gtm-vis-recent-on-screen-10552706_217=\"264985\" data-gtm-vis-first-on-screen-10552706_217=\"264985\" data-gtm-vis-total-visible-time-10552706_217=\"100\" data-gtm-vis-has-fired-10552706_217=\"1\">1680,0 mm \u00d7 1030,0 mm \u00d7 100,0 mm<\/p>\n<p data-gtm-vis-recent-on-screen-10552706_184=\"265012\" data-gtm-vis-first-on-screen-10552706_184=\"265012\" data-gtm-vis-total-visible-time-10552706_184=\"100\" data-gtm-vis-has-fired-10552706_184=\"1\" data-gtm-vis-recent-on-screen-10552706_217=\"265015\" data-gtm-vis-first-on-screen-10552706_217=\"265015\" data-gtm-vis-total-visible-time-10552706_217=\"100\" data-gtm-vis-has-fired-10552706_217=\"1\">(66,14 &#8220;x 40,55&#8221; x 3,94 &#8220;) \/ 2 pi\u00e8ces<\/p>\n<\/td>\n<\/tr>\n<tr>\n<td colspan=\"18\">\n<p data-gtm-vis-recent-on-screen-10552706_184=\"265013\" data-gtm-vis-first-on-screen-10552706_184=\"265013\" data-gtm-vis-total-visible-time-10552706_184=\"100\" data-gtm-vis-has-fired-10552706_184=\"1\" data-gtm-vis-recent-on-screen-10552706_217=\"265018\" data-gtm-vis-first-on-screen-10552706_217=\"265018\" data-gtm-vis-total-visible-time-10552706_217=\"100\" data-gtm-vis-has-fired-10552706_217=\"1\">Poids net<\/p>\n<\/td>\n<td colspan=\"42\">\n<p data-gtm-vis-recent-on-screen-10552706_184=\"265013\" data-gtm-vis-first-on-screen-10552706_184=\"265013\" data-gtm-vis-total-visible-time-10552706_184=\"100\" data-gtm-vis-has-fired-10552706_184=\"1\" data-gtm-vis-recent-on-screen-10552706_217=\"265019\" data-gtm-vis-first-on-screen-10552706_217=\"265019\" data-gtm-vis-total-visible-time-10552706_217=\"100\" data-gtm-vis-has-fired-10552706_217=\"1\">17,5 kg (38,6 livres) \/ 1 pi\u00e8ce<\/p>\n<\/td>\n<\/tr>\n<tr>\n<td colspan=\"18\">\n<p data-gtm-vis-recent-on-screen-10552706_184=\"265014\" data-gtm-vis-first-on-screen-10552706_184=\"265014\" data-gtm-vis-total-visible-time-10552706_184=\"100\" data-gtm-vis-has-fired-10552706_184=\"1\" data-gtm-vis-recent-on-screen-10552706_217=\"265019\" data-gtm-vis-first-on-screen-10552706_217=\"265019\" data-gtm-vis-total-visible-time-10552706_217=\"100\" data-gtm-vis-has-fired-10552706_217=\"1\">Poids brut<\/p>\n<\/td>\n<td colspan=\"42\">\n<p data-gtm-vis-recent-on-screen-10552706_184=\"265014\" data-gtm-vis-first-on-screen-10552706_184=\"265014\" data-gtm-vis-total-visible-time-10552706_184=\"100\" data-gtm-vis-has-fired-10552706_184=\"1\" data-gtm-vis-recent-on-screen-10552706_217=\"265020\" data-gtm-vis-first-on-screen-10552706_217=\"265020\" data-gtm-vis-total-visible-time-10552706_217=\"100\" data-gtm-vis-has-fired-10552706_217=\"1\">52,0 kg (114,6 lb) \/ 2 pi\u00e8ces<\/p>\n<\/td>\n<\/tr>\n<tr>\n<td colspan=\"60\">\n<h2 data-gtm-vis-recent-on-screen-10552706_184=\"265014\" data-gtm-vis-first-on-screen-10552706_184=\"265014\" data-gtm-vis-total-visible-time-10552706_184=\"100\" data-gtm-vis-has-fired-10552706_184=\"1\" data-gtm-vis-recent-on-screen-10552706_217=\"265020\" data-gtm-vis-first-on-screen-10552706_217=\"265020\" data-gtm-vis-total-visible-time-10552706_217=\"100\" data-gtm-vis-has-fired-10552706_217=\"1\"><span style=\"font-size: 14pt;\">Environnement<\/span><\/h2>\n<\/td>\n<\/tr>\n<tr>\n<td colspan=\"18\">\n<p data-gtm-vis-recent-on-screen-10552706_184=\"265045\" data-gtm-vis-first-on-screen-10552706_184=\"265045\" data-gtm-vis-total-visible-time-10552706_184=\"100\" data-gtm-vis-has-fired-10552706_184=\"1\" data-gtm-vis-recent-on-screen-10552706_217=\"265048\" data-gtm-vis-first-on-screen-10552706_217=\"265048\" data-gtm-vis-total-visible-time-10552706_217=\"100\" data-gtm-vis-has-fired-10552706_217=\"1\">Temp\u00e9rature de fonctionnement<\/p>\n<\/td>\n<td colspan=\"42\">\n<p data-gtm-vis-recent-on-screen-10552706_184=\"265046\" data-gtm-vis-first-on-screen-10552706_184=\"265046\" data-gtm-vis-total-visible-time-10552706_184=\"100\" data-gtm-vis-has-fired-10552706_184=\"1\" data-gtm-vis-recent-on-screen-10552706_217=\"265049\" data-gtm-vis-first-on-screen-10552706_217=\"265049\" data-gtm-vis-total-visible-time-10552706_217=\"100\" data-gtm-vis-has-fired-10552706_217=\"1\">\u201340 \u00b0 C \u00e0 + 85 \u00b0 C (\u201340 \u00b0 F \u00e0 + 185 \u00b0 F)<\/p>\n<\/td>\n<\/tr>\n<tr>\n<td colspan=\"18\">\n<p data-gtm-vis-recent-on-screen-10552706_184=\"265081\" data-gtm-vis-first-on-screen-10552706_184=\"265081\" data-gtm-vis-total-visible-time-10552706_184=\"100\" data-gtm-vis-has-fired-10552706_184=\"1\" data-gtm-vis-recent-on-screen-10552706_217=\"265082\" data-gtm-vis-first-on-screen-10552706_217=\"265082\" data-gtm-vis-total-visible-time-10552706_217=\"100\" data-gtm-vis-has-fired-10552706_217=\"1\">humidit\u00e9 d&#8217;exploitation<\/p>\n<\/td>\n<td colspan=\"42\">\n<p data-gtm-vis-recent-on-screen-10552706_184=\"265082\" data-gtm-vis-first-on-screen-10552706_184=\"265082\" data-gtm-vis-total-visible-time-10552706_184=\"100\" data-gtm-vis-has-fired-10552706_184=\"1\" data-gtm-vis-recent-on-screen-10552706_217=\"265083\" data-gtm-vis-first-on-screen-10552706_217=\"265083\" data-gtm-vis-total-visible-time-10552706_217=\"100\" data-gtm-vis-has-fired-10552706_217=\"1\">&lt;95% (HR)<\/p>\n<\/td>\n<\/tr>\n<tr>\n<td colspan=\"18\">\n<p data-gtm-vis-recent-on-screen-10552706_184=\"265507\" data-gtm-vis-first-on-screen-10552706_184=\"265507\" data-gtm-vis-total-visible-time-10552706_184=\"100\" data-gtm-vis-has-fired-10552706_184=\"1\" data-gtm-vis-recent-on-screen-10552706_217=\"265523\" data-gtm-vis-first-on-screen-10552706_217=\"265523\" data-gtm-vis-total-visible-time-10552706_217=\"100\" data-gtm-vis-has-fired-10552706_217=\"1\">Temp\u00e9rature de stockage<\/p>\n<\/td>\n<td colspan=\"42\">\n<p data-gtm-vis-recent-on-screen-10552706_184=\"265509\" data-gtm-vis-first-on-screen-10552706_184=\"265509\" data-gtm-vis-total-visible-time-10552706_184=\"100\" data-gtm-vis-has-fired-10552706_184=\"1\" data-gtm-vis-recent-on-screen-10552706_217=\"265525\" data-gtm-vis-first-on-screen-10552706_217=\"265526\" data-gtm-vis-total-visible-time-10552706_217=\"100\" data-gtm-vis-has-fired-10552706_217=\"1\">0 \u00b0 C \u00e0 + 40 \u00b0 C (+ 32 \u00b0 F \u00e0 + 104 \u00b0 F)<\/p>\n<\/td>\n<\/tr>\n<tr>\n<td colspan=\"18\">\n<p data-gtm-vis-recent-on-screen-10552706_184=\"265598\" data-gtm-vis-first-on-screen-10552706_184=\"265598\" data-gtm-vis-total-visible-time-10552706_184=\"100\" data-gtm-vis-has-fired-10552706_184=\"1\" data-gtm-vis-recent-on-screen-10552706_217=\"265600\" data-gtm-vis-first-on-screen-10552706_217=\"265600\" data-gtm-vis-total-visible-time-10552706_217=\"100\" data-gtm-vis-has-fired-10552706_217=\"1\">Temp\u00e9rature de stockage<\/p>\n<\/td>\n<td colspan=\"42\">\n<p data-gtm-vis-recent-on-screen-10552706_184=\"265598\" data-gtm-vis-first-on-screen-10552706_184=\"265598\" data-gtm-vis-total-visible-time-10552706_184=\"100\" data-gtm-vis-has-fired-10552706_184=\"1\" data-gtm-vis-recent-on-screen-10552706_217=\"265601\" data-gtm-vis-first-on-screen-10552706_217=\"265601\" data-gtm-vis-total-visible-time-10552706_217=\"100\" data-gtm-vis-has-fired-10552706_217=\"1\">&lt;95% (HR)<\/p>\n<\/td>\n<\/tr>\n<tr>\n<td colspan=\"60\">\n<h2 data-gtm-vis-recent-on-screen-10552706_184=\"265599\" data-gtm-vis-first-on-screen-10552706_184=\"265599\" data-gtm-vis-total-visible-time-10552706_184=\"100\" data-gtm-vis-has-fired-10552706_184=\"1\" data-gtm-vis-recent-on-screen-10552706_217=\"265601\" data-gtm-vis-first-on-screen-10552706_217=\"265601\" data-gtm-vis-total-visible-time-10552706_217=\"100\" data-gtm-vis-has-fired-10552706_217=\"1\"><span style=\"font-size: 14pt;\">Certifications<\/span><\/h2>\n<\/td>\n<\/tr>\n<tr>\n<td colspan=\"18\">\n<p data-gtm-vis-recent-on-screen-10552706_184=\"265637\" data-gtm-vis-first-on-screen-10552706_184=\"265637\" data-gtm-vis-total-visible-time-10552706_184=\"100\" data-gtm-vis-has-fired-10552706_184=\"1\" data-gtm-vis-recent-on-screen-10552706_217=\"265639\" data-gtm-vis-first-on-screen-10552706_217=\"265639\" data-gtm-vis-total-visible-time-10552706_217=\"100\" data-gtm-vis-has-fired-10552706_217=\"1\">Certifications<\/p>\n<\/td>\n<td colspan=\"42\">\n<p data-gtm-vis-recent-on-screen-10552706_184=\"265638\" data-gtm-vis-first-on-screen-10552706_184=\"265638\" data-gtm-vis-total-visible-time-10552706_184=\"100\" data-gtm-vis-has-fired-10552706_184=\"1\" data-gtm-vis-recent-on-screen-10552706_217=\"265639\" data-gtm-vis-first-on-screen-10552706_217=\"265639\" data-gtm-vis-total-visible-time-10552706_217=\"100\" data-gtm-vis-has-fired-10552706_217=\"1\">CE: EN61000-6-1, EN61000-6-3, EN61730-1, EN61730-2<\/p>\n<\/td>\n<\/tr>\n<\/tbody>\n<\/table>\n<\/div>\n<\/div>\n<div id=\"div_left\">\n<div class=\"div-drop\">\n<table id=\"table002\" class=\"NEW-TABLE TableOverride-1 tab-drag\">\n<tbody>\n<tr>\n<td colspan=\"60\">\n<p data-gtm-vis-recent-on-screen-10552706_184=\"265672\" data-gtm-vis-first-on-screen-10552706_184=\"265672\" data-gtm-vis-total-visible-time-10552706_184=\"100\" data-gtm-vis-has-fired-10552706_184=\"1\" data-gtm-vis-recent-on-screen-10552706_217=\"265674\" data-gtm-vis-first-on-screen-10552706_217=\"265674\" data-gtm-vis-total-visible-time-10552706_217=\"100\" data-gtm-vis-has-fired-10552706_217=\"1\">Informations sur le paquet<\/p>\n<\/td>\n<\/tr>\n<tr>\n<td colspan=\"18\">\n<p data-gtm-vis-recent-on-screen-10552706_184=\"265673\" data-gtm-vis-first-on-screen-10552706_184=\"265673\" data-gtm-vis-total-visible-time-10552706_184=\"100\" data-gtm-vis-has-fired-10552706_184=\"1\" data-gtm-vis-recent-on-screen-10552706_217=\"265674\" data-gtm-vis-first-on-screen-10552706_217=\"265674\" data-gtm-vis-total-visible-time-10552706_217=\"100\" data-gtm-vis-has-fired-10552706_217=\"1\">Panneau solaire DH-PFM371-M275 275W<\/p>\n<\/td>\n<td colspan=\"42\">\n<p data-gtm-vis-recent-on-screen-10552706_184=\"265673\" data-gtm-vis-first-on-screen-10552706_184=\"265673\" data-gtm-vis-total-visible-time-10552706_184=\"100\" data-gtm-vis-has-fired-10552706_184=\"1\" data-gtm-vis-recent-on-screen-10552706_217=\"265675\" data-gtm-vis-first-on-screen-10552706_217=\"265675\" data-gtm-vis-total-visible-time-10552706_217=\"100\" data-gtm-vis-has-fired-10552706_217=\"1\">2 pi\u00e8ces<\/p>\n<\/td>\n<\/tr>\n<\/tbody>\n<\/table>\n<\/div>\n<\/div>\n","protected":false},"excerpt":{"rendered":"<h1><span style=\"color: #000000; font-family: georgia, palatino, serif;\"><strong><span style=\"font-size: 12pt;\">Panneau Solaire<\/span><\/strong><\/span><\/h1>\n<ul>\n<li>Cellules solaires multi-jeux de barres, capacit\u00e9 de collecte de courant plus stable, r\u00e9duisant efficacement les pertes<\/li>\n<li>0 \u00e0 + 5W de tol\u00e9rance positive, g\u00e9n\u00e9rant plus de puissance pour les utilisateurs<\/li>\n<li>Excellentes performances dans un environnement faiblement \u00e9clair\u00e9 gr\u00e2ce \u00e0 la technologie de texturation de surface du verre et des cellules solaires<\/li>\n<li>Certification de charge de vent de 2400 Pa et de charge de neige de 5400 Pa<\/li>\n<li>Applicable \u00e0 divers environnements difficiles tels que la haute altitude, le brouillard salin hautement concentr\u00e9 et le froid intense<\/li>\n<\/ul>\n","protected":false},"featured_media":24219,"comment_status":"closed","ping_status":"closed","template":"","meta":{"om_disable_all_campaigns":false,"_monsterinsights_skip_tracking":false,"_monsterinsights_sitenote_active":false,"_monsterinsights_sitenote_note":"","_monsterinsights_sitenote_category":0},"product_cat":[845,847],"product_tag":[],"class_list":{"0":"post-19510","1":"product","2":"type-product","3":"status-publish","4":"has-post-thumbnail","6":"product_cat-energie-solaire","7":"product_cat-panneau-solaire","9":"first","10":"instock","11":"shipping-taxable","12":"purchasable","13":"product-type-simple","14":"add-to-wishlist-after_add_to_cart"},"aioseo_notices":[],"_links":{"self":[{"href":"https:\/\/tthcompany.ma\/index.php\/wp-json\/wp\/v2\/product\/19510","targetHints":{"allow":["GET"]}}],"collection":[{"href":"https:\/\/tthcompany.ma\/index.php\/wp-json\/wp\/v2\/product"}],"about":[{"href":"https:\/\/tthcompany.ma\/index.php\/wp-json\/wp\/v2\/types\/product"}],"replies":[{"embeddable":true,"href":"https:\/\/tthcompany.ma\/index.php\/wp-json\/wp\/v2\/comments?post=19510"}],"wp:featuredmedia":[{"embeddable":true,"href":"https:\/\/tthcompany.ma\/index.php\/wp-json\/wp\/v2\/media\/24219"}],"wp:attachment":[{"href":"https:\/\/tthcompany.ma\/index.php\/wp-json\/wp\/v2\/media?parent=19510"}],"wp:term":[{"taxonomy":"product_cat","embeddable":true,"href":"https:\/\/tthcompany.ma\/index.php\/wp-json\/wp\/v2\/product_cat?post=19510"},{"taxonomy":"product_tag","embeddable":true,"href":"https:\/\/tthcompany.ma\/index.php\/wp-json\/wp\/v2\/product_tag?post=19510"}],"curies":[{"name":"wp","href":"https:\/\/api.w.org\/{rel}","templated":true}]}}