{"id":19505,"date":"2022-08-17T10:38:59","date_gmt":"2022-08-17T10:38:59","guid":{"rendered":"https:\/\/tthcompany.ma\/?post_type=product&#038;p=19505"},"modified":"2022-08-17T10:39:08","modified_gmt":"2022-08-17T10:39:08","slug":"dh-ipc-hfw1230s-s5","status":"publish","type":"product","link":"https:\/\/tthcompany.ma\/index.php\/product\/dh-ipc-hfw1230s-s5\/","title":{"rendered":"DH-IPC-HFW1230S-S5"},"content":{"rendered":"","protected":false},"excerpt":{"rendered":"<h1><span style=\"font-size: 10pt; color: #000000; font-family: georgia, palatino, serif;\"><strong>Cam\u00e9ra r\u00e9seau \u00e0 focale fixe IR d&#8217;entr\u00e9e de 2 m\u00e9gapixels<\/strong><\/span><\/h1>\n<ul>\n<li>2MP, capteur d&#8217;image CMOS 1 \/ 2,8 \u201d, faible \u00e9clairement, haute d\u00e9finition d&#8217;image<\/li>\n<li>Sorties max. 2MP (1920 \u00d7 1080) \u00e0 25\/30 ips<\/li>\n<li>Codec H.265, taux de compression \u00e9lev\u00e9, d\u00e9bit binaire ultra-bas<\/li>\n<li>Illuminateur infrarouge efficace int\u00e9gr\u00e9, et max. la distance d&#8217;\u00e9clairage est de 30 m<\/li>\n<li>ROI, SMART H.264 + \/ H.265 +, codage flexible, applicable \u00e0 divers environnements de bande passante et de stockage<\/li>\n<li>Mode de rotation, DWDR, 3D NR, HLC, BLC, filigrane num\u00e9rique, applicable \u00e0 diverses sc\u00e8nes de surveillance<\/li>\n<li>D\u00e9tection d&#8217;anomalies: d\u00e9tection de mouvement, sabotage vid\u00e9o, d\u00e9connexion r\u00e9seau, conflit IP, acc\u00e8s ill\u00e9gal<\/li>\n<li>Alimentation 12V DC \/ PoE<\/li>\n<li>Protection IP67<\/li>\n<\/ul>\n","protected":false},"featured_media":19539,"comment_status":"closed","ping_status":"closed","template":"","meta":{"om_disable_all_campaigns":false,"_monsterinsights_skip_tracking":false,"_monsterinsights_sitenote_active":false,"_monsterinsights_sitenote_note":"","_monsterinsights_sitenote_category":0},"product_cat":[304,305,303,302,440],"product_tag":[],"class_list":{"0":"post-19505","1":"product","2":"type-product","3":"status-publish","4":"has-post-thumbnail","6":"product_cat-camera-fixe","7":"product_cat-cameras-2mp-camera-fixe","8":"product_cat-cameras-ip","9":"product_cat-produits-ip","10":"product_cat-serie-lite","12":"first","13":"instock","14":"shipping-taxable","15":"purchasable","16":"product-type-simple","17":"add-to-wishlist-after_add_to_cart"},"aioseo_notices":[],"_links":{"self":[{"href":"https:\/\/tthcompany.ma\/index.php\/wp-json\/wp\/v2\/product\/19505","targetHints":{"allow":["GET"]}}],"collection":[{"href":"https:\/\/tthcompany.ma\/index.php\/wp-json\/wp\/v2\/product"}],"about":[{"href":"https:\/\/tthcompany.ma\/index.php\/wp-json\/wp\/v2\/types\/product"}],"replies":[{"embeddable":true,"href":"https:\/\/tthcompany.ma\/index.php\/wp-json\/wp\/v2\/comments?post=19505"}],"wp:featuredmedia":[{"embeddable":true,"href":"https:\/\/tthcompany.ma\/index.php\/wp-json\/wp\/v2\/media\/19539"}],"wp:attachment":[{"href":"https:\/\/tthcompany.ma\/index.php\/wp-json\/wp\/v2\/media?parent=19505"}],"wp:term":[{"taxonomy":"product_cat","embeddable":true,"href":"https:\/\/tthcompany.ma\/index.php\/wp-json\/wp\/v2\/product_cat?post=19505"},{"taxonomy":"product_tag","embeddable":true,"href":"https:\/\/tthcompany.ma\/index.php\/wp-json\/wp\/v2\/product_tag?post=19505"}],"curies":[{"name":"wp","href":"https:\/\/api.w.org\/{rel}","templated":true}]}}