{"id":19504,"date":"2022-08-17T10:38:59","date_gmt":"2022-08-17T10:38:59","guid":{"rendered":"https:\/\/tthcompany.ma\/?post_type=product&#038;p=19504"},"modified":"2023-01-06T10:20:47","modified_gmt":"2023-01-06T10:20:47","slug":"dh-ipc-hdw1230s-s5","status":"publish","type":"product","link":"https:\/\/tthcompany.ma\/index.php\/product\/dh-ipc-hdw1230s-s5\/","title":{"rendered":"IPC-HDW1230SP-S5"},"content":{"rendered":"<table>\n<tbody>\n<tr>\n<td colspan=\"2\"><strong>Camera<\/strong><\/td>\n<\/tr>\n<tr>\n<td>Image Sensor<\/td>\n<td>1\/2.8 inch CMOS<\/td>\n<\/tr>\n<tr>\n<td>Max. Resolution<\/td>\n<td>1920 (H) \u00d7 1080 (V)<\/td>\n<\/tr>\n<tr>\n<td>ROM<\/td>\n<td>16 MB<\/td>\n<\/tr>\n<tr>\n<td>RAM<\/td>\n<td>64 MB<\/td>\n<\/tr>\n<tr>\n<td>Scanning System<\/td>\n<td>Progressive<\/td>\n<\/tr>\n<tr>\n<td>Electronic Shutter Speed<\/td>\n<td>Auto\/Manual 1\/3 s\u20131\/100000 s<\/td>\n<\/tr>\n<tr>\n<td>Min. Illumination<\/td>\n<td>0.01 Lux @F2.0<\/td>\n<\/tr>\n<tr>\n<td>S\/N Ratio<\/td>\n<td>&gt;56 dB<\/td>\n<\/tr>\n<tr>\n<td>Illumination Distance<\/td>\n<td>30 m (98.4 ft)<\/td>\n<\/tr>\n<tr>\n<td>Illuminator On\/Off Control<\/td>\n<td>Auto\/Manual<\/td>\n<\/tr>\n<tr>\n<td>Illuminator Number<\/td>\n<td>12 (IR LED)<\/td>\n<\/tr>\n<tr>\n<td>Pan\/Tilt\/Rotation Range<\/td>\n<td>Pan: 0\u00b0 to 355\u00b0; Tilt: 0\u00b0 to 78\u00b0; Rotation: 0\u00b0 to 360\u00b0<\/td>\n<\/tr>\n<tr>\n<td colspan=\"2\"><strong>Lens<\/strong><\/td>\n<\/tr>\n<tr>\n<td>Lens Type<\/td>\n<td>Fixed-focal<\/td>\n<\/tr>\n<tr>\n<td>Lens Mount<\/td>\n<td>M12<\/td>\n<\/tr>\n<tr>\n<td>Focal Length<\/td>\n<td>2.8 mm; 3.6 mm<\/td>\n<\/tr>\n<tr>\n<td>Max. Aperture<\/td>\n<td>2.8 mm: F2.0<br \/>\n3.6 mm: F2.0<\/td>\n<\/tr>\n<tr>\n<td>Field of View<\/td>\n<td>2.8 mm: Horizontal: 102\u00b0; Vertical: 54\u00b0; Diagonal: 120\u00b0<br \/>\n3.6 mm: Horizontal: 84\u00b0; Vertical: 45\u00b0; Diagonal: 100\u00b0<\/td>\n<\/tr>\n<tr>\n<td>Iris Control<\/td>\n<td>Fixed<\/td>\n<\/tr>\n<tr>\n<td colspan=\"2\"><strong>Video<\/strong><\/td>\n<\/tr>\n<tr>\n<td>Video Compression<\/td>\n<td>H.265; H.264; H.264B; MJPEG (only supported by the sub stream)<\/td>\n<\/tr>\n<tr>\n<td>Smart Codec<\/td>\n<td>Smart H.265+\/Smart H.264+<\/td>\n<\/tr>\n<tr>\n<td>Video Frame Rate<\/td>\n<td>Main Stream:<br \/>\n1920 \u00d7 1080 (1 fps\u201325\/30 fps)<br \/>\nSub stream:<br \/>\n704 \u00d7 576 (1 fps\u201325 fps)<br \/>\n704 \u00d7 480 (1 fps\u201330 fps)<\/td>\n<\/tr>\n<tr>\n<td>Stream Capability<\/td>\n<td>2 streams<\/td>\n<\/tr>\n<tr>\n<td>Resolution<\/td>\n<td>1080p (1920 \u00d7 1080); 1.3M(1280 \u00d7 960);720p (1280 \u00d7 720); D1 (704 \u00d7 576\/704 \u00d7 480); VGA (640 \u00d7 480); CIF (352 \u00d7 288\/352 \u00d7 240)<\/td>\n<\/tr>\n<tr>\n<td>Bit Rate Control<\/td>\n<td>CBR\/VBR<\/td>\n<\/tr>\n<tr>\n<td>Video Bit Rate<\/td>\n<td>H.264: 32 kbps\u20136144 kbps<br \/>\nH.265: 12 kbps\u20136400 kbps<\/td>\n<\/tr>\n<tr>\n<td>Day\/Night<\/td>\n<td>Auto (ICR)\/Color\/B\/W<\/td>\n<\/tr>\n<tr>\n<td>BLC<\/td>\n<td>Yes<\/td>\n<\/tr>\n<tr>\n<td>HLC<\/td>\n<td>Yes<\/td>\n<\/tr>\n<tr>\n<td>WDR<\/td>\n<td>DWDR<\/td>\n<\/tr>\n<tr>\n<td>White Balance<\/td>\n<td>Auto\/natural\/street lamp\/outdoor\/manual\/regional custom<\/td>\n<\/tr>\n<tr>\n<td>Gain Control<\/td>\n<td>Auto\/Manual<\/td>\n<\/tr>\n<tr>\n<td>Noise Reduction<\/td>\n<td>3D NR<\/td>\n<\/tr>\n<tr>\n<td>Motion Detection<\/td>\n<td>OFF\/ON (4 areas, rectangular)<\/td>\n<\/tr>\n<tr>\n<td>Region of Interest (RoI)<\/td>\n<td>Yes (4 areas)<\/td>\n<\/tr>\n<tr>\n<td>Smart Illumination<\/td>\n<td>Yes<\/td>\n<\/tr>\n<tr>\n<td>Image Rotation<\/td>\n<td>0\u00b0\/90\u00b0\/180\u00b0\/270\u00b0 (Support 90\u00b0\/270\u00b0 with 1080p resolution and lower)<\/td>\n<\/tr>\n<tr>\n<td>Mirror<\/td>\n<td>Yes<\/td>\n<\/tr>\n<tr>\n<td>Privacy Masking<\/td>\n<td>4 areas<\/td>\n<\/tr>\n<tr>\n<td colspan=\"2\"><strong>Alarm<\/strong><\/td>\n<\/tr>\n<tr>\n<td>Alarm Event<\/td>\n<td>Network disconnection; IP conflict; illegal access; motion detection; video tampering; safety exception<\/td>\n<\/tr>\n<tr>\n<td colspan=\"2\"><strong>Network<\/strong><\/td>\n<\/tr>\n<tr>\n<td>Network<\/td>\n<td>RJ-45 (10\/100 Base-T)<\/td>\n<\/tr>\n<tr>\n<td>SDK and API<\/td>\n<td>Yes<\/td>\n<\/tr>\n<tr>\n<td>Cyber Security<\/td>\n<td>Video encryption;configuration encryption; Digest; WSSE; account lockout; security logs; generation and importing of X.509 certification; HTTPS; trusted boot; trusted execution; trusted upgrade<\/td>\n<\/tr>\n<tr>\n<td>Network Protocol<\/td>\n<td>IPv4; IPv6; HTTP; TCP; UDP; ARP; RTP; RTSP; SMTP; FTP; DHCP; DNS; NTP; Multicast<\/td>\n<\/tr>\n<tr>\n<td>Interoperability<\/td>\n<td>ONVIF (Profile S\/Profile T); CGI; P2P; Genetec<\/td>\n<\/tr>\n<tr>\n<td>User\/Host<\/td>\n<td>6 (Total bandwidth: 36 M)<\/td>\n<\/tr>\n<tr>\n<td>Storage<\/td>\n<td>FTP<\/td>\n<\/tr>\n<tr>\n<td>Browser<\/td>\n<td>IE<br \/>\nChrome<br \/>\nFirefox<\/td>\n<\/tr>\n<tr>\n<td>Management Software<\/td>\n<td>Smart PSS; DSS; DMSS<\/td>\n<\/tr>\n<tr>\n<td>Mobile Client<\/td>\n<td>IOS; Android<\/td>\n<\/tr>\n<tr>\n<td colspan=\"2\"><strong>Power<\/strong><\/td>\n<\/tr>\n<tr>\n<td>Power Supply<\/td>\n<td>12V DC\/PoE (802.3af)<\/td>\n<\/tr>\n<tr>\n<td>Power Consumption<\/td>\n<td>Basic power consumption:1.5W (12V DC); 3.3W (PoE)<br \/>\nMax. power consumption (ICR + H.265+IR intensity): 2.3W (12V DC); 4.4W (PoE)<\/td>\n<\/tr>\n<tr>\n<td colspan=\"2\"><strong>Environment<\/strong><\/td>\n<\/tr>\n<tr>\n<td>Operating Conditions<\/td>\n<td>-40\u00b0C to +60\u00b0C (-40\u00b0F to +140\u00b0F)\/less than \u2264 95%<\/td>\n<\/tr>\n<tr>\n<td>Storage Temperature<\/td>\n<td>-40\u00b0C to +60\u00b0C (-40\u00b0F to +140\u00b0F)<\/td>\n<\/tr>\n<tr>\n<td>Protection<\/td>\n<td>IP67<\/td>\n<\/tr>\n<tr>\n<td colspan=\"2\"><strong>Structure<\/strong><\/td>\n<\/tr>\n<tr>\n<td>Casing<\/td>\n<td>Inner core: Metal<br \/>\nCover: Plastic<br \/>\nDecoration ring: Plastic<br \/>\nPedestal: Plastic<\/td>\n<\/tr>\n<tr>\n<td>Product Dimensions<\/td>\n<td>84.9 mm \u00d7 \u03a6108 mm (3.3&#8242; \u00d7 \u03a64.3&#8242;)<\/td>\n<\/tr>\n<tr>\n<td>Net Weight<\/td>\n<td>0.26 kg (0.5 lb)<\/td>\n<\/tr>\n<\/tbody>\n<\/table>\n","protected":false},"excerpt":{"rendered":"<h1><span style=\"font-size: 10pt; font-family: georgia, palatino, serif; color: #000000;\"><strong>Cam\u00e9ra r\u00e9seau \u00e0 globe oculaire fixe IR d&#8217;entr\u00e9e de 2 m\u00e9gapixels<\/strong><\/span><\/h1>\n<ul>\n<li>2MP, capteur d&#8217;image CMOS 1 \/ 2,8 \u201d, faible \u00e9clairement, haute d\u00e9finition d&#8217;image<\/li>\n<li>Sorties max. 2MP (1920 \u00d7 1080) \u00e0 25\/30 ips<\/li>\n<li>Codec H.265, taux de compression \u00e9lev\u00e9, d\u00e9bit binaire ultra-bas<\/li>\n<li>Illuminateur infrarouge efficace int\u00e9gr\u00e9, et max. distance d&#8217;\u00e9clairage est de 30 m<\/li>\n<li>ROI, SMART H.264 + \/ H.265 +, codage flexible, applicable \u00e0 divers bande passante et environnements de stockage<\/li>\n<li>Mode de rotation, DWDR, 3D NR, HLC, BLC, filigrane num\u00e9rique, applicable \u00e0 diverses sc\u00e8nes de surveillance<\/li>\n<li>D\u00e9tection d&#8217;anomalies: d\u00e9tection de mouvement, sabotage vid\u00e9o, r\u00e9seau d\u00e9connexion, conflit IP, acc\u00e8s ill\u00e9gal<\/li>\n<li>Alimentation 12V DC \/ PoE<\/li>\n<li>Protection IP67<\/li>\n<\/ul>\n","protected":false},"featured_media":19538,"comment_status":"closed","ping_status":"closed","template":"","meta":{"om_disable_all_campaigns":false,"_monsterinsights_skip_tracking":false,"_monsterinsights_sitenote_active":false,"_monsterinsights_sitenote_note":"","_monsterinsights_sitenote_category":0},"product_cat":[304,305,303,302,440],"product_tag":[229,195,862,197,200,201],"class_list":{"0":"post-19504","1":"product","2":"type-product","3":"status-publish","4":"has-post-thumbnail","6":"product_cat-camera-fixe","7":"product_cat-cameras-2mp-camera-fixe","8":"product_cat-cameras-ip","9":"product_cat-produits-ip","10":"product_cat-serie-lite","11":"product_tag-dahua-agadir","12":"product_tag-dahua-fes","13":"product_tag-dahua-ip","14":"product_tag-dahua-maroc","15":"product_tag-dahua-rabat","16":"product_tag-dahua-tanger","17":"ts_product_brand-dahua","19":"first","20":"instock","21":"shipping-taxable","22":"purchasable","23":"product-type-simple","24":"add-to-wishlist-after_add_to_cart"},"aioseo_notices":[],"_links":{"self":[{"href":"https:\/\/tthcompany.ma\/index.php\/wp-json\/wp\/v2\/product\/19504","targetHints":{"allow":["GET"]}}],"collection":[{"href":"https:\/\/tthcompany.ma\/index.php\/wp-json\/wp\/v2\/product"}],"about":[{"href":"https:\/\/tthcompany.ma\/index.php\/wp-json\/wp\/v2\/types\/product"}],"replies":[{"embeddable":true,"href":"https:\/\/tthcompany.ma\/index.php\/wp-json\/wp\/v2\/comments?post=19504"}],"wp:featuredmedia":[{"embeddable":true,"href":"https:\/\/tthcompany.ma\/index.php\/wp-json\/wp\/v2\/media\/19538"}],"wp:attachment":[{"href":"https:\/\/tthcompany.ma\/index.php\/wp-json\/wp\/v2\/media?parent=19504"}],"wp:term":[{"taxonomy":"product_cat","embeddable":true,"href":"https:\/\/tthcompany.ma\/index.php\/wp-json\/wp\/v2\/product_cat?post=19504"},{"taxonomy":"product_tag","embeddable":true,"href":"https:\/\/tthcompany.ma\/index.php\/wp-json\/wp\/v2\/product_tag?post=19504"}],"curies":[{"name":"wp","href":"https:\/\/api.w.org\/{rel}","templated":true}]}}