{"id":19494,"date":"2022-08-17T10:38:58","date_gmt":"2022-08-17T10:38:58","guid":{"rendered":"https:\/\/tthcompany.ma\/?post_type=product&#038;p=19494"},"modified":"2023-03-17T14:22:35","modified_gmt":"2023-03-17T14:22:35","slug":"dss-express","status":"publish","type":"product","link":"https:\/\/tthcompany.ma\/index.php\/product\/dss-express\/","title":{"rendered":"DSS Express"},"content":{"rendered":"<div id=\"div_left\">\n<div class=\"div-drop\">\n<table id=\"table004\" class=\"NEW-TABLE TableOverride-1 tab-drag\" style=\"height: 277px;\" width=\"618\">\n<tbody>\n<tr>\n<td colspan=\"60\">Org.\u00a0et utilisateur<\/td>\n<\/tr>\n<tr>\n<td colspan=\"18\">Organisation<\/td>\n<td colspan=\"42\">10 hi\u00e9rarchies, 999 organisations par hi\u00e9rarchie<\/td>\n<\/tr>\n<tr>\n<td colspan=\"18\">Groupe d&#8217;utilisateurs<\/td>\n<td colspan=\"42\">3 niveaux<\/td>\n<\/tr>\n<tr>\n<td colspan=\"18\">Utilisateur<\/td>\n<td colspan=\"42\">10 utilisateurs en ligne et au total 50 utilisateurs<\/td>\n<\/tr>\n<tr>\n<td colspan=\"60\">Appareils (performances en un seul point)<\/td>\n<\/tr>\n<tr>\n<td colspan=\"18\">Vid\u00e9o<\/td>\n<td colspan=\"42\">256 canaux<\/td>\n<\/tr>\n<tr>\n<td colspan=\"18\">Contr\u00f4le d&#8217;acc\u00e8s<\/td>\n<td colspan=\"42\">64 IP, 64 portes<\/td>\n<\/tr>\n<tr>\n<td colspan=\"18\">P\u00e9riph\u00e9riques VDP<\/td>\n<td colspan=\"42\">256 appareils (unit\u00e9 VTO pas plus de 32)<\/td>\n<\/tr>\n<tr>\n<td colspan=\"18\">Canaux de reconnaissance faciale<\/td>\n<td colspan=\"42\">8<\/td>\n<\/tr>\n<\/tbody>\n<\/table>\n<\/div>\n<\/div>\n<div id=\"div_left\">\n<div class=\"div-drop\">\n<table id=\"table005\" class=\"NEW-TABLE TableOverride-1 tab-drag\">\n<tbody>\n<tr>\n<td colspan=\"18\">Cam\u00e9ra ANPR<\/td>\n<td colspan=\"42\">8<\/td>\n<\/tr>\n<tr>\n<td colspan=\"60\">Serveur de transmission multim\u00e9dia<\/td>\n<\/tr>\n<tr>\n<td colspan=\"18\">Entr\u00e9e vid\u00e9o par serveur<\/td>\n<td colspan=\"42\">350 Mbps<\/td>\n<\/tr>\n<tr>\n<td colspan=\"18\">Sortie vid\u00e9o par serveur<\/td>\n<td colspan=\"42\">350 Mbps<\/td>\n<\/tr>\n<tr>\n<td colspan=\"60\">Record<\/td>\n<\/tr>\n<tr>\n<td colspan=\"18\">Bande passante de lecture par serveur \uff08Avec enregistrement\uff09<\/td>\n<td colspan=\"42\">150 Mbps<\/td>\n<\/tr>\n<tr>\n<td colspan=\"18\">Sortie vid\u00e9o par serveur<\/td>\n<td colspan=\"42\">150 Mbps<\/td>\n<\/tr>\n<tr>\n<td colspan=\"18\">Capacit\u00e9 maximale par serveur de stockage<\/td>\n<td colspan=\"42\">100 To<\/td>\n<\/tr>\n<tr>\n<td colspan=\"18\">T\u00e9l\u00e9charger la t\u00e2che<\/td>\n<td colspan=\"42\">JUSQU&#8217;\u00c0 5 par client<\/td>\n<\/tr>\n<tr>\n<td colspan=\"60\">\u00c9v\u00e9nement<\/td>\n<\/tr>\n<tr>\n<td colspan=\"18\">Nombre de r\u00e9ception d&#8217;\u00e9v\u00e9nement sans Pic<\/td>\n<td colspan=\"42\">80 par seconde<\/td>\n<\/tr>\n<tr>\n<td colspan=\"18\">Nombre de r\u00e9ception d&#8217;\u00e9v\u00e9nement avec Pic<\/td>\n<td colspan=\"42\">5 par seconde<\/td>\n<\/tr>\n<tr>\n<td colspan=\"60\">Emap<\/td>\n<\/tr>\n<tr>\n<td colspan=\"18\">Hi\u00e9rarchie de la carte raster<\/td>\n<td colspan=\"42\">8 hi\u00e9rarchies<\/td>\n<\/tr>\n<tr>\n<td colspan=\"18\">Photos de la carte raster<\/td>\n<td colspan=\"42\">Jusqu&#8217;\u00e0 64 photos<\/td>\n<\/tr>\n<tr>\n<td colspan=\"18\">Taille de la carte raster<\/td>\n<td colspan=\"42\">Jusqu&#8217;\u00e0 14,7 M<\/td>\n<\/tr>\n<tr>\n<td colspan=\"18\">Le num\u00e9ro de canal<\/td>\n<td colspan=\"42\">Jusqu&#8217;\u00e0 200<\/td>\n<\/tr>\n<tr>\n<td colspan=\"60\">Gestion du personnel<\/td>\n<\/tr>\n<tr>\n<td colspan=\"18\">Des personnes<\/td>\n<td colspan=\"42\">512<\/td>\n<\/tr>\n<tr>\n<td colspan=\"18\">Cartes<\/td>\n<td colspan=\"42\">512<\/td>\n<\/tr>\n<tr>\n<td colspan=\"18\">Empreintes<\/td>\n<td colspan=\"42\">512<\/td>\n<\/tr>\n<\/tbody>\n<\/table>\n<\/div>\n<\/div>\n","protected":false},"excerpt":{"rendered":"<p>Facile \u00e0 utiliser<\/p>\n<ul>\n<li>Int\u00e8gre toutes les op\u00e9rations de gestion chez le client<\/li>\n<li>Recherche automatique pour ajouter rapidement des appareils dans le LAN<\/li>\n<li>Flexibilit\u00e9 \u00e9lev\u00e9e<\/li>\n<li>B\u00e9n\u00e9ficie de l&#8217;ic\u00f4ne vectorielle pour un affichage de r\u00e9solution diff\u00e9rente<\/li>\n<li>D\u00e9codage GPU pour surveiller plus de cam\u00e9ras HD<\/li>\n<\/ul>\n<p>Haute stabilit\u00e9<\/p>\n<ul>\n<li>Sauvegardez automatiquement et restaurez manuellement en cas de perte de donn\u00e9es en situation anormale<\/li>\n<li>Verrouille le dossier pour conserver des preuves au cas o\u00f9 il pourrait \u00eatre r\u00e9\u00e9crit<\/li>\n<\/ul>\n<h3><a href=\"https:\/\/material.dahuasecurity.com\/uploads\/soft\/20221223\/General_DSS-Express_Win64_IS_V8.002.0000000.0.R.20221210.exe\">DSS Express 8.2<\/a><\/h3>\n","protected":false},"featured_media":19528,"comment_status":"closed","ping_status":"closed","template":"","meta":{"om_disable_all_campaigns":false,"_monsterinsights_skip_tracking":false,"_monsterinsights_sitenote_active":false,"_monsterinsights_sitenote_note":"","_monsterinsights_sitenote_category":0},"product_cat":[830],"product_tag":[211,212,214,229,193,216,218,196,272,197,201,222,1024],"class_list":{"0":"post-19494","1":"product","2":"type-product","3":"status-publish","4":"has-post-thumbnail","6":"product_cat-logiciels","7":"product_tag-camera-surveillance-dahua","8":"product_tag-camera-surveillance-tanger","9":"product_tag-dahua-afrique","10":"product_tag-dahua-agadir","11":"product_tag-dahua-casablanca","12":"product_tag-dahua-el-jadida","13":"product_tag-dahua-hoceima","14":"product_tag-dahua-kenitra","15":"product_tag-dahua-laayoune","16":"product_tag-dahua-maroc","17":"product_tag-dahua-tanger","18":"product_tag-dahua-tetouan","19":"product_tag-dss-express","20":"ts_product_brand-dahua","22":"first","23":"instock","24":"downloadable","25":"shipping-taxable","26":"purchasable","27":"product-type-simple","28":"add-to-wishlist-after_add_to_cart"},"aioseo_notices":[],"_links":{"self":[{"href":"https:\/\/tthcompany.ma\/index.php\/wp-json\/wp\/v2\/product\/19494","targetHints":{"allow":["GET"]}}],"collection":[{"href":"https:\/\/tthcompany.ma\/index.php\/wp-json\/wp\/v2\/product"}],"about":[{"href":"https:\/\/tthcompany.ma\/index.php\/wp-json\/wp\/v2\/types\/product"}],"replies":[{"embeddable":true,"href":"https:\/\/tthcompany.ma\/index.php\/wp-json\/wp\/v2\/comments?post=19494"}],"wp:featuredmedia":[{"embeddable":true,"href":"https:\/\/tthcompany.ma\/index.php\/wp-json\/wp\/v2\/media\/19528"}],"wp:attachment":[{"href":"https:\/\/tthcompany.ma\/index.php\/wp-json\/wp\/v2\/media?parent=19494"}],"wp:term":[{"taxonomy":"product_cat","embeddable":true,"href":"https:\/\/tthcompany.ma\/index.php\/wp-json\/wp\/v2\/product_cat?post=19494"},{"taxonomy":"product_tag","embeddable":true,"href":"https:\/\/tthcompany.ma\/index.php\/wp-json\/wp\/v2\/product_tag?post=19494"}],"curies":[{"name":"wp","href":"https:\/\/api.w.org\/{rel}","templated":true}]}}