{"id":19493,"date":"2022-08-17T10:38:58","date_gmt":"2022-08-17T10:38:58","guid":{"rendered":"https:\/\/tthcompany.ma\/?post_type=product&#038;p=19493"},"modified":"2022-08-17T10:39:03","modified_gmt":"2022-08-17T10:39:03","slug":"dmss","status":"publish","type":"product","link":"https:\/\/tthcompany.ma\/index.php\/product\/dmss\/","title":{"rendered":"DMSS"},"content":{"rendered":"<table class=\"ke-zeroborder\" border=\"0\" width=\"100%\" cellspacing=\"1\" cellpadding=\"0\" bgcolor=\"#dcdcdc\">\n<tbody>\n<tr>\n<td valign=\"top\" width=\"134.6px\"><b><span>Version<\/span><\/b><\/td>\n<td colspan=\"3\" valign=\"top\" width=\"319px\">\n<h2><span style=\"font-size: 14pt;\"><b>DMSS \/ DMSS HD<\/b><\/span><\/h2>\n<\/td>\n<\/tr>\n<tr>\n<td colspan=\"4\" valign=\"top\" width=\"453.6px\"><b><span>Appareil \u00e0 utiliser<\/span><\/b><\/td>\n<\/tr>\n<tr>\n<td valign=\"top\" width=\"134.6px\"><span>P\u00e9riph\u00e9riques compatibles<\/span><\/td>\n<td colspan=\"3\" valign=\"top\" width=\"319px\"><span>DVR, XVR, NVR, IPC, VTO, concentrateur d&#8217;alarme, contr\u00f4le d&#8217;acc\u00e8s<\/span><\/td>\n<\/tr>\n<tr>\n<td valign=\"top\" width=\"134.6px\"><span>Ajouter une m\u00e9thode de p\u00e9riph\u00e9rique<\/span><\/td>\n<td colspan=\"3\" valign=\"top\" width=\"319px\"><span>IP \/ domaine, SN, DDNS, compte de formulaire d&#8217;importation<\/span><\/td>\n<\/tr>\n<tr>\n<td valign=\"top\" width=\"134.6px\"><span>Gestion d&#8217;appareils<\/span><\/td>\n<td colspan=\"3\" valign=\"top\" width=\"319px\"><span>Configuration \u00e0 distance, configuration d&#8217;alarme, informations sur le disque dur, partage de p\u00e9riph\u00e9rique<\/span><\/td>\n<\/tr>\n<tr>\n<td colspan=\"4\" valign=\"top\" width=\"453.6px\"><b><span>Aper\u00e7u en direct<\/span><\/b><\/td>\n<\/tr>\n<tr>\n<td valign=\"top\" width=\"134.6px\"><span>Division de l&#8217;affichage vid\u00e9o<\/span><\/td>\n<td colspan=\"3\" valign=\"top\" width=\"319px\"><span>1\/4\/9\/16 divis\u00e9<\/span><\/td>\n<\/tr>\n<tr>\n<td valign=\"top\" width=\"134.6px\"><span>Max.\u00a0Les canaux peuvent \u00eatre ouverts en m\u00eame temps<\/span><\/td>\n<td colspan=\"3\" valign=\"top\" width=\"319px\"><span>256<\/span><\/td>\n<\/tr>\n<tr>\n<td valign=\"top\" width=\"134.6px\"><span>Fonctionnalit\u00e9s<\/span><\/td>\n<td colspan=\"3\" valign=\"top\" width=\"319px\"><span>Instantan\u00e9, enregistrement, lecture instantan\u00e9e, PTZ, d\u00e9formation fisheye, contr\u00f4le de flux, conversation, audio, alarme, couleur, favoris, m\u00e9moriser les cha\u00eenes<\/span><\/td>\n<\/tr>\n<tr>\n<td colspan=\"4\" valign=\"top\" width=\"453.6px\"><b><span>Relecture<\/span><\/b><\/td>\n<\/tr>\n<tr>\n<td valign=\"top\" width=\"134.6px\"><span>Max.\u00a0Les canaux peuvent \u00eatre ouverts lors de la lecture vid\u00e9o<\/span><\/td>\n<td colspan=\"3\" valign=\"top\" width=\"319px\"><span>4<\/span><\/td>\n<\/tr>\n<tr>\n<td valign=\"top\" width=\"134.6px\"><span>P\u00e9riode de lecture vid\u00e9o<\/span><\/td>\n<td colspan=\"3\" valign=\"top\" width=\"319px\"><span>24 heures<\/span><\/td>\n<\/tr>\n<tr>\n<td valign=\"top\" width=\"134.6px\"><span>Fonctionnalit\u00e9s<\/span><\/td>\n<td colspan=\"3\" valign=\"top\" width=\"319px\"><span>Instantan\u00e9, enregistrement, lecture plus rapide \/ plus lente, lecture de l&#8217;image suivante, coupure<\/span><\/td>\n<\/tr>\n<tr>\n<td colspan=\"4\" valign=\"top\" width=\"453.6px\"><b><span>Pouss\u00e9e d&#8217;alarme<\/span><\/b><\/td>\n<\/tr>\n<tr>\n<td valign=\"top\" width=\"134.6px\"><span>Type d&#8217;alarme<\/span><\/td>\n<td colspan=\"3\" valign=\"top\" width=\"319px\"><span>D\u00e9tection de mouvement, masquage de cam\u00e9ra, alarme locale, alarme de disque (pas de disque, espace faible, erreur de disque), d\u00e9tection de visage, alarme Ivs<\/span><\/td>\n<\/tr>\n<tr>\n<td valign=\"top\" width=\"134.6px\"><span>Type de pouss\u00e9e<\/span><\/td>\n<td colspan=\"3\" valign=\"top\" width=\"319px\"><span>Vid\u00e9o, en direct<\/span><\/td>\n<\/tr>\n<tr>\n<td colspan=\"4\" valign=\"top\" width=\"453.6px\"><b><span>Configuration minimale requise<\/span><\/b><\/td>\n<\/tr>\n<tr>\n<td valign=\"top\" width=\"134.6px\"><span>OS<\/span><\/td>\n<td colspan=\"3\" valign=\"top\" width=\"319px\"><span>Android: 5.0 et sup\u00e9rieur;<\/span><br \/>\n<span>IOS: 9.0 et sup\u00e9rieur<\/span><\/td>\n<\/tr>\n<\/tbody>\n<\/table>\n","protected":false},"excerpt":{"rendered":"<h1><span style=\"color: #000000;\"><strong><span style=\"font-size: 10pt; font-family: georgia, palatino, serif;\">Syst\u00e8me de surveillance mobile num\u00e9rique &#8211; Digital Mobile Surveillance System<\/span><\/strong><\/span><\/h1>\n<p>DMSS pour IOS \/ Android<\/p>\n<ol>\n<li>Multilingue: bulgare, chinois, simplifi\u00e9, chinois, traditionnel, tch\u00e8que, danois, anglais, finnois, fran\u00e7ais, allemand, h\u00e9breu, hongrois, italien, japonais, cor\u00e9en, n\u00e9erlandais, norv\u00e9gien, polonais, portugais, russe, serbe, slovaque, Espagnol, su\u00e9dois, tha\u00ef, turc, vietnamien<\/li>\n<li>Prise en charge du direct \/ lecture en temps r\u00e9el<br \/>\nPrend en charge le moniteur \u00e0 distance, la lecture et la configuration de l&#8217;appareil<\/li>\n<li>Prise en charge de H.265 \/ H.264 \/ d\u00e9codage<\/li>\n<li>Prise en charge de l&#8217;alarme push avec live \/ lecture \/ image<br \/>\nAlarm Push avec trois types diff\u00e9rents vous permet d&#8217;acqu\u00e9rir des messages instantan\u00e9s pour ce qui s&#8217;est pass\u00e9 dans votre environnement de surveillance.<\/li>\n<li>Roue des t\u00e2ches pour changer le groupe de favoris<br \/>\nUn simple tap pour ajouter \u00abGroupe de favoris\u00bb; Une petite diapositive pour obtenir votre &#8220;Groupe pr\u00e9f\u00e9r\u00e9&#8221;<\/li>\n<\/ol>\n","protected":false},"featured_media":19526,"comment_status":"closed","ping_status":"closed","template":"","meta":{"om_disable_all_campaigns":false,"_monsterinsights_skip_tracking":false,"_monsterinsights_sitenote_active":false,"_monsterinsights_sitenote_note":"","_monsterinsights_sitenote_category":0},"product_cat":[830],"product_tag":[],"class_list":{"0":"post-19493","1":"product","2":"type-product","3":"status-publish","4":"has-post-thumbnail","6":"product_cat-logiciels","8":"first","9":"instock","10":"shipping-taxable","11":"purchasable","12":"product-type-simple","13":"add-to-wishlist-after_add_to_cart"},"aioseo_notices":[],"_links":{"self":[{"href":"https:\/\/tthcompany.ma\/index.php\/wp-json\/wp\/v2\/product\/19493","targetHints":{"allow":["GET"]}}],"collection":[{"href":"https:\/\/tthcompany.ma\/index.php\/wp-json\/wp\/v2\/product"}],"about":[{"href":"https:\/\/tthcompany.ma\/index.php\/wp-json\/wp\/v2\/types\/product"}],"replies":[{"embeddable":true,"href":"https:\/\/tthcompany.ma\/index.php\/wp-json\/wp\/v2\/comments?post=19493"}],"wp:featuredmedia":[{"embeddable":true,"href":"https:\/\/tthcompany.ma\/index.php\/wp-json\/wp\/v2\/media\/19526"}],"wp:attachment":[{"href":"https:\/\/tthcompany.ma\/index.php\/wp-json\/wp\/v2\/media?parent=19493"}],"wp:term":[{"taxonomy":"product_cat","embeddable":true,"href":"https:\/\/tthcompany.ma\/index.php\/wp-json\/wp\/v2\/product_cat?post=19493"},{"taxonomy":"product_tag","embeddable":true,"href":"https:\/\/tthcompany.ma\/index.php\/wp-json\/wp\/v2\/product_tag?post=19493"}],"curies":[{"name":"wp","href":"https:\/\/api.w.org\/{rel}","templated":true}]}}