{"id":19442,"date":"2022-08-17T10:38:41","date_gmt":"2022-08-17T10:38:41","guid":{"rendered":"https:\/\/tthcompany.ma\/?post_type=product&#038;p=19442"},"modified":"2022-08-17T10:38:51","modified_gmt":"2022-08-17T10:38:51","slug":"dhi-vth2421fw-p","status":"publish","type":"product","link":"https:\/\/tthcompany.ma\/index.php\/product\/dhi-vth2421fw-p\/","title":{"rendered":"DHI-VTH2421FW-P"},"content":{"rendered":"<table id=\"table001\" class=\"NEW-TABLE TableOverride-1 tab-drag\">\n<tbody>\n<tr>\n<td colspan=\"60\">\n<h2><span style=\"font-size: 14pt;\">Sp\u00e9ci\ufb01cation technique<\/span><\/h2>\n<\/td>\n<\/tr>\n<tr>\n<td colspan=\"18\">Processeur principal<\/td>\n<td colspan=\"42\">Processeur embarqu\u00e9 hautes performances<\/td>\n<\/tr>\n<tr>\n<td colspan=\"18\">Syst\u00e8me op\u00e9rateur<\/td>\n<td colspan=\"42\">OS LINUX int\u00e9gr\u00e9<\/td>\n<\/tr>\n<tr>\n<td colspan=\"18\">Type d&#8217;\u00e9cran<\/td>\n<td colspan=\"42\">\u00c9cran capacitif<\/td>\n<\/tr>\n<tr>\n<td colspan=\"18\">Afficher<\/td>\n<td colspan=\"42\">\u00c9cran TFT 7 pouces<\/td>\n<\/tr>\n<tr>\n<td colspan=\"18\">R\u00e9solution<\/td>\n<td colspan=\"42\">1 024 \u00d7 600<\/td>\n<\/tr>\n<tr>\n<td colspan=\"18\">Compression de vid\u00e9o<\/td>\n<td colspan=\"42\">H.264<\/td>\n<\/tr>\n<tr>\n<td colspan=\"18\">Compression audio<\/td>\n<td colspan=\"42\">G.711A \/ G.711U \/ PCM<\/td>\n<\/tr>\n<tr>\n<td colspan=\"18\">Entr\u00e9e audio<\/td>\n<td colspan=\"42\">Microphone polyvalent 1 canal<\/td>\n<\/tr>\n<tr>\n<td colspan=\"18\">Sortie audio<\/td>\n<td colspan=\"42\">Haut-parleur int\u00e9gr\u00e9 de 1,5 W<\/td>\n<\/tr>\n<tr>\n<td colspan=\"18\">Mode audio<\/td>\n<td colspan=\"42\">Prise en charge de la conversation bidirectionnelle bidirectionnelle<\/td>\n<\/tr>\n<tr>\n<td colspan=\"18\">Am\u00e9lioration audio<\/td>\n<td colspan=\"42\">Prise en charge de l&#8217;annulation d&#8217;\u00e9cho \/ DNR<\/td>\n<\/tr>\n<tr>\n<td colspan=\"18\">Bitrate audio<\/td>\n<td colspan=\"42\">16 kbit \/ s<\/td>\n<\/tr>\n<tr>\n<td colspan=\"18\">Mode de communication<\/td>\n<td colspan=\"42\">Num\u00e9rique complet<\/td>\n<\/tr>\n<tr>\n<td colspan=\"18\">Communiqu\u00e9 d&#8217;information<\/td>\n<td colspan=\"42\">Assistance pour recevoir et afficher les notifications \u00e9mises par le centre<\/td>\n<\/tr>\n<tr>\n<td colspan=\"18\">Laisser des vid\u00e9os ou des messages texte<\/td>\n<td colspan=\"42\">Soutien<\/td>\n<\/tr>\n<tr>\n<td colspan=\"18\">Mode NPD<\/td>\n<td colspan=\"42\">Assistance pour d\u00e9finir la p\u00e9riode DND<\/td>\n<\/tr>\n<tr>\n<td colspan=\"18\">Quantit\u00e9 de sous-station<\/td>\n<td colspan=\"42\">9<\/td>\n<\/tr>\n<tr>\n<td colspan=\"18\">Entr\u00e9e d&#8217;alarme<\/td>\n<td colspan=\"42\">6 canaux (quantit\u00e9 de commutateur)<\/td>\n<\/tr>\n<tr>\n<td colspan=\"18\">Sortie d&#8217;alarme<\/td>\n<td colspan=\"42\">1 canal<\/td>\n<\/tr>\n<tr>\n<td colspan=\"18\">R\u00e9seau<\/td>\n<td colspan=\"42\">1 RJ-45<\/td>\n<\/tr>\n<tr>\n<td colspan=\"18\">Alarme SOS<\/td>\n<td colspan=\"42\">Soutien<\/td>\n<\/tr>\n<tr>\n<td colspan=\"18\">Enveloppe<\/td>\n<td colspan=\"42\">PC + ABS<\/td>\n<\/tr>\n<tr>\n<td colspan=\"18\">Apparence Couleur<\/td>\n<td colspan=\"42\">Apparence Couleur<\/td>\n<\/tr>\n<tr>\n<td colspan=\"18\">Source de courant<\/td>\n<td colspan=\"42\">PoE standard DC 12V 1A<\/td>\n<\/tr>\n<tr>\n<td colspan=\"18\">Installation<\/td>\n<td colspan=\"42\">montage mural<\/td>\n<\/tr>\n<tr>\n<td colspan=\"18\">Accessoires<\/td>\n<td colspan=\"42\">Support<br \/>\npar d\u00e9faut C\u00e2ble d&#8217;alarme par d\u00e9faut<\/td>\n<\/tr>\n<tr>\n<td colspan=\"18\">Dimensions<\/td>\n<td colspan=\"42\">119,6 mm \u00d7 221,5 mm \u00d7 21,5 mm (4,71 &#8220;\u00d7 8,72&#8221; \u00d7 0,85 &#8220;)<\/td>\n<\/tr>\n<tr>\n<td colspan=\"18\">Temp\u00e9rature de fonctionnement<\/td>\n<td colspan=\"42\">-10 \u00b0 C \u00e0 + 55 \u00b0 C (+ 14 \u00b0 F \u00e0 + 131 \u00b0 F)<\/td>\n<\/tr>\n<tr>\n<td colspan=\"18\">humidit\u00e9 d&#8217;exploitation<\/td>\n<td colspan=\"42\">10% d&#8217;humidit\u00e9 relative \u00e0 95% d&#8217;humidit\u00e9 relative<\/td>\n<\/tr>\n<tr>\n<td colspan=\"18\">Consommation d&#8217;\u00e9nergie<\/td>\n<td colspan=\"42\">Veille\u22644W, travail\u22646W<\/td>\n<\/tr>\n<tr>\n<td colspan=\"18\">Poids brut<\/td>\n<td colspan=\"42\">0,35 kg (0,77 livre)<\/td>\n<\/tr>\n<tr>\n<td colspan=\"18\">Mode d&#8217;alimentation<\/td>\n<td colspan=\"42\">PoE<\/td>\n<\/tr>\n<tr>\n<td colspan=\"18\">Espace de rangement<\/td>\n<td colspan=\"42\">Prise en charge de Micro SD, capacit\u00e9 de m\u00e9moire maximale 32 G, capacit\u00e9 de m\u00e9moire standard 8 G<\/td>\n<\/tr>\n<\/tbody>\n<\/table>\n","protected":false},"excerpt":{"rendered":"<h1><span style=\"color: #000000; font-family: georgia, palatino, serif;\"><strong><span style=\"font-size: 10pt;\">Moniteur d&#8217;int\u00e9rieur VTH num\u00e9rique<\/span><\/strong><\/span><\/h1>\n<ul>\n<li>\u00c9cran tactile capacitif TFT 7 &#8220;, 1024 x 600<\/li>\n<li>Surveillance IPC<\/li>\n<li>Int\u00e9gration d&#8217;alarme<\/li>\n<li>Haute performance et \u00e9conomique<\/li>\n<li>Carte SD 8 Go int\u00e9gr\u00e9e<\/li>\n<li>Prise en charge PoE standard<\/li>\n<\/ul>\n<p><img decoding=\"async\" class=\"alignnone size-medium wp-image-6401\" src=\"http:\/\/tthcompany.com\/wp-content\/uploads\/2021\/02\/moniteur-1-300x32.png\" alt=\"Moniteur\" width=\"300\" height=\"32\" \/><\/p>\n","protected":false},"featured_media":19473,"comment_status":"closed","ping_status":"closed","template":"","meta":{"om_disable_all_campaigns":false,"_monsterinsights_skip_tracking":false,"_monsterinsights_sitenote_active":false,"_monsterinsights_sitenote_note":"","_monsterinsights_sitenote_category":0},"product_cat":[598,824],"product_tag":[],"class_list":{"0":"post-19442","1":"product","2":"type-product","3":"status-publish","4":"has-post-thumbnail","6":"product_cat-controle-dacces","7":"product_cat-moniteurs-controle-dacces","9":"first","10":"instock","11":"shipping-taxable","12":"purchasable","13":"product-type-simple","14":"add-to-wishlist-after_add_to_cart"},"aioseo_notices":[],"_links":{"self":[{"href":"https:\/\/tthcompany.ma\/index.php\/wp-json\/wp\/v2\/product\/19442","targetHints":{"allow":["GET"]}}],"collection":[{"href":"https:\/\/tthcompany.ma\/index.php\/wp-json\/wp\/v2\/product"}],"about":[{"href":"https:\/\/tthcompany.ma\/index.php\/wp-json\/wp\/v2\/types\/product"}],"replies":[{"embeddable":true,"href":"https:\/\/tthcompany.ma\/index.php\/wp-json\/wp\/v2\/comments?post=19442"}],"wp:featuredmedia":[{"embeddable":true,"href":"https:\/\/tthcompany.ma\/index.php\/wp-json\/wp\/v2\/media\/19473"}],"wp:attachment":[{"href":"https:\/\/tthcompany.ma\/index.php\/wp-json\/wp\/v2\/media?parent=19442"}],"wp:term":[{"taxonomy":"product_cat","embeddable":true,"href":"https:\/\/tthcompany.ma\/index.php\/wp-json\/wp\/v2\/product_cat?post=19442"},{"taxonomy":"product_tag","embeddable":true,"href":"https:\/\/tthcompany.ma\/index.php\/wp-json\/wp\/v2\/product_tag?post=19442"}],"curies":[{"name":"wp","href":"https:\/\/api.w.org\/{rel}","templated":true}]}}