{"id":19440,"date":"2022-08-17T10:38:41","date_gmt":"2022-08-17T10:38:41","guid":{"rendered":"https:\/\/tthcompany.ma\/?post_type=product&#038;p=19440"},"modified":"2022-08-17T10:38:48","modified_gmt":"2022-08-17T10:38:48","slug":"dh-hap120","status":"publish","type":"product","link":"https:\/\/tthcompany.ma\/index.php\/product\/dh-hap120\/","title":{"rendered":"DH-HAP120"},"content":{"rendered":"<table class=\"ke-zeroborder\" border=\"0\" width=\"100%\" cellspacing=\"1\" cellpadding=\"0\" bgcolor=\"#dcdcdc\">\n<tbody>\n<tr>\n<td valign=\"top\" width=\"163.05px\">\n<h2><span style=\"font-size: 14pt;\"><b>Mod\u00e8le<\/b><\/span><\/h2>\n<\/td>\n<td valign=\"top\" width=\"347.25px\"><b>DH-HAP120<\/b><\/td>\n<\/tr>\n<tr>\n<td colspan=\"2\" valign=\"top\" width=\"510.3px\">\n<h2><span style=\"font-size: 14pt;\"><b>G\u00e9n\u00e9ral<\/b><\/span><\/h2>\n<\/td>\n<\/tr>\n<tr>\n<td valign=\"top\" width=\"163.05px\">Port\u00e9e<\/td>\n<td valign=\"top\" width=\"347.25px\">10 ~ 70 m2<\/td>\n<\/tr>\n<tr>\n<td valign=\"top\" width=\"163.05px\">Sensibilit\u00e9<\/td>\n<td valign=\"top\" width=\"347.25px\">-34 \u00b1 3dB<\/td>\n<\/tr>\n<tr>\n<td valign=\"top\" width=\"163.05px\">Fr\u00e9quence de r\u00e9ponse<\/td>\n<td valign=\"top\" width=\"347.25px\">80 Hz \u00e0 16 kHz<\/td>\n<\/tr>\n<tr>\n<td valign=\"top\" width=\"163.05px\">Caract\u00e9ristique directionnelle<\/td>\n<td valign=\"top\" width=\"347.25px\">Omnidirectionnel<\/td>\n<\/tr>\n<tr>\n<td valign=\"top\" width=\"163.05px\">SNR (sur 94dBSPL = 1Pa \u00e0 1KHz)<\/td>\n<td valign=\"top\" width=\"347.25px\">58 dB<\/td>\n<\/tr>\n<tr>\n<td valign=\"top\" width=\"163.05px\">Plage dynamique<\/td>\n<td valign=\"top\" width=\"347.25px\">74 dB<\/td>\n<\/tr>\n<tr>\n<td valign=\"top\" width=\"163.05px\">Max.\u00a0pression acoustique durable<\/td>\n<td valign=\"top\" width=\"347.25px\">110dBSPL (1KHz, THD 1%)<\/td>\n<\/tr>\n<tr>\n<td valign=\"top\" width=\"163.05px\">Imp\u00e9dance de sortie<\/td>\n<td valign=\"top\" width=\"347.25px\">600\u03a9 (non-\u00e9quilibre)<\/td>\n<\/tr>\n<tr>\n<td valign=\"top\" width=\"163.05px\">Amplitude du signal de sortie<\/td>\n<td valign=\"top\" width=\"347.25px\">2,5 Vpp \/ 88 dBSPL<\/td>\n<\/tr>\n<tr>\n<td valign=\"top\" width=\"163.05px\">Microphone<\/td>\n<td valign=\"top\" width=\"347.25px\">T\u00eate de microphone \u00e0 condensateur \u00e0 film plaqu\u00e9<\/td>\n<\/tr>\n<tr>\n<td valign=\"top\" width=\"163.05px\">Tension de travail<\/td>\n<td valign=\"top\" width=\"347.25px\">DC 12 V<\/td>\n<\/tr>\n<tr>\n<td valign=\"top\" width=\"163.05px\">Courant de travail<\/td>\n<td valign=\"top\" width=\"347.25px\">40 mA<\/td>\n<\/tr>\n<tr>\n<td valign=\"top\" width=\"163.05px\">Temp\u00e9rature de fonctionnement<\/td>\n<td valign=\"top\" width=\"347.25px\">-30 \u00b0 C ~ + 70 \u00b0 C (-22 \u2109 ~ + 158 \u2109)<\/td>\n<\/tr>\n<tr>\n<td valign=\"top\" width=\"163.05px\">Mat\u00e9riel<\/td>\n<td valign=\"top\" width=\"347.25px\">Aluminium<\/td>\n<\/tr>\n<tr>\n<td valign=\"top\" width=\"163.05px\">Couleur<\/td>\n<td valign=\"top\" width=\"347.25px\">argent<\/td>\n<\/tr>\n<tr>\n<td valign=\"top\" width=\"163.05px\">Dimension<\/td>\n<td valign=\"top\" width=\"347.25px\">\u03a640 mm \u00d7 20 mm (\u03a61,57 &#8220;\u00d7 0,79&#8221;)<\/td>\n<\/tr>\n<tr>\n<td valign=\"top\" width=\"163.05px\">Poids<\/td>\n<td valign=\"top\" width=\"347.25px\">48 g (0,11 livre)<\/td>\n<\/tr>\n<tr>\n<td valign=\"top\" width=\"163.05px\">Certification<\/td>\n<td valign=\"top\" width=\"347.25px\">CE \/ FCC<\/td>\n<\/tr>\n<\/tbody>\n<\/table>\n","protected":false},"excerpt":{"rendered":"<h1><span style=\"color: #000000; font-family: georgia, palatino, serif;\"><strong><span style=\"font-size: 10pt;\">Ramassage du son haute fid\u00e9lit\u00e9<\/span><\/strong><\/span><\/h1>\n<ul>\n<li>Utilisez une haute sensibilit\u00e9, une t\u00eate de microphone directionnelle et un microphone omnidirectionnel, un son clair et naturel;<\/li>\n<li>Protection contre la foudre, protection de transposition de polarit\u00e9 de puissance et protection \u00e9lectrostatique.<\/li>\n<\/ul>\n","protected":false},"featured_media":19471,"comment_status":"closed","ping_status":"closed","template":"","meta":{"om_disable_all_campaigns":false,"_monsterinsights_skip_tracking":false,"_monsterinsights_sitenote_active":false,"_monsterinsights_sitenote_note":"","_monsterinsights_sitenote_category":0},"product_cat":[583,823],"product_tag":[],"class_list":{"0":"post-19440","1":"product","2":"type-product","3":"status-publish","4":"has-post-thumbnail","6":"product_cat-accessoires","7":"product_cat-microphone","9":"first","10":"instock","11":"shipping-taxable","12":"purchasable","13":"product-type-simple","14":"add-to-wishlist-after_add_to_cart"},"aioseo_notices":[],"_links":{"self":[{"href":"https:\/\/tthcompany.ma\/index.php\/wp-json\/wp\/v2\/product\/19440","targetHints":{"allow":["GET"]}}],"collection":[{"href":"https:\/\/tthcompany.ma\/index.php\/wp-json\/wp\/v2\/product"}],"about":[{"href":"https:\/\/tthcompany.ma\/index.php\/wp-json\/wp\/v2\/types\/product"}],"replies":[{"embeddable":true,"href":"https:\/\/tthcompany.ma\/index.php\/wp-json\/wp\/v2\/comments?post=19440"}],"wp:featuredmedia":[{"embeddable":true,"href":"https:\/\/tthcompany.ma\/index.php\/wp-json\/wp\/v2\/media\/19471"}],"wp:attachment":[{"href":"https:\/\/tthcompany.ma\/index.php\/wp-json\/wp\/v2\/media?parent=19440"}],"wp:term":[{"taxonomy":"product_cat","embeddable":true,"href":"https:\/\/tthcompany.ma\/index.php\/wp-json\/wp\/v2\/product_cat?post=19440"},{"taxonomy":"product_tag","embeddable":true,"href":"https:\/\/tthcompany.ma\/index.php\/wp-json\/wp\/v2\/product_tag?post=19440"}],"curies":[{"name":"wp","href":"https:\/\/api.w.org\/{rel}","templated":true}]}}