{"id":19439,"date":"2022-08-17T10:38:41","date_gmt":"2022-08-17T10:38:41","guid":{"rendered":"https:\/\/tthcompany.ma\/?post_type=product&#038;p=19439"},"modified":"2023-09-26T10:00:55","modified_gmt":"2023-09-26T10:00:55","slug":"dh-hap320-v","status":"publish","type":"product","link":"https:\/\/tthcompany.ma\/index.php\/product\/dh-hap320-v\/","title":{"rendered":"DH-HAP320-V"},"content":{"rendered":"<table class=\"ke-zeroborder\" style=\"width: 100%; height: 504px;\" border=\"0\" width=\"100%\" cellspacing=\"1\" cellpadding=\"0\" bgcolor=\"#dcdcdc\">\n<tbody>\n<tr style=\"height: 24px;\">\n<td style=\"height: 24px;\" valign=\"top\" width=\"163.05px\">\n<h2><span style=\"font-size: 14pt;\"><b>Mod\u00e8le<\/b><\/span><\/h2>\n<\/td>\n<td style=\"height: 24px;\" valign=\"top\" width=\"347.25px\"><b><span>DH-HAP320-V<\/span><\/b><\/td>\n<\/tr>\n<tr style=\"height: 24px;\">\n<td style=\"height: 24px;\" colspan=\"2\" valign=\"top\" width=\"510.3px\">\n<h2><span style=\"font-size: 14pt;\"><b>G\u00e9n\u00e9ral<\/b><\/span><\/h2>\n<\/td>\n<\/tr>\n<tr style=\"height: 24px;\">\n<td style=\"height: 24px;\" valign=\"top\" width=\"163.05px\"><span>Port\u00e9e<\/span><\/td>\n<td style=\"height: 24px;\" valign=\"top\" width=\"347.25px\"><span>5 ~ 100 m2<\/span><\/td>\n<\/tr>\n<tr style=\"height: 24px;\">\n<td style=\"height: 24px;\" valign=\"top\" width=\"163.05px\"><span>Sensibilit\u00e9<\/span><\/td>\n<td style=\"height: 24px;\" valign=\"top\" width=\"347.25px\"><span>-24 \u00b1 3dB<\/span><\/td>\n<\/tr>\n<tr style=\"height: 24px;\">\n<td style=\"height: 24px;\" valign=\"top\" width=\"163.05px\"><span>Fr\u00e9quence de r\u00e9ponse<\/span><\/td>\n<td style=\"height: 24px;\" valign=\"top\" width=\"347.25px\"><span>20 Hz \u00e0 20 kHz<\/span><\/td>\n<\/tr>\n<tr style=\"height: 24px;\">\n<td style=\"height: 24px;\" valign=\"top\" width=\"163.05px\"><span>Caract\u00e9ristique directionnelle<\/span><\/td>\n<td style=\"height: 24px;\" valign=\"top\" width=\"347.25px\"><span>Omnidirectionnel<\/span><\/td>\n<\/tr>\n<tr style=\"height: 24px;\">\n<td style=\"height: 24px;\" valign=\"top\" width=\"163.05px\"><span>SNR (sur 94dBSPL = 1Pa \u00e0 1KHz)<\/span><\/td>\n<td style=\"height: 24px;\" valign=\"top\" width=\"347.25px\"><span>68 dB<\/span><\/td>\n<\/tr>\n<tr style=\"height: 24px;\">\n<td style=\"height: 24px;\" valign=\"top\" width=\"163.05px\"><span>Plage dynamique<\/span><\/td>\n<td style=\"height: 24px;\" valign=\"top\" width=\"347.25px\"><span>84 dB<\/span><\/td>\n<\/tr>\n<tr style=\"height: 24px;\">\n<td style=\"height: 24px;\" valign=\"top\" width=\"163.05px\"><span>Max.\u00a0pression acoustique durable<\/span><\/td>\n<td style=\"height: 24px;\" valign=\"top\" width=\"347.25px\"><span>110 dBSPL (1 KHz, THD 1%)<\/span><\/td>\n<\/tr>\n<tr style=\"height: 24px;\">\n<td style=\"height: 24px;\" valign=\"top\" width=\"163.05px\"><span>Imp\u00e9dance de sortie<\/span><\/td>\n<td style=\"height: 24px;\" valign=\"top\" width=\"347.25px\"><span>100\u03a9 (non-\u00e9quilibre)<\/span><\/td>\n<\/tr>\n<tr style=\"height: 24px;\">\n<td style=\"height: 24px;\" valign=\"top\" width=\"163.05px\"><span>Amplitude du signal de sortie<\/span><\/td>\n<td style=\"height: 24px;\" valign=\"top\" width=\"347.25px\"><span>2,5 Vpp \/ 90 dBSPL<\/span><\/td>\n<\/tr>\n<tr style=\"height: 24px;\">\n<td style=\"height: 24px;\" valign=\"top\" width=\"163.05px\"><span>Microphone<\/span><\/td>\n<td style=\"height: 24px;\" valign=\"top\" width=\"347.25px\"><span>Microphone \u00e9tanche haute fid\u00e9lit\u00e9<\/span><\/td>\n<\/tr>\n<tr style=\"height: 24px;\">\n<td style=\"height: 24px;\" valign=\"top\" width=\"163.05px\"><span>Tension de travail<\/span><\/td>\n<td style=\"height: 24px;\" valign=\"top\" width=\"347.25px\"><span>DC 12 V<\/span><\/td>\n<\/tr>\n<tr style=\"height: 24px;\">\n<td style=\"height: 24px;\" valign=\"top\" width=\"163.05px\"><span>Courant de travail<\/span><\/td>\n<td style=\"height: 24px;\" valign=\"top\" width=\"347.25px\"><span>60 mA<\/span><\/td>\n<\/tr>\n<tr style=\"height: 24px;\">\n<td style=\"height: 24px;\" valign=\"top\" width=\"163.05px\"><span>Temp\u00e9rature de fonctionnement<\/span><\/td>\n<td style=\"height: 24px;\" valign=\"top\" width=\"347.25px\"><span>-30 \u00b0 C ~ + 70 \u00b0 C (-22 \u2109 ~ + 158 \u2109)<\/span><\/td>\n<\/tr>\n<tr style=\"height: 24px;\">\n<td style=\"height: 24px;\" valign=\"top\" width=\"163.05px\"><span>Mat\u00e9riel<\/span><\/td>\n<td style=\"height: 24px;\" valign=\"top\" width=\"347.25px\"><span>M\u00e9tal<\/span><\/td>\n<\/tr>\n<tr style=\"height: 24px;\">\n<td style=\"height: 24px;\" valign=\"top\" width=\"163.05px\"><span>protection<\/span><\/td>\n<td style=\"height: 24px;\" valign=\"top\" width=\"347.25px\"><span>IP66, IK10<\/span><\/td>\n<\/tr>\n<tr style=\"height: 24px;\">\n<td style=\"height: 24px;\" valign=\"top\" width=\"163.05px\"><span>Couleur<\/span><\/td>\n<td style=\"height: 24px;\" valign=\"top\" width=\"347.25px\"><span>argent<\/span><\/td>\n<\/tr>\n<tr style=\"height: 24px;\">\n<td style=\"height: 24px;\" valign=\"top\" width=\"163.05px\"><span>Dimension<\/span><\/td>\n<td style=\"height: 24px;\" valign=\"top\" width=\"347.25px\"><span>\u03a680 mm \u00d7 23,5 mm (\u03a63,15 &#8220;x0,93&#8221;)<\/span><\/td>\n<\/tr>\n<tr style=\"height: 24px;\">\n<td style=\"height: 24px;\" valign=\"top\" width=\"163.05px\"><span>Poids<\/span><\/td>\n<td style=\"height: 24px;\" valign=\"top\" width=\"347.25px\"><span>185 g (0,41 livre)<\/span><\/td>\n<\/tr>\n<tr style=\"height: 24px;\">\n<td style=\"height: 24px;\" valign=\"top\" width=\"163.05px\"><span>Certification<\/span><\/td>\n<td style=\"height: 24px;\" valign=\"top\" width=\"347.25px\"><span>CE \/ FCC<\/span><\/td>\n<\/tr>\n<\/tbody>\n<\/table>\n","protected":false},"excerpt":{"rendered":"<h1><span style=\"color: #000000; font-family: georgia, palatino, serif;\"><strong><span style=\"font-size: 10pt;\">Ramassage de son haute fid\u00e9lit\u00e9<\/span><\/strong><\/span><\/h1>\n<ul>\n<li>Utilisez une coque en m\u00e9tal, la surface est trait\u00e9e par placage;<\/li>\n<li>Utilisez une t\u00eate de microphone haute sensibilit\u00e9 \u00e9tanche et anti-poussi\u00e8re, ramassez un son clair;<\/li>\n<li>Technologie d&#8217;annulation du bruit ambiant \uff08ANC\uff09;<\/li>\n<li>Le niveau \u00e9tanche et antipoussi\u00e8re est IP66.<\/li>\n<\/ul>\n","protected":false},"featured_media":19470,"comment_status":"closed","ping_status":"closed","template":"","meta":{"om_disable_all_campaigns":false,"_monsterinsights_skip_tracking":false,"_monsterinsights_sitenote_active":false,"_monsterinsights_sitenote_note":"","_monsterinsights_sitenote_category":0},"product_cat":[583,823],"product_tag":[1093],"class_list":{"0":"post-19439","1":"product","2":"type-product","3":"status-publish","4":"has-post-thumbnail","6":"product_cat-accessoires","7":"product_cat-microphone","8":"product_tag-onstuck","10":"first","11":"instock","12":"shipping-taxable","13":"purchasable","14":"product-type-simple","15":"add-to-wishlist-after_add_to_cart"},"aioseo_notices":[],"_links":{"self":[{"href":"https:\/\/tthcompany.ma\/index.php\/wp-json\/wp\/v2\/product\/19439","targetHints":{"allow":["GET"]}}],"collection":[{"href":"https:\/\/tthcompany.ma\/index.php\/wp-json\/wp\/v2\/product"}],"about":[{"href":"https:\/\/tthcompany.ma\/index.php\/wp-json\/wp\/v2\/types\/product"}],"replies":[{"embeddable":true,"href":"https:\/\/tthcompany.ma\/index.php\/wp-json\/wp\/v2\/comments?post=19439"}],"wp:featuredmedia":[{"embeddable":true,"href":"https:\/\/tthcompany.ma\/index.php\/wp-json\/wp\/v2\/media\/19470"}],"wp:attachment":[{"href":"https:\/\/tthcompany.ma\/index.php\/wp-json\/wp\/v2\/media?parent=19439"}],"wp:term":[{"taxonomy":"product_cat","embeddable":true,"href":"https:\/\/tthcompany.ma\/index.php\/wp-json\/wp\/v2\/product_cat?post=19439"},{"taxonomy":"product_tag","embeddable":true,"href":"https:\/\/tthcompany.ma\/index.php\/wp-json\/wp\/v2\/product_tag?post=19439"}],"curies":[{"name":"wp","href":"https:\/\/api.w.org\/{rel}","templated":true}]}}