{"id":19438,"date":"2022-08-17T10:38:41","date_gmt":"2022-08-17T10:38:41","guid":{"rendered":"https:\/\/tthcompany.ma\/?post_type=product&#038;p=19438"},"modified":"2022-08-17T10:38:47","modified_gmt":"2022-08-17T10:38:47","slug":"pfm922i-6un-c","status":"publish","type":"product","link":"https:\/\/tthcompany.ma\/index.php\/product\/pfm922i-6un-c\/","title":{"rendered":"PFM922I-6UN-C"},"content":{"rendered":"<table id=\"table001\" class=\"NEW-TABLE TableOverride-1 tab-drag\">\n<tbody>\n<tr>\n<td colspan=\"60\">\n<h2><span style=\"font-size: 14pt;\">Conducteur<\/span><\/h2>\n<\/td>\n<\/tr>\n<tr>\n<td colspan=\"18\"><span>Mat\u00e9riel<\/span><\/td>\n<td colspan=\"42\"><span>CCA<\/span><\/td>\n<\/tr>\n<tr>\n<td colspan=\"18\"><span>Diam\u00e8tre<\/span><\/td>\n<td colspan=\"42\"><span>0,57 mm \u00b1 0,01 mm<\/span><\/td>\n<\/tr>\n<tr>\n<td colspan=\"18\"><span>Jauge de fil am\u00e9ricain<\/span><\/td>\n<td colspan=\"42\"><span>23AWG<\/span><\/td>\n<\/tr>\n<tr>\n<td colspan=\"60\"><span>Isolation<\/span><\/td>\n<\/tr>\n<tr>\n<td colspan=\"18\"><span>Mat\u00e9riel<\/span><\/td>\n<td colspan=\"42\"><span>PEHD<\/span><\/td>\n<\/tr>\n<tr>\n<td colspan=\"18\"><span>Min.\u00a0\u00c9paisseur moyenne<\/span><\/td>\n<td colspan=\"42\"><span>0,21 millim\u00e8tre<\/span><\/td>\n<\/tr>\n<tr>\n<td colspan=\"18\"><span>Diam\u00e8tre<\/span><\/td>\n<td colspan=\"42\"><span>1,02 mm \u00b1 0,06 mm<\/span><\/td>\n<\/tr>\n<tr>\n<td colspan=\"18\"><span>Couleur (4 paires)<\/span><\/td>\n<td colspan=\"42\"><span>Bleu, blanc \/ bleu;\u00a0orange, blanc \/ orange;\u00a0vert, blanc \/ vert;\u00a0marron, blanc \/ marron<\/span><\/td>\n<\/tr>\n<tr>\n<td colspan=\"60\">\n<h2><span style=\"font-size: 14pt;\">S\u00e9parateur<\/span><\/h2>\n<\/td>\n<\/tr>\n<tr>\n<td colspan=\"18\"><span>Mat\u00e9riel<\/span><\/td>\n<td colspan=\"42\"><span>PE<\/span><\/td>\n<\/tr>\n<tr>\n<td colspan=\"18\"><span>sp\u00e9cification<\/span><\/td>\n<td colspan=\"42\"><span>Translucide 4,5 \u00d7 0,4 mm<\/span><\/td>\n<\/tr>\n<tr>\n<td colspan=\"60\"><span>Rip Cord<\/span><\/td>\n<\/tr>\n<tr>\n<td colspan=\"18\"><span>Mat\u00e9riel<\/span><\/td>\n<td colspan=\"42\"><span>Polyester<\/span><\/td>\n<\/tr>\n<tr>\n<td colspan=\"18\"><span>sp\u00e9cification<\/span><\/td>\n<td colspan=\"42\"><span>500D<\/span><\/td>\n<\/tr>\n<tr>\n<td colspan=\"60\">\n<h2><span style=\"font-size: 14pt;\">Gaine<\/span><\/h2>\n<\/td>\n<\/tr>\n<tr>\n<td colspan=\"18\"><span>Mat\u00e9riel<\/span><\/td>\n<td colspan=\"42\"><span>PVC<\/span><\/td>\n<\/tr>\n<tr>\n<td colspan=\"18\"><span>Min.\u00a0\u00c9paisseur moyenne<\/span><\/td>\n<td colspan=\"42\"><span>0,5 mm<\/span><\/td>\n<\/tr>\n<tr>\n<td colspan=\"18\"><span>Diam\u00e8tre<\/span><\/td>\n<td colspan=\"42\"><span>6,5 mm \u00b1 0,3 mm<\/span><\/td>\n<\/tr>\n<tr>\n<td colspan=\"18\"><span>Couleur<\/span><\/td>\n<td colspan=\"42\"><span>Orange<\/span><\/td>\n<\/tr>\n<tr>\n<td colspan=\"60\">\n<h2><span style=\"font-size: 14pt;\">\u00c9lectrique<\/span><\/h2>\n<\/td>\n<\/tr>\n<tr>\n<td colspan=\"18\"><span>Max.\u00a0R\u00e9sistance CC d&#8217;un seul conducteur<\/span><\/td>\n<td colspan=\"42\"><span>11,5\u03a9 \/ 100 m<\/span><\/td>\n<\/tr>\n<tr>\n<td colspan=\"18\"><span>Min.\u00a0La resistance d&#8217;isolement<\/span><\/td>\n<td colspan=\"42\"><span>5000M\u03a9 \u00b7 km<\/span><\/td>\n<\/tr>\n<tr>\n<td colspan=\"18\"><span>Max.\u00a0D\u00e9s\u00e9quilibre de r\u00e9sistance CC<\/span><\/td>\n<td colspan=\"42\"><span>2% (paire intra), 4% (paires inter)<\/span><\/td>\n<\/tr>\n<tr>\n<td colspan=\"18\"><span>R\u00e9sistance di\u00e9lectrique<\/span><\/td>\n<td colspan=\"42\"><span>Pas de panne avec 1KV DC pendant 1 min<\/span><\/td>\n<\/tr>\n<tr>\n<td colspan=\"60\">\n<h2><span style=\"font-size: 14pt;\">Transmission<\/span><\/h2>\n<\/td>\n<\/tr>\n<tr>\n<td colspan=\"18\"><span>Imp\u00e9dance caract\u00e9ristique<\/span><\/td>\n<td colspan=\"42\"><span>100 \u00b1 15\u03a9<\/span><\/td>\n<\/tr>\n<tr>\n<td colspan=\"18\"><span>Conversation crois\u00e9e proche de l&#8217;extr\u00e9mit\u00e9<\/span><\/td>\n<td colspan=\"42\"><span>\u226539,30 dB \/ 100 m \u00e0 250 MHz<\/span><\/td>\n<\/tr>\n<tr>\n<td colspan=\"18\"><span>Max.\u00a0Att\u00e9nuation<\/span><\/td>\n<td colspan=\"42\"><span>34,8 dB \/ 100 m \u00e0 250 MHz<\/span><\/td>\n<\/tr>\n<tr>\n<td colspan=\"18\"><span>Perte de retour<\/span><\/td>\n<td colspan=\"42\"><span>\u2265 17,3 dB \/ 100 m \u00e0 250 MHz<\/span><\/td>\n<\/tr>\n<tr>\n<td colspan=\"60\">\n<h2><span style=\"font-size: 14pt;\">M\u00e9canique<\/span><\/h2>\n<\/td>\n<\/tr>\n<tr>\n<td colspan=\"18\"><span>R\u00e9sistance \u00e0 la traction<\/span><\/td>\n<td colspan=\"42\"><span>Gaine \u2265 13,5 MPa, isolation \u2265 16 MPa<\/span><\/td>\n<\/tr>\n<tr>\n<td colspan=\"18\"><span>Allongement \u00e0 la rupture<\/span><\/td>\n<td colspan=\"42\"><span>Gaine\u2265150%, isolation\u2265300%<\/span><\/td>\n<\/tr>\n<tr>\n<td colspan=\"18\"><span>Rayon de courbure d&#8217;installation<\/span><\/td>\n<td colspan=\"42\"><span>&gt; 8 fois le diam\u00e8tre ext\u00e9rieur du c\u00e2ble<\/span><\/td>\n<\/tr>\n<tr>\n<td colspan=\"18\"><span>Allongement du conducteur \u00e0 la rupture<\/span><\/td>\n<td colspan=\"42\"><span>\u226510%<\/span><\/td>\n<\/tr>\n<tr>\n<td colspan=\"60\">\n<h2><span style=\"font-size: 14pt;\">Environnement<\/span><\/h2>\n<\/td>\n<\/tr>\n<tr>\n<td colspan=\"18\"><span>R\u00e9tr\u00e9cissement de l&#8217;isolation<\/span><\/td>\n<td colspan=\"42\"><span>\u22645%<\/span><\/td>\n<\/tr>\n<tr>\n<td colspan=\"18\"><span>R\u00e9sistance \u00e0 la migration des couleurs de l&#8217;isolant<\/span><\/td>\n<td colspan=\"42\"><span>Pas de migration<\/span><\/td>\n<\/tr>\n<tr>\n<td colspan=\"18\"><span>R\u00e9sistance \u00e0 la traction et allongement de la gaine \u00e0 la rupture apr\u00e8s vieillissement<\/span><\/td>\n<td colspan=\"42\"><span>\u2265 12,5 MPa, \u2265 100%<\/span><\/td>\n<\/tr>\n<tr>\n<td colspan=\"18\"><span>Test de flexion \u00e0 basse temp\u00e9rature<\/span><\/td>\n<td colspan=\"42\"><span>Pas de fissure apr\u00e8s le test<\/span><\/td>\n<\/tr>\n<tr>\n<td colspan=\"18\"><span>Test de choc thermique<\/span><\/td>\n<td colspan=\"42\"><span>Pas de fissure apr\u00e8s le test<\/span><\/td>\n<\/tr>\n<tr>\n<td colspan=\"18\"><span>Temp\u00e9rature de fonctionnement<\/span><\/td>\n<td colspan=\"42\"><span>\u201320 \u00b0 C \u00e0 + 60 \u00b0 C (\u20134 \u00b0 F \u00e0 140 \u00b0 F)<\/span><\/td>\n<\/tr>\n<tr>\n<td colspan=\"18\"><span>Temp\u00e9rature d&#8217;installation<\/span><\/td>\n<td colspan=\"42\"><span>0 \u00b0 C \u00e0 + 50 \u00b0 C (32 \u00b0 F \u00e0 122 \u00b0 F)<\/span><\/td>\n<\/tr>\n<tr>\n<td colspan=\"18\"><span>Temp\u00e9rature et humidit\u00e9 de stockage<\/span><\/td>\n<td colspan=\"42\"><span>\u201310 \u00b0 C \u00e0 + 40 \u00b0 C (14 \u00b0 F \u00e0 104 \u00b0 F), &lt;60% (HR)<\/span><\/td>\n<\/tr>\n<tr>\n<td colspan=\"60\">\n<h2><span style=\"font-size: 14pt;\">S\u00e9curit\u00e9<\/span><\/h2>\n<\/td>\n<\/tr>\n<tr>\n<td colspan=\"18\"><span>Test de propagation verticale du feu<\/span><\/td>\n<td colspan=\"42\"><span>Conforme \u00e0 la norme CEI 60332-1-2<\/span><\/td>\n<\/tr>\n<tr>\n<td colspan=\"60\">\n<h2><span style=\"font-size: 14pt;\">Emballage<\/span><\/h2>\n<\/td>\n<\/tr>\n<tr>\n<td colspan=\"18\"><span>Longueur<\/span><\/td>\n<td colspan=\"42\"><span>305,0 m (1000,66 pieds) \u00b1 1,5 m (4,92 pieds)<\/span><\/td>\n<\/tr>\n<tr>\n<td colspan=\"18\"><span>Dimensions de l&#8217;emballage<\/span><\/td>\n<td colspan=\"42\"><span>390,0 mm x 390,0 mm x 247,0 mm (15,37 &#8220;x 15,37&#8221; x 9,73 &#8220;) (L \u00d7 l \u00d7 H)<\/span><\/td>\n<\/tr>\n<tr>\n<td colspan=\"18\"><span>M\u00e9thode d&#8217;emballage<\/span><\/td>\n<td colspan=\"42\"><span>305,0 m (1000,66 pi) un carton, un carton de protection avec 2 cartons \u00e0 l&#8217;int\u00e9rieur<\/span><\/td>\n<\/tr>\n<tr>\n<td colspan=\"18\"><span>Poids net<\/span><\/td>\n<td colspan=\"42\"><span>\u2265 9,2 kg (20,28 livres)<\/span><\/td>\n<\/tr>\n<tr>\n<td colspan=\"18\"><span>Poids brut<\/span><\/td>\n<td colspan=\"42\"><span>\u2265 10,2 kg (22,49 livres)<\/span><\/td>\n<\/tr>\n<tr>\n<td colspan=\"60\">\n<h2><span style=\"font-size: 14pt;\">Standard ex\u00e9cutif<\/span><\/h2>\n<\/td>\n<\/tr>\n<tr>\n<td colspan=\"18\"><span>Standard ex\u00e9cutif<\/span><\/td>\n<td colspan=\"42\"><span>Q \/ DXJ 067-2019<\/span><\/td>\n<\/tr>\n<tr>\n<td colspan=\"60\">\n<h2><span style=\"font-size: 14pt;\">Certification<\/span><\/h2>\n<\/td>\n<\/tr>\n<tr>\n<td colspan=\"18\"><span>Certification<\/span><\/td>\n<td colspan=\"42\"><span>CPR Eca<\/span><\/td>\n<\/tr>\n<\/tbody>\n<\/table>\n","protected":false},"excerpt":{"rendered":"<h1><span style=\"color: #000000; font-family: georgia, palatino, serif;\"><strong><span style=\"font-size: 10pt;\">C\u00e2ble UTP CAT6<\/span><\/strong><\/span><\/h1>\n<ul>\n<li>305,0 m (1000 ft) \/ carton UTP CAT6, alimentation par Ethernet, compatible avec un seul c\u00e2ble<\/li>\n<li>Excellence de fabrication<\/li>\n<li>Gaine ext\u00e9rieure en PVC personnalis\u00e9e; conforme \u00e0 la classe ignifuge CE CPR Eca certifi\u00e9<\/li>\n<li>10 ans de garantie<\/li>\n<\/ul>\n","protected":false},"featured_media":19469,"comment_status":"closed","ping_status":"closed","template":"","meta":{"om_disable_all_campaigns":false,"_monsterinsights_skip_tracking":false,"_monsterinsights_sitenote_active":false,"_monsterinsights_sitenote_note":"","_monsterinsights_sitenote_category":0},"product_cat":[583,587],"product_tag":[],"class_list":{"0":"post-19438","1":"product","2":"type-product","3":"status-publish","4":"has-post-thumbnail","6":"product_cat-accessoires","7":"product_cat-cables-reseaux-cat-6","9":"first","10":"instock","11":"shipping-taxable","12":"purchasable","13":"product-type-simple","14":"add-to-wishlist-after_add_to_cart"},"aioseo_notices":[],"_links":{"self":[{"href":"https:\/\/tthcompany.ma\/index.php\/wp-json\/wp\/v2\/product\/19438","targetHints":{"allow":["GET"]}}],"collection":[{"href":"https:\/\/tthcompany.ma\/index.php\/wp-json\/wp\/v2\/product"}],"about":[{"href":"https:\/\/tthcompany.ma\/index.php\/wp-json\/wp\/v2\/types\/product"}],"replies":[{"embeddable":true,"href":"https:\/\/tthcompany.ma\/index.php\/wp-json\/wp\/v2\/comments?post=19438"}],"wp:featuredmedia":[{"embeddable":true,"href":"https:\/\/tthcompany.ma\/index.php\/wp-json\/wp\/v2\/media\/19469"}],"wp:attachment":[{"href":"https:\/\/tthcompany.ma\/index.php\/wp-json\/wp\/v2\/media?parent=19438"}],"wp:term":[{"taxonomy":"product_cat","embeddable":true,"href":"https:\/\/tthcompany.ma\/index.php\/wp-json\/wp\/v2\/product_cat?post=19438"},{"taxonomy":"product_tag","embeddable":true,"href":"https:\/\/tthcompany.ma\/index.php\/wp-json\/wp\/v2\/product_tag?post=19438"}],"curies":[{"name":"wp","href":"https:\/\/api.w.org\/{rel}","templated":true}]}}