{"id":19429,"date":"2022-08-17T10:38:41","date_gmt":"2022-08-17T10:38:41","guid":{"rendered":"https:\/\/tthcompany.ma\/?post_type=product&#038;p=19429"},"modified":"2022-10-11T10:51:21","modified_gmt":"2022-10-11T10:51:21","slug":"xvr4108hs-x1","status":"publish","type":"product","link":"https:\/\/tthcompany.ma\/index.php\/product\/xvr4108hs-x1\/","title":{"rendered":"XVR4108HS-X1"},"content":{"rendered":"<div id=\"div_left\">\n<div class=\"div-drop\">\n<table id=\"table001\" class=\"NEW-TABLE TableOverride-1 tab-drag\" style=\"width: 100%;\">\n<tbody>\n<tr>\n<td style=\"width: 33.1318%;\" colspan=\"60\">\n<h2><span style=\"font-size: 14pt;\">Syst\u00e8me<\/span><\/h2>\n<\/td>\n<\/tr>\n<tr>\n<td style=\"width: 15.9613%;\" colspan=\"18\">Processeur principal<\/td>\n<td style=\"width: 17.1705%;\" colspan=\"42\">Processeur int\u00e9gr\u00e9<\/td>\n<\/tr>\n<tr>\n<td style=\"width: 15.9613%;\" colspan=\"18\">Syst\u00e8me op\u00e9rateur<\/td>\n<td style=\"width: 17.1705%;\" colspan=\"42\">LINUX int\u00e9gr\u00e9<\/td>\n<\/tr>\n<tr>\n<td style=\"width: 33.1318%;\" colspan=\"60\">\n<h2><span style=\"font-size: 14pt;\">Vid\u00e9o et audio<\/span><\/h2>\n<\/td>\n<\/tr>\n<tr>\n<td style=\"width: 15.9613%;\" colspan=\"18\">Entr\u00e9e de cam\u00e9ra analogique<\/td>\n<td style=\"width: 17.1705%;\" colspan=\"42\">8 canaux, BNC<\/td>\n<\/tr>\n<tr>\n<td style=\"width: 15.9613%;\" colspan=\"18\">Cam\u00e9ra HDCVI<\/td>\n<td style=\"width: 17.1705%;\" colspan=\"42\">1080P \u00e0 25 \/ 30fps, 720P \u00e0 50 \/ 60fps, 720P \u00e0 25 \/ 30fps<\/td>\n<\/tr>\n<tr>\n<td style=\"width: 15.9613%;\" colspan=\"18\">Cam\u00e9ra AHD<\/td>\n<td style=\"width: 17.1705%;\" colspan=\"42\">1080P \u00e0 25\/30, 720P \u00e0 25 \/ 30fps<\/td>\n<\/tr>\n<tr>\n<td style=\"width: 15.9613%;\" colspan=\"18\">Cam\u00e9ra TVI<\/td>\n<td style=\"width: 17.1705%;\" colspan=\"42\">1080P \u00e0 25\/30, 720P \u00e0 25 \/ 30fps<\/td>\n<\/tr>\n<tr>\n<td style=\"width: 15.9613%;\" colspan=\"18\">Cam\u00e9ra CVBS<\/td>\n<td style=\"width: 17.1705%;\" colspan=\"42\">PAL \/ NTSC<\/td>\n<\/tr>\n<tr>\n<td style=\"width: 15.9613%;\" colspan=\"18\">Entr\u00e9e de cam\u00e9ra IP<\/td>\n<td style=\"width: 17.1705%;\" colspan=\"42\">8 + 2, chaque canal jusqu&#8217;\u00e0 6MP<\/td>\n<\/tr>\n<tr>\n<td style=\"width: 15.9613%;\" colspan=\"18\">Entr\u00e9e \/ sortie audio<\/td>\n<td style=\"width: 17.1705%;\" colspan=\"42\">1\/1, RCA<\/td>\n<\/tr>\n<tr>\n<td style=\"width: 15.9613%;\" colspan=\"18\">Conversation bidirectionnelle<\/td>\n<td style=\"width: 17.1705%;\" colspan=\"42\">R\u00e9utiliser l&#8217;entr\u00e9e \/ la sortie audio, RCA<\/td>\n<\/tr>\n<tr>\n<td style=\"width: 33.1318%;\" colspan=\"60\">\n<h2><span style=\"font-size: 14pt;\">Enregistrement<\/span><\/h2>\n<\/td>\n<\/tr>\n<tr>\n<td style=\"width: 15.9613%;\" colspan=\"18\">Compression de vid\u00e9o<\/td>\n<td style=\"width: 17.1705%;\" colspan=\"42\">\u00b7 Compression vid\u00e9o double flux H.265 + \/ H.265<\/td>\n<\/tr>\n<tr>\n<td style=\"width: 15.9613%;\" colspan=\"18\">R\u00e9solution<\/td>\n<td style=\"width: 17.1705%;\" colspan=\"42\">1080N, 720P, 960H, D1, CIF<\/td>\n<\/tr>\n<tr>\n<td style=\"width: 15.9613%;\" colspan=\"18\">Taux d&#8217;enregistrement<\/td>\n<td style=\"width: 17.1705%;\" colspan=\"42\">Courant dominant:<\/p>\n<p>le 1er canal\u00a01080N \/ 720P (1 ~ 25 \/ 30fps), d&#8217;\u00a0autres\u00a01080N \/ 720P (1 ~ 15fps)\u00a0<span lang=\"zh-CN\">;<\/span><\/p>\n<p>960H \/ D1 \/ CIF (1 ~ 25 \/ 30fps)<\/p>\n<p>Sous-flux: CIF (1 ~ 7fps)<\/td>\n<\/tr>\n<tr>\n<td style=\"width: 15.9613%;\" colspan=\"18\">Bitrate vid\u00e9o<\/td>\n<td style=\"width: 17.1705%;\" colspan=\"42\">32 Kbps ~ 4096 Kbps par canal<\/td>\n<\/tr>\n<tr>\n<td style=\"width: 15.9613%;\" colspan=\"18\">Mode d&#8217;enregistrement<\/td>\n<td style=\"width: 17.1705%;\" colspan=\"42\">Manuel, Calendrier (G\u00e9n\u00e9ral, Continu), MD (D\u00e9tection vid\u00e9o: d\u00e9tection de mouvement, perte vid\u00e9o, sabotage), alarme, arr\u00eat<\/td>\n<\/tr>\n<tr>\n<td style=\"width: 15.9613%;\" colspan=\"18\">Intervalle d&#8217;enregistrement<\/td>\n<td style=\"width: 17.1705%;\" colspan=\"42\">1 ~ 60 min (par d\u00e9faut: 60 min), pr\u00e9-enregistrement: 1 ~ 30 sec, post-enregistrement: 10 ~ 300 sec<\/td>\n<\/tr>\n<tr>\n<td style=\"width: 15.9613%;\" colspan=\"18\">Compression audio<\/td>\n<td style=\"width: 17.1705%;\" colspan=\"42\">AAC (uniquement pour le 1er canal), G.711A, G.711U, PCM<\/td>\n<\/tr>\n<tr>\n<td style=\"width: 15.9613%;\" colspan=\"18\">Taux d&#8217;\u00e9chantillonnage audio<\/td>\n<td style=\"width: 17.1705%;\" colspan=\"42\">8 KHz, 16 bits par canal<\/td>\n<\/tr>\n<tr>\n<td style=\"width: 15.9613%;\" colspan=\"18\">Bitrate audio<\/td>\n<td style=\"width: 17.1705%;\" colspan=\"42\">64 Kbps par canal<\/td>\n<\/tr>\n<tr>\n<td style=\"width: 33.1318%;\" colspan=\"60\">\n<h2><span style=\"font-size: 14pt;\">Afficher<\/span><\/h2>\n<\/td>\n<\/tr>\n<tr>\n<td style=\"width: 15.9613%;\" colspan=\"18\">Interface<\/td>\n<td style=\"width: 17.1705%;\" colspan=\"42\">1 HDMI, 1 VGA<\/td>\n<\/tr>\n<tr>\n<td style=\"width: 15.9613%;\" colspan=\"18\">R\u00e9solution<\/td>\n<td style=\"width: 17.1705%;\" colspan=\"42\">1920 \u00d7 1080, 1280 \u00d7 1024, 1280 \u00d7 720<\/td>\n<\/tr>\n<tr>\n<td style=\"width: 15.9613%;\" colspan=\"18\">Affichage multi-\u00e9cran<\/td>\n<td style=\"width: 17.1705%;\" colspan=\"42\">Lorsque le mode d&#8217;extension IP n&#8217;est pas activ\u00e9: 1\/4\/8\/9<\/p>\n<p>Lorsque le mode d&#8217;extension IP est activ\u00e9: 1\/4\/8\/9\/16<\/td>\n<\/tr>\n<tr>\n<td style=\"width: 15.9613%;\" colspan=\"18\">OSD<\/td>\n<td style=\"width: 17.1705%;\" colspan=\"42\">Titre de la cam\u00e9ra, heure, perte vid\u00e9o, verrouillage de la cam\u00e9ra, d\u00e9tection de mouvement, enregistrement<\/td>\n<\/tr>\n<tr>\n<td style=\"width: 33.1318%;\" colspan=\"60\">\n<h2><span style=\"font-size: 14pt;\">R\u00e9seau<\/span><\/h2>\n<\/td>\n<\/tr>\n<tr>\n<td style=\"width: 15.9613%;\" colspan=\"18\">Interface<\/td>\n<td style=\"width: 17.1705%;\" colspan=\"42\">1 port RJ-45 (100 M)<\/td>\n<\/tr>\n<tr>\n<td style=\"width: 15.9613%;\" colspan=\"18\">Fonction r\u00e9seau<\/td>\n<td style=\"width: 17.1705%;\" colspan=\"42\">HTTP, HTTPS, TCP \/ IP, IPv4 \/ IPv6, Wi-Fi, 3G \/ 4G, SNMP, UPnP, RTSP, UDP, SMTP, NTP, DHCP, DNS, filtre IP, PPPoE, DDNS, FTP, serveur d&#8217;alarme, P2P, Recherche IP (prend en charge les cam\u00e9ras IP, DVR, NVS, etc.)<\/td>\n<\/tr>\n<tr>\n<td style=\"width: 15.9613%;\" colspan=\"18\">Max.\u00a0Acc\u00e8s utilisateur<\/td>\n<td style=\"width: 17.1705%;\" colspan=\"42\">128 utilisateurs<\/td>\n<\/tr>\n<tr>\n<td style=\"width: 15.9613%;\" colspan=\"18\">T\u00e9l\u00e9phone intelligent<\/td>\n<td style=\"width: 17.1705%;\" colspan=\"42\">iPhone, iPad, Android<\/td>\n<\/tr>\n<tr>\n<td style=\"width: 15.9613%;\" colspan=\"18\">Interop\u00e9rabilit\u00e9<\/td>\n<td style=\"width: 17.1705%;\" colspan=\"42\">ONVIF 16.12, conforme CGI<\/td>\n<\/tr>\n<\/tbody>\n<\/table>\n<\/div>\n<\/div>\n<div id=\"div_left\">\n<div class=\"div-drop\">\n<table id=\"table002\" class=\"NEW-TABLE TableOverride-1 tab-drag\">\n<tbody>\n<tr>\n<td colspan=\"60\">\n<h2><span style=\"font-size: 14pt;\">D\u00e9tection vid\u00e9o et alarme<\/span><\/h2>\n<\/td>\n<\/tr>\n<tr>\n<td colspan=\"18\">\u00c9v\u00e9nements d\u00e9clencheurs<\/td>\n<td colspan=\"42\">Enregistrement, PTZ, Tour, Vid\u00e9o Push, Email, FTP, Snapshot, Buzzer et Conseils d&#8217;\u00e9cran<\/td>\n<\/tr>\n<tr>\n<td colspan=\"18\">D\u00e9tection vid\u00e9o<\/td>\n<td colspan=\"42\">D\u00e9tection de mouvement, zones MD: 396 (22 \u00d7 18), perte vid\u00e9o, alt\u00e9ration et diagnostic<\/td>\n<\/tr>\n<tr>\n<td colspan=\"18\">Entr\u00e9e d&#8217;alarme<\/td>\n<td colspan=\"42\">N \/ A<\/td>\n<\/tr>\n<tr>\n<td colspan=\"18\">Sortie relais<\/td>\n<td colspan=\"42\">N \/ A<\/td>\n<\/tr>\n<tr>\n<td colspan=\"60\">Lecture et sauvegarde<\/td>\n<\/tr>\n<tr>\n<td colspan=\"18\">Relecture<\/td>\n<td colspan=\"42\">1\/4\/9<\/td>\n<\/tr>\n<tr>\n<td colspan=\"18\">Mode de recherche<\/td>\n<td colspan=\"42\">Heure \/ date, alarme, MD et recherche exacte (pr\u00e9cise \u00e0 la seconde)<\/td>\n<\/tr>\n<tr>\n<td colspan=\"18\">Fonction de lecture<\/td>\n<td colspan=\"42\">Lecture, pause, arr\u00eat, retour rapide, lecture rapide, lecture lente, fichier suivant, fichier pr\u00e9c\u00e9dent, cam\u00e9ra suivante, cam\u00e9ra pr\u00e9c\u00e9dente, plein \u00e9cran, r\u00e9p\u00e9tition, lecture al\u00e9atoire, s\u00e9lection de sauvegarde, zoom num\u00e9rique<\/td>\n<\/tr>\n<tr>\n<td colspan=\"18\">Mode de sauvegarde<\/td>\n<td colspan=\"42\">P\u00e9riph\u00e9rique USB \/ R\u00e9seau<\/td>\n<\/tr>\n<tr>\n<td colspan=\"60\">\n<h2><span style=\"font-size: 14pt;\">Espace de rangement<\/span><\/h2>\n<\/td>\n<\/tr>\n<tr>\n<td colspan=\"18\">Disque dur interne<\/td>\n<td colspan=\"42\">1 port SATA, jusqu&#8217;\u00e0 6 To de capacit\u00e9<\/td>\n<\/tr>\n<tr>\n<td colspan=\"18\">eSATA<\/td>\n<td colspan=\"42\">N \/ A<\/td>\n<\/tr>\n<tr>\n<td colspan=\"60\">\n<h2><span style=\"font-size: 14pt;\">Interface auxiliaire<\/span><\/h2>\n<\/td>\n<\/tr>\n<tr>\n<td colspan=\"18\">USB<\/td>\n<td colspan=\"42\">2 ports USB 2.0<\/td>\n<\/tr>\n<tr>\n<td colspan=\"18\">RS232<\/td>\n<td colspan=\"42\">N \/ A<\/td>\n<\/tr>\n<tr>\n<td colspan=\"18\">RS485<\/td>\n<td colspan=\"42\">1 port, pour contr\u00f4le PTZ<\/td>\n<\/tr>\n<tr>\n<td colspan=\"60\">\n<h2><span style=\"font-size: 14pt;\">\u00c9lectrique<\/span><\/h2>\n<\/td>\n<\/tr>\n<tr>\n<td colspan=\"18\">Source de courant<\/td>\n<td colspan=\"42\">DC12V \/ 1.2A<\/td>\n<\/tr>\n<tr>\n<td colspan=\"18\">Consommation d&#8217;\u00e9nergie<\/p>\n<p>(sans disque dur)<\/td>\n<td colspan=\"42\">&lt;10 W<\/td>\n<\/tr>\n<tr>\n<td colspan=\"60\">\n<h2><span style=\"font-size: 14pt;\">Construction<\/span><\/h2>\n<\/td>\n<\/tr>\n<tr>\n<td colspan=\"18\">Dimensions<\/td>\n<td colspan=\"42\">Compact 1U, 260 \u00d7 236 \u00d7 48 mm (10,2 &#8220;\u00d7 9,3&#8221; \u00d7 1,9 &#8220;)<\/td>\n<\/tr>\n<tr>\n<td colspan=\"18\">Poids net<\/p>\n<p>(sans disque dur)<\/td>\n<td colspan=\"42\">0,9 kg (2,0 livres)<\/td>\n<\/tr>\n<tr>\n<td colspan=\"18\">Poids brut<\/td>\n<td colspan=\"42\">1,6 kg (3,5 livres)<\/td>\n<\/tr>\n<tr>\n<td colspan=\"18\">Installation<\/td>\n<td colspan=\"42\">Installation de bureau<\/td>\n<\/tr>\n<tr>\n<td colspan=\"60\">\n<h2><span style=\"font-size: 14pt;\">Environnement<\/span><\/h2>\n<\/td>\n<\/tr>\n<tr>\n<td colspan=\"18\">Des conditions de fonctionnement<\/td>\n<td colspan=\"42\">-10 \u00b0 C ~ + 45 \u00b0 C (+ 14 \u00b0 F ~ + 113 \u00b0 F), jusqu&#8217;\u00e0 55 \u00b0 C \/ 131 \u00b0 F avec ventilateur de bo\u00eetier, 10 ~ 90% HR<\/td>\n<\/tr>\n<tr>\n<td colspan=\"18\">Conditions de stockage<\/td>\n<td colspan=\"42\">-20 \u00b0 C ~ + 70 \u00b0 C (-4 \u00b0 F ~ + 158 \u00b0 F), 0 ~ 90% HR<\/td>\n<\/tr>\n<tr>\n<td colspan=\"60\">\n<h2><span style=\"font-size: 14pt;\">Assistance tierce<\/span><\/h2>\n<\/td>\n<\/tr>\n<tr>\n<td colspan=\"18\">Assistance tierce<\/td>\n<td colspan=\"42\">Arecont Vision, AXIS, Bosch, Brickcom, Canon, CP Plus, Dynacolor, Honeywell, Panasonic, Pelco, Samsung, Sanyo, Sony, Videotec, Vivotek, et plus<\/td>\n<\/tr>\n<tr>\n<td colspan=\"60\">\n<h2><span style=\"font-size: 14pt;\">Certifications<\/span><\/h2>\n<\/td>\n<\/tr>\n<tr>\n<td colspan=\"18\" rowspan=\"2\">Certifications<\/td>\n<td colspan=\"42\">FCC: partie 15 sous-partie B<\/td>\n<\/tr>\n<tr>\n<td colspan=\"42\">CE: CE-LVD: EN 60950-1 \/ CEI 60950-1<\/p>\n<p>CE-EMC: EN 61000-3-2, EN 61000-3-3, EN 55032, EN 50130, EN 55024<\/td>\n<\/tr>\n<\/tbody>\n<\/table>\n<\/div>\n<\/div>\n","protected":false},"excerpt":{"rendered":"<h1 class=\"text\"><span style=\"color: #000000;\"><strong><span style=\"font-size: 10pt;\">XVR Dahua &#8211; Enregistreur vid\u00e9o num\u00e9rique compact 1U Penta-brid 720P 8 canaux<\/span><\/strong><\/span><\/h1>\n<ul>\n<li>Compression vid\u00e9o double flux H.265 + \/ H.265<\/li>\n<li>Prend en charge les entr\u00e9es vid\u00e9o HDCVI \/ AHD \/ TVI \/ CVBS \/ IP<\/li>\n<li>Entr\u00e9es de cam\u00e9ra IP 10 canaux maximum, chaque canal jusqu&#8217;\u00e0 6MP; Bande passante entrante maximale de 40 Mbps<\/li>\n<li>Longue distance de transmission sur c\u00e2ble coaxial<\/li>\n<li>Prend en charge 1 disque dur SATA, jusqu&#8217;\u00e0 6 To<\/li>\n<li>Compression vid\u00e9o double flux H.265 + \/ H.265<\/li>\n<\/ul>\n<p><img decoding=\"async\" class=\"alignnone size-medium wp-image-6274\" src=\"http:\/\/tthcompany.com\/wp-content\/uploads\/2021\/01\/xvr8can-300x71.png\" alt=\"xvr\" width=\"300\" height=\"71\" \/><\/p>\n","protected":false},"featured_media":19458,"comment_status":"closed","ping_status":"closed","template":"","meta":{"om_disable_all_campaigns":false,"_monsterinsights_skip_tracking":false,"_monsterinsights_sitenote_active":false,"_monsterinsights_sitenote_note":"","_monsterinsights_sitenote_category":0},"product_cat":[186,187,188],"product_tag":[],"class_list":{"0":"post-19429","1":"product","2":"type-product","3":"status-publish","4":"has-post-thumbnail","6":"product_cat-produits-hdcvi","7":"product_cat-xvr","8":"product_cat-xvr-2mp","10":"first","11":"instock","12":"shipping-taxable","13":"purchasable","14":"product-type-simple","15":"add-to-wishlist-after_add_to_cart"},"aioseo_notices":[],"_links":{"self":[{"href":"https:\/\/tthcompany.ma\/index.php\/wp-json\/wp\/v2\/product\/19429","targetHints":{"allow":["GET"]}}],"collection":[{"href":"https:\/\/tthcompany.ma\/index.php\/wp-json\/wp\/v2\/product"}],"about":[{"href":"https:\/\/tthcompany.ma\/index.php\/wp-json\/wp\/v2\/types\/product"}],"replies":[{"embeddable":true,"href":"https:\/\/tthcompany.ma\/index.php\/wp-json\/wp\/v2\/comments?post=19429"}],"wp:featuredmedia":[{"embeddable":true,"href":"https:\/\/tthcompany.ma\/index.php\/wp-json\/wp\/v2\/media\/19458"}],"wp:attachment":[{"href":"https:\/\/tthcompany.ma\/index.php\/wp-json\/wp\/v2\/media?parent=19429"}],"wp:term":[{"taxonomy":"product_cat","embeddable":true,"href":"https:\/\/tthcompany.ma\/index.php\/wp-json\/wp\/v2\/product_cat?post=19429"},{"taxonomy":"product_tag","embeddable":true,"href":"https:\/\/tthcompany.ma\/index.php\/wp-json\/wp\/v2\/product_tag?post=19429"}],"curies":[{"name":"wp","href":"https:\/\/api.w.org\/{rel}","templated":true}]}}