{"id":19401,"date":"2022-08-17T10:30:26","date_gmt":"2022-08-17T10:30:26","guid":{"rendered":"https:\/\/tthcompany.ma\/?post_type=product&#038;p=19401"},"modified":"2022-08-17T10:38:39","modified_gmt":"2022-08-17T10:38:39","slug":"xvr5116hs-i2","status":"publish","type":"product","link":"https:\/\/tthcompany.ma\/index.php\/product\/xvr5116hs-i2\/","title":{"rendered":"XVR5116HS-I2"},"content":{"rendered":"<div id=\"div_left\">\n<div class=\"div-drop\">\n<table id=\"table001\" class=\"NEW-TABLE TableOverride-1 tab-drag\" style=\"width: 100%;\">\n<tbody>\n<tr>\n<td style=\"width: 35.5376%;\" colspan=\"60\">\n<h2><span style=\"font-size: 14pt;\">Syst\u00e8me<\/span><\/h2>\n<\/td>\n<\/tr>\n<tr>\n<td style=\"width: 17.094%;\" colspan=\"18\">Processeur principal<\/td>\n<td style=\"width: 18.4435%;\" colspan=\"42\">Processeur int\u00e9gr\u00e9<\/td>\n<\/tr>\n<tr>\n<td style=\"width: 17.094%;\" colspan=\"18\">Syst\u00e8me op\u00e9rateur<\/td>\n<td style=\"width: 18.4435%;\" colspan=\"42\">LINUX int\u00e9gr\u00e9<\/td>\n<\/tr>\n<tr>\n<td style=\"width: 35.5376%;\" colspan=\"60\">\n<h2><span style=\"font-size: 14pt;\">Protection p\u00e9rim\u00e9trique<\/span><\/h2>\n<\/td>\n<\/tr>\n<tr>\n<td style=\"width: 17.094%;\" colspan=\"18\">Performance<\/td>\n<td style=\"width: 18.4435%;\" colspan=\"42\">2 canaux, 10 IVS pour chaque canal<\/td>\n<\/tr>\n<tr>\n<td style=\"width: 17.094%;\" colspan=\"18\">Classification d&#8217;objets<\/td>\n<td style=\"width: 18.4435%;\" colspan=\"42\">Reconnaissance secondaire humain \/ v\u00e9hicule pour fil de d\u00e9clenchement et intrusion<\/td>\n<\/tr>\n<tr>\n<td style=\"width: 17.094%;\" colspan=\"18\">Recherche AI<\/td>\n<td style=\"width: 18.4435%;\" colspan=\"42\">Recherche par classification de cible (humaine, v\u00e9hicule)<\/td>\n<\/tr>\n<tr>\n<td style=\"width: 35.5376%;\" colspan=\"60\">\n<h2><span style=\"font-size: 14pt;\">Reconnaissance de visage<\/span><\/h2>\n<\/td>\n<\/tr>\n<tr>\n<td style=\"width: 17.094%;\" colspan=\"18\" rowspan=\"2\">Performance<\/td>\n<td style=\"width: 18.4435%;\" colspan=\"42\">Traitement maximum de 12 images de visage \/ sec<\/td>\n<\/tr>\n<tr>\n<td style=\"width: 18.4435%;\" colspan=\"42\">Reconnaissance faciale de flux vid\u00e9o 2 canaux, ne prend en charge que la cam\u00e9ra analogique<\/td>\n<\/tr>\n<tr>\n<td style=\"width: 17.094%;\" colspan=\"18\">Mode \u00e9tranger<\/td>\n<td style=\"width: 18.4435%;\" colspan=\"42\">D\u00e9tectez les visages d&#8217;\u00e9trangers (pas dans la base de donn\u00e9es de visages de l&#8217;appareil).\u00a0Le seuil de similarit\u00e9 peut \u00eatre d\u00e9fini manuellement.<\/td>\n<\/tr>\n<tr>\n<td style=\"width: 17.094%;\" colspan=\"18\">Recherche AI<\/td>\n<td style=\"width: 18.4435%;\" colspan=\"42\">Jusqu&#8217;\u00e0 8 images de visage cible recherchent en m\u00eame temps, un seuil de similitude peut \u00eatre d\u00e9fini pour chaque image de visage cible.<\/td>\n<\/tr>\n<tr>\n<td style=\"width: 17.094%;\" colspan=\"18\">Gestion de base de donn\u00e9es<\/td>\n<td style=\"width: 18.4435%;\" colspan=\"42\">Jusqu&#8217;\u00e0 10 bases de donn\u00e9es de visages avec 10 000 images de visage au total.\u00a0Le nom, le sexe, l&#8217;anniversaire, l&#8217;adresse, le type de certificat, le num\u00e9ro de certificat, les pays et l&#8217;\u00e9tat peuvent \u00eatre ajout\u00e9s \u00e0 chaque image de visage.<\/td>\n<\/tr>\n<tr>\n<td style=\"width: 17.094%;\" colspan=\"18\">Application de base de donn\u00e9es<\/td>\n<td style=\"width: 18.4435%;\" colspan=\"42\">Chaque base de donn\u00e9es peut \u00eatre appliqu\u00e9e aux canaux vid\u00e9o ind\u00e9pendamment.<\/td>\n<\/tr>\n<tr>\n<td style=\"width: 17.094%;\" colspan=\"18\">\u00c9v\u00e9nements d\u00e9clencheurs<\/td>\n<td style=\"width: 18.4435%;\" colspan=\"42\">Buzzer, invites vocales, e-mail, instantan\u00e9, enregistrement, sortie d&#8217;alarme, activation PTZ, etc.<\/td>\n<\/tr>\n<tr>\n<td style=\"width: 35.5376%;\" colspan=\"60\">\n<h2><span style=\"font-size: 14pt;\">SMD Plus<\/span><\/h2>\n<\/td>\n<\/tr>\n<tr>\n<td style=\"width: 17.094%;\" colspan=\"18\">Performance<\/td>\n<td style=\"width: 18.4435%;\" colspan=\"42\">16 canaux<\/td>\n<\/tr>\n<tr>\n<td style=\"width: 17.094%;\" colspan=\"18\">Recherche AI<\/td>\n<td style=\"width: 18.4435%;\" colspan=\"42\">Recherche par classification de cible (humaine, v\u00e9hicule)<\/td>\n<\/tr>\n<tr>\n<td style=\"width: 35.5376%;\" colspan=\"60\">\n<h2><span style=\"font-size: 14pt;\">Vid\u00e9o et audio<\/span><\/h2>\n<\/td>\n<\/tr>\n<tr>\n<td style=\"width: 17.094%;\" colspan=\"18\">Entr\u00e9e de cam\u00e9ra analogique<\/td>\n<td style=\"width: 18.4435%;\" colspan=\"42\">16 canaux, BNC<\/td>\n<\/tr>\n<tr>\n<td style=\"width: 17.094%;\" colspan=\"18\">Entr\u00e9e cam\u00e9ra HDCVI<\/td>\n<td style=\"width: 18.4435%;\" colspan=\"42\">5MP, 4MP, 1080P \u00e0 25 \/ 30fps, 720P \u00e0 50 \/ 60fps, 720P \u00e0 25 \/ 30fps<\/td>\n<\/tr>\n<tr>\n<td style=\"width: 17.094%;\" colspan=\"18\">Entr\u00e9e cam\u00e9ra AHD<\/td>\n<td style=\"width: 18.4435%;\" colspan=\"42\">5MP, 4MP, 1080P \u00e0 25\/30, 720P \u00e0 25 \/ 30fps<\/td>\n<\/tr>\n<tr>\n<td style=\"width: 17.094%;\" colspan=\"18\">Entr\u00e9e cam\u00e9ra TVI<\/td>\n<td style=\"width: 18.4435%;\" colspan=\"42\">5MP, 4MP, 1080P \u00e0 25\/30, 720P \u00e0 25 \/ 30fps<\/td>\n<\/tr>\n<tr>\n<td style=\"width: 17.094%;\" colspan=\"18\">Entr\u00e9e de cam\u00e9ra CVBS<\/td>\n<td style=\"width: 18.4435%;\" colspan=\"42\">PAL \/ NTSC<\/td>\n<\/tr>\n<tr>\n<td style=\"width: 17.094%;\" colspan=\"18\">Entr\u00e9e de cam\u00e9ra IP<\/td>\n<td style=\"width: 18.4435%;\" colspan=\"42\">16 + 8 canaux, chaque canal jusqu&#8217;\u00e0 6MP<\/td>\n<\/tr>\n<tr>\n<td style=\"width: 17.094%;\" colspan=\"18\">Entr\u00e9e \/ sortie audio<\/td>\n<td style=\"width: 18.4435%;\" colspan=\"42\">1\/1, RCA<\/td>\n<\/tr>\n<tr>\n<td style=\"width: 17.094%;\" colspan=\"18\">Conversation bidirectionnelle<\/td>\n<td style=\"width: 18.4435%;\" colspan=\"42\">R\u00e9utiliser l&#8217;entr\u00e9e \/ la sortie audio, RCA<\/td>\n<\/tr>\n<tr>\n<td style=\"width: 35.5376%;\" colspan=\"60\">\n<h2><span style=\"font-size: 14pt;\">Enregistrement<\/span><\/h2>\n<\/td>\n<\/tr>\n<tr>\n<td style=\"width: 17.094%;\" colspan=\"18\">Compression<\/td>\n<td style=\"width: 18.4435%;\" colspan=\"42\">Codage AI \/ H.265 + \/ H.265 \/ H.264 + \/ H.264<\/td>\n<\/tr>\n<tr>\n<td style=\"width: 17.094%;\" colspan=\"18\">R\u00e9solution<\/td>\n<td style=\"width: 18.4435%;\" colspan=\"42\">5M-N, 4M-N, 1080P, 1080N, 720P, 960H, D1, CIF<\/td>\n<\/tr>\n<tr>\n<td style=\"width: 17.094%;\" colspan=\"18\">Taux d&#8217;enregistrement<\/td>\n<td style=\"width: 18.4435%;\" colspan=\"42\">Flux principal: tous les canaux 5M-N (1fps \u2013 10fps);\u00a04M-N \/ 1080P (1 ips \u2013 15 ips);\u00a01080N \/ 720P \/ 960H \/<\/p>\n<p>D1 \/ CIF (1 ips \u00e0 25\/30 ips)<\/p>\n<p>Flux secondaire: D1 \/ CIF (1 ips \u00e0 15 ips)<\/td>\n<\/tr>\n<tr>\n<td style=\"width: 17.094%;\" colspan=\"18\">D\u00e9bit binaire<\/td>\n<td style=\"width: 18.4435%;\" colspan=\"42\">32 Kbps \u2013 6144 Kbps par canal<\/td>\n<\/tr>\n<tr>\n<td style=\"width: 17.094%;\" colspan=\"18\">Mode d&#8217;enregistrement<\/td>\n<td style=\"width: 18.4435%;\" colspan=\"42\">Manuel, Calendrier (G\u00e9n\u00e9ral, Continu), MD (D\u00e9tection vid\u00e9o: d\u00e9tection de mouvement, perte vid\u00e9o, sabotage), alarme, arr\u00eat<\/td>\n<\/tr>\n<tr>\n<td style=\"width: 17.094%;\" colspan=\"18\">Intervalle d&#8217;enregistrement<\/td>\n<td style=\"width: 18.4435%;\" colspan=\"42\">1 &#8211; 60 min (par d\u00e9faut: 60 min), Pr\u00e9-enregistrement: 1 s \u2013 30 s, Post-enregistrement: 10 s \u2013 300 s<\/td>\n<\/tr>\n<\/tbody>\n<\/table>\n<\/div>\n<\/div>\n<div id=\"div_left\">\n<div class=\"div-drop\">\n<table id=\"table002\" class=\"NEW-TABLE TableOverride-1 tab-drag\">\n<tbody>\n<tr>\n<td colspan=\"18\">Compression audio<\/td>\n<td colspan=\"42\">G.711A, G.711U, PCM<\/td>\n<\/tr>\n<tr>\n<td colspan=\"18\">Taux d&#8217;\u00e9chantillonnage audio<\/td>\n<td colspan=\"42\">8 KHz, 16 bits par canal<\/td>\n<\/tr>\n<tr>\n<td colspan=\"18\">Bitrate audio<\/td>\n<td colspan=\"42\">64 Kbps par canal<\/td>\n<\/tr>\n<tr>\n<td colspan=\"60\">\n<h2><span style=\"font-size: 14pt;\">Afficher<\/span><\/h2>\n<\/td>\n<\/tr>\n<tr>\n<td colspan=\"18\">Interface<\/td>\n<td colspan=\"42\">1 HDMI, 1 VGA<\/td>\n<\/tr>\n<tr>\n<td colspan=\"18\">R\u00e9solution<\/td>\n<td colspan=\"42\">VGA: 1920 \u00d7 1080, 1280 \u00d7 1024, 1280 \u00d7 720<\/p>\n<p>HDMI: 3840 \u00d7 2160, 1920 \u00d7 1080, 1280 \u00d7 1024, 1280 \u00d7 720<\/p>\n<p>Il passe \u00e0 1920 \u00d7 1080, 1280 \u00d7 1024, 1280 \u00d7 720 lorsque Face ou IVS &amp; SMD est s\u00e9lectionn\u00e9 en mode AI.<\/td>\n<\/tr>\n<tr>\n<td colspan=\"18\">Affichage multi-\u00e9cran<\/td>\n<td colspan=\"42\">Lorsque le mode d&#8217;extension IP n&#8217;est pas activ\u00e9\u00a0<span lang=\"zh-CN\">:\u00a0<\/span>1\/4\/8\/9\/16<\/p>\n<p>Lorsque le mode d&#8217;extension IP est activ\u00e9\u00a0<span lang=\"zh-CN\">:\u00a0<\/span>1\/4\/8\/9\/16\/25<\/td>\n<\/tr>\n<tr>\n<td colspan=\"18\">OSD<\/td>\n<td colspan=\"42\">Titre de la cam\u00e9ra, heure, perte vid\u00e9o, verrouillage de la cam\u00e9ra, d\u00e9tection de mouvement, enregistrement<\/td>\n<\/tr>\n<tr>\n<td colspan=\"60\">\n<h2><span style=\"font-size: 14pt;\">R\u00e9seau<\/span><\/h2>\n<\/td>\n<\/tr>\n<tr>\n<td colspan=\"18\">Interface<\/td>\n<td colspan=\"42\">1 port RJ-45 (1000 Mo)<\/td>\n<\/tr>\n<tr>\n<td colspan=\"18\">Fonction r\u00e9seau<\/td>\n<td colspan=\"42\">HTTP, HTTPS, TCP \/ IP, IPv4 \/ IPv6, Wi-Fi, 3G \/ 4G, SNMP, UPnP, RTSP, UDP, SMTP, NTP, DHCP, DNS, filtre IP, PPPoE, DDNS, FTP, serveur d&#8217;alarme, P2P, Recherche IP (prend en charge la cam\u00e9ra IP Dahua, le DVR, le NVS, etc.)<\/td>\n<\/tr>\n<tr>\n<td colspan=\"18\">Max.\u00a0Acc\u00e8s utilisateur<\/td>\n<td colspan=\"42\">128 utilisateurs<\/td>\n<\/tr>\n<tr>\n<td colspan=\"18\">T\u00e9l\u00e9phone intelligent<\/td>\n<td colspan=\"42\">iPhone, iPad, Android<\/td>\n<\/tr>\n<tr>\n<td colspan=\"18\">Interop\u00e9rabilit\u00e9<\/td>\n<td colspan=\"42\">ONVIF 16.12, conforme CGI<\/td>\n<\/tr>\n<tr>\n<td colspan=\"60\">\n<h2><span style=\"font-size: 14pt;\">D\u00e9tection vid\u00e9o et alarme<\/span><\/h2>\n<\/td>\n<\/tr>\n<tr>\n<td colspan=\"18\">\u00c9v\u00e9nements d\u00e9clencheurs<\/td>\n<td colspan=\"42\">Enregistrement, PTZ, Tour, Vid\u00e9o Push, Email, FTP, Snapshot, Buzzer et Conseils d&#8217;\u00e9cran<\/td>\n<\/tr>\n<tr>\n<td colspan=\"18\">D\u00e9tection vid\u00e9o<\/td>\n<td colspan=\"42\">D\u00e9tection de mouvement, zones MD: 396 (22 \u00d7 18), perte vid\u00e9o, alt\u00e9ration et diagnostic<\/td>\n<\/tr>\n<tr>\n<td colspan=\"18\">Entr\u00e9e d&#8217;alarme<\/td>\n<td colspan=\"42\">N \/ A<\/td>\n<\/tr>\n<tr>\n<td colspan=\"18\">Sortie relais<\/td>\n<td colspan=\"42\">N \/ A<\/td>\n<\/tr>\n<tr>\n<td colspan=\"60\">\n<h2><span style=\"font-size: 14pt;\">Lecture et sauvegarde<\/span><\/h2>\n<\/td>\n<\/tr>\n<tr>\n<td colspan=\"18\">Relecture<\/td>\n<td colspan=\"42\">1\/4\/9\/16<\/p>\n<p>Il passe \u00e0 1\/4\/9 divis\u00e9 lorsque Face ou IVS &amp; SMD est s\u00e9lectionn\u00e9 en mode AI.<\/td>\n<\/tr>\n<tr>\n<td colspan=\"18\">Mode de recherche<\/td>\n<td colspan=\"42\">Heure \/ date, alarme, MD et recherche exacte (pr\u00e9cise \u00e0 la seconde)<\/td>\n<\/tr>\n<tr>\n<td colspan=\"18\">Fonction de lecture<\/td>\n<td colspan=\"42\">Lecture, pause, arr\u00eat, retour rapide, lecture rapide, lecture lente, fichier suivant, fichier pr\u00e9c\u00e9dent, cam\u00e9ra suivante, cam\u00e9ra pr\u00e9c\u00e9dente, plein \u00e9cran, r\u00e9p\u00e9tition, lecture al\u00e9atoire, s\u00e9lection de sauvegarde, zoom num\u00e9rique<\/td>\n<\/tr>\n<tr>\n<td colspan=\"18\">Mode de sauvegarde<\/td>\n<td colspan=\"42\">P\u00e9riph\u00e9rique USB \/ R\u00e9seau<\/td>\n<\/tr>\n<tr>\n<td colspan=\"60\">\n<h2><span style=\"font-size: 14pt;\">Espace de rangement<\/span><\/h2>\n<\/td>\n<\/tr>\n<tr>\n<td colspan=\"18\">Disque dur interne<\/td>\n<td colspan=\"42\">1 port SATA, jusqu&#8217;\u00e0 10 To de capacit\u00e9<\/td>\n<\/tr>\n<tr>\n<td colspan=\"18\">eSATA<\/td>\n<td colspan=\"42\">N \/ A<\/td>\n<\/tr>\n<tr>\n<td colspan=\"60\">\n<h2><span style=\"font-size: 14pt;\">Interface auxiliaire<\/span><\/h2>\n<\/td>\n<\/tr>\n<tr>\n<td colspan=\"18\">USB<\/td>\n<td colspan=\"42\">2 ports USB (1 USB 2.0, 1 USB 3.0)<\/td>\n<\/tr>\n<tr>\n<td colspan=\"18\">RS485<\/td>\n<td colspan=\"42\">1 port, pour contr\u00f4le PTZ<\/td>\n<\/tr>\n<tr>\n<td colspan=\"18\">RS232<\/td>\n<td colspan=\"42\">N \/ A<\/td>\n<\/tr>\n<tr>\n<td colspan=\"60\">\n<h2><span style=\"font-size: 14pt;\">\u00c9lectrique<\/span><\/h2>\n<\/td>\n<\/tr>\n<tr>\n<td colspan=\"18\">Source de courant<\/td>\n<td colspan=\"42\">DC 12 V \/ 2A<\/td>\n<\/tr>\n<tr>\n<td colspan=\"18\">Consommation d&#8217;\u00e9nergie<\/p>\n<p>(Sans disque dur)<\/td>\n<td colspan=\"42\">&lt;12 W<\/td>\n<\/tr>\n<\/tbody>\n<\/table>\n<\/div>\n<\/div>\n<div id=\"div_left\">\n<div class=\"div-drop\">\n<table id=\"table004\" class=\"NEW-TABLE TableOverride-1 tab-drag\">\n<tbody>\n<tr>\n<td colspan=\"60\">\n<h2><span style=\"font-size: 14pt;\">Construction<\/span><\/h2>\n<\/td>\n<\/tr>\n<tr>\n<td colspan=\"18\">Dimensions<\/td>\n<td colspan=\"42\">Compact 1U, 260 mm \u00d7 238 mm \u00d7 48 mm<\/p>\n<p>(10,24 &#8221; \u00d7 9,34 &#8221; \u00d7 1,87 &#8221;)<\/td>\n<\/tr>\n<tr>\n<td colspan=\"18\">Poids net<\/p>\n<p>(sans disque dur)<\/td>\n<td colspan=\"42\">1,0 kg (2,2 livres)<\/td>\n<\/tr>\n<tr>\n<td colspan=\"18\">Poids brut<\/td>\n<td colspan=\"42\"><span lang=\"zh-CN\">1,4 kg (3,1 livres)<\/span><\/td>\n<\/tr>\n<tr>\n<td colspan=\"18\">Installation<\/td>\n<td colspan=\"42\">Installation de bureau<\/td>\n<\/tr>\n<tr>\n<td colspan=\"60\">\n<h2><span style=\"font-size: 14pt;\">Environnement<\/span><\/h2>\n<\/td>\n<\/tr>\n<tr>\n<td colspan=\"18\">Des conditions de fonctionnement<\/td>\n<td colspan=\"42\">-10 \u00b0 C \u00e0 + 55 \u00b0 C (+ 14 \u00b0 F \u00e0 + 131 \u00b0 F), 0 \u00e0 90% HR<\/td>\n<\/tr>\n<tr>\n<td colspan=\"18\">Conditions de stockage<\/td>\n<td colspan=\"42\">-20 \u00b0 C \u00e0 + 70 \u00b0 C (-4 \u00b0 F \u00e0 + 158 \u00b0 F), 0 \u00e0 90% HR<\/td>\n<\/tr>\n<tr>\n<td colspan=\"60\">\n<h2><span style=\"font-size: 14pt;\">Assistance tierce<\/span><\/h2>\n<\/td>\n<\/tr>\n<tr>\n<td colspan=\"18\">Assistance tierce<\/td>\n<td colspan=\"42\">Dahua, Arecont Vision, AXIS, Bosch, Brickcom, Canon, CP Plus, Dynacolor, Honeywell, Panasonic, Pelco, Samsung, Sanyo, Sony, Videotec, Vivotek, et plus<\/td>\n<\/tr>\n<tr>\n<td colspan=\"60\">\n<h2><span style=\"font-size: 14pt;\">Certifications<\/span><\/h2>\n<\/td>\n<\/tr>\n<tr>\n<td colspan=\"18\" rowspan=\"2\">Certifications<\/td>\n<td colspan=\"42\">FCC: partie 15 sous-partie B<\/td>\n<\/tr>\n<tr>\n<td colspan=\"42\">CE: CE-LVD: EN 60950-1 \/ CEI 60950-1<\/p>\n<p>CE-EMC: EN 61000-3-2, EN 61000-3-3, EN 55032, EN 50130, EN 55024<\/td>\n<\/tr>\n<\/tbody>\n<\/table>\n<\/div>\n<\/div>\n","protected":false},"excerpt":{"rendered":"<h1 class=\"text\" data-gtm-vis-has-fired-10552706_181=\"1\" data-gtm-vis-has-fired-10552706_195=\"1\" data-gtm-vis-first-on-screen-10552706_196=\"8570\" data-gtm-vis-first-on-screen-10552706_184=\"8571\" data-gtm-vis-first-on-screen-10552706_192=\"8572\" data-gtm-vis-first-on-screen-10552706_217=\"8573\" data-gtm-vis-first-on-screen-10552706_194=\"8573\" data-gtm-vis-first-on-screen-10552706_193=\"8574\" data-gtm-vis-recent-on-screen-10552706_196=\"455121\" data-gtm-vis-total-visible-time-10552706_196=\"100\" data-gtm-vis-has-fired-10552706_196=\"1\" data-gtm-vis-recent-on-screen-10552706_184=\"455122\" data-gtm-vis-total-visible-time-10552706_184=\"100\" data-gtm-vis-has-fired-10552706_184=\"1\" data-gtm-vis-recent-on-screen-10552706_192=\"455122\" data-gtm-vis-total-visible-time-10552706_192=\"100\" data-gtm-vis-has-fired-10552706_192=\"1\" data-gtm-vis-recent-on-screen-10552706_217=\"455123\" data-gtm-vis-total-visible-time-10552706_217=\"100\" data-gtm-vis-has-fired-10552706_217=\"1\" data-gtm-vis-recent-on-screen-10552706_194=\"455126\" data-gtm-vis-total-visible-time-10552706_194=\"100\" data-gtm-vis-has-fired-10552706_194=\"1\" data-gtm-vis-recent-on-screen-10552706_193=\"455130\" data-gtm-vis-total-visible-time-10552706_193=\"100\" data-gtm-vis-has-fired-10552706_193=\"1\"><span style=\"font-size: 10pt; color: #000000;\"><strong>Enregistreur vid\u00e9o num\u00e9rique compact 1U WizSense Penta-brid 5M-N \/ 1080P 16 canaux<\/strong><\/span><\/h1>\n<div data-v-2aedf454=\"\">\n<ul>\n<li>Compression vid\u00e9o double flux H.265 + \/ H.265<\/li>\n<li>Prend en charge les entr\u00e9es vid\u00e9o HDCVI \/ AHD \/ TVI \/ CVBS \/ IP<\/li>\n<li>Entr\u00e9es de cam\u00e9ra IP 24 canaux maximum, chaque canal jusqu&#8217;\u00e0 6MP; Bande passante entrante maximale de 128 Mbps<\/li>\n<li>Jusqu&#8217;\u00e0 2 canaux de flux vid\u00e9o (canal analogique) Protection p\u00e9rim\u00e9trique<\/li>\n<li>Jusqu&#8217;\u00e0 16 canaux de flux vid\u00e9o (canal analogique) SMD Plus<\/li>\n<li>Jusqu&#8217;\u00e0 2 canaux de flux vid\u00e9o (canal analogique) reconnaissance de visage humain<\/li>\n<li>Fonctionnalit\u00e9s IoT &amp; POS<img decoding=\"async\" class=\"alignnone size-medium wp-image-6164\" src=\"http:\/\/tthcompany.com\/wp-content\/uploads\/2020\/12\/20200522134921_16823-1-300x72.png\" alt=\"\" width=\"300\" height=\"72\" \/><\/li>\n<\/ul>\n<\/div>\n","protected":false},"featured_media":19423,"comment_status":"closed","ping_status":"closed","template":"","meta":{"om_disable_all_campaigns":false,"_monsterinsights_skip_tracking":false,"_monsterinsights_sitenote_active":false,"_monsterinsights_sitenote_note":"","_monsterinsights_sitenote_category":0},"product_cat":[186,187],"product_tag":[205,260,261,262,210,263,264,211,228,212,213,265,214,229,266,193,267,216,268,195,218,269,196,270,271,272,197,198,199,220,273,241,200,274,275,201,276,277,222,278,279,280,281,282,283,284,285,286,224,225,287,288,289,226,290,291,292,809],"class_list":{"0":"post-19401","1":"product","2":"type-product","3":"status-publish","4":"has-post-thumbnail","6":"product_cat-produits-hdcvi","7":"product_cat-xvr","8":"product_tag-alarme","9":"product_tag-camera-de-surveillance-tanger","10":"product_tag-camera-ip-dahua","11":"product_tag-camera-maroc","12":"product_tag-camera-surveillance-afrique","13":"product_tag-camera-surveillance-avec-un-bon-prix","14":"product_tag-camera-surveillance-casablanca","15":"product_tag-camera-surveillance-dahua","16":"product_tag-camera-surveillance-maroc","17":"product_tag-camera-surveillance-tanger","18":"product_tag-camera-dahua","19":"product_tag-control-dacces-tanger","20":"product_tag-dahua-afrique","21":"product_tag-dahua-agadir","22":"product_tag-dahua-azrou","23":"product_tag-dahua-casablanca","24":"product_tag-dahua-dakhla","25":"product_tag-dahua-el-jadida","26":"product_tag-dahua-errachidia","27":"product_tag-dahua-fes","28":"product_tag-dahua-hoceima","29":"product_tag-dahua-ifrane","30":"product_tag-dahua-kenitra","31":"product_tag-dahua-khemisset","32":"product_tag-dahua-khouribga","33":"product_tag-dahua-laayoune","34":"product_tag-dahua-maroc","35":"product_tag-dahua-marrakech","36":"product_tag-dahua-meknes","37":"product_tag-dahua-nador","38":"product_tag-dahua-ouarzazate","39":"product_tag-dahua-oujda","40":"product_tag-dahua-rabat","41":"product_tag-dahua-safi","42":"product_tag-dahua-settat","43":"product_tag-dahua-tanger","44":"product_tag-dahua-taroudant","45":"product_tag-dahua-taza","46":"product_tag-dahua-tetouan","47":"product_tag-dahua-tiflet","48":"product_tag-dahua-tiznit","49":"product_tag-desenfumage-tanger","50":"product_tag-detection-incendie","51":"product_tag-distributeur-dahua","52":"product_tag-installation-alarme","53":"product_tag-installations-camera-de-surveillance-maroc","54":"product_tag-moniteur-dimage","55":"product_tag-pack-camera-de-surveillance","56":"product_tag-pack-camera-de-surveillance-dahua","57":"product_tag-pointeuse","58":"product_tag-porte-automatiques","59":"product_tag-portes-coup-feu-tanger","60":"product_tag-skydome-tanger","61":"product_tag-smart-lock","62":"product_tag-sprinkler-tanger","63":"product_tag-travaux-d-incendie-tanger","64":"product_tag-video-surveillance-tanger","65":"product_tag-xvr5116hs-i2","67":"first","68":"instock","69":"shipping-taxable","70":"purchasable","71":"product-type-simple","72":"add-to-wishlist-after_add_to_cart"},"aioseo_notices":[],"_links":{"self":[{"href":"https:\/\/tthcompany.ma\/index.php\/wp-json\/wp\/v2\/product\/19401","targetHints":{"allow":["GET"]}}],"collection":[{"href":"https:\/\/tthcompany.ma\/index.php\/wp-json\/wp\/v2\/product"}],"about":[{"href":"https:\/\/tthcompany.ma\/index.php\/wp-json\/wp\/v2\/types\/product"}],"replies":[{"embeddable":true,"href":"https:\/\/tthcompany.ma\/index.php\/wp-json\/wp\/v2\/comments?post=19401"}],"wp:featuredmedia":[{"embeddable":true,"href":"https:\/\/tthcompany.ma\/index.php\/wp-json\/wp\/v2\/media\/19423"}],"wp:attachment":[{"href":"https:\/\/tthcompany.ma\/index.php\/wp-json\/wp\/v2\/media?parent=19401"}],"wp:term":[{"taxonomy":"product_cat","embeddable":true,"href":"https:\/\/tthcompany.ma\/index.php\/wp-json\/wp\/v2\/product_cat?post=19401"},{"taxonomy":"product_tag","embeddable":true,"href":"https:\/\/tthcompany.ma\/index.php\/wp-json\/wp\/v2\/product_tag?post=19401"}],"curies":[{"name":"wp","href":"https:\/\/api.w.org\/{rel}","templated":true}]}}