{"id":19393,"date":"2022-08-17T10:30:25","date_gmt":"2022-08-17T10:30:25","guid":{"rendered":"https:\/\/tthcompany.ma\/?post_type=product&#038;p=19393"},"modified":"2023-09-26T15:16:33","modified_gmt":"2023-09-26T15:16:33","slug":"vct-999","status":"publish","type":"product","link":"https:\/\/tthcompany.ma\/index.php\/product\/vct-999\/","title":{"rendered":"VCT-999"},"content":{"rendered":"","protected":false},"excerpt":{"rendered":"<p><span style=\"color: #000000;\"><strong>Tr\u00e9pied Dahua Technology VCT-999<\/strong><\/span><\/p>\n<p>Le\u00a0<b>tr\u00e9pied VCT-999<\/b>\u00a0est con\u00e7u pour \u00eatre utilis\u00e9 avec une cam\u00e9ra r\u00e9seau hybride thermique DH-TPC-BF3221-T et un corps noir JQ-D70Z de\u00a0<b>Dahua Technology<\/b>\u00a0.<\/p>\n","protected":false},"featured_media":19417,"comment_status":"open","ping_status":"closed","template":"","meta":{"om_disable_all_campaigns":false,"_monsterinsights_skip_tracking":false,"_monsterinsights_sitenote_active":false,"_monsterinsights_sitenote_note":"","_monsterinsights_sitenote_category":0},"product_cat":[803],"product_tag":[1093],"class_list":{"0":"post-19393","1":"product","2":"type-product","3":"status-publish","4":"has-post-thumbnail","6":"product_cat-trepied","7":"product_tag-onstuck","8":"ts_product_brand-dahua","10":"first","11":"instock","12":"shipping-taxable","13":"purchasable","14":"product-type-simple","15":"add-to-wishlist-after_add_to_cart"},"aioseo_notices":[],"_links":{"self":[{"href":"https:\/\/tthcompany.ma\/index.php\/wp-json\/wp\/v2\/product\/19393","targetHints":{"allow":["GET"]}}],"collection":[{"href":"https:\/\/tthcompany.ma\/index.php\/wp-json\/wp\/v2\/product"}],"about":[{"href":"https:\/\/tthcompany.ma\/index.php\/wp-json\/wp\/v2\/types\/product"}],"replies":[{"embeddable":true,"href":"https:\/\/tthcompany.ma\/index.php\/wp-json\/wp\/v2\/comments?post=19393"}],"wp:featuredmedia":[{"embeddable":true,"href":"https:\/\/tthcompany.ma\/index.php\/wp-json\/wp\/v2\/media\/19417"}],"wp:attachment":[{"href":"https:\/\/tthcompany.ma\/index.php\/wp-json\/wp\/v2\/media?parent=19393"}],"wp:term":[{"taxonomy":"product_cat","embeddable":true,"href":"https:\/\/tthcompany.ma\/index.php\/wp-json\/wp\/v2\/product_cat?post=19393"},{"taxonomy":"product_tag","embeddable":true,"href":"https:\/\/tthcompany.ma\/index.php\/wp-json\/wp\/v2\/product_tag?post=19393"}],"curies":[{"name":"wp","href":"https:\/\/api.w.org\/{rel}","templated":true}]}}