{"id":19376,"date":"2022-08-17T10:30:24","date_gmt":"2022-08-17T10:30:24","guid":{"rendered":"https:\/\/tthcompany.ma\/?post_type=product&#038;p=19376"},"modified":"2022-08-17T10:38:31","modified_gmt":"2022-08-17T10:38:31","slug":"xvr5116hs-x","status":"publish","type":"product","link":"https:\/\/tthcompany.ma\/index.php\/product\/xvr5116hs-x\/","title":{"rendered":"XVR5116HS-X"},"content":{"rendered":"<p>Enregistreur vid\u00e9o num\u00e9rique compact 1U 1080p Penta-brid 16 canaux<\/p>\n<div id=\"div_left\">\n<div class=\"div-drop\">\n<table id=\"table001\" class=\"NEW-TABLE TableOverride-1 tab-drag\">\n<tbody>\n<tr>\n<td colspan=\"60\">\n<h2><span style=\"font-size: 14pt;\">Syst\u00e8me<\/span><\/h2>\n<\/td>\n<\/tr>\n<tr>\n<td colspan=\"18\">Processeur principal<\/td>\n<td colspan=\"42\">Processeur Embarqu\u00e9<\/td>\n<\/tr>\n<tr>\n<td colspan=\"18\">Syst\u00e8me op\u00e9rateur<\/td>\n<td colspan=\"42\">LINUX int\u00e9gr\u00e9<\/td>\n<\/tr>\n<tr>\n<td colspan=\"60\">\n<h2><span style=\"font-size: 14pt;\">Vid\u00e9o et audio<\/span><\/h2>\n<\/td>\n<\/tr>\n<tr>\n<td colspan=\"18\">Entr\u00e9e cam\u00e9ra analogique<\/td>\n<td colspan=\"42\">Canal 8\/16, BNC<\/td>\n<\/tr>\n<tr>\n<td colspan=\"18\">Cam\u00e9ra HDCVI<\/td>\n<td colspan=\"42\">5MP, 4MP, 1080P @ 25 \/ 30fps, 720P @ 50 \/ 60fps, 720P @ 25 \/ 30fps<\/td>\n<\/tr>\n<tr>\n<td colspan=\"18\">Cam\u00e9ra AHD<\/td>\n<td colspan=\"42\">5MP, 4MP, 1080P @ 25\/30, 720P @ 25 \/ 30fps<\/td>\n<\/tr>\n<tr>\n<td colspan=\"18\">Cam\u00e9ra TVI<\/td>\n<td colspan=\"42\">5MP, 4MP\u00a0<span lang=\"zh-CN\">,\u00a0<\/span>1080P @ 25\/30, 720P @ 25 \/ 30fps<\/td>\n<\/tr>\n<tr>\n<td colspan=\"18\">Cam\u00e9ra CVBS<\/td>\n<td colspan=\"42\">PAL \/ NTSC<\/td>\n<\/tr>\n<tr>\n<td colspan=\"18\">Entr\u00e9e de cam\u00e9ra IP<\/td>\n<td colspan=\"42\">8 + 4 canaux, chaque canal jusqu&#8217;\u00e0 6MP<\/td>\n<\/tr>\n<tr>\n<td colspan=\"18\">Audio In \/ Out<\/td>\n<td colspan=\"42\">1\/1, RCA<\/td>\n<\/tr>\n<tr>\n<td colspan=\"18\">Conversation \u00e0 double sens<\/td>\n<td colspan=\"42\">R\u00e9utilisation des entr\u00e9es \/ sorties audio, RCA<\/td>\n<\/tr>\n<tr>\n<td colspan=\"60\">\n<h2><span style=\"font-size: 14pt;\">Enregistrement<\/span><\/h2>\n<\/td>\n<\/tr>\n<tr>\n<td colspan=\"18\">Compression<\/td>\n<td colspan=\"42\">H.265 + \/ H.265 \/ H.264 + \/ H.264<\/td>\n<\/tr>\n<tr>\n<td colspan=\"18\">R\u00e9solution<\/td>\n<td colspan=\"42\">5M-N, 4M-N, 1080P, 1080N, 720P, 960H, D1, CIF<\/td>\n<\/tr>\n<tr>\n<td colspan=\"18\">Taux d&#8217;enregistrement<\/td>\n<td colspan=\"42\">Flux principal: les 1er et 2\u00e8me canaux 5M-N (1 ~ 10fps), les autres canaux 4M-N \/ 1080P (1 ~ 15fps);\u00a01080N \/ 720P \/ 960H \/<\/p>\n<p>D1 \/ CIF (1 ~ 25 \/ 30fps)<\/p>\n<p>Sous flux: D1 \/ CIF (1 ~ 15fps)<\/td>\n<\/tr>\n<tr>\n<td colspan=\"18\">D\u00e9bit binaire<\/td>\n<td colspan=\"42\">32Kbps ~ 6144Kbps par canal<\/td>\n<\/tr>\n<tr>\n<td colspan=\"18\">Mode d&#8217;enregistrement<\/td>\n<td colspan=\"42\">Manuel, Calendrier (G\u00e9n\u00e9ral, Continu), MD (D\u00e9tection vid\u00e9o: D\u00e9tection de mouvement, Perte vid\u00e9o, falsification), Alarme, Arr\u00eat<\/td>\n<\/tr>\n<tr>\n<td colspan=\"18\">Record Interval<\/td>\n<td colspan=\"42\">1 ~ 60 min (par d\u00e9faut: 60 min), pr\u00e9-enregistrement: 1 ~ 30 sec, post-enregistrement: 10 ~ 300 sec<\/td>\n<\/tr>\n<tr>\n<td colspan=\"18\">Compression audio<\/td>\n<td colspan=\"42\">AAC (uniquement pour le 1er canal), G.711A, G.711U, PCM<\/td>\n<\/tr>\n<tr>\n<td colspan=\"18\">Taux d&#8217;\u00e9chantillonnage audio<\/td>\n<td colspan=\"42\">8KHz, 16 bits par canal<\/td>\n<\/tr>\n<tr>\n<td colspan=\"18\">Bitrate audio<\/td>\n<td colspan=\"42\">64Kbps par canal<\/td>\n<\/tr>\n<tr>\n<td colspan=\"60\">\n<h2><span style=\"font-size: 14pt;\">Afficher<\/span><\/h2>\n<\/td>\n<\/tr>\n<tr>\n<td colspan=\"18\">Interface<\/td>\n<td colspan=\"42\">1 HDMI, 1 VGA<\/td>\n<\/tr>\n<tr>\n<td colspan=\"18\">R\u00e9solution<\/td>\n<td colspan=\"42\">HDMI:<\/p>\n<p>8CH: 1920 \u00d7 1080, 1280 \u00d7 1024, 1280 \u00d7 720<\/p>\n<p>&nbsp;<\/p>\n<p>VGA: 1920 \u00d7 1080, 1280 \u00d7 1024, 1280 \u00d7 720<\/td>\n<\/tr>\n<tr>\n<td colspan=\"18\">Affichage multi-\u00e9crans<\/td>\n<td colspan=\"42\">Lorsque le mode extension IP n&#8217;est pas activ\u00e9\u00a0<span lang=\"zh-CN\">:<\/span><\/p>\n<p>8CH: 1\/4\/8\/9<\/p>\n<p>Lorsque le mode extension IP est activ\u00e9\u00a0<span lang=\"zh-CN\">:<\/span><\/p>\n<p>8CH: 1\/4\/8\/9\/16<\/td>\n<\/tr>\n<tr>\n<td colspan=\"18\">OSD<\/td>\n<td colspan=\"42\">Titre de la cam\u00e9ra, Heure, Perte de la vid\u00e9o, Verrou de la cam\u00e9ra, D\u00e9tection de mouvement, Enregistrement<\/td>\n<\/tr>\n<tr>\n<td colspan=\"60\">\n<h4>R\u00e9seau<\/h4>\n<\/td>\n<\/tr>\n<tr>\n<td colspan=\"18\">Interface<\/td>\n<td colspan=\"42\">8CH: 1 port RJ-45 (100M)<\/td>\n<\/tr>\n<tr>\n<td colspan=\"18\">Fonction r\u00e9seau<\/td>\n<td colspan=\"42\">HTTP, HTTPS, TCP \/ IP, IPv4 \/ IPv6, Wi-Fi, 3G \/ 4G\u00a0<span lang=\"zh-CN\">,\u00a0<\/span>UPnP, RTSP, UDP, SMTP, NTP, DHCP, DNS, Filtre IP, PPPoE, DDNS, FTP, Serveur d\u2019alarme, P2P, Recherche IP (Prise en charge de la cam\u00e9ra IP Dahua, DVR, NVS, etc.)<\/td>\n<\/tr>\n<tr>\n<td colspan=\"18\">Max.\u00a0Acc\u00e8s utilisateur<\/td>\n<td colspan=\"42\">128 utilisateurs<\/td>\n<\/tr>\n<tr>\n<td colspan=\"18\">T\u00e9l\u00e9phone intelligent<\/td>\n<td colspan=\"42\">iPhone, iPad, Android<\/td>\n<\/tr>\n<tr>\n<td colspan=\"18\">L&#8217;interop\u00e9rabilit\u00e9<\/td>\n<td colspan=\"42\">ONVIF 16.12, conforme \u00e0 CGI<\/td>\n<\/tr>\n<\/tbody>\n<\/table>\n<\/div>\n<\/div>\n<div id=\"div_left\">\n<div class=\"div-drop\">\n<table id=\"table002\" class=\"NEW-TABLE TableOverride-1 tab-drag\">\n<tbody>\n<tr>\n<td colspan=\"60\">\n<h2><span style=\"font-size: 14pt;\">D\u00e9tection vid\u00e9o et alarme<\/span><\/h2>\n<\/td>\n<\/tr>\n<tr>\n<td colspan=\"18\">\u00c9v\u00e9nements d\u00e9clencheurs<\/td>\n<td colspan=\"42\">Enregistrement, PTZ, Visite guid\u00e9e, Push vid\u00e9o, Email, FTP, Snapshot, Buzzer et Screen Tips<\/td>\n<\/tr>\n<tr>\n<td colspan=\"18\">D\u00e9tection vid\u00e9o<\/td>\n<td colspan=\"42\">D\u00e9tection de mouvement, zones MD: 396 (22 \u00d7 18), perte vid\u00e9o, alt\u00e9ration et diagnostic<\/td>\n<\/tr>\n<tr>\n<td colspan=\"18\">Entr\u00e9e d&#8217;alarme<\/td>\n<td colspan=\"42\">N \/ A<\/td>\n<\/tr>\n<tr>\n<td colspan=\"18\">Sortie relais<\/td>\n<td colspan=\"42\">N \/ A<\/td>\n<\/tr>\n<tr>\n<td colspan=\"60\">\n<h2><span style=\"font-size: 14pt;\">Lecture et sauvegarde<\/span><\/h2>\n<\/td>\n<\/tr>\n<tr>\n<td colspan=\"18\">Lecture<\/td>\n<td colspan=\"42\">8CH: 1\/4\/9<\/td>\n<\/tr>\n<tr>\n<td colspan=\"18\">Mode de recherche<\/td>\n<td colspan=\"42\">Heure \/ Date, Alarme, MD et Recherche Exacte (pr\u00e9cision \u00e0 la seconde)<\/td>\n<\/tr>\n<tr>\n<td colspan=\"18\">Fonction de lecture<\/td>\n<td colspan=\"42\">Lecture, Pause, Arr\u00eater, Rembobiner, Lecture rapide, Lecture lente, Fichier suivant, Fichier pr\u00e9c\u00e9dent, Appareil photo suivant, Appareil photo pr\u00e9c\u00e9dent, Plein \u00e9cran, R\u00e9p\u00e9ter, Al\u00e9atoire, S\u00e9lection en cours, Zoom num\u00e9rique<\/td>\n<\/tr>\n<tr>\n<td colspan=\"18\">Mode de sauvegarde<\/td>\n<td colspan=\"42\">P\u00e9riph\u00e9rique USB \/ r\u00e9seau<\/td>\n<\/tr>\n<tr>\n<td colspan=\"60\">\n<h2><span style=\"font-size: 14pt;\">Espace de rangement<\/span><\/h2>\n<\/td>\n<\/tr>\n<tr>\n<td colspan=\"18\">Disque dur interne<\/td>\n<td colspan=\"42\">1 port SATA, jusqu&#8217;\u00e0 10 To de capacit\u00e9<\/td>\n<\/tr>\n<tr>\n<td colspan=\"18\">eSATA<\/td>\n<td colspan=\"42\">N \/ A<\/td>\n<\/tr>\n<tr>\n<td colspan=\"60\">\n<h2><span style=\"font-size: 14pt;\">Interface auxiliaire<\/span><\/h2>\n<\/td>\n<\/tr>\n<tr>\n<td colspan=\"18\">USB<\/td>\n<td colspan=\"42\">8CH: 2 USB 2.0<\/td>\n<\/tr>\n<tr>\n<td colspan=\"18\">RS232<\/td>\n<td colspan=\"42\">N \/ A<\/td>\n<\/tr>\n<tr>\n<td colspan=\"18\">RS485<\/td>\n<td colspan=\"42\">1 port, pour contr\u00f4le PTZ<\/td>\n<\/tr>\n<tr>\n<td colspan=\"60\">\n<h2><span style=\"font-size: 14pt;\">\u00c9lectrique<\/span><\/h2>\n<\/td>\n<\/tr>\n<tr>\n<td colspan=\"18\">Source de courant<\/td>\n<td colspan=\"42\">DC12V \/ 2A<\/td>\n<\/tr>\n<tr>\n<td colspan=\"18\">Consommation d&#8217;\u00e9nergie<\/p>\n<p>(sans disque dur)<\/td>\n<td colspan=\"42\">8CH: &lt;10W<\/td>\n<\/tr>\n<tr>\n<td colspan=\"60\">\n<h2><span style=\"font-size: 14pt;\">Construction<\/span><\/h2>\n<\/td>\n<\/tr>\n<tr>\n<td colspan=\"18\">Dimensions<\/td>\n<td colspan=\"42\">1U compacte, 260 \u00d7 236 \u00d7 48mm (10.2 &#8220;\u00d7 9.3&#8221; \u00d7 1.9 &#8220;)<\/td>\n<\/tr>\n<tr>\n<td colspan=\"18\">Appareil avec PFH101<\/p>\n<p>Plateau de montage en rack<\/td>\n<td colspan=\"42\">483mmx281mmx56mm (19.0 &#8220;x11.1&#8221; x2.2 &#8220;)<\/td>\n<\/tr>\n<tr>\n<td colspan=\"18\">Poids net<\/p>\n<p>(sans disque dur)<\/td>\n<td colspan=\"42\">8CH: 1,0 kg (2,6 lb)<\/td>\n<\/tr>\n<tr>\n<td colspan=\"18\">Poids brut<\/td>\n<td colspan=\"42\">8CH: 1,6 kg (3,5 lb)<\/td>\n<\/tr>\n<tr>\n<td colspan=\"18\">Installation<\/td>\n<td colspan=\"42\">Installation de bureau<\/td>\n<\/tr>\n<tr>\n<td colspan=\"60\">\n<h2><span style=\"font-size: 14pt;\">Environnement<\/span><\/h2>\n<\/td>\n<\/tr>\n<tr>\n<td colspan=\"18\">Des conditions de fonctionnement<\/td>\n<td colspan=\"42\">-10 \u00b0 C ~ + 55 \u00b0 C, 10% ~ 90% HR<\/td>\n<\/tr>\n<tr>\n<td colspan=\"18\">Conditions de stockage<\/td>\n<td colspan=\"42\">-20 \u00b0 C ~ + 70 \u00b0 C (0 ~ 90% HR)<\/td>\n<\/tr>\n<tr>\n<td colspan=\"60\">\n<h2><span style=\"font-size: 14pt;\">Assistance tierce<\/span><\/h2>\n<\/td>\n<\/tr>\n<tr>\n<td colspan=\"18\">Assistance tierce<\/td>\n<td colspan=\"42\">Dahua, Arecont Vision, AXIS, Bosch, Brickcom, Canon, CP Plus, Dynacolor, Honeywell, Panasonic, Pelco, Samsung, Sanyo, Sony, Videotec, Vivotek, etc.<\/td>\n<\/tr>\n<tr>\n<td colspan=\"60\">\n<h2><span style=\"font-size: 14pt;\">Certifications<\/span><\/h2>\n<\/td>\n<\/tr>\n<tr>\n<td colspan=\"18\" rowspan=\"3\">Certifications<\/td>\n<td colspan=\"42\">FCC: Partie 15, sous-partie B<\/td>\n<\/tr>\n<tr>\n<td colspan=\"42\">CE: CE-LVD: EN 60950-1 \/ IEC 60950-1<\/p>\n<p>CE-EMC: EN 61000-3-2, EN 61000-3-3, EN 55032, EN 50130, EN 55024<\/td>\n<\/tr>\n<tr>\n<td colspan=\"42\">UL: UL 60950-1<\/td>\n<\/tr>\n<\/tbody>\n<\/table>\n<\/div>\n<\/div>\n","protected":false},"excerpt":{"rendered":"<h1 class=\"text\"><span style=\"font-size: 10pt; color: #000000; font-family: georgia, palatino, serif;\"><strong>XVR Dahua &#8211; Enregistreur vid\u00e9o num\u00e9rique compact 1U Penta-brid 1080P 16 canaux<\/strong><\/span><\/h1>\n<ul>\n<li>Compression vid\u00e9o double flux H.265 + \/ H.265<\/li>\n<li>Prise en charge des entr\u00e9es\u00a0vid\u00e9o\u00a0HDCVI \/ AHD \/ TVI \/ CVBS \/ IP<\/li>\n<li>Entr\u00e9es de cam\u00e9ra IP 12 canaux max, chaque canal jusqu&#8217;\u00e0 6 MP;\u00a0Max 48 \/ 96Mbps Bande passante entrante<\/li>\n<li>Recherche intelligente et syst\u00e8me vid\u00e9o intelligent<\/li>\n<\/ul>\n<p><img decoding=\"async\" class=\"alignnone size-medium wp-image-5092\" src=\"http:\/\/tthcompany.com\/wp-content\/uploads\/2019\/03\/XVR5108-16HS-X-300x71.png\" alt=\"XVR5108 16HS-X DVR Dahua\" width=\"300\" height=\"71\" \/><\/p>\n","protected":false},"featured_media":18905,"comment_status":"open","ping_status":"closed","template":"","meta":{"om_disable_all_campaigns":false,"_monsterinsights_skip_tracking":false,"_monsterinsights_sitenote_active":false,"_monsterinsights_sitenote_note":"","_monsterinsights_sitenote_category":0},"product_cat":[186,187,397],"product_tag":[204,205,206,260,207,261,262,209,210,263,264,211,228,212,213,189,265,190,214,229,266,230,193,267,216,217,268,195,218,269,196,270,271,272,197,198,199,220,273,241,200,274,275,201,276,277,222,278,279,280,281,223,282,283,284,285,286,224,225,287,288,289,226,290,291,292,399,400],"class_list":{"0":"post-19376","1":"product","2":"type-product","3":"status-publish","4":"has-post-thumbnail","6":"product_cat-produits-hdcvi","7":"product_cat-xvr","8":"product_cat-xvr-4mp-5mp","9":"product_tag-afrique-du-sud","10":"product_tag-alarme","11":"product_tag-camera","12":"product_tag-camera-de-surveillance-tanger","13":"product_tag-camera-hdcvi","14":"product_tag-camera-ip-dahua","15":"product_tag-camera-maroc","16":"product_tag-camera-surveillance","17":"product_tag-camera-surveillance-afrique","18":"product_tag-camera-surveillance-avec-un-bon-prix","19":"product_tag-camera-surveillance-casablanca","20":"product_tag-camera-surveillance-dahua","21":"product_tag-camera-surveillance-maroc","22":"product_tag-camera-surveillance-tanger","23":"product_tag-camera-dahua","24":"product_tag-camera-dahua-sd59230t-hn","25":"product_tag-control-dacces-tanger","26":"product_tag-dahua","27":"product_tag-dahua-afrique","28":"product_tag-dahua-agadir","29":"product_tag-dahua-azrou","30":"product_tag-dahua-camera-4mp","31":"product_tag-dahua-casablanca","32":"product_tag-dahua-dakhla","33":"product_tag-dahua-el-jadida","34":"product_tag-dahua-eljadida","35":"product_tag-dahua-errachidia","36":"product_tag-dahua-fes","37":"product_tag-dahua-hoceima","38":"product_tag-dahua-ifrane","39":"product_tag-dahua-kenitra","40":"product_tag-dahua-khemisset","41":"product_tag-dahua-khouribga","42":"product_tag-dahua-laayoune","43":"product_tag-dahua-maroc","44":"product_tag-dahua-marrakech","45":"product_tag-dahua-meknes","46":"product_tag-dahua-nador","47":"product_tag-dahua-ouarzazate","48":"product_tag-dahua-oujda","49":"product_tag-dahua-rabat","50":"product_tag-dahua-safi","51":"product_tag-dahua-settat","52":"product_tag-dahua-tanger","53":"product_tag-dahua-taroudant","54":"product_tag-dahua-taza","55":"product_tag-dahua-tetouan","56":"product_tag-dahua-tiflet","57":"product_tag-dahua-tiznit","58":"product_tag-desenfumage-tanger","59":"product_tag-detection-incendie","60":"product_tag-disque-dur","61":"product_tag-distributeur-dahua","62":"product_tag-installation-alarme","63":"product_tag-installations-camera-de-surveillance-maroc","64":"product_tag-moniteur-dimage","65":"product_tag-pack-camera-de-surveillance","66":"product_tag-pack-camera-de-surveillance-dahua","67":"product_tag-pointeuse","68":"product_tag-porte-automatiques","69":"product_tag-portes-coup-feu-tanger","70":"product_tag-skydome-tanger","71":"product_tag-smart-lock","72":"product_tag-sprinkler-tanger","73":"product_tag-travaux-d-incendie-tanger","74":"product_tag-video-surveillance-tanger","75":"product_tag-xvr5108-16hs-x","76":"product_tag-xvr5108hs-x","78":"first","79":"instock","80":"shipping-taxable","81":"purchasable","82":"product-type-simple","83":"add-to-wishlist-after_add_to_cart"},"aioseo_notices":[],"_links":{"self":[{"href":"https:\/\/tthcompany.ma\/index.php\/wp-json\/wp\/v2\/product\/19376","targetHints":{"allow":["GET"]}}],"collection":[{"href":"https:\/\/tthcompany.ma\/index.php\/wp-json\/wp\/v2\/product"}],"about":[{"href":"https:\/\/tthcompany.ma\/index.php\/wp-json\/wp\/v2\/types\/product"}],"replies":[{"embeddable":true,"href":"https:\/\/tthcompany.ma\/index.php\/wp-json\/wp\/v2\/comments?post=19376"}],"wp:featuredmedia":[{"embeddable":true,"href":"https:\/\/tthcompany.ma\/index.php\/wp-json\/wp\/v2\/media\/18905"}],"wp:attachment":[{"href":"https:\/\/tthcompany.ma\/index.php\/wp-json\/wp\/v2\/media?parent=19376"}],"wp:term":[{"taxonomy":"product_cat","embeddable":true,"href":"https:\/\/tthcompany.ma\/index.php\/wp-json\/wp\/v2\/product_cat?post=19376"},{"taxonomy":"product_tag","embeddable":true,"href":"https:\/\/tthcompany.ma\/index.php\/wp-json\/wp\/v2\/product_tag?post=19376"}],"curies":[{"name":"wp","href":"https:\/\/api.w.org\/{rel}","templated":true}]}}