{"id":19320,"date":"2022-08-17T10:30:10","date_gmt":"2022-08-17T10:30:10","guid":{"rendered":"https:\/\/tthcompany.ma\/?post_type=product&#038;p=19320"},"modified":"2022-08-17T10:30:13","modified_gmt":"2022-08-17T10:30:13","slug":"ipc-hdbw1831r-s","status":"publish","type":"product","link":"https:\/\/tthcompany.ma\/index.php\/product\/ipc-hdbw1831r-s\/","title":{"rendered":"IPC-HDBW1831R-S"},"content":{"rendered":"<div id=\"div_left\">\n<div class=\"div-drop\">\n<table id=\"table001\" class=\"NEW-TABLE TableOverride-1 tab-drag\">\n<tbody>\n<tr>\n<td colspan=\"60\">\n<h4><span>Cam\u00e9ra<\/span><\/h4>\n<\/td>\n<\/tr>\n<tr>\n<td colspan=\"18\"><span>Capteur d&#8217;image<\/span><\/td>\n<td colspan=\"42\"><span>CMOS progressif 1 \/ 1,8 &#8220;8 m\u00e9gapixels<\/span><\/td>\n<\/tr>\n<tr>\n<td colspan=\"18\"><span>Pixels efficaces<\/span><\/td>\n<td colspan=\"42\"><span>3840 (H) x 2160 (V)<\/span><\/td>\n<\/tr>\n<tr>\n<td colspan=\"18\"><span>RAM \/ ROM<\/span><\/td>\n<td colspan=\"42\"><span>512 Mo \/ 128 Mo<\/span><\/td>\n<\/tr>\n<tr>\n<td colspan=\"18\"><span>Syst\u00e8me de num\u00e9risation<\/span><\/td>\n<td colspan=\"42\"><span>Progressive<\/span><\/td>\n<\/tr>\n<tr>\n<td colspan=\"18\"><span>Vitesse d&#8217;obturation \u00e9lectronique<\/span><\/td>\n<td colspan=\"42\"><span>Auto \/ Manuel, 1\/3 ~ 1 \/ 100000s<\/span><\/td>\n<\/tr>\n<tr>\n<td colspan=\"18\"><span>Illumination minimum<\/span><\/td>\n<td colspan=\"42\"><span>0,003 lux \/ F1.6 (couleur, 1\/3 s, 30 IRE)<\/span><\/p>\n<p><span>0.02Lux \/ F1.6 Couleur, 1 \/ 30s, 30IRE)<\/span><\/p>\n<p><span>0Lux \/ F1.6 (IR activ\u00e9)<\/span><\/td>\n<\/tr>\n<tr>\n<td colspan=\"18\"><span>Rapport S \/ N<\/span><\/td>\n<td colspan=\"42\"><span>Plus de 50 dB<\/span><\/td>\n<\/tr>\n<tr>\n<td colspan=\"18\"><span>Distance IR<\/span><\/td>\n<td colspan=\"42\"><span>Distance jusqu&#8217;\u00e0 30 m (98 pieds)<\/span><\/td>\n<\/tr>\n<tr>\n<td colspan=\"18\"><span>Contr\u00f4le marche \/ arr\u00eat IR<\/span><\/td>\n<td colspan=\"42\"><span>Auto \/ Manuel<\/span><\/td>\n<\/tr>\n<tr>\n<td colspan=\"18\"><span>LED IR<\/span><\/td>\n<td colspan=\"42\"><span>1<\/span><\/td>\n<\/tr>\n<tr>\n<td colspan=\"60\">\n<h4><span>Lentille<\/span><\/h4>\n<\/td>\n<\/tr>\n<tr>\n<td colspan=\"18\"><span>Type de lentille<\/span><\/td>\n<td colspan=\"42\"><span>Fix\u00e9<\/span><\/td>\n<\/tr>\n<tr>\n<td colspan=\"18\"><span>Type de montage<\/span><\/td>\n<td colspan=\"42\"><span>Embarquement<\/span><\/td>\n<\/tr>\n<tr>\n<td colspan=\"18\"><span>Distance focale<\/span><\/td>\n<td colspan=\"42\"><span>2,8 mm (4 mm, 6 mm en option)<\/span><\/td>\n<\/tr>\n<tr>\n<td colspan=\"18\"><span>Max.\u00a0Ouverture<\/span><\/td>\n<td colspan=\"42\"><span>F1.6<\/span><\/td>\n<\/tr>\n<tr>\n<td colspan=\"18\"><span>Angle de vue<\/span><\/td>\n<td colspan=\"42\"><span>H: 111 \u00b0 \/ 87 \u00b0 \/ 55 \u00b0, V: 59 \u00b0 \/ 47 \u00b0 \/ 30 \u00b0<\/span><\/td>\n<\/tr>\n<tr>\n<td colspan=\"18\"><span>Contr\u00f4le de la mise au point<\/span><\/td>\n<td colspan=\"42\"><span>Fix\u00e9<\/span><\/td>\n<\/tr>\n<tr>\n<td colspan=\"18\"><span>Distance de mise au point rapproch\u00e9e<\/span><\/td>\n<td colspan=\"42\"><span>1,5 m\u00a0<\/span><span>(4,9 pieds)<\/span><\/td>\n<\/tr>\n<tr>\n<td colspan=\"18\" rowspan=\"4\"><span>Distance DORI<\/span><\/td>\n<td colspan=\"8\"><span>Lentille<\/span><\/td>\n<td colspan=\"8\"><span>D\u00e9tecter<\/span><\/td>\n<td colspan=\"8\"><span>Observer<\/span><\/td>\n<td colspan=\"8\"><span>Reconna\u00eetre<\/span><\/td>\n<td colspan=\"10\"><span>Identifier<\/span><\/td>\n<\/tr>\n<tr>\n<td colspan=\"8\"><span>2,8 mm<\/span><\/td>\n<td colspan=\"8\"><span>84 m (275,6 pieds)<\/span><\/td>\n<td colspan=\"8\"><span>34 m (111,5 pieds)<\/span><\/td>\n<td colspan=\"8\"><span>17 m (55,8 t)<\/span><\/td>\n<td colspan=\"10\"><span>8 m (26 pieds)<\/span><\/td>\n<\/tr>\n<tr>\n<td colspan=\"8\"><span>4 mm<\/span><\/td>\n<td colspan=\"8\"><span>104m (341 pieds)<\/span><\/td>\n<td colspan=\"8\"><span>42m (138 pieds)<\/span><\/td>\n<td colspan=\"8\"><span>21m (69 pieds)<\/span><\/td>\n<td colspan=\"10\"><span>10 m (33 pieds)<\/span><\/td>\n<\/tr>\n<tr>\n<td colspan=\"8\"><span>6 mm<\/span><\/td>\n<td colspan=\"8\"><span>164m (538 pieds)<\/span><\/td>\n<td colspan=\"8\"><span>66 m (217 t)<\/span><\/td>\n<td colspan=\"8\"><span>33m (108 pieds)<\/span><\/td>\n<td colspan=\"10\"><span>16 m (52 \u200b\u200bpieds)<\/span><\/td>\n<\/tr>\n<tr>\n<td colspan=\"60\">\n<h4><span>PTZ<\/span><\/h4>\n<\/td>\n<\/tr>\n<tr>\n<td colspan=\"18\"><span>Pan \/ Tilt Range<\/span><\/td>\n<td colspan=\"42\"><span>Pan: 0 \u00b0 ~ 355 \u00b0; Inclinaison: 0 \u00b0 ~ 75 \u00b0; Rotation: 0 \u00b0 ~ 355 \u00b0<\/span><\/td>\n<\/tr>\n<tr>\n<td colspan=\"60\"><span>Intelligence<\/span><\/td>\n<\/tr>\n<tr>\n<td colspan=\"18\"><span>D\u00e9clencheur d&#8217;\u00e9v\u00e9nement<\/span><\/td>\n<td colspan=\"42\"><span>D\u00e9tection de mouvement, sabotage vid\u00e9o, changement de sc\u00e8ne, d\u00e9connexion du r\u00e9seau, conflit d&#8217;adresse IP, acc\u00e8s ill\u00e9gal, anomalie de stockage<\/span><\/td>\n<\/tr>\n<tr>\n<td colspan=\"18\"><span>IVS<\/span><\/td>\n<td colspan=\"42\"><span>Tripwire, intrusion<\/span><\/td>\n<\/tr>\n<tr>\n<td colspan=\"60\">\n<h4><span>Vid\u00e9o<\/span><\/h4>\n<\/td>\n<\/tr>\n<tr>\n<td colspan=\"18\"><span>Compression<\/span><\/td>\n<td colspan=\"42\"><span>H.265 \/ H.264H \/ MJPEG (sous-flux)<\/span><\/td>\n<\/tr>\n<tr>\n<td colspan=\"18\"><span>Codec intelligent<\/span><\/td>\n<td colspan=\"42\"><span>Prise en charge de H.265 + \/ H.264 +<\/span><\/td>\n<\/tr>\n<tr>\n<td colspan=\"18\"><span>Capacit\u00e9 de streaming<\/span><\/td>\n<td colspan=\"42\"><span>2 flux<\/span><\/td>\n<\/tr>\n<tr>\n<td colspan=\"18\"><span>R\u00e9solution<\/span><\/td>\n<td colspan=\"42\"><span>4K (3840 \u00d7 2160) \/ 6M (3072 \u00d7 2048) \/ 5M (2560 \u00d7 1920) \/<\/span><\/p>\n<p><span>3M (2048&#215;1536) \/ 3M (2304 \u00d7 1296) \/<\/span><\/p>\n<p><span>1080P (1920 \u00d7 1080) \/ 1,3 M (1280&#215;960) \/<\/span><\/p>\n<p><span>720P (1280 \u00d7 720) \/ D1 (704 \u00d7 576\/704 \u00d7 480) \/ VGA (640 \u00d7 480) \/ CIF (352 \u00d7 288\/352 \u00d7 240)<\/span><\/td>\n<\/tr>\n<tr>\n<td colspan=\"18\" rowspan=\"2\"><span>Fr\u00e9quence d&#8217;images<\/span><\/td>\n<td colspan=\"42\"><span>Flux principal: 4K (1 ~ 25 \/ 30fps)<\/span><\/td>\n<\/tr>\n<tr>\n<td colspan=\"42\"><span>Sous-flux: D1 (1 ~ 25 \/ 30fps)<\/span><\/td>\n<\/tr>\n<tr>\n<td colspan=\"18\"><span>Contr\u00f4le du d\u00e9bit binaire<\/span><\/td>\n<td colspan=\"42\"><span>CBR \/ VBR<\/span><\/td>\n<\/tr>\n<tr>\n<td colspan=\"18\"><span>D\u00e9bit binaire<\/span><\/td>\n<td colspan=\"42\"><span>H.264: 32 kbit \/ s ~ 8192 kbit \/ s<\/span><\/p>\n<p><span>H.265: 16 kbit \/ s ~ 8192 kbit \/ s<\/span><\/td>\n<\/tr>\n<\/tbody>\n<\/table>\n<\/div>\n<\/div>\n<div id=\"div_left\">\n<div class=\"div-drop\">\n<table id=\"table002\" class=\"NEW-TABLE TableOverride-1 tab-drag\">\n<tbody>\n<tr>\n<td colspan=\"18\"><span>Jour Nuit<\/span><\/td>\n<td colspan=\"42\"><span>Auto (ICR) \/ Couleur \/ N \/ B<\/span><\/td>\n<\/tr>\n<tr>\n<td colspan=\"18\"><span>Mode BLC<\/span><\/td>\n<td colspan=\"42\"><span>BLC \/ HLC \/ WDR (120 dB)<\/span><\/td>\n<\/tr>\n<tr>\n<td colspan=\"18\"><span>Balance des blancs<\/span><\/td>\n<td colspan=\"42\"><span>Auto \/ Naturel \/ Lampadaire \/ Ext\u00e9rieur \/ Manuel<\/span><\/td>\n<\/tr>\n<tr>\n<td colspan=\"18\"><span>Prendre le contr\u00f4le<\/span><\/td>\n<td colspan=\"42\"><span>Auto \/ Manuel<\/span><\/td>\n<\/tr>\n<tr>\n<td colspan=\"18\"><span>R\u00e9duction de bruit<\/span><\/td>\n<td colspan=\"42\"><span>DNR 3D<\/span><\/td>\n<\/tr>\n<tr>\n<td colspan=\"18\"><span>D\u00e9tection de mouvement<\/span><\/td>\n<td colspan=\"42\"><span>Arr\u00eat \/ Marche (4 zones, rectangle)<\/span><\/td>\n<\/tr>\n<tr>\n<td colspan=\"18\"><span>R\u00e9gion d&#8217;int\u00e9r\u00eat<\/span><\/td>\n<td colspan=\"42\"><span>Arr\u00eat \/ Marche (4 zones)<\/span><\/td>\n<\/tr>\n<tr>\n<td colspan=\"18\"><span>Stabilisation\u00a0\u00e9lectronique de l&#8217;image\u00a0<\/span><span>(EIS)<\/span><\/td>\n<td colspan=\"42\"><span>N \/ A<\/span><\/td>\n<\/tr>\n<tr>\n<td colspan=\"18\"><span>IR intelligent<\/span><\/td>\n<td colspan=\"42\"><span>Soutien<\/span><\/td>\n<\/tr>\n<tr>\n<td colspan=\"18\"><span>Zoom num\u00e9rique<\/span><\/td>\n<td colspan=\"42\"><span>16x<\/span><\/td>\n<\/tr>\n<tr>\n<td colspan=\"18\"><span>Retourner<\/span><\/td>\n<td colspan=\"42\"><span>0 \u00b0 \/ 90 \u00b0 \/ 180 \u00b0 \/ 270 \u00b0<\/span><\/td>\n<\/tr>\n<tr>\n<td colspan=\"18\"><span>Miroir<\/span><\/td>\n<td colspan=\"42\"><span>\u00c9teint allum\u00e9<\/span><\/td>\n<\/tr>\n<tr>\n<td colspan=\"18\"><span>Masquage de confidentialit\u00e9<\/span><\/td>\n<td colspan=\"42\"><span>Arr\u00eat \/ Marche (4 zones, rectangle)<\/span><\/td>\n<\/tr>\n<tr>\n<td colspan=\"60\">\n<h4><span>l&#8217;audio<\/span><\/h4>\n<\/td>\n<\/tr>\n<tr>\n<td colspan=\"18\"><span>Compression<\/span><\/td>\n<td colspan=\"42\"><span>N \/ A<\/span><\/td>\n<\/tr>\n<tr>\n<td colspan=\"60\">\n<h4><span>R\u00e9seau<\/span><\/h4>\n<\/td>\n<\/tr>\n<tr>\n<td colspan=\"18\"><span>Ethernet<\/span><\/td>\n<td colspan=\"42\"><span>RJ-45 (10 \/ 100Base-T)<\/span><\/td>\n<\/tr>\n<tr>\n<td colspan=\"18\"><span>Protocole<\/span><\/td>\n<td colspan=\"42\"><span>HTTP; TCP; ARP; RTSP; RTP; UDP; RTCP; SMTP; FTP; DHCP; DNS; DDNS; PPPOE; IPv4 \/ v6; SNMP; QoS; UPnP; NTP<\/span><\/td>\n<\/tr>\n<tr>\n<td colspan=\"18\"><span>Interop\u00e9rabilit\u00e9<\/span><\/td>\n<td colspan=\"42\"><span>Profil ONVIF S&amp;G, CGI<\/span><\/td>\n<\/tr>\n<tr>\n<td colspan=\"18\"><span>M\u00e9thode de streaming<\/span><\/td>\n<td colspan=\"42\"><span>Monodiffusion \/ Multidiffusion<\/span><\/td>\n<\/tr>\n<tr>\n<td colspan=\"18\"><span>Max.\u00a0Acc\u00e8s utilisateur<\/span><\/td>\n<td colspan=\"42\"><span>10 utilisateurs \/ 20 utilisateurs<\/span><\/td>\n<\/tr>\n<tr>\n<td colspan=\"18\"><span>Stockage Edge<\/span><\/td>\n<td colspan=\"42\"><span>NAS<\/span><\/p>\n<p><span>PC local pour un enregistrement instantan\u00e9<\/span><\/p>\n<p><span>Carte Micro SD 128 Go<\/span><\/td>\n<\/tr>\n<tr>\n<td colspan=\"18\"><span>Visionneuse Web<\/span><\/td>\n<td colspan=\"42\"><span>IE, Chrome, Firefox, Safari<\/span><\/td>\n<\/tr>\n<tr>\n<td colspan=\"18\"><span>Logiciel de gestion<\/span><\/td>\n<td colspan=\"42\"><span>Smart PSS, DSS, DMSS<\/span><\/td>\n<\/tr>\n<tr>\n<td colspan=\"18\"><span>T\u00e9l\u00e9phone intelligent<\/span><\/td>\n<td colspan=\"42\"><span>IOS, Android<\/span><\/td>\n<\/tr>\n<tr>\n<td colspan=\"60\">\n<h4><span>Certifications<\/span><\/h4>\n<\/td>\n<\/tr>\n<tr>\n<td colspan=\"18\"><span>Certifications<\/span><\/td>\n<td colspan=\"42\"><span>CE (EN 60950: 2000)<\/span><\/p>\n<p><span>UL: UL60950-1<\/span><\/p>\n<p><span>FCC: FCC partie 15 sous-partie B<\/span><\/td>\n<\/tr>\n<tr>\n<td colspan=\"60\">\n<h4><span>Interface<\/span><\/h4>\n<\/td>\n<\/tr>\n<tr>\n<td colspan=\"18\"><span>Interface vid\u00e9o<\/span><\/td>\n<td colspan=\"42\"><span>N \/ A<\/span><\/td>\n<\/tr>\n<tr>\n<td colspan=\"18\"><span>Interface audio<\/span><\/td>\n<td colspan=\"42\"><span>N \/ A<\/span><\/td>\n<\/tr>\n<tr>\n<td colspan=\"18\"><span>RS485<\/span><\/td>\n<td colspan=\"42\"><span>N \/ A<\/span><\/td>\n<\/tr>\n<tr>\n<td colspan=\"18\"><span>Alarme<\/span><\/td>\n<td colspan=\"42\"><span>N \/ A<\/span><\/td>\n<\/tr>\n<tr>\n<td colspan=\"60\">\n<h4><span>\u00c9lectrique<\/span><\/h4>\n<\/td>\n<\/tr>\n<tr>\n<td colspan=\"18\"><span>Source de courant<\/span><\/td>\n<td colspan=\"42\"><span>DC12V PoE (802.3af) (classe 0)<\/span><\/td>\n<\/tr>\n<tr>\n<td colspan=\"18\"><span>Consommation d&#8217;\u00e9nergie<\/span><\/td>\n<td colspan=\"42\"><span>&lt;8,9 W<\/span><\/td>\n<\/tr>\n<\/tbody>\n<\/table>\n<\/div>\n<\/div>\n<div id=\"div_left\">\n<div class=\"div-drop\">\n<table id=\"table003\" class=\"NEW-TABLE TableOverride-1 tab-drag\" style=\"width: 80.5186%; height: 628px;\">\n<tbody>\n<tr style=\"height: 66px;\">\n<td style=\"height: 66px;\" colspan=\"60\">\n<h4><span>Environnement<\/span><\/h4>\n<\/td>\n<\/tr>\n<tr style=\"height: 80px;\">\n<td style=\"height: 80px;\" colspan=\"18\"><span>Des conditions de fonctionnement<\/span><\/td>\n<td style=\"height: 80px;\" colspan=\"42\"><span>-30 \u00b0 C ~ + 60 \u00b0 C (-22 \u00b0 F ~ + 140 \u00b0 F) \/ Moins de 95% HR<\/span><\/td>\n<\/tr>\n<tr style=\"height: 80px;\">\n<td style=\"height: 80px;\" colspan=\"18\"><span>Conditions de stockage<\/span><\/td>\n<td style=\"height: 80px;\" colspan=\"42\"><span>-30 \u00b0 C ~ + 60 \u00b0 C (-22 \u00b0 F ~ + 140 \u00b0 F) \/ Moins de 95% HR<\/span><\/td>\n<\/tr>\n<tr style=\"height: 56px;\">\n<td style=\"height: 56px;\" colspan=\"18\"><span>Protection contre la p\u00e9n\u00e9tration<\/span><\/td>\n<td style=\"height: 56px;\" colspan=\"42\"><span>IP67<\/span><\/td>\n<\/tr>\n<tr style=\"height: 56px;\">\n<td style=\"height: 56px;\" colspan=\"18\"><span>R\u00e9sistance au vandalisme<\/span><\/td>\n<td style=\"height: 56px;\" colspan=\"42\"><span>IK10<\/span><\/td>\n<\/tr>\n<tr style=\"height: 66px;\">\n<td style=\"height: 66px;\" colspan=\"60\">\n<h4><span>Construction<\/span><\/h4>\n<\/td>\n<\/tr>\n<tr style=\"height: 56px;\">\n<td style=\"height: 56px;\" colspan=\"18\"><span>Enveloppe<\/span><\/td>\n<td style=\"height: 56px;\" colspan=\"42\"><span>M\u00e9tal<\/span><\/td>\n<\/tr>\n<tr style=\"height: 56px;\">\n<td style=\"height: 56px;\" colspan=\"18\"><span>Dimensions<\/span><\/td>\n<td style=\"height: 56px;\" colspan=\"42\"><span>\u03c6122 mm \u00d7 88,9 mm (4,80 &#8220; x3,50 &#8221;)<\/span><\/td>\n<\/tr>\n<tr style=\"height: 56px;\">\n<td style=\"height: 56px;\" colspan=\"18\"><span>Poids net<\/span><\/td>\n<td style=\"height: 56px;\" colspan=\"42\"><span>0,45 kg (1,0 livre)<\/span><\/td>\n<\/tr>\n<tr style=\"height: 56px;\">\n<td style=\"height: 56px;\" colspan=\"18\"><span>Poids brut<\/span><\/td>\n<td style=\"height: 56px;\" colspan=\"42\"><span>0,60 kg (1,33 livre)<\/span><\/td>\n<\/tr>\n<\/tbody>\n<\/table>\n<\/div>\n<\/div>\n","protected":false},"excerpt":{"rendered":"<p class=\"text\" data-v-2aedf454=\"\"><span style=\"color: #000000;\"><strong>Cam\u00e9ra r\u00e9seau d\u00f4me IR 8MP WDR<\/strong><\/span><\/p>\n<ul>\n<li><span>CMOS progressif 1 \/ 1,8 &#8220;8 m\u00e9gapixels<\/span><\/li>\n<li><span>Codage double flux H.265 et H.264<\/span><\/li>\n<li><span>25 \/ 30fps @ 8MP (3840 \u00d7 2160)<\/span><\/li>\n<li><span>WDR (120dB), jour \/ nuit (ICR), 3DNR, AWB, AGC, BLC<\/span><\/li>\n<li><span>Surveillance de r\u00e9seaux multiples: visionneuse Web, CMS (DSS \/ PSS) et DMSS<\/span><\/li>\n<li><span>Emplacement pour carte Micro SD, jusqu&#8217;\u00e0 128 Go<\/span><\/li>\n<li><span>Objectif fixe de 2,8 mm (4 mm, 6 mm en option)<\/span><\/li>\n<li><span>Longueur maximale des LED IR 30 m<\/span><\/li>\n<li><span>IP67, IK10, PoE<\/span><\/li>\n<\/ul>\n<p><img decoding=\"async\" class=\"alignnone size-medium wp-image-5356\" src=\"http:\/\/tthcompany.com\/wp-content\/uploads\/2019\/09\/IPC-HDBW1831R-1-300x32.png\" alt=\"IPC-HDBW1831R-S\" width=\"300\" height=\"32\" \/><\/p>\n","protected":false},"featured_media":19350,"comment_status":"open","ping_status":"closed","template":"","meta":{"om_disable_all_campaigns":false,"_monsterinsights_skip_tracking":false,"_monsterinsights_sitenote_active":false,"_monsterinsights_sitenote_note":"","_monsterinsights_sitenote_category":0},"product_cat":[304,676,303,302,677],"product_tag":[],"class_list":{"0":"post-19320","1":"product","2":"type-product","3":"status-publish","4":"has-post-thumbnail","6":"product_cat-camera-fixe","7":"product_cat-cameras-8mp","8":"product_cat-cameras-ip","9":"product_cat-produits-ip","10":"product_cat-serie-lite-cameras-8mp","12":"first","13":"instock","14":"shipping-taxable","15":"purchasable","16":"product-type-simple","17":"add-to-wishlist-after_add_to_cart"},"aioseo_notices":[],"_links":{"self":[{"href":"https:\/\/tthcompany.ma\/index.php\/wp-json\/wp\/v2\/product\/19320","targetHints":{"allow":["GET"]}}],"collection":[{"href":"https:\/\/tthcompany.ma\/index.php\/wp-json\/wp\/v2\/product"}],"about":[{"href":"https:\/\/tthcompany.ma\/index.php\/wp-json\/wp\/v2\/types\/product"}],"replies":[{"embeddable":true,"href":"https:\/\/tthcompany.ma\/index.php\/wp-json\/wp\/v2\/comments?post=19320"}],"wp:featuredmedia":[{"embeddable":true,"href":"https:\/\/tthcompany.ma\/index.php\/wp-json\/wp\/v2\/media\/19350"}],"wp:attachment":[{"href":"https:\/\/tthcompany.ma\/index.php\/wp-json\/wp\/v2\/media?parent=19320"}],"wp:term":[{"taxonomy":"product_cat","embeddable":true,"href":"https:\/\/tthcompany.ma\/index.php\/wp-json\/wp\/v2\/product_cat?post=19320"},{"taxonomy":"product_tag","embeddable":true,"href":"https:\/\/tthcompany.ma\/index.php\/wp-json\/wp\/v2\/product_tag?post=19320"}],"curies":[{"name":"wp","href":"https:\/\/api.w.org\/{rel}","templated":true}]}}