{"id":19300,"date":"2022-08-17T10:29:56","date_gmt":"2022-08-17T10:29:56","guid":{"rendered":"https:\/\/tthcompany.ma\/?post_type=product&#038;p=19300"},"modified":"2023-01-09T10:54:00","modified_gmt":"2023-01-09T10:54:00","slug":"ipc-hfw2531sp-s-s2","status":"publish","type":"product","link":"https:\/\/tthcompany.ma\/index.php\/product\/ipc-hfw2531sp-s-s2\/","title":{"rendered":"IPC-HFW2531SP-S-S2"},"content":{"rendered":"<table id=\"table001\" class=\"NEW-TABLE TableOverride-1 tab-drag\">\n<tbody>\n<tr>\n<td colspan=\"60\">\n<h4>Cam\u00e9ra<\/h4>\n<\/td>\n<\/tr>\n<tr>\n<td colspan=\"18\">Capteur d&#8217;image<\/td>\n<td colspan=\"42\">CMOS progressif 1 \/ 2,7 &#8220;5 m\u00e9gapixels<\/td>\n<\/tr>\n<tr>\n<td colspan=\"18\">Pixels efficaces<\/td>\n<td colspan=\"42\">2592 (H) \u00d7 1944 (V)<\/td>\n<\/tr>\n<tr>\n<td colspan=\"18\">ROM<\/td>\n<td colspan=\"42\">128 Mo<\/td>\n<\/tr>\n<tr>\n<td colspan=\"18\">RAM<\/td>\n<td colspan=\"42\">256 Mo<\/td>\n<\/tr>\n<tr>\n<td colspan=\"18\">Syst\u00e8me de num\u00e9risation<\/td>\n<td colspan=\"42\">Progressive<\/td>\n<\/tr>\n<tr>\n<td colspan=\"18\">Vitesse d&#8217;obturation \u00e9lectronique<\/td>\n<td colspan=\"42\">Auto \/ Manuel 1\/3 s \u2013 1\/100000 s<\/td>\n<\/tr>\n<tr>\n<td colspan=\"18\">Min.\u00a0\u00c9clairage<\/td>\n<td colspan=\"42\">0,008 Lux@F1,6<\/td>\n<\/tr>\n<tr>\n<td colspan=\"18\">Distance IR<\/td>\n<td colspan=\"42\">30 m (98,43 pieds)<\/td>\n<\/tr>\n<tr>\n<td colspan=\"18\">Contr\u00f4le marche \/ arr\u00eat IR<\/td>\n<td colspan=\"42\">Auto \/ Manuel<\/td>\n<\/tr>\n<tr>\n<td colspan=\"18\">Num\u00e9ro des LED IR<\/td>\n<td colspan=\"42\">1<\/td>\n<\/tr>\n<tr>\n<td colspan=\"18\">Plage de panoramique \/ inclinaison \/ rotation<\/td>\n<td colspan=\"42\">Horizontal: 0 \u00b0 \u2013360 \u00b0<br \/>\nVertical: 0 \u00b0 \u201390 \u00b0<br \/>\nRotation: 0 \u00b0 \u2013360 \u00b0<\/td>\n<\/tr>\n<tr>\n<td colspan=\"60\">\n<h4>Lentille<\/h4>\n<\/td>\n<\/tr>\n<tr>\n<td colspan=\"18\">Type de lentille<\/td>\n<td colspan=\"42\">Fix\u00e9<\/td>\n<\/tr>\n<tr>\n<td colspan=\"18\">Type de montage<\/td>\n<td colspan=\"42\">M12<\/td>\n<\/tr>\n<tr>\n<td colspan=\"18\">Distance focale<\/td>\n<td colspan=\"42\">2,8 mm<br \/>\n3,6 mm<\/td>\n<\/tr>\n<tr>\n<td colspan=\"18\">Max.\u00a0Ouverture<\/td>\n<td colspan=\"42\">F1.6<br \/>\nF1.6<\/td>\n<\/tr>\n<tr>\n<td colspan=\"18\">Champ de vision<\/td>\n<td colspan=\"42\">2,8 mm:<\/p>\n<p>Horizontal: 103,0 \u00b0<\/p>\n<p>Verticale: 71,0 \u00b0<\/p>\n<p>Diagonale: 132,0 \u00b0<\/p>\n<p>3,6 mm:<\/p>\n<p>Horizontal: 84,0 \u00b0<\/p>\n<p>Verticale: 58,0 \u00b0<\/p>\n<p>Diagonale: 110,0 \u00b0<\/td>\n<\/tr>\n<tr>\n<td colspan=\"18\">Type d&#8217;iris<\/td>\n<td colspan=\"42\">Ouverture fixe<\/td>\n<\/tr>\n<tr>\n<td colspan=\"18\">Distance de mise au point rapproch\u00e9e<\/td>\n<td colspan=\"42\">2,8 mm: 0,9 m (2,95 pieds)<br \/>\n3,6 mm: 1,6 m (3,61 pieds)<\/td>\n<\/tr>\n<tr>\n<td colspan=\"18\" rowspan=\"3\">Distance DORI<\/td>\n<td colspan=\"8\">Lentille<\/td>\n<td colspan=\"8\">D\u00e9tecter<\/td>\n<td colspan=\"8\">Observer<\/td>\n<td colspan=\"8\">Reconna\u00eetre<\/td>\n<td colspan=\"10\">Identifier<\/td>\n<\/tr>\n<tr>\n<td colspan=\"8\">2,8 mm<\/td>\n<td colspan=\"8\">56 m (183,73 pieds)<\/td>\n<td colspan=\"8\">22,4 m<\/p>\n<p>(73,49 pi)<\/td>\n<td colspan=\"8\">11,2 m<\/p>\n<p>(36,75 pi)<\/td>\n<td colspan=\"10\">5,6 m<\/p>\n<p>(18,37 pi)<\/td>\n<\/tr>\n<tr>\n<td colspan=\"8\">3,6 mm<\/td>\n<td colspan=\"8\">80 m (262,47 pieds)<\/td>\n<td colspan=\"8\">32,0 m (104,99 pieds)<\/td>\n<td colspan=\"8\">16,0 m<\/p>\n<p>(52,49 pi)<\/td>\n<td colspan=\"10\">8,0 m<\/p>\n<p>(26,25 pi)<\/td>\n<\/tr>\n<tr>\n<td colspan=\"60\">\n<h4>\u00c9v\u00e9nement intelligent<\/h4>\n<\/td>\n<\/tr>\n<tr>\n<td colspan=\"18\">Analyse IVS g\u00e9n\u00e9rale<\/td>\n<td colspan=\"42\">Tripwire;\u00a0intrusion<\/td>\n<\/tr>\n<tr>\n<td colspan=\"60\">\n<h4>Vid\u00e9o<\/h4>\n<\/td>\n<\/tr>\n<tr>\n<td colspan=\"18\">Compression de vid\u00e9o<\/td>\n<td colspan=\"42\">H.265;\u00a0H.264;\u00a0H.264B;\u00a0MJPEG<\/td>\n<\/tr>\n<tr>\n<td colspan=\"18\">Codec intelligent<\/td>\n<td colspan=\"42\">Oui<\/td>\n<\/tr>\n<tr>\n<td colspan=\"18\">Frame rate vid\u00e9o<\/td>\n<td colspan=\"42\">Flux principal:<br \/>\n2592 \u00d7 1944 (1 ips-20 ips)<br \/>\n2688 \u00d7 1520 (1 ips-25\/30 ips)<br \/>\nFlux secondaire:<br \/>\n704 \u00d7 576 (1 ips-25 ips)<br \/>\n704 \u00d7 480 (1 ips-30 ips)<\/td>\n<\/tr>\n<tr>\n<td colspan=\"18\">Capacit\u00e9 de flux<\/td>\n<td colspan=\"42\">2 flux<\/td>\n<\/tr>\n<tr>\n<td colspan=\"18\">R\u00e9solution<\/td>\n<td colspan=\"42\">2592 \u00d7 1944 (2592 \u00d7 1944);\u00a02688 \u00d7 1520 (2688 \u00d7 1520);\u00a03M (2 048 x 1 536);\u00a02304 \u00d7 1296 (2304 \u00d7 1296);\u00a01080p (1920 \u00d7 1080);\u00a01,3 M (1 280 \u00d7 960);\u00a0720p (1280 \u00d7 720);\u00a0D1 (704 \u00d7 576\/704 \u00d7 480);\u00a0VGA (640 \u00d7 480);\u00a0CIF (352 \u00d7 288\/352 \u00d7 240)<\/td>\n<\/tr>\n<tr>\n<td colspan=\"18\">Contr\u00f4le du d\u00e9bit binaire<\/td>\n<td colspan=\"42\">CBR \/ VBR<\/td>\n<\/tr>\n<tr>\n<td colspan=\"18\">Bitrate vid\u00e9o<\/td>\n<td colspan=\"42\">H.264: 32 kbit \/ s ~ 8192 kbit \/ s<\/p>\n<p>H.265: 12 Kbit \/ s \u00e0 8192 Kbit \/ s<\/td>\n<\/tr>\n<tr>\n<td colspan=\"18\">Jour Nuit<\/td>\n<td colspan=\"42\">Auto (ICR) \/ Couleur \/ N \/ B<\/td>\n<\/tr>\n<tr>\n<td colspan=\"18\">BLC<\/td>\n<td colspan=\"42\">Oui<\/td>\n<\/tr>\n<tr>\n<td colspan=\"18\">HLC<\/td>\n<td colspan=\"42\">Oui<\/td>\n<\/tr>\n<tr>\n<td colspan=\"18\">WDR<\/td>\n<td colspan=\"42\">120 dB<\/td>\n<\/tr>\n<tr>\n<td colspan=\"18\">Balance des blancs<\/td>\n<td colspan=\"42\">Auto \/ naturel \/ lampadaire \/ ext\u00e9rieur \/ manuel \/ personnalis\u00e9 r\u00e9gional<\/td>\n<\/tr>\n<tr>\n<td colspan=\"18\">Prendre le contr\u00f4le<\/td>\n<td colspan=\"42\">Auto \/ Manuel<\/td>\n<\/tr>\n<tr>\n<td colspan=\"18\">R\u00e9duction de bruit<\/td>\n<td colspan=\"42\">DNR 3D<\/td>\n<\/tr>\n<tr>\n<td colspan=\"18\">D\u00e9tection de mouvement<\/td>\n<td colspan=\"42\">OFF \/ ON (4 zones, rectangulaire)<\/td>\n<\/tr>\n<tr>\n<td colspan=\"18\">R\u00e9gion d&#8217;int\u00e9r\u00eat (RoI)<\/td>\n<td colspan=\"42\">Oui (4 zones)<\/td>\n<\/tr>\n<tr>\n<td colspan=\"18\">IR intelligent<\/td>\n<td colspan=\"42\">Oui<\/td>\n<\/tr>\n<tr>\n<td colspan=\"18\">Rotation d&#8217;image<\/td>\n<td colspan=\"42\">0 \u00b0 \/ 90 \u00b0 \/ 180 \u00b0 \/ 270 \u00b0 (prend en charge 90 \u00b0 \/ 270 \u00b0 avec une r\u00e9solution de 2688 \u00d7 1520 et moins.)<\/td>\n<\/tr>\n<tr>\n<td colspan=\"18\">Miroir<\/td>\n<td colspan=\"42\">Oui<\/td>\n<\/tr>\n<tr>\n<td colspan=\"18\">Masquage de confidentialit\u00e9<\/td>\n<td colspan=\"42\">4 zones<\/td>\n<\/tr>\n<tr>\n<td colspan=\"60\">\n<h4>R\u00e9seau<\/h4>\n<\/td>\n<\/tr>\n<tr>\n<td colspan=\"18\">R\u00e9seau<\/td>\n<td colspan=\"42\">RJ-45 (10\/100 Base-T)<\/td>\n<\/tr>\n<tr>\n<td colspan=\"18\">Protocole<\/td>\n<td colspan=\"42\">IPv4;\u00a0IPv6;\u00a0HTTP;\u00a0HTTPS;\u00a0TCP;\u00a0UDP;\u00a0ARP;\u00a0RTP;\u00a0RTSP;\u00a0RTCP;\u00a0RTMP;\u00a0SMTP;\u00a0FTP;\u00a0SFTP;\u00a0DHCP;\u00a0DNS;\u00a0DDNS;\u00a0QoS;\u00a0UPnP;\u00a0NTP;\u00a0Multidiffusion;\u00a0ICMP;\u00a0IGMP;\u00a0NFS;\u00a0PPPoE;\u00a0802.1x;\u00a0Bonjour<\/td>\n<\/tr>\n<tr>\n<td colspan=\"18\">Interop\u00e9rabilit\u00e9<\/td>\n<td colspan=\"42\">ONVIF (profil S \/ profil G);\u00a0CGI;\u00a0P2P;\u00a0\u00c9tape importante;\u00a0Genetec<\/td>\n<\/tr>\n<tr>\n<td colspan=\"18\">Utilisateur \/ h\u00f4te<\/td>\n<td colspan=\"42\">20<\/td>\n<\/tr>\n<tr>\n<td colspan=\"18\">Stockage Edge<\/td>\n<td colspan=\"42\">Nuage;\u00a0FTP;\u00a0SFTP;\u00a0Carte Micro SD (prise en charge max. 256 Go);\u00a0NAS<\/td>\n<\/tr>\n<tr>\n<td colspan=\"18\">Navigateur<\/td>\n<td colspan=\"42\">C&#8217;EST \u00c0 DIRE<\/p>\n<p>Chrome<\/p>\n<p>Firefox<\/td>\n<\/tr>\n<tr>\n<td colspan=\"18\">Logiciel de gestion<\/td>\n<td colspan=\"42\">Smart PSS;\u00a0DSS;\u00a0DMSS<\/td>\n<\/tr>\n<tr>\n<td colspan=\"18\">T\u00e9l\u00e9phone portable<\/td>\n<td colspan=\"42\">IOS;\u00a0Android<\/td>\n<\/tr>\n<tr>\n<td colspan=\"60\">\n<h4>Certification<\/h4>\n<\/td>\n<\/tr>\n<tr>\n<td colspan=\"18\">Certifications<\/td>\n<td colspan=\"42\">CE-LVD: EN60950-1<br \/>\nCE-EMC: Directive de compatibilit\u00e9 \u00e9lectromagn\u00e9tique\u00a02014\/30\u00a0\/ EU<br \/>\nFCC: 47 CFR FCC Part 15, Subpart B<br \/>\nUL \/ CUL: UL60950-1 CAN \/ CSA C22.2 No.60950-1-07<\/td>\n<\/tr>\n<tr>\n<td colspan=\"60\">\n<h4>Puissance<\/h4>\n<\/td>\n<\/tr>\n<tr>\n<td colspan=\"18\">Source de courant<\/td>\n<td colspan=\"42\">12 V CC \/ PoE (802.3af)<\/td>\n<\/tr>\n<tr>\n<td colspan=\"18\">Consommation d&#8217;\u00e9nergie<\/td>\n<td colspan=\"42\">&lt;5,6 W<\/td>\n<\/tr>\n<tr>\n<td colspan=\"60\">\n<h4>Environnement<\/h4>\n<\/td>\n<\/tr>\n<tr>\n<td colspan=\"18\">Des conditions de fonctionnement<\/td>\n<td colspan=\"42\">-40 \u00b0 C \u00e0 + 60 \u00b0 C (-40 \u00b0 F \u00e0 + 140 \u00b0 F) \/ moins de \u2264 95%<\/td>\n<\/tr>\n<tr>\n<td colspan=\"18\">Temp\u00e9rature de stockage<\/td>\n<td colspan=\"42\">-40 \u00b0 C \u00e0 + 60 \u00b0 C (-40 \u00b0 F \u00e0 + 140 \u00b0 F)<\/td>\n<\/tr>\n<tr>\n<td colspan=\"18\">Classe de protection<\/td>\n<td colspan=\"42\">IP67<\/td>\n<\/tr>\n<tr>\n<td colspan=\"60\">\n<h4>Structure<\/h4>\n<\/td>\n<\/tr>\n<tr>\n<td colspan=\"18\">Enveloppe<\/td>\n<td colspan=\"42\">M\u00e9tal<\/td>\n<\/tr>\n<tr>\n<td colspan=\"18\">Dimensions<\/td>\n<td colspan=\"42\">166,2 mm \u00d7 \u03a670 mm (6,54 &#8220;\u00d7 \u03a62,76&#8221;)<\/td>\n<\/tr>\n<tr>\n<td colspan=\"18\">Poids net<\/td>\n<td colspan=\"42\">0,48 kg (1,1 livre)<\/td>\n<\/tr>\n<tr>\n<td colspan=\"18\">Poids brut<\/td>\n<td colspan=\"42\">0,57 kg (1,3 livre)<\/td>\n<\/tr>\n<\/tbody>\n<\/table>\n","protected":false},"excerpt":{"rendered":"<p class=\"text\" data-v-2aedf454=\"\"><span style=\"color: #000000;\"><strong>Cam\u00e9ra r\u00e9seau Bullet \u00e0 focale fixe IR Lite 5MP<\/strong><\/span><\/p>\n<div data-v-2aedf454=\"\">\n<ul>\n<li>5 MP, capteur d&#8217;image CMOS 1 \/ 2,7 &#8220;, faible \u00e9clairement, haute d\u00e9finition d&#8217;image<\/li>\n<li>Sorties 2688 \u00d7 1520 (2688 \u00d7 1520) \u00e0 25\/30 ips, et prend en charge max. 5MP<\/li>\n<li>(2592 \u00d7 1944) \u00e0 20 ips<\/li>\n<li>Codec H.265, taux de compression \u00e9lev\u00e9, d\u00e9bit binaire ultra-bas<\/li>\n<li>LED IR int\u00e9gr\u00e9e, distance IR maximale: 30 m<\/li>\n<li>ROI, SMART H.264 \/ H.265, codage flexible, applicable \u00e0 divers environnements de bande passante et de stockage<\/li>\n<li>Mode de rotation, WDR, 3D DNR, HLC, BLC, filigrane num\u00e9rique, applicable \u00e0 diverses sc\u00e8nes de surveillance<\/li>\n<li>D\u00e9tection intelligente: intrusion, tripwire<\/li>\n<li>D\u00e9tection d&#8217;anomalies: d\u00e9tection de mouvement, sabotage vid\u00e9o, pas de carte SD, carte SD pleine, erreur de carte SD, r\u00e9seau d\u00e9connect\u00e9, conflit IP, acc\u00e8s ill\u00e9gal, d\u00e9tection de tension<\/li>\n<li>Prend en charge max. Carte Micro SD de 256 Go<\/li>\n<li>Prise en charge de l&#8217;alimentation 12V DC \/ PoE<\/li>\n<li>Degr\u00e9 de protection IP67<\/li>\n<\/ul>\n<p><img decoding=\"async\" class=\"alignnone size-medium wp-image-5342\" src=\"http:\/\/tthcompany.com\/wp-content\/uploads\/2020\/10\/IPC-HFW2531S-S-S2-300x32.png\" alt=\"camera 5mp ip lite\" width=\"300\" height=\"32\" \/><\/p>\n<\/div>\n","protected":false},"featured_media":18907,"comment_status":"open","ping_status":"closed","template":"","meta":{"om_disable_all_campaigns":false,"_monsterinsights_skip_tracking":false,"_monsterinsights_sitenote_active":false,"_monsterinsights_sitenote_note":"","_monsterinsights_sitenote_category":0},"product_cat":[304,483,303,302,484],"product_tag":[261,213,336,195,240,197],"class_list":{"0":"post-19300","1":"product","2":"type-product","3":"status-publish","4":"has-post-thumbnail","6":"product_cat-camera-fixe","7":"product_cat-cameras-5mp","8":"product_cat-cameras-ip","9":"product_cat-produits-ip","10":"product_cat-serie-lite-cameras-5mp","11":"product_tag-camera-ip-dahua","12":"product_tag-camera-dahua","13":"product_tag-dahua-casabalannca","14":"product_tag-dahua-fes","15":"product_tag-dahua-jadida","16":"product_tag-dahua-maroc","17":"ts_product_brand-dahua","19":"first","20":"instock","21":"shipping-taxable","22":"purchasable","23":"product-type-simple","24":"add-to-wishlist-after_add_to_cart"},"aioseo_notices":[],"_links":{"self":[{"href":"https:\/\/tthcompany.ma\/index.php\/wp-json\/wp\/v2\/product\/19300","targetHints":{"allow":["GET"]}}],"collection":[{"href":"https:\/\/tthcompany.ma\/index.php\/wp-json\/wp\/v2\/product"}],"about":[{"href":"https:\/\/tthcompany.ma\/index.php\/wp-json\/wp\/v2\/types\/product"}],"replies":[{"embeddable":true,"href":"https:\/\/tthcompany.ma\/index.php\/wp-json\/wp\/v2\/comments?post=19300"}],"wp:featuredmedia":[{"embeddable":true,"href":"https:\/\/tthcompany.ma\/index.php\/wp-json\/wp\/v2\/media\/18907"}],"wp:attachment":[{"href":"https:\/\/tthcompany.ma\/index.php\/wp-json\/wp\/v2\/media?parent=19300"}],"wp:term":[{"taxonomy":"product_cat","embeddable":true,"href":"https:\/\/tthcompany.ma\/index.php\/wp-json\/wp\/v2\/product_cat?post=19300"},{"taxonomy":"product_tag","embeddable":true,"href":"https:\/\/tthcompany.ma\/index.php\/wp-json\/wp\/v2\/product_tag?post=19300"}],"curies":[{"name":"wp","href":"https:\/\/api.w.org\/{rel}","templated":true}]}}