{"id":19297,"date":"2022-08-17T10:29:55","date_gmt":"2022-08-17T10:29:55","guid":{"rendered":"https:\/\/tthcompany.ma\/?post_type=product&#038;p=19297"},"modified":"2022-08-17T10:30:07","modified_gmt":"2022-08-17T10:30:07","slug":"sd59432xa-hnr","status":"publish","type":"product","link":"https:\/\/tthcompany.ma\/index.php\/product\/sd59432xa-hnr\/","title":{"rendered":"SD59432XA-HNR"},"content":{"rendered":"<table id=\"table001\" class=\"NEW-TABLE TableOverride-1 tab-drag\" style=\"width: 100%; height: 6514px;\">\n<tbody>\n<tr style=\"height: 66px;\">\n<td style=\"height: 66px;\" colspan=\"60\">\n<h4>Cam\u00e9ra<\/h4>\n<\/td>\n<\/tr>\n<tr style=\"height: 56px;\">\n<td style=\"height: 56px;\" colspan=\"18\">Capteur d&#8217;image<\/td>\n<td style=\"height: 56px;\" colspan=\"42\">CMOS STARVIS \u2122 1 \/ 2,8 &#8220;<\/td>\n<\/tr>\n<tr style=\"height: 56px;\">\n<td style=\"height: 56px;\" colspan=\"18\">Pixel<\/td>\n<td style=\"height: 56px;\" colspan=\"42\">4MP<\/td>\n<\/tr>\n<tr style=\"height: 56px;\">\n<td style=\"height: 56px;\" colspan=\"18\">Max.\u00a0R\u00e9solution<\/td>\n<td style=\"height: 56px;\" colspan=\"42\">2560 (H) x 1440 (V)<\/td>\n<\/tr>\n<tr style=\"height: 56px;\">\n<td style=\"height: 56px;\" colspan=\"18\">ROM<\/td>\n<td style=\"height: 56px;\" colspan=\"42\">4 Go<\/td>\n<\/tr>\n<tr style=\"height: 56px;\">\n<td style=\"height: 56px;\" colspan=\"18\">RAM<\/td>\n<td style=\"height: 56px;\" colspan=\"42\">1 Go<\/td>\n<\/tr>\n<tr style=\"height: 104px;\">\n<td style=\"height: 104px;\" colspan=\"18\">Vitesse d&#8217;obturation \u00e9lectronique<\/td>\n<td style=\"height: 104px;\" colspan=\"42\">1 \/ 3\u20131 \/ 30000 s<\/td>\n<\/tr>\n<tr style=\"height: 80px;\">\n<td style=\"height: 80px;\" colspan=\"18\">Syst\u00e8me de num\u00e9risation<\/td>\n<td style=\"height: 80px;\" colspan=\"42\">Progressive<\/td>\n<\/tr>\n<tr style=\"height: 104px;\">\n<td style=\"height: 104px;\" colspan=\"18\">Min.\u00a0\u00c9clairage<\/td>\n<td style=\"height: 104px;\" colspan=\"42\">Couleur: 0,005Lux<br \/>\n@<br \/>\nF1.3\u00a0N \/ B: 0,0005Lux\u00a0@\u00a0F1.3\u00a00Lux (lumi\u00e8re IR allum\u00e9e)<\/td>\n<\/tr>\n<tr style=\"height: 80px;\">\n<td style=\"height: 80px;\" colspan=\"18\">Distance d&#8217;\u00e9clairage<\/td>\n<td style=\"height: 80px;\" colspan=\"42\">150 m (492,13 pi)<\/td>\n<\/tr>\n<tr style=\"height: 104px;\">\n<td style=\"height: 104px;\" colspan=\"18\">Contr\u00f4le marche \/ arr\u00eat de l&#8217;illuminateur<\/td>\n<td style=\"height: 104px;\" colspan=\"42\">Zoom Prio \/ Manuel \/ SmartIR<\/td>\n<\/tr>\n<tr style=\"height: 80px;\">\n<td style=\"height: 80px;\" colspan=\"18\">Num\u00e9ro de l&#8217;illuminateur<\/td>\n<td style=\"height: 80px;\" colspan=\"42\">4<\/td>\n<\/tr>\n<tr style=\"height: 66px;\">\n<td style=\"height: 66px;\" colspan=\"60\">\n<h4>Lentille<\/h4>\n<\/td>\n<\/tr>\n<tr style=\"height: 56px;\">\n<td style=\"height: 56px;\" colspan=\"18\">Distance focale<\/td>\n<td style=\"height: 56px;\" colspan=\"42\">4,9 mm \u2013 156 mm<\/td>\n<\/tr>\n<tr style=\"height: 56px;\">\n<td style=\"height: 56px;\" colspan=\"18\">Max.\u00a0Ouverture<\/td>\n<td style=\"height: 56px;\" colspan=\"42\">F1.35 \u2013 F4.4<\/td>\n<\/tr>\n<tr style=\"height: 56px;\">\n<td style=\"height: 56px;\" colspan=\"18\">Champ de vision<\/td>\n<td style=\"height: 56px;\" colspan=\"42\">H: 68,3 \u00b0 -2,2 \u00b0;\u00a0V: 38,9 \u00b0 \u20131,3 \u00b0;\u00a0D: 68,3 \u00b0 \u20131,4 \u00b0<\/td>\n<\/tr>\n<tr style=\"height: 56px;\">\n<td style=\"height: 56px;\" colspan=\"18\">Zoom optique<\/td>\n<td style=\"height: 56px;\" colspan=\"42\">32x<\/td>\n<\/tr>\n<tr style=\"height: 80px;\">\n<td style=\"height: 80px;\" colspan=\"18\">Contr\u00f4le de la mise au point<\/td>\n<td style=\"height: 80px;\" colspan=\"42\">Auto \/ Semi-Auto \/ Manuel<\/td>\n<\/tr>\n<tr style=\"height: 104px;\">\n<td style=\"height: 104px;\" colspan=\"18\">Distance de mise au point rapproch\u00e9e<\/td>\n<td style=\"height: 104px;\" colspan=\"42\">0,1 m \u2013 1,5 m (0,33 pi \u2013 4,92 pi)<\/td>\n<\/tr>\n<tr style=\"height: 56px;\">\n<td style=\"height: 56px;\" colspan=\"18\">Contr\u00f4le de l&#8217;iris<\/td>\n<td style=\"height: 56px;\" colspan=\"42\">Auto \/ Manuel<\/td>\n<\/tr>\n<tr style=\"height: 56px;\">\n<td style=\"height: 136px;\" colspan=\"18\" rowspan=\"2\">Distance DORI<\/td>\n<td style=\"height: 56px;\" colspan=\"10\">D\u00e9tecter<\/td>\n<td style=\"height: 56px;\" colspan=\"10\">Observer<\/td>\n<td style=\"height: 56px;\" colspan=\"10\">Reconna\u00eetre<\/td>\n<td style=\"height: 56px;\" colspan=\"12\">Identifier<\/td>\n<\/tr>\n<tr style=\"height: 80px;\">\n<td style=\"height: 80px;\" colspan=\"10\">3034 m<br \/>\n(9954,06 pieds)<\/td>\n<td style=\"height: 80px;\" colspan=\"10\">1213 m<br \/>\n(3979,66 pi)<\/td>\n<td style=\"height: 80px;\" colspan=\"10\">606 m<br \/>\n(1988,19 pi)<\/td>\n<td style=\"height: 80px;\" colspan=\"12\">303 m<br \/>\n(994,09 pi)<\/td>\n<\/tr>\n<tr style=\"height: 66px;\">\n<td style=\"height: 66px;\" colspan=\"60\">\n<h4>PTZ<\/h4>\n<\/td>\n<\/tr>\n<tr style=\"height: 56px;\">\n<td style=\"height: 56px;\" colspan=\"18\">Pan \/ Tilt Range<\/td>\n<td style=\"height: 56px;\" colspan=\"42\">Pan: 0 \u00b0 \u2013360 \u00b0;\u00a0Inclinaison: -10 \u00b0 &#8211; + 90 \u00b0<\/td>\n<\/tr>\n<tr style=\"height: 80px;\">\n<td style=\"height: 80px;\" colspan=\"18\">Vitesse de contr\u00f4le manuel<\/td>\n<td style=\"height: 80px;\" colspan=\"42\">Pan: 0,1 \u00b0 \/ s \u2013 300 \u00b0 \/ s;\u00a0Inclinaison: 0,1 \u00b0 \/ s \u2013 200 \u00b0 \/ s<\/td>\n<\/tr>\n<tr style=\"height: 56px;\">\n<td style=\"height: 56px;\" colspan=\"18\">Vitesse pr\u00e9r\u00e9gl\u00e9e<\/td>\n<td style=\"height: 56px;\" colspan=\"42\">Pan: 400 \u00b0 \/ s;\u00a0Inclinaison: 300 \u00b0 \/ s<\/td>\n<\/tr>\n<tr style=\"height: 56px;\">\n<td style=\"height: 56px;\" colspan=\"18\">Pr\u00e9configurations<\/td>\n<td style=\"height: 56px;\" colspan=\"42\">300<\/td>\n<\/tr>\n<tr style=\"height: 56px;\">\n<td style=\"height: 56px;\" colspan=\"18\">Tour<\/td>\n<td style=\"height: 56px;\" colspan=\"42\">8 (jusqu&#8217;\u00e0 32 pr\u00e9r\u00e9glages par tour)<\/td>\n<\/tr>\n<tr style=\"height: 56px;\">\n<td style=\"height: 56px;\" colspan=\"18\">Mod\u00e8le<\/td>\n<td style=\"height: 56px;\" colspan=\"42\">5<\/td>\n<\/tr>\n<tr style=\"height: 56px;\">\n<td style=\"height: 56px;\" colspan=\"18\">Analyse<\/td>\n<td style=\"height: 56px;\" colspan=\"42\">5<\/td>\n<\/tr>\n<tr style=\"height: 80px;\">\n<td style=\"height: 80px;\" colspan=\"18\">R\u00e9glage de la vitesse<\/td>\n<td style=\"height: 80px;\" colspan=\"42\">Soutien<\/td>\n<\/tr>\n<tr style=\"height: 80px;\">\n<td style=\"height: 80px;\" colspan=\"18\">M\u00e9moire de mise hors tension<\/td>\n<td style=\"height: 80px;\" colspan=\"42\">Soutien<\/td>\n<\/tr>\n<tr style=\"height: 80px;\">\n<td style=\"height: 80px;\" colspan=\"18\">Mouvement au ralenti<\/td>\n<td style=\"height: 80px;\" colspan=\"42\">Pr\u00e9r\u00e9glage \/ Tour \/ Motif \/ Balayage<\/td>\n<\/tr>\n<tr style=\"height: 80px;\">\n<td style=\"height: 80px;\" colspan=\"18\">Protocole<\/td>\n<td style=\"height: 80px;\" colspan=\"42\">DH-SD<br \/>\nPelco-P \/ D (reconnaissance automatique)<\/td>\n<\/tr>\n<tr style=\"height: 66px;\">\n<td style=\"height: 66px;\" colspan=\"60\">\n<h4>Intelligence g\u00e9n\u00e9rale<\/h4>\n<\/td>\n<\/tr>\n<tr style=\"height: 80px;\">\n<td style=\"height: 80px;\" colspan=\"18\">D\u00e9clencheur d&#8217;\u00e9v\u00e9nement<\/td>\n<td style=\"height: 80px;\" colspan=\"42\">D\u00e9tection de mouvement, sabotage vid\u00e9o, changement de sc\u00e8ne, d\u00e9connexion du r\u00e9seau, conflit d&#8217;adresse IP, acc\u00e8s ill\u00e9gal et anomalie de stockage<\/td>\n<\/tr>\n<tr style=\"height: 56px;\">\n<td style=\"height: 56px;\" colspan=\"18\">IVS<\/td>\n<td style=\"height: 56px;\" colspan=\"42\">Objet abandonn\u00e9 \/ manquant<\/td>\n<\/tr>\n<tr style=\"height: 66px;\">\n<td style=\"height: 66px;\" colspan=\"60\">\n<h4>Intelligence artificielle<\/h4>\n<\/td>\n<\/tr>\n<tr style=\"height: 80px;\">\n<td style=\"height: 80px;\" colspan=\"18\">Capture intelligente<\/td>\n<td style=\"height: 80px;\" colspan=\"42\">Prise en charge de la capture d&#8217;image humaine, automobile et non automobile.<\/td>\n<\/tr>\n<tr style=\"height: 104px;\">\n<td style=\"height: 104px;\" colspan=\"18\">Protection p\u00e9rim\u00e9trique<\/td>\n<td style=\"height: 104px;\" colspan=\"42\">Tripwire et intrusion.\u00a0Prise en charge du d\u00e9clenchement d&#8217;alarme par types de cibles (humain et v\u00e9hicule).\u00a0Supporte le filtrage des fausses alarmes caus\u00e9es par les animaux, le bruissement des feuilles, les lumi\u00e8res vives, etc.<\/td>\n<\/tr>\n<tr style=\"height: 56px;\">\n<td style=\"height: 56px;\" colspan=\"18\">D\u00e9tection facial<\/td>\n<td style=\"height: 56px;\" colspan=\"42\">Soutien<\/td>\n<\/tr>\n<tr style=\"height: 56px;\">\n<td style=\"height: 56px;\" colspan=\"18\">SMD Plus<\/td>\n<td style=\"height: 56px;\" colspan=\"42\">Soutien<\/td>\n<\/tr>\n<tr style=\"height: 80px;\">\n<td style=\"height: 80px;\" colspan=\"18\">Suivi automatique<\/td>\n<td style=\"height: 80px;\" colspan=\"42\">Soutien<\/td>\n<\/tr>\n<tr style=\"height: 56px;\">\n<td style=\"height: 56px;\" colspan=\"60\">\n<h4>Vid\u00e9o<\/h4>\n<\/td>\n<\/tr>\n<tr style=\"height: 56px;\">\n<td style=\"height: 56px;\" colspan=\"18\">Compression<\/td>\n<td style=\"height: 56px;\" colspan=\"42\">H.265 \/ H.265 + \/ H.264 + \/ H.264 \/ MJPEG (sous-flux)<\/td>\n<\/tr>\n<tr style=\"height: 80px;\">\n<td style=\"height: 80px;\" colspan=\"18\">Capacit\u00e9 de streaming<\/td>\n<td style=\"height: 80px;\" colspan=\"42\">3 flux<\/td>\n<\/tr>\n<tr style=\"height: 80px;\">\n<td style=\"height: 80px;\" colspan=\"18\">R\u00e9solution<\/td>\n<td style=\"height: 80px;\" colspan=\"42\">4M (2560 \u00d7 1440) \/ 3 M (2048 \u00d7 1536) \/ 1080P (1920 \u00d7 1080) \/ 720P (1280 \u00d7 960) \/ D1 (704 \u00d7 576\/704 \u00d7 480) \/ CIF (352 \u00d7 288\/352 \u00d7 240)<\/td>\n<\/tr>\n<tr style=\"height: 104px;\">\n<td style=\"height: 104px;\" colspan=\"18\">Fr\u00e9quence d&#8217;images<\/td>\n<td style=\"height: 104px;\" colspan=\"42\">Flux principal: 4M \/ 3M \/ 1080P \/ 1,3M \/ 720P (1 \u00e0 25\/30 ips)<br \/>\nSous-flux 1: D1 \/ CIF (1 \u00e0 25\/30 ips)<br \/>\nSous-flux 2: 720P (1 \u00e0 25\/30 ips)<\/td>\n<\/tr>\n<tr style=\"height: 80px;\">\n<td style=\"height: 80px;\" colspan=\"18\">Contr\u00f4le du d\u00e9bit binaire<\/td>\n<td style=\"height: 80px;\" colspan=\"42\">D\u00e9bit binaire variable \/ d\u00e9bit binaire constant<\/td>\n<\/tr>\n<tr style=\"height: 56px;\">\n<td style=\"height: 56px;\" colspan=\"18\">D\u00e9bit binaire<\/td>\n<td style=\"height: 56px;\" colspan=\"42\">H.265 \/ H.264: 3 kbps \u2013 20480 kbps<\/td>\n<\/tr>\n<tr style=\"height: 56px;\">\n<td style=\"height: 56px;\" colspan=\"18\">Jour Nuit<\/td>\n<td style=\"height: 56px;\" colspan=\"42\">Auto (ICR) \/ Couleur \/ N \/ B<\/td>\n<\/tr>\n<tr style=\"height: 56px;\">\n<td style=\"height: 56px;\" colspan=\"18\">BLC<\/td>\n<td style=\"height: 56px;\" colspan=\"42\">Soutien<\/td>\n<\/tr>\n<tr style=\"height: 56px;\">\n<td style=\"height: 56px;\" colspan=\"18\">WDR<\/td>\n<td style=\"height: 56px;\" colspan=\"42\">120 dB<\/td>\n<\/tr>\n<tr style=\"height: 56px;\">\n<td style=\"height: 56px;\" colspan=\"18\">HLC<\/td>\n<td style=\"height: 56px;\" colspan=\"42\">Soutien<\/td>\n<\/tr>\n<tr style=\"height: 80px;\">\n<td style=\"height: 80px;\" colspan=\"18\">Balance des blancs<\/td>\n<td style=\"height: 80px;\" colspan=\"42\">Auto \/ Int\u00e9rieur \/ Ext\u00e9rieur \/ Suivi \/ Manuel \/ Lampe au sodium \/ Lumi\u00e8re naturelle \/ Lampadaire<\/td>\n<\/tr>\n<tr style=\"height: 80px;\">\n<td style=\"height: 80px;\" colspan=\"18\">Prendre le contr\u00f4le<\/td>\n<td style=\"height: 80px;\" colspan=\"42\">Auto \/ Manuel<\/td>\n<\/tr>\n<tr style=\"height: 80px;\">\n<td style=\"height: 80px;\" colspan=\"18\">R\u00e9duction de bruit<\/td>\n<td style=\"height: 80px;\" colspan=\"42\">2D \/ 3D<\/td>\n<\/tr>\n<tr style=\"height: 80px;\">\n<td style=\"height: 80px;\" colspan=\"18\">D\u00e9tection de mouvement<\/td>\n<td style=\"height: 80px;\" colspan=\"42\">Soutien<\/td>\n<\/tr>\n<tr style=\"height: 80px;\">\n<td style=\"height: 80px;\" colspan=\"18\">R\u00e9gion d&#8217;int\u00e9r\u00eat (RoI)<\/td>\n<td style=\"height: 80px;\" colspan=\"42\">Soutien<\/td>\n<\/tr>\n<tr style=\"height: 80px;\">\n<td style=\"height: 80px;\" colspan=\"18\">Stabilisation d&#8217;image<\/td>\n<td style=\"height: 80px;\" colspan=\"42\">\u00c9lectronique<\/td>\n<\/tr>\n<tr style=\"height: 56px;\">\n<td style=\"height: 56px;\" colspan=\"18\">D\u00e9sembuer<\/td>\n<td style=\"height: 56px;\" colspan=\"42\">Soutien<\/td>\n<\/tr>\n<tr style=\"height: 56px;\">\n<td style=\"height: 56px;\" colspan=\"18\">Zoom num\u00e9rique<\/td>\n<td style=\"height: 56px;\" colspan=\"42\">16x<\/td>\n<\/tr>\n<tr style=\"height: 56px;\">\n<td style=\"height: 56px;\" colspan=\"18\">Retourner<\/td>\n<td style=\"height: 56px;\" colspan=\"42\">0 \u00b0 \/ 180 \u00b0<\/td>\n<\/tr>\n<tr style=\"height: 80px;\">\n<td style=\"height: 80px;\" colspan=\"18\">Masquage de confidentialit\u00e9<\/td>\n<td style=\"height: 80px;\" colspan=\"42\">Jusqu&#8217;\u00e0 24 zones<\/td>\n<\/tr>\n<tr style=\"height: 56px;\">\n<td style=\"height: 56px;\" colspan=\"60\">\n<h4>Certification<\/h4>\n<\/td>\n<\/tr>\n<tr style=\"height: 80px;\">\n<td style=\"height: 80px;\" colspan=\"18\">Certifications<\/td>\n<td style=\"height: 80px;\" colspan=\"42\">CE: EN55032 \/ EN55024 \/ EN50130-4<br \/>\nFCC: Part15 subpartB, ANSI C63.4-2014<\/td>\n<\/tr>\n<tr style=\"height: 56px;\">\n<td style=\"height: 56px;\" colspan=\"60\">\n<h4>l&#8217;audio<\/h4>\n<\/td>\n<\/tr>\n<tr style=\"height: 56px;\">\n<td style=\"height: 56px;\" colspan=\"18\">Compression<\/td>\n<td style=\"height: 56px;\" colspan=\"42\">G.711A;\u00a0G.711Mu;\u00a0G.726;\u00a0AAC;\u00a0G.722.1;\u00a0G.723;\u00a0G.729;\u00a0PCM;\u00a0MPEG2-Layer2<\/td>\n<\/tr>\n<tr style=\"height: 56px;\">\n<td style=\"height: 56px;\" colspan=\"60\">\n<h4>Port<\/h4>\n<\/td>\n<\/tr>\n<tr style=\"height: 56px;\">\n<td style=\"height: 56px;\" colspan=\"18\">Entr\u00e9e audio<\/td>\n<td style=\"height: 56px;\" colspan=\"42\">1<\/td>\n<\/tr>\n<tr style=\"height: 56px;\">\n<td style=\"height: 56px;\" colspan=\"18\">Sortie audio<\/td>\n<td style=\"height: 56px;\" colspan=\"42\">1<\/td>\n<\/tr>\n<tr style=\"height: 56px;\">\n<td style=\"height: 56px;\" colspan=\"18\">E \/ S d&#8217;alarme<\/td>\n<td style=\"height: 56px;\" colspan=\"42\">2\/1<\/td>\n<\/tr>\n<tr style=\"height: 56px;\">\n<td style=\"height: 56px;\" colspan=\"60\">\n<h4>R\u00e9seau<\/h4>\n<\/td>\n<\/tr>\n<tr style=\"height: 56px;\">\n<td style=\"height: 56px;\" colspan=\"18\">Ethernet<\/td>\n<td style=\"height: 56px;\" colspan=\"42\">RJ-45 (10 \/ 100Base-T)<\/td>\n<\/tr>\n<tr style=\"height: 80px;\">\n<td style=\"height: 80px;\" colspan=\"18\">Protocole<\/td>\n<td style=\"height: 80px;\" colspan=\"42\">IPv4;\u00a0IPv6;\u00a0HTTP;\u00a0HTTPS;\u00a0802.1x;\u00a0Qos;\u00a0FTP;\u00a0SMTP;\u00a0UPnP;\u00a0SNMPv1 \/ v2c \/ v3 (MIB-2);\u00a0DNS;\u00a0DDNS;\u00a0NTP;\u00a0RTSP;\u00a0RTP;\u00a0TCP;\u00a0UDP;\u00a0IGMP;\u00a0ICMP;\u00a0DHCP;\u00a0PPPoE;\u00a0ARP;\u00a0RTCP<\/td>\n<\/tr>\n<tr style=\"height: 56px;\">\n<td style=\"height: 56px;\" colspan=\"18\">Interop\u00e9rabilit\u00e9<\/td>\n<td style=\"height: 56px;\" colspan=\"42\">Profil ONVIF S &amp; G &amp; T;\u00a0CGI<\/td>\n<\/tr>\n<tr style=\"height: 80px;\">\n<td style=\"height: 80px;\" colspan=\"18\">M\u00e9thode de streaming<\/td>\n<td style=\"height: 80px;\" colspan=\"42\">Monodiffusion \/ Multidiffusion<\/td>\n<\/tr>\n<tr style=\"height: 56px;\">\n<td style=\"height: 56px;\" colspan=\"18\">Utilisateur \/ h\u00f4te<\/td>\n<td style=\"height: 56px;\" colspan=\"42\">19 (bande passante totale 48M)<\/td>\n<\/tr>\n<tr style=\"height: 80px;\">\n<td style=\"height: 80px;\" colspan=\"18\">Espace de rangement<\/td>\n<td style=\"height: 80px;\" colspan=\"42\">FTP;\u00a0Carte Micro SD (256G);\u00a0P2P<\/td>\n<\/tr>\n<tr style=\"height: 128px;\">\n<td style=\"height: 128px;\" colspan=\"18\">Navigateur<\/td>\n<td style=\"height: 128px;\" colspan=\"42\">IE7 et versions plus r\u00e9centes<br \/>\nChrome 42 et versions ant\u00e9rieures<br \/>\nFirefox 52 et versions ant\u00e9rieures<br \/>\nSafari<\/td>\n<\/tr>\n<tr style=\"height: 128px;\">\n<td style=\"height: 128px;\" colspan=\"18\">Logiciel de gestion<\/td>\n<td style=\"height: 128px;\" colspan=\"42\">Lecteur<br \/>\nintelligent Smart PSS<br \/>\nDSS<br \/>\nEasy4ip<\/td>\n<\/tr>\n<tr style=\"height: 80px;\">\n<td style=\"height: 80px;\" colspan=\"18\">T\u00e9l\u00e9phone portable<\/td>\n<td style=\"height: 80px;\" colspan=\"42\">IOS \/ Android<\/td>\n<\/tr>\n<tr style=\"height: 56px;\">\n<td style=\"height: 56px;\" colspan=\"60\">\n<h4>Puissance<\/h4>\n<\/td>\n<\/tr>\n<tr style=\"height: 80px;\">\n<td style=\"height: 80px;\" colspan=\"18\">Source de courant<\/td>\n<td style=\"height: 80px;\" colspan=\"42\">AC24V \/ 3A \u00b1 25%<br \/>\nPoE + (802.3at)<\/td>\n<\/tr>\n<tr style=\"height: 80px;\">\n<td style=\"height: 80px;\" colspan=\"18\">Consommation d&#8217;\u00e9nergie<\/td>\n<td style=\"height: 80px;\" colspan=\"42\">11W<br \/>\n24W (IR activ\u00e9)<\/td>\n<\/tr>\n<tr style=\"height: 56px;\">\n<td style=\"height: 56px;\" colspan=\"60\">\n<h4>Environnement<\/h4>\n<\/td>\n<\/tr>\n<tr style=\"height: 80px;\">\n<td style=\"height: 80px;\" colspan=\"18\">Temp\u00e9rature de fonctionnement<\/td>\n<td style=\"height: 80px;\" colspan=\"42\">-40 \u00b0 C \u00e0 + 70 \u00b0 C (-40 \u00b0 F \u00e0 + 158 \u00b0 F)<\/td>\n<\/tr>\n<tr style=\"height: 80px;\">\n<td style=\"height: 80px;\" colspan=\"18\">humidit\u00e9 d&#8217;exploitation<\/td>\n<td style=\"height: 80px;\" colspan=\"42\">\u226495% d&#8217;humidit\u00e9 relative<\/td>\n<\/tr>\n<tr style=\"height: 56px;\">\n<td style=\"height: 56px;\" colspan=\"18\">protection<\/td>\n<td style=\"height: 56px;\" colspan=\"42\">IP66;\u00a0Protection contre la foudre TVS 6000V;\u00a0protection contre les surtensions<\/td>\n<\/tr>\n<tr style=\"height: 56px;\">\n<td style=\"height: 56px;\" colspan=\"60\">\n<h4>Structure<\/h4>\n<\/td>\n<\/tr>\n<tr style=\"height: 56px;\">\n<td style=\"height: 56px;\" colspan=\"18\">Dimensions<\/td>\n<td style=\"height: 56px;\" colspan=\"42\">\u03a6186 mm x 309 mm (7,32 &#8220;\u00d7 12,17&#8221;)<\/td>\n<\/tr>\n<tr style=\"height: 56px;\">\n<td style=\"height: 56px;\" colspan=\"18\">Poids net<\/td>\n<td style=\"height: 56px;\" colspan=\"42\">3,9 kg (8,60 livres)<\/td>\n<\/tr>\n<tr style=\"height: 56px;\">\n<td style=\"height: 56px;\" colspan=\"18\">Poids brut<\/td>\n<td style=\"height: 56px;\" colspan=\"42\">7,01 kg (15,45 livres)<\/td>\n<\/tr>\n<tr style=\"height: 56px;\">\n<td style=\"height: 56px;\" colspan=\"18\">Enveloppe<\/td>\n<td style=\"height: 56px;\" colspan=\"42\">M\u00e9tal<\/td>\n<\/tr>\n<\/tbody>\n<\/table>\n","protected":false},"excerpt":{"rendered":"<p class=\"text\" data-v-2aedf454=\"\" data-gtm-vis-recent-on-screen-10552706_217=\"2266\" data-gtm-vis-first-on-screen-10552706_217=\"2267\" data-gtm-vis-total-visible-time-10552706_217=\"100\" data-gtm-vis-has-fired-10552706_217=\"1\" data-gtm-vis-recent-on-screen-10552706_184=\"2268\" data-gtm-vis-first-on-screen-10552706_184=\"2268\" data-gtm-vis-total-visible-time-10552706_184=\"100\" data-gtm-vis-has-fired-10552706_184=\"1\"><span style=\"color: #000000;\"><strong>Cam\u00e9ra PTZ r\u00e9seau 4MP 32x Starlight IR WizSense<\/strong><\/span><\/p>\n<div data-v-2aedf454=\"\">\n<ul>\n<li>CMOS STARVIS \u2122 1 \/ 2,8 &#8220;<\/li>\n<li>Zoom optique 32x puissant<\/li>\n<li>Technologie Starlight<\/li>\n<li>Max. 25 \/ 30fps \u00e0 4M<\/li>\n<li>Suivi automatique et protection du p\u00e9rim\u00e8tre bas\u00e9s sur l&#8217;apprentissage en profondeur<\/li>\n<li>Prise en charge de PoE +<\/li>\n<li>Distance IR jusqu&#8217;\u00e0 150 m<\/li>\n<li>SMD PLUS<\/li>\n<li>IP66<\/li>\n<\/ul>\n<p><img decoding=\"async\" class=\"alignnone size-medium wp-image-5332\" src=\"http:\/\/tthcompany.com\/wp-content\/uploads\/2017\/08\/SD59430U-HNI-300x32.png\" alt=\"SD59430U-HNI\" width=\"300\" height=\"32\" \/><\/p>\n<\/div>\n","protected":false},"featured_media":18902,"comment_status":"open","ping_status":"closed","template":"","meta":{"om_disable_all_campaigns":false,"_monsterinsights_skip_tracking":false,"_monsterinsights_sitenote_active":false,"_monsterinsights_sitenote_note":"","_monsterinsights_sitenote_category":0},"product_cat":[364,303,302,363,790],"product_tag":[],"class_list":{"0":"post-19297","1":"product","2":"type-product","3":"status-publish","4":"has-post-thumbnail","6":"product_cat-4mp-speed-dome","7":"product_cat-cameras-ip","8":"product_cat-produits-ip","9":"product_cat-speed-dome","10":"product_cat-wizsense","12":"first","13":"instock","14":"shipping-taxable","15":"purchasable","16":"product-type-simple","17":"add-to-wishlist-after_add_to_cart"},"aioseo_notices":[],"_links":{"self":[{"href":"https:\/\/tthcompany.ma\/index.php\/wp-json\/wp\/v2\/product\/19297","targetHints":{"allow":["GET"]}}],"collection":[{"href":"https:\/\/tthcompany.ma\/index.php\/wp-json\/wp\/v2\/product"}],"about":[{"href":"https:\/\/tthcompany.ma\/index.php\/wp-json\/wp\/v2\/types\/product"}],"replies":[{"embeddable":true,"href":"https:\/\/tthcompany.ma\/index.php\/wp-json\/wp\/v2\/comments?post=19297"}],"wp:featuredmedia":[{"embeddable":true,"href":"https:\/\/tthcompany.ma\/index.php\/wp-json\/wp\/v2\/media\/18902"}],"wp:attachment":[{"href":"https:\/\/tthcompany.ma\/index.php\/wp-json\/wp\/v2\/media?parent=19297"}],"wp:term":[{"taxonomy":"product_cat","embeddable":true,"href":"https:\/\/tthcompany.ma\/index.php\/wp-json\/wp\/v2\/product_cat?post=19297"},{"taxonomy":"product_tag","embeddable":true,"href":"https:\/\/tthcompany.ma\/index.php\/wp-json\/wp\/v2\/product_tag?post=19297"}],"curies":[{"name":"wp","href":"https:\/\/api.w.org\/{rel}","templated":true}]}}