{"id":19288,"date":"2022-08-17T10:29:55","date_gmt":"2022-08-17T10:29:55","guid":{"rendered":"https:\/\/tthcompany.ma\/?post_type=product&#038;p=19288"},"modified":"2022-08-17T10:30:05","modified_gmt":"2022-08-17T10:30:05","slug":"ipc-hfw2431sp-s-s2","status":"publish","type":"product","link":"https:\/\/tthcompany.ma\/index.php\/product\/ipc-hfw2431sp-s-s2\/","title":{"rendered":"IPC-HFW2431SP-S-S2"},"content":{"rendered":"<table id=\"table001\" class=\"NEW-TABLE TableOverride-1 tab-drag\" style=\"width: 179%;\">\n<tbody>\n<tr>\n<td style=\"width: 337.162%;\" colspan=\"60\"><span style=\"color: #333333;\"><strong>Cam\u00e9ra<\/strong><\/span><\/td>\n<\/tr>\n<tr>\n<td style=\"width: 8.04054%;\" colspan=\"18\">Capteur d&#8217;image<\/td>\n<td style=\"width: 329.122%;\" colspan=\"42\">CMOS progressif 1\/3 &#8220;4 m\u00e9gapixels<\/td>\n<\/tr>\n<tr>\n<td style=\"width: 8.04054%;\" colspan=\"18\">Pixels efficaces<\/td>\n<td style=\"width: 329.122%;\" colspan=\"42\">2688 (H) \u00d7 1520 (V)<\/td>\n<\/tr>\n<tr>\n<td style=\"width: 8.04054%;\" colspan=\"18\">ROM<\/td>\n<td style=\"width: 329.122%;\" colspan=\"42\">128 Mo<\/td>\n<\/tr>\n<tr>\n<td style=\"width: 8.04054%;\" colspan=\"18\">RAM<\/td>\n<td style=\"width: 329.122%;\" colspan=\"42\">128 Mo<\/td>\n<\/tr>\n<tr>\n<td style=\"width: 8.04054%;\" colspan=\"18\">Syst\u00e8me de num\u00e9risation<\/td>\n<td style=\"width: 329.122%;\" colspan=\"42\">Progressive<\/td>\n<\/tr>\n<tr>\n<td style=\"width: 8.04054%;\" colspan=\"18\">Vitesse d&#8217;obturation \u00e9lectronique<\/td>\n<td style=\"width: 329.122%;\" colspan=\"42\">Auto \/ Manuel 1\/3 s \u2013 1\/100000 s<\/td>\n<\/tr>\n<tr>\n<td style=\"width: 8.04054%;\" colspan=\"18\">Min.\u00a0\u00c9clairage<\/td>\n<td style=\"width: 329.122%;\" colspan=\"42\">0,008 Lux@F1,6<\/td>\n<\/tr>\n<tr>\n<td style=\"width: 8.04054%;\" colspan=\"18\">Distance IR<\/td>\n<td style=\"width: 329.122%;\" colspan=\"42\">30 m (98,43 pieds)<\/td>\n<\/tr>\n<tr>\n<td style=\"width: 8.04054%;\" colspan=\"18\">Contr\u00f4le marche \/ arr\u00eat IR<\/td>\n<td style=\"width: 329.122%;\" colspan=\"42\">Auto \/ Manuel<\/td>\n<\/tr>\n<tr>\n<td style=\"width: 8.04054%;\" colspan=\"18\">Num\u00e9ro des LED IR<\/td>\n<td style=\"width: 329.122%;\" colspan=\"42\">1<\/td>\n<\/tr>\n<tr>\n<td style=\"width: 8.04054%;\" colspan=\"18\">Plage de panoramique \/ inclinaison \/ rotation<\/td>\n<td style=\"width: 329.122%;\" colspan=\"42\">Horizontal: 0 \u00b0 \u2013360 \u00b0<br \/>\nVertical: 0 \u00b0 \u201390 \u00b0<br \/>\nRotation: 0 \u00b0 \u2013360 \u00b0<\/td>\n<\/tr>\n<tr>\n<td style=\"width: 337.162%;\" colspan=\"60\">\n<h4>Lentille<\/h4>\n<\/td>\n<\/tr>\n<tr>\n<td style=\"width: 8.04054%;\" colspan=\"18\">Type de lentille<\/td>\n<td style=\"width: 329.122%;\" colspan=\"42\">Fix\u00e9<\/td>\n<\/tr>\n<tr>\n<td style=\"width: 8.04054%;\" colspan=\"18\">Type de montage<\/td>\n<td style=\"width: 329.122%;\" colspan=\"42\">M12<\/td>\n<\/tr>\n<tr>\n<td style=\"width: 8.04054%;\" colspan=\"18\">Distance focale<\/td>\n<td style=\"width: 329.122%;\" colspan=\"42\">2,8 mm<br \/>\n3,6 mm<\/td>\n<\/tr>\n<tr>\n<td style=\"width: 8.04054%;\" colspan=\"18\">Max.\u00a0Ouverture<\/td>\n<td style=\"width: 329.122%;\" colspan=\"42\">F1.6<br \/>\nF1.6<\/td>\n<\/tr>\n<tr>\n<td style=\"width: 8.04054%;\" colspan=\"18\">Champ de vision<\/td>\n<td style=\"width: 329.122%;\" colspan=\"42\">2,8 mm:<br \/>\nHorizonal\u00a0:\u00a0102,0 \u00b0<br \/>\nVerticale: 55,0 \u00b0<br \/>\nDiagonale: 121,0 \u00b0<br \/>\n3,6 mm:<br \/>\nHorizontale: 84,0 \u00b0<br \/>\nVerticale: 45,0 \u00b0<br \/>\nDiagonale: 100,0 \u00b0<\/td>\n<\/tr>\n<tr>\n<td style=\"width: 8.04054%;\" colspan=\"18\">Type d&#8217;iris<\/td>\n<td style=\"width: 329.122%;\" colspan=\"42\">Ouverture fixe<\/td>\n<\/tr>\n<tr>\n<td style=\"width: 8.04054%;\" colspan=\"18\">Distance de mise au point rapproch\u00e9e<\/td>\n<td style=\"width: 329.122%;\" colspan=\"42\">2,8 mm: 0,9 m (2,95 pieds)<br \/>\n3,6 mm: 1,6 m (3,61 pieds)<\/td>\n<\/tr>\n<tr>\n<td style=\"width: 8.04054%;\" colspan=\"18\" rowspan=\"3\">Distance DORI<\/td>\n<td style=\"width: 21.7568%;\" colspan=\"8\">Lentille<\/td>\n<td style=\"width: 37.9054%;\" colspan=\"8\">D\u00e9tecter<\/td>\n<td style=\"width: 68.2432%;\" colspan=\"8\">Observer<\/td>\n<td style=\"width: 122.297%;\" colspan=\"8\">Reconna\u00eetre<\/td>\n<td style=\"width: 78.9189%;\" colspan=\"10\">Identifier<\/td>\n<\/tr>\n<tr>\n<td style=\"width: 21.7568%;\" colspan=\"8\">2,8 mm<\/td>\n<td style=\"width: 37.9054%;\" colspan=\"8\">56 m (183,73 pieds)<\/td>\n<td style=\"width: 68.2432%;\" colspan=\"8\">22,4 m<\/p>\n<p>(73,49 pi)<\/td>\n<td style=\"width: 122.297%;\" colspan=\"8\">11,2 m<\/p>\n<p>(36,75 pi)<\/td>\n<td style=\"width: 78.9189%;\" colspan=\"10\">5,6 m<\/p>\n<p>(18,37 pi)<\/td>\n<\/tr>\n<tr>\n<td style=\"width: 21.7568%;\" colspan=\"8\">3,6 mm<\/td>\n<td style=\"width: 37.9054%;\" colspan=\"8\">80 m (262,47 pieds)<\/td>\n<td style=\"width: 68.2432%;\" colspan=\"8\">32,0 m (104,99 pieds)<\/td>\n<td style=\"width: 122.297%;\" colspan=\"8\">16,0 m<\/p>\n<p>(52,49 pi)<\/td>\n<td style=\"width: 78.9189%;\" colspan=\"10\">8,0 m<\/p>\n<p>(26,25 pi)<\/td>\n<\/tr>\n<tr>\n<td style=\"width: 337.162%;\" colspan=\"60\">\n<h4>\u00c9v\u00e9nement intelligent<\/h4>\n<\/td>\n<\/tr>\n<tr>\n<td style=\"width: 8.04054%;\" colspan=\"18\">Analyse IVS g\u00e9n\u00e9rale<\/td>\n<td style=\"width: 329.122%;\" colspan=\"42\">Intrusion;\u00a0fil de voyage<\/td>\n<\/tr>\n<tr>\n<td style=\"width: 337.162%;\" colspan=\"60\">\n<h4>Vid\u00e9o<\/h4>\n<\/td>\n<\/tr>\n<tr>\n<td style=\"width: 8.04054%;\" colspan=\"18\">Compression de vid\u00e9o<\/td>\n<td style=\"width: 329.122%;\" colspan=\"42\">H.265;\u00a0H.264;\u00a0H.264B;\u00a0MJPEG<\/td>\n<\/tr>\n<tr>\n<td style=\"width: 8.04054%;\" colspan=\"18\">Codec intelligent<\/td>\n<td style=\"width: 329.122%;\" colspan=\"42\">Oui<\/td>\n<\/tr>\n<tr>\n<td style=\"width: 8.04054%;\" colspan=\"18\">Frame rate vid\u00e9o<\/td>\n<td style=\"width: 329.122%;\" colspan=\"42\">Courant dominant:<\/p>\n<p>2688 \u00d7 1520 (1 ips-20 ips)<\/p>\n<p>2560 \u00d7 1440 (1 ips-25\/30 ips)<\/p>\n<p>Sous-flux:<\/p>\n<p>704 \u00d7 576 (1 ips-25 ips)<\/p>\n<p>704 \u00d7 480 (1 ips-30 ips)<\/td>\n<\/tr>\n<tr>\n<td style=\"width: 8.04054%;\" colspan=\"18\">Capacit\u00e9 de flux<\/td>\n<td style=\"width: 329.122%;\" colspan=\"42\">2 flux<\/td>\n<\/tr>\n<tr>\n<td style=\"width: 8.04054%;\" colspan=\"18\">R\u00e9solution<\/td>\n<td style=\"width: 329.122%;\" colspan=\"42\">2688 \u00d7 1520 (2688 \u00d7 1520);\u00a02560 \u00d7 1440 (2560 \u00d7 1440);\u00a02304 \u00d7 1296 (2304 \u00d7 1296);\u00a01080p (1920 \u00d7 1080);\u00a01,3 M (1 280 \u00d7 960);\u00a0720p (1280 \u00d7 720);\u00a0D1 (704 \u00d7 576\/704 \u00d7 480);\u00a0VGA (640 \u00d7 480);\u00a0CIF (352 \u00d7 288\/352 \u00d7 240)<\/td>\n<\/tr>\n<tr>\n<td style=\"width: 8.04054%;\" colspan=\"18\">Contr\u00f4le du d\u00e9bit binaire<\/td>\n<td style=\"width: 329.122%;\" colspan=\"42\">CBR \/ VBR<\/td>\n<\/tr>\n<tr>\n<td style=\"width: 8.04054%;\" colspan=\"18\">Bitrate vid\u00e9o<\/td>\n<td style=\"width: 329.122%;\" colspan=\"42\">H.264: 32 Kbps \u00e0 6144 Kbps<br \/>\nH.265: 12 Kbps \u00e0 6144 Kbps<\/td>\n<\/tr>\n<tr>\n<td style=\"width: 8.04054%;\" colspan=\"18\">Jour Nuit<\/td>\n<td style=\"width: 329.122%;\" colspan=\"42\">Auto (ICR) \/ Couleur \/ N \/ B<\/td>\n<\/tr>\n<tr>\n<td style=\"width: 8.04054%;\" colspan=\"18\">BLC<\/td>\n<td style=\"width: 329.122%;\" colspan=\"42\">Oui<\/td>\n<\/tr>\n<tr>\n<td style=\"width: 8.04054%;\" colspan=\"18\">HLC<\/td>\n<td style=\"width: 329.122%;\" colspan=\"42\">Oui<\/td>\n<\/tr>\n<tr>\n<td style=\"width: 8.04054%;\" colspan=\"18\">WDR<\/td>\n<td style=\"width: 329.122%;\" colspan=\"42\">120 dB<\/td>\n<\/tr>\n<tr>\n<td style=\"width: 8.04054%;\" colspan=\"18\">Balance des blancs<\/td>\n<td style=\"width: 329.122%;\" colspan=\"42\">Auto \/ naturel \/ lampadaire \/ ext\u00e9rieur \/ manuel \/ personnalis\u00e9 r\u00e9gional<\/td>\n<\/tr>\n<tr>\n<td style=\"width: 8.04054%;\" colspan=\"18\">Prendre le contr\u00f4le<\/td>\n<td style=\"width: 329.122%;\" colspan=\"42\">Auto \/ Manuel<\/td>\n<\/tr>\n<tr>\n<td style=\"width: 8.04054%;\" colspan=\"18\">R\u00e9duction de bruit<\/td>\n<td style=\"width: 329.122%;\" colspan=\"42\">DNR 3D<\/td>\n<\/tr>\n<tr>\n<td style=\"width: 8.04054%;\" colspan=\"18\">D\u00e9tection de mouvement<\/td>\n<td style=\"width: 329.122%;\" colspan=\"42\">OFF \/ ON (4 zones, rectangulaire)<\/td>\n<\/tr>\n<tr>\n<td style=\"width: 8.04054%;\" colspan=\"18\">R\u00e9gion d&#8217;int\u00e9r\u00eat (RoI)<\/td>\n<td style=\"width: 329.122%;\" colspan=\"42\">Oui (4 zones)<\/td>\n<\/tr>\n<tr>\n<td style=\"width: 8.04054%;\" colspan=\"18\">IR intelligent<\/td>\n<td style=\"width: 329.122%;\" colspan=\"42\">Oui<\/td>\n<\/tr>\n<tr>\n<td style=\"width: 8.04054%;\" colspan=\"18\">Rotation d&#8217;image<\/td>\n<td style=\"width: 329.122%;\" colspan=\"42\">0 \u00b0 \/ 90 \u00b0 \/ 180 \u00b0 \/ 270 \u00b0 (prend en charge 90 \u00b0 \/ 270 \u00b0 avec une r\u00e9solution de 1080p.)<\/td>\n<\/tr>\n<tr>\n<td style=\"width: 8.04054%;\" colspan=\"18\">Miroir<\/td>\n<td style=\"width: 329.122%;\" colspan=\"42\">Oui<\/td>\n<\/tr>\n<tr>\n<td style=\"width: 8.04054%;\" colspan=\"18\">Masquage de confidentialit\u00e9<\/td>\n<td style=\"width: 329.122%;\" colspan=\"42\">4 zones<\/td>\n<\/tr>\n<tr>\n<td style=\"width: 337.162%;\" colspan=\"60\">\n<h4>R\u00e9seau<\/h4>\n<\/td>\n<\/tr>\n<tr>\n<td style=\"width: 8.04054%;\" colspan=\"18\">R\u00e9seau<\/td>\n<td style=\"width: 329.122%;\" colspan=\"42\">RJ-45 (10\/100 Base-T)<\/td>\n<\/tr>\n<tr>\n<td style=\"width: 8.04054%;\" colspan=\"18\">Protocole<\/td>\n<td style=\"width: 329.122%;\" colspan=\"42\">IPv4;\u00a0IPv6;\u00a0HTTP;\u00a0HTTPS;\u00a0TCP;\u00a0UDP;\u00a0ARP;\u00a0RTP;\u00a0RTSP;\u00a0RTCP;\u00a0RTMP;\u00a0SMTP;\u00a0FTP;\u00a0SFTP;\u00a0DHCP;\u00a0DNS;\u00a0DDNS;\u00a0QoS;\u00a0UPnP;\u00a0NTP;\u00a0Multidiffusion;\u00a0ICMP;\u00a0IGMP;\u00a0NFS;\u00a0PPPoE;\u00a0802.1x;\u00a0Bonjour<\/td>\n<\/tr>\n<tr>\n<td style=\"width: 8.04054%;\" colspan=\"18\">Interop\u00e9rabilit\u00e9<\/td>\n<td style=\"width: 329.122%;\" colspan=\"42\">ONVIF (Profil S \/ Profil G); CGI; P2P; Milestone; Genetec<\/td>\n<\/tr>\n<tr>\n<td style=\"width: 8.04054%;\" colspan=\"18\">Utilisateur \/ h\u00f4te<\/td>\n<td style=\"width: 329.122%;\" colspan=\"42\">20<\/td>\n<\/tr>\n<tr>\n<td style=\"width: 8.04054%;\" colspan=\"18\">Stockage Edge<\/td>\n<td style=\"width: 329.122%;\" colspan=\"42\">Nuage;\u00a0FTP;\u00a0SFTP;\u00a0Carte Micro SD (prise en charge max. 256 Go);\u00a0NAS<\/td>\n<\/tr>\n<tr>\n<td style=\"width: 8.04054%;\" colspan=\"18\">Navigateur<\/td>\n<td style=\"width: 329.122%;\" colspan=\"42\">IE<br \/>\nChrome<br \/>\nFirefox<\/td>\n<\/tr>\n<tr>\n<td style=\"width: 8.04054%;\" colspan=\"18\">Logiciel de gestion<\/td>\n<td style=\"width: 329.122%;\" colspan=\"42\">Smart PSS;\u00a0DSS;\u00a0DMSS<\/td>\n<\/tr>\n<tr>\n<td style=\"width: 8.04054%;\" colspan=\"18\">T\u00e9l\u00e9phone portable<\/td>\n<td style=\"width: 329.122%;\" colspan=\"42\">IOS;\u00a0Android<\/td>\n<\/tr>\n<tr>\n<td style=\"width: 337.162%;\" colspan=\"60\">\n<h4>Certification<\/h4>\n<\/td>\n<\/tr>\n<tr>\n<td style=\"width: 8.04054%;\" colspan=\"18\">Certifications<\/td>\n<td style=\"width: 329.122%;\" colspan=\"42\">CE-LVD: EN60950-1<br \/>\nCE-EMC: Directive de compatibilit\u00e9 \u00e9lectromagn\u00e9tique\u00a02014\/30\u00a0\/ EU<br \/>\nFCC: 47 CFR FCC Part 15, Subpart B<br \/>\nUL \/ CUL: UL60950-1 CAN \/ CSA C22.2 No.60950-1-07<\/td>\n<\/tr>\n<tr>\n<td style=\"width: 337.162%;\" colspan=\"60\">\n<h4>Puissance<\/h4>\n<\/td>\n<\/tr>\n<tr>\n<td style=\"width: 8.04054%;\" colspan=\"18\">Source de courant<\/td>\n<td style=\"width: 329.122%;\" colspan=\"42\">12 V CC \/ PoE (802.3af)<\/td>\n<\/tr>\n<tr>\n<td style=\"width: 8.04054%;\" colspan=\"18\">Consommation d&#8217;\u00e9nergie<\/td>\n<td style=\"width: 329.122%;\" colspan=\"42\">&lt;5 W<\/td>\n<\/tr>\n<tr>\n<td style=\"width: 337.162%;\" colspan=\"60\">\n<h4>Environnement<\/h4>\n<\/td>\n<\/tr>\n<tr>\n<td style=\"width: 8.04054%;\" colspan=\"18\">Des conditions de fonctionnement<\/td>\n<td style=\"width: 329.122%;\" colspan=\"42\">-40 \u00b0 C \u00e0 + 60 \u00b0 C (-40 \u00b0 F \u00e0 + 140 \u00b0 F) \/ moins de \u2264 95%<\/td>\n<\/tr>\n<tr>\n<td style=\"width: 8.04054%;\" colspan=\"18\">Temp\u00e9rature de stockage<\/td>\n<td style=\"width: 329.122%;\" colspan=\"42\">-40 \u00b0 C \u00e0 + 60 \u00b0 C (-40 \u00b0 F \u00e0 + 140 \u00b0 F)<\/td>\n<\/tr>\n<tr>\n<td style=\"width: 8.04054%;\" colspan=\"18\">Classe de protection<\/td>\n<td style=\"width: 329.122%;\" colspan=\"42\">IP67<\/td>\n<\/tr>\n<tr>\n<td style=\"width: 337.162%;\" colspan=\"60\">\n<h4>Structure<\/h4>\n<\/td>\n<\/tr>\n<tr>\n<td style=\"width: 8.04054%;\" colspan=\"18\">Enveloppe<\/td>\n<td style=\"width: 329.122%;\" colspan=\"42\">M\u00e9tal<\/td>\n<\/tr>\n<tr>\n<td style=\"width: 8.04054%;\" colspan=\"18\">Dimensions<\/td>\n<td style=\"width: 329.122%;\" colspan=\"42\">166,2 mm \u00d7 \u03a670 mm (6,54 &#8220;\u00d7 \u03a62,76&#8221;)<\/td>\n<\/tr>\n<tr>\n<td style=\"width: 8.04054%;\" colspan=\"18\">Poids net<\/td>\n<td style=\"width: 329.122%;\" colspan=\"42\">0,48 kg (1,1 livre)<\/td>\n<\/tr>\n<tr>\n<td style=\"width: 8.04054%;\" colspan=\"18\">Poids brut<\/td>\n<td style=\"width: 329.122%;\" colspan=\"42\">0,57 kg (1,3 livre)<\/td>\n<\/tr>\n<\/tbody>\n<\/table>\n","protected":false},"excerpt":{"rendered":"<p class=\"text\" data-v-2aedf454=\"\" data-gtm-vis-has-fired-10552706_181=\"1\" data-gtm-vis-has-fired-10552706_195=\"1\" data-gtm-vis-recent-on-screen-10552706_196=\"14374\" data-gtm-vis-first-on-screen-10552706_196=\"14374\" data-gtm-vis-total-visible-time-10552706_196=\"100\" data-gtm-vis-has-fired-10552706_196=\"1\" data-gtm-vis-recent-on-screen-10552706_184=\"14376\" data-gtm-vis-first-on-screen-10552706_184=\"14376\" data-gtm-vis-total-visible-time-10552706_184=\"100\" data-gtm-vis-has-fired-10552706_184=\"1\" data-gtm-vis-recent-on-screen-10552706_192=\"14387\" data-gtm-vis-first-on-screen-10552706_192=\"14387\" data-gtm-vis-total-visible-time-10552706_192=\"100\" data-gtm-vis-has-fired-10552706_192=\"1\" data-gtm-vis-recent-on-screen-10552706_217=\"14389\" data-gtm-vis-first-on-screen-10552706_217=\"14389\" data-gtm-vis-total-visible-time-10552706_217=\"100\" data-gtm-vis-has-fired-10552706_217=\"1\" data-gtm-vis-recent-on-screen-10552706_194=\"14390\" data-gtm-vis-first-on-screen-10552706_194=\"14390\" data-gtm-vis-total-visible-time-10552706_194=\"100\" data-gtm-vis-has-fired-10552706_194=\"1\" data-gtm-vis-recent-on-screen-10552706_193=\"14396\" data-gtm-vis-first-on-screen-10552706_193=\"14396\" data-gtm-vis-total-visible-time-10552706_193=\"100\" data-gtm-vis-has-fired-10552706_193=\"1\"><span style=\"color: #000000;\"><strong>Cam\u00e9ra r\u00e9seau Bullet IR 4MP WDR<\/strong><\/span><\/p>\n<div data-v-2aedf454=\"\">\n<ul>\n<li>4MP, capteur d&#8217;image CMOS 1\/3 \u201d, faible \u00e9clairement, haute d\u00e9finition d&#8217;image<\/li>\n<li>Sorties 4MP (2560 \u00d7 1440) \u00e0 25 \/ 30fps, max. prend en charge 4MP (2688 \u00d7 1520) \u00e0 20 ips<\/li>\n<li>Codec H.265, taux de compression \u00e9lev\u00e9, d\u00e9bit binaire ultra-bas<\/li>\n<li>LED IR int\u00e9gr\u00e9e, distance IR maximale: 30 m<\/li>\n<li>ROI, SMART H.264 \/ H.265, codage flexible, applicable \u00e0 divers environnements de bande passante et de stockage<\/li>\n<li>Mode de rotation, WDR, 3D DNR, HLC, BLC, filigrane num\u00e9rique, applicable \u00e0 diverses sc\u00e8nes de surveillance<\/li>\n<li>D\u00e9tection intelligente: intrusion, tripwire<\/li>\n<li>D\u00e9tection d&#8217;anomalies: d\u00e9tection de mouvement, sabotage vid\u00e9o, pas de carte SD, carte SD pleine, erreur de carte SD, r\u00e9seau d\u00e9connect\u00e9, conflit IP, acc\u00e8s ill\u00e9gal, d\u00e9tection de tension<\/li>\n<li>Prend en charge max. Carte Micro SD de 256 Go<\/li>\n<li>Prise en charge de l&#8217;alimentation 12V DC \/ PoE<\/li>\n<li>Degr\u00e9 de protection IP67<\/li>\n<\/ul>\n<p><img decoding=\"async\" class=\"alignnone size-medium wp-image-5301\" src=\"http:\/\/tthcompany.com\/wp-content\/uploads\/2020\/10\/IPC-HFW2431S-S-S2-300x32.png\" alt=\"IPC-HFW2431S-S-S2\" width=\"300\" height=\"32\" \/><\/p>\n<\/div>\n","protected":false},"featured_media":18907,"comment_status":"open","ping_status":"closed","template":"","meta":{"om_disable_all_campaigns":false,"_monsterinsights_skip_tracking":false,"_monsterinsights_sitenote_active":false,"_monsterinsights_sitenote_note":"","_monsterinsights_sitenote_category":0},"product_cat":[304,319,303,302,465],"product_tag":[],"class_list":{"0":"post-19288","1":"product","2":"type-product","3":"status-publish","4":"has-post-thumbnail","6":"product_cat-camera-fixe","7":"product_cat-cameras-4mp-camera-fixe","8":"product_cat-cameras-ip","9":"product_cat-produits-ip","10":"product_cat-serie-lite-cameras-4mp-camera-fixe","12":"first","13":"instock","14":"shipping-taxable","15":"purchasable","16":"product-type-simple","17":"add-to-wishlist-after_add_to_cart"},"aioseo_notices":[],"_links":{"self":[{"href":"https:\/\/tthcompany.ma\/index.php\/wp-json\/wp\/v2\/product\/19288","targetHints":{"allow":["GET"]}}],"collection":[{"href":"https:\/\/tthcompany.ma\/index.php\/wp-json\/wp\/v2\/product"}],"about":[{"href":"https:\/\/tthcompany.ma\/index.php\/wp-json\/wp\/v2\/types\/product"}],"replies":[{"embeddable":true,"href":"https:\/\/tthcompany.ma\/index.php\/wp-json\/wp\/v2\/comments?post=19288"}],"wp:featuredmedia":[{"embeddable":true,"href":"https:\/\/tthcompany.ma\/index.php\/wp-json\/wp\/v2\/media\/18907"}],"wp:attachment":[{"href":"https:\/\/tthcompany.ma\/index.php\/wp-json\/wp\/v2\/media?parent=19288"}],"wp:term":[{"taxonomy":"product_cat","embeddable":true,"href":"https:\/\/tthcompany.ma\/index.php\/wp-json\/wp\/v2\/product_cat?post=19288"},{"taxonomy":"product_tag","embeddable":true,"href":"https:\/\/tthcompany.ma\/index.php\/wp-json\/wp\/v2\/product_tag?post=19288"}],"curies":[{"name":"wp","href":"https:\/\/api.w.org\/{rel}","templated":true}]}}