{"id":19279,"date":"2022-08-17T10:29:54","date_gmt":"2022-08-17T10:29:54","guid":{"rendered":"https:\/\/tthcompany.ma\/?post_type=product&#038;p=19279"},"modified":"2023-09-26T10:20:42","modified_gmt":"2023-09-26T10:20:42","slug":"cue-2","status":"publish","type":"product","link":"https:\/\/tthcompany.ma\/index.php\/product\/cue-2\/","title":{"rendered":"Cue 2"},"content":{"rendered":"<table class=\"fpDescTb fpDescTbPub\">\n<tbody>\n<tr>\n<th colspan=\"2\">Informations g\u00e9n\u00e9rales sur le produit<\/th>\n<\/tr>\n<tr>\n<td>Nom du produit<\/td>\n<td>IMOU Cam\u00e9ra IP Cue 2<\/td>\n<\/tr>\n<tr>\n<td>Cat\u00e9gorie<\/td>\n<td>CAM\u00c9RA IP<\/td>\n<\/tr>\n<tr>\n<td>R\u00e9f\u00e9rence<\/td>\n<td>IPC-C22EP-imou<\/td>\n<\/tr>\n<tr>\n<th colspan=\"2\">Informations sur le produit<\/th>\n<\/tr>\n<tr>\n<td>Objet connect\u00e9<\/td>\n<td>Oui<\/td>\n<\/tr>\n<tr>\n<th colspan=\"2\">G\u00e9n\u00e9ral<\/th>\n<\/tr>\n<tr>\n<td>Type de p\u00e9riph\u00e9rique<\/td>\n<td>Cam\u00e9ra de surveillance r\u00e9seau<\/td>\n<\/tr>\n<tr>\n<td>Technologie de connectivit\u00e9<\/td>\n<td>Sans fil<\/td>\n<\/tr>\n<tr>\n<td>Largeur<\/td>\n<td>6.6 cm<\/td>\n<\/tr>\n<tr>\n<td>Profondeur<\/td>\n<td>3.3 cm<\/td>\n<\/tr>\n<tr>\n<td>Hauteur<\/td>\n<td>10.9 cm<\/td>\n<\/tr>\n<tr>\n<td>Poids<\/td>\n<td>102.7 g<\/td>\n<\/tr>\n<tr>\n<td>Prise en charge audio<\/td>\n<td>Oui: haut-parleur int\u00e9gr\u00e9, fonctionnalit\u00e9 audio bidirectionnelle, microphone int\u00e9gr\u00e9<\/td>\n<\/tr>\n<tr>\n<th colspan=\"2\">Cam\u00e9ra<\/th>\n<\/tr>\n<tr>\n<td>Type<\/td>\n<td>Couleur &#8211; Jour et nuit &#8211; fix\u00e9<\/td>\n<\/tr>\n<tr>\n<td>R\u00e9solution vid\u00e9o num\u00e9rique max.<\/td>\n<td>1920 x 1080<\/td>\n<\/tr>\n<tr>\n<td>Zoom num\u00e9rique<\/td>\n<td>16<\/td>\n<\/tr>\n<tr>\n<td>Caract\u00e9ristiques<\/td>\n<td>Fonction alarme, balayage progressif, prise en charge ONVIF, Event Notification, bouton de r\u00e9initialisation, Region of Interest (ROI), sir\u00e8ne int\u00e9gr\u00e9e, enregistrement sur le cloud, d\u00e9tection d&#8217;humain, notification instantan\u00e9e<\/td>\n<\/tr>\n<tr>\n<td>Format de vid\u00e9o num\u00e9rique<\/td>\n<td>H.264, H.265<\/td>\n<\/tr>\n<tr>\n<td>Voyants infrarouge<\/td>\n<td>Oui<\/td>\n<\/tr>\n<tr>\n<td>Distance d&#8217;infrarouge<\/td>\n<td>10 m<\/td>\n<\/tr>\n<tr>\n<td>Modes vid\u00e9o<\/td>\n<td>1080p<\/td>\n<\/tr>\n<tr>\n<td>D\u00e9tection des mouvements<\/td>\n<td>Oui<\/td>\n<\/tr>\n<tr>\n<td>R\u00e9solution de la capture vid\u00e9o num\u00e9rique<\/td>\n<td>1920 x 1080<\/td>\n<\/tr>\n<tr>\n<td>Taux de trame (max)<\/td>\n<td>30 images\/s<\/td>\n<\/tr>\n<tr>\n<th colspan=\"2\">Capteur d&#8217;images<\/th>\n<\/tr>\n<tr>\n<td>Type<\/td>\n<td>2 MP PS CMOS 1\/2.7&#8243;<\/td>\n<\/tr>\n<tr>\n<th colspan=\"2\">Structure de l&#8217;objectif<\/th>\n<\/tr>\n<tr>\n<td>Type<\/td>\n<td>Focale fixe<\/td>\n<\/tr>\n<tr>\n<td>Distance focale<\/td>\n<td>2.8 mm<\/td>\n<\/tr>\n<tr>\n<td>Champ de vue horizontal (degr\u00e9)<\/td>\n<td>112<\/td>\n<\/tr>\n<tr>\n<td>Champ de vue vertical (degr\u00e9)<\/td>\n<td>58<\/td>\n<\/tr>\n<tr>\n<td>Champ de vision diagonal (degr\u00e9s)<\/td>\n<td>131<\/td>\n<\/tr>\n<tr>\n<th colspan=\"2\">Extension\/connectivit\u00e9<\/th>\n<\/tr>\n<tr>\n<td>Cartes m\u00e9moire prises en charge<\/td>\n<td>Carte microSD, carte microSDHC, carte microSDXC<\/td>\n<\/tr>\n<tr>\n<th colspan=\"2\">Interfaces<\/th>\n<\/tr>\n<tr>\n<td>Interface r\u00e9seau<\/td>\n<td>IEEE 802.11b, IEEE 802.11g, IEEE 802.11n<\/td>\n<\/tr>\n<tr>\n<th colspan=\"2\">Logiciels \/ Configuration requise<\/th>\n<\/tr>\n<tr>\n<td>Syst\u00e8me d&#8217;exploitation requis<\/td>\n<td>Android, Apple iOS<\/td>\n<\/tr>\n<tr>\n<th colspan=\"2\">Alimentation<\/th>\n<\/tr>\n<tr>\n<td>Alimentation requise<\/td>\n<td>CC 5 V &#8211; 1 A<\/td>\n<\/tr>\n<tr>\n<td>P\u00e9riph\u00e9rique d&#8217;alimentation<\/td>\n<td>Adaptateur secteur &#8211; externe 3.1 Watt<\/td>\n<\/tr>\n<tr>\n<th colspan=\"2\">Divers<\/th>\n<\/tr>\n<tr>\n<td>Accessoires inclus<\/td>\n<td>Support de fixation, paquet de vis, mousse de montage<\/td>\n<\/tr>\n<tr>\n<td>Normes de conformit\u00e9<\/td>\n<td>FCC<\/td>\n<\/tr>\n<\/tbody>\n<\/table>\n","protected":false},"excerpt":{"rendered":"<h1><span style=\"color: #000000; font-size: 10pt; font-family: georgia, palatino, serif;\"><strong>IPC-C22EP \/ Cam\u00e9ra Imou IP WiFi compacte IPC-C22EP-IMOU<\/strong><\/span><\/h1>\n<div class=\"tab-content\">\n<div class=\"std\">\n<ul>\n<li>1\/2.7\u201d Progressive Scan CMOS 2.1 Megapixel<\/li>\n<li>Codage double H.265 \/ H.264 \/ MJPEG<\/li>\n<li>Max 25\/30fps@1080P FULL HD (1920 \u00d7 1080p)<\/li>\n<li>Distance IR 10 m\u00e8tres<\/li>\n<li>Angle de vision super large 131\u00b0<\/li>\n<li>Application de support cloud IMOU<\/li>\n<li>Prise en charge Wi-Fi (IEEE 802.11 b \/ g \/ n)<\/li>\n<li>Carte Micro SD, jusqu&#8217;\u00e0 256 Go<\/li>\n<li>Micro et haut-parleur int\u00e9gr\u00e9s<\/li>\n<li>Sir\u00e8ne int\u00e9gr\u00e9e, faites fuir les \u00e9trangers ind\u00e9sirables<\/li>\n<li>DC 5V 2A<\/li>\n<\/ul>\n<\/div>\n<\/div>\n","protected":false},"featured_media":19307,"comment_status":"open","ping_status":"closed","template":"","meta":{"om_disable_all_campaigns":false,"_monsterinsights_skip_tracking":false,"_monsterinsights_sitenote_active":false,"_monsterinsights_sitenote_note":"","_monsterinsights_sitenote_category":0},"product_cat":[743,742,303,302],"product_tag":[1093],"class_list":{"0":"post-19279","1":"product","2":"type-product","3":"status-publish","4":"has-post-thumbnail","6":"product_cat-2mp-imou","7":"product_cat-cameras-imou","8":"product_cat-cameras-ip","9":"product_cat-produits-ip","10":"product_tag-onstuck","11":"ts_product_brand-imou","13":"first","14":"instock","15":"shipping-taxable","16":"purchasable","17":"product-type-simple","18":"add-to-wishlist-after_add_to_cart"},"aioseo_notices":[],"_links":{"self":[{"href":"https:\/\/tthcompany.ma\/index.php\/wp-json\/wp\/v2\/product\/19279","targetHints":{"allow":["GET"]}}],"collection":[{"href":"https:\/\/tthcompany.ma\/index.php\/wp-json\/wp\/v2\/product"}],"about":[{"href":"https:\/\/tthcompany.ma\/index.php\/wp-json\/wp\/v2\/types\/product"}],"replies":[{"embeddable":true,"href":"https:\/\/tthcompany.ma\/index.php\/wp-json\/wp\/v2\/comments?post=19279"}],"wp:featuredmedia":[{"embeddable":true,"href":"https:\/\/tthcompany.ma\/index.php\/wp-json\/wp\/v2\/media\/19307"}],"wp:attachment":[{"href":"https:\/\/tthcompany.ma\/index.php\/wp-json\/wp\/v2\/media?parent=19279"}],"wp:term":[{"taxonomy":"product_cat","embeddable":true,"href":"https:\/\/tthcompany.ma\/index.php\/wp-json\/wp\/v2\/product_cat?post=19279"},{"taxonomy":"product_tag","embeddable":true,"href":"https:\/\/tthcompany.ma\/index.php\/wp-json\/wp\/v2\/product_tag?post=19279"}],"curies":[{"name":"wp","href":"https:\/\/api.w.org\/{rel}","templated":true}]}}