{"id":19249,"date":"2022-08-17T10:29:41","date_gmt":"2022-08-17T10:29:41","guid":{"rendered":"https:\/\/tthcompany.ma\/?post_type=product&#038;p=19249"},"modified":"2024-07-09T16:23:24","modified_gmt":"2024-07-09T16:23:24","slug":"ipc-hfw1239s1p-led-s","status":"publish","type":"product","link":"https:\/\/tthcompany.ma\/index.php\/product\/ipc-hfw1239s1p-led-s\/","title":{"rendered":"IPC-HFW1239S1P-LED-S"},"content":{"rendered":"<div class=\"small-desc\">\n<div class=\"prod-description\">\n<div class=\"panel2\">\n<div>\n<ul>\n<li>2MP, capteur d&#8217;image CMOS 1 \/ 2,7 &#8220;3,6 mm, faible \u00e9clairement, haute d\u00e9finition d&#8217;image<\/li>\n<li>Sorties max.\u00a02MP (1920 \u00d7 1080) \u00e0 25\/30 ips<\/li>\n<li>Codec H.265, taux de compression \u00e9lev\u00e9, d\u00e9bit binaire ultra-bas<\/li>\n<li>LED int\u00e9gr\u00e9es, distance LED maximale: 15 m<\/li>\n<li>ROI, SMART H.264 \/ H.265, codage flexible, applicable \u00e0 divers environnements de bande passante et de stockage<\/li>\n<li>Mode de rotation, DWDR, 3D DNR, HLC, BLC, filigrane num\u00e9rique, applicable \u00e0 diverses sc\u00e8nes de surveillance<\/li>\n<li>D\u00e9tection d&#8217;anomalies: d\u00e9tection de mouvement, sabotage vid\u00e9o, d\u00e9connexion r\u00e9seau, conflit IP, acc\u00e8s ill\u00e9gal<\/li>\n<li>Prise en charge de l&#8217;alimentation 12 V CC \/ PoE<\/li>\n<li>Protection IP67<\/li>\n<\/ul>\n<\/div>\n<\/div>\n<\/div>\n<\/div>\n","protected":false},"excerpt":{"rendered":"<h1><span style=\"color: #000000; font-size: 10pt; font-family: georgia, palatino, serif;\"><strong>Cam\u00e9ra r\u00e9seau Bullet \u00e0 focale fixe couleur 2MP Lite<\/strong><\/span><\/h1>\n<ul>\n<li>2MP, capteur d&#8217;image CMOS 1 \/ 2,7 &#8220;, faible \u00e9clairement, haute d\u00e9finition d&#8217;image<\/li>\n<li>Sorties max. 2MP (1920 \u00d7 1080) \u00e0 25\/30 ips<\/li>\n<li>Codec H.265, taux de compression \u00e9lev\u00e9, d\u00e9bit binaire ultra-bas<\/li>\n<li>LED int\u00e9gr\u00e9es, distance LED maximale: 15 m<\/li>\n<li>ROI, SMART H.264 \/ H.265, codage flexible, applicable \u00e0 divers bande passante et environnements de stockage<\/li>\n<li>Mode de rotation, DWDR, 3D DNR, HLC, BLC, filigrane num\u00e9rique, applicable \u00e0 diverses sc\u00e8nes de surveillance<\/li>\n<li>D\u00e9tection d&#8217;anomalies: d\u00e9tection de mouvement, sabotage vid\u00e9o, d\u00e9connexion r\u00e9seau, conflit IP, acc\u00e8s ill\u00e9gal<\/li>\n<li>Prise en charge de l&#8217;alimentation 12 V CC \/ PoE<\/li>\n<li>Protection IP67<\/li>\n<\/ul>\n","protected":false},"featured_media":19271,"comment_status":"open","ping_status":"closed","template":"","meta":{"om_disable_all_campaigns":false,"_monsterinsights_skip_tracking":false,"_monsterinsights_sitenote_active":false,"_monsterinsights_sitenote_note":"","_monsterinsights_sitenote_category":0},"product_cat":[782,303,781,302],"product_tag":[],"class_list":{"0":"post-19249","1":"product","2":"type-product","3":"status-publish","4":"has-post-thumbnail","6":"product_cat-2mp-full-color-full-color-cameras-ip","7":"product_cat-cameras-ip","8":"product_cat-full-color-cameras-ip","9":"product_cat-produits-ip","11":"first","12":"instock","13":"shipping-taxable","14":"purchasable","15":"product-type-simple","16":"add-to-wishlist-after_add_to_cart"},"aioseo_notices":[],"_links":{"self":[{"href":"https:\/\/tthcompany.ma\/index.php\/wp-json\/wp\/v2\/product\/19249","targetHints":{"allow":["GET"]}}],"collection":[{"href":"https:\/\/tthcompany.ma\/index.php\/wp-json\/wp\/v2\/product"}],"about":[{"href":"https:\/\/tthcompany.ma\/index.php\/wp-json\/wp\/v2\/types\/product"}],"replies":[{"embeddable":true,"href":"https:\/\/tthcompany.ma\/index.php\/wp-json\/wp\/v2\/comments?post=19249"}],"wp:featuredmedia":[{"embeddable":true,"href":"https:\/\/tthcompany.ma\/index.php\/wp-json\/wp\/v2\/media\/19271"}],"wp:attachment":[{"href":"https:\/\/tthcompany.ma\/index.php\/wp-json\/wp\/v2\/media?parent=19249"}],"wp:term":[{"taxonomy":"product_cat","embeddable":true,"href":"https:\/\/tthcompany.ma\/index.php\/wp-json\/wp\/v2\/product_cat?post=19249"},{"taxonomy":"product_tag","embeddable":true,"href":"https:\/\/tthcompany.ma\/index.php\/wp-json\/wp\/v2\/product_tag?post=19249"}],"curies":[{"name":"wp","href":"https:\/\/api.w.org\/{rel}","templated":true}]}}