{"id":19247,"date":"2022-08-17T10:29:41","date_gmt":"2022-08-17T10:29:41","guid":{"rendered":"https:\/\/tthcompany.ma\/?post_type=product&#038;p=19247"},"modified":"2023-09-26T11:10:58","modified_gmt":"2023-09-26T11:10:58","slug":"ipc-hfw1230sp","status":"publish","type":"product","link":"https:\/\/tthcompany.ma\/index.php\/product\/ipc-hfw1230sp\/","title":{"rendered":"IPC-HFW1230SP"},"content":{"rendered":"<div id=\"div_left\">\n<div class=\"div-drop\">\n<table id=\"table001\" class=\"NEW-TABLE TableOverride-1 tab-drag\" style=\"width: 100%;\">\n<tbody>\n<tr>\n<td style=\"width: 506.167%;\" colspan=\"60\">\n<h2><span style=\"font-size: 14pt;\">Cam\u00e9ra<\/span><\/h2>\n<\/td>\n<\/tr>\n<tr>\n<td style=\"width: 20.919%;\" colspan=\"18\">Capteur d&#8217;image<\/td>\n<td style=\"width: 485.248%;\" colspan=\"42\">CMOS progressif 1 \/ 2,7 &#8220;2 m\u00e9gapixels<\/td>\n<\/tr>\n<tr>\n<td style=\"width: 20.919%;\" colspan=\"18\">Pixels efficaces<\/td>\n<td style=\"width: 485.248%;\" colspan=\"42\">1920 (H) x1080 (V)<\/td>\n<\/tr>\n<tr>\n<td style=\"width: 20.919%;\" colspan=\"18\">RAM \/ ROM<\/td>\n<td style=\"width: 485.248%;\" colspan=\"42\">256 Mo \/ 32 Mo<\/td>\n<\/tr>\n<tr>\n<td style=\"width: 20.919%;\" colspan=\"18\">Syst\u00e8me de num\u00e9risation<\/td>\n<td style=\"width: 485.248%;\" colspan=\"42\">Progressive<\/td>\n<\/tr>\n<tr>\n<td style=\"width: 20.919%;\" colspan=\"18\">Vitesse d&#8217;obturation \u00e9lectronique<\/td>\n<td style=\"width: 485.248%;\" colspan=\"42\">Auto \/ Manuel, 1\/3 ~ 1 \/ 100000s<\/td>\n<\/tr>\n<tr>\n<td style=\"width: 20.919%;\" colspan=\"18\">Illumination minimum<\/td>\n<td style=\"width: 485.248%;\" colspan=\"42\">0.08Lux \/ F2.0 (couleur, 1\/3 s, 30 IRE)<\/p>\n<p>0.3Lux \/ F2.0 (couleur, 1 \/ 30s, 30IRE)<\/p>\n<p>0Lux \/ F2.0 (IR activ\u00e9)<\/td>\n<\/tr>\n<tr>\n<td style=\"width: 20.919%;\" colspan=\"18\">Rapport S \/ N<\/td>\n<td style=\"width: 485.248%;\" colspan=\"42\">Plus de 50 dB<\/td>\n<\/tr>\n<tr>\n<td style=\"width: 20.919%;\" colspan=\"18\">Distance IR<\/td>\n<td style=\"width: 485.248%;\" colspan=\"42\">Distance jusqu&#8217;\u00e0 30 m (98 pieds)<\/td>\n<\/tr>\n<tr>\n<td style=\"width: 20.919%;\" colspan=\"18\">Contr\u00f4le marche \/ arr\u00eat IR<\/td>\n<td style=\"width: 485.248%;\" colspan=\"42\">Auto \/ Manuel<\/td>\n<\/tr>\n<tr>\n<td style=\"width: 20.919%;\" colspan=\"18\">LED IR<\/td>\n<td style=\"width: 485.248%;\" colspan=\"42\">18<\/td>\n<\/tr>\n<tr>\n<td style=\"width: 506.167%;\" colspan=\"60\">\n<h2><span style=\"font-size: 14pt;\">Lentille<\/span><\/h2>\n<\/td>\n<\/tr>\n<tr>\n<td style=\"width: 20.919%;\" colspan=\"18\">Type de lentille<\/td>\n<td style=\"width: 485.248%;\" colspan=\"42\">Fix\u00e9<\/td>\n<\/tr>\n<tr>\n<td style=\"width: 20.919%;\" colspan=\"18\">Type de montage<\/td>\n<td style=\"width: 485.248%;\" colspan=\"42\">Embarquement<\/td>\n<\/tr>\n<tr>\n<td style=\"width: 20.919%;\" colspan=\"18\">Distance focale<\/td>\n<td style=\"width: 485.248%;\" colspan=\"42\">2,8 mm (3,6 mm en option)<\/td>\n<\/tr>\n<tr>\n<td style=\"width: 20.919%;\" colspan=\"18\">Max.\u00a0Ouverture<\/td>\n<td style=\"width: 485.248%;\" colspan=\"42\">F2.0 \/ F2.0<\/td>\n<\/tr>\n<tr>\n<td style=\"width: 20.919%;\" colspan=\"18\">Angle de vue<\/td>\n<td style=\"width: 485.248%;\" colspan=\"42\">H: 104 \u00b0 \/ 92 \u00b0, V: 55 \u00b0 \/ 50 \u00b0<\/td>\n<\/tr>\n<tr>\n<td style=\"width: 20.919%;\" colspan=\"18\">Contr\u00f4le de la mise au point<\/td>\n<td style=\"width: 485.248%;\" colspan=\"42\">Fix\u00e9<\/td>\n<\/tr>\n<tr>\n<td style=\"width: 20.919%;\" colspan=\"18\">Distance de mise au point rapproch\u00e9e<\/td>\n<td style=\"width: 485.248%;\" colspan=\"42\">0,6 m (0,9 m)<\/td>\n<\/tr>\n<tr>\n<td style=\"width: 20.919%;\" colspan=\"18\" rowspan=\"3\">Distance DORI<\/td>\n<td style=\"width: 52.237%;\" colspan=\"8\">Lentille<\/td>\n<td style=\"width: 81.0157%;\" colspan=\"8\">D\u00e9tecter<\/td>\n<td style=\"width: 116.566%;\" colspan=\"8\">Observer<\/td>\n<td style=\"width: 150.544%;\" colspan=\"8\">Reconna\u00eetre<\/td>\n<td style=\"width: 84.8851%;\" colspan=\"10\">Identifier<\/td>\n<\/tr>\n<tr>\n<td style=\"width: 52.237%;\" colspan=\"8\">2,8 mm<\/td>\n<td style=\"width: 81.0157%;\" colspan=\"8\">40 (131 pieds)<\/td>\n<td style=\"width: 116.566%;\" colspan=\"8\">16 (52 pieds)<\/td>\n<td style=\"width: 150.544%;\" colspan=\"8\">8 (26 pieds)<\/td>\n<td style=\"width: 84.8851%;\" colspan=\"10\">4 (13 pieds)<\/td>\n<\/tr>\n<tr>\n<td style=\"width: 52.237%;\" colspan=\"8\">3,6 mm<\/td>\n<td style=\"width: 81.0157%;\" colspan=\"8\">53 (174 pieds)<\/td>\n<td style=\"width: 116.566%;\" colspan=\"8\">21 (69 pieds)<\/td>\n<td style=\"width: 150.544%;\" colspan=\"8\">11 (36 pieds)<\/td>\n<td style=\"width: 84.8851%;\" colspan=\"10\">5 (16 pieds)<\/td>\n<\/tr>\n<tr>\n<td style=\"width: 506.167%;\" colspan=\"60\">\n<h2><span style=\"font-size: 14pt;\">PTZ<\/span><\/h2>\n<\/td>\n<\/tr>\n<tr>\n<td style=\"width: 20.919%;\" colspan=\"18\">Pan \/ Tilt Range<\/td>\n<td style=\"width: 485.248%;\" colspan=\"42\">Pan: 0 \u00b0 ~ 360 \u00b0; Inclinaison: 0 \u00b0 ~ 90 \u00b0; Rotation: 0 \u00b0 ~ 360 \u00b0<\/td>\n<\/tr>\n<tr>\n<td style=\"width: 506.167%;\" colspan=\"60\">\n<h2><span style=\"font-size: 14pt;\">Intelligence<\/span><\/h2>\n<\/td>\n<\/tr>\n<tr>\n<td style=\"width: 20.919%;\" colspan=\"18\">D\u00e9clencheur d&#8217;\u00e9v\u00e9nement<\/td>\n<td style=\"width: 485.248%;\" colspan=\"42\">D\u00e9tection de mouvement, sabotage vid\u00e9o, changement de sc\u00e8ne, d\u00e9connexion du r\u00e9seau, conflit d&#8217;adresse IP, acc\u00e8s ill\u00e9gal, anomalie de stockage<\/td>\n<\/tr>\n<tr>\n<td style=\"width: 20.919%;\" colspan=\"18\">IVS<\/td>\n<td style=\"width: 485.248%;\" colspan=\"42\">Tripwire, intrusion<\/td>\n<\/tr>\n<tr>\n<td style=\"width: 506.167%;\" colspan=\"60\">\n<h2><span style=\"font-size: 14pt;\">Vid\u00e9o<\/span><\/h2>\n<\/td>\n<\/tr>\n<tr>\n<td style=\"width: 20.919%;\" colspan=\"18\">Compression<\/td>\n<td style=\"width: 485.248%;\" colspan=\"42\">H.265 \/ H.264H \/ MJPEG (sous-flux)<\/td>\n<\/tr>\n<tr>\n<td style=\"width: 20.919%;\" colspan=\"18\">Codec intelligent<\/td>\n<td style=\"width: 485.248%;\" colspan=\"42\">Prise en charge de H.265 + \/ H.264 +<\/td>\n<\/tr>\n<tr>\n<td style=\"width: 20.919%;\" colspan=\"18\">Capacit\u00e9 de streaming<\/td>\n<td style=\"width: 485.248%;\" colspan=\"42\">2 flux<\/td>\n<\/tr>\n<tr>\n<td style=\"width: 20.919%;\" colspan=\"18\">R\u00e9solution<\/td>\n<td style=\"width: 485.248%;\" colspan=\"42\">1080P (1920 \u00d7 1080) \/ 1,3 M (1280 \u00d7 960) \/<\/p>\n<p>720P (1280 \u00d7 720) \/ D1 (704 \u00d7 576\/704 \u00d7 480) \/ VGA (640 \u00d7 480) \/ CIF (352 \u00d7 288\/352 \u00d7 240)<\/td>\n<\/tr>\n<tr>\n<td style=\"width: 20.919%;\" colspan=\"18\" rowspan=\"2\">Fr\u00e9quence d&#8217;images<\/td>\n<td style=\"width: 485.248%;\" colspan=\"42\">Flux principal: 1080P (1 ~ 25 \/ 30fps)<\/td>\n<\/tr>\n<tr>\n<td style=\"width: 485.248%;\" colspan=\"42\">Sous-flux: D1 (1 ~ 25 \/ 30fps)<\/td>\n<\/tr>\n<tr>\n<td style=\"width: 20.919%;\" colspan=\"18\">Contr\u00f4le du d\u00e9bit binaire<\/td>\n<td style=\"width: 485.248%;\" colspan=\"42\">CBR \/ VBR<\/td>\n<\/tr>\n<tr>\n<td style=\"width: 20.919%;\" colspan=\"18\">D\u00e9bit binaire<\/td>\n<td style=\"width: 485.248%;\" colspan=\"42\">H.265: 12K ~ 6400Kbps<\/p>\n<p>H.264: 32K ~ 10240Kbps<\/td>\n<\/tr>\n<\/tbody>\n<\/table>\n<\/div>\n<\/div>\n<div id=\"div_left\">\n<div class=\"div-drop\">\n<table id=\"table002\" class=\"NEW-TABLE TableOverride-1 tab-drag\">\n<tbody>\n<tr>\n<td colspan=\"18\">Jour Nuit<\/td>\n<td colspan=\"42\">Auto (ICR) \/ Couleur \/ N \/ B<\/td>\n<\/tr>\n<tr>\n<td colspan=\"18\">Mode BLC<\/td>\n<td colspan=\"42\">BLC \/ HLC \/ DWDR<\/td>\n<\/tr>\n<tr>\n<td colspan=\"18\">Balance des blancs<\/td>\n<td colspan=\"42\">Auto \/ Naturel \/ Lampadaire \/ Ext\u00e9rieur \/ Manuel<\/td>\n<\/tr>\n<tr>\n<td colspan=\"18\">Prendre le contr\u00f4le<\/td>\n<td colspan=\"42\">Auto \/ Manuel<\/td>\n<\/tr>\n<tr>\n<td colspan=\"18\">R\u00e9duction de bruit<\/td>\n<td colspan=\"42\">DNR 3D<\/td>\n<\/tr>\n<tr>\n<td colspan=\"18\">D\u00e9tection de mouvement<\/td>\n<td colspan=\"42\">Arr\u00eat \/ Marche (4 zones, rectangle)<\/td>\n<\/tr>\n<tr>\n<td colspan=\"18\">R\u00e9gion d&#8217;int\u00e9r\u00eat<\/td>\n<td colspan=\"42\">Arr\u00eat \/ Marche (4 zones)<\/td>\n<\/tr>\n<tr>\n<td colspan=\"18\">Image \u00e9lectronique<\/td>\n<td colspan=\"42\">Soutien<\/td>\n<\/tr>\n<tr>\n<td colspan=\"18\">IR intelligent<\/td>\n<td colspan=\"42\">Soutien<\/td>\n<\/tr>\n<tr>\n<td colspan=\"18\">Zoom num\u00e9rique<\/td>\n<td colspan=\"42\">16x<\/td>\n<\/tr>\n<tr>\n<td colspan=\"18\">Retourner<\/td>\n<td colspan=\"42\">0 \u00b0 \/ 90 \u00b0 \/ 180 \u00b0 \/ 270 \u00b0<\/td>\n<\/tr>\n<tr>\n<td colspan=\"18\">Miroir<\/td>\n<td colspan=\"42\">\u00c9teint allum\u00e9<\/td>\n<\/tr>\n<tr>\n<td colspan=\"18\">Masquage de confidentialit\u00e9<\/td>\n<td colspan=\"42\">Arr\u00eat \/ Marche (4 zones, rectangle)<\/td>\n<\/tr>\n<tr>\n<td colspan=\"60\">\n<h2><span style=\"font-size: 14pt;\">l&#8217;audio<\/span><\/h2>\n<\/td>\n<\/tr>\n<tr>\n<td colspan=\"18\">Compression<\/td>\n<td colspan=\"42\">N \/ A<\/td>\n<\/tr>\n<tr>\n<td colspan=\"60\">\n<h2><span style=\"font-size: 14pt;\">R\u00e9seau<\/span><\/h2>\n<\/td>\n<\/tr>\n<tr>\n<td colspan=\"18\">Ethernet<\/td>\n<td colspan=\"42\">RJ-45 (10 \/ 100Base-T)<\/td>\n<\/tr>\n<tr>\n<td colspan=\"18\">Protocole<\/td>\n<td colspan=\"42\">HTTP; HTTPs; TCP; ARP; RTSP; RTP; RTCP; UDP; SMTP;<\/p>\n<p>FTP; DHCP; DNS; DDNS; PPPoE; IPv4 \/ v6; QoS; UPnP;<\/p>\n<p>NTP; Bonjour; IEEE 802.1x; Multidiffusion; ICMP; IGMP;<\/p>\n<p>TLS<\/td>\n<\/tr>\n<tr>\n<td colspan=\"18\">Interop\u00e9rabilit\u00e9<\/td>\n<td colspan=\"42\">Profil ONVIF S&amp;G, API<\/td>\n<\/tr>\n<tr>\n<td colspan=\"18\">M\u00e9thode de streaming<\/td>\n<td colspan=\"42\">Monodiffusion \/ Multidiffusion<\/td>\n<\/tr>\n<tr>\n<td colspan=\"18\">Max.\u00a0Acc\u00e8s utilisateur<\/td>\n<td colspan=\"42\">10 utilisateurs \/ 20 utilisateurs<\/td>\n<\/tr>\n<tr>\n<td colspan=\"18\">Stockage Edge<\/td>\n<td colspan=\"42\">NAS<\/p>\n<p>PC local pour un enregistrement instantan\u00e9<\/td>\n<\/tr>\n<tr>\n<td colspan=\"18\">Visionneuse Web<\/td>\n<td colspan=\"42\">IE, Chrome, Firefox, Safari<\/td>\n<\/tr>\n<tr>\n<td colspan=\"18\">Logiciel de gestion<\/td>\n<td colspan=\"42\">Smart PSS, DSS, DMSS<\/td>\n<\/tr>\n<tr>\n<td colspan=\"18\">T\u00e9l\u00e9phone intelligent<\/td>\n<td colspan=\"42\">IOS, Android<\/td>\n<\/tr>\n<tr>\n<td colspan=\"60\">\n<h2><span style=\"font-size: 14pt;\">Certifications<\/span><\/h2>\n<\/td>\n<\/tr>\n<tr>\n<td colspan=\"18\">Certifications<\/td>\n<td colspan=\"42\">CE (EN 60950: 2000)<\/p>\n<p>UL: UL60950-1<\/p>\n<p>FCC: FCC partie 15 sous-partie B<\/td>\n<\/tr>\n<tr>\n<td colspan=\"60\">\n<h2><span style=\"font-size: 14pt;\">Interface<\/span><\/h2>\n<\/td>\n<\/tr>\n<tr>\n<td colspan=\"18\">Interface vid\u00e9o<\/td>\n<td colspan=\"42\">N \/ A<\/td>\n<\/tr>\n<tr>\n<td colspan=\"18\">Interface audio<\/td>\n<td colspan=\"42\">N \/ A<\/td>\n<\/tr>\n<tr>\n<td colspan=\"18\">RS485<\/td>\n<td colspan=\"42\">N \/ A<\/td>\n<\/tr>\n<tr>\n<td colspan=\"18\">Alarme<\/td>\n<td colspan=\"42\">N \/ A<\/td>\n<\/tr>\n<tr>\n<td colspan=\"60\">\n<h2><span style=\"font-size: 14pt;\">\u00c9lectrique<\/span><\/h2>\n<\/td>\n<\/tr>\n<tr>\n<td colspan=\"18\">Source de courant<\/td>\n<td colspan=\"42\">DC12V\u00a0<span lang=\"zh-CN\">,\u00a0<\/span>PoE (802.3af) (Classe 0)<\/td>\n<\/tr>\n<tr>\n<td colspan=\"18\">Consommation d&#8217;\u00e9nergie<\/td>\n<td colspan=\"42\">&lt;5,5 W<\/td>\n<\/tr>\n<\/tbody>\n<\/table>\n<\/div>\n<\/div>\n<div id=\"div_left\">\n<div class=\"div-drop\">\n<table id=\"table003\" class=\"NEW-TABLE TableOverride-1 tab-drag\">\n<tbody>\n<tr>\n<td colspan=\"60\">\n<h2><span style=\"font-size: 14pt;\">Environnement<\/span><\/h2>\n<\/td>\n<\/tr>\n<tr>\n<td colspan=\"18\">Des conditions de fonctionnement<\/td>\n<td colspan=\"42\">-30 \u00b0 C ~ + 60 \u00b0 C (-22 \u00b0 F ~ + 140 \u00b0 F) \/ Moins de 95% HR<\/td>\n<\/tr>\n<tr>\n<td colspan=\"18\">Conditions de stockage<\/td>\n<td colspan=\"42\">-30 \u00b0 C ~ + 60 \u00b0 C (-22 \u00b0 F ~ + 140 \u00b0 F) \/ Moins de 95% HR<\/td>\n<\/tr>\n<tr>\n<td colspan=\"18\">Protection contre la p\u00e9n\u00e9tration<\/td>\n<td colspan=\"42\">IP67<\/td>\n<\/tr>\n<tr>\n<td colspan=\"18\">R\u00e9sistance au vandalisme<\/td>\n<td colspan=\"42\">N \/ A<\/td>\n<\/tr>\n<tr>\n<td colspan=\"60\">\n<h2><span style=\"font-size: 14pt;\">Construction<\/span><\/h2>\n<\/td>\n<\/tr>\n<tr>\n<td colspan=\"18\">Enveloppe<\/td>\n<td colspan=\"42\">M\u00e9tal + plastique<\/td>\n<\/tr>\n<tr>\n<td colspan=\"18\">Dimensions<\/td>\n<td colspan=\"42\">\u03a670 mm \u00d7 164,7 mm (2,76 &#8220; x 6,49 &#8221;)<\/td>\n<\/tr>\n<tr>\n<td colspan=\"18\">Poids net<\/td>\n<td colspan=\"42\">0,38 kg (0,84 livre)<\/td>\n<\/tr>\n<tr>\n<td colspan=\"18\">Poids brut<\/td>\n<td colspan=\"42\">0,44 kg (0,97 livre)<\/td>\n<\/tr>\n<\/tbody>\n<\/table>\n<\/div>\n<\/div>\n","protected":false},"excerpt":{"rendered":"<h1><span style=\"color: #000000; font-family: georgia, palatino, serif;\"><strong><span style=\"font-size: 10pt;\">Cam\u00e9ra r\u00e9seau Mini-Bullet IR 2MP<\/span><\/strong><\/span><\/h1>\n<ul>\n<li>CMOS progressif 1 \/ 2,7 \u201d2 m\u00e9gapixels<\/li>\n<li>Codage double flux H.265 et H.264<\/li>\n<li>25 \/ 30fps @ 1080P (1920 \u00d7 1080)<\/li>\n<li>DWDR, jour \/ nuit (ICR), 3DNR, AWB, AGC, BLC<\/li>\n<li>R\u00e9seau multiple surveillance: visionneuse Web, CMS (DSS \/ PSS) et DMSS<\/li>\n<li>Objectif fixe 2,8 mm ( 3,6 mm en option)<\/li>\n<li>Longueur max LED IR 30m<\/li>\n<li>IP67, PoE<\/li>\n<\/ul>\n<p><img decoding=\"async\" class=\"alignnone size-medium wp-image-5234\" src=\"http:\/\/tthcompany.com\/wp-content\/uploads\/2019\/03\/camera-ip-2mp-300x32.png\" alt=\"camera ip 2mp dahua\" width=\"300\" height=\"32\" \/><\/p>\n","protected":false},"featured_media":19270,"comment_status":"open","ping_status":"closed","template":"","meta":{"om_disable_all_campaigns":false,"_monsterinsights_skip_tracking":false,"_monsterinsights_sitenote_active":false,"_monsterinsights_sitenote_note":"","_monsterinsights_sitenote_category":0},"product_cat":[304,305,303,302,440],"product_tag":[1093],"class_list":{"0":"post-19247","1":"product","2":"type-product","3":"status-publish","4":"has-post-thumbnail","6":"product_cat-camera-fixe","7":"product_cat-cameras-2mp-camera-fixe","8":"product_cat-cameras-ip","9":"product_cat-produits-ip","10":"product_cat-serie-lite","11":"product_tag-onstuck","12":"ts_product_brand-dahua","14":"first","15":"instock","16":"shipping-taxable","17":"purchasable","18":"product-type-simple","19":"add-to-wishlist-after_add_to_cart"},"aioseo_notices":[],"_links":{"self":[{"href":"https:\/\/tthcompany.ma\/index.php\/wp-json\/wp\/v2\/product\/19247","targetHints":{"allow":["GET"]}}],"collection":[{"href":"https:\/\/tthcompany.ma\/index.php\/wp-json\/wp\/v2\/product"}],"about":[{"href":"https:\/\/tthcompany.ma\/index.php\/wp-json\/wp\/v2\/types\/product"}],"replies":[{"embeddable":true,"href":"https:\/\/tthcompany.ma\/index.php\/wp-json\/wp\/v2\/comments?post=19247"}],"wp:featuredmedia":[{"embeddable":true,"href":"https:\/\/tthcompany.ma\/index.php\/wp-json\/wp\/v2\/media\/19270"}],"wp:attachment":[{"href":"https:\/\/tthcompany.ma\/index.php\/wp-json\/wp\/v2\/media?parent=19247"}],"wp:term":[{"taxonomy":"product_cat","embeddable":true,"href":"https:\/\/tthcompany.ma\/index.php\/wp-json\/wp\/v2\/product_cat?post=19247"},{"taxonomy":"product_tag","embeddable":true,"href":"https:\/\/tthcompany.ma\/index.php\/wp-json\/wp\/v2\/product_tag?post=19247"}],"curies":[{"name":"wp","href":"https:\/\/api.w.org\/{rel}","templated":true}]}}