{"id":19235,"date":"2022-08-17T10:29:40","date_gmt":"2022-08-17T10:29:40","guid":{"rendered":"https:\/\/tthcompany.ma\/?post_type=product&#038;p=19235"},"modified":"2024-02-08T10:41:06","modified_gmt":"2024-02-08T10:41:06","slug":"dhl22-l200","status":"publish","type":"product","link":"https:\/\/tthcompany.ma\/index.php\/product\/dhl22-l200\/","title":{"rendered":"DHL22-L200"},"content":{"rendered":"<div id=\"div_left\">\n<div class=\"div-drop\">\n<table id=\"table001\" class=\"NEW-TABLE TableOverride-1 tab-drag\">\n<tbody>\n<tr>\n<td colspan=\"60\">Model<\/td>\n<\/tr>\n<tr>\n<td colspan=\"18\">Model<\/td>\n<td colspan=\"42\">DHL22-L200<\/td>\n<\/tr>\n<tr>\n<td colspan=\"60\">Display<\/td>\n<\/tr>\n<tr>\n<td colspan=\"18\">Screen Size<\/td>\n<td colspan=\"42\">21.5&#8243;<\/td>\n<\/tr>\n<tr>\n<td colspan=\"18\">Aspect Ratio<\/td>\n<td colspan=\"42\">16:9<\/td>\n<\/tr>\n<tr>\n<td colspan=\"18\">Resolution<\/td>\n<td colspan=\"42\">1920\u00d71080(FHD)<\/td>\n<\/tr>\n<tr>\n<td colspan=\"18\">Backlight<\/td>\n<td colspan=\"42\">LED<\/td>\n<\/tr>\n<tr>\n<td colspan=\"18\">Brightness\/Luminance<\/td>\n<td colspan=\"42\">250cd\/<span lang=\"zh-CN\">\u33a1<\/span><\/td>\n<\/tr>\n<tr>\n<td colspan=\"18\">Contrast Ratio<\/td>\n<td colspan=\"42\">1000:1<\/td>\n<\/tr>\n<tr>\n<td colspan=\"18\">Display Color<\/td>\n<td colspan=\"42\">16.7M(8bit)<\/td>\n<\/tr>\n<tr>\n<td colspan=\"18\">Viewing Angle(H\/V)<\/td>\n<td colspan=\"42\">170\u00b0(H)\/160\u00b0(V)<\/td>\n<\/tr>\n<tr>\n<td colspan=\"18\">Response time<\/td>\n<td colspan=\"42\">5ms<\/td>\n<\/tr>\n<tr>\n<td colspan=\"18\">Refresh Rate<\/td>\n<td colspan=\"42\">60Hz<\/td>\n<\/tr>\n<tr>\n<td colspan=\"60\">Signals<\/td>\n<\/tr>\n<tr>\n<td colspan=\"18\">Input<\/td>\n<td colspan=\"42\">VGA(D-Sub)\u00d71, HDMI\u00d71<\/td>\n<\/tr>\n<tr>\n<td colspan=\"60\">General<\/td>\n<\/tr>\n<tr>\n<td colspan=\"18\">Power Supply<\/td>\n<td colspan=\"42\">DC 12V<\/td>\n<\/tr>\n<\/tbody>\n<\/table>\n<\/div>\n<\/div>\n<div id=\"div_left\">\n<div class=\"div-drop\">\n<table id=\"table002\" class=\"NEW-TABLE TableOverride-1 tab-drag\">\n<tbody>\n<tr>\n<td colspan=\"18\">Consumption (Standard)<\/td>\n<td colspan=\"42\">20W<\/td>\n<\/tr>\n<tr>\n<td colspan=\"18\">Consumption (Standby)<\/td>\n<td colspan=\"42\">\u22640.5W<\/td>\n<\/tr>\n<tr>\n<td colspan=\"18\">Type<\/td>\n<td colspan=\"42\">External<\/td>\n<\/tr>\n<tr>\n<td colspan=\"18\">Net Weight<\/td>\n<td colspan=\"42\">2.6kg (5.7lb)<\/td>\n<\/tr>\n<tr>\n<td colspan=\"18\">Gross Weight<\/td>\n<td colspan=\"42\">3.2kg (7.1lb)<\/td>\n<\/tr>\n<tr>\n<td colspan=\"18\">VESA<\/td>\n<td colspan=\"42\">100\u00d7100mm (3.9&#8243;\u00d73.9&#8243;)<\/td>\n<\/tr>\n<tr>\n<td colspan=\"18\">Dimension without base<\/p>\n<p>(W\u00d7H\u00d7D)<\/td>\n<td colspan=\"42\">507.3\u00d7306.4\u00d733.0mm (20&#8243;\u00d712.1&#8243;\u00d71.3&#8243;)<\/td>\n<\/tr>\n<tr>\n<td colspan=\"18\">Package(W\u00d7H\u00d7D)<\/td>\n<td colspan=\"42\">556\u00d7383\u00d7126mm (21.9&#8243;\u00d715.0&#8243;\u00d75.0&#8243;)<\/td>\n<\/tr>\n<tr>\n<td colspan=\"18\" rowspan=\"2\">Work Environment<\/td>\n<td colspan=\"21\">Temperature<\/td>\n<td colspan=\"21\">0\u2103~40\u2103\u00a0(32\u00b0F~104\u00b0F)<\/td>\n<\/tr>\n<tr>\n<td colspan=\"21\">Humidity<\/td>\n<td colspan=\"21\">20%~85%<\/td>\n<\/tr>\n<tr>\n<td colspan=\"60\">Accessory<\/td>\n<\/tr>\n<tr>\n<td colspan=\"18\">Standard<\/td>\n<td colspan=\"42\">HDMI cable, power adapter, pedestal<\/td>\n<\/tr>\n<tr>\n<td colspan=\"60\">Certifications<\/td>\n<\/tr>\n<tr>\n<td colspan=\"18\">Certifications<\/td>\n<td colspan=\"42\">CE\/FCC<\/td>\n<\/tr>\n<\/tbody>\n<\/table>\n<\/div>\n<\/div>\n","protected":false},"excerpt":{"rendered":"<h1><span style=\"color: #000000; font-family: georgia, palatino, serif;\"><strong><span style=\"font-size: 10pt;\"><strong>Moniteur FHD \/ Ecran 21,5 &#8221;<\/strong><\/span><\/strong><\/span><\/h1>\n<ul>\n<li>Panneau LCD de niveau industriel, adapt\u00e9 pour un fonctionnement continu 24\/7<\/li>\n<li>Bo\u00eetier en plastique l\u00e9ger et \u00e9conomique<\/li>\n<li>R\u00e9solution physique de 1920 \u00d7 1080<\/li>\n<li>Traitement num\u00e9rique haute fid\u00e9lit\u00e9 pour une vid\u00e9o brillante et vivante<\/li>\n<li>5 ms temps de r\u00e9ponse rapide sans flou ni image fant\u00f4me<\/li>\n<li>Bonne compatibilit\u00e9 avec les DVR et NVR<\/li>\n<\/ul>\n","protected":false},"featured_media":19258,"comment_status":"open","ping_status":"closed","template":"","meta":{"om_disable_all_campaigns":false,"_monsterinsights_skip_tracking":false,"_monsterinsights_sitenote_active":false,"_monsterinsights_sitenote_note":"","_monsterinsights_sitenote_category":0},"product_cat":[1263,550],"product_tag":[1267],"class_list":{"0":"post-19235","1":"product","2":"type-product","3":"status-publish","4":"has-post-thumbnail","6":"product_cat-moniteur-fhd","7":"product_cat-moniteurs-dahua","8":"product_tag-moniteur-fhd","10":"first","11":"instock","12":"shipping-taxable","13":"purchasable","14":"product-type-simple","15":"add-to-wishlist-after_add_to_cart"},"aioseo_notices":[],"_links":{"self":[{"href":"https:\/\/tthcompany.ma\/index.php\/wp-json\/wp\/v2\/product\/19235","targetHints":{"allow":["GET"]}}],"collection":[{"href":"https:\/\/tthcompany.ma\/index.php\/wp-json\/wp\/v2\/product"}],"about":[{"href":"https:\/\/tthcompany.ma\/index.php\/wp-json\/wp\/v2\/types\/product"}],"replies":[{"embeddable":true,"href":"https:\/\/tthcompany.ma\/index.php\/wp-json\/wp\/v2\/comments?post=19235"}],"wp:featuredmedia":[{"embeddable":true,"href":"https:\/\/tthcompany.ma\/index.php\/wp-json\/wp\/v2\/media\/19258"}],"wp:attachment":[{"href":"https:\/\/tthcompany.ma\/index.php\/wp-json\/wp\/v2\/media?parent=19235"}],"wp:term":[{"taxonomy":"product_cat","embeddable":true,"href":"https:\/\/tthcompany.ma\/index.php\/wp-json\/wp\/v2\/product_cat?post=19235"},{"taxonomy":"product_tag","embeddable":true,"href":"https:\/\/tthcompany.ma\/index.php\/wp-json\/wp\/v2\/product_tag?post=19235"}],"curies":[{"name":"wp","href":"https:\/\/api.w.org\/{rel}","templated":true}]}}