{"id":19230,"date":"2022-08-17T10:29:40","date_gmt":"2022-08-17T10:29:40","guid":{"rendered":"https:\/\/tthcompany.ma\/?post_type=product&#038;p=19230"},"modified":"2022-08-17T10:29:44","modified_gmt":"2022-08-17T10:29:44","slug":"lm22-f211","status":"publish","type":"product","link":"https:\/\/tthcompany.ma\/index.php\/product\/lm22-f211\/","title":{"rendered":"LM22-F211"},"content":{"rendered":"","protected":false},"excerpt":{"rendered":"<div class=\"desc\" data-v-11a542af=\"\">\n<p data-v-11a542af=\"\" data-gtm-vis-first-on-screen-10552706_184=\"744625\" data-gtm-vis-first-on-screen-10552706_217=\"744629\" data-gtm-vis-recent-on-screen-10552706_217=\"10829868\" data-gtm-vis-total-visible-time-10552706_217=\"100\" data-gtm-vis-has-fired-10552706_217=\"1\" data-gtm-vis-recent-on-screen-10552706_184=\"10829869\" data-gtm-vis-total-visible-time-10552706_184=\"100\" data-gtm-vis-has-fired-10552706_184=\"1\"><span style=\"font-size: 12pt; color: #000000;\"><strong>Moniteur FHD 21,5 &#8221;<\/strong><\/span><\/p>\n<\/div>\n<ul>\n<li data-gtm-vis-recent-on-screen-10552706_184=\"13439001\" data-gtm-vis-first-on-screen-10552706_184=\"13439001\" data-gtm-vis-total-visible-time-10552706_184=\"100\" data-gtm-vis-has-fired-10552706_184=\"1\" data-gtm-vis-recent-on-screen-10552706_217=\"13439006\" data-gtm-vis-first-on-screen-10552706_217=\"13439006\" data-gtm-vis-total-visible-time-10552706_217=\"100\" data-gtm-vis-has-fired-10552706_217=\"1\">Panneau LCD de niveau industriel, adapt\u00e9 pour un fonctionnement continu 24\/7<\/li>\n<li data-gtm-vis-recent-on-screen-10552706_184=\"13439001\" data-gtm-vis-first-on-screen-10552706_184=\"13439001\" data-gtm-vis-total-visible-time-10552706_184=\"100\" data-gtm-vis-has-fired-10552706_184=\"1\" data-gtm-vis-recent-on-screen-10552706_217=\"13439006\" data-gtm-vis-first-on-screen-10552706_217=\"13439006\" data-gtm-vis-total-visible-time-10552706_217=\"100\" data-gtm-vis-has-fired-10552706_217=\"1\">R\u00e9solution physique de 1920 \u00d7 1080<\/li>\n<li data-gtm-vis-recent-on-screen-10552706_184=\"13439001\" data-gtm-vis-first-on-screen-10552706_184=\"13439001\" data-gtm-vis-total-visible-time-10552706_184=\"100\" data-gtm-vis-has-fired-10552706_184=\"1\" data-gtm-vis-recent-on-screen-10552706_217=\"13439006\" data-gtm-vis-first-on-screen-10552706_217=\"13439006\" data-gtm-vis-total-visible-time-10552706_217=\"100\" data-gtm-vis-has-fired-10552706_217=\"1\">Traitement num\u00e9rique haute fid\u00e9lit\u00e9 pour une vid\u00e9o brillante et vivante<\/li>\n<li data-gtm-vis-recent-on-screen-10552706_184=\"13439001\" data-gtm-vis-first-on-screen-10552706_184=\"13439001\" data-gtm-vis-total-visible-time-10552706_184=\"100\" data-gtm-vis-has-fired-10552706_184=\"1\" data-gtm-vis-recent-on-screen-10552706_217=\"13439006\" data-gtm-vis-first-on-screen-10552706_217=\"13439006\" data-gtm-vis-total-visible-time-10552706_217=\"100\" data-gtm-vis-has-fired-10552706_217=\"1\">La conception ultra-\u00e9troite du cadre avec un angle de vision large de 178 \u00b0 \/ 178 \u00b0 am\u00e9liore votre vision open<\/li>\n<li data-gtm-vis-recent-on-screen-10552706_184=\"13439001\" data-gtm-vis-first-on-screen-10552706_184=\"13439001\" data-gtm-vis-total-visible-time-10552706_184=\"100\" data-gtm-vis-has-fired-10552706_184=\"1\" data-gtm-vis-recent-on-screen-10552706_217=\"13439006\" data-gtm-vis-first-on-screen-10552706_217=\"13439006\" data-gtm-vis-total-visible-time-10552706_217=\"100\" data-gtm-vis-has-fired-10552706_217=\"1\">Angle de base r\u00e9glable, angle d&#8217;inclinaison de -3,5 \u00b0 \u00e0 21,5 \u00b0<\/li>\n<li data-gtm-vis-recent-on-screen-10552706_184=\"13439001\" data-gtm-vis-first-on-screen-10552706_184=\"13439001\" data-gtm-vis-total-visible-time-10552706_184=\"100\" data-gtm-vis-has-fired-10552706_184=\"1\" data-gtm-vis-recent-on-screen-10552706_217=\"13439006\" data-gtm-vis-first-on-screen-10552706_217=\"13439006\" data-gtm-vis-total-visible-time-10552706_217=\"100\" data-gtm-vis-has-fired-10552706_217=\"1\">Haut-parleurs int\u00e9gr\u00e9s<\/li>\n<\/ul>\n<p><img decoding=\"async\" class=\"alignnone size-medium wp-image-5611\" src=\"http:\/\/tthcompany.com\/wp-content\/uploads\/2020\/10\/LM22-F211-300x32.png\" alt=\"\" width=\"300\" height=\"32\" \/><\/p>\n","protected":false},"featured_media":19256,"comment_status":"open","ping_status":"closed","template":"","meta":{"om_disable_all_campaigns":false,"_monsterinsights_skip_tracking":false,"_monsterinsights_sitenote_active":false,"_monsterinsights_sitenote_note":"","_monsterinsights_sitenote_category":0},"product_cat":[550],"product_tag":[],"class_list":{"0":"post-19230","1":"product","2":"type-product","3":"status-publish","4":"has-post-thumbnail","6":"product_cat-moniteurs-dahua","8":"first","9":"instock","10":"shipping-taxable","11":"purchasable","12":"product-type-simple","13":"add-to-wishlist-after_add_to_cart"},"aioseo_notices":[],"_links":{"self":[{"href":"https:\/\/tthcompany.ma\/index.php\/wp-json\/wp\/v2\/product\/19230","targetHints":{"allow":["GET"]}}],"collection":[{"href":"https:\/\/tthcompany.ma\/index.php\/wp-json\/wp\/v2\/product"}],"about":[{"href":"https:\/\/tthcompany.ma\/index.php\/wp-json\/wp\/v2\/types\/product"}],"replies":[{"embeddable":true,"href":"https:\/\/tthcompany.ma\/index.php\/wp-json\/wp\/v2\/comments?post=19230"}],"wp:featuredmedia":[{"embeddable":true,"href":"https:\/\/tthcompany.ma\/index.php\/wp-json\/wp\/v2\/media\/19256"}],"wp:attachment":[{"href":"https:\/\/tthcompany.ma\/index.php\/wp-json\/wp\/v2\/media?parent=19230"}],"wp:term":[{"taxonomy":"product_cat","embeddable":true,"href":"https:\/\/tthcompany.ma\/index.php\/wp-json\/wp\/v2\/product_cat?post=19230"},{"taxonomy":"product_tag","embeddable":true,"href":"https:\/\/tthcompany.ma\/index.php\/wp-json\/wp\/v2\/product_tag?post=19230"}],"curies":[{"name":"wp","href":"https:\/\/api.w.org\/{rel}","templated":true}]}}