{"id":19194,"date":"2022-08-17T10:29:17","date_gmt":"2022-08-17T10:29:17","guid":{"rendered":"https:\/\/tthcompany.ma\/?post_type=product&#038;p=19194"},"modified":"2022-08-17T10:29:37","modified_gmt":"2022-08-17T10:29:37","slug":"dhi-ktp01","status":"publish","type":"product","link":"https:\/\/tthcompany.ma\/index.php\/product\/dhi-ktp01\/","title":{"rendered":"DHI-KTP01"},"content":{"rendered":"","protected":false},"excerpt":{"rendered":"<h1><span style=\"color: #000000;\"><strong><span style=\"font-size: 10pt;\">Station ext\u00e9rieure IP Villa et moniteur int\u00e9rieur<\/span><\/strong><\/span><\/h1>\n<p><strong>Station Porte IP Villa<\/strong><\/p>\n<ul>\n<li>Cam\u00e9ra CMOS 2MP<\/li>\n<li>Bouton m\u00e9canique<\/li>\n<li>Vision nocturne et indicateur vocal<\/li>\n<li>Angle de vue 160 \u00b0<\/li>\n<li>Appel de groupe<\/li>\n<li>Plaque en alliage d&#8217;aluminium<\/li>\n<li>IK07 &amp; IP65 (Appliquez du gel de silice sur les espaces entre l&#8217;appareil et le mur. Le silicate de sodium liquide est recommand\u00e9. Pour plus de d\u00e9tails, voir le guide de d\u00e9marrage rapide.)<\/li>\n<li>Montage en surface et encastr\u00e9<\/li>\n<li>Support PoE standard<\/li>\n<\/ul>\n<p data-gtm-vis-recent-on-screen-10552706_184=\"5659\" data-gtm-vis-first-on-screen-10552706_184=\"5659\" data-gtm-vis-total-visible-time-10552706_184=\"100\" data-gtm-vis-has-fired-10552706_184=\"1\" data-gtm-vis-recent-on-screen-10552706_217=\"5664\" data-gtm-vis-first-on-screen-10552706_217=\"5664\" data-gtm-vis-total-visible-time-10552706_217=\"100\" data-gtm-vis-has-fired-10552706_217=\"1\"><strong>Moniteur int\u00e9rieur IP<\/strong><\/p>\n<ul>\n<li>Surveillance IPC<\/li>\n<li>Int\u00e9gration d&#8217;alarme<\/li>\n<li>Haute performance<\/li>\n<li>Carte SD 8 Go int\u00e9gr\u00e9e<\/li>\n<li>Prise en charge PoE standard<\/li>\n<\/ul>\n","protected":false},"featured_media":19226,"comment_status":"open","ping_status":"closed","template":"","meta":{"om_disable_all_campaigns":false,"_monsterinsights_skip_tracking":false,"_monsterinsights_sitenote_active":false,"_monsterinsights_sitenote_note":"","_monsterinsights_sitenote_category":0},"product_cat":[555],"product_tag":[],"class_list":{"0":"post-19194","1":"product","2":"type-product","3":"status-publish","4":"has-post-thumbnail","6":"product_cat-videophone","8":"first","9":"instock","10":"shipping-taxable","11":"purchasable","12":"product-type-simple","13":"add-to-wishlist-after_add_to_cart"},"aioseo_notices":[],"_links":{"self":[{"href":"https:\/\/tthcompany.ma\/index.php\/wp-json\/wp\/v2\/product\/19194","targetHints":{"allow":["GET"]}}],"collection":[{"href":"https:\/\/tthcompany.ma\/index.php\/wp-json\/wp\/v2\/product"}],"about":[{"href":"https:\/\/tthcompany.ma\/index.php\/wp-json\/wp\/v2\/types\/product"}],"replies":[{"embeddable":true,"href":"https:\/\/tthcompany.ma\/index.php\/wp-json\/wp\/v2\/comments?post=19194"}],"wp:featuredmedia":[{"embeddable":true,"href":"https:\/\/tthcompany.ma\/index.php\/wp-json\/wp\/v2\/media\/19226"}],"wp:attachment":[{"href":"https:\/\/tthcompany.ma\/index.php\/wp-json\/wp\/v2\/media?parent=19194"}],"wp:term":[{"taxonomy":"product_cat","embeddable":true,"href":"https:\/\/tthcompany.ma\/index.php\/wp-json\/wp\/v2\/product_cat?post=19194"},{"taxonomy":"product_tag","embeddable":true,"href":"https:\/\/tthcompany.ma\/index.php\/wp-json\/wp\/v2\/product_tag?post=19194"}],"curies":[{"name":"wp","href":"https:\/\/api.w.org\/{rel}","templated":true}]}}