{"id":19176,"date":"2022-08-17T10:28:53","date_gmt":"2022-08-17T10:28:53","guid":{"rendered":"https:\/\/tthcompany.ma\/?post_type=product&#038;p=19176"},"modified":"2023-01-09T10:57:56","modified_gmt":"2023-01-09T10:57:56","slug":"ipc-hfw2531tp-zs-s2","status":"publish","type":"product","link":"https:\/\/tthcompany.ma\/index.php\/product\/ipc-hfw2531tp-zs-s2\/","title":{"rendered":"IPC-HFW2531TP-ZAS-S2"},"content":{"rendered":"<p>&nbsp;<\/p>\n<table id=\"table001\" class=\"NEW-TABLE TableOverride-1 tab-drag\">\n<tbody>\n<tr>\n<td colspan=\"60\">\n<h3>Cam\u00e9ra<\/h3>\n<\/td>\n<\/tr>\n<tr>\n<td colspan=\"18\">Capteur d&#8217;image<\/td>\n<td colspan=\"42\">CMOS progressif 1 \/ 2,7 &#8220;5 m\u00e9gapixels<\/td>\n<\/tr>\n<tr>\n<td colspan=\"18\">Pixels efficaces<\/td>\n<td colspan=\"42\">2592 (H) \u00d7 1944 (V)<\/td>\n<\/tr>\n<tr>\n<td colspan=\"18\">ROM<\/td>\n<td colspan=\"42\">128 Mo<\/td>\n<\/tr>\n<tr>\n<td colspan=\"18\">RAM<\/td>\n<td colspan=\"42\">256 Mo<\/td>\n<\/tr>\n<tr>\n<td colspan=\"18\">Syst\u00e8me de num\u00e9risation<\/td>\n<td colspan=\"42\">Progressive<\/td>\n<\/tr>\n<tr>\n<td colspan=\"18\">Vitesse d&#8217;obturation \u00e9lectronique<\/td>\n<td colspan=\"42\">Auto \/ Manuel 1\/3 s \u2013 1\/100000 s<\/td>\n<\/tr>\n<tr>\n<td colspan=\"18\">Min.\u00a0\u00c9clairage<\/td>\n<td colspan=\"42\">0,008 Lux@F1,5<\/td>\n<\/tr>\n<tr>\n<td colspan=\"18\">Distance IR<\/td>\n<td colspan=\"42\">60 m (196,8 pieds)<\/td>\n<\/tr>\n<tr>\n<td colspan=\"18\">Contr\u00f4le marche \/ arr\u00eat IR<\/td>\n<td colspan=\"42\">Auto \/ Manuel<\/td>\n<\/tr>\n<tr>\n<td colspan=\"18\">Num\u00e9ro des LED IR<\/td>\n<td colspan=\"42\">4<\/td>\n<\/tr>\n<tr>\n<td colspan=\"18\">Plage de panoramique \/ inclinaison \/ rotation<\/td>\n<td colspan=\"42\">Horizontal: 0 \u00b0 \u2013360 \u00b0<br \/>\nVertical: 0 \u00b0 \u201390 \u00b0<br \/>\nRotation: 0 \u00b0 \u2013360 \u00b0<\/td>\n<\/tr>\n<tr>\n<td colspan=\"60\">\n<h3>Lentille<\/h3>\n<\/td>\n<\/tr>\n<tr>\n<td colspan=\"18\">Type de lentille<\/td>\n<td colspan=\"42\">Vari-focale motoris\u00e9e<\/td>\n<\/tr>\n<tr>\n<td colspan=\"18\">Type de montage<\/td>\n<td colspan=\"42\">\u03c614<\/td>\n<\/tr>\n<tr>\n<td colspan=\"18\">Distance focale<\/td>\n<td colspan=\"42\">2,7 mm \u2013 13,5 mm<\/td>\n<\/tr>\n<tr>\n<td colspan=\"18\">Max.\u00a0Ouverture<\/td>\n<td colspan=\"42\">F1.5<\/td>\n<\/tr>\n<tr>\n<td colspan=\"18\">Champ de vision<\/td>\n<td colspan=\"42\">Horizontal: 100 \u00b0 \u201326 \u00b0<\/p>\n<p>Verticale: 72 \u00b0 \u201320 \u00b0<\/p>\n<p>Diagonale: 133 \u00b0 \u201333 \u00b0<\/td>\n<\/tr>\n<tr>\n<td colspan=\"18\">Distance de mise au point rapproch\u00e9e<\/td>\n<td colspan=\"42\">0,8 m \u2013 0,8 m (2,62 pi \u2013 2,62 pi)<\/td>\n<\/tr>\n<tr>\n<td colspan=\"18\" rowspan=\"3\">Distance DORI<\/td>\n<td colspan=\"8\">Lentille<\/td>\n<td colspan=\"8\">D\u00e9tecter<\/td>\n<td colspan=\"8\">Observer<\/td>\n<td colspan=\"8\">Reconna\u00eetre<\/td>\n<td colspan=\"10\">Identifier<\/td>\n<\/tr>\n<tr>\n<td colspan=\"8\">W<\/td>\n<td colspan=\"8\">\u00c0 64 m<\/p>\n<p>(209,97 pi)<\/td>\n<td colspan=\"8\">25,6 m<\/p>\n<p>(83,99 pi)<\/td>\n<td colspan=\"8\">12,8 m<\/p>\n<p>(41,99 pi)<\/td>\n<td colspan=\"10\">6,4 m<\/p>\n<p>(21,00 pi)<\/td>\n<\/tr>\n<tr>\n<td colspan=\"8\">T<\/td>\n<td colspan=\"8\">220 m<\/p>\n<p>(721,78 pi)<\/td>\n<td colspan=\"8\">88 m<\/p>\n<p>(288,71 pi)<\/td>\n<td colspan=\"8\">44 m<\/p>\n<p>(144,36 pi)<\/td>\n<td colspan=\"10\">22 m<\/p>\n<p>(72,18 pi)<\/td>\n<\/tr>\n<tr>\n<td colspan=\"60\">\n<h3>\u00c9v\u00e9nement intelligent<\/h3>\n<\/td>\n<\/tr>\n<tr>\n<td colspan=\"18\">Analyse IVS g\u00e9n\u00e9rale<\/td>\n<td colspan=\"42\">Tripwire;\u00a0intrusion<\/td>\n<\/tr>\n<tr>\n<td colspan=\"60\">\n<h3>Vid\u00e9o<\/h3>\n<\/td>\n<\/tr>\n<tr>\n<td colspan=\"18\">Compression de vid\u00e9o<\/td>\n<td colspan=\"42\">H.265;\u00a0H.264;\u00a0H.264B;\u00a0MJPEG<\/td>\n<\/tr>\n<tr>\n<td colspan=\"18\">Codec intelligent<\/td>\n<td colspan=\"42\">Oui<\/td>\n<\/tr>\n<tr>\n<td colspan=\"18\">Frame rate vid\u00e9o<\/td>\n<td colspan=\"42\">Courant dominant:<\/p>\n<p>2592 \u00d7 1944 (1 ips-20 ips)<\/p>\n<p>2688 \u00d7 1520 (1 ips-25\/30 ips)<\/p>\n<p>Sous-flux:<\/p>\n<p>704 \u00d7 576 (1 ips-25 ips)<\/p>\n<p>704 \u00d7 480 (1 ips-30 ips)<\/td>\n<\/tr>\n<tr>\n<td colspan=\"18\">Capacit\u00e9 de flux<\/td>\n<td colspan=\"42\">2 flux<\/td>\n<\/tr>\n<tr>\n<td colspan=\"18\">R\u00e9solution<\/td>\n<td colspan=\"42\">2592 \u00d7 1944 (2592 \u00d7 1944);\u00a02688 \u00d7 1520 (2688 \u00d7 1520);\u00a03M (2 048 x 1 536);\u00a02304 \u00d7 1296 (2304 \u00d7 1296);\u00a01080p (1920 \u00d7 1080);\u00a01,3 M (1 280 \u00d7 960);\u00a0720p (1280 \u00d7 720);\u00a0D1 (704 \u00d7 576\/704 \u00d7 480);\u00a0VGA (640 \u00d7 480);\u00a0CIF (352 \u00d7 288\/352 \u00d7 240)<\/td>\n<\/tr>\n<tr>\n<td colspan=\"18\">Contr\u00f4le du d\u00e9bit binaire<\/td>\n<td colspan=\"42\">CBR \/ VBR<\/td>\n<\/tr>\n<tr>\n<td colspan=\"18\">Bitrate vid\u00e9o<\/td>\n<td colspan=\"42\">H.264: 32 kbit \/ s ~ 8192 kbit \/ s<\/p>\n<p>H.265: 12 Kbit \/ s \u00e0 8192 Kbit \/ s<\/td>\n<\/tr>\n<tr>\n<td colspan=\"18\">Jour Nuit<\/td>\n<td colspan=\"42\">Auto (ICR) \/ Couleur \/ N \/ B<\/td>\n<\/tr>\n<tr>\n<td colspan=\"18\">BLC<\/td>\n<td colspan=\"42\">Oui<\/td>\n<\/tr>\n<tr>\n<td colspan=\"18\">HLC<\/td>\n<td colspan=\"42\">Oui<\/td>\n<\/tr>\n<tr>\n<td colspan=\"18\">WDR<\/td>\n<td colspan=\"42\">120 dB<\/td>\n<\/tr>\n<tr>\n<td colspan=\"18\">Balance des blancs<\/td>\n<td colspan=\"42\">Auto \/ naturel \/ lampadaire \/ ext\u00e9rieur \/ manuel \/ personnalis\u00e9 r\u00e9gional<\/td>\n<\/tr>\n<tr>\n<td colspan=\"18\">Prendre le contr\u00f4le<\/td>\n<td colspan=\"42\">Auto \/ Manuel<\/td>\n<\/tr>\n<tr>\n<td colspan=\"18\">R\u00e9duction de bruit<\/td>\n<td colspan=\"42\">DNR 3D<\/td>\n<\/tr>\n<tr>\n<td colspan=\"18\">D\u00e9tection de mouvement<\/td>\n<td colspan=\"42\">OFF \/ ON (4 zones, rectangulaire)<\/td>\n<\/tr>\n<tr>\n<td colspan=\"18\">R\u00e9gion d&#8217;int\u00e9r\u00eat (RoI)<\/td>\n<td colspan=\"42\">Oui (4 zones)<\/td>\n<\/tr>\n<tr>\n<td colspan=\"18\">IR intelligent<\/td>\n<td colspan=\"42\">Oui<\/td>\n<\/tr>\n<tr>\n<td colspan=\"18\">Rotation d&#8217;image<\/td>\n<td colspan=\"42\">0 \u00b0 \/ 90 \u00b0 \/ 180 \u00b0 \/ 270 \u00b0 (prend en charge 90 \u00b0 \/ 270 \u00b0 avec une r\u00e9solution de 2688 \u00d7 1520 et moins.)<\/td>\n<\/tr>\n<tr>\n<td colspan=\"18\">Miroir<\/td>\n<td colspan=\"42\">Oui<\/td>\n<\/tr>\n<tr>\n<td colspan=\"18\">Masquage de confidentialit\u00e9<\/td>\n<td colspan=\"42\">4 zones<\/td>\n<\/tr>\n<tr>\n<td colspan=\"60\">\n<h3>R\u00e9seau<\/h3>\n<\/td>\n<\/tr>\n<tr>\n<td colspan=\"18\">R\u00e9seau<\/td>\n<td colspan=\"42\">RJ-45 (10\/100 Base-T)<\/td>\n<\/tr>\n<tr>\n<td colspan=\"18\">Protocole<\/td>\n<td colspan=\"42\">IPv4;\u00a0IPv6;\u00a0HTTP;\u00a0HTTPS;\u00a0TCP;\u00a0UDP;\u00a0ARP;\u00a0RTP;\u00a0RTSP;\u00a0RTCP;\u00a0RTMP;\u00a0SMTP;\u00a0FTP;\u00a0SFTP;\u00a0DHCP;\u00a0DNS;\u00a0DDNS;\u00a0QoS;\u00a0UPnP;\u00a0NTP;\u00a0Multidiffusion;\u00a0ICMP;\u00a0IGMP;\u00a0NFS;\u00a0PPPoE;\u00a0802.1x;\u00a0Bonjour<\/td>\n<\/tr>\n<tr>\n<td colspan=\"18\">Interop\u00e9rabilit\u00e9<\/td>\n<td colspan=\"42\">ONVIF (profil S \/ profil G);\u00a0CGI;\u00a0P2P;\u00a0\u00c9tape importante;\u00a0Genetec<\/td>\n<\/tr>\n<tr>\n<td colspan=\"18\">Utilisateur \/ h\u00f4te<\/td>\n<td colspan=\"42\">20<\/td>\n<\/tr>\n<tr>\n<td colspan=\"18\">Stockage Edge<\/td>\n<td colspan=\"42\">Nuage;\u00a0FTP;\u00a0SFTP;\u00a0Carte Micro SD (prise en charge max. 256 Go);\u00a0NAS<\/td>\n<\/tr>\n<tr>\n<td colspan=\"18\">Navigateur<\/td>\n<td colspan=\"42\">C&#8217;EST \u00c0 DIRE<\/p>\n<p>Chrome<\/p>\n<p>Firefox<\/td>\n<\/tr>\n<tr>\n<td colspan=\"18\">Logiciel de gestion<\/td>\n<td colspan=\"42\">Smart PSS;\u00a0DSS;\u00a0DMSS<\/td>\n<\/tr>\n<tr>\n<td colspan=\"18\">T\u00e9l\u00e9phone portable<\/td>\n<td colspan=\"42\">IOS;\u00a0Android<\/td>\n<\/tr>\n<tr>\n<td colspan=\"60\">\n<h3>Certification<\/h3>\n<\/td>\n<\/tr>\n<tr>\n<td colspan=\"18\">Certifications<\/td>\n<td colspan=\"42\">CE-LVD: EN60950-1<br \/>\nCE-EMC: Directive de compatibilit\u00e9 \u00e9lectromagn\u00e9tique\u00a02014\/30\u00a0\/ EU<br \/>\nFCC: 47 CFR FCC Part 15, Subpart B<br \/>\nUL \/ CUL: UL60950-1 CAN \/ CSA C22.2 No.60950-1-07<\/td>\n<\/tr>\n<tr>\n<td colspan=\"60\">\n<h3>Puissance<\/h3>\n<\/td>\n<\/tr>\n<tr>\n<td colspan=\"18\">Source de courant<\/td>\n<td colspan=\"42\">12 V CC \/ PoE (802.3af)<\/td>\n<\/tr>\n<tr>\n<td colspan=\"18\">Consommation d&#8217;\u00e9nergie<\/td>\n<td colspan=\"42\">&lt;9,9 W<\/td>\n<\/tr>\n<tr>\n<td colspan=\"60\">\n<h3>Environnement<\/h3>\n<\/td>\n<\/tr>\n<tr>\n<td colspan=\"18\">Des conditions de fonctionnement<\/td>\n<td colspan=\"42\">-30 \u00b0 C \u00e0 + 60 \u00b0 C (-22 \u00b0 F \u00e0 + 140 \u00b0 F) \/ moins de \u2264 95%<\/td>\n<\/tr>\n<tr>\n<td colspan=\"18\">Temp\u00e9rature de stockage<\/td>\n<td colspan=\"42\">-40 \u00b0 C \u00e0 + 60 \u00b0 C (-40 \u00b0 F \u00e0 + 140 \u00b0 F)<\/td>\n<\/tr>\n<tr>\n<td colspan=\"18\">protection<\/td>\n<td colspan=\"42\">IP67<\/td>\n<\/tr>\n<tr>\n<td colspan=\"60\">\n<h3>Structure<\/h3>\n<\/td>\n<\/tr>\n<tr>\n<td colspan=\"18\">Enveloppe<\/td>\n<td colspan=\"42\">M\u00e9tal<\/td>\n<\/tr>\n<tr>\n<td colspan=\"18\">Dimensions<\/td>\n<td colspan=\"42\">244,1 mm \u00d7 \u03a690,4 mm (9,61 &#8220;\u00d7 \u03a63,26&#8221;)<\/td>\n<\/tr>\n<tr>\n<td colspan=\"18\">Poids net<\/td>\n<td colspan=\"42\">0,86 kg (2,0 livres)<\/td>\n<\/tr>\n<tr>\n<td colspan=\"18\">Poids brut<\/td>\n<td colspan=\"42\">1,10 kg (2,5 livres)<\/td>\n<\/tr>\n<\/tbody>\n<\/table>\n","protected":false},"excerpt":{"rendered":"<p class=\"text\" data-v-2aedf454=\"\"><span style=\"color: #000000;\"><strong>Cam\u00e9ra Dahua IP r\u00e9seau Bullet IR \u00e0 focale variable 5MP Lite<\/strong><\/span><\/p>\n<div data-v-2aedf454=\"\">\n<ul>\n<li>5 MP, capteur d&#8217;image CMOS 1 \/ 2,7 &#8220;, faible \u00e9clairement, haute d\u00e9finition d&#8217;image<\/li>\n<li>Sorties 2688 \u00d7 1520 (2688 \u00d7 1520) \u00e0 25\/30 ips, et prend en charge max. 5MP (2592 \u00d7 1944) \u00e0 20 ips<\/li>\n<li>Codec H.265, taux de compression \u00e9lev\u00e9, d\u00e9bit binaire ultra-bas<\/li>\n<li>LED IR int\u00e9gr\u00e9e, distance IR maximale: 60 m<\/li>\n<li>ROI, SMART H.264 \/ H.265, codage flexible, applicable \u00e0 divers environnements de bande passante et de stockage<\/li>\n<li>Mode de rotation, WDR, 3D DNR, HLC, BLC, filigrane num\u00e9rique, applicable \u00e0 diverses sc\u00e8nes de surveillance<\/li>\n<li>D\u00e9tection intelligente: intrusion, tripwire<\/li>\n<li>D\u00e9tection d&#8217;anomalies: d\u00e9tection de mouvement, sabotage vid\u00e9o, pas de carte SD, carte SD pleine, erreur de carte SD, r\u00e9seau d\u00e9connect\u00e9, conflit IP, acc\u00e8s ill\u00e9gal, d\u00e9tection de tension<\/li>\n<li>Prend en charge max. Carte Micro SD de 256 Go<\/li>\n<li>Prise en charge de l&#8217;alimentation 12V DC \/ PoE<\/li>\n<li>Protection IP67<\/li>\n<\/ul>\n<p><img decoding=\"async\" class=\"alignnone size-medium wp-image-5347\" src=\"http:\/\/tthcompany.com\/wp-content\/uploads\/2020\/08\/IPC-HFW2531T-ZS-S2-1-300x32.png\" alt=\"IPC-HFW2531T-ZS-S2+\" width=\"300\" height=\"32\" \/><\/p>\n<\/div>\n","protected":false},"featured_media":19011,"comment_status":"open","ping_status":"closed","template":"","meta":{"om_disable_all_campaigns":false,"_monsterinsights_skip_tracking":false,"_monsterinsights_sitenote_active":false,"_monsterinsights_sitenote_note":"","_monsterinsights_sitenote_category":0},"product_cat":[767,303,302,445,768],"product_tag":[205,260,261,262,210,263,264,211,228,212,213,265,214,229,266,193,267,216,268,195,218,269,196,270,271,272,197,198,199,220,273,241,200,274,275,201,276,277,222,278,279,280,281,282,283,284,769,285,286,224,225,287,288,289,226,290,291,292],"class_list":{"0":"post-19176","1":"product","2":"type-product","3":"status-publish","4":"has-post-thumbnail","6":"product_cat-5mp-zoom","7":"product_cat-cameras-ip","8":"product_cat-produits-ip","9":"product_cat-zoom-cameras-ip","10":"product_cat-zoom-5mp-serie-lite","11":"product_tag-alarme","12":"product_tag-camera-de-surveillance-tanger","13":"product_tag-camera-ip-dahua","14":"product_tag-camera-maroc","15":"product_tag-camera-surveillance-afrique","16":"product_tag-camera-surveillance-avec-un-bon-prix","17":"product_tag-camera-surveillance-casablanca","18":"product_tag-camera-surveillance-dahua","19":"product_tag-camera-surveillance-maroc","20":"product_tag-camera-surveillance-tanger","21":"product_tag-camera-dahua","22":"product_tag-control-dacces-tanger","23":"product_tag-dahua-afrique","24":"product_tag-dahua-agadir","25":"product_tag-dahua-azrou","26":"product_tag-dahua-casablanca","27":"product_tag-dahua-dakhla","28":"product_tag-dahua-el-jadida","29":"product_tag-dahua-errachidia","30":"product_tag-dahua-fes","31":"product_tag-dahua-hoceima","32":"product_tag-dahua-ifrane","33":"product_tag-dahua-kenitra","34":"product_tag-dahua-khemisset","35":"product_tag-dahua-khouribga","36":"product_tag-dahua-laayoune","37":"product_tag-dahua-maroc","38":"product_tag-dahua-marrakech","39":"product_tag-dahua-meknes","40":"product_tag-dahua-nador","41":"product_tag-dahua-ouarzazate","42":"product_tag-dahua-oujda","43":"product_tag-dahua-rabat","44":"product_tag-dahua-safi","45":"product_tag-dahua-settat","46":"product_tag-dahua-tanger","47":"product_tag-dahua-taroudant","48":"product_tag-dahua-taza","49":"product_tag-dahua-tetouan","50":"product_tag-dahua-tiflet","51":"product_tag-dahua-tiznit","52":"product_tag-desenfumage-tanger","53":"product_tag-detection-incendie","54":"product_tag-distributeur-dahua","55":"product_tag-installation-alarme","56":"product_tag-installations-camera-de-surveillance-maroc","57":"product_tag-ipc-hfw2531t-zs-s2","58":"product_tag-moniteur-dimage","59":"product_tag-pack-camera-de-surveillance","60":"product_tag-pack-camera-de-surveillance-dahua","61":"product_tag-pointeuse","62":"product_tag-porte-automatiques","63":"product_tag-portes-coup-feu-tanger","64":"product_tag-skydome-tanger","65":"product_tag-smart-lock","66":"product_tag-sprinkler-tanger","67":"product_tag-travaux-d-incendie-tanger","68":"product_tag-video-surveillance-tanger","69":"ts_product_brand-dahua","71":"first","72":"instock","73":"shipping-taxable","74":"purchasable","75":"product-type-simple","76":"add-to-wishlist-after_add_to_cart"},"aioseo_notices":[],"_links":{"self":[{"href":"https:\/\/tthcompany.ma\/index.php\/wp-json\/wp\/v2\/product\/19176","targetHints":{"allow":["GET"]}}],"collection":[{"href":"https:\/\/tthcompany.ma\/index.php\/wp-json\/wp\/v2\/product"}],"about":[{"href":"https:\/\/tthcompany.ma\/index.php\/wp-json\/wp\/v2\/types\/product"}],"replies":[{"embeddable":true,"href":"https:\/\/tthcompany.ma\/index.php\/wp-json\/wp\/v2\/comments?post=19176"}],"wp:featuredmedia":[{"embeddable":true,"href":"https:\/\/tthcompany.ma\/index.php\/wp-json\/wp\/v2\/media\/19011"}],"wp:attachment":[{"href":"https:\/\/tthcompany.ma\/index.php\/wp-json\/wp\/v2\/media?parent=19176"}],"wp:term":[{"taxonomy":"product_cat","embeddable":true,"href":"https:\/\/tthcompany.ma\/index.php\/wp-json\/wp\/v2\/product_cat?post=19176"},{"taxonomy":"product_tag","embeddable":true,"href":"https:\/\/tthcompany.ma\/index.php\/wp-json\/wp\/v2\/product_tag?post=19176"}],"curies":[{"name":"wp","href":"https:\/\/api.w.org\/{rel}","templated":true}]}}