{"id":19173,"date":"2022-08-17T10:28:52","date_gmt":"2022-08-17T10:28:52","guid":{"rendered":"https:\/\/tthcompany.ma\/?post_type=product&#038;p=19173"},"modified":"2022-08-17T10:29:30","modified_gmt":"2022-08-17T10:29:30","slug":"xvr5208an-4kl","status":"publish","type":"product","link":"https:\/\/tthcompany.ma\/index.php\/product\/xvr5208an-4kl\/","title":{"rendered":"XVR5208AN-4KL"},"content":{"rendered":"<div id=\"div_left\">\n<div class=\"div-drop\">\n<table id=\"table001\" class=\"NEW-TABLE TableOverride-1 tab-drag\">\n<tbody>\n<tr>\n<td colspan=\"60\">\n<h2><span style=\"font-size: 14pt;\">Syst\u00e8me<\/span><\/h2>\n<\/td>\n<\/tr>\n<tr>\n<td colspan=\"18\">Processeur principal<\/td>\n<td colspan=\"42\">Processeur int\u00e9gr\u00e9<\/td>\n<\/tr>\n<tr>\n<td colspan=\"18\">Syst\u00e8me op\u00e9rateur<\/td>\n<td colspan=\"42\">LINUX int\u00e9gr\u00e9<\/td>\n<\/tr>\n<tr>\n<td colspan=\"60\">\n<h2><span style=\"font-size: 14pt;\">Vid\u00e9o et audio<\/span><\/h2>\n<\/td>\n<\/tr>\n<tr>\n<td colspan=\"18\">Entr\u00e9e cam\u00e9ra analogique<\/td>\n<td colspan=\"42\">8\/16 canaux, BNC<\/td>\n<\/tr>\n<tr>\n<td colspan=\"18\">Cam\u00e9ra HDCVI<\/td>\n<td colspan=\"42\">4K, 4MP, 1080P \u00e0 25 \/ 30fps, 720P \u00e0 50 \/ 60fps, 720P \u00e0 25 \/ 30fps<\/td>\n<\/tr>\n<tr>\n<td colspan=\"18\">Cam\u00e9ra AHD<\/td>\n<td colspan=\"42\">5MP, 4MP, 3MP, 1080P @ 25\/30, 720P @ 25 \/ 30fps<\/td>\n<\/tr>\n<tr>\n<td colspan=\"18\">Cam\u00e9ra TVI<\/td>\n<td colspan=\"42\">5MP, 3MP, 1080P \u00e0 25\/30, 720P \u00e0 25 \/ 30fps<\/td>\n<\/tr>\n<tr>\n<td colspan=\"18\">Cam\u00e9ra CVBS<\/td>\n<td colspan=\"42\">PAL \/ NTSC<\/td>\n<\/tr>\n<tr>\n<td colspan=\"18\">Entr\u00e9e cam\u00e9ra IP<\/td>\n<td colspan=\"42\">8 + 4\/16 + 8 canaux, chaque canal jusqu&#8217;\u00e0 8MP<\/td>\n<\/tr>\n<tr>\n<td colspan=\"18\">Entr\u00e9e \/ sortie audio<\/td>\n<td colspan=\"42\">1\/1, RCA<\/td>\n<\/tr>\n<tr>\n<td colspan=\"18\">Conversation bidirectionnelle<\/td>\n<td colspan=\"42\">R\u00e9utiliser l&#8217;entr\u00e9e \/ la sortie audio, RCA<\/td>\n<\/tr>\n<tr>\n<td colspan=\"60\">\n<h2><span style=\"font-size: 14pt;\">Enregistrement<\/span><\/h2>\n<\/td>\n<\/tr>\n<tr>\n<td colspan=\"18\">Compression<\/td>\n<td colspan=\"42\">H.264 + \/ H.264<\/td>\n<\/tr>\n<tr>\n<td colspan=\"18\">R\u00e9solution<\/td>\n<td colspan=\"42\">4K, 5MP, 4MP, 3MP, 1080P, 720P, 960H, D1, CIF, QCIF<\/td>\n<\/tr>\n<tr>\n<td colspan=\"18\">Taux d&#8217;enregistrement<\/td>\n<td colspan=\"42\">Flux principal: 4K (1 ~ 7fps);\u00a05MP (1 ~ 12fps);\u00a04MP \/ 3MP (1 ~ 15fps);\u00a01080P \/ 720P \/ 960H \/ D1 \/ CIF \/ QCIF (1 ~ 25 \/ 30fps)<\/p>\n<p>Sous st\u00e9ram: 960H (1 ~ 15fps);<\/p>\n<p>D1 \/ CIF \/ QCIF (1 ~ 25\u00a0<span lang=\"zh-CN\">\/\u00a0<\/span>30fps)<\/td>\n<\/tr>\n<tr>\n<td colspan=\"18\">D\u00e9bit binaire<\/td>\n<td colspan=\"42\">1 Kbps ~ 6144 Kbps par canal<\/td>\n<\/tr>\n<tr>\n<td colspan=\"18\">Mode d&#8217;enregistrement<\/td>\n<td colspan=\"42\">Manuel, horaire (r\u00e9gulier, continu), MD (d\u00e9tection vid\u00e9o: d\u00e9tection de mouvement, perte vid\u00e9o, sabotage), alarme, arr\u00eat<\/td>\n<\/tr>\n<tr>\n<td colspan=\"18\">Intervalle d&#8217;enregistrement<\/td>\n<td colspan=\"42\">1 ~ 60 min (par d\u00e9faut: 60 min), pr\u00e9-enregistrement: 1 ~ 30 sec, post-enregistrement: 10 ~ 300 sec<\/td>\n<\/tr>\n<tr>\n<td colspan=\"60\">\n<h2><span style=\"font-size: 14pt;\">Afficher<\/span><\/h2>\n<\/td>\n<\/tr>\n<tr>\n<td colspan=\"18\">Interface<\/td>\n<td colspan=\"42\">1 HDMI, 1 VGA<\/td>\n<\/tr>\n<tr>\n<td colspan=\"18\">R\u00e9solution<\/td>\n<td colspan=\"42\">HDMI: 3840 \u00d7 2160, 2560 \u00d7 1440\u00a0<span lang=\"zh-CN\">,\u00a0<\/span>1920 \u00d7 1080, 1280 \u00d7 1024, 1280 \u00d7 720, 1024 \u00d7 768<\/p>\n<p>VGA: 1920 \u00d7 1080, 1280 \u00d7 1024, 1280 \u00d7 720, 1024 \u00d7 768<\/td>\n<\/tr>\n<tr>\n<td colspan=\"18\">Affichage multi-\u00e9cran<\/td>\n<td colspan=\"42\">Lorsque le mode d&#8217;extension IP n&#8217;est pas activ\u00e9\u00a0<span lang=\"zh-CN\">:<\/span><\/p>\n<p>8CH: 1\/4\/8\/9<\/p>\n<p>16CH: 1\/4\/8\/9\/16<\/p>\n<p>Lorsque le mode d&#8217;extension IP est activ\u00e9\u00a0<span lang=\"zh-CN\">:<\/span><\/p>\n<p>8CH: 1\/4\/8\/9\/16<\/p>\n<p>16CH: 1\/4\/8\/9\/16\/25<\/td>\n<\/tr>\n<tr>\n<td colspan=\"18\">OSD<\/td>\n<td colspan=\"42\">Titre de la cam\u00e9ra, heure, perte vid\u00e9o, verrouillage de la cam\u00e9ra, d\u00e9tection de mouvement, enregistrement<\/td>\n<\/tr>\n<tr>\n<td colspan=\"60\">\n<h2><span style=\"font-size: 14pt;\">R\u00e9seau<\/span><\/h2>\n<\/td>\n<\/tr>\n<tr>\n<td colspan=\"18\">Interface<\/td>\n<td colspan=\"42\">1 port RJ-45 (1000M)<\/td>\n<\/tr>\n<tr>\n<td colspan=\"18\">Fonction r\u00e9seau<\/td>\n<td colspan=\"42\">HTTP, TCP \/ IP, IPv4 \/ IPv6, UPnP, RTSP, UDP, SMTP, NTP, DHCP, DNS, filtre IP, PPPoE, DDNS, FTP, serveur d&#8217;alarme, P2P, recherche IP (prise en charge de la cam\u00e9ra IP, DVR, NVS, etc. .)<\/td>\n<\/tr>\n<tr>\n<td colspan=\"18\">Max.\u00a0Acc\u00e8s utilisateur<\/td>\n<td colspan=\"42\">128 utilisateurs<\/td>\n<\/tr>\n<tr>\n<td colspan=\"18\">T\u00e9l\u00e9phone intelligent<\/td>\n<td colspan=\"42\">iPhone, iPad, Android<\/td>\n<\/tr>\n<tr>\n<td colspan=\"18\">L&#8217;interop\u00e9rabilit\u00e9<\/td>\n<td colspan=\"42\">ONVIF 2.42, conforme CGI<\/td>\n<\/tr>\n<\/tbody>\n<\/table>\n<\/div>\n<\/div>\n<div id=\"div_left\">\n<div class=\"div-drop\">\n<table id=\"table002\" class=\"NEW-TABLE TableOverride-1 tab-drag\" style=\"width: 100%;\">\n<tbody>\n<tr>\n<td style=\"width: 29.9879%;\" colspan=\"60\">\n<h2><span style=\"font-size: 14pt;\">D\u00e9tection vid\u00e9o et alarme<\/span><\/h2>\n<\/td>\n<\/tr>\n<tr>\n<td style=\"width: 14.3894%;\" colspan=\"18\">\u00c9v\u00e9nements d\u00e9clencheurs<\/td>\n<td style=\"width: 15.5985%;\" colspan=\"42\">Enregistrement, PTZ, Tour, Video Push, Email, FTP, Snapshot, Buzzer et Screen Tips<\/td>\n<\/tr>\n<tr>\n<td style=\"width: 14.3894%;\" colspan=\"18\">D\u00e9tection vid\u00e9o<\/td>\n<td style=\"width: 15.5985%;\" colspan=\"42\">D\u00e9tection de mouvement, zones MD: 396 (22 \u00d7 18), perte vid\u00e9o, alt\u00e9ration et diagnostic<\/td>\n<\/tr>\n<tr>\n<td style=\"width: 14.3894%;\" colspan=\"18\">Entr\u00e9e d&#8217;alarme<\/td>\n<td style=\"width: 15.5985%;\" colspan=\"42\">N \/ A<\/td>\n<\/tr>\n<tr>\n<td style=\"width: 14.3894%;\" colspan=\"18\">Sortie relais<\/td>\n<td style=\"width: 15.5985%;\" colspan=\"42\">N \/ A<\/td>\n<\/tr>\n<tr>\n<td style=\"width: 29.9879%;\" colspan=\"60\">\n<h2><span style=\"font-size: 14pt;\">Lecture et sauvegarde<\/span><\/h2>\n<\/td>\n<\/tr>\n<tr>\n<td style=\"width: 14.3894%;\" colspan=\"18\">Relecture<\/td>\n<td style=\"width: 15.5985%;\" colspan=\"42\">8 canaux: 1\/4\/9<\/p>\n<p>16CH: 1\/4\/9\/16<\/td>\n<\/tr>\n<tr>\n<td style=\"width: 14.3894%;\" colspan=\"18\">Mode de recherche<\/td>\n<td style=\"width: 15.5985%;\" colspan=\"42\">Heure \/ date, alarme, MD et recherche exacte (pr\u00e9cise \u00e0 la seconde)<\/td>\n<\/tr>\n<tr>\n<td style=\"width: 14.3894%;\" colspan=\"18\">Fonction de lecture<\/td>\n<td style=\"width: 15.5985%;\" colspan=\"42\">Lecture, pause, arr\u00eat, rembobinage, lecture rapide, lecture lente, fichier suivant, fichier pr\u00e9c\u00e9dent, cam\u00e9ra suivante, cam\u00e9ra pr\u00e9c\u00e9dente, plein \u00e9cran, r\u00e9p\u00e9tition, lecture al\u00e9atoire, s\u00e9lection de sauvegarde, zoom num\u00e9rique<\/td>\n<\/tr>\n<tr>\n<td style=\"width: 14.3894%;\" colspan=\"18\">Mode de sauvegarde<\/td>\n<td style=\"width: 15.5985%;\" colspan=\"42\">P\u00e9riph\u00e9rique \/ r\u00e9seau USB<\/td>\n<\/tr>\n<tr>\n<td style=\"width: 29.9879%;\" colspan=\"60\">\n<h2><span style=\"font-size: 14pt;\">Espace de rangement<\/span><\/h2>\n<\/td>\n<\/tr>\n<tr>\n<td style=\"width: 14.3894%;\" colspan=\"18\">Disque dur interne<\/td>\n<td style=\"width: 15.5985%;\" colspan=\"42\">2 ports SATA, jusqu&#8217;\u00e0 8 To de capacit\u00e9 pour chaque disque<\/td>\n<\/tr>\n<tr>\n<td style=\"width: 14.3894%;\" colspan=\"18\">eSATA<\/td>\n<td style=\"width: 15.5985%;\" colspan=\"42\">N \/ A<\/td>\n<\/tr>\n<tr>\n<td style=\"width: 29.9879%;\" colspan=\"60\">\n<h2><span style=\"font-size: 14pt;\">Interface auxiliaire<\/span><\/h2>\n<\/td>\n<\/tr>\n<tr>\n<td style=\"width: 14.3894%;\" colspan=\"18\">USB<\/td>\n<td style=\"width: 15.5985%;\" colspan=\"42\">2 ports USB (1 USB 2.0, 1 USB 3.0)<\/td>\n<\/tr>\n<tr>\n<td style=\"width: 14.3894%;\" colspan=\"18\">RS232<\/td>\n<td style=\"width: 15.5985%;\" colspan=\"42\">N \/ A<\/td>\n<\/tr>\n<tr>\n<td style=\"width: 14.3894%;\" colspan=\"18\">RS485<\/td>\n<td style=\"width: 15.5985%;\" colspan=\"42\">1 port, pour contr\u00f4le PTZ<\/td>\n<\/tr>\n<tr>\n<td style=\"width: 29.9879%;\" colspan=\"60\">\n<h2><span style=\"font-size: 14pt;\">\u00c9lectrique<\/span><\/h2>\n<\/td>\n<\/tr>\n<tr>\n<td style=\"width: 14.3894%;\" colspan=\"18\">Source de courant<\/td>\n<td style=\"width: 15.5985%;\" colspan=\"42\">8CH: DC12V \/ 4A<\/p>\n<p>16CH: DC12V \/ 5A<\/td>\n<\/tr>\n<tr>\n<td style=\"width: 14.3894%;\" colspan=\"18\">Consommation d&#8217;\u00e9nergie<\/td>\n<td style=\"width: 15.5985%;\" colspan=\"42\">&lt;15 W (sans disque dur)<\/td>\n<\/tr>\n<tr>\n<td style=\"width: 29.9879%;\" colspan=\"60\">\n<h2><span style=\"font-size: 14pt;\">Construction<\/span><\/h2>\n<\/td>\n<\/tr>\n<tr>\n<td style=\"width: 14.3894%;\" colspan=\"18\">Dimensions<\/td>\n<td style=\"width: 15.5985%;\" colspan=\"42\">1U, 375 mm \u00d7 287 mm \u00d7 53 mm (14,8 &#8220;x 11,3&#8221; x 2,1 &#8220;)<\/td>\n<\/tr>\n<tr>\n<td style=\"width: 14.3894%;\" colspan=\"18\">Poids net<\/td>\n<td style=\"width: 15.5985%;\" colspan=\"42\">2,35 kg (5,2 lb) (sans disque dur)<\/td>\n<\/tr>\n<tr>\n<td style=\"width: 14.3894%;\" colspan=\"18\">Poids brut<\/td>\n<td style=\"width: 15.5985%;\" colspan=\"42\">3,2 kg (7,05 livres)<\/td>\n<\/tr>\n<tr>\n<td style=\"width: 14.3894%;\" colspan=\"18\">Installation<\/td>\n<td style=\"width: 15.5985%;\" colspan=\"42\">Installation sur le bureau<\/td>\n<\/tr>\n<tr>\n<td style=\"width: 29.9879%;\" colspan=\"60\">\n<h2><span style=\"font-size: 14pt;\">Environnement<\/span><\/h2>\n<\/td>\n<\/tr>\n<tr>\n<td style=\"width: 14.3894%;\" colspan=\"18\">Des conditions de fonctionnement<\/td>\n<td style=\"width: 15.5985%;\" colspan=\"42\">-10 \u00b0 C ~ + 55 \u00b0 C (+ 14 \u00b0 F ~ + 131 \u00b0 F), 0 ~ 90% HR<\/td>\n<\/tr>\n<tr>\n<td style=\"width: 14.3894%;\" colspan=\"18\">Conditions de stockage<\/td>\n<td style=\"width: 15.5985%;\" colspan=\"42\">-20 \u00b0 C ~ + 70 \u00b0 C (-4 \u00b0 F ~ + 158 \u00b0 F), 0 ~ 90% HR<\/td>\n<\/tr>\n<tr>\n<td style=\"width: 29.9879%;\" colspan=\"60\">\n<h2><span style=\"font-size: 14pt;\">Support tiers<\/span><\/h2>\n<\/td>\n<\/tr>\n<tr>\n<td style=\"width: 14.3894%;\" colspan=\"18\">Support tiers<\/td>\n<td style=\"width: 15.5985%;\" colspan=\"42\">Arecont Vision, AXIS, Bosch, Brickcom, Canon, CP Plus, Dynacolor, Honeywell, Panasonic, Pelco, Samsung, Sanyo, Sony, Videotec, Vivotek, etc.<\/td>\n<\/tr>\n<tr>\n<td style=\"width: 29.9879%;\" colspan=\"60\">\n<h2><span style=\"font-size: 14pt;\">Certifications<\/span><\/h2>\n<\/td>\n<\/tr>\n<tr>\n<td style=\"width: 14.3894%;\" colspan=\"18\" rowspan=\"3\">Certifications<\/td>\n<td style=\"width: 15.5985%;\" colspan=\"42\">FCC: Partie 15, sous-partie B<\/td>\n<\/tr>\n<tr>\n<td style=\"width: 15.5985%;\" colspan=\"42\">CE: CE-LVD: EN 60950-1 \/ IEC 60950-1<\/p>\n<p>CE-EMC: EN 61000-3-2, EN 61000-3-3, EN 55032, EN 50130, EN 55024<\/td>\n<\/tr>\n<tr>\n<td style=\"width: 15.5985%;\" colspan=\"42\">UL: UL 60950-1<\/td>\n<\/tr>\n<\/tbody>\n<\/table>\n<\/div>\n<\/div>\n","protected":false},"excerpt":{"rendered":"<h1 class=\"title\"><span style=\"color: #000000; font-family: georgia, palatino, serif;\"><strong><span style=\"font-size: 10pt;\">XVR Dahua &#8211; Enregistreur vid\u00e9o num\u00e9rique Penta-brid 4K 1U 8 canaux<\/span><\/strong><\/span><\/h1>\n<ul>\n<li>Processeur int\u00e9gr\u00e9<\/li>\n<li>Compression vid\u00e9o double flux H.264 + \/ H.264<\/li>\n<li>Prise en charge des entr\u00e9es vid\u00e9o HDCVI \/ AHD \/ TVI \/ CVBS \/ IP<\/li>\n<li>Entr\u00e9es de cam\u00e9ra IP 12\/24 canaux max, chaque canal jusqu&#8217;\u00e0 8MP<\/li>\n<li>Max 48\/96 Mbps Bande passante entrante<\/li>\n<li>Recherche intelligente et syst\u00e8me vid\u00e9o intelligent<\/li>\n<\/ul>\n","protected":false},"featured_media":19218,"comment_status":"open","ping_status":"closed","template":"","meta":{"om_disable_all_campaigns":false,"_monsterinsights_skip_tracking":false,"_monsterinsights_sitenote_active":false,"_monsterinsights_sitenote_note":"","_monsterinsights_sitenote_category":0},"product_cat":[186,187,401],"product_tag":[205,260,261,262,210,263,264,211,228,212,213,265,214,229,266,193,267,216,268,195,218,269,196,270,271,272,197,198,199,220,273,241,200,274,275,201,276,277,222,278,279,280,281,282,283,284,285,286,224,225,287,288,289,226,290,291,292,764],"class_list":{"0":"post-19173","1":"product","2":"type-product","3":"status-publish","4":"has-post-thumbnail","6":"product_cat-produits-hdcvi","7":"product_cat-xvr","8":"product_cat-xvr-4k","9":"product_tag-alarme","10":"product_tag-camera-de-surveillance-tanger","11":"product_tag-camera-ip-dahua","12":"product_tag-camera-maroc","13":"product_tag-camera-surveillance-afrique","14":"product_tag-camera-surveillance-avec-un-bon-prix","15":"product_tag-camera-surveillance-casablanca","16":"product_tag-camera-surveillance-dahua","17":"product_tag-camera-surveillance-maroc","18":"product_tag-camera-surveillance-tanger","19":"product_tag-camera-dahua","20":"product_tag-control-dacces-tanger","21":"product_tag-dahua-afrique","22":"product_tag-dahua-agadir","23":"product_tag-dahua-azrou","24":"product_tag-dahua-casablanca","25":"product_tag-dahua-dakhla","26":"product_tag-dahua-el-jadida","27":"product_tag-dahua-errachidia","28":"product_tag-dahua-fes","29":"product_tag-dahua-hoceima","30":"product_tag-dahua-ifrane","31":"product_tag-dahua-kenitra","32":"product_tag-dahua-khemisset","33":"product_tag-dahua-khouribga","34":"product_tag-dahua-laayoune","35":"product_tag-dahua-maroc","36":"product_tag-dahua-marrakech","37":"product_tag-dahua-meknes","38":"product_tag-dahua-nador","39":"product_tag-dahua-ouarzazate","40":"product_tag-dahua-oujda","41":"product_tag-dahua-rabat","42":"product_tag-dahua-safi","43":"product_tag-dahua-settat","44":"product_tag-dahua-tanger","45":"product_tag-dahua-taroudant","46":"product_tag-dahua-taza","47":"product_tag-dahua-tetouan","48":"product_tag-dahua-tiflet","49":"product_tag-dahua-tiznit","50":"product_tag-desenfumage-tanger","51":"product_tag-detection-incendie","52":"product_tag-distributeur-dahua","53":"product_tag-installation-alarme","54":"product_tag-installations-camera-de-surveillance-maroc","55":"product_tag-moniteur-dimage","56":"product_tag-pack-camera-de-surveillance","57":"product_tag-pack-camera-de-surveillance-dahua","58":"product_tag-pointeuse","59":"product_tag-porte-automatiques","60":"product_tag-portes-coup-feu-tanger","61":"product_tag-skydome-tanger","62":"product_tag-smart-lock","63":"product_tag-sprinkler-tanger","64":"product_tag-travaux-d-incendie-tanger","65":"product_tag-video-surveillance-tanger","66":"product_tag-xvr5208an-4kl","68":"first","69":"instock","70":"shipping-taxable","71":"purchasable","72":"product-type-simple","73":"add-to-wishlist-after_add_to_cart"},"aioseo_notices":[],"_links":{"self":[{"href":"https:\/\/tthcompany.ma\/index.php\/wp-json\/wp\/v2\/product\/19173","targetHints":{"allow":["GET"]}}],"collection":[{"href":"https:\/\/tthcompany.ma\/index.php\/wp-json\/wp\/v2\/product"}],"about":[{"href":"https:\/\/tthcompany.ma\/index.php\/wp-json\/wp\/v2\/types\/product"}],"replies":[{"embeddable":true,"href":"https:\/\/tthcompany.ma\/index.php\/wp-json\/wp\/v2\/comments?post=19173"}],"wp:featuredmedia":[{"embeddable":true,"href":"https:\/\/tthcompany.ma\/index.php\/wp-json\/wp\/v2\/media\/19218"}],"wp:attachment":[{"href":"https:\/\/tthcompany.ma\/index.php\/wp-json\/wp\/v2\/media?parent=19173"}],"wp:term":[{"taxonomy":"product_cat","embeddable":true,"href":"https:\/\/tthcompany.ma\/index.php\/wp-json\/wp\/v2\/product_cat?post=19173"},{"taxonomy":"product_tag","embeddable":true,"href":"https:\/\/tthcompany.ma\/index.php\/wp-json\/wp\/v2\/product_tag?post=19173"}],"curies":[{"name":"wp","href":"https:\/\/api.w.org\/{rel}","templated":true}]}}