{"id":19171,"date":"2022-08-17T10:28:52","date_gmt":"2022-08-17T10:28:52","guid":{"rendered":"https:\/\/tthcompany.ma\/?post_type=product&#038;p=19171"},"modified":"2023-09-26T15:14:54","modified_gmt":"2023-09-26T15:14:54","slug":"tpc-bf2221-htm","status":"publish","type":"product","link":"https:\/\/tthcompany.ma\/index.php\/product\/tpc-bf2221-htm\/","title":{"rendered":"TPC-BF2221-HTM"},"content":{"rendered":"<table id=\"table001\" class=\"NEW-TABLE TableOverride-1 tab-drag\">\n<tbody>\n<tr>\n<td colspan=\"60\">\n<h2><span style=\"font-size: 14pt;\">Thermique<\/span><\/h2>\n<\/td>\n<\/tr>\n<tr>\n<td colspan=\"18\">Pixels efficaces<\/td>\n<td colspan=\"42\">256 \u00d7 192<\/td>\n<\/tr>\n<tr>\n<td colspan=\"18\">Gamme spectrale<\/td>\n<td colspan=\"42\">8 \u03bcm \u00e0 14 \u03bcm<\/td>\n<\/tr>\n<tr>\n<td colspan=\"18\">Sensibilit\u00e9 thermique (NETD)<\/td>\n<td colspan=\"42\">\u226450mK@f\/1.0<\/td>\n<\/tr>\n<tr>\n<td colspan=\"18\">Distance focale<\/td>\n<td colspan=\"42\">7,5 mm<\/td>\n<\/tr>\n<tr>\n<td colspan=\"18\">Champ de vision<\/td>\n<td colspan=\"42\"><span lang=\"zh-CN\">H: 32,4\u00a0<\/span>\u00b0<\/p>\n<p>V:\u00a0<span lang=\"zh-CN\">24,6\u00a0<\/span>\u00b0<\/td>\n<\/tr>\n<tr>\n<td colspan=\"18\">Mode de mise au point<\/td>\n<td colspan=\"42\">Athermalis\u00e9<\/td>\n<\/tr>\n<tr>\n<td colspan=\"18\">Ouverture<\/td>\n<td colspan=\"42\">F \/ 1.0<\/td>\n<\/tr>\n<tr>\n<td colspan=\"18\">Am\u00e9lioration des\u00a0d\u00e9tails num\u00e9riques\u00a0(DDE)<\/td>\n<td colspan=\"42\">Oui<\/td>\n<\/tr>\n<tr>\n<td colspan=\"18\">AGC<\/td>\n<td colspan=\"42\">Auto;\u00a0Manuel<\/td>\n<\/tr>\n<tr>\n<td colspan=\"18\">R\u00e9duction de bruit<\/td>\n<td colspan=\"42\">2D NR;\u00a0NR 3D<\/td>\n<\/tr>\n<tr>\n<td colspan=\"18\">Retourner l&#8217;image<\/td>\n<td colspan=\"42\">180 \u00b0 \/ Miroir<\/td>\n<\/tr>\n<tr>\n<td colspan=\"18\">Palettes de couleurs<\/td>\n<td colspan=\"42\">18 (Whitehot \/ Blackhot \/ Ironrow \/ Icefire \/ Fusion \/ Rainbow \/ Globow \/ Iconbow1 \/ Iconbow2 .etc)<\/td>\n<\/tr>\n<tr>\n<td colspan=\"18\">Plage de mesure de temp\u00e9rature<\/td>\n<td colspan=\"42\">30 \u00b0 C \u00e0 45 \u00b0 C (86 \u00b0 F \u00e0 113 \u00b0 F)<\/td>\n<\/tr>\n<tr>\n<td colspan=\"18\">Pr\u00e9cision de la temp\u00e9rature<\/td>\n<td colspan=\"42\">\u00b1 0,3 \u00b0 C (avec corps noir) lorsque la temp\u00e9rature ambiante est de 10 \u00b0 C \u00e0 30 \u00b0 C (50 \u00b0 F \u00e0 86 \u00b0 F)<\/td>\n<\/tr>\n<tr>\n<td colspan=\"60\">\n<h2><span style=\"font-size: 14pt;\">Visible<\/span><\/h2>\n<\/td>\n<\/tr>\n<tr>\n<td colspan=\"18\">Capteur d&#8217;image<\/td>\n<td colspan=\"42\">CMOS 1 \/ 2,8 pouces<\/td>\n<\/tr>\n<tr>\n<td colspan=\"18\">Pixels efficaces<\/td>\n<td colspan=\"42\">1920 \u00d7 1080<\/td>\n<\/tr>\n<tr>\n<td colspan=\"18\">Max.\u00a0R\u00e9solution<\/td>\n<td colspan=\"42\">2MP<\/td>\n<\/tr>\n<tr>\n<td colspan=\"18\">Vitesse d&#8217;obturation \u00e9lectronique<\/td>\n<td colspan=\"42\">1 \/ 30000s \u2013 1s<\/td>\n<\/tr>\n<tr>\n<td colspan=\"18\">Min.\u00a0\u00c9clairage<\/td>\n<td colspan=\"42\">Couleur: 0,01 Lux<br \/>\nNoir et blanc: 0,001 Lux<br \/>\n0 Lux (IR activ\u00e9)<\/td>\n<\/tr>\n<tr>\n<td colspan=\"18\">Distance d&#8217;\u00e9clairage IR<\/td>\n<td colspan=\"42\">50 m (164 pieds)<\/td>\n<\/tr>\n<tr>\n<td colspan=\"18\">Contr\u00f4le marche \/ arr\u00eat de l&#8217;illuminateur infrarouge<\/td>\n<td colspan=\"42\">Auto;\u00a0Manuel<\/td>\n<\/tr>\n<tr>\n<td colspan=\"18\">Distance focale<\/td>\n<td colspan=\"42\">6 mm<\/td>\n<\/tr>\n<tr>\n<td colspan=\"18\">Ouverture<\/td>\n<td colspan=\"42\">F \/ 2.0<\/td>\n<\/tr>\n<tr>\n<td colspan=\"18\">Champ de vision<\/td>\n<td colspan=\"42\">H: 52,8 \u00b0<\/p>\n<p>V: 30,3 \u00b0<\/td>\n<\/tr>\n<tr>\n<td colspan=\"18\">Mode de mise au point<\/td>\n<td colspan=\"42\">Fix\u00e9<\/td>\n<\/tr>\n<tr>\n<td colspan=\"18\">Distance de mise au point rapproch\u00e9e<\/td>\n<td colspan=\"42\">1,6 m (5,2 pieds)<\/td>\n<\/tr>\n<tr>\n<td colspan=\"18\">BLC<\/td>\n<td colspan=\"42\">Oui<\/td>\n<\/tr>\n<tr>\n<td colspan=\"18\">WDR<\/td>\n<td colspan=\"42\">Oui<\/td>\n<\/tr>\n<tr>\n<td colspan=\"18\">HLC<\/td>\n<td colspan=\"42\">Oui<\/td>\n<\/tr>\n<tr>\n<td colspan=\"18\">Balance des blancs<\/td>\n<td colspan=\"42\">Auto \/ Manuel \/ Int\u00e9rieur \/ Ext\u00e9rieur \/ Suivi \/ Lampe au sodium \/ Lampadaire \/ Naturel<\/td>\n<\/tr>\n<tr>\n<td colspan=\"18\">AGC<\/td>\n<td colspan=\"42\">Auto;\u00a0Manuel<\/td>\n<\/tr>\n<tr>\n<td colspan=\"18\">R\u00e9duction de bruit<\/td>\n<td colspan=\"42\">2D NR;\u00a0NR 3D<\/td>\n<\/tr>\n<tr>\n<td colspan=\"18\">Rapport S \/ N<\/td>\n<td colspan=\"42\">\u2265 55 dB<\/td>\n<\/tr>\n<tr>\n<td colspan=\"18\">R\u00e9gion d&#8217;int\u00e9r\u00eat (RoI)<\/td>\n<td colspan=\"42\">Oui<\/td>\n<\/tr>\n<tr>\n<td colspan=\"18\">Retourner l&#8217;image<\/td>\n<td colspan=\"42\">180 \u00b0 \/ Miroir<\/td>\n<\/tr>\n<tr>\n<td colspan=\"18\">La compensation d&#8217;exposition<\/td>\n<td colspan=\"42\">Oui<\/td>\n<\/tr>\n<tr>\n<td colspan=\"60\">\n<h2><span style=\"font-size: 14pt;\">Vid\u00e9o et audio<\/span><\/h2>\n<\/td>\n<\/tr>\n<tr>\n<td colspan=\"18\">Compression de vid\u00e9o<\/td>\n<td colspan=\"42\">H.265 \/ H.264M \/ H.264H \/ H.264B<\/td>\n<\/tr>\n<tr>\n<td colspan=\"18\">R\u00e9solution<\/td>\n<td colspan=\"42\">Flux<br \/>\nprincipal\u00a0thermique\u00a0: 1280 \u00d7 1024, 1280 \u00d7 960, 1280 \u00d7 720, 400 \u00d7 300. 1280 \u00d7 960 par d\u00e9faut<br \/>\nFlux secondaire: 640 \u00d7 512, 640 \u00d7 480, 400 \u00d7 300. 400 \u00d7 300 par d\u00e9faut<br \/>\nFlux<br \/>\nprincipal\u00a0visible\u00a0: 1080P (1920 \u00d7 1080), 720P (1280 \u00d7 720), D1 (704 \u00d7 576).\u00a01080P par d\u00e9faut<br \/>\nSous-flux: D1 (704 \u00d7 576), CIF (352 \u00d7 288).\u00a0CIF par d\u00e9faut<\/td>\n<\/tr>\n<tr>\n<td colspan=\"18\">Fr\u00e9quence d&#8217;images<\/td>\n<td colspan=\"42\">Thermique (<br \/>\n50 Hz): Flux principal: 1 ips \u2013 25 ips r\u00e9glable.\u00a025fps par d\u00e9faut;\u00a0sous-flux: 1fps \u2013 25fps r\u00e9glable.\u00a015fps par d\u00e9faut.<br \/>\nVisible (50Hz)<br \/>\n: Flux principal: 1fps \u2013 25fps r\u00e9glable.\u00a025fps par d\u00e9faut;\u00a0sous-flux: 1fps \u2013 25fps r\u00e9glable.\u00a015fps par d\u00e9faut.<\/td>\n<\/tr>\n<tr>\n<td colspan=\"18\">Compression audio<\/td>\n<td colspan=\"42\">G.711a;\u00a0G.711mu;\u00a0AAC;\u00a0PCM<\/td>\n<\/tr>\n<tr>\n<td colspan=\"60\">\n<h2><span style=\"font-size: 14pt;\">R\u00e9seau<\/span><\/h2>\n<\/td>\n<\/tr>\n<tr>\n<td colspan=\"18\">Protocole<\/td>\n<td colspan=\"42\">HTTP;\u00a0HTTPS;\u00a0TCP;\u00a0ARP;\u00a0RTSP;\u00a0RTP;\u00a0UDP;\u00a0RTCP;\u00a0SMTP;\u00a0FTP;\u00a0DHCP;\u00a0DNS;\u00a0DDNS;\u00a0PPPOE;\u00a0IPv4 \/ v6;\u00a0SNMP;\u00a0QoS;\u00a0UPnP;\u00a0NTP; Multidiffusion;\u00a0SFTP;\u00a0802.1x;<\/td>\n<\/tr>\n<tr>\n<td colspan=\"18\">Stockage Edge<\/td>\n<td colspan=\"42\">Carte micro SD (256G)<\/td>\n<\/tr>\n<tr>\n<td colspan=\"18\">Interop\u00e9rabilit\u00e9<\/td>\n<td colspan=\"42\">ONVIF;\u00a0CGI;\u00a0SDK DAHUA<\/td>\n<\/tr>\n<tr>\n<td colspan=\"18\">Navigateur<\/td>\n<td colspan=\"42\">IE: IE8 et les versions ult\u00e9rieures, et explorateur avec le noyau IE<br \/>\nGoogle: 42 et les<br \/>\nversions\u00a0ant\u00e9rieures de\u00a0Firefox: 42 et les versions ant\u00e9rieures<\/td>\n<\/tr>\n<tr>\n<td colspan=\"18\">Utilisateur \/ h\u00f4te<\/td>\n<td colspan=\"42\">20 utilisateurs au maximum (bande passante totale 64 Mbps)<\/td>\n<\/tr>\n<tr>\n<td colspan=\"18\">S\u00e9curit\u00e9<\/td>\n<td colspan=\"42\">Nom d&#8217;utilisateur et mot de passe autoris\u00e9s;\u00a0adresse MAC attach\u00e9e;\u00a0HTTPS crypt\u00e9;\u00a0IEEE 802.1x;\u00a0acc\u00e8s r\u00e9seau contr\u00f4l\u00e9<\/td>\n<\/tr>\n<tr>\n<td colspan=\"60\">\n<h2><span style=\"font-size: 14pt;\">Certification<\/span><\/h2>\n<\/td>\n<\/tr>\n<tr>\n<td colspan=\"18\">Certifications<\/td>\n<td colspan=\"42\">CE: EN55032: 2015;\u00a0EN61000-3-2: 2014<\/p>\n<p>FCC: CFR 47 FCC Part15 sous-partie B;\u00a0ANSI C63.4-2014<\/td>\n<\/tr>\n<tr>\n<td colspan=\"60\">\n<h2><span style=\"font-size: 14pt;\">Port<\/span><\/h2>\n<\/td>\n<\/tr>\n<tr>\n<td colspan=\"18\">Ethernet<\/td>\n<td colspan=\"42\">1 port Ethernet 10 M \/ 100 M (RJ-45)<\/td>\n<\/tr>\n<tr>\n<td colspan=\"18\">Entr\u00e9e audio<\/td>\n<td colspan=\"42\">1<\/td>\n<\/tr>\n<tr>\n<td colspan=\"18\">Sortie audio<\/td>\n<td colspan=\"42\">1<\/td>\n<\/tr>\n<tr>\n<td colspan=\"18\">Entr\u00e9e d&#8217;alarme<\/td>\n<td colspan=\"42\">2<\/td>\n<\/tr>\n<tr>\n<td colspan=\"18\">Sortie d&#8217;alarme<\/td>\n<td colspan=\"42\">1<\/td>\n<\/tr>\n<tr>\n<td colspan=\"18\">RS-485<\/td>\n<td colspan=\"42\">1<\/td>\n<\/tr>\n<tr>\n<td colspan=\"60\">\n<h2><span style=\"font-size: 14pt;\">Puissance<\/span><\/h2>\n<\/td>\n<\/tr>\n<tr>\n<td colspan=\"18\">Source de courant<\/td>\n<td colspan=\"42\">12 V \u00b1 20% DC;\u00a0POE (802.3af);\u00a0ePOE<\/td>\n<\/tr>\n<tr>\n<td colspan=\"18\">Consommation d&#8217;\u00e9nergie<\/td>\n<td colspan=\"42\">Consommation de base: &lt;8W (12V DC)<br \/>\nConsommation maximale: &lt;18W (12V DC, sans adaptateur secteur)<\/td>\n<\/tr>\n<tr>\n<td colspan=\"60\">\n<h2><span style=\"font-size: 14pt;\">Environnement<\/span><\/h2>\n<\/td>\n<\/tr>\n<tr>\n<td colspan=\"18\">Temp\u00e9rature de fonctionnement<\/td>\n<td colspan=\"42\">10 \u00b0 C \u00e0 + 30 \u00b0 C (50 \u00b0 F \u00e0 86 \u00b0 F)<\/td>\n<\/tr>\n<tr>\n<td colspan=\"18\">humidit\u00e9 d&#8217;exploitation<\/td>\n<td colspan=\"42\">\u226493% \u00e0 40 \u00b0 C (104 \u00b0 F)<\/td>\n<\/tr>\n<tr>\n<td colspan=\"18\">Protection contre la p\u00e9n\u00e9tration<\/td>\n<td colspan=\"42\">IP67<\/td>\n<\/tr>\n<tr>\n<td colspan=\"60\">\n<h2><span style=\"font-size: 14pt;\">Structure<\/span><\/h2>\n<\/td>\n<\/tr>\n<tr>\n<td colspan=\"18\">dimensions du produit<\/td>\n<td colspan=\"42\">287,3 mm \u00d7 92,7 mm \u00d7 87,0 mm (11,3 &#8220;\u00d7 3,6&#8221; \u00d7 3,4 &#8220;)<\/td>\n<\/tr>\n<tr>\n<td colspan=\"18\">Dimensions de l&#8217;emballage<\/td>\n<td colspan=\"42\">365 mm \u00d7 175 mm \u00d7 176 mm (14,37 &#8220;\u00d7 6,89&#8221; \u00d7 6,93 &#8220;)<\/td>\n<\/tr>\n<tr>\n<td colspan=\"18\">Poids net<\/td>\n<td colspan=\"42\">\u22641,4 kg (3,09 livres)<\/td>\n<\/tr>\n<tr>\n<td colspan=\"18\">Poids brut<\/td>\n<td colspan=\"42\">\u22641,9 kg (4,19 livres)<\/td>\n<\/tr>\n<\/tbody>\n<\/table>\n","protected":false},"excerpt":{"rendered":"<h1><span style=\"color: #000000; font-family: georgia, palatino, serif;\"><strong><span style=\"font-size: 10pt;\">Cam\u00e9ra thermique de surveillance de la temp\u00e9rature<\/span><\/strong><\/span><\/h1>\n<ul>\n<li>256 \u00d7 192 Oxyde de vanadium FPA non refroidi<\/li>\n<li>Objectif athermalis\u00e9 (cam\u00e9ra thermique), sans mise au point<\/li>\n<li>Liaison intelligente avec lumi\u00e8re stroboscopique et audio<\/li>\n<li>Pr\u00e9cision de la temp\u00e9rature \u00b1 0,3 \u00b0 C avec corps noir<\/li>\n<li>Plage de mesure de temp\u00e9rature: 30 \u00b0 C \u00e0 45 \u00b0 C<\/li>\n<li>IP67; Stockage Micro SD<\/li>\n<\/ul>\n","protected":false},"featured_media":19216,"comment_status":"open","ping_status":"closed","template":"","meta":{"om_disable_all_campaigns":false,"_monsterinsights_skip_tracking":false,"_monsterinsights_sitenote_active":false,"_monsterinsights_sitenote_note":"","_monsterinsights_sitenote_category":0},"product_cat":[760,303,302,759],"product_tag":[205,260,261,262,210,263,264,211,228,212,213,265,214,229,266,193,267,216,268,195,218,269,196,270,271,272,197,198,199,220,273,241,200,274,275,201,276,277,222,278,279,280,281,282,283,284,285,1093,286,224,225,287,288,289,226,290,761,762,291,292],"class_list":{"0":"post-19171","1":"product","2":"type-product","3":"status-publish","4":"has-post-thumbnail","6":"product_cat-2mp-thermique","7":"product_cat-cameras-ip","8":"product_cat-produits-ip","9":"product_cat-thermique","10":"product_tag-alarme","11":"product_tag-camera-de-surveillance-tanger","12":"product_tag-camera-ip-dahua","13":"product_tag-camera-maroc","14":"product_tag-camera-surveillance-afrique","15":"product_tag-camera-surveillance-avec-un-bon-prix","16":"product_tag-camera-surveillance-casablanca","17":"product_tag-camera-surveillance-dahua","18":"product_tag-camera-surveillance-maroc","19":"product_tag-camera-surveillance-tanger","20":"product_tag-camera-dahua","21":"product_tag-control-dacces-tanger","22":"product_tag-dahua-afrique","23":"product_tag-dahua-agadir","24":"product_tag-dahua-azrou","25":"product_tag-dahua-casablanca","26":"product_tag-dahua-dakhla","27":"product_tag-dahua-el-jadida","28":"product_tag-dahua-errachidia","29":"product_tag-dahua-fes","30":"product_tag-dahua-hoceima","31":"product_tag-dahua-ifrane","32":"product_tag-dahua-kenitra","33":"product_tag-dahua-khemisset","34":"product_tag-dahua-khouribga","35":"product_tag-dahua-laayoune","36":"product_tag-dahua-maroc","37":"product_tag-dahua-marrakech","38":"product_tag-dahua-meknes","39":"product_tag-dahua-nador","40":"product_tag-dahua-ouarzazate","41":"product_tag-dahua-oujda","42":"product_tag-dahua-rabat","43":"product_tag-dahua-safi","44":"product_tag-dahua-settat","45":"product_tag-dahua-tanger","46":"product_tag-dahua-taroudant","47":"product_tag-dahua-taza","48":"product_tag-dahua-tetouan","49":"product_tag-dahua-tiflet","50":"product_tag-dahua-tiznit","51":"product_tag-desenfumage-tanger","52":"product_tag-detection-incendie","53":"product_tag-distributeur-dahua","54":"product_tag-installation-alarme","55":"product_tag-installations-camera-de-surveillance-maroc","56":"product_tag-moniteur-dimage","57":"product_tag-onstuck","58":"product_tag-pack-camera-de-surveillance","59":"product_tag-pack-camera-de-surveillance-dahua","60":"product_tag-pointeuse","61":"product_tag-porte-automatiques","62":"product_tag-portes-coup-feu-tanger","63":"product_tag-skydome-tanger","64":"product_tag-smart-lock","65":"product_tag-sprinkler-tanger","66":"product_tag-tpc-bf2221-t","67":"product_tag-tpc-bf2221-t-camera-bullet-hybride-a-reseau-thermique","68":"product_tag-travaux-d-incendie-tanger","69":"product_tag-video-surveillance-tanger","70":"ts_product_brand-dahua","72":"first","73":"instock","74":"shipping-taxable","75":"purchasable","76":"product-type-simple","77":"add-to-wishlist-after_add_to_cart"},"aioseo_notices":[],"_links":{"self":[{"href":"https:\/\/tthcompany.ma\/index.php\/wp-json\/wp\/v2\/product\/19171","targetHints":{"allow":["GET"]}}],"collection":[{"href":"https:\/\/tthcompany.ma\/index.php\/wp-json\/wp\/v2\/product"}],"about":[{"href":"https:\/\/tthcompany.ma\/index.php\/wp-json\/wp\/v2\/types\/product"}],"replies":[{"embeddable":true,"href":"https:\/\/tthcompany.ma\/index.php\/wp-json\/wp\/v2\/comments?post=19171"}],"wp:featuredmedia":[{"embeddable":true,"href":"https:\/\/tthcompany.ma\/index.php\/wp-json\/wp\/v2\/media\/19216"}],"wp:attachment":[{"href":"https:\/\/tthcompany.ma\/index.php\/wp-json\/wp\/v2\/media?parent=19171"}],"wp:term":[{"taxonomy":"product_cat","embeddable":true,"href":"https:\/\/tthcompany.ma\/index.php\/wp-json\/wp\/v2\/product_cat?post=19171"},{"taxonomy":"product_tag","embeddable":true,"href":"https:\/\/tthcompany.ma\/index.php\/wp-json\/wp\/v2\/product_tag?post=19171"}],"curies":[{"name":"wp","href":"https:\/\/api.w.org\/{rel}","templated":true}]}}