{"id":19170,"date":"2022-08-17T10:28:52","date_gmt":"2022-08-17T10:28:52","guid":{"rendered":"https:\/\/tthcompany.ma\/?post_type=product&#038;p=19170"},"modified":"2022-08-17T10:29:28","modified_gmt":"2022-08-17T10:29:28","slug":"tpc-ht2201","status":"publish","type":"product","link":"https:\/\/tthcompany.ma\/index.php\/product\/tpc-ht2201\/","title":{"rendered":"TPC-HT2201"},"content":{"rendered":"<h3 class=\"fs18 mt30 mb10 color\">Sp\u00e9cification de produit<\/h3>\n<table>\n<tbody>\n<tr>\n<td class=\"tdwdt\">Marque<\/td>\n<td class=\"tdwdt1\">Dahua<\/td>\n<\/tr>\n<tr>\n<td class=\"tdwdt\">Mod\u00e8le<\/td>\n<td class=\"tdwdt1\">DH-TPC-HT2201<\/td>\n<\/tr>\n<tr>\n<td class=\"tdwdt\">\u00c9cart de temp\u00e9rature<\/td>\n<td class=\"tdwdt1\">15 degr\u00e9s C \u00e0 35 degr\u00e9s C (59 degr\u00e9s F \u00e0 95 degr\u00e9s F)<\/td>\n<\/tr>\n<tr>\n<td class=\"tdwdt\">R\u00e9solution<\/td>\n<td class=\"tdwdt1\">320 x 240<\/td>\n<\/tr>\n<tr>\n<td class=\"tdwdt\">Pr\u00e9cision<\/td>\n<td class=\"tdwdt1\">+ -0,5 degr\u00e9s C (temp\u00e9rature de fonctionnement 15 degr\u00e9s C ~ 35 degr\u00e9s C)<\/td>\n<\/tr>\n<tr>\n<td class=\"tdwdt\">Afficher<\/td>\n<td class=\"tdwdt1\">LCD<\/td>\n<\/tr>\n<tr>\n<td class=\"tdwdt\">Champ de vision<\/td>\n<td class=\"tdwdt1\">37,8 degr\u00e9s x 50,6 degr\u00e9s<\/td>\n<\/tr>\n<\/tbody>\n<\/table>\n","protected":false},"excerpt":{"rendered":"<ul>\n<li>256 \u00d7 192 uncooled VOx thermal sensor technology<\/li>\n<li>Measurement Accuracy: \u00b10.5\u00b0C<\/li>\n<li>Smart buzzer alarm<\/li>\n<li>Support live view on PC by micro USB<\/li>\n<li>High temperature automatic shooting<\/li>\n<li>Non-contact temperature monitoring<\/li>\n<\/ul>\n","protected":false},"featured_media":19215,"comment_status":"open","ping_status":"closed","template":"","meta":{"om_disable_all_campaigns":false,"_monsterinsights_skip_tracking":false,"_monsterinsights_sitenote_active":false,"_monsterinsights_sitenote_note":"","_monsterinsights_sitenote_category":0},"product_cat":[583],"product_tag":[205,260,261,262,210,263,264,211,228,212,213,265,214,229,266,193,267,216,268,195,218,269,196,270,271,272,197,198,199,220,273,241,200,274,275,201,276,277,222,278,279,280,281,282,283,284,285,286,224,225,287,288,289,226,290,758,291,292],"class_list":{"0":"post-19170","1":"product","2":"type-product","3":"status-publish","4":"has-post-thumbnail","6":"product_cat-accessoires","7":"product_tag-alarme","8":"product_tag-camera-de-surveillance-tanger","9":"product_tag-camera-ip-dahua","10":"product_tag-camera-maroc","11":"product_tag-camera-surveillance-afrique","12":"product_tag-camera-surveillance-avec-un-bon-prix","13":"product_tag-camera-surveillance-casablanca","14":"product_tag-camera-surveillance-dahua","15":"product_tag-camera-surveillance-maroc","16":"product_tag-camera-surveillance-tanger","17":"product_tag-camera-dahua","18":"product_tag-control-dacces-tanger","19":"product_tag-dahua-afrique","20":"product_tag-dahua-agadir","21":"product_tag-dahua-azrou","22":"product_tag-dahua-casablanca","23":"product_tag-dahua-dakhla","24":"product_tag-dahua-el-jadida","25":"product_tag-dahua-errachidia","26":"product_tag-dahua-fes","27":"product_tag-dahua-hoceima","28":"product_tag-dahua-ifrane","29":"product_tag-dahua-kenitra","30":"product_tag-dahua-khemisset","31":"product_tag-dahua-khouribga","32":"product_tag-dahua-laayoune","33":"product_tag-dahua-maroc","34":"product_tag-dahua-marrakech","35":"product_tag-dahua-meknes","36":"product_tag-dahua-nador","37":"product_tag-dahua-ouarzazate","38":"product_tag-dahua-oujda","39":"product_tag-dahua-rabat","40":"product_tag-dahua-safi","41":"product_tag-dahua-settat","42":"product_tag-dahua-tanger","43":"product_tag-dahua-taroudant","44":"product_tag-dahua-taza","45":"product_tag-dahua-tetouan","46":"product_tag-dahua-tiflet","47":"product_tag-dahua-tiznit","48":"product_tag-desenfumage-tanger","49":"product_tag-detection-incendie","50":"product_tag-distributeur-dahua","51":"product_tag-installation-alarme","52":"product_tag-installations-camera-de-surveillance-maroc","53":"product_tag-moniteur-dimage","54":"product_tag-pack-camera-de-surveillance","55":"product_tag-pack-camera-de-surveillance-dahua","56":"product_tag-pointeuse","57":"product_tag-porte-automatiques","58":"product_tag-portes-coup-feu-tanger","59":"product_tag-skydome-tanger","60":"product_tag-smart-lock","61":"product_tag-sprinkler-tanger","62":"product_tag-tpc-ht2201","63":"product_tag-travaux-d-incendie-tanger","64":"product_tag-video-surveillance-tanger","66":"first","67":"instock","68":"shipping-taxable","69":"purchasable","70":"product-type-simple","71":"add-to-wishlist-after_add_to_cart"},"aioseo_notices":[],"_links":{"self":[{"href":"https:\/\/tthcompany.ma\/index.php\/wp-json\/wp\/v2\/product\/19170","targetHints":{"allow":["GET"]}}],"collection":[{"href":"https:\/\/tthcompany.ma\/index.php\/wp-json\/wp\/v2\/product"}],"about":[{"href":"https:\/\/tthcompany.ma\/index.php\/wp-json\/wp\/v2\/types\/product"}],"replies":[{"embeddable":true,"href":"https:\/\/tthcompany.ma\/index.php\/wp-json\/wp\/v2\/comments?post=19170"}],"wp:featuredmedia":[{"embeddable":true,"href":"https:\/\/tthcompany.ma\/index.php\/wp-json\/wp\/v2\/media\/19215"}],"wp:attachment":[{"href":"https:\/\/tthcompany.ma\/index.php\/wp-json\/wp\/v2\/media?parent=19170"}],"wp:term":[{"taxonomy":"product_cat","embeddable":true,"href":"https:\/\/tthcompany.ma\/index.php\/wp-json\/wp\/v2\/product_cat?post=19170"},{"taxonomy":"product_tag","embeddable":true,"href":"https:\/\/tthcompany.ma\/index.php\/wp-json\/wp\/v2\/product_tag?post=19170"}],"curies":[{"name":"wp","href":"https:\/\/api.w.org\/{rel}","templated":true}]}}