{"id":19167,"date":"2022-08-17T10:28:52","date_gmt":"2022-08-17T10:28:52","guid":{"rendered":"https:\/\/tthcompany.ma\/?post_type=product&#038;p=19167"},"modified":"2022-08-17T10:29:25","modified_gmt":"2022-08-17T10:29:25","slug":"tpc-bf3221-t","status":"publish","type":"product","link":"https:\/\/tthcompany.ma\/index.php\/product\/tpc-bf3221-t\/","title":{"rendered":"TPC-BF3221-T"},"content":{"rendered":"<div id=\"div_left\">\n<div class=\"div-drop\">\n<table id=\"table001\" class=\"NEW-TABLE TableOverride-1 tab-drag\">\n<tbody>\n<tr>\n<td colspan=\"60\">\n<h2><span style=\"font-size: 14pt;\">Cam\u00e9ra thermique<\/span><\/h2>\n<\/td>\n<\/tr>\n<tr>\n<td colspan=\"18\">Pixels efficaces<\/td>\n<td colspan=\"42\">256 (H) x192 (V)<\/td>\n<\/tr>\n<tr>\n<td colspan=\"18\">Taille de pixel<\/td>\n<td colspan=\"42\">12\u03bcm<\/td>\n<\/tr>\n<tr>\n<td colspan=\"18\">Sensibilit\u00e9 thermique (NETD)<\/td>\n<td colspan=\"42\">&lt;50mK@f\/1.1<\/td>\n<\/tr>\n<tr>\n<td colspan=\"18\">Gamme spectrale<\/td>\n<td colspan=\"42\">8 \u03bcm \u2013 14 \u03bcm<\/td>\n<\/tr>\n<tr>\n<td colspan=\"18\">R\u00e9glage de l&#8217;image<\/td>\n<td colspan=\"42\">Luminosit\u00e9 \/ nettet\u00e9 \/ ROI \/ AGC \/ FFC \/ 3D DNR<\/td>\n<\/tr>\n<tr>\n<td colspan=\"18\">Palettes de couleurs<\/td>\n<td colspan=\"42\">18 (Whitehot \/ Blackhot \/ Ironrow \/ Icefire \/<\/p>\n<p>Fusion \/ Arc-en-ciel \/ Globow \/ Iconbow1 \/<\/p>\n<p>Iconbow2 .etc)<\/td>\n<\/tr>\n<tr>\n<td colspan=\"18\">Type d&#8217;objectif<\/td>\n<td colspan=\"42\">Fix\u00e9<\/td>\n<\/tr>\n<tr>\n<td colspan=\"18\">Contr\u00f4le de la mise au point<\/td>\n<td colspan=\"42\"><span lang=\"zh-CN\">Athermalis\u00e9, sans mise au point<\/span><\/td>\n<\/tr>\n<tr>\n<td colspan=\"18\">Distance focale<\/td>\n<td colspan=\"42\">7,1 mm<\/td>\n<\/tr>\n<tr>\n<td colspan=\"18\">Angle de vue<\/td>\n<td colspan=\"42\"><span lang=\"zh-CN\">H: 24\u00a0<\/span>\u00b0<\/p>\n<p>V:\u00a0<span lang=\"zh-CN\">18\u00a0<\/span>\u00b0<\/td>\n<\/tr>\n<tr>\n<td colspan=\"60\">\n<h2><span style=\"font-size: 14pt;\">Cam\u00e9ra visible<\/span><\/h2>\n<\/td>\n<\/tr>\n<tr>\n<td colspan=\"18\">Capteur d&#8217;image<\/td>\n<td colspan=\"42\">CMOS 1 \/ 2,8 &#8220;2M<\/td>\n<\/tr>\n<tr>\n<td colspan=\"18\">Pixels efficaces<\/td>\n<td colspan=\"42\">1920 (H) x1080 (V)<\/td>\n<\/tr>\n<tr>\n<td colspan=\"18\">Vitesse d&#8217;obturation \u00e9lectronique<\/td>\n<td colspan=\"42\">1\/1 ~ 1\/30 000s<\/td>\n<\/tr>\n<tr>\n<td colspan=\"18\">Min.\u00a0\u00c9clairage<\/td>\n<td colspan=\"42\">Couleur: 0,005 lux;\u00a0N \/ B: 0,0005 Lux;\u00a00Lux (IR activ\u00e9)<\/td>\n<\/tr>\n<tr>\n<td colspan=\"18\">Distance IR<\/td>\n<td colspan=\"42\">35m<\/td>\n<\/tr>\n<tr>\n<td colspan=\"18\">Contr\u00f4le marche \/ arr\u00eat infrarouge<\/td>\n<td colspan=\"42\">Auto\u00a0<span lang=\"zh-CN\">\/ Manuel<\/span><\/td>\n<\/tr>\n<tr>\n<td colspan=\"18\">LED IR<\/td>\n<td colspan=\"42\">1<\/td>\n<\/tr>\n<tr>\n<td colspan=\"18\">Distance focale<\/td>\n<td colspan=\"42\">8 mm<\/td>\n<\/tr>\n<tr>\n<td colspan=\"18\">Ouverture<\/td>\n<td colspan=\"42\">F1.9<\/td>\n<\/tr>\n<tr>\n<td colspan=\"18\">Angle de vue<\/td>\n<td colspan=\"42\">H: 40 \u00b0 V: 22 \u00b0<\/td>\n<\/tr>\n<tr>\n<td colspan=\"18\">BLC<\/td>\n<td colspan=\"42\">Oui<\/td>\n<\/tr>\n<tr>\n<td colspan=\"18\">WDR<\/td>\n<td colspan=\"42\">Oui<\/td>\n<\/tr>\n<tr>\n<td colspan=\"18\">HLC<\/td>\n<td colspan=\"42\">Oui<\/td>\n<\/tr>\n<tr>\n<td colspan=\"18\">Balance des blancs<\/td>\n<td colspan=\"42\">Auto \/ Manuel \/ Int\u00e9rieur \/ Ext\u00e9rieur \/ Suivi \/ Lampe au sodium \/ Lampadaire \/ Naturel<\/td>\n<\/tr>\n<tr>\n<td colspan=\"18\">AGC<\/td>\n<td colspan=\"42\">Auto;\u00a0Manuel<\/td>\n<\/tr>\n<\/tbody>\n<\/table>\n<\/div>\n<\/div>\n<div id=\"div_left\">\n<div class=\"div-drop\">\n<table id=\"table002\" class=\"NEW-TABLE TableOverride-1 tab-drag\">\n<tbody>\n<tr>\n<td colspan=\"60\">\n<h2><span style=\"font-size: 14pt;\">Mesure de temp\u00e9rature<\/span><\/h2>\n<\/td>\n<\/tr>\n<tr>\n<td colspan=\"18\">Plage de mesure<\/td>\n<td colspan=\"42\">30 \u00b0 C ~ + 45 \u00b0 C<\/td>\n<\/tr>\n<tr>\n<td colspan=\"18\">Pr\u00e9cision de mesure<\/td>\n<td colspan=\"42\">\u00b1 0,3 \u00b0 C, avec corps noir<\/td>\n<\/tr>\n<\/tbody>\n<\/table>\n<\/div>\n<\/div>\n<div id=\"div_left\">\n<div class=\"div-drop\">\n<table id=\"table003\" class=\"NEW-TABLE TableOverride-1 tab-drag\">\n<tbody>\n<tr>\n<td colspan=\"60\">\n<h2><span style=\"font-size: 14pt;\">Vid\u00e9o<\/span><\/h2>\n<\/td>\n<\/tr>\n<tr>\n<td colspan=\"18\">Compression<\/td>\n<td colspan=\"42\">H.265 \/ H.264 \/ MJPEG<\/td>\n<\/tr>\n<tr>\n<td colspan=\"18\">Fr\u00e9quence d&#8217;images<\/td>\n<td colspan=\"42\">Thermique<\/p>\n<p>Courant dominant:<\/p>\n<p>(1280 \u00d7 1024\/1024 \u00d7 768\/640 \u00d7 480\/256 \u00d7<\/p>\n<p>192 @), 1280 \u00d7 960 par d\u00e9faut;<\/p>\n<p>Sous-flux: (640 \u00d7 512\/256 \u00d7 192 @), 256 \u00d7<\/p>\n<p>192 par d\u00e9faut<\/p>\n<p>Visible<\/p>\n<p>Flux principal: (1920 \u00d7 1080\/1280 \u00d7 720\/704<\/p>\n<p>\u00d7 576 @), 1920 \u00d7 1080 par d\u00e9faut;<\/p>\n<p>Sous-flux: (704 \u00d7 576\/352 \u00d7 288 @), 355 x<\/p>\n<p>288 par d\u00e9faut<\/p>\n<p>Thermique:<\/p>\n<p>50Hz:<\/p>\n<p>Flux principal (1fps-25fps), 25fps par d\u00e9faut;<\/p>\n<p>sous-flux (1fps-25fps), 15fps par d\u00e9faut;<\/p>\n<p>60Hz:<\/p>\n<p>Flux principal (1fps-30fps), 30fps par d\u00e9faut;<\/p>\n<p>sous-flux (1fps-30fps), 15fps par d\u00e9faut;<\/p>\n<p>Visuel:<\/p>\n<p>50Hz:<\/p>\n<p>Flux principal (1fps-25fps), 25fps par d\u00e9faut;<\/p>\n<p>sous-flux (1fps-25fps), 15fps par d\u00e9faut;<\/p>\n<p>60Hz:<\/p>\n<p>Flux principal (1fps-30fps), 30fps par d\u00e9faut;<\/p>\n<p>sous-flux (1fps-30fps), 15fps par d\u00e9faut;<\/td>\n<\/tr>\n<tr>\n<td colspan=\"60\">\n<h2><span style=\"font-size: 14pt;\">l&#8217;audio<\/span><\/h2>\n<\/td>\n<\/tr>\n<tr>\n<td colspan=\"18\">Compression<\/td>\n<td colspan=\"42\">G.711a \/ G.711Mu \/ AAC<\/td>\n<\/tr>\n<tr>\n<td colspan=\"60\">\n<h2><span style=\"font-size: 14pt;\">R\u00e9seau<\/span><\/h2>\n<\/td>\n<\/tr>\n<tr>\n<td colspan=\"18\">Ethernet<\/td>\n<td colspan=\"42\">RJ-45 (10 \/ 100Base-T)<\/td>\n<\/tr>\n<tr>\n<td colspan=\"18\">Protocole<\/td>\n<td colspan=\"42\">IPv4 \/ IPv6, HTTP, HTTPS, SSL, TCP \/ IP, UDP, UPnP, ICMP, IGMP, SNMP, RTSP, RTP, SMTP, NTP, DHCP, DNS, PPPOE, DDNS, FTP, filtre IP, QoS, Bonjour, 802.1 X<\/td>\n<\/tr>\n<tr>\n<td colspan=\"18\">L&#8217;interop\u00e9rabilit\u00e9<\/td>\n<td colspan=\"42\">Profil S &amp; G, API<\/td>\n<\/tr>\n<tr>\n<td colspan=\"18\">Streaming\u00a0<span lang=\"zh-CN\">M\u00a0<\/span>\u00e9thode<\/td>\n<td colspan=\"42\">Unicast \/ Multicast<\/td>\n<\/tr>\n<tr>\n<td colspan=\"18\">Max.\u00a0Acc\u00e8s utilisateur<\/td>\n<td colspan=\"42\">10 utilisateurs \/ 20 utilisateurs<\/td>\n<\/tr>\n<\/tbody>\n<\/table>\n<\/div>\n<\/div>\n<div id=\"div_left\">\n<div class=\"div-drop\">\n<table id=\"table004\" class=\"NEW-TABLE TableOverride-1 tab-drag\">\n<tbody>\n<tr>\n<td colspan=\"60\">\n<h2><span style=\"font-size: 14pt;\">Certifications<\/span><\/h2>\n<\/td>\n<\/tr>\n<tr>\n<td colspan=\"18\">La certification<\/td>\n<td colspan=\"42\">CE\u00a0FCC<\/td>\n<\/tr>\n<tr>\n<td colspan=\"60\">Interface<\/td>\n<\/tr>\n<tr>\n<td colspan=\"18\">Interface audio<\/td>\n<td colspan=\"42\">1\/1 entr\u00e9e \/ sortie<\/td>\n<\/tr>\n<tr>\n<td colspan=\"18\">RS485<\/td>\n<td colspan=\"42\">Soutien<\/td>\n<\/tr>\n<tr>\n<td colspan=\"18\">Alarme<\/td>\n<td colspan=\"42\">Entr\u00e9e \/ sortie 2\/1<\/td>\n<\/tr>\n<tr>\n<td colspan=\"60\">\n<h2><span style=\"font-size: 14pt;\">\u00c9lectrique<\/span><\/h2>\n<\/td>\n<\/tr>\n<tr>\n<td colspan=\"18\">Source de courant<\/td>\n<td colspan=\"42\">12V \u00b1 20% DC, 1.2A, PoE (802.3af), ePoE<\/td>\n<\/tr>\n<tr>\n<td colspan=\"18\">Consommation d&#8217;\u00e9nergie<\/td>\n<td colspan=\"42\">De base: 5,0 W<\/p>\n<p>Maximum: 12 W (adaptateur secteur exclu)<\/td>\n<\/tr>\n<tr>\n<td colspan=\"60\">\n<h2><span style=\"font-size: 14pt;\">Environnement<\/span><\/h2>\n<\/td>\n<\/tr>\n<tr>\n<td colspan=\"18\">Condition de fonctionnement<\/td>\n<td colspan=\"42\">10 \u00b0 C ~ + 30 \u00b0 C<\/td>\n<\/tr>\n<tr>\n<td colspan=\"18\">humidit\u00e9 d&#8217;exploitation<\/td>\n<td colspan=\"42\">\u226495%<\/td>\n<\/tr>\n<tr>\n<td colspan=\"18\">Protection contre la p\u00e9n\u00e9tration<\/td>\n<td colspan=\"42\">IP67<\/td>\n<\/tr>\n<tr>\n<td colspan=\"60\">\n<h2><span style=\"font-size: 14pt;\">Construction<\/span><\/h2>\n<\/td>\n<\/tr>\n<tr>\n<td colspan=\"18\">Enveloppe<\/td>\n<td colspan=\"42\">M\u00e9tal<\/td>\n<\/tr>\n<tr>\n<td colspan=\"18\">Dimensions<\/td>\n<td colspan=\"42\">279,9 mm \u00d7 103,8 mm \u00d7 95,8 mm (avec support)<\/td>\n<\/tr>\n<tr>\n<td colspan=\"18\">Poids<\/td>\n<td colspan=\"42\"><span lang=\"zh-CN\">\uff1c<\/span>1,4 kg<\/td>\n<\/tr>\n<\/tbody>\n<\/table>\n<\/div>\n<\/div>\n","protected":false},"excerpt":{"rendered":"<h1 class=\"text\"><span style=\"font-size: 10pt; color: #000000;\"><strong>Cam\u00e9ra Bullet Thermique<\/strong><\/span><\/h1>\n<ul>\n<li>Technologie de capteur thermique non refroidi 256 x 192 VOx<\/li>\n<li>Objectif athermalis\u00e9 (cam\u00e9ra thermique), sans mise au point<\/li>\n<li>Liaison intelligente avec lumi\u00e8re stroboscopique et audio<\/li>\n<li>Pr\u00e9cision de mesure: \u00b1 0,3 \u00b0 C, avec corps noir<\/li>\n<li>Plage de mesure de la temp\u00e9rature: 30 \u00b0 C \u00e0 45 \u00b0 C<\/li>\n<li>M\u00e9moire Micro SD, IP67, ePoE, PoE<\/li>\n<\/ul>\n","protected":false},"featured_media":19210,"comment_status":"open","ping_status":"closed","template":"","meta":{"om_disable_all_campaigns":false,"_monsterinsights_skip_tracking":false,"_monsterinsights_sitenote_active":false,"_monsterinsights_sitenote_note":"","_monsterinsights_sitenote_category":0},"product_cat":[756],"product_tag":[205,260,261,262,210,263,264,211,228,212,213,265,214,229,266,193,267,216,268,195,218,269,196,270,271,272,197,198,199,220,273,241,200,274,275,201,276,277,222,278,279,280,281,282,283,284,285,286,224,225,287,288,289,226,290,291,292],"class_list":{"0":"post-19167","1":"product","2":"type-product","3":"status-publish","4":"has-post-thumbnail","6":"product_cat-non-classe","7":"product_tag-alarme","8":"product_tag-camera-de-surveillance-tanger","9":"product_tag-camera-ip-dahua","10":"product_tag-camera-maroc","11":"product_tag-camera-surveillance-afrique","12":"product_tag-camera-surveillance-avec-un-bon-prix","13":"product_tag-camera-surveillance-casablanca","14":"product_tag-camera-surveillance-dahua","15":"product_tag-camera-surveillance-maroc","16":"product_tag-camera-surveillance-tanger","17":"product_tag-camera-dahua","18":"product_tag-control-dacces-tanger","19":"product_tag-dahua-afrique","20":"product_tag-dahua-agadir","21":"product_tag-dahua-azrou","22":"product_tag-dahua-casablanca","23":"product_tag-dahua-dakhla","24":"product_tag-dahua-el-jadida","25":"product_tag-dahua-errachidia","26":"product_tag-dahua-fes","27":"product_tag-dahua-hoceima","28":"product_tag-dahua-ifrane","29":"product_tag-dahua-kenitra","30":"product_tag-dahua-khemisset","31":"product_tag-dahua-khouribga","32":"product_tag-dahua-laayoune","33":"product_tag-dahua-maroc","34":"product_tag-dahua-marrakech","35":"product_tag-dahua-meknes","36":"product_tag-dahua-nador","37":"product_tag-dahua-ouarzazate","38":"product_tag-dahua-oujda","39":"product_tag-dahua-rabat","40":"product_tag-dahua-safi","41":"product_tag-dahua-settat","42":"product_tag-dahua-tanger","43":"product_tag-dahua-taroudant","44":"product_tag-dahua-taza","45":"product_tag-dahua-tetouan","46":"product_tag-dahua-tiflet","47":"product_tag-dahua-tiznit","48":"product_tag-desenfumage-tanger","49":"product_tag-detection-incendie","50":"product_tag-distributeur-dahua","51":"product_tag-installation-alarme","52":"product_tag-installations-camera-de-surveillance-maroc","53":"product_tag-moniteur-dimage","54":"product_tag-pack-camera-de-surveillance","55":"product_tag-pack-camera-de-surveillance-dahua","56":"product_tag-pointeuse","57":"product_tag-porte-automatiques","58":"product_tag-portes-coup-feu-tanger","59":"product_tag-skydome-tanger","60":"product_tag-smart-lock","61":"product_tag-sprinkler-tanger","62":"product_tag-travaux-d-incendie-tanger","63":"product_tag-video-surveillance-tanger","65":"first","66":"instock","67":"shipping-taxable","68":"purchasable","69":"product-type-simple","70":"add-to-wishlist-after_add_to_cart"},"aioseo_notices":[],"_links":{"self":[{"href":"https:\/\/tthcompany.ma\/index.php\/wp-json\/wp\/v2\/product\/19167","targetHints":{"allow":["GET"]}}],"collection":[{"href":"https:\/\/tthcompany.ma\/index.php\/wp-json\/wp\/v2\/product"}],"about":[{"href":"https:\/\/tthcompany.ma\/index.php\/wp-json\/wp\/v2\/types\/product"}],"replies":[{"embeddable":true,"href":"https:\/\/tthcompany.ma\/index.php\/wp-json\/wp\/v2\/comments?post=19167"}],"wp:featuredmedia":[{"embeddable":true,"href":"https:\/\/tthcompany.ma\/index.php\/wp-json\/wp\/v2\/media\/19210"}],"wp:attachment":[{"href":"https:\/\/tthcompany.ma\/index.php\/wp-json\/wp\/v2\/media?parent=19167"}],"wp:term":[{"taxonomy":"product_cat","embeddable":true,"href":"https:\/\/tthcompany.ma\/index.php\/wp-json\/wp\/v2\/product_cat?post=19167"},{"taxonomy":"product_tag","embeddable":true,"href":"https:\/\/tthcompany.ma\/index.php\/wp-json\/wp\/v2\/product_tag?post=19167"}],"curies":[{"name":"wp","href":"https:\/\/api.w.org\/{rel}","templated":true}]}}