{"id":19158,"date":"2022-08-17T10:28:51","date_gmt":"2022-08-17T10:28:51","guid":{"rendered":"https:\/\/tthcompany.ma\/?post_type=product&#038;p=19158"},"modified":"2022-08-17T10:29:01","modified_gmt":"2022-08-17T10:29:01","slug":"vtk-vto2010d-vth2020dw","status":"publish","type":"product","link":"https:\/\/tthcompany.ma\/index.php\/product\/vtk-vto2010d-vth2020dw\/","title":{"rendered":"VTK-VTO2010D\/VTH2020DW"},"content":{"rendered":"<div id=\"div_left\">\n<div class=\"div-drop\">\n<table id=\"table001\" class=\"NEW-TABLE TableOverride-1 tab-drag\">\n<tbody>\n<tr>\n<td colspan=\"60\">\n<h4>VTK-VTO2010D<\/h4>\n<\/td>\n<\/tr>\n<tr>\n<td colspan=\"18\">Type de bouton<\/td>\n<td colspan=\"42\">Touches du clavier m\u00e9canique<\/td>\n<\/tr>\n<tr>\n<td colspan=\"18\">Cam\u00e9ra<\/td>\n<td colspan=\"42\">CMOS 2MP<\/td>\n<\/tr>\n<tr>\n<td colspan=\"18\">Champ de vision<\/td>\n<td colspan=\"42\">Horizontal: 70 \u00b0<\/p>\n<p>Vertical: 40 \u00b0<\/td>\n<\/tr>\n<tr>\n<td colspan=\"18\">Distance focale<\/td>\n<td colspan=\"42\">3,3 mm<\/td>\n<\/tr>\n<tr>\n<td colspan=\"18\">IR<\/td>\n<td colspan=\"42\">Soutien<\/td>\n<\/tr>\n<tr>\n<td colspan=\"18\">Entr\u00e9e audio<\/td>\n<td colspan=\"42\">1 canal vers le microphone, distance de d\u00e9tection 0.5m<\/td>\n<\/tr>\n<tr>\n<td colspan=\"18\">Sortie audio<\/td>\n<td colspan=\"42\">1 canal \u00e0 l&#8217;enceinte<\/td>\n<\/tr>\n<tr>\n<td colspan=\"18\">Voyant<\/td>\n<td colspan=\"42\">1 voyant lumineux;\u00a0Vert: sous tension<\/td>\n<\/tr>\n<tr>\n<td colspan=\"18\">M\u00e9thode de communication<\/td>\n<td colspan=\"42\">Analogique<\/td>\n<\/tr>\n<tr>\n<td colspan=\"18\">Mode de d\u00e9verrouillage<\/td>\n<td colspan=\"42\">D\u00e9verrouillage local et d\u00e9verrouillage \u00e0 distance<\/td>\n<\/tr>\n<tr>\n<td colspan=\"18\">Bouton de sortie<\/td>\n<td colspan=\"42\">1<\/td>\n<\/tr>\n<tr>\n<td colspan=\"18\">Couleur de l&#8217;apparence<\/td>\n<td colspan=\"42\"><span lang=\"zh-CN\">Noir<\/span><\/td>\n<\/tr>\n<tr>\n<td colspan=\"18\">Mode d&#8217;installation<\/td>\n<td colspan=\"42\">Surface<\/td>\n<\/tr>\n<tr>\n<td colspan=\"18\">La certification<\/td>\n<td colspan=\"42\">CE FCC<\/td>\n<\/tr>\n<tr>\n<td colspan=\"18\">Dimensions<\/td>\n<td colspan=\"42\">134,9 mm \u00d7 47,2 mm \u00d7 33,8 mm (5,31 &#8220;\u00d7 1,86&#8221; \u00d7 1,33 &#8220;)<\/td>\n<\/tr>\n<tr>\n<td colspan=\"18\">Degr\u00e9 de protection<\/td>\n<td colspan=\"42\">IP55 IK07<\/td>\n<\/tr>\n<tr>\n<td colspan=\"18\">Temp\u00e9rature de fonctionnement<\/td>\n<td colspan=\"42\">-30\u00a0\u00b0 C\u00a0\u00e0 +50\u00a0\u00b0 C\u00a0(-22\u00a0\u00b0 F\u00a0\u00e0 +122\u00a0\u00b0 F\u00a0)<\/td>\n<\/tr>\n<tr>\n<td colspan=\"18\">humidit\u00e9 d&#8217;exploitation<\/td>\n<td colspan=\"42\">10% HR \u201395% HR<\/td>\n<\/tr>\n<tr>\n<td colspan=\"18\">Consommation d&#8217;\u00e9nergie<\/td>\n<td colspan=\"42\">\u22641W (mode veille)<\/p>\n<p>\u22643W (en fonctionnement)<\/td>\n<\/tr>\n<tr>\n<td colspan=\"18\">Poids net<\/td>\n<td colspan=\"42\">0,19 kg (0,42 lb)<\/td>\n<\/tr>\n<\/tbody>\n<\/table>\n<\/div>\n<\/div>\n<div id=\"div_left\">\n<div class=\"div-drop\">\n<table id=\"table002\" class=\"NEW-TABLE TableOverride-1 tab-drag\">\n<tbody>\n<tr>\n<td colspan=\"60\">\n<h4>VTK-VTH2020DW<\/h4>\n<\/td>\n<\/tr>\n<tr>\n<td colspan=\"18\">Type de bouton<\/td>\n<td colspan=\"42\">Touches du clavier m\u00e9canique<\/td>\n<\/tr>\n<tr>\n<td colspan=\"18\">Type de chape<\/td>\n<td colspan=\"42\">\u00c9cran non tactile<\/td>\n<\/tr>\n<tr>\n<td colspan=\"18\">Afficher<\/td>\n<td colspan=\"42\">\u00c9cran TFT 7 pouces<\/td>\n<\/tr>\n<tr>\n<td colspan=\"18\">R\u00e9solution<\/td>\n<td colspan=\"42\">800 (H) \u00d7 480 (V)<\/td>\n<\/tr>\n<tr>\n<td colspan=\"18\">Voyant d&#8217;\u00e9tat<\/td>\n<td colspan=\"42\">2 voyants lumineux Alimentation: voyant vert-Mise sous tension Volume: voyant \u00e9teint-Muet<\/td>\n<\/tr>\n<tr>\n<td colspan=\"18\">M\u00e9thodes de communication<\/td>\n<td colspan=\"42\">Analogique<\/td>\n<\/tr>\n<tr>\n<td colspan=\"18\">Mat\u00e9riau du bo\u00eetier<\/td>\n<td colspan=\"42\">PC + ABS<\/td>\n<\/tr>\n<tr>\n<td colspan=\"18\">Couleur de l&#8217;apparence<\/td>\n<td colspan=\"42\">blanc<\/td>\n<\/tr>\n<tr>\n<td colspan=\"18\">Mode d&#8217;alimentation<\/td>\n<td colspan=\"42\">12V DC 2A<\/td>\n<\/tr>\n<tr>\n<td colspan=\"18\">Source d&#8217;\u00e9nergie<\/td>\n<td colspan=\"42\">Optionnel<\/td>\n<\/tr>\n<tr>\n<td colspan=\"18\">Mode d&#8217;installation<\/td>\n<td colspan=\"42\">Surface<\/td>\n<\/tr>\n<tr>\n<td colspan=\"18\">La certification<\/td>\n<td colspan=\"42\">CE FCC<\/td>\n<\/tr>\n<tr>\n<td colspan=\"18\">Dimensions<\/td>\n<td colspan=\"42\">220,5 mm \u00d7 153,5 mm \u00d7 26,8 mm (8,68 &#8220;\u00d7 6,04&#8221; \u00d7 1,06 &#8220;)<\/td>\n<\/tr>\n<tr>\n<td colspan=\"18\">Temp\u00e9rature de fonctionnement<\/td>\n<td colspan=\"42\">-10\u00a0\u00b0 C\u00a0\u00e0 +55\u00a0\u00b0 C\u00a0(+14\u00a0\u00b0 F\u00a0\u00e0 +131\u00a0\u00b0 F\u00a0)<\/td>\n<\/tr>\n<tr>\n<td colspan=\"18\">humidit\u00e9 d&#8217;exploitation<\/td>\n<td colspan=\"42\">10% HR \u2013 95% HR<\/td>\n<\/tr>\n<tr>\n<td colspan=\"18\">Consommation d&#8217;\u00e9nergie<\/td>\n<td colspan=\"42\">\u22642W (mode veille)<br \/>\n\u22645W (en fonctionnement)<\/td>\n<\/tr>\n<tr>\n<td colspan=\"18\">Poids net<\/td>\n<td colspan=\"42\">0,39 kg (0,86 lb)<\/td>\n<\/tr>\n<\/tbody>\n<\/table>\n<\/div>\n<\/div>\n","protected":false},"excerpt":{"rendered":"<p class=\"text\" data-v-c786ec5e=\"\">KIT D&#8217;INTERPHONE 4 FILS<\/p>\n<ul>\n<li>Dimensions de l&#8217;\u00e9cran: 7 pouces<\/li>\n<li>Fonction vid\u00e9ophone: d\u00e9verrouillage, appel vocal, appel vid\u00e9o, volume<\/li>\n<li>Quantit\u00e9 d&#8217;interphone vocal et vid\u00e9ophone: 2 interphones vocaux + 3<\/li>\n<li>Sc\u00e9nario applicable: Villa<\/li>\n<\/ul>\n","protected":false},"featured_media":19189,"comment_status":"open","ping_status":"closed","template":"","meta":{"om_disable_all_campaigns":false,"_monsterinsights_skip_tracking":false,"_monsterinsights_sitenote_active":false,"_monsterinsights_sitenote_note":"","_monsterinsights_sitenote_category":0},"product_cat":[555],"product_tag":[205,260,261,262,210,263,264,211,228,212,213,265,214,229,193,216,195,218,196,272,197,198,199,220,241,200,201,222,280,281,282,283,284,285,286,224,225,287,288,289,226,290,291,292,736,738,739],"class_list":{"0":"post-19158","1":"product","2":"type-product","3":"status-publish","4":"has-post-thumbnail","6":"product_cat-videophone","7":"product_tag-alarme","8":"product_tag-camera-de-surveillance-tanger","9":"product_tag-camera-ip-dahua","10":"product_tag-camera-maroc","11":"product_tag-camera-surveillance-afrique","12":"product_tag-camera-surveillance-avec-un-bon-prix","13":"product_tag-camera-surveillance-casablanca","14":"product_tag-camera-surveillance-dahua","15":"product_tag-camera-surveillance-maroc","16":"product_tag-camera-surveillance-tanger","17":"product_tag-camera-dahua","18":"product_tag-control-dacces-tanger","19":"product_tag-dahua-afrique","20":"product_tag-dahua-agadir","21":"product_tag-dahua-casablanca","22":"product_tag-dahua-el-jadida","23":"product_tag-dahua-fes","24":"product_tag-dahua-hoceima","25":"product_tag-dahua-kenitra","26":"product_tag-dahua-laayoune","27":"product_tag-dahua-maroc","28":"product_tag-dahua-marrakech","29":"product_tag-dahua-meknes","30":"product_tag-dahua-nador","31":"product_tag-dahua-oujda","32":"product_tag-dahua-rabat","33":"product_tag-dahua-tanger","34":"product_tag-dahua-tetouan","35":"product_tag-desenfumage-tanger","36":"product_tag-detection-incendie","37":"product_tag-distributeur-dahua","38":"product_tag-installation-alarme","39":"product_tag-installations-camera-de-surveillance-maroc","40":"product_tag-moniteur-dimage","41":"product_tag-pack-camera-de-surveillance","42":"product_tag-pack-camera-de-surveillance-dahua","43":"product_tag-pointeuse","44":"product_tag-porte-automatiques","45":"product_tag-portes-coup-feu-tanger","46":"product_tag-skydome-tanger","47":"product_tag-smart-lock","48":"product_tag-sprinkler-tanger","49":"product_tag-travaux-d-incendie-tanger","50":"product_tag-video-surveillance-tanger","51":"product_tag-videophone","52":"product_tag-vtk-vto2010d-vth2020dw","53":"product_tag-vtk-vto2010d-vth2020dw-2","55":"first","56":"instock","57":"shipping-taxable","58":"purchasable","59":"product-type-simple","60":"add-to-wishlist-after_add_to_cart"},"aioseo_notices":[],"_links":{"self":[{"href":"https:\/\/tthcompany.ma\/index.php\/wp-json\/wp\/v2\/product\/19158","targetHints":{"allow":["GET"]}}],"collection":[{"href":"https:\/\/tthcompany.ma\/index.php\/wp-json\/wp\/v2\/product"}],"about":[{"href":"https:\/\/tthcompany.ma\/index.php\/wp-json\/wp\/v2\/types\/product"}],"replies":[{"embeddable":true,"href":"https:\/\/tthcompany.ma\/index.php\/wp-json\/wp\/v2\/comments?post=19158"}],"wp:featuredmedia":[{"embeddable":true,"href":"https:\/\/tthcompany.ma\/index.php\/wp-json\/wp\/v2\/media\/19189"}],"wp:attachment":[{"href":"https:\/\/tthcompany.ma\/index.php\/wp-json\/wp\/v2\/media?parent=19158"}],"wp:term":[{"taxonomy":"product_cat","embeddable":true,"href":"https:\/\/tthcompany.ma\/index.php\/wp-json\/wp\/v2\/product_cat?post=19158"},{"taxonomy":"product_tag","embeddable":true,"href":"https:\/\/tthcompany.ma\/index.php\/wp-json\/wp\/v2\/product_tag?post=19158"}],"curies":[{"name":"wp","href":"https:\/\/api.w.org\/{rel}","templated":true}]}}