{"id":19157,"date":"2022-08-17T10:28:51","date_gmt":"2022-08-17T10:28:51","guid":{"rendered":"https:\/\/tthcompany.ma\/?post_type=product&#038;p=19157"},"modified":"2022-08-17T10:29:00","modified_gmt":"2022-08-17T10:29:00","slug":"vtk-vto6210bw-vth1560bw","status":"publish","type":"product","link":"https:\/\/tthcompany.ma\/index.php\/product\/vtk-vto6210bw-vth1560bw\/","title":{"rendered":"VTK-VTO6210BW-VTH1560BW"},"content":{"rendered":"<div class=\"div-drop\">\n<table id=\"table001\" class=\"NEW-TABLE TableOverride-1 tab-drag\">\n<tbody>\n<tr>\n<td colspan=\"2\">\n<h4>Station vid\u00e9o ext\u00e9rieure<\/h4>\n<\/td>\n<\/tr>\n<tr>\n<td>Mod\u00e8le<\/td>\n<td>VTO6210BW<\/td>\n<\/tr>\n<tr>\n<td colspan=\"2\">\n<h4>Syst\u00e8me<\/h4>\n<\/td>\n<\/tr>\n<tr>\n<td>Processeur principal<\/td>\n<td>Micro processeur embarqu\u00e9<\/td>\n<\/tr>\n<tr>\n<td>Le syst\u00e8me d&#8217;exploitation<\/td>\n<td>Syst\u00e8me d&#8217;exploitation Linux int\u00e9gr\u00e9<\/td>\n<\/tr>\n<tr>\n<td colspan=\"2\">\n<h4>Vid\u00e9o<\/h4>\n<\/td>\n<\/tr>\n<tr>\n<td>Compression de vid\u00e9o<\/td>\n<td>H.264<\/td>\n<\/tr>\n<tr>\n<td>Capteur d&#8217;image<\/td>\n<td>CMOS 1\/4 \u201d1MP<\/td>\n<\/tr>\n<tr>\n<td>Lentille<\/td>\n<td>3.6mm<\/td>\n<\/tr>\n<tr>\n<td>Angle de vue<\/td>\n<td>D: 70 \u00b0 H: 60 \u00b0<\/td>\n<\/tr>\n<tr>\n<td>Jour Nuit<\/td>\n<td>Image en couleur<\/td>\n<\/tr>\n<tr>\n<td colspan=\"2\">\n<h4>l&#8217;audio<\/h4>\n<\/td>\n<\/tr>\n<tr>\n<td>Compression audio<\/td>\n<td>G.711<\/td>\n<\/tr>\n<tr>\n<td>Entr\u00e9e audio<\/td>\n<td>Micro omnidirectionnel<\/td>\n<\/tr>\n<tr>\n<td>Sortie audio<\/td>\n<td>Haut-parleur int\u00e9gr\u00e9<\/td>\n<\/tr>\n<tr>\n<td>Talk bidirectionnel<\/td>\n<td>Prise en charge de la conversation bidirectionnelle bidirectionnelle<\/td>\n<\/tr>\n<tr>\n<td colspan=\"2\">\n<h4>Mode de fonctionnement<\/h4>\n<\/td>\n<\/tr>\n<tr>\n<td>Clavier<\/td>\n<td>Bouton tactile simple<\/td>\n<\/tr>\n<tr>\n<td>Lecteur<\/td>\n<td>Carte Mifare<\/td>\n<\/tr>\n<tr>\n<td colspan=\"2\">\n<h4>Interface<\/h4>\n<\/td>\n<\/tr>\n<tr>\n<td>Contr\u00f4le de porte<\/td>\n<td>2 (1 sortie de verrouillage principal, 1 sortie \u00e9tendue par le module de contr\u00f4le d&#8217;acc\u00e8s)<\/td>\n<\/tr>\n<tr>\n<td>Entr\u00e9e d&#8217;alarme<\/td>\n<td>2 (bouton de d\u00e9verrouillage 1ch, retour 1ch)<\/td>\n<\/tr>\n<tr>\n<td>RS485<\/td>\n<td>1<\/td>\n<\/tr>\n<tr>\n<td colspan=\"2\">\n<h4>R\u00e9seau<\/h4>\n<\/td>\n<\/tr>\n<tr>\n<td>Ethernet<\/td>\n<td>10M \/ 100Mbps auto-adaptatif<\/td>\n<\/tr>\n<\/tbody>\n<\/table>\n<\/div>\n<div class=\"div-drop\">\n<table id=\"table002\" class=\"NEW-TABLE TableOverride-1 tab-drag\">\n<tbody>\n<tr>\n<td>Protocole de r\u00e9seau<\/td>\n<td>TCP \/ IP<\/td>\n<\/tr>\n<tr>\n<td colspan=\"2\">\n<h4>G\u00e9n\u00e9ral<\/h4>\n<\/td>\n<\/tr>\n<tr>\n<td>Protection contre la p\u00e9n\u00e9tration<\/td>\n<td>IP65<\/td>\n<\/tr>\n<tr>\n<td>Commutateur de sabotage<\/td>\n<td>1<\/td>\n<\/tr>\n<tr>\n<td>Installation<\/td>\n<td>Surface<\/td>\n<\/tr>\n<tr>\n<td>Mat\u00e9riel<\/td>\n<td>Verre tremp\u00e9<\/td>\n<\/tr>\n<tr>\n<td>Puissance<\/td>\n<td>DC 12V, ou fournir directement par VTNS1060A<\/td>\n<\/tr>\n<tr>\n<td>Consommation d&#8217;\u00e9nergie<\/td>\n<td>Veille \u22641W, travail \u226410W<\/td>\n<\/tr>\n<tr>\n<td>Temp\u00e9rature de fonctionnement<\/td>\n<td>\ufe6330 \u00b0 C ~ + 60 \u00b0 C<\/td>\n<\/tr>\n<tr>\n<td>Humidit\u00e9 relative<\/td>\n<td>10% ~ 90% HR<\/td>\n<\/tr>\n<tr>\n<td>Dimensions<\/td>\n<td>154.2mm \u00d7 114.2mm \u00d7 43.0mm<\/td>\n<\/tr>\n<tr>\n<td>Poids<\/td>\n<td>0,6 kg<\/td>\n<\/tr>\n<tr>\n<td colspan=\"2\">\n<h4>Moniteur vid\u00e9o int\u00e9rieur<\/h4>\n<\/td>\n<\/tr>\n<tr>\n<td>Mod\u00e8le<\/td>\n<td>VTH1560BW<\/td>\n<\/tr>\n<tr>\n<td colspan=\"2\">\n<h4>Syst\u00e8me<\/h4>\n<\/td>\n<\/tr>\n<tr>\n<td>Processeur principal<\/td>\n<td>Micro Processus Embarqu\u00e9<\/td>\n<\/tr>\n<tr>\n<td>Le syst\u00e8me d&#8217;exploitation<\/td>\n<td>Syst\u00e8me d&#8217;exploitation Linux int\u00e9gr\u00e9<\/td>\n<\/tr>\n<tr>\n<td colspan=\"2\">\n<h4>Vid\u00e9o<\/h4>\n<\/td>\n<\/tr>\n<tr>\n<td>Compression de vid\u00e9o<\/td>\n<td>H.264<\/td>\n<\/tr>\n<tr>\n<td colspan=\"2\">\n<h4>l&#8217;audio<\/h4>\n<\/td>\n<\/tr>\n<tr>\n<td>Compression audio<\/td>\n<td>G.711<\/td>\n<\/tr>\n<tr>\n<td>Entr\u00e9e audio<\/td>\n<td>Microphone tous sens<\/td>\n<\/tr>\n<tr>\n<td>Sortie audio<\/td>\n<td>Haut-parleur int\u00e9gr\u00e9<\/td>\n<\/tr>\n<tr>\n<td>Talk bidirectionnel<\/td>\n<td>Prise en charge de la conversation bidirectionnelle bidirectionnelle<\/td>\n<\/tr>\n<tr>\n<td colspan=\"2\">\n<h4>Afficher<\/h4>\n<\/td>\n<\/tr>\n<\/tbody>\n<\/table>\n<\/div>\n<div class=\"div-drop\">\n<table id=\"table003\" class=\"NEW-TABLE TableOverride-1 tab-drag table-border\">\n<tbody>\n<tr>\n<td>\u00c9cran LCD<\/td>\n<td>7 \u201c800&#215;480, capacitif<\/td>\n<\/tr>\n<tr>\n<td colspan=\"2\">\n<h4>Mode de fonctionnement<\/h4>\n<\/td>\n<\/tr>\n<tr>\n<td>Contribution<\/td>\n<td>Boutons tactiles<\/td>\n<\/tr>\n<tr>\n<td colspan=\"2\">\n<h4>Interface<\/h4>\n<\/td>\n<\/tr>\n<tr>\n<td>Entr\u00e9e d&#8217;alarme<\/td>\n<td>8<\/td>\n<\/tr>\n<tr>\n<td colspan=\"2\">\n<h4>R\u00e9seau<\/h4>\n<\/td>\n<\/tr>\n<tr>\n<td>Ethernet<\/td>\n<td>10M \/ 100Mbps auto-adaptatif<\/td>\n<\/tr>\n<tr>\n<td>Protocole de r\u00e9seau<\/td>\n<td>TCP \/ IP<\/td>\n<\/tr>\n<tr>\n<td colspan=\"2\">G\u00e9n\u00e9ral<\/td>\n<\/tr>\n<tr>\n<td>Emplacement m\u00e9moire<\/td>\n<td>Micro SD int\u00e9gr\u00e9, 4G<\/td>\n<\/tr>\n<tr>\n<td>Installation<\/td>\n<td>Affleurer<\/td>\n<\/tr>\n<tr>\n<td>Puissance<\/td>\n<td>DC 12V, ou fournir directement par VTNS1060A<\/td>\n<\/tr>\n<tr>\n<td>Consommation d&#8217;\u00e9nergie<\/td>\n<td>Veille \u22641.5W\u00a0<span lang=\"zh-CN\">,\u00a0<\/span>travail\u22647W<\/td>\n<\/tr>\n<tr>\n<td>Temp\u00e9rature de fonctionnement<\/td>\n<td>-10 \u00b0 C ~ + 55 \u00b0 C<\/td>\n<\/tr>\n<tr>\n<td>Humidit\u00e9 relative<\/td>\n<td>10% ~ 90% HR<\/td>\n<\/tr>\n<tr>\n<td>Dimensions<\/td>\n<td>221.2mm \u00d7 154.3mm \u00d7 24.2mm<\/td>\n<\/tr>\n<tr>\n<td>Poids<\/td>\n<td>0,8 kg<\/td>\n<\/tr>\n<\/tbody>\n<\/table>\n<\/div>\n","protected":false},"excerpt":{"rendered":"<p class=\"text\" data-v-c786ec5e=\"\">Kit IP 7 pouces<\/p>\n<ul>\n<li>Cam\u00e9ra CMOS HD<\/li>\n<li>\u00c9cran tactile capacitif de 7 pouces, r\u00e9solution 800 \u00d7 480<\/li>\n<li>Surveillance IPC<\/li>\n<li>Int\u00e9gration d&#8217;alarme<\/li>\n<li>Commande \u00e0 2 portes<\/li>\n<li>Interphone \u00e0 distance avec application mobile<\/li>\n<\/ul>\n","protected":false},"featured_media":19188,"comment_status":"open","ping_status":"closed","template":"","meta":{"om_disable_all_campaigns":false,"_monsterinsights_skip_tracking":false,"_monsterinsights_sitenote_active":false,"_monsterinsights_sitenote_note":"","_monsterinsights_sitenote_category":0},"product_cat":[555],"product_tag":[205,260,261,262,210,263,264,211,228,212,213,265,214,229,191,192,230,193,216,195,218,196,272,197,198,219,199,220,241,200,201,222,280,281,223,282,283,284,285,286,224,225,287,288,289,226,290,291,292,736,737,202],"class_list":{"0":"post-19157","1":"product","2":"type-product","3":"status-publish","4":"has-post-thumbnail","6":"product_cat-videophone","7":"product_tag-alarme","8":"product_tag-camera-de-surveillance-tanger","9":"product_tag-camera-ip-dahua","10":"product_tag-camera-maroc","11":"product_tag-camera-surveillance-afrique","12":"product_tag-camera-surveillance-avec-un-bon-prix","13":"product_tag-camera-surveillance-casablanca","14":"product_tag-camera-surveillance-dahua","15":"product_tag-camera-surveillance-maroc","16":"product_tag-camera-surveillance-tanger","17":"product_tag-camera-dahua","18":"product_tag-control-dacces-tanger","19":"product_tag-dahua-afrique","20":"product_tag-dahua-agadir","21":"product_tag-dahua-algerie","22":"product_tag-dahua-assila","23":"product_tag-dahua-camera-4mp","24":"product_tag-dahua-casablanca","25":"product_tag-dahua-el-jadida","26":"product_tag-dahua-fes","27":"product_tag-dahua-hoceima","28":"product_tag-dahua-kenitra","29":"product_tag-dahua-laayoune","30":"product_tag-dahua-maroc","31":"product_tag-dahua-marrakech","32":"product_tag-dahua-meknas","33":"product_tag-dahua-meknes","34":"product_tag-dahua-nador","35":"product_tag-dahua-oujda","36":"product_tag-dahua-rabat","37":"product_tag-dahua-tanger","38":"product_tag-dahua-tetouan","39":"product_tag-desenfumage-tanger","40":"product_tag-detection-incendie","41":"product_tag-disque-dur","42":"product_tag-distributeur-dahua","43":"product_tag-installation-alarme","44":"product_tag-installations-camera-de-surveillance-maroc","45":"product_tag-moniteur-dimage","46":"product_tag-pack-camera-de-surveillance","47":"product_tag-pack-camera-de-surveillance-dahua","48":"product_tag-pointeuse","49":"product_tag-porte-automatiques","50":"product_tag-portes-coup-feu-tanger","51":"product_tag-skydome-tanger","52":"product_tag-smart-lock","53":"product_tag-sprinkler-tanger","54":"product_tag-travaux-d-incendie-tanger","55":"product_tag-video-surveillance-tanger","56":"product_tag-videophone","57":"product_tag-vtk-vto6210bw-vth1560bw","58":"product_tag-x-securite","60":"first","61":"instock","62":"shipping-taxable","63":"purchasable","64":"product-type-simple","65":"add-to-wishlist-after_add_to_cart"},"aioseo_notices":[],"_links":{"self":[{"href":"https:\/\/tthcompany.ma\/index.php\/wp-json\/wp\/v2\/product\/19157","targetHints":{"allow":["GET"]}}],"collection":[{"href":"https:\/\/tthcompany.ma\/index.php\/wp-json\/wp\/v2\/product"}],"about":[{"href":"https:\/\/tthcompany.ma\/index.php\/wp-json\/wp\/v2\/types\/product"}],"replies":[{"embeddable":true,"href":"https:\/\/tthcompany.ma\/index.php\/wp-json\/wp\/v2\/comments?post=19157"}],"wp:featuredmedia":[{"embeddable":true,"href":"https:\/\/tthcompany.ma\/index.php\/wp-json\/wp\/v2\/media\/19188"}],"wp:attachment":[{"href":"https:\/\/tthcompany.ma\/index.php\/wp-json\/wp\/v2\/media?parent=19157"}],"wp:term":[{"taxonomy":"product_cat","embeddable":true,"href":"https:\/\/tthcompany.ma\/index.php\/wp-json\/wp\/v2\/product_cat?post=19157"},{"taxonomy":"product_tag","embeddable":true,"href":"https:\/\/tthcompany.ma\/index.php\/wp-json\/wp\/v2\/product_tag?post=19157"}],"curies":[{"name":"wp","href":"https:\/\/api.w.org\/{rel}","templated":true}]}}