{"id":19156,"date":"2022-08-17T10:28:51","date_gmt":"2022-08-17T10:28:51","guid":{"rendered":"https:\/\/tthcompany.ma\/?post_type=product&#038;p=19156"},"modified":"2023-03-06T14:15:58","modified_gmt":"2023-03-06T14:15:58","slug":"vtk-vto2111d-wp-vth5221d","status":"publish","type":"product","link":"https:\/\/tthcompany.ma\/index.php\/product\/vtk-vto2111d-wp-vth5221d\/","title":{"rendered":"VTK-VTO2111D-WP-VTH5221D"},"content":{"rendered":"<div id=\"div_left\">\n<div class=\"div-drop\">\n<div id=\"div_left\">\n<div class=\"div-drop\">\n<table id=\"table001\" class=\"NEW-TABLE TableOverride-1 tab-drag\">\n<tbody>\n<tr>\n<td colspan=\"60\">\n<h4>Station vid\u00e9o ext\u00e9rieure<\/h4>\n<\/td>\n<\/tr>\n<tr>\n<td colspan=\"18\">Mod\u00e8le<\/td>\n<td colspan=\"42\">VTO2111D-WP<\/td>\n<\/tr>\n<tr>\n<td colspan=\"60\">\n<h4>Syst\u00e8me<\/h4>\n<\/td>\n<\/tr>\n<tr>\n<td colspan=\"18\">Processeur principal<\/td>\n<td colspan=\"42\">Micro processeur embarqu\u00e9<\/td>\n<\/tr>\n<tr>\n<td colspan=\"18\">Le syst\u00e8me d&#8217;exploitation<\/td>\n<td colspan=\"42\">Syst\u00e8me d&#8217;exploitation Linux int\u00e9gr\u00e9<\/td>\n<\/tr>\n<tr>\n<td colspan=\"60\">\n<h4>Vid\u00e9o<\/h4>\n<\/td>\n<\/tr>\n<tr>\n<td colspan=\"18\">Compression de vid\u00e9o<\/td>\n<td colspan=\"42\">H.264<\/td>\n<\/tr>\n<tr>\n<td colspan=\"18\">Capteur d&#8217;image<\/td>\n<td colspan=\"42\">CMOS 1\/4 \u201d1MP<\/td>\n<\/tr>\n<tr>\n<td colspan=\"18\">Lentille<\/td>\n<td colspan=\"42\">2,2mm<\/td>\n<\/tr>\n<tr>\n<td colspan=\"18\">Angle de vue<\/td>\n<td colspan=\"42\">D: 125 \u00b0 H: 105 \u00b0<\/td>\n<\/tr>\n<tr>\n<td colspan=\"18\">Jour Nuit<\/td>\n<td colspan=\"42\">ICR<\/td>\n<\/tr>\n<tr>\n<td colspan=\"60\">\n<h4>L&#8217;audio<\/h4>\n<\/td>\n<\/tr>\n<tr>\n<td colspan=\"18\">Compression audio<\/td>\n<td colspan=\"42\">G.711<\/td>\n<\/tr>\n<tr>\n<td colspan=\"18\">Entr\u00e9e audio<\/td>\n<td colspan=\"42\">Micro omnidirectionnel<\/td>\n<\/tr>\n<tr>\n<td colspan=\"18\">Sortie audio<\/td>\n<td colspan=\"42\">Haut-parleur int\u00e9gr\u00e9<\/td>\n<\/tr>\n<tr>\n<td colspan=\"18\">Talk bidirectionnel<\/td>\n<td colspan=\"42\">Prise en charge de la conversation bidirectionnelle bidirectionnelle<\/td>\n<\/tr>\n<tr>\n<td colspan=\"60\">\n<h4>Mode de fonctionnement<\/h4>\n<\/td>\n<\/tr>\n<tr>\n<td colspan=\"18\">Clavier<\/td>\n<td colspan=\"42\">Bouton m\u00e9canique unique<\/td>\n<\/tr>\n<tr>\n<td colspan=\"60\">\n<h4>Interface<\/h4>\n<\/td>\n<\/tr>\n<tr>\n<td colspan=\"18\">Contr\u00f4le de porte<\/td>\n<td colspan=\"42\">2 (1 sortie de verrouillage principal, 1 sortie \u00e9tendue par le module de contr\u00f4le d&#8217;acc\u00e8s)<\/td>\n<\/tr>\n<tr>\n<td colspan=\"18\">Entr\u00e9e d&#8217;alarme<\/td>\n<td colspan=\"42\">2 (bouton de d\u00e9verrouillage 1ch, retour 1ch)<\/td>\n<\/tr>\n<tr>\n<td colspan=\"18\">RS485<\/td>\n<td colspan=\"42\">1<\/td>\n<\/tr>\n<tr>\n<td colspan=\"60\">\n<h4>R\u00e9seau<\/h4>\n<\/td>\n<\/tr>\n<tr>\n<td colspan=\"18\">Wifi<\/td>\n<td colspan=\"42\">IEEE802.11b \/ g<\/td>\n<\/tr>\n<tr>\n<td colspan=\"18\">Ethernet<\/td>\n<td colspan=\"42\">10M \/ 100Mbps auto-adaptatif<\/td>\n<\/tr>\n<\/tbody>\n<\/table>\n<\/div>\n<\/div>\n<div id=\"div_left\">\n<div class=\"div-drop\">\n<table id=\"table002\" class=\"NEW-TABLE TableOverride-1 tab-drag\">\n<tbody>\n<tr>\n<td colspan=\"18\">Protocole de r\u00e9seau<\/td>\n<td colspan=\"42\">TCP \/ IP<\/td>\n<\/tr>\n<tr>\n<td colspan=\"60\">\n<h4>G\u00e9n\u00e9ral<\/h4>\n<\/td>\n<\/tr>\n<tr>\n<td colspan=\"18\">Protection contre la p\u00e9n\u00e9tration<\/td>\n<td colspan=\"42\">IP65, IK07<\/td>\n<\/tr>\n<tr>\n<td colspan=\"18\">Commutateur de sabotage<\/td>\n<td colspan=\"42\">1<\/td>\n<\/tr>\n<tr>\n<td colspan=\"18\">Emplacement m\u00e9moire<\/td>\n<td colspan=\"42\">Micro SD, Max 32G<\/td>\n<\/tr>\n<tr>\n<td colspan=\"18\">Installation<\/td>\n<td colspan=\"42\">Surface<\/td>\n<\/tr>\n<tr>\n<td colspan=\"18\">Mat\u00e9riel<\/td>\n<td colspan=\"42\">Plastique<\/td>\n<\/tr>\n<tr>\n<td colspan=\"18\">Puissance<\/td>\n<td colspan=\"42\">DC 12V, PoE (802.3af)<\/td>\n<\/tr>\n<tr>\n<td colspan=\"18\">Consommation d&#8217;\u00e9nergie<\/td>\n<td colspan=\"42\">Veille \u22641W, travail \u226410W<\/td>\n<\/tr>\n<tr>\n<td colspan=\"18\">Temp\u00e9rature de fonctionnement<\/td>\n<td colspan=\"42\">\ufe6330 \u00b0 C ~ + 60 \u00b0 C<\/td>\n<\/tr>\n<tr>\n<td colspan=\"18\">Humidit\u00e9 relative<\/td>\n<td colspan=\"42\">10% ~ 90% HR<\/td>\n<\/tr>\n<tr>\n<td colspan=\"18\">Dimensions<\/td>\n<td colspan=\"42\">135mm \u00d7 70.4mm \u00d7 34.4mm<\/td>\n<\/tr>\n<tr>\n<td colspan=\"18\">Poids<\/td>\n<td colspan=\"42\">0,4 kg<\/td>\n<\/tr>\n<tr>\n<td colspan=\"60\">\n<h4>Moniteur vid\u00e9o int\u00e9rieur<\/h4>\n<\/td>\n<\/tr>\n<tr>\n<td colspan=\"18\">Mod\u00e8le<\/td>\n<td colspan=\"42\">VTH5221D<\/td>\n<\/tr>\n<tr>\n<td colspan=\"60\">\n<h4>Syst\u00e8me<\/h4>\n<\/td>\n<\/tr>\n<tr>\n<td colspan=\"18\">Processeur principal<\/td>\n<td colspan=\"42\">Micro Processus Embarqu\u00e9<\/td>\n<\/tr>\n<tr>\n<td colspan=\"18\">Le syst\u00e8me d&#8217;exploitation<\/td>\n<td colspan=\"42\">Syst\u00e8me d&#8217;exploitation Linux int\u00e9gr\u00e9<\/td>\n<\/tr>\n<tr>\n<td colspan=\"60\">\n<h4>Vid\u00e9o<\/h4>\n<\/td>\n<\/tr>\n<tr>\n<td colspan=\"18\">Compression de vid\u00e9o<\/td>\n<td colspan=\"42\">H.264<\/td>\n<\/tr>\n<tr>\n<td colspan=\"60\">\n<h4>L&#8217;audio<\/h4>\n<\/td>\n<\/tr>\n<tr>\n<td colspan=\"18\">Compression audio<\/td>\n<td colspan=\"42\">G.711<\/td>\n<\/tr>\n<tr>\n<td colspan=\"18\">Entr\u00e9e audio<\/td>\n<td colspan=\"42\">Microphone tous sens<\/td>\n<\/tr>\n<tr>\n<td colspan=\"18\">Sortie audio<\/td>\n<td colspan=\"42\">Haut-parleur int\u00e9gr\u00e9<\/td>\n<\/tr>\n<tr>\n<td colspan=\"18\">Talk bidirectionnel<\/td>\n<td colspan=\"42\">Prise en charge de la conversation bidirectionnelle bidirectionnelle<\/td>\n<\/tr>\n<\/tbody>\n<\/table>\n<\/div>\n<\/div>\n<div id=\"div_left\">\n<div class=\"div-drop\">\n<table id=\"table003\" class=\"NEW-TABLE TableOverride-1 tab-drag\">\n<tbody>\n<tr>\n<td colspan=\"18\">\n<h4>Afficher<\/h4>\n<\/td>\n<td colspan=\"42\"><\/td>\n<\/tr>\n<tr>\n<td colspan=\"18\">\u00c9cran LCD<\/td>\n<td colspan=\"42\">7 \u201c1024&#215;600, capacitif<\/td>\n<\/tr>\n<tr>\n<td colspan=\"60\">\n<h4>Mode de fonctionnement<\/h4>\n<\/td>\n<\/tr>\n<tr>\n<td colspan=\"18\">Contribution<\/td>\n<td colspan=\"42\">Boutons tactiles<\/td>\n<\/tr>\n<tr>\n<td colspan=\"60\">\n<h4>Interface<\/h4>\n<\/td>\n<\/tr>\n<tr>\n<td colspan=\"18\">Entr\u00e9e d&#8217;alarme<\/td>\n<td colspan=\"42\">6<\/td>\n<\/tr>\n<tr>\n<td colspan=\"18\">Sortie d&#8217;alarme<\/td>\n<td colspan=\"42\">1<\/td>\n<\/tr>\n<tr>\n<td colspan=\"18\">RS485<\/td>\n<td colspan=\"42\">1<\/td>\n<\/tr>\n<tr>\n<td colspan=\"60\">\n<h4>R\u00e9seau<\/h4>\n<\/td>\n<\/tr>\n<tr>\n<td colspan=\"18\">Wifi<\/td>\n<td colspan=\"42\">IEEE802.11b \/ g<\/td>\n<\/tr>\n<tr>\n<td colspan=\"18\">Ethernet<\/td>\n<td colspan=\"42\">10M \/ 100Mbps auto-adaptatif<\/td>\n<\/tr>\n<tr>\n<td colspan=\"18\">Protocole de r\u00e9seau<\/td>\n<td colspan=\"42\">TCP \/ IP<\/td>\n<\/tr>\n<tr>\n<td colspan=\"60\">\n<h4>G\u00e9n\u00e9ral<\/h4>\n<\/td>\n<\/tr>\n<tr>\n<td colspan=\"18\">Emplacement m\u00e9moire<\/td>\n<td colspan=\"42\">Micro SD, Max 32G<\/td>\n<\/tr>\n<tr>\n<td colspan=\"18\">Installation<\/td>\n<td colspan=\"42\">Surface<\/td>\n<\/tr>\n<tr>\n<td colspan=\"18\">Puissance<\/td>\n<td colspan=\"42\">DC 12V, PoE (802.3af)<\/td>\n<\/tr>\n<tr>\n<td colspan=\"18\">Consommation d&#8217;\u00e9nergie<\/td>\n<td colspan=\"42\">Veille \u22641W\u00a0<span lang=\"zh-CN\">,\u00a0<\/span>travail\u22647W<\/td>\n<\/tr>\n<tr>\n<td colspan=\"18\">Temp\u00e9rature de fonctionnement<\/td>\n<td colspan=\"42\">-10 \u00b0 C ~ + 55 \u00b0 C<\/td>\n<\/tr>\n<tr>\n<td colspan=\"18\">Humidit\u00e9 relative<\/td>\n<td colspan=\"42\">10% ~ 90% HR<\/td>\n<\/tr>\n<tr>\n<td colspan=\"18\">Dimensions<\/td>\n<td colspan=\"42\">215,0 mm \u00d7 140,0 mm \u00d7 21,0 mm<\/td>\n<\/tr>\n<tr>\n<td colspan=\"18\">Poids<\/td>\n<td colspan=\"42\">0,8 kg<\/td>\n<\/tr>\n<tr>\n<td colspan=\"18\">Poids<\/td>\n<td colspan=\"42\">0,8 kg<\/td>\n<\/tr>\n<\/tbody>\n<\/table>\n<\/div>\n<\/div>\n<\/div>\n<\/div>\n<div id=\"div_left\"><\/div>\n","protected":false},"excerpt":{"rendered":"<p class=\"text\" data-v-c786ec5e=\"\">Kit Wi-Fi<\/p>\n<ul>\n<li>\u00c9cran tactile capacitif de 7 pouces, r\u00e9solution 1024 \u00d7 600<\/li>\n<li>Surveillance IPC<\/li>\n<li>Int\u00e9gration d&#8217;alarme<\/li>\n<li>Commande \u00e0 2 portes<\/li>\n<li>Wi-Fi et POE<\/li>\n<li>Interphone \u00e0 distance avec application mobile<\/li>\n<\/ul>\n","protected":false},"featured_media":19187,"comment_status":"open","ping_status":"closed","template":"","meta":{"om_disable_all_campaigns":false,"_monsterinsights_skip_tracking":false,"_monsterinsights_sitenote_active":false,"_monsterinsights_sitenote_note":"","_monsterinsights_sitenote_category":0},"product_cat":[555],"product_tag":[205,260,261,262,210,263,264,211,228,212,213,265,214,229,266,193,267,216,268,195,218,269,196,270,271,272,197,198,199,220,273,241,200,274,275,201,276,277,222,278,279,280,281,282,283,284,733,285,286,224,225,287,288,289,226,290,291,292,734,735],"class_list":{"0":"post-19156","1":"product","2":"type-product","3":"status-publish","4":"has-post-thumbnail","6":"product_cat-videophone","7":"product_tag-alarme","8":"product_tag-camera-de-surveillance-tanger","9":"product_tag-camera-ip-dahua","10":"product_tag-camera-maroc","11":"product_tag-camera-surveillance-afrique","12":"product_tag-camera-surveillance-avec-un-bon-prix","13":"product_tag-camera-surveillance-casablanca","14":"product_tag-camera-surveillance-dahua","15":"product_tag-camera-surveillance-maroc","16":"product_tag-camera-surveillance-tanger","17":"product_tag-camera-dahua","18":"product_tag-control-dacces-tanger","19":"product_tag-dahua-afrique","20":"product_tag-dahua-agadir","21":"product_tag-dahua-azrou","22":"product_tag-dahua-casablanca","23":"product_tag-dahua-dakhla","24":"product_tag-dahua-el-jadida","25":"product_tag-dahua-errachidia","26":"product_tag-dahua-fes","27":"product_tag-dahua-hoceima","28":"product_tag-dahua-ifrane","29":"product_tag-dahua-kenitra","30":"product_tag-dahua-khemisset","31":"product_tag-dahua-khouribga","32":"product_tag-dahua-laayoune","33":"product_tag-dahua-maroc","34":"product_tag-dahua-marrakech","35":"product_tag-dahua-meknes","36":"product_tag-dahua-nador","37":"product_tag-dahua-ouarzazate","38":"product_tag-dahua-oujda","39":"product_tag-dahua-rabat","40":"product_tag-dahua-safi","41":"product_tag-dahua-settat","42":"product_tag-dahua-tanger","43":"product_tag-dahua-taroudant","44":"product_tag-dahua-taza","45":"product_tag-dahua-tetouan","46":"product_tag-dahua-tiflet","47":"product_tag-dahua-tiznit","48":"product_tag-desenfumage-tanger","49":"product_tag-detection-incendie","50":"product_tag-distributeur-dahua","51":"product_tag-installation-alarme","52":"product_tag-installations-camera-de-surveillance-maroc","53":"product_tag-kit-wi-fi","54":"product_tag-moniteur-dimage","55":"product_tag-pack-camera-de-surveillance","56":"product_tag-pack-camera-de-surveillance-dahua","57":"product_tag-pointeuse","58":"product_tag-porte-automatiques","59":"product_tag-portes-coup-feu-tanger","60":"product_tag-skydome-tanger","61":"product_tag-smart-lock","62":"product_tag-sprinkler-tanger","63":"product_tag-travaux-d-incendie-tanger","64":"product_tag-video-surveillance-tanger","65":"product_tag-vtk-vto2111d-wp-vth5221d","66":"product_tag-vtk-vto2111d-wp-vth5221d-kit-wi-fi","68":"first","69":"instock","70":"shipping-taxable","71":"purchasable","72":"product-type-simple","73":"add-to-wishlist-after_add_to_cart"},"aioseo_notices":[],"_links":{"self":[{"href":"https:\/\/tthcompany.ma\/index.php\/wp-json\/wp\/v2\/product\/19156","targetHints":{"allow":["GET"]}}],"collection":[{"href":"https:\/\/tthcompany.ma\/index.php\/wp-json\/wp\/v2\/product"}],"about":[{"href":"https:\/\/tthcompany.ma\/index.php\/wp-json\/wp\/v2\/types\/product"}],"replies":[{"embeddable":true,"href":"https:\/\/tthcompany.ma\/index.php\/wp-json\/wp\/v2\/comments?post=19156"}],"wp:featuredmedia":[{"embeddable":true,"href":"https:\/\/tthcompany.ma\/index.php\/wp-json\/wp\/v2\/media\/19187"}],"wp:attachment":[{"href":"https:\/\/tthcompany.ma\/index.php\/wp-json\/wp\/v2\/media?parent=19156"}],"wp:term":[{"taxonomy":"product_cat","embeddable":true,"href":"https:\/\/tthcompany.ma\/index.php\/wp-json\/wp\/v2\/product_cat?post=19156"},{"taxonomy":"product_tag","embeddable":true,"href":"https:\/\/tthcompany.ma\/index.php\/wp-json\/wp\/v2\/product_tag?post=19156"}],"curies":[{"name":"wp","href":"https:\/\/api.w.org\/{rel}","templated":true}]}}