{"id":19155,"date":"2022-08-17T10:28:51","date_gmt":"2022-08-17T10:28:51","guid":{"rendered":"https:\/\/tthcompany.ma\/?post_type=product&#038;p=19155"},"modified":"2023-12-26T09:41:30","modified_gmt":"2023-12-26T09:41:30","slug":"asf280b","status":"publish","type":"product","link":"https:\/\/tthcompany.ma\/index.php\/product\/asf280b\/","title":{"rendered":"ASF280B"},"content":{"rendered":"<p class=\"title\">ASF280B\u00a0Serrure magn\u00e9tique \u00e0 double porte<\/p>\n<table id=\"table001\" class=\"NEW-TABLE TableOverride-1 tab-drag\" style=\"width: 99.0865%;\">\n<tbody>\n<tr>\n<td style=\"width: 153.672%;\" colspan=\"60\">\n<h2><span style=\"font-size: 14pt;\">\u00c9lectronique<\/span><\/h2>\n<\/td>\n<\/tr>\n<tr>\n<td style=\"width: 48.7759%;\" colspan=\"18\">Tension de travail<\/td>\n<td style=\"width: 104.896%;\" colspan=\"42\">DC12V \/ DC24V<\/td>\n<\/tr>\n<tr>\n<td style=\"width: 48.7759%;\" colspan=\"18\">Courant de travail<\/td>\n<td style=\"width: 104.896%;\" colspan=\"42\">240mA \/ 480mA<\/td>\n<\/tr>\n<tr>\n<td style=\"width: 153.672%;\" colspan=\"60\">\n<h2><span style=\"font-size: 14pt;\">G\u00e9n\u00e9ral<\/span><\/h2>\n<\/td>\n<\/tr>\n<tr>\n<td style=\"width: 48.7759%;\" colspan=\"18\">Anti-traction<\/td>\n<td style=\"width: 104.896%;\" colspan=\"42\">280 kg * 2<\/td>\n<\/tr>\n<tr>\n<td style=\"width: 48.7759%;\" colspan=\"18\">Porte en verre sans cadre<\/td>\n<td style=\"width: 104.896%;\" colspan=\"42\">Equip\u00e9 de stents ASF280U \/ ASF280F<\/td>\n<\/tr>\n<tr>\n<td style=\"width: 48.7759%;\" colspan=\"18\">Porte int\u00e9rieure ouverte<\/td>\n<td style=\"width: 104.896%;\" colspan=\"42\">Equip\u00e9 de stents ASF280ZL \/ ASF280L<\/td>\n<\/tr>\n<tr>\n<td style=\"width: 48.7759%;\" colspan=\"18\">Dimensions globales<\/td>\n<td style=\"width: 104.896%;\" colspan=\"42\">500 * 47 * 26mm<\/td>\n<\/tr>\n<tr>\n<td style=\"width: 48.7759%;\" colspan=\"18\">Poids<\/td>\n<td style=\"width: 104.896%;\" colspan=\"42\">4,0 kg<\/td>\n<\/tr>\n<tr>\n<td style=\"width: 153.672%;\" colspan=\"60\">\n<h2><span style=\"font-size: 14pt;\">Environnement de travail<\/span><\/h2>\n<\/td>\n<\/tr>\n<tr>\n<td style=\"width: 48.7759%;\" colspan=\"18\">Temp\u00e9rature de fonctionnement<\/td>\n<td style=\"width: 104.896%;\" colspan=\"42\">-30 \u00b0 C ~ + 60 \u00b0 C<\/td>\n<\/tr>\n<tr>\n<td style=\"width: 48.7759%;\" colspan=\"18\">Humidit\u00e9 de travail<\/td>\n<td style=\"width: 104.896%;\" colspan=\"42\">\u226495%<\/td>\n<\/tr>\n<\/tbody>\n<\/table>\n","protected":false},"excerpt":{"rendered":"<h1 class=\"text\"><span style=\"color: #000000; font-size: 10pt; font-family: georgia, palatino, serif;\"><strong>Serrure magn\u00e9tique \u00e0 double porte<\/strong><\/span><\/h1>\n<ul>\n<li>280KG * 2 Anti-traction<\/li>\n<li>Dispositif de protection contre les courants invers\u00e9s (MOV)\u00a0int\u00e9gr\u00e9<\/li>\n<li>Coque en\u00a0aluminium avec alliage tr\u00e8s r\u00e9sistant<\/li>\n<li>Aspiration \u00e9lectromagn\u00e9tique totale, sans d\u00e9faillance m\u00e9canique<\/li>\n<li>R\u00e9glage possible DC12V ou DC24V<\/li>\n<li>La preuve de la conception magn\u00e9tique r\u00e9siduelle , porter des mat\u00e9riaux<\/li>\n<li>Traitement isolant corps double verrouillage<\/li>\n<\/ul>\n","protected":false},"featured_media":19186,"comment_status":"open","ping_status":"closed","template":"","meta":{"om_disable_all_campaigns":false,"_monsterinsights_skip_tracking":false,"_monsterinsights_sitenote_active":false,"_monsterinsights_sitenote_note":"","_monsterinsights_sitenote_category":0},"product_cat":[720,598],"product_tag":[204,205,732,206,260,207,208,261,262,209,210,263,264,211,228,212,213,265,1147,214,229,191,192,193,216,195,218,196,272,197,198,199,220,231,241,200,201,222,280,281,223,282,283,284,285,1093,286,224,225,287,288,289,226,290,291,292],"class_list":{"0":"post-19155","1":"product","2":"type-product","3":"status-publish","4":"has-post-thumbnail","6":"product_cat-accessoires-controle-dacces","7":"product_cat-controle-dacces","8":"product_tag-afrique-du-sud","9":"product_tag-alarme","10":"product_tag-asf280b","11":"product_tag-camera","12":"product_tag-camera-de-surveillance-tanger","13":"product_tag-camera-hdcvi","14":"product_tag-camera-ip","15":"product_tag-camera-ip-dahua","16":"product_tag-camera-maroc","17":"product_tag-camera-surveillance","18":"product_tag-camera-surveillance-afrique","19":"product_tag-camera-surveillance-avec-un-bon-prix","20":"product_tag-camera-surveillance-casablanca","21":"product_tag-camera-surveillance-dahua","22":"product_tag-camera-surveillance-maroc","23":"product_tag-camera-surveillance-tanger","24":"product_tag-camera-dahua","25":"product_tag-control-dacces-tanger","26":"product_tag-controle-dacces-maroc","27":"product_tag-dahua-afrique","28":"product_tag-dahua-agadir","29":"product_tag-dahua-algerie","30":"product_tag-dahua-assila","31":"product_tag-dahua-casablanca","32":"product_tag-dahua-el-jadida","33":"product_tag-dahua-fes","34":"product_tag-dahua-hoceima","35":"product_tag-dahua-kenitra","36":"product_tag-dahua-laayoune","37":"product_tag-dahua-maroc","38":"product_tag-dahua-marrakech","39":"product_tag-dahua-meknes","40":"product_tag-dahua-nador","41":"product_tag-dahua-nvr","42":"product_tag-dahua-oujda","43":"product_tag-dahua-rabat","44":"product_tag-dahua-tanger","45":"product_tag-dahua-tetouan","46":"product_tag-desenfumage-tanger","47":"product_tag-detection-incendie","48":"product_tag-disque-dur","49":"product_tag-distributeur-dahua","50":"product_tag-installation-alarme","51":"product_tag-installations-camera-de-surveillance-maroc","52":"product_tag-moniteur-dimage","53":"product_tag-onstuck","54":"product_tag-pack-camera-de-surveillance","55":"product_tag-pack-camera-de-surveillance-dahua","56":"product_tag-pointeuse","57":"product_tag-porte-automatiques","58":"product_tag-portes-coup-feu-tanger","59":"product_tag-skydome-tanger","60":"product_tag-smart-lock","61":"product_tag-sprinkler-tanger","62":"product_tag-travaux-d-incendie-tanger","63":"product_tag-video-surveillance-tanger","65":"first","66":"instock","67":"shipping-taxable","68":"purchasable","69":"product-type-simple","70":"add-to-wishlist-after_add_to_cart"},"aioseo_notices":[],"_links":{"self":[{"href":"https:\/\/tthcompany.ma\/index.php\/wp-json\/wp\/v2\/product\/19155","targetHints":{"allow":["GET"]}}],"collection":[{"href":"https:\/\/tthcompany.ma\/index.php\/wp-json\/wp\/v2\/product"}],"about":[{"href":"https:\/\/tthcompany.ma\/index.php\/wp-json\/wp\/v2\/types\/product"}],"replies":[{"embeddable":true,"href":"https:\/\/tthcompany.ma\/index.php\/wp-json\/wp\/v2\/comments?post=19155"}],"wp:featuredmedia":[{"embeddable":true,"href":"https:\/\/tthcompany.ma\/index.php\/wp-json\/wp\/v2\/media\/19186"}],"wp:attachment":[{"href":"https:\/\/tthcompany.ma\/index.php\/wp-json\/wp\/v2\/media?parent=19155"}],"wp:term":[{"taxonomy":"product_cat","embeddable":true,"href":"https:\/\/tthcompany.ma\/index.php\/wp-json\/wp\/v2\/product_cat?post=19155"},{"taxonomy":"product_tag","embeddable":true,"href":"https:\/\/tthcompany.ma\/index.php\/wp-json\/wp\/v2\/product_tag?post=19155"}],"curies":[{"name":"wp","href":"https:\/\/api.w.org\/{rel}","templated":true}]}}