{"id":19109,"date":"2022-08-17T10:28:27","date_gmt":"2022-08-17T10:28:27","guid":{"rendered":"https:\/\/tthcompany.ma\/?post_type=product&#038;p=19109"},"modified":"2025-05-19T13:05:08","modified_gmt":"2025-05-19T13:05:08","slug":"lm50-f410","status":"publish","type":"product","link":"https:\/\/tthcompany.ma\/index.php\/product\/lm50-f410\/","title":{"rendered":"LM50-F410"},"content":{"rendered":"<div id=\"div_left\">\n<div class=\"div-drop\">\n<table id=\"table001\" class=\"NEW-TABLE TableOverride-1 tab-drag\" style=\"height: 773px;\" width=\"801\">\n<tbody>\n<tr>\n<td colspan=\"60\">\n<h4>Mod\u00e8le<\/h4>\n<\/td>\n<\/tr>\n<tr>\n<td colspan=\"18\">Mod\u00e8le<\/td>\n<td colspan=\"42\">LM50-F410<\/td>\n<\/tr>\n<tr>\n<td colspan=\"60\">\n<h4>Afficher<\/h4>\n<\/td>\n<\/tr>\n<tr>\n<td colspan=\"18\">Taille de l&#8217;\u00e9cran<\/td>\n<td colspan=\"42\">50 &#8220;<\/td>\n<\/tr>\n<tr>\n<td colspan=\"18\">Ratio d&#8217;aspect<\/td>\n<td colspan=\"42\">16: 9<\/td>\n<\/tr>\n<tr>\n<td colspan=\"18\">R\u00e9solution<\/td>\n<td colspan=\"42\">3840 \u00d7 2160 (UHD)<\/td>\n<\/tr>\n<tr>\n<td colspan=\"18\">R\u00e9tro-\u00e9clairage<\/td>\n<td colspan=\"42\">LED<\/td>\n<\/tr>\n<tr>\n<td colspan=\"18\">Luminosit\u00e9 \/ Luminance<\/td>\n<td colspan=\"42\">350cd \/\u00a0<span lang=\"zh-CN\">\u33a1<\/span><\/td>\n<\/tr>\n<tr>\n<td colspan=\"18\">Contraste<\/td>\n<td colspan=\"42\">5000: 1<\/td>\n<\/tr>\n<tr>\n<td colspan=\"18\">Couleur d&#8217;affichage<\/td>\n<td colspan=\"42\"><span lang=\"zh-CN\">1,07 G (10 bits)<\/span><\/td>\n<\/tr>\n<tr>\n<td colspan=\"18\">Angle de vision (H \/ V)<\/td>\n<td colspan=\"42\">178 \u00b0 (H) \/ 178 \u00b0 (V)<\/td>\n<\/tr>\n<tr>\n<td colspan=\"18\">Temps de r\u00e9ponse<\/td>\n<td colspan=\"42\">8,5ms<\/td>\n<\/tr>\n<tr>\n<td colspan=\"18\">Fr\u00e9quence de rafra\u00eechissement<\/td>\n<td colspan=\"42\">60Hz<\/td>\n<\/tr>\n<tr>\n<td colspan=\"60\">\n<h4>Des signaux<\/h4>\n<\/td>\n<\/tr>\n<tr>\n<td colspan=\"18\">Contribution<\/td>\n<td colspan=\"42\">HDMI 2.0 \u00d7 2, USB 3.0 \u00d7 1, USB 2.0 \u00d7 1, Audio \u00d7 1, RJ45 (RS232) \u00d7 1, LAN \u00d7 1<\/td>\n<\/tr>\n<tr>\n<td colspan=\"18\" rowspan=\"2\">Sortie<\/td>\n<td colspan=\"42\">Prise casque \u00d7 1<\/td>\n<\/tr>\n<tr>\n<td colspan=\"21\">Orateur<\/td>\n<td colspan=\"21\">8W \u00d7 2<\/td>\n<\/tr>\n<tr>\n<td colspan=\"18\">Wifi<\/td>\n<td colspan=\"42\">Oui<\/td>\n<\/tr>\n<tr>\n<td colspan=\"60\">\n<h4>G\u00e9n\u00e9ral<\/h4>\n<\/td>\n<\/tr>\n<tr>\n<td colspan=\"18\">Syst\u00e8me<\/td>\n<td colspan=\"42\"><span lang=\"zh-CN\">Android 5.1<\/span><\/td>\n<\/tr>\n<\/tbody>\n<\/table>\n<\/div>\n<\/div>\n<div id=\"div_left\">\n<div class=\"div-drop\">\n<table id=\"table002\" class=\"NEW-TABLE TableOverride-1 tab-drag\" style=\"height: 623px;\" width=\"800\">\n<tbody>\n<tr>\n<td colspan=\"18\">RAM<\/td>\n<td colspan=\"42\">1 Go<\/td>\n<\/tr>\n<tr>\n<td colspan=\"18\">Stockage interne<\/td>\n<td colspan=\"42\">8 Go<\/td>\n<\/tr>\n<tr>\n<td colspan=\"18\">Source de courant<\/td>\n<td colspan=\"42\">AC100 ~ 240V (+\/- 10%), 50\/60 Hz<\/td>\n<\/tr>\n<tr>\n<td colspan=\"18\">Consommation (standard)<\/td>\n<td colspan=\"42\">130W<\/td>\n<\/tr>\n<tr>\n<td colspan=\"18\">Consommation (veille)<\/td>\n<td colspan=\"42\">\u22640.5W<\/td>\n<\/tr>\n<tr>\n<td colspan=\"18\">Type<\/td>\n<td colspan=\"42\">Interne<\/td>\n<\/tr>\n<tr>\n<td colspan=\"18\">Poids net<\/td>\n<td colspan=\"42\">12,3 kg (27,1 lb)<\/td>\n<\/tr>\n<tr>\n<td colspan=\"18\">Poids brut<\/td>\n<td colspan=\"42\">16,3 kg (35,9 lb)<\/td>\n<\/tr>\n<tr>\n<td colspan=\"18\">Largeur de la lunette<\/td>\n<td colspan=\"42\">9,8 mm (U \/ L \/ R)\u00a0<span lang=\"zh-CN\">, 15,1 mm\u00a0<\/span>(\u00a0<span lang=\"zh-CN\">B\u00a0<\/span>)<\/td>\n<\/tr>\n<tr>\n<td colspan=\"18\">Montage mural<\/td>\n<td colspan=\"42\">200 \u00d7 200mm (6 &#8220;\u00d7 6&#8221;)<\/td>\n<\/tr>\n<tr>\n<td colspan=\"18\">Dimension sans norme (L \u00d7 H \u00d7 P)<\/td>\n<td colspan=\"42\">1118,2 \u00d7 642,9 \u00d7 62,5 mm (33,5 &#8220;\u00d7 19,3&#8221; \u00d7 1,9 &#8220;)<\/td>\n<\/tr>\n<tr>\n<td colspan=\"18\">Paquet (W \u00d7 H \u00d7 P)<\/td>\n<td colspan=\"42\">1226,0 \u00d7 762,0 \u00d7 150,0 mm (36,8 &#8220;\u00d7 22,9&#8221; \u00d7 4,5 &#8220;)<\/td>\n<\/tr>\n<tr>\n<td colspan=\"18\" rowspan=\"2\">Environnement de travail<\/td>\n<td colspan=\"21\">Temp\u00e9rature<\/td>\n<td colspan=\"21\">5\u00a0\u2103\u00a0~ 40\u00a0\u2103\u00a0(41 \u00b0 F ~ 104 \u00b0 F)<\/td>\n<\/tr>\n<tr>\n<td colspan=\"21\">Humidit\u00e9<\/td>\n<td colspan=\"21\">20% ~ 80%<\/td>\n<\/tr>\n<tr>\n<td colspan=\"60\">\n<h4>Accessoire<\/h4>\n<\/td>\n<\/tr>\n<tr>\n<td colspan=\"18\">la norme<\/td>\n<td colspan=\"42\">C\u00e2ble HDMI, c\u00e2ble d&#8217;alimentation, t\u00e9l\u00e9commande, socle<\/td>\n<\/tr>\n<tr>\n<td colspan=\"18\">Optionnel<\/td>\n<td colspan=\"42\">Crochet de suspension<\/td>\n<\/tr>\n<tr>\n<td colspan=\"60\">Certifications<\/td>\n<\/tr>\n<tr>\n<td colspan=\"18\">Certifications<\/td>\n<td colspan=\"42\">CE \/ FCC<\/td>\n<\/tr>\n<\/tbody>\n<\/table>\n<\/div>\n<\/div>\n","protected":false},"excerpt":{"rendered":"<h1><span style=\"color: #000000; font-family: georgia, palatino, serif; font-size: 10pt;\"><strong>Moniteur LED UHD \/ Ecran 50 &#8221;<\/strong><\/span><\/h1>\n<ul>\n<li>R\u00e9solution 4K Ultra-HD<\/li>\n<li>Filtre COMB 3D int\u00e9gr\u00e9 et r\u00e9duction du bruit 3D<\/li>\n<li>Temps de r\u00e9ponse de 8,5 ms sans flou, sans saccades ni effets fant\u00f4mes<\/li>\n<li>Couleurs 1.07G, pour une exp\u00e9rience visuelle r\u00e9aliste et immersive<\/li>\n<li>Traitement num\u00e9rique haute fid\u00e9lit\u00e9 des couleurs brillante et une vid\u00e9o \u00e9clatante<\/li>\n<li>Angle de vision uni-coup\u00e9 de 178 \u00b0 \/ 178 \u00b0 de large<\/li>\n<li>Conception thermique professionnelle pour prolonger la dur\u00e9e de vie des \u00e9quipements<\/li>\n<li>Alimentation\u00a0int\u00e9gr\u00e9e, faible consommation d&#8217;\u00e9nergie, ultra-silencie<\/li>\n<\/ul>\n","protected":false},"featured_media":19136,"comment_status":"open","ping_status":"closed","template":"","meta":{"om_disable_all_campaigns":false,"_monsterinsights_skip_tracking":false,"_monsterinsights_sitenote_active":false,"_monsterinsights_sitenote_note":"","_monsterinsights_sitenote_category":0},"product_cat":[1269,1264,550],"product_tag":[205,260,261,262,210,263,264,211,228,212,213,265,214,229,193,216,195,218,196,272,197,198,199,220,241,200,201,222,282,283,284,710,711,285,286,224,225,226,292],"class_list":{"0":"post-19109","1":"product","2":"type-product","3":"status-publish","4":"has-post-thumbnail","6":"product_cat-moniteur-led","7":"product_cat-moniteur-uhd-4k","8":"product_cat-moniteurs-dahua","9":"product_tag-alarme","10":"product_tag-camera-de-surveillance-tanger","11":"product_tag-camera-ip-dahua","12":"product_tag-camera-maroc","13":"product_tag-camera-surveillance-afrique","14":"product_tag-camera-surveillance-avec-un-bon-prix","15":"product_tag-camera-surveillance-casablanca","16":"product_tag-camera-surveillance-dahua","17":"product_tag-camera-surveillance-maroc","18":"product_tag-camera-surveillance-tanger","19":"product_tag-camera-dahua","20":"product_tag-control-dacces-tanger","21":"product_tag-dahua-afrique","22":"product_tag-dahua-agadir","23":"product_tag-dahua-casablanca","24":"product_tag-dahua-el-jadida","25":"product_tag-dahua-fes","26":"product_tag-dahua-hoceima","27":"product_tag-dahua-kenitra","28":"product_tag-dahua-laayoune","29":"product_tag-dahua-maroc","30":"product_tag-dahua-marrakech","31":"product_tag-dahua-meknes","32":"product_tag-dahua-nador","33":"product_tag-dahua-oujda","34":"product_tag-dahua-rabat","35":"product_tag-dahua-tanger","36":"product_tag-dahua-tetouan","37":"product_tag-distributeur-dahua","38":"product_tag-installation-alarme","39":"product_tag-installations-camera-de-surveillance-maroc","40":"product_tag-lm50-f410-moniteur-led-50-uhd","41":"product_tag-lm50-f410-moniteur-led-uhd-50","42":"product_tag-moniteur-dimage","43":"product_tag-pack-camera-de-surveillance","44":"product_tag-pack-camera-de-surveillance-dahua","45":"product_tag-pointeuse","46":"product_tag-smart-lock","47":"product_tag-video-surveillance-tanger","48":"ts_product_brand-dahua","50":"first","51":"instock","52":"shipping-taxable","53":"purchasable","54":"product-type-simple","55":"add-to-wishlist-after_add_to_cart"},"aioseo_notices":[],"_links":{"self":[{"href":"https:\/\/tthcompany.ma\/index.php\/wp-json\/wp\/v2\/product\/19109","targetHints":{"allow":["GET"]}}],"collection":[{"href":"https:\/\/tthcompany.ma\/index.php\/wp-json\/wp\/v2\/product"}],"about":[{"href":"https:\/\/tthcompany.ma\/index.php\/wp-json\/wp\/v2\/types\/product"}],"replies":[{"embeddable":true,"href":"https:\/\/tthcompany.ma\/index.php\/wp-json\/wp\/v2\/comments?post=19109"}],"wp:featuredmedia":[{"embeddable":true,"href":"https:\/\/tthcompany.ma\/index.php\/wp-json\/wp\/v2\/media\/19136"}],"wp:attachment":[{"href":"https:\/\/tthcompany.ma\/index.php\/wp-json\/wp\/v2\/media?parent=19109"}],"wp:term":[{"taxonomy":"product_cat","embeddable":true,"href":"https:\/\/tthcompany.ma\/index.php\/wp-json\/wp\/v2\/product_cat?post=19109"},{"taxonomy":"product_tag","embeddable":true,"href":"https:\/\/tthcompany.ma\/index.php\/wp-json\/wp\/v2\/product_tag?post=19109"}],"curies":[{"name":"wp","href":"https:\/\/api.w.org\/{rel}","templated":true}]}}