{"id":19093,"date":"2022-08-17T10:16:09","date_gmt":"2022-08-17T10:16:09","guid":{"rendered":"https:\/\/tthcompany.ma\/?post_type=product&#038;p=19093"},"modified":"2025-05-20T10:50:20","modified_gmt":"2025-05-20T10:50:20","slug":"lm49-s400","status":"publish","type":"product","link":"https:\/\/tthcompany.ma\/index.php\/product\/lm49-s400\/","title":{"rendered":"LM49-S400"},"content":{"rendered":"<div id=\"div_left\">\n<div class=\"div-drop\">\n<table id=\"table001\" class=\"NEW-TABLE TableOverride-1 tab-drag\">\n<tbody>\n<tr>\n<td colspan=\"60\">\n<h4>Mod\u00e8le<\/h4>\n<\/td>\n<\/tr>\n<tr>\n<td colspan=\"18\">Mod\u00e8le<\/td>\n<td colspan=\"42\">LM49-S400<\/td>\n<\/tr>\n<tr>\n<td colspan=\"60\">\n<h4>Afficher<\/h4>\n<\/td>\n<\/tr>\n<tr>\n<td colspan=\"18\">Taille de l&#8217;\u00e9cran<\/td>\n<td colspan=\"42\">49 &#8220;<\/td>\n<\/tr>\n<tr>\n<td colspan=\"18\">Ratio d&#8217;aspect<\/td>\n<td colspan=\"42\">16: 9<\/td>\n<\/tr>\n<tr>\n<td colspan=\"18\">R\u00e9solution<\/td>\n<td colspan=\"42\">3840 \u00d7 2160 (UHD)<\/td>\n<\/tr>\n<tr>\n<td colspan=\"18\">R\u00e9tro-\u00e9clairage<\/td>\n<td colspan=\"42\">LED<\/td>\n<\/tr>\n<tr>\n<td colspan=\"18\">Luminosit\u00e9 \/ Luminance<\/td>\n<td colspan=\"42\">450cd \/\u00a0<span lang=\"zh-CN\">\u33a1<\/span><\/td>\n<\/tr>\n<tr>\n<td colspan=\"18\">Contraste<\/td>\n<td colspan=\"42\">4700: 1<\/td>\n<\/tr>\n<tr>\n<td colspan=\"18\">Couleur d&#8217;affichage<\/td>\n<td colspan=\"42\">1.07B (10bit)<\/td>\n<\/tr>\n<tr>\n<td colspan=\"18\">Angle de vision (H \/ V)<\/td>\n<td colspan=\"42\">178 \u00b0 (H) \/ 178 \u00b0 (V)<\/td>\n<\/tr>\n<tr>\n<td colspan=\"18\">Temps de r\u00e9ponse<\/td>\n<td colspan=\"42\">8ms<\/td>\n<\/tr>\n<tr>\n<td colspan=\"18\">Fr\u00e9quence de rafra\u00eechissement<\/td>\n<td colspan=\"42\">60Hz<\/td>\n<\/tr>\n<tr>\n<td colspan=\"60\">\n<h4>Des signaux<\/h4>\n<\/td>\n<\/tr>\n<tr>\n<td colspan=\"18\">Contribution<\/td>\n<td colspan=\"42\">DP 1,2a \u00d7 1, HDMI 2,0 \u00d7 2, VGA (D-Sub) \u00d7 1, USB multim\u00e9dia \u00d7 1, Audio \u00d7 1, RJ45 (RS232) \u00d7 1<\/td>\n<\/tr>\n<tr>\n<td colspan=\"18\" rowspan=\"2\">Sortie<\/td>\n<td colspan=\"42\">RJ45 (RS232) \u00d7 1<\/td>\n<\/tr>\n<tr>\n<td colspan=\"21\">Orateur<\/td>\n<td colspan=\"21\">5W \u00d7 2<\/td>\n<\/tr>\n<tr>\n<td colspan=\"60\">\n<h4>G\u00e9n\u00e9ral<\/h4>\n<\/td>\n<\/tr>\n<tr>\n<td colspan=\"18\">Source de courant<\/td>\n<td colspan=\"42\">AC100 ~ 240V (+\/- 10%), 50\/60 Hz<\/td>\n<\/tr>\n<\/tbody>\n<\/table>\n<\/div>\n<\/div>\n<div id=\"div_left\">\n<div class=\"div-drop\">\n<table id=\"table002\" class=\"NEW-TABLE TableOverride-1 tab-drag\">\n<tbody>\n<tr>\n<td colspan=\"18\">Consommation (standard)<\/td>\n<td colspan=\"42\">&lt;145W<\/td>\n<\/tr>\n<tr>\n<td colspan=\"18\">Type<\/td>\n<td colspan=\"42\">Interne<\/td>\n<\/tr>\n<tr>\n<td colspan=\"18\">Poids net<\/td>\n<td colspan=\"42\">20,5 kg<\/td>\n<\/tr>\n<tr>\n<td colspan=\"18\">Poids brut<\/td>\n<td colspan=\"42\">30,4 kg<\/td>\n<\/tr>\n<tr>\n<td colspan=\"18\">Largeur de la lunette<\/td>\n<td colspan=\"42\">8mm (U \/ L \/ R \/ B)<\/td>\n<\/tr>\n<tr>\n<td colspan=\"18\">Montage mural<\/td>\n<td colspan=\"42\">400 \u00d7 400 mm (15,7 &#8220;\u00d7 15,7&#8221;)<\/td>\n<\/tr>\n<tr>\n<td colspan=\"18\">Dimension sans norme (L \u00d7 H \u00d7 P)<\/td>\n<td colspan=\"42\">1091,5 \u00d7 623,2 \u00d7 65,0 mm (43,0 &#8220;\u00d7 24,5&#8221; \u00d7 2,6 &#8220;)<\/td>\n<\/tr>\n<tr>\n<td colspan=\"18\">Paquet (W \u00d7 H \u00d7 P)<\/td>\n<td colspan=\"42\">1275 \u00d7 795 \u00d7 255mm (50.2 &#8220;\u00d7 31.3&#8221; \u00d7 10.0 &#8220;)<\/td>\n<\/tr>\n<tr>\n<td colspan=\"18\" rowspan=\"2\">Environnement de travail<\/td>\n<td colspan=\"21\">Temp\u00e9rature<\/td>\n<td colspan=\"21\">0\u00a0\u2103\u00a0~ 40\u00a0\u2103\u00a0(32 \u00b0 F ~ 104 \u00b0 F)<\/td>\n<\/tr>\n<tr>\n<td colspan=\"21\">Humidit\u00e9<\/td>\n<td colspan=\"21\">10% ~ 85%<\/td>\n<\/tr>\n<tr>\n<td colspan=\"60\">\n<h4>Accessoire<\/h4>\n<\/td>\n<\/tr>\n<tr>\n<td colspan=\"18\">la norme<\/td>\n<td colspan=\"42\">C\u00e2ble HDMI, c\u00e2ble d&#8217;alimentation, support suspendu,\u00a0<span lang=\"zh-CN\">t\u00e9l\u00e9commande<\/span><\/td>\n<\/tr>\n<tr>\n<td colspan=\"18\">Optionnel<\/td>\n<td colspan=\"42\">Pi\u00e9destal<\/td>\n<\/tr>\n<tr>\n<td colspan=\"60\">\n<h4>Certifications<\/h4>\n<\/td>\n<\/tr>\n<tr>\n<td colspan=\"18\">Certifications<\/td>\n<td colspan=\"42\">CE \/ FCC<\/td>\n<\/tr>\n<\/tbody>\n<\/table>\n<\/div>\n<\/div>\n","protected":false},"excerpt":{"rendered":"<h1><span style=\"color: #000000; font-family: georgia, palatino, serif; font-size: 10pt;\"><strong>Moniteur LED UHD \/ Ecran 49 &#8221;<\/strong><\/span><\/h1>\n<ul>\n<li>R\u00e9solution 4K Ultra-HD<\/li>\n<li>Utilisation d&#8217;un bo\u00eetier en m\u00e9tal inviolable<\/li>\n<li>Conception de cadre mince de 8 mm<\/li>\n<li>Filtre COMB 3D int\u00e9gr\u00e9 et r\u00e9duction du bruit 3D<\/li>\n<li>Temps de r\u00e9ponse de 8 ms pour \u00e9viter tout flou, sifflement ou image fant\u00f4me<\/li>\n<li>1,07 couleurs, pour un rendu r\u00e9aliste et exp\u00e9rience visuelle immersive<\/li>\n<li>Traitement num\u00e9rique haute fid\u00e9lit\u00e9 pour une vid\u00e9o brillante et \u00e9clatante<\/li>\n<li>Angle de vision large et illumin\u00e9 de 178 \u00b0 \/ 178 \u00b0<\/li>\n<li>Conception thermique professionnelle pour prolonger la dur\u00e9e de vie des \u00e9quipements<\/li>\n<li>Alimentation\u00a0int\u00e9gr\u00e9e, faible consommation d&#8217;\u00e9nergie, ultra-silencieux<\/li>\n<li>Prise en charge de plusieurs signaux , tels que HDMI, DP, VGA, USB<\/li>\n<\/ul>\n","protected":false},"featured_media":19017,"comment_status":"open","ping_status":"closed","template":"","meta":{"om_disable_all_campaigns":false,"_monsterinsights_skip_tracking":false,"_monsterinsights_sitenote_active":false,"_monsterinsights_sitenote_note":"","_monsterinsights_sitenote_category":0},"product_cat":[1269,1264,550],"product_tag":[204,205,206,260,207,261,262,210,263,264,211,228,212,213,265,214,229,193,216,195,218,196,272,197,198,199,220,241,200,201,222,280,223,283,284,708,285,1093,286,224,225,226,292],"class_list":{"0":"post-19093","1":"product","2":"type-product","3":"status-publish","4":"has-post-thumbnail","6":"product_cat-moniteur-led","7":"product_cat-moniteur-uhd-4k","8":"product_cat-moniteurs-dahua","9":"product_tag-afrique-du-sud","10":"product_tag-alarme","11":"product_tag-camera","12":"product_tag-camera-de-surveillance-tanger","13":"product_tag-camera-hdcvi","14":"product_tag-camera-ip-dahua","15":"product_tag-camera-maroc","16":"product_tag-camera-surveillance-afrique","17":"product_tag-camera-surveillance-avec-un-bon-prix","18":"product_tag-camera-surveillance-casablanca","19":"product_tag-camera-surveillance-dahua","20":"product_tag-camera-surveillance-maroc","21":"product_tag-camera-surveillance-tanger","22":"product_tag-camera-dahua","23":"product_tag-control-dacces-tanger","24":"product_tag-dahua-afrique","25":"product_tag-dahua-agadir","26":"product_tag-dahua-casablanca","27":"product_tag-dahua-el-jadida","28":"product_tag-dahua-fes","29":"product_tag-dahua-hoceima","30":"product_tag-dahua-kenitra","31":"product_tag-dahua-laayoune","32":"product_tag-dahua-maroc","33":"product_tag-dahua-marrakech","34":"product_tag-dahua-meknes","35":"product_tag-dahua-nador","36":"product_tag-dahua-oujda","37":"product_tag-dahua-rabat","38":"product_tag-dahua-tanger","39":"product_tag-dahua-tetouan","40":"product_tag-desenfumage-tanger","41":"product_tag-disque-dur","42":"product_tag-installation-alarme","43":"product_tag-installations-camera-de-surveillance-maroc","44":"product_tag-lm49-s400","45":"product_tag-moniteur-dimage","46":"product_tag-onstuck","47":"product_tag-pack-camera-de-surveillance","48":"product_tag-pack-camera-de-surveillance-dahua","49":"product_tag-pointeuse","50":"product_tag-smart-lock","51":"product_tag-video-surveillance-tanger","52":"ts_product_brand-dahua","54":"first","55":"instock","56":"shipping-taxable","57":"purchasable","58":"product-type-simple","59":"add-to-wishlist-after_add_to_cart"},"aioseo_notices":[],"_links":{"self":[{"href":"https:\/\/tthcompany.ma\/index.php\/wp-json\/wp\/v2\/product\/19093","targetHints":{"allow":["GET"]}}],"collection":[{"href":"https:\/\/tthcompany.ma\/index.php\/wp-json\/wp\/v2\/product"}],"about":[{"href":"https:\/\/tthcompany.ma\/index.php\/wp-json\/wp\/v2\/types\/product"}],"replies":[{"embeddable":true,"href":"https:\/\/tthcompany.ma\/index.php\/wp-json\/wp\/v2\/comments?post=19093"}],"wp:featuredmedia":[{"embeddable":true,"href":"https:\/\/tthcompany.ma\/index.php\/wp-json\/wp\/v2\/media\/19017"}],"wp:attachment":[{"href":"https:\/\/tthcompany.ma\/index.php\/wp-json\/wp\/v2\/media?parent=19093"}],"wp:term":[{"taxonomy":"product_cat","embeddable":true,"href":"https:\/\/tthcompany.ma\/index.php\/wp-json\/wp\/v2\/product_cat?post=19093"},{"taxonomy":"product_tag","embeddable":true,"href":"https:\/\/tthcompany.ma\/index.php\/wp-json\/wp\/v2\/product_tag?post=19093"}],"curies":[{"name":"wp","href":"https:\/\/api.w.org\/{rel}","templated":true}]}}