{"id":19092,"date":"2022-08-17T10:16:09","date_gmt":"2022-08-17T10:16:09","guid":{"rendered":"https:\/\/tthcompany.ma\/?post_type=product&#038;p=19092"},"modified":"2022-08-17T10:28:37","modified_gmt":"2022-08-17T10:28:37","slug":"ivss7024dr","status":"publish","type":"product","link":"https:\/\/tthcompany.ma\/index.php\/product\/ivss7024dr\/","title":{"rendered":"IVSS7024DR"},"content":{"rendered":"<div id=\"div_left\">\n<div class=\"div-drop\">\n<table id=\"table001\" class=\"NEW-TABLE TableOverride-1 tab-drag\" style=\"width: 100%; height: 1401px;\">\n<tbody>\n<tr style=\"height: 75px;\">\n<td style=\"width: 41.1125%; height: 75px;\" colspan=\"60\">\n<h2><span style=\"font-size: 14pt;\">Syst\u00e8me<\/span><\/h2>\n<\/td>\n<\/tr>\n<tr style=\"height: 24px;\">\n<td style=\"width: 19.9516%; height: 24px;\" colspan=\"18\">Processeur principal<\/td>\n<td style=\"width: 21.1608%; height: 24px;\" colspan=\"42\">Processeur Intel Quad-Core<\/td>\n<\/tr>\n<tr style=\"height: 24px;\">\n<td style=\"width: 19.9516%; height: 24px;\" colspan=\"18\">M\u00e9moire<\/td>\n<td style=\"width: 21.1608%; height: 24px;\" colspan=\"42\">16 Go, jusqu&#8217;\u00e0 64 Go<\/td>\n<\/tr>\n<tr style=\"height: 24px;\">\n<td style=\"width: 19.9516%; height: 24px;\" colspan=\"18\">Syst\u00e8me op\u00e9rateur<\/td>\n<td style=\"width: 21.1608%; height: 24px;\" colspan=\"42\">LINUX int\u00e9gr\u00e9<\/td>\n<\/tr>\n<tr style=\"height: 24px;\">\n<td style=\"width: 41.1125%; height: 24px;\" colspan=\"60\">Intelligence artificielle\u00a0(avec cam\u00e9ra AI)<\/td>\n<\/tr>\n<tr style=\"height: 48px;\">\n<td style=\"width: 19.9516%; height: 48px;\" colspan=\"18\">Reconnaissance de visage<\/td>\n<td style=\"width: 21.1608%; height: 48px;\" colspan=\"42\">Afficher le r\u00e9sultat de la reconnaissance faciale de la cam\u00e9ra AI<\/td>\n<\/tr>\n<tr style=\"height: 24px;\">\n<td style=\"width: 19.9516%; height: 24px;\" colspan=\"18\">D\u00e9tection facial<\/td>\n<td style=\"width: 21.1608%; height: 24px;\" colspan=\"42\">Afficher le r\u00e9sultat de d\u00e9tection de visage de la cam\u00e9ra AI<\/td>\n<\/tr>\n<tr style=\"height: 72px;\">\n<td style=\"width: 19.9516%; height: 72px;\" colspan=\"18\">M\u00e9tadonn\u00e9es<\/td>\n<td style=\"width: 21.1608%; height: 72px;\" colspan=\"42\">Enregistrez des donn\u00e9es d\u00e9taill\u00e9es sur le sexe, l&#8217;\u00e2ge, l&#8217;expression, les lunettes, la moustache et le masque buccal.<\/td>\n<\/tr>\n<tr style=\"height: 24px;\">\n<td style=\"width: 19.9516%; height: 24px;\" colspan=\"18\">\u00c9v\u00e9nements d\u00e9clencheurs<\/td>\n<td style=\"width: 21.1608%; height: 24px;\" colspan=\"42\">Sonnerie, instantan\u00e9, enregistrement, etc.<\/td>\n<\/tr>\n<tr style=\"height: 75px;\">\n<td style=\"width: 41.1125%; height: 75px;\" colspan=\"60\">\n<h2><span style=\"font-size: 14pt;\">Audio et vid\u00e9o<\/span><\/h2>\n<\/td>\n<\/tr>\n<tr style=\"height: 24px;\">\n<td style=\"width: 19.9516%; height: 24px;\" colspan=\"18\">Entr\u00e9e cam\u00e9ra IP<\/td>\n<td style=\"width: 21.1608%; height: 24px;\" colspan=\"42\">256 canaux<\/td>\n<\/tr>\n<tr style=\"height: 24px;\">\n<td style=\"width: 19.9516%; height: 24px;\" colspan=\"18\">Conversation \u00e0 double sens<\/td>\n<td style=\"width: 21.1608%; height: 24px;\" colspan=\"42\">Entr\u00e9e audio 1 \u00d7 3,5 mm, sortie audio 1 \u00d7 3,5 mm<\/td>\n<\/tr>\n<tr style=\"height: 75px;\">\n<td style=\"width: 41.1125%; height: 75px;\" colspan=\"60\">\n<h2><span style=\"font-size: 14pt;\">Afficher<\/span><\/h2>\n<\/td>\n<\/tr>\n<tr style=\"height: 24px;\">\n<td style=\"width: 19.9516%; height: 24px;\" colspan=\"18\">Interface<\/td>\n<td style=\"width: 21.1608%; height: 24px;\" colspan=\"42\">3 HDMI, 1VGA<\/td>\n<\/tr>\n<tr style=\"height: 96px;\">\n<td style=\"width: 19.9516%; height: 192px;\" colspan=\"18\" rowspan=\"2\">R\u00e9solution<\/td>\n<td style=\"width: 21.1608%; height: 96px;\" colspan=\"42\">HDMI1 \/ 2\/3: 3840 \u00d7 2160, 1920 \u00d7 1080, 1280 \u00d7 1024,<\/p>\n<p>1280 \u00d7 720<\/td>\n<\/tr>\n<tr style=\"height: 96px;\">\n<td style=\"width: 21.1608%; height: 96px;\" colspan=\"42\">VGA: 1920 \u00d7 1080, 1280 \u00d7 1024,<\/p>\n<p>1280 \u00d7 720<\/td>\n<\/tr>\n<tr style=\"height: 24px;\">\n<td style=\"width: 19.9516%; height: 24px;\" colspan=\"18\">Capacit\u00e9 de d\u00e9codage<\/td>\n<td style=\"width: 21.1608%; height: 24px;\" colspan=\"42\">24 canaux @ 1080p (30 images par seconde)<\/td>\n<\/tr>\n<tr style=\"height: 24px;\">\n<td style=\"width: 19.9516%; height: 24px;\" colspan=\"18\">Affichage\u00a0multi-\u00e9crans<\/td>\n<td style=\"width: 21.1608%; height: 24px;\" colspan=\"42\">Jusqu&#8217;\u00e0 36 divisions pour chaque \u00e9cran<\/td>\n<\/tr>\n<tr style=\"height: 48px;\">\n<td style=\"width: 19.9516%; height: 48px;\" colspan=\"18\">OSD<\/td>\n<td style=\"width: 21.1608%; height: 48px;\" colspan=\"42\">Titre de la cam\u00e9ra, Heure, D\u00e9tection de mouvement, Enregistrement<\/td>\n<\/tr>\n<tr style=\"height: 75px;\">\n<td style=\"width: 41.1125%; height: 75px;\" colspan=\"60\">\n<h2><span style=\"font-size: 14pt;\">Enregistrement<\/span><\/h2>\n<\/td>\n<\/tr>\n<tr style=\"height: 24px;\">\n<td style=\"width: 19.9516%; height: 24px;\" colspan=\"18\">Bande passante<\/td>\n<td style=\"width: 21.1608%; height: 24px;\" colspan=\"42\">768 Mbps<\/td>\n<\/tr>\n<tr style=\"height: 24px;\">\n<td style=\"width: 19.9516%; height: 24px;\" colspan=\"18\">Compression<\/td>\n<td style=\"width: 21.1608%; height: 24px;\" colspan=\"42\">H.265 \/ H.264 \/ MJPEG \/ MPEG4<\/td>\n<\/tr>\n<tr style=\"height: 24px;\">\n<td style=\"width: 19.9516%; height: 24px;\" colspan=\"18\">R\u00e9solution<\/td>\n<td style=\"width: 21.1608%; height: 24px;\" colspan=\"42\">12MP, 8MP, 6MP, 5MP, 4MP, 3MP, 1080P, etc.<\/td>\n<\/tr>\n<tr style=\"height: 24px;\">\n<td style=\"width: 19.9516%; height: 24px;\" colspan=\"18\">Mode d&#8217;enregistrement<\/td>\n<td style=\"width: 21.1608%; height: 24px;\" colspan=\"42\">Horaire (continu, \u00e9v\u00e9nement)<\/td>\n<\/tr>\n<tr style=\"height: 75px;\">\n<td style=\"width: 41.1125%; height: 75px;\" colspan=\"60\">\n<h2><span style=\"font-size: 14pt;\">D\u00e9tection vid\u00e9o et alarme<\/span><\/h2>\n<\/td>\n<\/tr>\n<tr style=\"height: 24px;\">\n<td style=\"width: 19.9516%; height: 24px;\" colspan=\"18\">\u00c9v\u00e9nements d\u00e9clencheurs<\/td>\n<td style=\"width: 21.1608%; height: 24px;\" colspan=\"42\">Enregistrement, instantan\u00e9, sonnerie, etc.<\/td>\n<\/tr>\n<tr style=\"height: 48px;\">\n<td style=\"width: 19.9516%; height: 48px;\" colspan=\"18\">D\u00e9tection vid\u00e9o<\/td>\n<td style=\"width: 21.1608%; height: 48px;\" colspan=\"42\">D\u00e9tection de mouvement, zones MD: 396 (22 \u00d7 18);\u00a0Falsification<\/td>\n<\/tr>\n<tr style=\"height: 24px;\">\n<td style=\"width: 19.9516%; height: 24px;\" colspan=\"18\">Entr\u00e9e d&#8217;alarme<\/td>\n<td style=\"width: 21.1608%; height: 24px;\" colspan=\"42\">16 canaux<\/td>\n<\/tr>\n<tr style=\"height: 24px;\">\n<td style=\"width: 19.9516%; height: 24px;\" colspan=\"18\">Sortie relais<\/td>\n<td style=\"width: 21.1608%; height: 24px;\" colspan=\"42\">8 canaux<\/td>\n<\/tr>\n<tr style=\"height: 66px;\">\n<td style=\"width: 41.1125%; height: 66px;\" colspan=\"60\">\n<h2><span style=\"font-size: 14pt;\">Lecture et sauvegarde<\/span><\/h2>\n<\/td>\n<\/tr>\n<tr style=\"height: 48px;\">\n<td style=\"width: 19.9516%; height: 48px;\" colspan=\"18\">Lecture synchronis\u00e9e<\/td>\n<td style=\"width: 21.1608%; height: 48px;\" colspan=\"42\">Lecture synchronis\u00e9e jusqu&#8217;\u00e0 16 canaux, bande passante de lecture de 768 Mbps<\/td>\n<\/tr>\n<tr style=\"height: 48px;\">\n<td style=\"width: 19.9516%; height: 48px;\" colspan=\"18\">Mode de recherche<\/td>\n<td style=\"width: 21.1608%; height: 48px;\" colspan=\"42\">Heure \/ Date, d\u00e9tection vid\u00e9o, recherche de visage et exacte (pr\u00e9cision \u00e0 la seconde)<\/td>\n<\/tr>\n<tr style=\"height: 24px;\">\n<td style=\"width: 19.9516%; height: 24px;\" colspan=\"18\">Mode de sauvegarde<\/td>\n<td style=\"width: 21.1608%; height: 24px;\" colspan=\"42\">P\u00e9riph\u00e9rique USB \/ r\u00e9seau<\/td>\n<\/tr>\n<\/tbody>\n<\/table>\n<\/div>\n<\/div>\n<div id=\"div_left\">\n<div class=\"div-drop\">\n<table id=\"table002\" class=\"NEW-TABLE TableOverride-1 tab-drag\" style=\"width: 100%;\">\n<tbody>\n<tr>\n<td style=\"width: 40.1451%;\" colspan=\"60\">\n<h2><span style=\"font-size: 14pt;\">Assistance tierce<\/span><\/h2>\n<\/td>\n<\/tr>\n<tr>\n<td style=\"width: 19.468%;\" colspan=\"18\">Assistance tierce<\/td>\n<td style=\"width: 20.6771%;\" colspan=\"42\">AXIS, Panasonic, Sony, etc.<\/td>\n<\/tr>\n<tr>\n<td style=\"width: 40.1451%;\" colspan=\"60\">\n<h2><span style=\"font-size: 14pt;\">R\u00e9seau<\/span><\/h2>\n<\/td>\n<\/tr>\n<tr>\n<td style=\"width: 19.468%;\" colspan=\"18\">Interface<\/td>\n<td style=\"width: 20.6771%;\" colspan=\"42\">4 ports RJ-45 (10\/100 \/ 1000Mbps)<\/td>\n<\/tr>\n<tr>\n<td style=\"width: 19.468%;\" colspan=\"18\">Interface optionnelle<\/td>\n<td style=\"width: 20.6771%;\" colspan=\"42\">Interface fibre optique 4 Giga<\/td>\n<\/tr>\n<tr>\n<td style=\"width: 19.468%;\" colspan=\"18\">Mode de port r\u00e9seau<\/td>\n<td style=\"width: 20.6771%;\" colspan=\"42\">Ports Ethernet ind\u00e9pendants, \u00e9quilibre de charge, tol\u00e9rance aux pannes, agr\u00e9gation de liens<\/td>\n<\/tr>\n<tr>\n<td style=\"width: 19.468%;\" colspan=\"18\">Fonction r\u00e9seau<\/td>\n<td style=\"width: 20.6771%;\" colspan=\"42\">HTTP, HTTPS, TCP \/ IP, UDP, RTSP, IPv4, NTP, DHCP, DNS, Filtre IP, Recherche IP (Cam\u00e9ra IP Dahua, DVR, etc.), P2P<\/td>\n<\/tr>\n<tr>\n<td style=\"width: 19.468%;\" colspan=\"18\">L&#8217;interop\u00e9rabilit\u00e9<\/td>\n<td style=\"width: 20.6771%;\" colspan=\"42\">ONVIF 2.4, SDK<\/td>\n<\/tr>\n<tr>\n<td style=\"width: 40.1451%;\" colspan=\"60\">\n<h2><span style=\"font-size: 14pt;\">Espace de rangement<\/span><\/h2>\n<\/td>\n<\/tr>\n<tr>\n<td style=\"width: 19.468%;\" colspan=\"18\">Disque dur interne<\/td>\n<td style=\"width: 20.6771%;\" colspan=\"42\">24 disques durs SAS \/ SATA, capacit\u00e9 maximale de 10 To pour chaque disque dur, support de disque dur ind\u00e9pendant, rempla\u00e7able \u00e0 chaud<\/td>\n<\/tr>\n<tr>\n<td style=\"width: 19.468%;\" colspan=\"18\">Mode disque dur<\/td>\n<td style=\"width: 20.6771%;\" colspan=\"42\">Single, Raid 0\/1\/5\/6\/10\u00a0<span lang=\"zh-CN\">(les disques durs de niveau entreprise sont recommand\u00e9s),\u00a0<\/span>Prise en charge du disque de secours global pour disque dur<\/td>\n<\/tr>\n<tr>\n<td style=\"width: 19.468%;\" colspan=\"18\">eSATA<\/td>\n<td style=\"width: 20.6771%;\" colspan=\"42\">1 port eSATA (veuillez contacter un ing\u00e9nieur technique pour confirmer le p\u00e9riph\u00e9rique compatible)<\/td>\n<\/tr>\n<tr>\n<td style=\"width: 19.468%;\" colspan=\"18\">SAS<\/td>\n<td style=\"width: 20.6771%;\" colspan=\"42\">2 ports SAS3.0<\/td>\n<\/tr>\n<tr>\n<td style=\"width: 40.1451%;\" colspan=\"60\">\n<h2><span style=\"font-size: 14pt;\">Interface auxiliaire<\/span><\/h2>\n<\/td>\n<\/tr>\n<tr>\n<td style=\"width: 19.468%;\" colspan=\"18\">Couverture<\/td>\n<td style=\"width: 20.6771%;\" colspan=\"42\">Soutien \u00e9changeable \u00e0\u00a0chaud\u00a0<span lang=\"zh-CN\">,\u00a0<\/span><span lang=\"zh-CN\">HD LCD 7 pouces (\u00a0<\/span>1920 \u00d7 1080, 1280 \u00d7 1024\u00a0<span lang=\"zh-CN\">)<\/span><\/td>\n<\/tr>\n<tr>\n<td style=\"width: 19.468%;\" colspan=\"18\">USB<\/td>\n<td style=\"width: 20.6771%;\" colspan=\"42\">4 ports USB (2 USB 2.0, 2 USB 3.0)<\/td>\n<\/tr>\n<tr>\n<td style=\"width: 19.468%;\" colspan=\"18\">RS232<\/td>\n<td style=\"width: 20.6771%;\" colspan=\"42\">1 port, pour la communication PC<\/td>\n<\/tr>\n<tr>\n<td style=\"width: 19.468%;\" colspan=\"18\">RS485<\/td>\n<td style=\"width: 20.6771%;\" colspan=\"42\">1 port<\/td>\n<\/tr>\n<tr>\n<td style=\"width: 40.1451%;\" colspan=\"60\">\n<h2><span style=\"font-size: 14pt;\">\u00c9lectrique<\/span><\/h2>\n<\/td>\n<\/tr>\n<tr>\n<td style=\"width: 19.468%;\" colspan=\"18\">Source de courant<\/td>\n<td style=\"width: 20.6771%;\" colspan=\"42\">AC100V ~ 240V, 50 ~ 60 Hz, rempla\u00e7able \u00e0 chaud, redondant<\/td>\n<\/tr>\n<tr>\n<td style=\"width: 19.468%;\" colspan=\"18\">Consommation d&#8217;\u00e9nergie<\/td>\n<td style=\"width: 20.6771%;\" colspan=\"42\">&lt;70W (sans disque dur)<\/td>\n<\/tr>\n<tr>\n<td style=\"width: 19.468%;\" colspan=\"18\">Ventilateur<\/td>\n<td style=\"width: 20.6771%;\" colspan=\"42\">Ventilateurs \u00e0 double roulement \u00e0 billes, rempla\u00e7ables \u00e0 chaud<\/td>\n<\/tr>\n<tr>\n<td style=\"width: 40.1451%;\" colspan=\"60\">\n<h2><span style=\"font-size: 14pt;\">Environnement<\/span><\/h2>\n<\/td>\n<\/tr>\n<tr>\n<td style=\"width: 19.468%;\" colspan=\"18\">Des conditions de fonctionnement<\/td>\n<td style=\"width: 20.6771%;\" colspan=\"42\">0 \u00b0 C ~ + 45 \u00b0 C (86 ~ 106 kpa)<\/td>\n<\/tr>\n<tr>\n<td style=\"width: 19.468%;\" colspan=\"18\">Conditions de stockage<\/td>\n<td style=\"width: 20.6771%;\" colspan=\"42\">-20 \u00b0 C ~ + 70 \u00b0 C, 0 ~ 90% HR<\/td>\n<\/tr>\n<tr>\n<td style=\"width: 40.1451%;\" colspan=\"60\">\n<h2><span style=\"font-size: 14pt;\">Construction<\/span><\/h2>\n<\/td>\n<\/tr>\n<tr>\n<td style=\"width: 19.468%;\" colspan=\"18\">Dimensions<\/td>\n<td style=\"width: 20.6771%;\" colspan=\"42\">4U, 482,6 mm x 543,4 mm x 175 mm (19 &#8220;x 21,39&#8221; x 6,89 &#8220;)<\/td>\n<\/tr>\n<tr>\n<td style=\"width: 19.468%;\" colspan=\"18\">Poids net<\/td>\n<td style=\"width: 20.6771%;\" colspan=\"42\">20 kg (44.09 lb) (sans disque dur)<\/td>\n<\/tr>\n<tr>\n<td style=\"width: 19.468%;\" colspan=\"18\">Installation<\/td>\n<td style=\"width: 20.6771%;\" colspan=\"42\">Standard mont\u00e9 en rack 19 pouces<\/td>\n<\/tr>\n<tr>\n<td style=\"width: 40.1451%;\" colspan=\"60\">\n<h2><span style=\"font-size: 14pt;\">Certifications<\/span><\/h2>\n<\/td>\n<\/tr>\n<tr>\n<td style=\"width: 19.468%;\" colspan=\"18\">CE<\/td>\n<td style=\"width: 20.6771%;\" colspan=\"42\">EN55032, EN55024, EN50130-4, EN60950-1<\/td>\n<\/tr>\n<tr>\n<td style=\"width: 19.468%;\" colspan=\"18\">FCC<\/td>\n<td style=\"width: 20.6771%;\" colspan=\"42\">Partie 15, sous-partie B, ANSI C63.4-2014<\/td>\n<\/tr>\n<tr>\n<td style=\"width: 19.468%;\" colspan=\"18\">UL<\/td>\n<td style=\"width: 20.6771%;\" colspan=\"42\">UL 60950-1<\/td>\n<\/tr>\n<\/tbody>\n<\/table>\n<\/div>\n<\/div>\n","protected":false},"excerpt":{"rendered":"<h1 class=\"text\"><span style=\"color: #000000; font-size: 10pt; font-family: georgia, palatino, serif;\"><strong>IVSS &#8211; Enregistreur vid\u00e9o r\u00e9seau AI 4U 24HDD<\/strong><\/span><\/h1>\n<ul>\n<li>Processeur Intel quadric\u0153ur<\/li>\n<li>Largeur de bande entrante maximale de 768\u00a0Mbits \/ s<\/li>\n<li>Acc\u00e8s vid\u00e9o IP 256 canaux<\/li>\n<li>Prise en charge de RAID 0\/1\/5\/6\/10<\/li>\n<li>SAS3.0 pour extension de stockage<\/li>\n<li>Sortie vid\u00e9o 3HDMI \/ 1VGA<\/li>\n<li>Alimentation\u00a0redondante<\/li>\n<\/ul>\n","protected":false},"featured_media":19131,"comment_status":"open","ping_status":"closed","template":"","meta":{"om_disable_all_campaigns":false,"_monsterinsights_skip_tracking":false,"_monsterinsights_sitenote_active":false,"_monsterinsights_sitenote_note":"","_monsterinsights_sitenote_category":0},"product_cat":[702,334,302],"product_tag":[204,205,260,207,261,262,209,210,263,264,211,228,212,213,265,214,229,193,216,195,218,196,272,197,198,199,220,241,200,201,222,282,703,704,283,284,705,706,707,285,286,224,225,226,292],"class_list":{"0":"post-19092","1":"product","2":"type-product","3":"status-publish","4":"has-post-thumbnail","6":"product_cat-ivs","7":"product_cat-nvr-dahua","8":"product_cat-produits-ip","9":"product_tag-afrique-du-sud","10":"product_tag-alarme","11":"product_tag-camera-de-surveillance-tanger","12":"product_tag-camera-hdcvi","13":"product_tag-camera-ip-dahua","14":"product_tag-camera-maroc","15":"product_tag-camera-surveillance","16":"product_tag-camera-surveillance-afrique","17":"product_tag-camera-surveillance-avec-un-bon-prix","18":"product_tag-camera-surveillance-casablanca","19":"product_tag-camera-surveillance-dahua","20":"product_tag-camera-surveillance-maroc","21":"product_tag-camera-surveillance-tanger","22":"product_tag-camera-dahua","23":"product_tag-control-dacces-tanger","24":"product_tag-dahua-afrique","25":"product_tag-dahua-agadir","26":"product_tag-dahua-casablanca","27":"product_tag-dahua-el-jadida","28":"product_tag-dahua-fes","29":"product_tag-dahua-hoceima","30":"product_tag-dahua-kenitra","31":"product_tag-dahua-laayoune","32":"product_tag-dahua-maroc","33":"product_tag-dahua-marrakech","34":"product_tag-dahua-meknes","35":"product_tag-dahua-nador","36":"product_tag-dahua-oujda","37":"product_tag-dahua-rabat","38":"product_tag-dahua-tanger","39":"product_tag-dahua-tetouan","40":"product_tag-distributeur-dahua","41":"product_tag-enregistreur-video-reseau-ai-4u-24hdd","42":"product_tag-enregistreur-video-reseau-ai-4u-24hdd-ivss7024dr-dahua-maroc-afrique","43":"product_tag-installation-alarme","44":"product_tag-installations-camera-de-surveillance-maroc","45":"product_tag-ivss7024dr","46":"product_tag-ivss7024dr-16i","47":"product_tag-ivss7024dr-16i-serveur-de-surveillance-video-intelligent-4u-24hdd","48":"product_tag-moniteur-dimage","49":"product_tag-pack-camera-de-surveillance","50":"product_tag-pack-camera-de-surveillance-dahua","51":"product_tag-pointeuse","52":"product_tag-smart-lock","53":"product_tag-video-surveillance-tanger","55":"first","56":"instock","57":"shipping-taxable","58":"purchasable","59":"product-type-simple","60":"add-to-wishlist-after_add_to_cart"},"aioseo_notices":[],"_links":{"self":[{"href":"https:\/\/tthcompany.ma\/index.php\/wp-json\/wp\/v2\/product\/19092","targetHints":{"allow":["GET"]}}],"collection":[{"href":"https:\/\/tthcompany.ma\/index.php\/wp-json\/wp\/v2\/product"}],"about":[{"href":"https:\/\/tthcompany.ma\/index.php\/wp-json\/wp\/v2\/types\/product"}],"replies":[{"embeddable":true,"href":"https:\/\/tthcompany.ma\/index.php\/wp-json\/wp\/v2\/comments?post=19092"}],"wp:featuredmedia":[{"embeddable":true,"href":"https:\/\/tthcompany.ma\/index.php\/wp-json\/wp\/v2\/media\/19131"}],"wp:attachment":[{"href":"https:\/\/tthcompany.ma\/index.php\/wp-json\/wp\/v2\/media?parent=19092"}],"wp:term":[{"taxonomy":"product_cat","embeddable":true,"href":"https:\/\/tthcompany.ma\/index.php\/wp-json\/wp\/v2\/product_cat?post=19092"},{"taxonomy":"product_tag","embeddable":true,"href":"https:\/\/tthcompany.ma\/index.php\/wp-json\/wp\/v2\/product_tag?post=19092"}],"curies":[{"name":"wp","href":"https:\/\/api.w.org\/{rel}","templated":true}]}}