{"id":19087,"date":"2022-08-17T10:16:08","date_gmt":"2022-08-17T10:16:08","guid":{"rendered":"https:\/\/tthcompany.ma\/?post_type=product&#038;p=19087"},"modified":"2022-12-28T10:59:16","modified_gmt":"2022-12-28T10:59:16","slug":"ipc-hdbw5831ep-ze","status":"publish","type":"product","link":"https:\/\/tthcompany.ma\/index.php\/product\/ipc-hdbw5831ep-ze\/","title":{"rendered":"IPC-HDBW5831EP-ZE"},"content":{"rendered":"<div id=\"div_left\">\n<div class=\"div-drop\">\n<table id=\"table001\" class=\"NEW-TABLE TableOverride-1 tab-drag\">\n<tbody>\n<tr>\n<td colspan=\"60\">\n<h2><span style=\"font-size: 14pt;\">Cam\u00e9ra<\/span><\/h2>\n<\/td>\n<\/tr>\n<tr>\n<td colspan=\"18\">Capteur d&#8217;image<\/td>\n<td colspan=\"42\">CMOS \u00e0 balayage progressif 1 \/ 2,5 &#8220;8 M\u00e9gapixels<\/td>\n<\/tr>\n<tr>\n<td colspan=\"18\">Pixels efficaces<\/td>\n<td colspan=\"42\">3840 (H) x 2160 (V)<\/td>\n<\/tr>\n<tr>\n<td colspan=\"18\">RAM \/ ROM<\/td>\n<td colspan=\"42\">512 Mo \/ 32 Mo<\/td>\n<\/tr>\n<tr>\n<td colspan=\"18\">Syst\u00e8me de num\u00e9risation<\/td>\n<td colspan=\"42\">Progressive<\/td>\n<\/tr>\n<tr>\n<td colspan=\"18\">Vitesse d&#8217;obturation \u00e9lectronique<\/td>\n<td colspan=\"42\">Auto \/ Manuel, 1\/3 \u00e0 1\/100 000<\/td>\n<\/tr>\n<tr>\n<td colspan=\"18\">Illumination minimale<\/td>\n<td colspan=\"42\">0.05Lux \/ F1.4 (Couleur, 1\/3 s, 30IRE)<\/p>\n<p>0.2Lux \/ F1.4 (Couleur, 1 \/ 30s, 30IRE)<\/p>\n<p>0Lux \/ F1.4 (IR activ\u00e9)<\/td>\n<\/tr>\n<tr>\n<td colspan=\"18\">Ratio S \/ N<\/td>\n<td colspan=\"42\">Plus que 50dB<\/td>\n<\/tr>\n<tr>\n<td colspan=\"18\">Distance IR<\/td>\n<td colspan=\"42\">Distance jusqu&#8217;\u00e0 50m<\/td>\n<\/tr>\n<tr>\n<td colspan=\"18\">Contr\u00f4le IR On \/ Off<\/td>\n<td colspan=\"42\">Auto \/ Manuel<\/td>\n<\/tr>\n<tr>\n<td colspan=\"18\">LED IR<\/td>\n<td colspan=\"42\">3<\/td>\n<\/tr>\n<tr>\n<td colspan=\"60\">\n<h2><span style=\"font-size: 14pt;\">Capture<\/span><\/h2>\n<\/td>\n<\/tr>\n<tr>\n<td colspan=\"18\">Type de lentille<\/td>\n<td colspan=\"42\">Iris motoris\u00e9 \/ automatique (DC)<\/td>\n<\/tr>\n<tr>\n<td colspan=\"18\">Type de montage<\/td>\n<td colspan=\"42\">Embarquement<\/td>\n<\/tr>\n<tr>\n<td colspan=\"18\">Distance focale<\/td>\n<td colspan=\"42\">2.7mm ~ 12mm<\/td>\n<\/tr>\n<tr>\n<td colspan=\"18\">Max.\u00a0Ouverture<\/td>\n<td colspan=\"42\">F1.4<\/td>\n<\/tr>\n<tr>\n<td colspan=\"18\">Angle de vue<\/td>\n<td colspan=\"42\">H: 110 \u00b0 ~ 40 \u00b0, V: 58 \u00b0 ~ 23 \u00b0<\/td>\n<\/tr>\n<tr>\n<td colspan=\"18\">Zoom optique<\/td>\n<td colspan=\"42\">4x<\/td>\n<\/tr>\n<tr>\n<td colspan=\"18\">Contr\u00f4le de la mise au point<\/td>\n<td colspan=\"42\">Motoris\u00e9<\/td>\n<\/tr>\n<tr>\n<td colspan=\"18\">Distance de mise au point proche<\/td>\n<td colspan=\"42\">0.3m<\/td>\n<\/tr>\n<tr>\n<td colspan=\"18\" rowspan=\"3\">DORI Distance<\/td>\n<td colspan=\"8\">Lentille<\/td>\n<td colspan=\"8\">D\u00e9tecter<\/td>\n<td colspan=\"8\">Observer<\/td>\n<td colspan=\"8\">Reconna\u00eetre<\/td>\n<td colspan=\"10\">Identifier<\/td>\n<\/tr>\n<tr>\n<td colspan=\"8\">W<\/td>\n<td colspan=\"8\">85m (280ft)<\/td>\n<td colspan=\"8\">34m<\/td>\n<td colspan=\"8\">17m (56ft)<\/td>\n<td colspan=\"10\">8,5 m<\/td>\n<\/tr>\n<tr>\n<td colspan=\"8\">T<\/td>\n<td colspan=\"8\">228m (748ft)<\/td>\n<td colspan=\"8\">91m<\/td>\n<td colspan=\"8\">46m<\/td>\n<td colspan=\"10\">23m (75ft)<\/td>\n<\/tr>\n<tr>\n<td colspan=\"60\">\n<h2><span style=\"font-size: 14pt;\">Pan \/ Tilt \/ Rotation<\/span><\/h2>\n<\/td>\n<\/tr>\n<tr>\n<td colspan=\"18\">Pan \/ Tilt \/ Rotation Range<\/td>\n<td colspan=\"42\">Pan: 0 ~ 355\u02da;\u00a0Inclinaison: 0\u02da ~ 65\u02da;\u00a0Rotation: 0\u02da ~ 355\u02da<\/td>\n<\/tr>\n<tr>\n<td colspan=\"60\">\n<h2><span style=\"font-size: 14pt;\">Intelligence<\/span><\/h2>\n<\/td>\n<\/tr>\n<tr>\n<td colspan=\"18\">IVS<\/td>\n<td colspan=\"42\">Tripwire, Intrusion, Objet abandonn\u00e9 \/ manquant<\/td>\n<\/tr>\n<tr>\n<td colspan=\"18\">Fonctions intelligentes avanc\u00e9es<\/td>\n<td colspan=\"42\">D\u00e9tection facial<\/td>\n<\/tr>\n<tr>\n<td colspan=\"60\">\n<h2><span style=\"font-size: 14pt;\">Vid\u00e9o<\/span><\/h2>\n<\/td>\n<\/tr>\n<tr>\n<td colspan=\"18\">Compression<\/td>\n<td colspan=\"42\">H.265 + \/ H.265 \/ H.264 + \/ H.264<\/td>\n<\/tr>\n<tr>\n<td colspan=\"18\">Capacit\u00e9 de streaming<\/td>\n<td colspan=\"42\">3 flux<\/td>\n<\/tr>\n<tr>\n<td colspan=\"18\">R\u00e9solution<\/td>\n<td colspan=\"42\">4K (3840 \u00d7 2160) \/ 6M (3072 \u00d7 2048) \/ 5M (3072&#215;1728) \/ 5M (2592 \u00d7 1944) \/ 4M (2688 \u00d7 1520) \/ 3M (2048&#215;1536) \/ 3M (2304 \u00d7 1296) \/ 1080P (1920 \u00d7 1080) ) \/ 1,3M (1280&#215;960) \/ 720P (1280 \u00d7 720) \/ D1 (704 \u00d7 576\/704 \u00d7 480) \/<\/p>\n<p>VGA (640 \u00d7 480) \/ CIF (352 \u00d7 288\/352 \u00d7 240)<\/td>\n<\/tr>\n<tr>\n<td colspan=\"18\" rowspan=\"3\">Taux de trame<\/td>\n<td colspan=\"42\">Flux principal: 4K (1 ~ 15fps) \/ 3M (1 ~ 25 \/ 30fps)<\/td>\n<\/tr>\n<tr>\n<td colspan=\"42\">Sous flux: D1 (1 ~ 25 \/ 30fps)<\/td>\n<\/tr>\n<tr>\n<td colspan=\"42\">Troisi\u00e8me flux: 720p (1 ~ 25 \/ 30fps)<\/td>\n<\/tr>\n<tr>\n<td colspan=\"18\">Contr\u00f4le du d\u00e9bit binaire<\/td>\n<td colspan=\"42\">CBR \/ VBR<\/td>\n<\/tr>\n<tr>\n<td colspan=\"18\">D\u00e9bit binaire<\/td>\n<td colspan=\"42\">H.264: 24K ~ 10240Kbps H.265: 14K ~ 9984Kbps<\/td>\n<\/tr>\n<\/tbody>\n<\/table>\n<\/div>\n<\/div>\n<div id=\"div_left\">\n<div class=\"div-drop\">\n<table id=\"table002\" class=\"NEW-TABLE TableOverride-1 tab-drag\">\n<tbody>\n<tr>\n<td colspan=\"18\">Jour Nuit<\/td>\n<td colspan=\"42\">Auto (ICR) \/ Couleur \/ N \/ B<\/td>\n<\/tr>\n<tr>\n<td colspan=\"18\">Mode BLC<\/td>\n<td colspan=\"42\">BLC \/ HLC \/ WDR<\/td>\n<\/tr>\n<tr>\n<td colspan=\"18\">Balance des blancs<\/td>\n<td colspan=\"42\">Auto \/ Naturel \/ Lampadaire \/ Ext\u00e9rieur \/ Manuel<\/td>\n<\/tr>\n<tr>\n<td colspan=\"18\">Prendre le contr\u00f4le<\/td>\n<td colspan=\"42\">Auto \/ Manuel<\/td>\n<\/tr>\n<tr>\n<td colspan=\"18\">R\u00e9duction de bruit<\/td>\n<td colspan=\"42\">DNR 3D<\/td>\n<\/tr>\n<tr>\n<td colspan=\"18\">D\u00e9tection de mouvement<\/td>\n<td colspan=\"42\">Arr\u00eat \/ Marche (4 zones, rectangle)<\/td>\n<\/tr>\n<tr>\n<td colspan=\"18\">R\u00e9gion d&#8217;int\u00e9r\u00eat<\/td>\n<td colspan=\"42\">Off \/ On (4 zones)<\/td>\n<\/tr>\n<tr>\n<td colspan=\"18\">Stabilisation\u00a0\u00e9lectronique de l&#8217;image\u00a0(EIS)<\/td>\n<td colspan=\"42\">N \/ A<\/td>\n<\/tr>\n<tr>\n<td colspan=\"18\">IR intelligent<\/td>\n<td colspan=\"42\">Soutien<\/td>\n<\/tr>\n<tr>\n<td colspan=\"18\">D\u00e9sembuage<\/td>\n<td colspan=\"42\">N \/ A<\/td>\n<\/tr>\n<tr>\n<td colspan=\"18\">Zoom num\u00e9rique<\/td>\n<td colspan=\"42\">16x<\/td>\n<\/tr>\n<tr>\n<td colspan=\"18\">Flip<\/td>\n<td colspan=\"42\">0 \u00b0 \/ 90 \u00b0 \/ 180 \u00b0 \/ 270 \u00b0<\/td>\n<\/tr>\n<tr>\n<td colspan=\"18\">Miroir<\/td>\n<td colspan=\"42\">\u00c9teint allum\u00e9<\/td>\n<\/tr>\n<tr>\n<td colspan=\"18\">Masquage de confidentialit\u00e9<\/td>\n<td colspan=\"42\">Arr\u00eat \/ Marche (4 zones, rectangle)<\/td>\n<\/tr>\n<tr>\n<td colspan=\"60\">\n<h2><span style=\"font-size: 14pt;\">l&#8217;audio<\/span><\/h2>\n<\/td>\n<\/tr>\n<tr>\n<td colspan=\"18\">Compression<\/td>\n<td colspan=\"42\">G.711a \/ G.711Mu \/ AAC \/ G.726<\/td>\n<\/tr>\n<tr>\n<td colspan=\"60\">\n<h2><span style=\"font-size: 14pt;\">R\u00e9seau<\/span><\/h2>\n<\/td>\n<\/tr>\n<tr>\n<td colspan=\"18\">Ethernet<\/td>\n<td colspan=\"42\">RJ-45 (10 \/ 100Base-T)<\/td>\n<\/tr>\n<tr>\n<td colspan=\"18\">Protocole<\/td>\n<td colspan=\"42\">HTTP;\u00a0HTTPs;\u00a0TCP;\u00a0ARP;\u00a0RTSP;\u00a0RTP;\u00a0UDP;\u00a0SMTP;\u00a0FTP;\u00a0DHCP;\u00a0DNS;\u00a0DDNS;\u00a0PPPOE;\u00a0IPv4 \/ v6;\u00a0QoS;\u00a0UPnP; NTP;\u00a0Bonjour;\u00a0802.1x;\u00a0Multidiffusion;\u00a0ICMP;\u00a0IGMP;\u00a0SNMP<\/td>\n<\/tr>\n<tr>\n<td colspan=\"18\">L&#8217;interop\u00e9rabilit\u00e9<\/td>\n<td colspan=\"42\">ONVIF, PSIA, CGI<\/td>\n<\/tr>\n<tr>\n<td colspan=\"18\">M\u00e9thode de streaming<\/td>\n<td colspan=\"42\">Unicast \/ Multicast<\/td>\n<\/tr>\n<tr>\n<td colspan=\"18\">Max.\u00a0Acc\u00e8s utilisateur<\/td>\n<td colspan=\"42\">10 utilisateurs \/ 20 utilisateurs<\/td>\n<\/tr>\n<tr>\n<td colspan=\"18\">Stockage de bord<\/td>\n<td colspan=\"42\">NAS<\/p>\n<p>PC local pour enregistrement instantan\u00e9<\/p>\n<p>Carte Mirco SD 128Go<\/td>\n<\/tr>\n<tr>\n<td colspan=\"18\">Web Viewer<\/td>\n<td colspan=\"42\">IE, Chrome, Firefox, Safari<\/td>\n<\/tr>\n<tr>\n<td colspan=\"18\">Logiciel de gestion<\/td>\n<td colspan=\"42\">Smart PSS, DSS, Easy4ip<\/td>\n<\/tr>\n<tr>\n<td colspan=\"18\">T\u00e9l\u00e9phone intelligent<\/td>\n<td colspan=\"42\">IOS, Android<\/td>\n<\/tr>\n<tr>\n<td colspan=\"60\">\n<h2><span style=\"font-size: 14pt;\">Certifications<\/span><\/h2>\n<\/td>\n<\/tr>\n<tr>\n<td colspan=\"18\">Certifications<\/td>\n<td colspan=\"42\">CE (EN 60950: 2000)<\/p>\n<p>UL: UL60950-1<\/p>\n<p>FCC: FCC Partie 15, sous-partie B<\/td>\n<\/tr>\n<tr>\n<td colspan=\"60\">\n<h2><span style=\"font-size: 14pt;\">Interface<\/span><\/h2>\n<\/td>\n<\/tr>\n<tr>\n<td colspan=\"18\">Interface vid\u00e9o<\/td>\n<td colspan=\"42\">1 port (pour l&#8217;ajustement seulement)<\/td>\n<\/tr>\n<tr>\n<td colspan=\"18\">Interface audio<\/td>\n<td colspan=\"42\">1\/1 canal In \/ Out<\/td>\n<\/tr>\n<tr>\n<td colspan=\"18\">RS485<\/td>\n<td colspan=\"42\">N \/ A<\/td>\n<\/tr>\n<tr>\n<td colspan=\"18\">Alarme<\/td>\n<td colspan=\"42\">1 canal dans: 5mA 5VDC<\/p>\n<p>1 canal Out: 300mA 12VDC<\/td>\n<\/tr>\n<tr>\n<td colspan=\"60\">\n<h2><span style=\"font-size: 14pt;\">\u00c9lectrique<\/span><\/h2>\n<\/td>\n<\/tr>\n<tr>\n<td colspan=\"18\">Source de courant<\/td>\n<td colspan=\"42\">DC12V, AC24V, PoE + (802.3at) (classe 4)<\/td>\n<\/tr>\n<tr>\n<td colspan=\"18\">Consommation d&#8217;\u00e9nergie<\/td>\n<td colspan=\"42\">&lt;15W<\/td>\n<\/tr>\n<\/tbody>\n<\/table>\n<\/div>\n<\/div>\n<div id=\"div_left\">\n<div class=\"div-drop\">\n<table id=\"table004\" class=\"NEW-TABLE TableOverride-1 tab-drag\">\n<tbody>\n<tr>\n<td colspan=\"60\">\n<h2><span style=\"font-size: 14pt;\">Environnement<\/span><\/h2>\n<\/td>\n<\/tr>\n<tr>\n<td colspan=\"18\">Des conditions de fonctionnement<\/td>\n<td colspan=\"42\">-30 \u00b0 C ~ + 60 \u00b0 C \/ moins de 95% d&#8217;humidit\u00e9 relative<\/td>\n<\/tr>\n<tr>\n<td colspan=\"18\">Conditions de Strorage<\/td>\n<td colspan=\"42\">-30 \u00b0 C ~ + 60 \u00b0 C \/ moins de 95% d&#8217;humidit\u00e9 relative<\/td>\n<\/tr>\n<tr>\n<td colspan=\"18\">Protection contre la p\u00e9n\u00e9tration<\/td>\n<td colspan=\"42\">IP67<\/td>\n<\/tr>\n<tr>\n<td colspan=\"18\">R\u00e9sistance vandale<\/td>\n<td colspan=\"42\">IK10<\/td>\n<\/tr>\n<tr>\n<td colspan=\"60\">\n<h2><span style=\"font-size: 14pt;\">Construction<\/span><\/h2>\n<\/td>\n<\/tr>\n<tr>\n<td colspan=\"18\">Enveloppe<\/td>\n<td colspan=\"42\">M\u00e9tal<\/td>\n<\/tr>\n<tr>\n<td colspan=\"18\">Dimensions<\/td>\n<td colspan=\"42\">.1159,1mm \u00d7 117,9mm (6,26\u00a0\u201d\u00a0\u00d7 4,64\u00a0\u201d\u00a0)<\/td>\n<\/tr>\n<tr>\n<td colspan=\"18\">Poids net<\/td>\n<td colspan=\"42\">0,95 kg (2,09 lb)<\/td>\n<\/tr>\n<tr>\n<td colspan=\"18\">Poids brut<\/td>\n<td colspan=\"42\">1,20 kg (2,65 lb)<\/td>\n<\/tr>\n<\/tbody>\n<\/table>\n<\/div>\n<\/div>\n<div id=\"gtx-trans\" style=\"position: absolute; left: 29px; top: 663.266px;\"><\/div>\n","protected":false},"excerpt":{"rendered":"<p class=\"text\" data-v-c786ec5e=\"\"><span style=\"color: #000000;\"><strong>Cam\u00e9ra r\u00e9seau d\u00f4me IR 8MP WDR<\/strong><\/span><\/p>\n<ul>\n<li>STARVIS \u2122 CMOS \u00e0 balayage progressif 8\u00a0m\u00e9gapixels&gt;<\/li>\n<li>Encodage double flux H.265 &amp; H.264<\/li>\n<li>15ips \/ 4K (3840 \u00d7 2160), 25\/30 images \/ s \u00e0 3M (2304 \u00d7 1296)<\/li>\n<li>Jour \/ Nuit (ICR), 3DNR , AWB, AGC, BLC<\/li>\n<li>Surveillance de r\u00e9seaux multiples: visionneuse Web, CMS (DSS \/ PSS) et DMSS<\/li>\n<li>Objectif\u00a0motoris\u00e9\u00a02,7mm\u00a0~ 12mm<\/li>\n<li>Max.\u00a0LED IR longueur 50m<\/li>\n<li>M\u00e9moire carte Micro SD, IP67, IK10, PoE +<\/li>\n<\/ul>\n<p><img decoding=\"async\" class=\"alignnone size-medium wp-image-5365\" src=\"http:\/\/tthcompany.com\/wp-content\/uploads\/2020\/10\/IPC-HFW4831TP-ASE-300x32.png\" alt=\"Camera ip 8mp ++\" width=\"300\" height=\"32\" \/><\/p>\n","protected":false},"featured_media":19013,"comment_status":"open","ping_status":"closed","template":"","meta":{"om_disable_all_campaigns":false,"_monsterinsights_skip_tracking":false,"_monsterinsights_sitenote_active":false,"_monsterinsights_sitenote_note":"","_monsterinsights_sitenote_category":0},"product_cat":[673,303,451,302,445,686],"product_tag":[205,260,261,262,210,263,264,211,228,212,213,265,214,229,193,216,195,218,196,272,197,198,199,220,241,200,201,222,282,283,284,688,285,286,224,225,226,292],"class_list":{"0":"post-19087","1":"product","2":"type-product","3":"status-publish","4":"has-post-thumbnail","6":"product_cat-8mp-zoom","7":"product_cat-cameras-ip","8":"product_cat-detection-facial","9":"product_cat-produits-ip","10":"product_cat-zoom-cameras-ip","11":"product_cat-zoom-8mp-serie-pro","12":"product_tag-alarme","13":"product_tag-camera-de-surveillance-tanger","14":"product_tag-camera-ip-dahua","15":"product_tag-camera-maroc","16":"product_tag-camera-surveillance-afrique","17":"product_tag-camera-surveillance-avec-un-bon-prix","18":"product_tag-camera-surveillance-casablanca","19":"product_tag-camera-surveillance-dahua","20":"product_tag-camera-surveillance-maroc","21":"product_tag-camera-surveillance-tanger","22":"product_tag-camera-dahua","23":"product_tag-control-dacces-tanger","24":"product_tag-dahua-afrique","25":"product_tag-dahua-agadir","26":"product_tag-dahua-casablanca","27":"product_tag-dahua-el-jadida","28":"product_tag-dahua-fes","29":"product_tag-dahua-hoceima","30":"product_tag-dahua-kenitra","31":"product_tag-dahua-laayoune","32":"product_tag-dahua-maroc","33":"product_tag-dahua-marrakech","34":"product_tag-dahua-meknes","35":"product_tag-dahua-nador","36":"product_tag-dahua-oujda","37":"product_tag-dahua-rabat","38":"product_tag-dahua-tanger","39":"product_tag-dahua-tetouan","40":"product_tag-distributeur-dahua","41":"product_tag-installation-alarme","42":"product_tag-installations-camera-de-surveillance-maroc","43":"product_tag-ipc-hdbw5831e-ze","44":"product_tag-moniteur-dimage","45":"product_tag-pack-camera-de-surveillance","46":"product_tag-pack-camera-de-surveillance-dahua","47":"product_tag-pointeuse","48":"product_tag-smart-lock","49":"product_tag-video-surveillance-tanger","50":"ts_product_brand-dahua","52":"first","53":"instock","54":"shipping-taxable","55":"purchasable","56":"product-type-simple","57":"add-to-wishlist-after_add_to_cart"},"aioseo_notices":[],"_links":{"self":[{"href":"https:\/\/tthcompany.ma\/index.php\/wp-json\/wp\/v2\/product\/19087","targetHints":{"allow":["GET"]}}],"collection":[{"href":"https:\/\/tthcompany.ma\/index.php\/wp-json\/wp\/v2\/product"}],"about":[{"href":"https:\/\/tthcompany.ma\/index.php\/wp-json\/wp\/v2\/types\/product"}],"replies":[{"embeddable":true,"href":"https:\/\/tthcompany.ma\/index.php\/wp-json\/wp\/v2\/comments?post=19087"}],"wp:featuredmedia":[{"embeddable":true,"href":"https:\/\/tthcompany.ma\/index.php\/wp-json\/wp\/v2\/media\/19013"}],"wp:attachment":[{"href":"https:\/\/tthcompany.ma\/index.php\/wp-json\/wp\/v2\/media?parent=19087"}],"wp:term":[{"taxonomy":"product_cat","embeddable":true,"href":"https:\/\/tthcompany.ma\/index.php\/wp-json\/wp\/v2\/product_cat?post=19087"},{"taxonomy":"product_tag","embeddable":true,"href":"https:\/\/tthcompany.ma\/index.php\/wp-json\/wp\/v2\/product_tag?post=19087"}],"curies":[{"name":"wp","href":"https:\/\/api.w.org\/{rel}","templated":true}]}}