{"id":19085,"date":"2022-08-17T10:16:08","date_gmt":"2022-08-17T10:16:08","guid":{"rendered":"https:\/\/tthcompany.ma\/?post_type=product&#038;p=19085"},"modified":"2023-03-15T10:35:08","modified_gmt":"2023-03-15T10:35:08","slug":"ipc-hdbw4831e-ase","status":"publish","type":"product","link":"https:\/\/tthcompany.ma\/index.php\/product\/ipc-hdbw4831e-ase\/","title":{"rendered":"IPC-HDBW4831EP-ASE"},"content":{"rendered":"<div id=\"div_left\">\n<div class=\"div-drop\">\n<table id=\"table001\" class=\"NEW-TABLE TableOverride-1 tab-drag\">\n<tbody>\n<tr>\n<td colspan=\"60\">\n<h2><span style=\"font-size: 14pt;\">Cam\u00e9ra<\/span><\/h2>\n<\/td>\n<\/tr>\n<tr>\n<td colspan=\"18\">Capteur d&#8217;image<\/td>\n<td colspan=\"42\">1\/2.\u00a0CMOS \u00e0 balayage progressif\u00a05\u00a0\u201d\u00a08\u00a0m\u00e9gapixels<\/td>\n<\/tr>\n<tr>\n<td colspan=\"18\">Pixels efficaces<\/td>\n<td colspan=\"42\">3840 (H) x 2160 (V)<\/td>\n<\/tr>\n<tr>\n<td colspan=\"18\">RAM \/ ROM<\/td>\n<td colspan=\"42\">512 Mo \/ 32 Mo<\/td>\n<\/tr>\n<tr>\n<td colspan=\"18\">Syst\u00e8me de num\u00e9risation<\/td>\n<td colspan=\"42\">Progressive<\/td>\n<\/tr>\n<tr>\n<td colspan=\"18\">Vitesse d&#8217;obturation \u00e9lectronique<\/td>\n<td colspan=\"42\">Auto \/ Manuel, 1\/3 (4) ~ 1 \/ 100000s<\/td>\n<\/tr>\n<tr>\n<td colspan=\"18\">Illumination minimale<\/td>\n<td colspan=\"42\">0.03Lux \/ F2.5 (Couleur, 1\/3 s, 30IRE)<\/p>\n<p>0.3Lux \/ F2.5 (couleur, 1\/30, 30IRE)<\/p>\n<p>0Lux \/ F2.5 (IR activ\u00e9)<\/td>\n<\/tr>\n<tr>\n<td colspan=\"18\">Ratio S \/ N<\/td>\n<td colspan=\"42\">Plus que 50dB<\/td>\n<\/tr>\n<tr>\n<td colspan=\"18\">Distance IR<\/td>\n<td colspan=\"42\">Distance jusqu&#8217;\u00e0 30m<\/td>\n<\/tr>\n<tr>\n<td colspan=\"18\">Contr\u00f4le IR On \/ Off<\/td>\n<td colspan=\"42\">Auto \/ Manuel<\/td>\n<\/tr>\n<tr>\n<td colspan=\"18\">LED IR<\/td>\n<td colspan=\"42\">18<\/td>\n<\/tr>\n<tr>\n<td colspan=\"60\">\n<h2><span style=\"font-size: 14pt;\">Capture<\/span><\/h2>\n<\/td>\n<\/tr>\n<tr>\n<td colspan=\"18\">Type de lentille<\/td>\n<td colspan=\"42\">Fix\u00e9<\/td>\n<\/tr>\n<tr>\n<td colspan=\"18\">Type de montage<\/td>\n<td colspan=\"42\">Embarquement<\/td>\n<\/tr>\n<tr>\n<td colspan=\"18\">Distance focale<\/td>\n<td colspan=\"42\">2,8\u00a0mm\u00a0<span lang=\"zh-CN\">(4\u00a0<\/span>mm en option\u00a0<span lang=\"zh-CN\">)<\/span><\/td>\n<\/tr>\n<tr>\n<td colspan=\"18\">Max.\u00a0Ouverture<\/td>\n<td colspan=\"42\">F2.5 (F2.2)<\/td>\n<\/tr>\n<tr>\n<td colspan=\"18\">Angle de vue<\/td>\n<td colspan=\"42\">H: 112 \u00b0 (88 \u00b0), V: 69 \u00b0 (48 \u00b0)<\/td>\n<\/tr>\n<tr>\n<td colspan=\"18\">Zoom optique<\/td>\n<td colspan=\"42\">N \/ A<\/td>\n<\/tr>\n<tr>\n<td colspan=\"18\">Contr\u00f4le de la mise au point<\/td>\n<td colspan=\"42\">Fix\u00e9<\/td>\n<\/tr>\n<tr>\n<td colspan=\"18\">Distance de mise au point proche<\/td>\n<td colspan=\"42\">0,9 m (1,7 m)<\/td>\n<\/tr>\n<tr>\n<td colspan=\"18\" rowspan=\"3\">DORI Distance<\/td>\n<td colspan=\"8\">Lentille<\/td>\n<td colspan=\"8\">D\u00e9tecter<\/td>\n<td colspan=\"8\">Observer<\/td>\n<td colspan=\"8\">Reconna\u00eetre<\/td>\n<td colspan=\"10\">Identifier<\/td>\n<\/tr>\n<tr>\n<td colspan=\"8\">2,8 mm<\/td>\n<td colspan=\"8\">69m (226ft)<\/td>\n<td colspan=\"8\">28m<\/td>\n<td colspan=\"8\">14m<\/td>\n<td colspan=\"10\">7m (23ft)<\/td>\n<\/tr>\n<tr>\n<td colspan=\"8\">4,0 mm<\/td>\n<td colspan=\"8\">89m (292ft)<\/td>\n<td colspan=\"8\">36m<\/td>\n<td colspan=\"8\">18m<\/td>\n<td colspan=\"10\">9m (30ft)<\/td>\n<\/tr>\n<tr>\n<td colspan=\"60\">\n<h2><span style=\"font-size: 14pt;\">Pan \/ Tilt \/ Rotation<\/span><\/h2>\n<\/td>\n<\/tr>\n<tr>\n<td colspan=\"18\">Pan \/ Tilt \/ Rotation Range<\/td>\n<td colspan=\"42\">Pan: 0 ~ 355\u02da;\u00a0Inclinaison: 0\u02da ~ 64\u02da;\u00a0Rotation: 0\u02da ~ 355\u02da<\/td>\n<\/tr>\n<tr>\n<td colspan=\"60\">\n<h2><span style=\"font-size: 14pt;\">Intelligence<\/span><\/h2>\n<\/td>\n<\/tr>\n<tr>\n<td colspan=\"18\">IVS<\/td>\n<td colspan=\"42\">Tripwire, Intrusion, Objet abandonn\u00e9 \/ manquant<\/td>\n<\/tr>\n<tr>\n<td colspan=\"18\">Fonctions intelligentes avanc\u00e9es<\/td>\n<td colspan=\"42\">D\u00e9tection facial<\/td>\n<\/tr>\n<tr>\n<td colspan=\"60\">\n<h2><span style=\"font-size: 14pt;\">Vid\u00e9o<\/span><\/h2>\n<\/td>\n<\/tr>\n<tr>\n<td colspan=\"18\">Compression<\/td>\n<td colspan=\"42\">H.265 + \/ H.265 \/ H.264 + \/ H.264<\/td>\n<\/tr>\n<tr>\n<td colspan=\"18\">Capacit\u00e9 de streaming<\/td>\n<td colspan=\"42\">3 flux<\/td>\n<\/tr>\n<tr>\n<td colspan=\"18\">R\u00e9solution<\/td>\n<td colspan=\"42\">4K (3840 \u00d7 2160) \/ 6M (3072 \u00d7 2048) \/ 5M (2560 \u00d7 1920) \/<\/p>\n<p>3M (2048&#215;1536) \/ 3M (2304 \u00d7 1296) \/<\/p>\n<p>1080P (1920 \u00d7 1080) \/ 1,3M (1280&#215;960) \/<\/p>\n<p>720P (1280 \u00d7 720) \/ D1 (704 \u00d7 576\/704 \u00d7 480) \/ VGA (640 \u00d7 480) \/ CIF (352 \u00d7 288\/352 \u00d7 240)<\/td>\n<\/tr>\n<tr>\n<td colspan=\"18\" rowspan=\"3\">Taux de trame<\/td>\n<td colspan=\"42\">Flux principal: 4K (1 ~ 15fps) \/ 3M (1 ~ 25 \/ 30fps)<\/td>\n<\/tr>\n<tr>\n<td colspan=\"42\">Sous flux: D1 (1 ~ 25 \/ 30fps)<\/td>\n<\/tr>\n<tr>\n<td colspan=\"42\">Troisi\u00e8me flux: 1080p (1 ~ 25 \/ 30fps)<\/td>\n<\/tr>\n<tr>\n<td colspan=\"18\">Contr\u00f4le du d\u00e9bit binaire<\/td>\n<td colspan=\"42\">CBR \/ VBR<\/td>\n<\/tr>\n<tr>\n<td colspan=\"18\">D\u00e9bit binaire<\/td>\n<td colspan=\"42\">H.264: 24K ~ 10240Kbps<\/p>\n<p>H.265: 14K ~ 9984Kbps<\/td>\n<\/tr>\n<tr>\n<td colspan=\"18\">Jour Nuit<\/td>\n<td colspan=\"42\">Auto (ICR) \/ Couleur \/ N \/ B<\/td>\n<\/tr>\n<tr>\n<td colspan=\"18\">Mode BLC<\/td>\n<td colspan=\"42\">BLC \/ HLC \/ WDR (120dB)<\/td>\n<\/tr>\n<\/tbody>\n<\/table>\n<\/div>\n<\/div>\n<div id=\"div_left\">\n<div class=\"div-drop\">\n<table id=\"table002\" class=\"NEW-TABLE TableOverride-1 tab-drag\" style=\"width: 100.448%;\">\n<tbody>\n<tr>\n<td style=\"width: 44.3149%;\" colspan=\"18\">Balance des blancs<\/td>\n<td style=\"width: 22.3032%;\" colspan=\"42\">Auto \/ Naturel \/ Lampadaire \/ Ext\u00e9rieur \/ Manuel<\/td>\n<\/tr>\n<tr>\n<td style=\"width: 44.3149%;\" colspan=\"18\">Prendre le contr\u00f4le<\/td>\n<td style=\"width: 22.3032%;\" colspan=\"42\">Auto \/ Manuel<\/td>\n<\/tr>\n<tr>\n<td style=\"width: 44.3149%;\" colspan=\"18\">R\u00e9duction de bruit<\/td>\n<td style=\"width: 22.3032%;\" colspan=\"42\">DNR 3D<\/td>\n<\/tr>\n<tr>\n<td style=\"width: 44.3149%;\" colspan=\"18\">D\u00e9tection de mouvement<\/td>\n<td style=\"width: 22.3032%;\" colspan=\"42\">Arr\u00eat \/ Marche (4 zones, rectangle)<\/td>\n<\/tr>\n<tr>\n<td style=\"width: 44.3149%;\" colspan=\"18\">R\u00e9gion d&#8217;int\u00e9r\u00eat<\/td>\n<td style=\"width: 22.3032%;\" colspan=\"42\">Off \/ On (4 zones)<\/td>\n<\/tr>\n<tr>\n<td style=\"width: 44.3149%;\" colspan=\"18\">Stabilisation\u00a0\u00e9lectronique de l&#8217;image\u00a0(EIS)<\/td>\n<td style=\"width: 22.3032%;\" colspan=\"42\">N \/ A<\/td>\n<\/tr>\n<tr>\n<td style=\"width: 44.3149%;\" colspan=\"18\">IR intelligent<\/td>\n<td style=\"width: 22.3032%;\" colspan=\"42\">Soutien<\/td>\n<\/tr>\n<tr>\n<td style=\"width: 44.3149%;\" colspan=\"18\">D\u00e9sembuage<\/td>\n<td style=\"width: 22.3032%;\" colspan=\"42\">N \/ A<\/td>\n<\/tr>\n<tr>\n<td style=\"width: 44.3149%;\" colspan=\"18\">Zoom num\u00e9rique<\/td>\n<td style=\"width: 22.3032%;\" colspan=\"42\">16x<\/td>\n<\/tr>\n<tr>\n<td style=\"width: 44.3149%;\" colspan=\"18\">Flip<\/td>\n<td style=\"width: 22.3032%;\" colspan=\"42\">0 \u00b0 \/ 90 \u00b0 \/ 180 \u00b0 \/ 270 \u00b0<\/td>\n<\/tr>\n<tr>\n<td style=\"width: 44.3149%;\" colspan=\"18\">Miroir<\/td>\n<td style=\"width: 22.3032%;\" colspan=\"42\">\u00c9teint allum\u00e9<\/td>\n<\/tr>\n<tr>\n<td style=\"width: 44.3149%;\" colspan=\"18\">Masquage de confidentialit\u00e9<\/td>\n<td style=\"width: 22.3032%;\" colspan=\"42\">Arr\u00eat \/ Marche (4 zones, rectangle)<\/td>\n<\/tr>\n<tr>\n<td style=\"width: 66.6181%;\" colspan=\"60\">\n<h2><span style=\"font-size: 14pt;\">l&#8217;audio<\/span><\/h2>\n<\/td>\n<\/tr>\n<tr>\n<td style=\"width: 44.3149%;\" colspan=\"18\">Compression<\/td>\n<td style=\"width: 22.3032%;\" colspan=\"42\">G.711a \/ G.711Mu \/ AAC \/ G.726<\/td>\n<\/tr>\n<tr>\n<td style=\"width: 66.6181%;\" colspan=\"60\">\n<h2><span style=\"font-size: 14pt;\">R\u00e9seau<\/span><\/h2>\n<\/td>\n<\/tr>\n<tr>\n<td style=\"width: 44.3149%;\" colspan=\"18\">Ethernet<\/td>\n<td style=\"width: 22.3032%;\" colspan=\"42\">RJ-45 (10 \/ 100Base-T)<\/td>\n<\/tr>\n<tr>\n<td style=\"width: 44.3149%;\" colspan=\"18\">Protocole<\/td>\n<td style=\"width: 22.3032%;\" colspan=\"42\">HTTP;\u00a0HTTPs;\u00a0TCP;\u00a0ARP;\u00a0RTSP;\u00a0RTP;\u00a0UDP;\u00a0SMTP;<\/p>\n<p>FTP;\u00a0DHCP;\u00a0DNS;\u00a0DDNS;\u00a0PPPOE;\u00a0IPv4 \/ v6;\u00a0QoS;<\/p>\n<p>UPnP; NTP;\u00a0Bonjour;\u00a0802.1x;\u00a0Multidiffusion;\u00a0ICMP;<\/p>\n<p>IGMP;\u00a0SNMP<\/td>\n<\/tr>\n<tr>\n<td style=\"width: 44.3149%;\" colspan=\"18\">L&#8217;interop\u00e9rabilit\u00e9<\/td>\n<td style=\"width: 22.3032%;\" colspan=\"42\">ONVIF, PSIA, CGI<\/td>\n<\/tr>\n<tr>\n<td style=\"width: 44.3149%;\" colspan=\"18\">M\u00e9thode de streaming<\/td>\n<td style=\"width: 22.3032%;\" colspan=\"42\">Unicast \/ Multicast<\/td>\n<\/tr>\n<tr>\n<td style=\"width: 44.3149%;\" colspan=\"18\">Max.\u00a0Acc\u00e8s utilisateur<\/td>\n<td style=\"width: 22.3032%;\" colspan=\"42\">10 utilisateurs \/ 20 utilisateurs<\/td>\n<\/tr>\n<tr>\n<td style=\"width: 44.3149%;\" colspan=\"18\">Stockage de bord<\/td>\n<td style=\"width: 22.3032%;\" colspan=\"42\">NAS<\/p>\n<p>PC local pour enregistrement instantan\u00e9<\/p>\n<p>Carte Mirco SD 128Go<\/td>\n<\/tr>\n<tr>\n<td style=\"width: 44.3149%;\" colspan=\"18\">Web Viewer<\/td>\n<td style=\"width: 22.3032%;\" colspan=\"42\">IE, Chrome, Firefox, Safari<\/td>\n<\/tr>\n<tr>\n<td style=\"width: 44.3149%;\" colspan=\"18\">Logiciel de gestion<\/td>\n<td style=\"width: 22.3032%;\" colspan=\"42\">Smart PSS, DSS, Easy4ip<\/td>\n<\/tr>\n<tr>\n<td style=\"width: 44.3149%;\" colspan=\"18\">T\u00e9l\u00e9phone intelligent<\/td>\n<td style=\"width: 22.3032%;\" colspan=\"42\">IOS, Android<\/td>\n<\/tr>\n<tr>\n<td style=\"width: 66.6181%;\" colspan=\"60\">\n<h2><span style=\"font-size: 14pt;\">Certifications<\/span><\/h2>\n<\/td>\n<\/tr>\n<tr>\n<td style=\"width: 44.3149%;\" colspan=\"18\">Certifications<\/td>\n<td style=\"width: 22.3032%;\" colspan=\"42\">CE (EN 60950: 2000)<\/p>\n<p>UL: UL60950-1<\/p>\n<p>FCC: FCC Partie 15, sous-partie B<\/td>\n<\/tr>\n<tr>\n<td style=\"width: 66.6181%;\" colspan=\"60\">\n<h2><span style=\"font-size: 14pt;\">Interface<\/span><\/h2>\n<\/td>\n<\/tr>\n<tr>\n<td style=\"width: 44.3149%;\" colspan=\"18\">Interface vid\u00e9o<\/td>\n<td style=\"width: 22.3032%;\" colspan=\"42\">N \/ A<\/td>\n<\/tr>\n<tr>\n<td style=\"width: 44.3149%;\" colspan=\"18\">Interface audio<\/td>\n<td style=\"width: 22.3032%;\" colspan=\"42\">1\/1 canal In \/ Out<\/td>\n<\/tr>\n<tr>\n<td style=\"width: 44.3149%;\" colspan=\"18\">RS485<\/td>\n<td style=\"width: 22.3032%;\" colspan=\"42\">N \/ A<\/td>\n<\/tr>\n<tr>\n<td style=\"width: 44.3149%;\" colspan=\"18\">Alarme<\/td>\n<td style=\"width: 22.3032%;\" colspan=\"42\">1 canal dans: 5mA 5VDC<\/p>\n<p>1 canal Out: 300mA 12VDC<\/td>\n<\/tr>\n<tr>\n<td style=\"width: 66.6181%;\" colspan=\"60\">\n<h2><span style=\"font-size: 14pt;\">\u00c9lectrique<\/span><\/h2>\n<\/td>\n<\/tr>\n<tr>\n<td style=\"width: 44.3149%;\" colspan=\"18\">Source de courant<\/td>\n<td style=\"width: 22.3032%;\" colspan=\"42\">DC12V, PoE (802.3af) (classe 0)<\/td>\n<\/tr>\n<tr>\n<td style=\"width: 44.3149%;\" colspan=\"18\">Consommation d&#8217;\u00e9nergie<\/td>\n<td style=\"width: 22.3032%;\" colspan=\"42\">&lt;5.2W<\/td>\n<\/tr>\n<\/tbody>\n<\/table>\n<\/div>\n<\/div>\n<div id=\"div_left\">\n<div class=\"div-drop\">\n<table id=\"table004\" class=\"NEW-TABLE TableOverride-1 tab-drag\">\n<tbody>\n<tr>\n<td colspan=\"60\">\n<h2><span style=\"font-size: 14pt;\">Environnement<\/span><\/h2>\n<\/td>\n<\/tr>\n<tr>\n<td colspan=\"18\">Des conditions de fonctionnement<\/td>\n<td colspan=\"42\">-40 \u00b0 C ~ + 60 \u00b0 C \/ moins de 95% HR<\/td>\n<\/tr>\n<tr>\n<td colspan=\"18\">Conditions de Strorage<\/td>\n<td colspan=\"42\">-40 \u00b0 C ~ + 60 \u00b0 C \/ moins de 95% HR<\/td>\n<\/tr>\n<tr>\n<td colspan=\"18\">Protection contre la p\u00e9n\u00e9tration<\/td>\n<td colspan=\"42\">IP67<\/td>\n<\/tr>\n<tr>\n<td colspan=\"18\">R\u00e9sistance vandale<\/td>\n<td colspan=\"42\">IK10<\/td>\n<\/tr>\n<tr>\n<td colspan=\"60\">\n<h2><span style=\"font-size: 14pt;\">Construction<\/span><\/h2>\n<\/td>\n<\/tr>\n<tr>\n<td colspan=\"18\">Enveloppe<\/td>\n<td colspan=\"42\">M\u00e9tal<\/td>\n<\/tr>\n<tr>\n<td colspan=\"18\">Dimensions<\/td>\n<td colspan=\"42\">109.9mm \u00d7 81mm (4.33\u00a0&#8221;\u00a0\u00d7 3.19\u00a0&#8221;\u00a0)<\/td>\n<\/tr>\n<tr>\n<td colspan=\"18\">Poids net<\/td>\n<td colspan=\"42\">0,41 kg (0,91 lb)<\/td>\n<\/tr>\n<tr>\n<td colspan=\"18\">Poids brut<\/td>\n<td colspan=\"42\">0,53 kg (1,17 lb)<\/td>\n<\/tr>\n<\/tbody>\n<\/table>\n<\/div>\n<\/div>\n","protected":false},"excerpt":{"rendered":"<h1 class=\"text\"><span style=\"color: #000000; font-size: 10pt; font-family: georgia, palatino, serif;\"><strong>Cam\u00e9ra r\u00e9seau Mini D\u00f4me IR 8MP<\/strong><\/span><\/h1>\n<ul>\n<li>STARVISTM CMOS \u00e0 balayage progressif 8 m\u00e9gapixels<\/li>\n<li>Encodage triple flux H.265 &amp; H.264<\/li>\n<li>15 ips \u00e0 4K (3840 \u00d7 2160), 25\/30 images par seconde \u00e0 3M (2304 \u00d7 1296)<\/li>\n<li>D\u00e9tection intelligente prise en charge<\/li>\n<li>WDR (120dB), Jour \/ Nuit (ICR), 3DNR, AWB, AGC, BLC<\/li>\n<li>Surveillance de r\u00e9seaux multiples: Web Viewer, CMS (DSS \/ PSS) et DMSS<\/li>\n<li>Objectif 2,8\u00a0mm fixe (4 mm en option)<\/li>\n<li>1\/1 Alarm in \/ out, 1 \/ 1 entr\u00e9e \/ sortie audio<\/li>\n<li>Max.\u00a0LED IR longueur 30m<\/li>\n<li>M\u00e9moire Micro SD, IP67, IK10, PoE<\/li>\n<\/ul>\n","protected":false},"featured_media":18947,"comment_status":"open","ping_status":"closed","template":"","meta":{"om_disable_all_campaigns":false,"_monsterinsights_skip_tracking":false,"_monsterinsights_sitenote_active":false,"_monsterinsights_sitenote_note":"","_monsterinsights_sitenote_category":0},"product_cat":[304,676,303,451,302,684],"product_tag":[204,205,206,260,207,208,261,262,210,263,264,211,228,212,213,189,265,214,229,191,230,193,216,195,218,240,196,272,197,198,199,220,241,200,201,222,282,283,284,685,285,286,224,225,226,292],"class_list":{"0":"post-19085","1":"product","2":"type-product","3":"status-publish","4":"has-post-thumbnail","6":"product_cat-camera-fixe","7":"product_cat-cameras-8mp","8":"product_cat-cameras-ip","9":"product_cat-detection-facial","10":"product_cat-produits-ip","11":"product_cat-serie-pro-cameras-8mp","12":"product_tag-afrique-du-sud","13":"product_tag-alarme","14":"product_tag-camera","15":"product_tag-camera-de-surveillance-tanger","16":"product_tag-camera-hdcvi","17":"product_tag-camera-ip","18":"product_tag-camera-ip-dahua","19":"product_tag-camera-maroc","20":"product_tag-camera-surveillance-afrique","21":"product_tag-camera-surveillance-avec-un-bon-prix","22":"product_tag-camera-surveillance-casablanca","23":"product_tag-camera-surveillance-dahua","24":"product_tag-camera-surveillance-maroc","25":"product_tag-camera-surveillance-tanger","26":"product_tag-camera-dahua","27":"product_tag-camera-dahua-sd59230t-hn","28":"product_tag-control-dacces-tanger","29":"product_tag-dahua-afrique","30":"product_tag-dahua-agadir","31":"product_tag-dahua-algerie","32":"product_tag-dahua-camera-4mp","33":"product_tag-dahua-casablanca","34":"product_tag-dahua-el-jadida","35":"product_tag-dahua-fes","36":"product_tag-dahua-hoceima","37":"product_tag-dahua-jadida","38":"product_tag-dahua-kenitra","39":"product_tag-dahua-laayoune","40":"product_tag-dahua-maroc","41":"product_tag-dahua-marrakech","42":"product_tag-dahua-meknes","43":"product_tag-dahua-nador","44":"product_tag-dahua-oujda","45":"product_tag-dahua-rabat","46":"product_tag-dahua-tanger","47":"product_tag-dahua-tetouan","48":"product_tag-distributeur-dahua","49":"product_tag-installation-alarme","50":"product_tag-installations-camera-de-surveillance-maroc","51":"product_tag-ipc-hdbw4831e-ase","52":"product_tag-moniteur-dimage","53":"product_tag-pack-camera-de-surveillance","54":"product_tag-pack-camera-de-surveillance-dahua","55":"product_tag-pointeuse","56":"product_tag-smart-lock","57":"product_tag-video-surveillance-tanger","58":"ts_product_brand-dahua","60":"first","61":"instock","62":"shipping-taxable","63":"purchasable","64":"product-type-simple","65":"add-to-wishlist-after_add_to_cart"},"aioseo_notices":[],"_links":{"self":[{"href":"https:\/\/tthcompany.ma\/index.php\/wp-json\/wp\/v2\/product\/19085","targetHints":{"allow":["GET"]}}],"collection":[{"href":"https:\/\/tthcompany.ma\/index.php\/wp-json\/wp\/v2\/product"}],"about":[{"href":"https:\/\/tthcompany.ma\/index.php\/wp-json\/wp\/v2\/types\/product"}],"replies":[{"embeddable":true,"href":"https:\/\/tthcompany.ma\/index.php\/wp-json\/wp\/v2\/comments?post=19085"}],"wp:featuredmedia":[{"embeddable":true,"href":"https:\/\/tthcompany.ma\/index.php\/wp-json\/wp\/v2\/media\/18947"}],"wp:attachment":[{"href":"https:\/\/tthcompany.ma\/index.php\/wp-json\/wp\/v2\/media?parent=19085"}],"wp:term":[{"taxonomy":"product_cat","embeddable":true,"href":"https:\/\/tthcompany.ma\/index.php\/wp-json\/wp\/v2\/product_cat?post=19085"},{"taxonomy":"product_tag","embeddable":true,"href":"https:\/\/tthcompany.ma\/index.php\/wp-json\/wp\/v2\/product_tag?post=19085"}],"curies":[{"name":"wp","href":"https:\/\/api.w.org\/{rel}","templated":true}]}}